{"id":128,"date":"2023-02-15T20:45:15","date_gmt":"2023-02-15T20:45:15","guid":{"rendered":"https:\/\/carreras.uleam.edu.ec\/extension-sucre\/?page_id=128"},"modified":"2025-03-14T21:21:47","modified_gmt":"2025-03-14T21:21:47","slug":"carrera-turismo","status":"publish","type":"page","link":"https:\/\/carreras.uleam.edu.ec\/extension-sucre\/carrera-turismo\/","title":{"rendered":"Carrera Turismo"},"content":{"rendered":"\t\t<div data-elementor-type=\"wp-page\" data-elementor-id=\"128\" class=\"elementor elementor-128\" data-elementor-settings=\"[]\">\n\t\t\t\t\t\t\t<div class=\"elementor-section-wrap\">\n\t\t\t\t\t\t\t<section class=\"elementor-section elementor-top-section elementor-element elementor-element-726c6e6 elementor-section-boxed elementor-section-height-default elementor-section-height-default\" data-id=\"726c6e6\" data-element_type=\"section\">\n\t\t\t\t\t\t<div class=\"elementor-container elementor-column-gap-default\">\n\t\t\t\t\t<div class=\"elementor-column elementor-col-100 elementor-top-column elementor-element elementor-element-8548ec0\" data-id=\"8548ec0\" data-element_type=\"column\">\n\t\t\t<div class=\"elementor-widget-wrap elementor-element-populated\">\n\t\t\t\t\t\t\t\t<div class=\"elementor-element elementor-element-bd613bc elementor-tabs-view-horizontal elementor-widget elementor-widget-tabs\" data-id=\"bd613bc\" data-element_type=\"widget\" data-widget_type=\"tabs.default\">\n\t\t\t\t<div class=\"elementor-widget-container\">\n\t\t\t\t\t<div class=\"elementor-tabs\">\n\t\t\t<div class=\"elementor-tabs-wrapper\" role=\"tablist\" >\n\t\t\t\t\t\t\t\t\t<div id=\"elementor-tab-title-1981\" class=\"elementor-tab-title elementor-tab-desktop-title\" aria-selected=\"true\" data-tab=\"1\" role=\"tab\" tabindex=\"0\" aria-controls=\"elementor-tab-content-1981\" aria-expanded=\"false\">Descripci\u00f3n General de la Carrera<\/div>\n\t\t\t\t\t\t\t\t\t<div id=\"elementor-tab-title-1982\" class=\"elementor-tab-title elementor-tab-desktop-title\" aria-selected=\"false\" data-tab=\"2\" role=\"tab\" tabindex=\"-1\" aria-controls=\"elementor-tab-content-1982\" aria-expanded=\"false\">Malla Curricular<\/div>\n\t\t\t\t\t\t\t\t\t<div id=\"elementor-tab-title-1983\" class=\"elementor-tab-title elementor-tab-desktop-title\" aria-selected=\"false\" data-tab=\"3\" role=\"tab\" tabindex=\"-1\" aria-controls=\"elementor-tab-content-1983\" aria-expanded=\"false\">Docentes<\/div>\n\t\t\t\t\t\t\t\t\t<div id=\"elementor-tab-title-1984\" class=\"elementor-tab-title elementor-tab-desktop-title\" aria-selected=\"false\" data-tab=\"4\" role=\"tab\" tabindex=\"-1\" aria-controls=\"elementor-tab-content-1984\" aria-expanded=\"false\">Datos Generales<\/div>\n\t\t\t\t\t\t\t\t\t<div id=\"elementor-tab-title-1985\" class=\"elementor-tab-title elementor-tab-desktop-title\" aria-selected=\"false\" data-tab=\"5\" role=\"tab\" tabindex=\"-1\" aria-controls=\"elementor-tab-content-1985\" aria-expanded=\"false\">Gesti\u00f3n y Proceso Estudiantil<\/div>\n\t\t\t\t\t\t\t<\/div>\n\t\t\t<div class=\"elementor-tabs-content-wrapper\" role=\"tablist\" aria-orientation=\"vertical\">\n\t\t\t\t\t\t\t\t\t<div class=\"elementor-tab-title elementor-tab-mobile-title\" aria-selected=\"true\" data-tab=\"1\" role=\"tab\" tabindex=\"0\" aria-controls=\"elementor-tab-content-1981\" aria-expanded=\"false\">Descripci\u00f3n General de la Carrera<\/div>\n\t\t\t\t\t<div id=\"elementor-tab-content-1981\" class=\"elementor-tab-content elementor-clearfix\" data-tab=\"1\" role=\"tabpanel\" aria-labelledby=\"elementor-tab-title-1981\" tabindex=\"0\" hidden=\"false\"><p>Nombre de la Carrera:\u00a0 \u00a0 \u00a0 \u00a0 \u00a0 \u00a0 \u00a0 \u00a0 \u00a0\u00a0Turismo<\/p><p>T\u00edtulo que otorga:\u00a0 \u00a0 \u00a0 \u00a0 \u00a0 \u00a0 \u00a0 \u00a0 \u00a0 \u00a0 \u00a0 \u00a0 \u00a0 Licenciado\/a en Turismo<\/p><p>Modalidad de aprendizaje:\u00a0 \u00a0 \u00a0 \u00a0 \u00a0 Presencial<\/p><p>N\u00famero de per\u00edodos ordinarios: 8<\/p><p>Objetivo general:<\/p><p style=\"padding-left: 40px;text-align: justify\">Formar profesionales consientes y responsables, capaces de gestionar productos tur\u00edsticos a trav\u00e9s de un proceso formativo integral, para que respondan a las necesidades de los diversos contextos sociales, econ\u00f3micos, culturales y medioambientales, con el fin de aportar estrategias innovadoras para la consecuci\u00f3n del desarrollo sostenible, basados en las pol\u00edticas establecidas en el Plan Nacional del Buen Vivir.<\/p><p>Perfil de ingreso:<\/p><p>Aquellos estudiantes que opten por esta profesi\u00f3n deben poseer el siguiente perfil de ingreso:<\/p><ul><li>Conocimientos b\u00e1sicos de geograf\u00eda y bioseguridad.<\/li><li>Conocimientos generales en administraci\u00f3n, contabilidad y econom\u00eda.<\/li><li>Habilidad en la comunicaci\u00f3n oral, escrita y digital.<\/li><li>Capacidad de investigaci\u00f3n.<\/li><li>Capacidad de an\u00e1lisis l\u00f3gico y matem\u00e1tico.<\/li><li>Manejo de Tics.<\/li><li>Conocimiento b\u00e1sico de ingl\u00e9s.<\/li><li>Demostrar inter\u00e9s por su auto preparaci\u00f3n y formaci\u00f3n profesional.<\/li><li>Trabajar en equipos con diversidad cultural y social.<\/li><\/ul><p>Requisitos de ingreso:<\/p><ul><li>Poseer t\u00edtulo de bachiller o su equivalente.<\/li><li>Haber cumplido los requisitos normados por el Sistema Nacional de Nivelaci\u00f3n y Admisi\u00f3n.<\/li><li>Dos fotos tama\u00f1o carnet a color.<\/li><li>Copia de c\u00e9dula de ciudadan\u00eda y del certificado de votaci\u00f3n para estudiantes nacionales; Pasaporte y documentos que autoriza a la permanencia en el pa\u00eds, para estudiantes extranjeros.<\/li><li>De ser el caso, haber cumplido con los tr\u00e1mites determinados para el reconocimiento y homologaci\u00f3n de estudios en una universidad o escuela polit\u00e9cnica en el pa\u00eds o el extranjero.<\/li><li>Solicitud de matr\u00edcula.<\/li><\/ul><p>Requisitos de graduaci\u00f3n:<\/p><ul><li>Aprobar la malla curricular.<\/li><li>Aprobar las horas de pr\u00e1cticas preprofesionales y vinculaci\u00f3n con la sociedad.<\/li><li>Certificado de Aprobado la suficiencia en ingl\u00e9s, correspondiente al menos en el nivel B1 del Marco Com\u00fan Europeo de referencia para las lenguas.<\/li><li>Aprobar una de las modalidades de titulaci\u00f3n.<\/li><\/ul><p>Modalidades de titulaci\u00f3n:<\/p><p>\u2013 Proyecto de investigaci\u00f3n<\/p><\/div>\n\t\t\t\t\t\t\t\t\t<div class=\"elementor-tab-title elementor-tab-mobile-title\" aria-selected=\"false\" data-tab=\"2\" role=\"tab\" tabindex=\"-1\" aria-controls=\"elementor-tab-content-1982\" aria-expanded=\"false\">Malla Curricular<\/div>\n\t\t\t\t\t<div id=\"elementor-tab-content-1982\" class=\"elementor-tab-content elementor-clearfix\" data-tab=\"2\" role=\"tabpanel\" aria-labelledby=\"elementor-tab-title-1982\" tabindex=\"0\" hidden=\"hidden\"><p><a href=\"https:\/\/carreras.uleam.edu.ec\/extension-sucre\/wp-content\/uploads\/sites\/77\/2023\/02\/0.-Malla-ajuste-curricular-Carrera-Turismo-2022-1.pdf\" target=\"_blank\" rel=\"noopener\"><img loading=\"lazy\" decoding=\"async\" class=\"alignnone wp-image-176 size-large\" src=\"https:\/\/carreras.uleam.edu.ec\/extension-sucre\/wp-content\/uploads\/sites\/77\/2023\/02\/malla-Turismo-1024x696.png\" alt=\"\" width=\"1024\" height=\"696\" srcset=\"https:\/\/carreras.uleam.edu.ec\/extension-sucre\/wp-content\/uploads\/sites\/77\/2023\/02\/malla-Turismo-1024x696.png 1024w, https:\/\/carreras.uleam.edu.ec\/extension-sucre\/wp-content\/uploads\/sites\/77\/2023\/02\/malla-Turismo-300x204.png 300w, https:\/\/carreras.uleam.edu.ec\/extension-sucre\/wp-content\/uploads\/sites\/77\/2023\/02\/malla-Turismo-768x522.png 768w, https:\/\/carreras.uleam.edu.ec\/extension-sucre\/wp-content\/uploads\/sites\/77\/2023\/02\/malla-Turismo-1536x1045.png 1536w, https:\/\/carreras.uleam.edu.ec\/extension-sucre\/wp-content\/uploads\/sites\/77\/2023\/02\/malla-Turismo-2048x1393.png 2048w\" sizes=\"auto, (max-width: 1024px) 100vw, 1024px\" \/><\/a><\/p><\/div>\n\t\t\t\t\t\t\t\t\t<div class=\"elementor-tab-title elementor-tab-mobile-title\" aria-selected=\"false\" data-tab=\"3\" role=\"tab\" tabindex=\"-1\" aria-controls=\"elementor-tab-content-1983\" aria-expanded=\"false\">Docentes<\/div>\n\t\t\t\t\t<div id=\"elementor-tab-content-1983\" class=\"elementor-tab-content elementor-clearfix\" data-tab=\"3\" role=\"tabpanel\" aria-labelledby=\"elementor-tab-title-1983\" tabindex=\"0\" hidden=\"hidden\"><ul><li>LIC. JIMMY CAICEDO COELLO\u00a0\u00a0\u00a0\u00a0\u00a0\u00a0\u00a0\u00a0\u00a0\u00a0\u00a0\u00a0\u00a0\u00a0\u00a0\u00a0\u00a0\u00a0\u00a0\u00a0\u00a0\u00a0\u00a0\u00a0\u00a0\u00a0\u00a0\u00a0\u00a0\u00a0<\/li><li>LIC. LIDA PALADINES POMA<\/li><li>ING. EMILIA GAUTHEROT HERNANDEZ<\/li><li>LIC. FERNANDO VASCONEZ ALVARADO<\/li><li>ING. ELIZABETH ORMAZA ESMERALDAS<\/li><li>ING. FERNANDA NAVAS MOSCOSO<\/li><li>ING. TRAJANO VELASTEGUI CEDE\u00d1O<\/li><li>LIC. VICTOR MERO MARCILLO<\/li><li>LIC. CARLOS CHICA MEDRANDA<\/li><li>ING. ERICKA ALMEIDA LINO<\/li><li>LIC. EURA ZAMBRANO VERA<\/li><li>ABG. LUCIANO FAR\u00cdAS QUIROZ<\/li><li>LIC. EDGAR CHICA GILCES<\/li><li>ING. JAIRO INTRIAGO TORRES<\/li><li>LIC. WILLIAM MENESES PANTOJA<\/li><li>LIC. LEONARDO CENTENO MARTINEZ<\/li><li>LIC. DANIEL VERGARA CEVALLOS\u00a0\u00a0\u00a0\u00a0\u00a0\u00a0\u00a0\u00a0\u00a0\u00a0\u00a0\u00a0\u00a0\u00a0\u00a0\u00a0\u00a0\u00a0\u00a0\u00a0<\/li><li>DRA. JESSICA ZAMBRANO CEDE\u00d1O\u00a0\u00a0\u00a0<\/li><li>ING. VLADIMIR ALVAREZ OJEDA\u00a0\u00a0<\/li><li>DRA. LILIA VILLACIS ZAMBRANO<\/li><\/ul><\/div>\n\t\t\t\t\t\t\t\t\t<div class=\"elementor-tab-title elementor-tab-mobile-title\" aria-selected=\"false\" data-tab=\"4\" role=\"tab\" tabindex=\"-1\" aria-controls=\"elementor-tab-content-1984\" aria-expanded=\"false\">Datos Generales<\/div>\n\t\t\t\t\t<div id=\"elementor-tab-content-1984\" class=\"elementor-tab-content elementor-clearfix\" data-tab=\"4\" role=\"tabpanel\" aria-labelledby=\"elementor-tab-title-1984\" tabindex=\"0\" hidden=\"hidden\"><ul><li style=\"text-align: center\">Lic. Carlos Chica Medranda, Mg.<\/li><li style=\"text-align: center\">COORDINADOR DE CARRERAS<\/li><li style=\"text-align: center\"><a href=\"mailto:carlos.chica@uleam.edu.ec\">carlos.chica@uleam.edu.ec<\/a><br \/><hr \/><\/li><li style=\"text-align: center\">Ing. Cristina Zambrano Pincay<\/li><li style=\"text-align: center\">SECRETARIA<\/li><li style=\"text-align: center\"><a href=\"mailto:cristina.zambrano@uleam.edu.ec\">cristina.zambrano@uleam.edu.ec<\/a><\/li><li style=\"text-align: center\"><hr \/><p>HORARIO DE ATENCI\u00d3N\u00a0<\/p><\/li><li style=\"text-align: center\">08:30 a 17:00<\/li><\/ul><\/div>\n\t\t\t\t\t\t\t\t\t<div class=\"elementor-tab-title elementor-tab-mobile-title\" aria-selected=\"false\" data-tab=\"5\" role=\"tab\" tabindex=\"-1\" aria-controls=\"elementor-tab-content-1985\" aria-expanded=\"false\">Gesti\u00f3n y Proceso Estudiantil<\/div>\n\t\t\t\t\t<div id=\"elementor-tab-content-1985\" class=\"elementor-tab-content elementor-clearfix\" data-tab=\"5\" role=\"tabpanel\" aria-labelledby=\"elementor-tab-title-1985\" tabindex=\"0\" hidden=\"hidden\"><ul><li>\u21d2\u00a0Pr\u00e1cticas Pre-profesionales<\/li><li>\u21d2 <a href=\"https:\/\/departamentos.uleam.edu.ec\/gestion-aseguramiento-calidad\/2019\/04\/08\/matricula\/\">Matr\u00edcula<\/a><\/li><li>\u21d2 <a href=\"https:\/\/departamentos.uleam.edu.ec\/gestion-aseguramiento-calidad\/reingreso-de-estudiantes\/\">Reingreso de estudiantes<\/a><\/li><li>\u21d2 <a href=\"https:\/\/departamentos.uleam.edu.ec\/gestion-aseguramiento-calidad\/homologacion-de-estudios-por-analisis-comparativo-de-contenidos\/\">Homologaci\u00f3n de Estudios por An\u00e1lisis Comparativo de Contenidos<\/a><\/li><\/ul><\/div>\n\t\t\t\t\t\t\t<\/div>\n\t\t<\/div>\n\t\t\t\t<\/div>\n\t\t\t\t<\/div>\n\t\t\t\t\t<\/div>\n\t\t<\/div>\n\t\t\t\t\t\t\t<\/div>\n\t\t<\/section>\n\t\t\t\t\t\t<\/div>\n\t\t\t\t\t<\/div>\n\t\t","protected":false},"excerpt":{"rendered":"<p>Descripci\u00f3n General de la Carrera Malla Curricular Docentes Datos Generales Gesti\u00f3n y Proceso Estudiantil Descripci\u00f3n General de la Carrera Nombre de la Carrera:\u00a0 \u00a0 \u00a0 \u00a0 \u00a0 \u00a0 \u00a0 \u00a0 \u00a0\u00a0Turismo T\u00edtulo que otorga:\u00a0 \u00a0 \u00a0 \u00a0 \u00a0 \u00a0 \u00a0 [&hellip;]<\/p>\n","protected":false},"author":7,"featured_media":0,"parent":0,"menu_order":0,"comment_status":"closed","ping_status":"closed","template":"","meta":{"_acf_changed":false,"footnotes":""},"class_list":["post-128","page","type-page","status-publish","hentry"],"acf":[],"_links":{"self":[{"href":"https:\/\/carreras.uleam.edu.ec\/extension-sucre\/wp-json\/wp\/v2\/pages\/128","targetHints":{"allow":["GET"]}}],"collection":[{"href":"https:\/\/carreras.uleam.edu.ec\/extension-sucre\/wp-json\/wp\/v2\/pages"}],"about":[{"href":"https:\/\/carreras.uleam.edu.ec\/extension-sucre\/wp-json\/wp\/v2\/types\/page"}],"author":[{"embeddable":true,"href":"https:\/\/carreras.uleam.edu.ec\/extension-sucre\/wp-json\/wp\/v2\/users\/7"}],"replies":[{"embeddable":true,"href":"https:\/\/carreras.uleam.edu.ec\/extension-sucre\/wp-json\/wp\/v2\/comments?post=128"}],"version-history":[{"count":17,"href":"https:\/\/carreras.uleam.edu.ec\/extension-sucre\/wp-json\/wp\/v2\/pages\/128\/revisions"}],"predecessor-version":[{"id":280,"href":"https:\/\/carreras.uleam.edu.ec\/extension-sucre\/wp-json\/wp\/v2\/pages\/128\/revisions\/280"}],"wp:attachment":[{"href":"https:\/\/carreras.uleam.edu.ec\/extension-sucre\/wp-json\/wp\/v2\/media?parent=128"}],"curies":[{"name":"wp","href":"https:\/\/api.w.org\/{rel}","templated":true}]}}