{"id":129,"date":"2023-02-15T20:45:32","date_gmt":"2023-02-15T20:45:32","guid":{"rendered":"https:\/\/carreras.uleam.edu.ec\/extension-sucre\/?page_id=129"},"modified":"2025-03-14T21:15:19","modified_gmt":"2025-03-14T21:15:19","slug":"carrera-contabilidad-y-auditoria","status":"publish","type":"page","link":"https:\/\/carreras.uleam.edu.ec\/extension-sucre\/carrera-contabilidad-y-auditoria\/","title":{"rendered":"Carrera Contabilidad y Auditor\u00eda"},"content":{"rendered":"\t\t<div data-elementor-type=\"wp-page\" data-elementor-id=\"129\" class=\"elementor elementor-129\" data-elementor-settings=\"[]\">\n\t\t\t\t\t\t\t<div class=\"elementor-section-wrap\">\n\t\t\t\t\t\t\t<section class=\"elementor-section elementor-top-section elementor-element elementor-element-55cc2b5 elementor-section-boxed elementor-section-height-default elementor-section-height-default\" data-id=\"55cc2b5\" data-element_type=\"section\">\n\t\t\t\t\t\t<div class=\"elementor-container elementor-column-gap-default\">\n\t\t\t\t\t<div class=\"elementor-column elementor-col-100 elementor-top-column elementor-element elementor-element-69d9691\" data-id=\"69d9691\" data-element_type=\"column\">\n\t\t\t<div class=\"elementor-widget-wrap elementor-element-populated\">\n\t\t\t\t\t\t\t\t<div class=\"elementor-element elementor-element-3c68e40 elementor-tabs-view-horizontal elementor-widget elementor-widget-tabs\" data-id=\"3c68e40\" data-element_type=\"widget\" data-widget_type=\"tabs.default\">\n\t\t\t\t<div class=\"elementor-widget-container\">\n\t\t\t\t\t<div class=\"elementor-tabs\">\n\t\t\t<div class=\"elementor-tabs-wrapper\" role=\"tablist\" >\n\t\t\t\t\t\t\t\t\t<div id=\"elementor-tab-title-6331\" class=\"elementor-tab-title elementor-tab-desktop-title\" aria-selected=\"true\" data-tab=\"1\" role=\"tab\" tabindex=\"0\" aria-controls=\"elementor-tab-content-6331\" aria-expanded=\"false\">Descripci\u00f3n General de la Carrera<\/div>\n\t\t\t\t\t\t\t\t\t<div id=\"elementor-tab-title-6332\" class=\"elementor-tab-title elementor-tab-desktop-title\" aria-selected=\"false\" data-tab=\"2\" role=\"tab\" tabindex=\"-1\" aria-controls=\"elementor-tab-content-6332\" aria-expanded=\"false\">Malla Curricular<\/div>\n\t\t\t\t\t\t\t\t\t<div id=\"elementor-tab-title-6333\" class=\"elementor-tab-title elementor-tab-desktop-title\" aria-selected=\"false\" data-tab=\"3\" role=\"tab\" tabindex=\"-1\" aria-controls=\"elementor-tab-content-6333\" aria-expanded=\"false\">Docentes<\/div>\n\t\t\t\t\t\t\t\t\t<div id=\"elementor-tab-title-6334\" class=\"elementor-tab-title elementor-tab-desktop-title\" aria-selected=\"false\" data-tab=\"4\" role=\"tab\" tabindex=\"-1\" aria-controls=\"elementor-tab-content-6334\" aria-expanded=\"false\">Datos Generales<\/div>\n\t\t\t\t\t\t\t\t\t<div id=\"elementor-tab-title-6335\" class=\"elementor-tab-title elementor-tab-desktop-title\" aria-selected=\"false\" data-tab=\"5\" role=\"tab\" tabindex=\"-1\" aria-controls=\"elementor-tab-content-6335\" aria-expanded=\"false\">Gesti\u00f3n y Proceso Estudiantil<\/div>\n\t\t\t\t\t\t\t<\/div>\n\t\t\t<div class=\"elementor-tabs-content-wrapper\" role=\"tablist\" aria-orientation=\"vertical\">\n\t\t\t\t\t\t\t\t\t<div class=\"elementor-tab-title elementor-tab-mobile-title\" aria-selected=\"true\" data-tab=\"1\" role=\"tab\" tabindex=\"0\" aria-controls=\"elementor-tab-content-6331\" aria-expanded=\"false\">Descripci\u00f3n General de la Carrera<\/div>\n\t\t\t\t\t<div id=\"elementor-tab-content-6331\" class=\"elementor-tab-content elementor-clearfix\" data-tab=\"1\" role=\"tabpanel\" aria-labelledby=\"elementor-tab-title-6331\" tabindex=\"0\" hidden=\"false\"><p>Carrera:\u00a0 \u00a0 \u00a0 \u00a0 \u00a0 \u00a0 \u00a0 \u00a0 \u00a0 \u00a0 \u00a0 \u00a0 \u00a0 \u00a0 \u00a0 \u00a0 \u00a0 \u00a0 \u00a0 \u00a0 \u00a0 \u00a0 \u00a0 \u00a0 CONTABILIDAD Y AUDITORIA<\/p><p>T\u00edtulo que otorga:\u00a0 \u00a0 \u00a0 \u00a0 \u00a0 \u00a0 \u00a0 \u00a0 \u00a0 \u00a0 \u00a0 \u00a0 \u00a0 \u00a0 \u00a0 \u00a0LICENCIADO\/A EN CONTABILIDAD Y AUDITOR\u00cdA<\/p><p>Modalidad de aprendizaje:\u00a0 \u00a0 \u00a0 \u00a0 \u00a0 \u00a0 \u00a0 \u00a0 Presencial<\/p><p>N\u00famero de per\u00edodos ordinarios:\u00a0 \u00a0 \u00a0 \u00a09<\/p><p>Objetivo general<\/p><p style=\"text-align: justify;padding-left: 40px\">Formar y especializar profesionales con liderazgo, responsabilidad social, ambiental, principios y valores, con la capacidad de analizar, formular, evaluar y dar soluciones en forma objetiva e integral de calidad, en el \u00e1mbito de la Contabilidad y Control, que permitan brindar transparencia de la informaci\u00f3n y cumplimiento de las normas en las organizaciones p\u00fablicas y privadas; para tener sostenibilidad, desarrollo local, regional, nacional e internacional.<\/p><p>Objetivos espec\u00edficos<\/p><p style=\"padding-left: 40px;text-align: justify\">Al conocimiento y los saberes Comprender los enfoques conceptuales basados en el desarrollo de saberes con liderazgo, responsabilidad social y ambiental; con amplios conocimientos t\u00e9cnicos, cient\u00edficos, normativos y altos principios \u00e9ticos y morales; preparados para resolver y proponer soluciones a los problemas de orden contable, financiero, tributario y de control empresarial, propiciando el desarrollo socio-econ\u00f3mico de la provincia, regi\u00f3n y el pa\u00eds coadyuvando a la consecuci\u00f3n del buen vivir.<\/p><p style=\"padding-left: 40px;text-align: justify\">A la pertinencia Sistematizar conocimientos contables, financieros, tributarios, auditor\u00eda y a fines, que sirvan de base para describir y explicar la problem\u00e1tica en el contexto de la profesi\u00f3n, en su entorno nacional e internacional. A los aprendizajes Analizar informaci\u00f3n econ\u00f3mica, financiera, tributaria y a fines, para la toma de decisiones gerenciales adecuadas, en base a normas y leyes vigentes en el pa\u00eds.<\/p><p style=\"padding-left: 40px;text-align: justify\">A la ciudadan\u00eda integral Promover el autoaprendizaje y el desempe\u00f1o eficiente de la profesi\u00f3n con principios, valores \u00e9ticos, human\u00edsticos y aptitud emprendedora para potenciar la pr\u00e1ctica del buen vivir en la vinculaci\u00f3n de la carrera de Contabilidad y Auditor\u00eda con el ente empresarial y social.<\/p><p style=\"text-align: justify;padding-left: 40px\">A la ciudadan\u00eda integral Fomentar la cultura de la investigaci\u00f3n formativa con capacidad de an\u00e1lisis e interpretaci\u00f3n de la informaci\u00f3n contable, financiera y tributaria; para contribuir al crecimiento institucional y econ\u00f3mico en el campo de desempe\u00f1o profesional y al fortalecimiento de las pr\u00e1cticas y normativas legales vigentes.<\/p><p>Perfil de ingreso<\/p><p>El aspirante a esta carrera deber\u00e1 caracterizarse por tener:<\/p><ul><li>Pensar rigurosamente<\/li><li>Razonar num\u00e9ricamente<\/li><li>Actuar como ciudadano responsable<\/li><li>Manejar sus emociones en la interrelaci\u00f3n social<\/li><li>Emprender<\/li><li>Aprender por el resto de su vida<\/li><li>Cuidar de su salud y bienestar personal<\/li><\/ul><p>Estas habilidades se eval\u00faan a trav\u00e9s del Sistema Nacional de Nivelaci\u00f3n y Admisi\u00f3n\u00a0en el examen integrado Ser Bachiller o el mecanismo que a futuro se considere para\u00a0el proceso.<\/p><p>Requisitos de ingreso<\/p><ul><li>T\u00edtulo de bachiller original o su equivalente reconocido por el Ministerio de Educaci\u00f3n.<\/li><li>Haber cumplido los requisitos normados por el Sistema de Nivelaci\u00f3n y Admisi\u00f3n, el mismo que observar\u00e1 los principios de igualdad de oportunidades, m\u00e9rito y capacidad.<\/li><li>Cumplir con la entrega de documentaci\u00f3n personal y habilitante en Secretar\u00eda General<\/li><\/ul><p style=\"text-align: justify\">En casos especiales, certificados de reconocimiento y homologaci\u00f3n de estudios de otras IES de conformidad con el Art\u00edculo 63 y 64 del Reglamento de R\u00e9gimen Acad\u00e9mico<\/p><p>Requisitos de graduaci\u00f3n<\/p><ul><li>Haber aprobado la malla curricular incluyendo las pr\u00e1cticas preprofesionales y vinculaci\u00f3n con la colectividad.<\/li><li>Haber aprobado una modalidad de titulaci\u00f3n dentro de lo establecido en las normativas institucionales.<\/li><li>Acreditar suficiencia en la competencia comunicativa a nivel B2 \u2013 MCER (ver anexo de oferta institucional de idiomas)<\/li><\/ul><p>Modalidades de titulaci\u00f3n<\/p><ul><li>Examen de grado o de fin de carrera<\/li><li>Proyectos de investigaci\u00f3n<\/li><li>Sistematizaci\u00f3n de experiencias pr\u00e1cticas de investigaci\u00f3n y\/o intervenci\u00f3n<\/li><\/ul><\/div>\n\t\t\t\t\t\t\t\t\t<div class=\"elementor-tab-title elementor-tab-mobile-title\" aria-selected=\"false\" data-tab=\"2\" role=\"tab\" tabindex=\"-1\" aria-controls=\"elementor-tab-content-6332\" aria-expanded=\"false\">Malla Curricular<\/div>\n\t\t\t\t\t<div id=\"elementor-tab-content-6332\" class=\"elementor-tab-content elementor-clearfix\" data-tab=\"2\" role=\"tabpanel\" aria-labelledby=\"elementor-tab-title-6332\" tabindex=\"0\" hidden=\"hidden\"><p><a href=\"https:\/\/carreras.uleam.edu.ec\/extension-sucre\/wp-content\/uploads\/sites\/77\/2023\/02\/1.-Malla-Ocho-periodos-ii-version-final-26-01-2022-1OK.pdf\" target=\"_blank\" rel=\"noopener\"><img loading=\"lazy\" decoding=\"async\" class=\"alignnone wp-image-230 size-large\" src=\"https:\/\/carreras.uleam.edu.ec\/extension-sucre\/wp-content\/uploads\/sites\/77\/2023\/02\/malla-contabilidad-1024x736.jpg\" alt=\"\" width=\"1024\" height=\"736\" srcset=\"https:\/\/carreras.uleam.edu.ec\/extension-sucre\/wp-content\/uploads\/sites\/77\/2023\/02\/malla-contabilidad-1024x736.jpg 1024w, https:\/\/carreras.uleam.edu.ec\/extension-sucre\/wp-content\/uploads\/sites\/77\/2023\/02\/malla-contabilidad-300x216.jpg 300w, https:\/\/carreras.uleam.edu.ec\/extension-sucre\/wp-content\/uploads\/sites\/77\/2023\/02\/malla-contabilidad-768x552.jpg 768w, https:\/\/carreras.uleam.edu.ec\/extension-sucre\/wp-content\/uploads\/sites\/77\/2023\/02\/malla-contabilidad-1536x1104.jpg 1536w, https:\/\/carreras.uleam.edu.ec\/extension-sucre\/wp-content\/uploads\/sites\/77\/2023\/02\/malla-contabilidad-2048x1473.jpg 2048w\" sizes=\"auto, (max-width: 1024px) 100vw, 1024px\" \/><\/a><\/p><\/div>\n\t\t\t\t\t\t\t\t\t<div class=\"elementor-tab-title elementor-tab-mobile-title\" aria-selected=\"false\" data-tab=\"3\" role=\"tab\" tabindex=\"-1\" aria-controls=\"elementor-tab-content-6333\" aria-expanded=\"false\">Docentes<\/div>\n\t\t\t\t\t<div id=\"elementor-tab-content-6333\" class=\"elementor-tab-content elementor-clearfix\" data-tab=\"3\" role=\"tabpanel\" aria-labelledby=\"elementor-tab-title-6333\" tabindex=\"0\" hidden=\"hidden\"><ul><li>VER\u00d3NICA MIELES SOL\u00d3RZANO, MG.<\/li><li>ING. VICTOR NEVAREZ BARBERAN, MG.<\/li><li>ING. ERIKA ALMEIDA LINO, MG.<\/li><li>LIC. EDUARDO CAICEDO COELLO, PH.D.<\/li><li>LUCIANO FAR\u00cdAS QUIROZ, MG.<\/li><li>ING. DANIEL ZAMBRANO MOLINA, MG.<\/li><li>ING. MAR\u00cdA DEL MAR HIDALGO CEDE\u00d1O, MG.<\/li><li>ING. VALERIA BRAVO G\u00d3MEZ, MG.<\/li><li>ING. ANA CECILIA V\u00c9LEZ FALCONES, MG.<\/li><li>ING. EMILIA GAUTHEROT HERN\u00c1NDEZ, MG.<\/li><li>ING. TRAJANO VELASTEGUI CEDE\u00d1O, MG.<\/li><li>ING. ROBERTO SUBIA VELOZ<\/li><li>ING. MAYRA ESPINOZA ARAUZ, MG.<\/li><li>ING. CRISTOPHER OKAFOR CHUKWUGOZIE, MG.<\/li><li>ING. ELIZABETH ORMAZA ESMERALDAS, MG.<\/li><li>ING. MIGUEL ROMERO ZAMBRANO, MG.<\/li><li>ING. CAROLINA HERRERA BARTOLOME, MG.<\/li><li>ING. DAVID MOR\u00c1N GONZ\u00c1LEZ<\/li><li>LIC. MAR\u00cdA PATI\u00d1O L\u00d3PEZ, MG.<\/li><\/ul><\/div>\n\t\t\t\t\t\t\t\t\t<div class=\"elementor-tab-title elementor-tab-mobile-title\" aria-selected=\"false\" data-tab=\"4\" role=\"tab\" tabindex=\"-1\" aria-controls=\"elementor-tab-content-6334\" aria-expanded=\"false\">Datos Generales<\/div>\n\t\t\t\t\t<div id=\"elementor-tab-content-6334\" class=\"elementor-tab-content elementor-clearfix\" data-tab=\"4\" role=\"tabpanel\" aria-labelledby=\"elementor-tab-title-6334\" tabindex=\"0\" hidden=\"hidden\"><ul><li style=\"text-align: center\">Ing. Daniel Zambrano Molina, Mg.<\/li><li style=\"text-align: center\">COORDINADOR DE CARRERAS<\/li><li style=\"text-align: center\"><a href=\"mailto:luis.zambrano@uleam.edu.ec\">luis.zambrano@uleam.edu.ec<\/a><\/li><li style=\"text-align: center\"><hr \/><p>Ing. Ver\u00f3nica Aguilar Garc\u00eda<\/p><\/li><li style=\"text-align: center\">SECRETARIA<\/li><li style=\"text-align: center\"><a href=\"mailto:maria.aguilar@uleam.edu.ec\">maria.aguilar@uleam.edu.ec<\/a><\/li><li style=\"text-align: center\"><hr \/><p>HORARIO DE ATENCI\u00d3N<\/p><\/li><li style=\"text-align: center\">08:30 a 17:00<\/li><\/ul><\/div>\n\t\t\t\t\t\t\t\t\t<div class=\"elementor-tab-title elementor-tab-mobile-title\" aria-selected=\"false\" data-tab=\"5\" role=\"tab\" tabindex=\"-1\" aria-controls=\"elementor-tab-content-6335\" aria-expanded=\"false\">Gesti\u00f3n y Proceso Estudiantil<\/div>\n\t\t\t\t\t<div id=\"elementor-tab-content-6335\" class=\"elementor-tab-content elementor-clearfix\" data-tab=\"5\" role=\"tabpanel\" aria-labelledby=\"elementor-tab-title-6335\" tabindex=\"0\" hidden=\"hidden\"><ul><li>\u21d2\u00a0Pr\u00e1cticas Pre-profesionales<\/li><li>\u21d2 <a href=\"https:\/\/departamentos.uleam.edu.ec\/gestion-aseguramiento-calidad\/2019\/04\/08\/matricula\/\">Matr\u00edcula<\/a><\/li><li>\u21d2 <a href=\"https:\/\/departamentos.uleam.edu.ec\/gestion-aseguramiento-calidad\/reingreso-de-estudiantes\/\">Reingreso de estudiantes<\/a><\/li><li>\u21d2 <a href=\"https:\/\/departamentos.uleam.edu.ec\/gestion-aseguramiento-calidad\/homologacion-de-estudios-por-analisis-comparativo-de-contenidos\/\">Homologaci\u00f3n de Estudios por An\u00e1lisis Comparativo de Contenidos<\/a><\/li><\/ul><\/div>\n\t\t\t\t\t\t\t<\/div>\n\t\t<\/div>\n\t\t\t\t<\/div>\n\t\t\t\t<\/div>\n\t\t\t\t\t<\/div>\n\t\t<\/div>\n\t\t\t\t\t\t\t<\/div>\n\t\t<\/section>\n\t\t\t\t\t\t<\/div>\n\t\t\t\t\t<\/div>\n\t\t","protected":false},"excerpt":{"rendered":"<p>Descripci\u00f3n General de la Carrera Malla Curricular Docentes Datos Generales Gesti\u00f3n y Proceso Estudiantil Descripci\u00f3n General de la Carrera Carrera:\u00a0 \u00a0 \u00a0 \u00a0 \u00a0 \u00a0 \u00a0 \u00a0 \u00a0 \u00a0 \u00a0 \u00a0 \u00a0 \u00a0 \u00a0 \u00a0 \u00a0 \u00a0 \u00a0 \u00a0 \u00a0 [&hellip;]<\/p>\n","protected":false},"author":7,"featured_media":0,"parent":0,"menu_order":0,"comment_status":"closed","ping_status":"closed","template":"","meta":{"_acf_changed":false,"footnotes":""},"class_list":["post-129","page","type-page","status-publish","hentry"],"acf":[],"_links":{"self":[{"href":"https:\/\/carreras.uleam.edu.ec\/extension-sucre\/wp-json\/wp\/v2\/pages\/129","targetHints":{"allow":["GET"]}}],"collection":[{"href":"https:\/\/carreras.uleam.edu.ec\/extension-sucre\/wp-json\/wp\/v2\/pages"}],"about":[{"href":"https:\/\/carreras.uleam.edu.ec\/extension-sucre\/wp-json\/wp\/v2\/types\/page"}],"author":[{"embeddable":true,"href":"https:\/\/carreras.uleam.edu.ec\/extension-sucre\/wp-json\/wp\/v2\/users\/7"}],"replies":[{"embeddable":true,"href":"https:\/\/carreras.uleam.edu.ec\/extension-sucre\/wp-json\/wp\/v2\/comments?post=129"}],"version-history":[{"count":17,"href":"https:\/\/carreras.uleam.edu.ec\/extension-sucre\/wp-json\/wp\/v2\/pages\/129\/revisions"}],"predecessor-version":[{"id":275,"href":"https:\/\/carreras.uleam.edu.ec\/extension-sucre\/wp-json\/wp\/v2\/pages\/129\/revisions\/275"}],"wp:attachment":[{"href":"https:\/\/carreras.uleam.edu.ec\/extension-sucre\/wp-json\/wp\/v2\/media?parent=129"}],"curies":[{"name":"wp","href":"https:\/\/api.w.org\/{rel}","templated":true}]}}