{"id":18,"date":"2022-09-09T03:38:15","date_gmt":"2022-09-09T03:38:15","guid":{"rendered":"https:\/\/carreras.uleam.edu.ec\/extension-sucre\/?page_id=18"},"modified":"2025-05-26T21:35:31","modified_gmt":"2025-05-26T21:35:31","slug":"inicio","status":"publish","type":"page","link":"https:\/\/carreras.uleam.edu.ec\/extension-sucre\/","title":{"rendered":"Inicio"},"content":{"rendered":"\t\t<div data-elementor-type=\"wp-page\" data-elementor-id=\"18\" class=\"elementor elementor-18\" data-elementor-settings=\"[]\">\n\t\t\t\t\t\t\t<div class=\"elementor-section-wrap\">\n\t\t\t\t\t\t\t<section class=\"elementor-section elementor-top-section elementor-element elementor-element-6931f56 elementor-section-full_width elementor-section-height-default elementor-section-height-default\" data-id=\"6931f56\" data-element_type=\"section\">\n\t\t\t\t\t\t<div class=\"elementor-container elementor-column-gap-default\">\n\t\t\t\t\t<div class=\"elementor-column elementor-col-100 elementor-top-column elementor-element elementor-element-2f69819\" data-id=\"2f69819\" data-element_type=\"column\">\n\t\t\t<div class=\"elementor-widget-wrap elementor-element-populated\">\n\t\t\t\t\t\t\t\t<div class=\"elementor-element elementor-element-d33ae77 elementor-widget elementor-widget-image\" data-id=\"d33ae77\" data-element_type=\"widget\" data-widget_type=\"image.default\">\n\t\t\t\t<div class=\"elementor-widget-container\">\n\t\t\t\t\t\t\t\t\t\t\t\t\t\t\t<img loading=\"lazy\" decoding=\"async\" width=\"3236\" height=\"882\" src=\"https:\/\/carreras.uleam.edu.ec\/extension-sucre\/wp-content\/uploads\/sites\/77\/2022\/09\/CABECERA-SUCRE.png\" class=\"attachment-full size-full\" alt=\"\" srcset=\"https:\/\/carreras.uleam.edu.ec\/extension-sucre\/wp-content\/uploads\/sites\/77\/2022\/09\/CABECERA-SUCRE.png 3236w, https:\/\/carreras.uleam.edu.ec\/extension-sucre\/wp-content\/uploads\/sites\/77\/2022\/09\/CABECERA-SUCRE-300x82.png 300w, https:\/\/carreras.uleam.edu.ec\/extension-sucre\/wp-content\/uploads\/sites\/77\/2022\/09\/CABECERA-SUCRE-1024x279.png 1024w, https:\/\/carreras.uleam.edu.ec\/extension-sucre\/wp-content\/uploads\/sites\/77\/2022\/09\/CABECERA-SUCRE-768x209.png 768w, https:\/\/carreras.uleam.edu.ec\/extension-sucre\/wp-content\/uploads\/sites\/77\/2022\/09\/CABECERA-SUCRE-1536x419.png 1536w, https:\/\/carreras.uleam.edu.ec\/extension-sucre\/wp-content\/uploads\/sites\/77\/2022\/09\/CABECERA-SUCRE-2048x558.png 2048w\" sizes=\"auto, (max-width: 3236px) 100vw, 3236px\" \/>\t\t\t\t\t\t\t\t\t\t\t\t\t\t\t<\/div>\n\t\t\t\t<\/div>\n\t\t\t\t\t<\/div>\n\t\t<\/div>\n\t\t\t\t\t\t\t<\/div>\n\t\t<\/section>\n\t\t\t\t<section class=\"elementor-section elementor-top-section elementor-element elementor-element-a90834f elementor-section-boxed elementor-section-height-default elementor-section-height-default\" data-id=\"a90834f\" data-element_type=\"section\">\n\t\t\t\t\t\t<div class=\"elementor-container elementor-column-gap-default\">\n\t\t\t\t\t<div class=\"elementor-column elementor-col-100 elementor-top-column elementor-element elementor-element-7b761f9\" data-id=\"7b761f9\" data-element_type=\"column\">\n\t\t\t<div class=\"elementor-widget-wrap elementor-element-populated\">\n\t\t\t\t\t\t\t\t<div class=\"elementor-element elementor-element-8733a4a elementor-tabs-view-horizontal elementor-widget elementor-widget-tabs\" data-id=\"8733a4a\" data-element_type=\"widget\" data-widget_type=\"tabs.default\">\n\t\t\t\t<div class=\"elementor-widget-container\">\n\t\t\t\t\t<div class=\"elementor-tabs\">\n\t\t\t<div class=\"elementor-tabs-wrapper\" role=\"tablist\" >\n\t\t\t\t\t\t\t\t\t<div id=\"elementor-tab-title-1411\" class=\"elementor-tab-title elementor-tab-desktop-title\" aria-selected=\"true\" data-tab=\"1\" role=\"tab\" tabindex=\"0\" aria-controls=\"elementor-tab-content-1411\" aria-expanded=\"false\">Promocional de la Extensi\u00f3n<\/div>\n\t\t\t\t\t\t\t\t\t<div id=\"elementor-tab-title-1412\" class=\"elementor-tab-title elementor-tab-desktop-title\" aria-selected=\"false\" data-tab=\"2\" role=\"tab\" tabindex=\"-1\" aria-controls=\"elementor-tab-content-1412\" aria-expanded=\"false\">Carreras<\/div>\n\t\t\t\t\t\t\t\t\t<div id=\"elementor-tab-title-1413\" class=\"elementor-tab-title elementor-tab-desktop-title\" aria-selected=\"false\" data-tab=\"3\" role=\"tab\" tabindex=\"-1\" aria-controls=\"elementor-tab-content-1413\" aria-expanded=\"false\">Autoridades<\/div>\n\t\t\t\t\t\t\t\t\t<div id=\"elementor-tab-title-1414\" class=\"elementor-tab-title elementor-tab-desktop-title\" aria-selected=\"false\" data-tab=\"4\" role=\"tab\" tabindex=\"-1\" aria-controls=\"elementor-tab-content-1414\" aria-expanded=\"false\">Misi\u00f3n y Visi\u00f3n<\/div>\n\t\t\t\t\t\t\t\t\t<div id=\"elementor-tab-title-1415\" class=\"elementor-tab-title elementor-tab-desktop-title\" aria-selected=\"false\" data-tab=\"5\" role=\"tab\" tabindex=\"-1\" aria-controls=\"elementor-tab-content-1415\" aria-expanded=\"false\">Organigrama<\/div>\n\t\t\t\t\t\t\t\t\t<div id=\"elementor-tab-title-1416\" class=\"elementor-tab-title elementor-tab-desktop-title\" aria-selected=\"false\" data-tab=\"6\" role=\"tab\" tabindex=\"-1\" aria-controls=\"elementor-tab-content-1416\" aria-expanded=\"false\">Convenios<\/div>\n\t\t\t\t\t\t\t<\/div>\n\t\t\t<div class=\"elementor-tabs-content-wrapper\" role=\"tablist\" aria-orientation=\"vertical\">\n\t\t\t\t\t\t\t\t\t<div class=\"elementor-tab-title elementor-tab-mobile-title\" aria-selected=\"true\" data-tab=\"1\" role=\"tab\" tabindex=\"0\" aria-controls=\"elementor-tab-content-1411\" aria-expanded=\"false\">Promocional de la Extensi\u00f3n<\/div>\n\t\t\t\t\t<div id=\"elementor-tab-content-1411\" class=\"elementor-tab-content elementor-clearfix\" data-tab=\"1\" role=\"tabpanel\" aria-labelledby=\"elementor-tab-title-1411\" tabindex=\"0\" hidden=\"false\"><p><iframe loading=\"lazy\" title=\"\ud835\udc04\ud835\udc31\ud835\udc2d\ud835\udc1e\ud835\udc27\ud835\udc2c\ud835\udc22\ud835\udc28\u0301\ud835\udc27 \ud835\udc12\ud835\udc2e\ud835\udc1c\ud835\udc2b\ud835\udc1e EXPO-ULEAM 2024 \ud83d\udd34EN VIVO\" width=\"500\" height=\"281\" src=\"https:\/\/www.youtube.com\/embed\/CJjBCscN83I?feature=oembed\" frameborder=\"0\" allow=\"accelerometer; autoplay; clipboard-write; encrypted-media; gyroscope; picture-in-picture; web-share\" referrerpolicy=\"strict-origin-when-cross-origin\" allowfullscreen><\/iframe><\/p><\/div>\n\t\t\t\t\t\t\t\t\t<div class=\"elementor-tab-title elementor-tab-mobile-title\" aria-selected=\"false\" data-tab=\"2\" role=\"tab\" tabindex=\"-1\" aria-controls=\"elementor-tab-content-1412\" aria-expanded=\"false\">Carreras<\/div>\n\t\t\t\t\t<div id=\"elementor-tab-content-1412\" class=\"elementor-tab-content elementor-clearfix\" data-tab=\"2\" role=\"tabpanel\" aria-labelledby=\"elementor-tab-title-1412\" tabindex=\"0\" hidden=\"hidden\"><ul><li><strong><span style=\"color: #000000;\"><a style=\"color: #000000;\" role=\"link\" href=\"https:\/\/carreras.uleam.edu.ec\/extension-sucre\/carrera-de-administracion-de-empresas-extension-sucre\/\">*Administraci\u00f3n de Empresas<\/a><\/span><\/strong><br \/><strong><span style=\"color: #000000;\"><a style=\"color: #000000;\" role=\"link\" href=\"https:\/\/carreras.uleam.edu.ec\/extension-sucre\/carrera-de-mercadotecnia-extension-sucre\/\">*Mercadotecnia<\/a><br \/><a style=\"color: #000000;\" role=\"link\" href=\"https:\/\/carreras.uleam.edu.ec\/extension-sucre\/carrera-de-hospitalidad-y-hoteleria-extension-sucre\/\">*Hospitalidad y Hoteler\u00eda<\/a><br \/><a style=\"color: #000000;\" role=\"link\" href=\"https:\/\/carreras.uleam.edu.ec\/extension-sucre\/carrera-de-educacion-inicial-extension-sucre\/\">*Educaci\u00f3n Inicial<\/a><\/span><\/strong><br \/><strong><span style=\"color: #000000;\"><a style=\"color: #000000;\" href=\"https:\/\/carreras.uleam.edu.ec\/extension-sucre\/carrera-agronegocios\/\">*Agronegocios<\/a><\/span><\/strong><br \/><strong><span style=\"color: #000000;\"><a style=\"color: #000000;\" href=\"https:\/\/carreras.uleam.edu.ec\/extension-sucre\/carrera-enfermeria\/\">*Enfermer\u00eda<\/a><\/span><\/strong><br \/><strong><span style=\"color: #000000;\"><a style=\"color: #000000;\" href=\"https:\/\/carreras.uleam.edu.ec\/extension-sucre\/carrera-turismo\/\">*Turismo<\/a><\/span><\/strong><br \/><strong><span style=\"color: #000000;\"><a style=\"color: #000000;\" href=\"https:\/\/carreras.uleam.edu.ec\/extension-sucre\/carrera-contabilidad-y-auditoria\/\">*Contabilidad y Auditor\u00eda<\/a><\/span><\/strong><\/li><li><strong><span style=\"color: #000000;\"><a style=\"color: #000000;\" href=\"https:\/\/carreras.uleam.edu.ec\/extension-sucre\/carrera-de-derecho\/\">*Derecho<\/a><\/span><\/strong><\/li><li><strong><span style=\"color: #000000;\"><a style=\"color: #000000;\" href=\"https:\/\/carreras.uleam.edu.ec\/extension-sucre\/carrera-de-eduacion-basica\/\">*Educaci\u00f3n B\u00e1sica<\/a><\/span><\/strong><\/li><li><span style=\"color: #000000;\"><a style=\"color: #000000;\" href=\"https:\/\/carreras.uleam.edu.ec\/extension-sucre\/carrera-arqueologia\/\"><strong>*Arqueolog\u00eda<\/strong><\/a><\/span><\/li><li><span style=\"color: #000000;\"><a style=\"color: #000000;\" href=\"https:\/\/carreras.uleam.edu.ec\/extension-sucre\/carrera-turismo-sostenible\/\"><strong>*Turismo Sostenible<\/strong><\/a><\/span><\/li><\/ul><\/div>\n\t\t\t\t\t\t\t\t\t<div class=\"elementor-tab-title elementor-tab-mobile-title\" aria-selected=\"false\" data-tab=\"3\" role=\"tab\" tabindex=\"-1\" aria-controls=\"elementor-tab-content-1413\" aria-expanded=\"false\">Autoridades<\/div>\n\t\t\t\t\t<div id=\"elementor-tab-content-1413\" class=\"elementor-tab-content elementor-clearfix\" data-tab=\"3\" role=\"tabpanel\" aria-labelledby=\"elementor-tab-title-1413\" tabindex=\"0\" hidden=\"hidden\"><p><img loading=\"lazy\" decoding=\"async\" class=\"alignnone wp-image-72 size-large\" src=\"https:\/\/carreras.uleam.edu.ec\/extension-sucre\/wp-content\/uploads\/sites\/77\/2023\/01\/FOTOS-PARA-DECANOS-EXTENSIONES-EDUARDO-CAICEDO-1024x576.png\" alt=\"\" width=\"1024\" height=\"576\" srcset=\"https:\/\/carreras.uleam.edu.ec\/extension-sucre\/wp-content\/uploads\/sites\/77\/2023\/01\/FOTOS-PARA-DECANOS-EXTENSIONES-EDUARDO-CAICEDO-1024x576.png 1024w, https:\/\/carreras.uleam.edu.ec\/extension-sucre\/wp-content\/uploads\/sites\/77\/2023\/01\/FOTOS-PARA-DECANOS-EXTENSIONES-EDUARDO-CAICEDO-300x169.png 300w, https:\/\/carreras.uleam.edu.ec\/extension-sucre\/wp-content\/uploads\/sites\/77\/2023\/01\/FOTOS-PARA-DECANOS-EXTENSIONES-EDUARDO-CAICEDO-768x432.png 768w, https:\/\/carreras.uleam.edu.ec\/extension-sucre\/wp-content\/uploads\/sites\/77\/2023\/01\/FOTOS-PARA-DECANOS-EXTENSIONES-EDUARDO-CAICEDO-1536x864.png 1536w, https:\/\/carreras.uleam.edu.ec\/extension-sucre\/wp-content\/uploads\/sites\/77\/2023\/01\/FOTOS-PARA-DECANOS-EXTENSIONES-EDUARDO-CAICEDO-2048x1152.png 2048w\" sizes=\"auto, (max-width: 1024px) 100vw, 1024px\" \/><\/p><p style=\"text-align: center;\">SECRETARIA<\/p><p style=\"text-align: center;\">Email:<\/p><hr \/><p style=\"text-align: center;\">HORARIO DE ATENCI\u00d3N:<\/p><p style=\"text-align: center;\">DE 08:00 A 17:00\u00a0<\/p><p style=\"text-align: center;\">Lunes \u2013 Viernes<\/p><\/div>\n\t\t\t\t\t\t\t\t\t<div class=\"elementor-tab-title elementor-tab-mobile-title\" aria-selected=\"false\" data-tab=\"4\" role=\"tab\" tabindex=\"-1\" aria-controls=\"elementor-tab-content-1414\" aria-expanded=\"false\">Misi\u00f3n y Visi\u00f3n<\/div>\n\t\t\t\t\t<div id=\"elementor-tab-content-1414\" class=\"elementor-tab-content elementor-clearfix\" data-tab=\"4\" role=\"tabpanel\" aria-labelledby=\"elementor-tab-title-1414\" tabindex=\"0\" hidden=\"hidden\"><p>Lorem ipsum dolor sit amet, consectetur adipiscing elit. Ut elit tellus, luctus nec ullamcorper mattis, pulvinar dapibus leo.<\/p><\/div>\n\t\t\t\t\t\t\t\t\t<div class=\"elementor-tab-title elementor-tab-mobile-title\" aria-selected=\"false\" data-tab=\"5\" role=\"tab\" tabindex=\"-1\" aria-controls=\"elementor-tab-content-1415\" aria-expanded=\"false\">Organigrama<\/div>\n\t\t\t\t\t<div id=\"elementor-tab-content-1415\" class=\"elementor-tab-content elementor-clearfix\" data-tab=\"5\" role=\"tabpanel\" aria-labelledby=\"elementor-tab-title-1415\" tabindex=\"0\" hidden=\"hidden\"><p>Contenido de la pesta\u00f1a<\/p><\/div>\n\t\t\t\t\t\t\t\t\t<div class=\"elementor-tab-title elementor-tab-mobile-title\" aria-selected=\"false\" data-tab=\"6\" role=\"tab\" tabindex=\"-1\" aria-controls=\"elementor-tab-content-1416\" aria-expanded=\"false\">Convenios<\/div>\n\t\t\t\t\t<div id=\"elementor-tab-content-1416\" class=\"elementor-tab-content elementor-clearfix\" data-tab=\"6\" role=\"tabpanel\" aria-labelledby=\"elementor-tab-title-1416\" tabindex=\"0\" hidden=\"hidden\"><p style=\"text-align: center;\"><a href=\"https:\/\/departamentos.uleam.edu.ec\/procuraduria\/convenios\/\" target=\"_blank\" rel=\"noopener\"><img loading=\"lazy\" decoding=\"async\" class=\"alignnone size-medium wp-image-68\" src=\"https:\/\/carreras.uleam.edu.ec\/extension-sucre\/wp-content\/uploads\/sites\/77\/2023\/01\/convenios-300x256.png\" alt=\"\" width=\"300\" height=\"256\" srcset=\"https:\/\/carreras.uleam.edu.ec\/extension-sucre\/wp-content\/uploads\/sites\/77\/2023\/01\/convenios-300x256.png 300w, https:\/\/carreras.uleam.edu.ec\/extension-sucre\/wp-content\/uploads\/sites\/77\/2023\/01\/convenios-768x656.png 768w, https:\/\/carreras.uleam.edu.ec\/extension-sucre\/wp-content\/uploads\/sites\/77\/2023\/01\/convenios.png 854w\" sizes=\"auto, (max-width: 300px) 100vw, 300px\" \/><\/a><\/p><\/div>\n\t\t\t\t\t\t\t<\/div>\n\t\t<\/div>\n\t\t\t\t<\/div>\n\t\t\t\t<\/div>\n\t\t\t\t\t<\/div>\n\t\t<\/div>\n\t\t\t\t\t\t\t<\/div>\n\t\t<\/section>\n\t\t\t\t\t\t<\/div>\n\t\t\t\t\t<\/div>\n\t\t","protected":false},"excerpt":{"rendered":"<p>Promocional de la Extensi\u00f3n Carreras Autoridades Misi\u00f3n y Visi\u00f3n Organigrama Convenios Promocional de la Extensi\u00f3n Carreras *Administraci\u00f3n de Empresas*Mercadotecnia*Hospitalidad y Hoteler\u00eda*Educaci\u00f3n Inicial*Agronegocios*Enfermer\u00eda*Turismo*Contabilidad y Auditor\u00eda *Derecho *Educaci\u00f3n B\u00e1sica *Arqueolog\u00eda *Turismo Sostenible Autoridades SECRETARIA Email: HORARIO DE ATENCI\u00d3N: DE 08:00 A 17:00\u00a0 [&hellip;]<\/p>\n","protected":false},"author":7,"featured_media":0,"parent":0,"menu_order":0,"comment_status":"closed","ping_status":"closed","template":"elementor_canvas","meta":{"_acf_changed":false,"footnotes":""},"class_list":["post-18","page","type-page","status-publish","hentry"],"acf":[],"_links":{"self":[{"href":"https:\/\/carreras.uleam.edu.ec\/extension-sucre\/wp-json\/wp\/v2\/pages\/18","targetHints":{"allow":["GET"]}}],"collection":[{"href":"https:\/\/carreras.uleam.edu.ec\/extension-sucre\/wp-json\/wp\/v2\/pages"}],"about":[{"href":"https:\/\/carreras.uleam.edu.ec\/extension-sucre\/wp-json\/wp\/v2\/types\/page"}],"author":[{"embeddable":true,"href":"https:\/\/carreras.uleam.edu.ec\/extension-sucre\/wp-json\/wp\/v2\/users\/7"}],"replies":[{"embeddable":true,"href":"https:\/\/carreras.uleam.edu.ec\/extension-sucre\/wp-json\/wp\/v2\/comments?post=18"}],"version-history":[{"count":57,"href":"https:\/\/carreras.uleam.edu.ec\/extension-sucre\/wp-json\/wp\/v2\/pages\/18\/revisions"}],"predecessor-version":[{"id":300,"href":"https:\/\/carreras.uleam.edu.ec\/extension-sucre\/wp-json\/wp\/v2\/pages\/18\/revisions\/300"}],"wp:attachment":[{"href":"https:\/\/carreras.uleam.edu.ec\/extension-sucre\/wp-json\/wp\/v2\/media?parent=18"}],"curies":[{"name":"wp","href":"https:\/\/api.w.org\/{rel}","templated":true}]}}