{"id":7,"date":"2022-09-09T01:44:55","date_gmt":"2022-09-09T01:44:55","guid":{"rendered":"https:\/\/carreras.uleam.edu.ec\/extension-sucre\/?page_id=7"},"modified":"2025-03-14T21:11:25","modified_gmt":"2025-03-14T21:11:25","slug":"carrera-de-administracion-de-empresas-extension-sucre","status":"publish","type":"page","link":"https:\/\/carreras.uleam.edu.ec\/extension-sucre\/carrera-de-administracion-de-empresas-extension-sucre\/","title":{"rendered":"Carrera Administraci\u00f3n de Empresas"},"content":{"rendered":"\t\t<div data-elementor-type=\"wp-page\" data-elementor-id=\"7\" class=\"elementor elementor-7\" data-elementor-settings=\"[]\">\n\t\t\t\t\t\t\t<div class=\"elementor-section-wrap\">\n\t\t\t\t\t\t\t<section class=\"elementor-section elementor-top-section elementor-element elementor-element-97d9839 elementor-section-boxed elementor-section-height-default elementor-section-height-default\" data-id=\"97d9839\" data-element_type=\"section\">\n\t\t\t\t\t\t<div class=\"elementor-container elementor-column-gap-default\">\n\t\t\t\t\t<div class=\"elementor-column elementor-col-100 elementor-top-column elementor-element elementor-element-631cf3d\" data-id=\"631cf3d\" data-element_type=\"column\">\n\t\t\t<div class=\"elementor-widget-wrap elementor-element-populated\">\n\t\t\t\t\t\t\t\t<div class=\"elementor-element elementor-element-f3290a0 elementor-tabs-view-horizontal elementor-widget elementor-widget-tabs\" data-id=\"f3290a0\" data-element_type=\"widget\" data-widget_type=\"tabs.default\">\n\t\t\t\t<div class=\"elementor-widget-container\">\n\t\t\t\t\t<div class=\"elementor-tabs\">\n\t\t\t<div class=\"elementor-tabs-wrapper\" role=\"tablist\" >\n\t\t\t\t\t\t\t\t\t<div id=\"elementor-tab-title-2541\" class=\"elementor-tab-title elementor-tab-desktop-title\" aria-selected=\"true\" data-tab=\"1\" role=\"tab\" tabindex=\"0\" aria-controls=\"elementor-tab-content-2541\" aria-expanded=\"false\">Descripci\u00f3n General de la Carrera<\/div>\n\t\t\t\t\t\t\t\t\t<div id=\"elementor-tab-title-2542\" class=\"elementor-tab-title elementor-tab-desktop-title\" aria-selected=\"false\" data-tab=\"2\" role=\"tab\" tabindex=\"-1\" aria-controls=\"elementor-tab-content-2542\" aria-expanded=\"false\">Malla Curricular<\/div>\n\t\t\t\t\t\t\t\t\t<div id=\"elementor-tab-title-2543\" class=\"elementor-tab-title elementor-tab-desktop-title\" aria-selected=\"false\" data-tab=\"3\" role=\"tab\" tabindex=\"-1\" aria-controls=\"elementor-tab-content-2543\" aria-expanded=\"false\">Docentes<\/div>\n\t\t\t\t\t\t\t\t\t<div id=\"elementor-tab-title-2544\" class=\"elementor-tab-title elementor-tab-desktop-title\" aria-selected=\"false\" data-tab=\"4\" role=\"tab\" tabindex=\"-1\" aria-controls=\"elementor-tab-content-2544\" aria-expanded=\"false\">Datos Generales<\/div>\n\t\t\t\t\t\t\t\t\t<div id=\"elementor-tab-title-2545\" class=\"elementor-tab-title elementor-tab-desktop-title\" aria-selected=\"false\" data-tab=\"5\" role=\"tab\" tabindex=\"-1\" aria-controls=\"elementor-tab-content-2545\" aria-expanded=\"false\">Gesti\u00f3n y Proceso Estudiantil<\/div>\n\t\t\t\t\t\t\t<\/div>\n\t\t\t<div class=\"elementor-tabs-content-wrapper\" role=\"tablist\" aria-orientation=\"vertical\">\n\t\t\t\t\t\t\t\t\t<div class=\"elementor-tab-title elementor-tab-mobile-title\" aria-selected=\"true\" data-tab=\"1\" role=\"tab\" tabindex=\"0\" aria-controls=\"elementor-tab-content-2541\" aria-expanded=\"false\">Descripci\u00f3n General de la Carrera<\/div>\n\t\t\t\t\t<div id=\"elementor-tab-content-2541\" class=\"elementor-tab-content elementor-clearfix\" data-tab=\"1\" role=\"tabpanel\" aria-labelledby=\"elementor-tab-title-2541\" tabindex=\"0\" hidden=\"false\"><p>Nombre de la Carrera:\u00a0 \u00a0 \u00a0 \u00a0 \u00a0 \u00a0 \u00a0 \u00a0 \u00a0 \u00a0 \u00a0 \u00a0 Administraci\u00f3n de Empresas\u00a0<\/p><p>T\u00edtulo que otorga:\u00a0 \u00a0 \u00a0 \u00a0 \u00a0 \u00a0 \u00a0 \u00a0 \u00a0 \u00a0 \u00a0 \u00a0 \u00a0 \u00a0 \u00a0 \u00a0Licenciatura en Administraci\u00f3n de Empresas<\/p><p>Modalidad de aprendizaje:\u00a0 \u00a0 \u00a0 \u00a0 \u00a0 \u00a0 \u00a0 \u00a0 Presencial\u00a0<\/p><p>N\u00famero de per\u00edodos ordinarios:\u00a0 \u00a0 \u00a0 \u00a09\u00a0<\/p><p>Objetivo general:\u00a0<\/p><p style=\"padding-left: 40px;text-align: justify\">Formar profesionales competentes para desarrollar soluciones estrat\u00e9gicas adecuadas a problemas organizacionales, de recursos humanos, financieros, de mercadotecnia y de operaciones, a trav\u00e9s de la gesti\u00f3n de nuevos proyectos empresariales orientados desde una visi\u00f3n epistemol\u00f3gica, aplicando conocimientos cient\u00edficos, t\u00e9cnicos y human\u00edsticos; con \u00e9tica y comprometidos con el desarrollo sustentable y tecnol\u00f3gico.<\/p><p>Perfil de ingreso:\u00a0<\/p><p>El aspirante a esta carrera deber\u00e1 caracterizarse por tener:<\/p><ul><li>Pensar rigurosamente<\/li><li>Razonar num\u00e9ricamente<\/li><li>Actuar como ciudadano responsable<\/li><li>Manejar sus emociones en la interrelaci\u00f3n social<\/li><li>Emprender<\/li><li>Aprender por el resto de su vida<\/li><li>Comunicarse efectivamente<\/li><li>Utilizar herramientas tecnol\u00f3gicas reflexiva y pragm\u00e1ticamente<\/li><\/ul><p>Requisitos de ingreso:\u00a0<\/p><ul><li>Poseer t\u00edtulo de bachiller o su equivalente debidamente reconocido por el Ministerio de Educaci\u00f3n<\/li><li>Haber cumplido los requisitos normados por el Sistema de Nivelaci\u00f3n y Admisi\u00f3n, el mismo que observar\u00e1 los principios de igualdad de oportunidades, m\u00e9rito y capacidad<\/li><li>Cumplir con la entrega de documentaci\u00f3n personal y habilitante en Secretar\u00eda General<\/li><li>En casos especiales, certificados de reconocimiento y homologaci\u00f3n de estudios de otras IES de conformidad con el Art\u00edculo 63 y 64 del Reglamento de R\u00e9gimen Acad\u00e9mico<\/li><\/ul><p>Requisitos de graduaci\u00f3n:\u00a0<\/p><ul><li>Haber aprobado la malla curricular incluyendo las pr\u00e1cticas pre-profesionales y vinculaci\u00f3n con la colectividad.<\/li><li>Haber aprobado una modalidad de titulaci\u00f3n dentro de lo establecido el RRA<\/li><li>Acreditar suficiencia en la competencia comunicativa a nivel B1 \u2013 MCER.<\/li><\/ul><p>Modalidades de titulaci\u00f3n:\u00a0<\/p><ul><li>Proyectos de investigaci\u00f3n<\/li><\/ul><p>Campo Ocupacional:\u00a0<\/p><ul><li>La negociaci\u00f3n negociar y el est\u00edmulo para el nacimiento de nuevos negocios.<\/li><li>Gesti\u00f3n de los procesos de producci\u00f3n.<\/li><li>La capacitaci\u00f3n del talento humano.<\/li><li>Conocedor del entorno econ\u00f3mico y social.<\/li><li>Generaci\u00f3n de proyectos de inversi\u00f3n factibles.<\/li><li>Promoci\u00f3n de la imagen de los negocios e incursionar en nuevas industrias.<\/li><li>Generar empleos y establecer v\u00ednculos de colaboraci\u00f3n con el Estado.<\/li><li>Gestor de procesos para transformar matriz productiva.<\/li><li>H\u00e1bil para los proceso de\u00a0 comercializaci\u00f3n.<\/li><li>Gesti\u00f3n integrada del talento humano, con \u00e9nfasis en su formaci\u00f3n y desarrollo.<\/li><li>Uso de aplicaciones tecnol\u00f3gicas de punta.<\/li><li>Investigaci\u00f3n de mercado, investigaci\u00f3n de entornos, investigaci\u00f3n para nuevos productos con \u00e9tica y responsabilidad social, dise\u00f1o de proyectos de investigaci\u00f3n con factibilidad demostrada en lo econ\u00f3mico, lo social, lo financiero, lo ambiental.<\/li><li>Investigaci\u00f3n integrada a lo interno y lo externo de las organizaciones e innovaci\u00f3n para el desarrollo<\/li><\/ul><\/div>\n\t\t\t\t\t\t\t\t\t<div class=\"elementor-tab-title elementor-tab-mobile-title\" aria-selected=\"false\" data-tab=\"2\" role=\"tab\" tabindex=\"-1\" aria-controls=\"elementor-tab-content-2542\" aria-expanded=\"false\">Malla Curricular<\/div>\n\t\t\t\t\t<div id=\"elementor-tab-content-2542\" class=\"elementor-tab-content elementor-clearfix\" data-tab=\"2\" role=\"tabpanel\" aria-labelledby=\"elementor-tab-title-2542\" tabindex=\"0\" hidden=\"hidden\"><p><a href=\"https:\/\/carreras.uleam.edu.ec\/extension-sucre\/wp-content\/uploads\/sites\/77\/2023\/02\/0413_Administracion.xlsx.pdf\" target=\"_blank\" rel=\"noopener\"><img loading=\"lazy\" decoding=\"async\" class=\"alignnone wp-image-237 size-large\" src=\"https:\/\/carreras.uleam.edu.ec\/extension-sucre\/wp-content\/uploads\/sites\/77\/2023\/02\/malla-administracion-1024x829.jpg\" alt=\"\" width=\"1024\" height=\"829\" srcset=\"https:\/\/carreras.uleam.edu.ec\/extension-sucre\/wp-content\/uploads\/sites\/77\/2023\/02\/malla-administracion-1024x829.jpg 1024w, https:\/\/carreras.uleam.edu.ec\/extension-sucre\/wp-content\/uploads\/sites\/77\/2023\/02\/malla-administracion-300x243.jpg 300w, https:\/\/carreras.uleam.edu.ec\/extension-sucre\/wp-content\/uploads\/sites\/77\/2023\/02\/malla-administracion-768x622.jpg 768w, https:\/\/carreras.uleam.edu.ec\/extension-sucre\/wp-content\/uploads\/sites\/77\/2023\/02\/malla-administracion-1536x1243.jpg 1536w, https:\/\/carreras.uleam.edu.ec\/extension-sucre\/wp-content\/uploads\/sites\/77\/2023\/02\/malla-administracion-2048x1658.jpg 2048w\" sizes=\"auto, (max-width: 1024px) 100vw, 1024px\" \/><\/a><\/p><\/div>\n\t\t\t\t\t\t\t\t\t<div class=\"elementor-tab-title elementor-tab-mobile-title\" aria-selected=\"false\" data-tab=\"3\" role=\"tab\" tabindex=\"-1\" aria-controls=\"elementor-tab-content-2543\" aria-expanded=\"false\">Docentes<\/div>\n\t\t\t\t\t<div id=\"elementor-tab-content-2543\" class=\"elementor-tab-content elementor-clearfix\" data-tab=\"3\" role=\"tabpanel\" aria-labelledby=\"elementor-tab-title-2543\" tabindex=\"0\" hidden=\"hidden\"><ul><li>Mg. Lilia Monserrate Villacis Zambrano<\/li><li>Ing. Luis Daniel Molina Zambrano<\/li><li>Ing. Jairo Enrique Intriago Torres<\/li><li>Ing. Miguel Alberto Romero Zambrano<\/li><li>Ing. Ricardo Chica Cepeda<\/li><li>Ing. Roberto Carlos Sub\u00eda Veloz<\/li><li>Ing. Vicente Eduardo Pazmi\u00f1o Chica<\/li><li>Lcda.\u00a0 Edgar Chica Gilces<\/li><li>Lic. Estella Gloria Ferrin Delgado<\/li><li>Econ. David Renato Mor\u00e1n Gonz\u00e1lez<\/li><li>Ing. Mar\u00eda del Mar Hidalgo Cede\u00f1o<\/li><li>Lic. Valeria Bravo G\u00f3mez<\/li><li>Lic. V\u00edctor Mero Marcillo<\/li><li>Ing. Mar\u00eda Esther Garc\u00eda Montes<\/li><li>Abg. Ver\u00f3nica Mieles Solorzano<\/li><li>Ing. Ana Cecilia V\u00e9lez Falcones<\/li><li>Ing. Carlina Daniela Zambrano Arauz<\/li><li>Ing. Carolina Herrera Bartolom\u00e9<\/li><li>Ing. Edison Iriarte Vera<\/li><li>Ing. Elizabeth Ormaza Esmeraldas<\/li><li>Ing. Erica Almeida Lino<\/li><li>Ing. Gema Carvajal Zambrano<\/li><li>Ing. Luis Miguel Mej\u00eda Ruperti<\/li><li>Ing. Mayra Espinoza Arauz<\/li><\/ul><\/div>\n\t\t\t\t\t\t\t\t\t<div class=\"elementor-tab-title elementor-tab-mobile-title\" aria-selected=\"false\" data-tab=\"4\" role=\"tab\" tabindex=\"-1\" aria-controls=\"elementor-tab-content-2544\" aria-expanded=\"false\">Datos Generales<\/div>\n\t\t\t\t\t<div id=\"elementor-tab-content-2544\" class=\"elementor-tab-content elementor-clearfix\" data-tab=\"4\" role=\"tabpanel\" aria-labelledby=\"elementor-tab-title-2544\" tabindex=\"0\" hidden=\"hidden\"><ul><li style=\"text-align: center\">Ing. Daniel Zambrano Molina, Mg.<\/li><li style=\"text-align: center\">COORDINADOR DE ADMINISTRATIVAS<\/li><li style=\"text-align: center\"><a href=\"mailto:luis.zambrano@uleam.edu.ec\">luis.zambrano@uleam.edu.ec<\/a><\/li><\/ul><hr \/><ul style=\"text-align: center\"><li>Ing. Nieve Ormaza Sabando<\/li><li>SECRETARIA<\/li><li><a href=\"mailto:nieve.ormaza@uleam.edu.ec\">nieve.ormaza@uleam.edu.ec<\/a><\/li><\/ul><hr \/><ul><li style=\"text-align: center\">HORARIO DE ATENCI\u00d3N<\/li><li style=\"text-align: center\">09:00 a 17:30<\/li><\/ul><\/div>\n\t\t\t\t\t\t\t\t\t<div class=\"elementor-tab-title elementor-tab-mobile-title\" aria-selected=\"false\" data-tab=\"5\" role=\"tab\" tabindex=\"-1\" aria-controls=\"elementor-tab-content-2545\" aria-expanded=\"false\">Gesti\u00f3n y Proceso Estudiantil<\/div>\n\t\t\t\t\t<div id=\"elementor-tab-content-2545\" class=\"elementor-tab-content elementor-clearfix\" data-tab=\"5\" role=\"tabpanel\" aria-labelledby=\"elementor-tab-title-2545\" tabindex=\"0\" hidden=\"hidden\"><ul><li>\u21d2\u00a0Pr\u00e1cticas Pre-profesionales<\/li><li>\u21d2 <a href=\"https:\/\/departamentos.uleam.edu.ec\/gestion-aseguramiento-calidad\/2019\/04\/08\/matricula\/\">Matr\u00edcula<\/a><\/li><li>\u21d2 <a href=\"https:\/\/departamentos.uleam.edu.ec\/gestion-aseguramiento-calidad\/reingreso-de-estudiantes\/\">Reingreso de estudiantes<\/a><\/li><li>\u21d2 <a href=\"https:\/\/departamentos.uleam.edu.ec\/gestion-aseguramiento-calidad\/homologacion-de-estudios-por-analisis-comparativo-de-contenidos\/\">Homologaci\u00f3n de Estudios por An\u00e1lisis Comparativo de Contenidos<\/a><\/li><\/ul><\/div>\n\t\t\t\t\t\t\t<\/div>\n\t\t<\/div>\n\t\t\t\t<\/div>\n\t\t\t\t<\/div>\n\t\t\t\t\t<\/div>\n\t\t<\/div>\n\t\t\t\t\t\t\t<\/div>\n\t\t<\/section>\n\t\t\t\t\t\t<\/div>\n\t\t\t\t\t<\/div>\n\t\t","protected":false},"excerpt":{"rendered":"<p>Descripci\u00f3n General de la Carrera Malla Curricular Docentes Datos Generales Gesti\u00f3n y Proceso Estudiantil Descripci\u00f3n General de la Carrera Nombre de la Carrera:\u00a0 \u00a0 \u00a0 \u00a0 \u00a0 \u00a0 \u00a0 \u00a0 \u00a0 \u00a0 \u00a0 \u00a0 Administraci\u00f3n de Empresas\u00a0 T\u00edtulo que otorga:\u00a0 [&hellip;]<\/p>\n","protected":false},"author":7,"featured_media":0,"parent":0,"menu_order":0,"comment_status":"closed","ping_status":"closed","template":"","meta":{"_acf_changed":false,"footnotes":""},"class_list":["post-7","page","type-page","status-publish","hentry"],"acf":[],"_links":{"self":[{"href":"https:\/\/carreras.uleam.edu.ec\/extension-sucre\/wp-json\/wp\/v2\/pages\/7","targetHints":{"allow":["GET"]}}],"collection":[{"href":"https:\/\/carreras.uleam.edu.ec\/extension-sucre\/wp-json\/wp\/v2\/pages"}],"about":[{"href":"https:\/\/carreras.uleam.edu.ec\/extension-sucre\/wp-json\/wp\/v2\/types\/page"}],"author":[{"embeddable":true,"href":"https:\/\/carreras.uleam.edu.ec\/extension-sucre\/wp-json\/wp\/v2\/users\/7"}],"replies":[{"embeddable":true,"href":"https:\/\/carreras.uleam.edu.ec\/extension-sucre\/wp-json\/wp\/v2\/comments?post=7"}],"version-history":[{"count":16,"href":"https:\/\/carreras.uleam.edu.ec\/extension-sucre\/wp-json\/wp\/v2\/pages\/7\/revisions"}],"predecessor-version":[{"id":272,"href":"https:\/\/carreras.uleam.edu.ec\/extension-sucre\/wp-json\/wp\/v2\/pages\/7\/revisions\/272"}],"wp:attachment":[{"href":"https:\/\/carreras.uleam.edu.ec\/extension-sucre\/wp-json\/wp\/v2\/media?parent=7"}],"curies":[{"name":"wp","href":"https:\/\/api.w.org\/{rel}","templated":true}]}}