{"id":9,"date":"2022-09-09T01:45:47","date_gmt":"2022-09-09T01:45:47","guid":{"rendered":"https:\/\/carreras.uleam.edu.ec\/extension-sucre\/?page_id=9"},"modified":"2025-03-14T21:17:25","modified_gmt":"2025-03-14T21:17:25","slug":"carrera-de-educacion-inicial-extension-sucre","status":"publish","type":"page","link":"https:\/\/carreras.uleam.edu.ec\/extension-sucre\/carrera-de-educacion-inicial-extension-sucre\/","title":{"rendered":"Carrera Educaci\u00f3n Inicial"},"content":{"rendered":"\t\t<div data-elementor-type=\"wp-page\" data-elementor-id=\"9\" class=\"elementor elementor-9\" data-elementor-settings=\"[]\">\n\t\t\t\t\t\t\t<div class=\"elementor-section-wrap\">\n\t\t\t\t\t\t\t<section class=\"elementor-section elementor-top-section elementor-element elementor-element-884a7c3 elementor-section-boxed elementor-section-height-default elementor-section-height-default\" data-id=\"884a7c3\" data-element_type=\"section\">\n\t\t\t\t\t\t<div class=\"elementor-container elementor-column-gap-default\">\n\t\t\t\t\t<div class=\"elementor-column elementor-col-100 elementor-top-column elementor-element elementor-element-d5c72f5\" data-id=\"d5c72f5\" data-element_type=\"column\">\n\t\t\t<div class=\"elementor-widget-wrap elementor-element-populated\">\n\t\t\t\t\t\t\t\t<div class=\"elementor-element elementor-element-251d6cf elementor-tabs-view-horizontal elementor-widget elementor-widget-tabs\" data-id=\"251d6cf\" data-element_type=\"widget\" data-widget_type=\"tabs.default\">\n\t\t\t\t<div class=\"elementor-widget-container\">\n\t\t\t\t\t<div class=\"elementor-tabs\">\n\t\t\t<div class=\"elementor-tabs-wrapper\" role=\"tablist\" >\n\t\t\t\t\t\t\t\t\t<div id=\"elementor-tab-title-3891\" class=\"elementor-tab-title elementor-tab-desktop-title\" aria-selected=\"true\" data-tab=\"1\" role=\"tab\" tabindex=\"0\" aria-controls=\"elementor-tab-content-3891\" aria-expanded=\"false\">Descripci\u00f3n General de la Carrera<\/div>\n\t\t\t\t\t\t\t\t\t<div id=\"elementor-tab-title-3892\" class=\"elementor-tab-title elementor-tab-desktop-title\" aria-selected=\"false\" data-tab=\"2\" role=\"tab\" tabindex=\"-1\" aria-controls=\"elementor-tab-content-3892\" aria-expanded=\"false\">Malla Curricular<\/div>\n\t\t\t\t\t\t\t\t\t<div id=\"elementor-tab-title-3893\" class=\"elementor-tab-title elementor-tab-desktop-title\" aria-selected=\"false\" data-tab=\"3\" role=\"tab\" tabindex=\"-1\" aria-controls=\"elementor-tab-content-3893\" aria-expanded=\"false\">Docentes<\/div>\n\t\t\t\t\t\t\t\t\t<div id=\"elementor-tab-title-3894\" class=\"elementor-tab-title elementor-tab-desktop-title\" aria-selected=\"false\" data-tab=\"4\" role=\"tab\" tabindex=\"-1\" aria-controls=\"elementor-tab-content-3894\" aria-expanded=\"false\">Datos Generales<\/div>\n\t\t\t\t\t\t\t\t\t<div id=\"elementor-tab-title-3895\" class=\"elementor-tab-title elementor-tab-desktop-title\" aria-selected=\"false\" data-tab=\"5\" role=\"tab\" tabindex=\"-1\" aria-controls=\"elementor-tab-content-3895\" aria-expanded=\"false\">Gesti\u00f3n y Proceso Estudiantil<\/div>\n\t\t\t\t\t\t\t<\/div>\n\t\t\t<div class=\"elementor-tabs-content-wrapper\" role=\"tablist\" aria-orientation=\"vertical\">\n\t\t\t\t\t\t\t\t\t<div class=\"elementor-tab-title elementor-tab-mobile-title\" aria-selected=\"true\" data-tab=\"1\" role=\"tab\" tabindex=\"0\" aria-controls=\"elementor-tab-content-3891\" aria-expanded=\"false\">Descripci\u00f3n General de la Carrera<\/div>\n\t\t\t\t\t<div id=\"elementor-tab-content-3891\" class=\"elementor-tab-content elementor-clearfix\" data-tab=\"1\" role=\"tabpanel\" aria-labelledby=\"elementor-tab-title-3891\" tabindex=\"0\" hidden=\"false\"><p>Carrera:\u00a0 \u00a0 \u00a0 \u00a0 \u00a0 \u00a0 \u00a0 \u00a0 \u00a0 \u00a0 \u00a0 \u00a0 \u00a0 EDUCACI\u00d3N INICIAL<\/p><p>T\u00edtulo que otorga:\u00a0 \u00a0 \u00a0 \u00a0 LICENCIADO\/A EN CIENCIAS DE LA EDUCACI\u00d3N INICIAL Modalidad de aprendizaje: Presencial<\/p><p>N\u00famero de per\u00edodos:\u00a0 8<\/p><p>Objetivo general:<\/p><p style=\"padding-left: 40px\">Formar profesionales eficientes y eficaces al servicio de la educaci\u00f3n inicial, comprometidos con la investigaci\u00f3n, vinculaci\u00f3n, interculturalidad e inclusi\u00f3n, coherentes con los principios del Buen Vivir.<\/p><p>Perfil de ingreso:<\/p><p>El aspirante a la carrera de Educaci\u00f3n Inicial deber\u00e1:<\/p><ul><li>Tener conocimientos b\u00e1sicos de las ciencias sociales.<\/li><li>Comunicarse en la lengua materna, utilizando los diferentes tipos de lenguaje.<\/li><li>Utilizar de manera eficiente las diferentes formas de pensamiento: anal\u00edtico, sist\u00e9mico, deductivo, argumentativo, cr\u00edtico y creativo en la soluci\u00f3n de problemas.<\/li><li>Trabajar en equipos con diversidad cultural y social.<\/li><li>Utilizar la tecnolog\u00eda como soporte de sus procesos de aprendizaje.<\/li><li>Demostrar inter\u00e9s por su auto preparaci\u00f3n y formaci\u00f3n profesional.<\/li><li>Evidenciar equilibrio emocional e higiene mental.<\/li><\/ul><p>Requisitos de ingreso:<\/p><ul><li>T\u00edtulo de bachiller o su equivalente debidamente reconocido por el Ministerio de Educaci\u00f3n<\/li><li>Haber aprobado el curso de nivelaci\u00f3n del SNNA o haber superado la prueba Exonera de acuerdo al reglamento establecido<\/li><li>C\u00e9dula de ciudadan\u00eda o pasaporte vigente con las regulaciones para su estancia<\/li><\/ul><p>Requisitos de graduaci\u00f3n:<\/p><ul><li>Haber aprobado los componentes de la malla curricular<\/li><li>Haber sido aprobado en una de las modalidades de titulaci\u00f3n de la carrera<\/li><li>Demostrar suficiencia de dominio a nivel MCERL \u2013 B2 en un idioma extranjero al culminar sus estudios (Proceso coordinado por el Centro de Idiomas de la Universidad)<\/li><\/ul><p>Modalidades de titulaci\u00f3n:<\/p><ul><li>Examen de grado o de fin de carrera<\/li><li>Proyectos de investigaci\u00f3n<\/li><li>Sistematizaci\u00f3n de experiencias pr\u00e1cticas de investigaci\u00f3n y\/o intervenci\u00f3n<\/li><\/ul><p>Campo Ocupacional:<\/p><ul><li>Docentes en Educaci\u00f3n Inicial<\/li><li>Docente en B\u00e1sica Preparatoria.<\/li><li>T\u00e9cnico de Protecci\u00f3n Infantil.<\/li><li>T\u00e9cnico comunitario infantil.<\/li><li>Docente independiente aplicando proyectos de investigaci\u00f3n pedag\u00f3gica.<\/li><li>Administra y organiza centros infantiles propios o privados.<\/li><li>Asesor en instituciones p\u00fablicas y privadas fiscomisionales del sistema educativo nacional, regional, provincial y local.<\/li><li>Funcionario del Ministerio de Educaci\u00f3n y Cultura.<\/li><\/ul><p>De esto se concreta que las funciones m\u00e1s generales del educador en el proceso educativo son:<\/p><ul><li>Dirigir el proceso educativo<\/li><li>Preservar y cuidar la salud psicof\u00edsica de los ni\u00f1os<\/li><li>Promover la unidad de la educaci\u00f3n institucional, no institucional, la familia y la comunidad<\/li><li>Desarrollar actividades dirigidas a su superaci\u00f3n cient\u00edfica y metodol\u00f3gica<\/li><li>Capacitarse continuamente para estar siempre actualizado y para desarrollar competencias<\/li><li>Realizar tareas de investigaci\u00f3n en la acci\u00f3n, sobre problemas de su pr\u00e1ctica educativa<\/li><\/ul><\/div>\n\t\t\t\t\t\t\t\t\t<div class=\"elementor-tab-title elementor-tab-mobile-title\" aria-selected=\"false\" data-tab=\"2\" role=\"tab\" tabindex=\"-1\" aria-controls=\"elementor-tab-content-3892\" aria-expanded=\"false\">Malla Curricular<\/div>\n\t\t\t\t\t<div id=\"elementor-tab-content-3892\" class=\"elementor-tab-content elementor-clearfix\" data-tab=\"2\" role=\"tabpanel\" aria-labelledby=\"elementor-tab-title-3892\" tabindex=\"0\" hidden=\"hidden\"><p><a href=\"https:\/\/carreras.uleam.edu.ec\/extension-sucre\/wp-content\/uploads\/sites\/77\/2023\/02\/Malla-Cuurricular.pdf\" target=\"_blank\" rel=\"noopener\"><img loading=\"lazy\" decoding=\"async\" class=\"alignnone wp-image-103 size-large\" src=\"https:\/\/carreras.uleam.edu.ec\/extension-sucre\/wp-content\/uploads\/sites\/77\/2023\/02\/malla-Educacion-Inicial-1024x640.png\" alt=\"\" width=\"1024\" height=\"640\" srcset=\"https:\/\/carreras.uleam.edu.ec\/extension-sucre\/wp-content\/uploads\/sites\/77\/2023\/02\/malla-Educacion-Inicial-1024x640.png 1024w, https:\/\/carreras.uleam.edu.ec\/extension-sucre\/wp-content\/uploads\/sites\/77\/2023\/02\/malla-Educacion-Inicial-300x188.png 300w, https:\/\/carreras.uleam.edu.ec\/extension-sucre\/wp-content\/uploads\/sites\/77\/2023\/02\/malla-Educacion-Inicial-768x480.png 768w, https:\/\/carreras.uleam.edu.ec\/extension-sucre\/wp-content\/uploads\/sites\/77\/2023\/02\/malla-Educacion-Inicial-1536x960.png 1536w, https:\/\/carreras.uleam.edu.ec\/extension-sucre\/wp-content\/uploads\/sites\/77\/2023\/02\/malla-Educacion-Inicial-2048x1280.png 2048w\" sizes=\"auto, (max-width: 1024px) 100vw, 1024px\" \/><\/a><\/p><\/div>\n\t\t\t\t\t\t\t\t\t<div class=\"elementor-tab-title elementor-tab-mobile-title\" aria-selected=\"false\" data-tab=\"3\" role=\"tab\" tabindex=\"-1\" aria-controls=\"elementor-tab-content-3893\" aria-expanded=\"false\">Docentes<\/div>\n\t\t\t\t\t<div id=\"elementor-tab-content-3893\" class=\"elementor-tab-content elementor-clearfix\" data-tab=\"3\" role=\"tabpanel\" aria-labelledby=\"elementor-tab-title-3893\" tabindex=\"0\" hidden=\"hidden\"><ul><li>Mg. Jos\u00e9 Leonardo Centeno Mart\u00ednez<\/li><li>Mg. Estrella Gloria Ferr\u00edn Delgado<\/li><li>Mg. Mar\u00eda Carmen Pati\u00f1o L\u00f3pez<\/li><li>Dra. Lilia Moncerrate Villac\u00eds Zambrano, Ph.D<\/li><\/ul><\/div>\n\t\t\t\t\t\t\t\t\t<div class=\"elementor-tab-title elementor-tab-mobile-title\" aria-selected=\"false\" data-tab=\"4\" role=\"tab\" tabindex=\"-1\" aria-controls=\"elementor-tab-content-3894\" aria-expanded=\"false\">Datos Generales<\/div>\n\t\t\t\t\t<div id=\"elementor-tab-content-3894\" class=\"elementor-tab-content elementor-clearfix\" data-tab=\"4\" role=\"tabpanel\" aria-labelledby=\"elementor-tab-title-3894\" tabindex=\"0\" hidden=\"hidden\"><ul><li style=\"text-align: center\">Lic. Mar\u00eda Pati\u00f1o L\u00f3pez, Mg.<\/li><li style=\"text-align: center\">COORDINADORA DE CARRERA<\/li><li style=\"text-align: center\"><a href=\"mailto:maria.patino@uleam.edu.ec\">maria.patino@uleam.edu.ec<\/a><\/li><\/ul><hr \/><ul style=\"text-align: center\"><li>Lic. Viviana Franco Lucas<\/li><li>SECRETARIA<\/li><li><a href=\"mailto:laura.franco@uleam.edu.ec\">laura.franco@uleam.edu.ec<\/a><\/li><\/ul><hr \/><ul><li style=\"text-align: center\">Horario de atenci\u00f3n<\/li><li style=\"text-align: center\">08:00 a 16:30<\/li><\/ul><\/div>\n\t\t\t\t\t\t\t\t\t<div class=\"elementor-tab-title elementor-tab-mobile-title\" aria-selected=\"false\" data-tab=\"5\" role=\"tab\" tabindex=\"-1\" aria-controls=\"elementor-tab-content-3895\" aria-expanded=\"false\">Gesti\u00f3n y Proceso Estudiantil<\/div>\n\t\t\t\t\t<div id=\"elementor-tab-content-3895\" class=\"elementor-tab-content elementor-clearfix\" data-tab=\"5\" role=\"tabpanel\" aria-labelledby=\"elementor-tab-title-3895\" tabindex=\"0\" hidden=\"hidden\"><ul><li>\u21d2\u00a0Pr\u00e1cticas Pre-profesionales<\/li><li>\u21d2 <a href=\"https:\/\/departamentos.uleam.edu.ec\/gestion-aseguramiento-calidad\/2019\/04\/08\/matricula\/\">Matr\u00edcula<\/a><\/li><li>\u21d2 <a href=\"https:\/\/departamentos.uleam.edu.ec\/gestion-aseguramiento-calidad\/reingreso-de-estudiantes\/\">Reingreso de estudiantes<\/a><\/li><li>\u21d2 <a href=\"https:\/\/departamentos.uleam.edu.ec\/gestion-aseguramiento-calidad\/homologacion-de-estudios-por-analisis-comparativo-de-contenidos\/\">Homologaci\u00f3n de Estudios por An\u00e1lisis Comparativo de Contenidos<\/a><\/li><\/ul><\/div>\n\t\t\t\t\t\t\t<\/div>\n\t\t<\/div>\n\t\t\t\t<\/div>\n\t\t\t\t<\/div>\n\t\t\t\t\t<\/div>\n\t\t<\/div>\n\t\t\t\t\t\t\t<\/div>\n\t\t<\/section>\n\t\t\t\t\t\t<\/div>\n\t\t\t\t\t<\/div>\n\t\t","protected":false},"excerpt":{"rendered":"<p>Descripci\u00f3n General de la Carrera Malla Curricular Docentes Datos Generales Gesti\u00f3n y Proceso Estudiantil Descripci\u00f3n General de la Carrera Carrera:\u00a0 \u00a0 \u00a0 \u00a0 \u00a0 \u00a0 \u00a0 \u00a0 \u00a0 \u00a0 \u00a0 \u00a0 \u00a0 EDUCACI\u00d3N INICIAL T\u00edtulo que otorga:\u00a0 \u00a0 \u00a0 \u00a0 [&hellip;]<\/p>\n","protected":false},"author":7,"featured_media":0,"parent":0,"menu_order":0,"comment_status":"closed","ping_status":"closed","template":"","meta":{"_acf_changed":false,"footnotes":""},"class_list":["post-9","page","type-page","status-publish","hentry"],"acf":[],"_links":{"self":[{"href":"https:\/\/carreras.uleam.edu.ec\/extension-sucre\/wp-json\/wp\/v2\/pages\/9","targetHints":{"allow":["GET"]}}],"collection":[{"href":"https:\/\/carreras.uleam.edu.ec\/extension-sucre\/wp-json\/wp\/v2\/pages"}],"about":[{"href":"https:\/\/carreras.uleam.edu.ec\/extension-sucre\/wp-json\/wp\/v2\/types\/page"}],"author":[{"embeddable":true,"href":"https:\/\/carreras.uleam.edu.ec\/extension-sucre\/wp-json\/wp\/v2\/users\/7"}],"replies":[{"embeddable":true,"href":"https:\/\/carreras.uleam.edu.ec\/extension-sucre\/wp-json\/wp\/v2\/comments?post=9"}],"version-history":[{"count":18,"href":"https:\/\/carreras.uleam.edu.ec\/extension-sucre\/wp-json\/wp\/v2\/pages\/9\/revisions"}],"predecessor-version":[{"id":276,"href":"https:\/\/carreras.uleam.edu.ec\/extension-sucre\/wp-json\/wp\/v2\/pages\/9\/revisions\/276"}],"wp:attachment":[{"href":"https:\/\/carreras.uleam.edu.ec\/extension-sucre\/wp-json\/wp\/v2\/media?parent=9"}],"curies":[{"name":"wp","href":"https:\/\/api.w.org\/{rel}","templated":true}]}}