{"id":1044,"date":"2025-09-09T20:26:54","date_gmt":"2025-09-09T20:26:54","guid":{"rendered":"https:\/\/carreras.uleam.edu.ec\/facultad-ciencias-administrativas-contables\/?page_id=1044"},"modified":"2025-09-09T20:29:47","modified_gmt":"2025-09-09T20:29:47","slug":"procedimientos-academicos-de-retiros","status":"publish","type":"page","link":"https:\/\/carreras.uleam.edu.ec\/facultad-ciencias-administrativas-contables\/procedimientos-academicos-de-retiros\/","title":{"rendered":"PROCEDIMIENTOS ACAD\u00c9MICOS DE RETIROS"},"content":{"rendered":"\n<p style=\"text-align: justify\">Art\u00edculo 103.- Anulaci\u00f3n de matr\u00edcula. &#8211; El \u00d3rgano Colegiado Superior de oficio o motivado en los informes que determinen que una matr\u00edcula se haya realizado violentando la ley y la normativa aplicable, podr\u00e1 declararla nula sin detrimento de las acciones legales derivadas del acto administrativo.<\/p>\n\n<p style=\"text-align: justify\">Art\u00edculo 104.- Retiro voluntario. &#8211; Un estudiante que curse una carrera podr\u00e1 retirarse voluntariamente de una o varias asignaturas, cursos o su equivalente en un per\u00edodo acad\u00e9mico en el t\u00e9rmino de quince (15) d\u00edas contados a partir del inicio de clases. El retiro voluntario, en el caso de carreras modulares, podr\u00e1 presentarse cuando no se ULEAM-004 REGLAMENTO INTERNO DE R\u00c9GIMEN ACAD\u00c9MICO DE LA UNIVERSIDAD LAICA \u201cELOY ALFARO\u201d DE MANAB\u00cd haya cumplido m\u00e1s del 30% de las horas del componente docencia de la asignatura, curso o su equivalente.<\/p>\n\n<p style=\"text-align: justify\">Art\u00edculo 105.- Retiro de fuerza mayor. &#8211; Ser\u00e1 registrado previo tr\u00e1mite del estudiante fuera del t\u00e9rmino del retiro voluntario. Se justificar\u00e1 por estado de salud, situaciones fortuitas o de fuerza mayor debidamente documentadas que impidan la culminaci\u00f3n del per\u00edodo acad\u00e9mico. Los retiros de fuerza mayor ser\u00e1n aprobados por el Consejo de Facultad\/Extensi\u00f3n\/Sede previo informe de la Comisi\u00f3n Acad\u00e9mica.<\/p>\n\n<p style=\"text-align: justify\">Para acceder al retiro de fuerza mayor se considerar\u00e1n las siguientes condiciones:<\/p>\n\n<p style=\"text-align: justify\">a) Adjuntar documentos que validen el estado de salud, situaci\u00f3n fortuita o de fuerza mayor motivante del retiro validado o expedido por la Direcci\u00f3n de Bienestar, Admisi\u00f3n y Nivelaci\u00f3n Universitaria. En caso de situaci\u00f3n econ\u00f3mica vulnerable se requerir\u00e1 el informe vinculante de la misma Direcci\u00f3n.<\/p>\n\n<p style=\"text-align: justify\">b) Ser estudiante de la asignatura requerida en el per\u00edodo acad\u00e9mico en curso durante el cual se interpone la solicitud.<\/p>\n\n<p style=\"text-align: justify\">c) No tener registros de calificaciones del segundo parcial en la asignatura objeto del retiro.<\/p>\n\n<p style=\"text-align: justify\">d) Que haya culminado el periodo de retiro voluntario desde el aula virtual.<\/p>\n\n<p style=\"text-align: justify\">e) Presentar el tr\u00e1mite hasta la semana doce (12) del per\u00edodo acad\u00e9mico vigente. Para las carreras en sistema modular se podr\u00e1 presentar el tr\u00e1mite antes de alcanzar el 75% de la asignatura, curso o su equivalente.<\/p>\n\n<p style=\"text-align: justify\">Se consideran situaciones fortuitas o de fuerza mayor aquellas tipificadas en el art\u00edculo 30 del C\u00f3digo Civil y aquellos no contemplados en la misma, se juzgar\u00e1 con base en los principios generales del Derecho.<\/p>\n\n<p style=\"text-align: justify\">Los retiros de fuerza mayor no aplican para asignaturas en per\u00edodos acad\u00e9micos extraordinarios para el \u00e1rea de salud. Estos procesos ser\u00e1n sujetos de revisiones peri\u00f3dicas por parte de los organismos internos que regulan la gesti\u00f3n acad\u00e9mica.<\/p>\n\n<p style=\"text-align: justify\">En caso de retiro voluntario y retiro por caso fortuito o fuerza mayor debidamente justificado, la matr\u00edcula correspondiente a estas asignaturas, cursos o sus equivalentes, quedar\u00e1 sin efecto y no se contabilizar\u00e1 para la aplicaci\u00f3n de lo establecido en el art\u00edculo 84 de la LOES referente a las terceras matr\u00edculas y el art\u00edculo 106 del presente reglamento.<\/p>\n\n<p style=\"text-align: justify\">\u00a0<\/p>\n","protected":false},"excerpt":{"rendered":"<p>Art\u00edculo 103.- Anulaci\u00f3n de matr\u00edcula. &#8211; El \u00d3rgano Colegiado Superior de oficio o motivado en los informes que determinen que una matr\u00edcula se haya realizado violentando la ley y la normativa aplicable, podr\u00e1 declararla nula sin detrimento de las acciones [&hellip;]<\/p>\n","protected":false},"author":70,"featured_media":0,"parent":0,"menu_order":0,"comment_status":"closed","ping_status":"closed","template":"","meta":{"_acf_changed":false,"footnotes":""},"class_list":["post-1044","page","type-page","status-publish","hentry"],"acf":[],"_links":{"self":[{"href":"https:\/\/carreras.uleam.edu.ec\/facultad-ciencias-administrativas-contables\/wp-json\/wp\/v2\/pages\/1044","targetHints":{"allow":["GET"]}}],"collection":[{"href":"https:\/\/carreras.uleam.edu.ec\/facultad-ciencias-administrativas-contables\/wp-json\/wp\/v2\/pages"}],"about":[{"href":"https:\/\/carreras.uleam.edu.ec\/facultad-ciencias-administrativas-contables\/wp-json\/wp\/v2\/types\/page"}],"author":[{"embeddable":true,"href":"https:\/\/carreras.uleam.edu.ec\/facultad-ciencias-administrativas-contables\/wp-json\/wp\/v2\/users\/70"}],"replies":[{"embeddable":true,"href":"https:\/\/carreras.uleam.edu.ec\/facultad-ciencias-administrativas-contables\/wp-json\/wp\/v2\/comments?post=1044"}],"version-history":[{"count":3,"href":"https:\/\/carreras.uleam.edu.ec\/facultad-ciencias-administrativas-contables\/wp-json\/wp\/v2\/pages\/1044\/revisions"}],"predecessor-version":[{"id":1047,"href":"https:\/\/carreras.uleam.edu.ec\/facultad-ciencias-administrativas-contables\/wp-json\/wp\/v2\/pages\/1044\/revisions\/1047"}],"wp:attachment":[{"href":"https:\/\/carreras.uleam.edu.ec\/facultad-ciencias-administrativas-contables\/wp-json\/wp\/v2\/media?parent=1044"}],"curies":[{"name":"wp","href":"https:\/\/api.w.org\/{rel}","templated":true}]}}