{"id":1055,"date":"2025-09-09T20:33:50","date_gmt":"2025-09-09T20:33:50","guid":{"rendered":"https:\/\/carreras.uleam.edu.ec\/facultad-ciencias-administrativas-contables\/?page_id=1055"},"modified":"2025-09-09T20:33:50","modified_gmt":"2025-09-09T20:33:50","slug":"procedimientos-de-titulacion","status":"publish","type":"page","link":"https:\/\/carreras.uleam.edu.ec\/facultad-ciencias-administrativas-contables\/procedimientos-de-titulacion\/","title":{"rendered":"PROCEDIMIENTOS DE TITULACI\u00d3N"},"content":{"rendered":"\n<p><strong>Art\u00edculo 26. &#8211; Examen Nacional de Evaluaci\u00f3n de Carreras. \u2013 <\/strong>La rendici\u00f3n de este examen tendr\u00e1 car\u00e1cter de obligatorio para los estudiantes que se encuentren en el \u00faltimo a\u00f1o, que sean convocados por el CACES. Los resultados de este examen no incidir\u00e1n en el promedio final de calificaciones y titulaci\u00f3n del estudiante.<\/p>\n\n\n\n<p>La inasistencia a la rendici\u00f3n del Examen Nacional de Evaluaci\u00f3n de Carreras podr\u00e1 justificarse \u00fanicamente en situaciones de caso fortuito o fuerza mayor, debidamente documentados y autorizados por el \u00d3rgano Colegiado Superior de la Uleam. En estos casos la IES, reportar\u00e1 al CACES la certificaci\u00f3n pertinente en el t\u00e9rmino m\u00e1ximo de quince d\u00edas (15) d\u00edas, contados a partir de la fecha programada para la recepci\u00f3n del examen.<\/p>\n\n\n\n<p><strong>Art\u00edculo 27.-<\/strong> <strong>De la evaluaci\u00f3n del trabajo de titulaci\u00f3n. &#8211;<\/strong> El trabajo de titulaci\u00f3n corresponder\u00e1 al trabajo escrito, producto, prototipo u otro desarrollado por el o los estudiantes en la Unidad de Integraci\u00f3n Curricular o similar declarada en la malla curricular y vigente en la Uleam. El Vicerrectorado Acad\u00e9mico establecer\u00e1 los lineamientos y par\u00e1metros de calificaci\u00f3n tanto de las asignaturas de la Unidad de Integraci\u00f3n Curricular o su similar, como del trabajo de integraci\u00f3n curricular o trabajo de titulaci\u00f3n desarrollado.<\/p>\n\n\n\n<p>Las Facultades\/Extensiones establecer\u00e1n las condiciones y\/o criterios para la elaboraci\u00f3n del trabajo de integraci\u00f3n curricular o trabajo de titulaci\u00f3n en apego a las caracter\u00edsticas de la carrera y las competencias profesionales. En caso de no completar el trabajo de titulaci\u00f3n en los plazos estipulados, se proceder\u00e1 de conformidad con los instructivos institucionales y\/o Reglamento de R\u00e9gimen Acad\u00e9mico aprobado por el CES.<\/p>\n\n\n\n<p><strong>Art\u00edculo 28.-<\/strong> <strong>Atenci\u00f3n a estudiantes con necesidades educativas asociadas o no a la discapacidad. \u2013 <\/strong>En el caso de que sea necesario realizar adaptaciones curriculares para atender requerimientos de estudiantes con necesidades educativas especiales, asociadas o no a la discapacidad, los mecanismos de adaptaci\u00f3n de los procesos de ense\u00f1anza aprendizaje y de evaluaci\u00f3n, deber\u00e1n ser:<\/p>\n\n\n\n<p>a) Programados antes de iniciar el per\u00edodo acad\u00e9mico correspondiente;<\/p>\n\n\n\n<p>b) Comunicados oportunamente a los estudiantes; y,<\/p>\n\n\n\n<p>c) Objeto de seguimiento pedag\u00f3gico de los estudiantes en cuanto a sus avances durante<\/p>\n\n\n\n<p>el proceso formativo.<\/p>\n\n\n\n<p>En los casos que no se haya podido programar las adaptaciones curriculares antes del inicio del per\u00edodo acad\u00e9mico, se deber\u00e1 realizar el respectivo proceso dentro de los 15 d\u00edas posteriores a la notificaci\u00f3n de la necesidad de adaptaciones curriculares asociadas o no a la discapacidad.<\/p>\n\n\n\n<p>Las adaptaciones curriculares ser\u00e1n solicitadas por la Comisi\u00f3n Acad\u00e9mica al docente responsable de la asignatura, curso o su equivalente junto con el s\u00edlabo y el informe t\u00e9cnico del ente correspondiente designado por el Vicerrectorado Acad\u00e9mico, la Comisi\u00f3n Acad\u00e9mica derivar\u00e1 el caso para su aprobaci\u00f3n al Consejo de Facultad o Consejo Acad\u00e9mico para las adaptaciones curriculares no significativas y significativas respectivamente.<\/p>\n\n\n\n<p>El seguimiento pedag\u00f3gico de estas adaptaciones curriculares ser\u00e1 realizado por la Comisi\u00f3n Acad\u00e9mica de la Facultad\/Extensi\u00f3n y por el ente correspondiente designado por el Vicerrectorado Acad\u00e9mico.<\/p>\n\n\n\n<p><\/p>\n","protected":false},"excerpt":{"rendered":"<p>Art\u00edculo 26. &#8211; Examen Nacional de Evaluaci\u00f3n de Carreras. \u2013 La rendici\u00f3n de este examen tendr\u00e1 car\u00e1cter de obligatorio para los estudiantes que se encuentren en el \u00faltimo a\u00f1o, que sean convocados por el CACES. Los resultados de este examen [&hellip;]<\/p>\n","protected":false},"author":70,"featured_media":0,"parent":0,"menu_order":0,"comment_status":"closed","ping_status":"closed","template":"","meta":{"_acf_changed":false,"footnotes":""},"class_list":["post-1055","page","type-page","status-publish","hentry"],"acf":[],"_links":{"self":[{"href":"https:\/\/carreras.uleam.edu.ec\/facultad-ciencias-administrativas-contables\/wp-json\/wp\/v2\/pages\/1055","targetHints":{"allow":["GET"]}}],"collection":[{"href":"https:\/\/carreras.uleam.edu.ec\/facultad-ciencias-administrativas-contables\/wp-json\/wp\/v2\/pages"}],"about":[{"href":"https:\/\/carreras.uleam.edu.ec\/facultad-ciencias-administrativas-contables\/wp-json\/wp\/v2\/types\/page"}],"author":[{"embeddable":true,"href":"https:\/\/carreras.uleam.edu.ec\/facultad-ciencias-administrativas-contables\/wp-json\/wp\/v2\/users\/70"}],"replies":[{"embeddable":true,"href":"https:\/\/carreras.uleam.edu.ec\/facultad-ciencias-administrativas-contables\/wp-json\/wp\/v2\/comments?post=1055"}],"version-history":[{"count":1,"href":"https:\/\/carreras.uleam.edu.ec\/facultad-ciencias-administrativas-contables\/wp-json\/wp\/v2\/pages\/1055\/revisions"}],"predecessor-version":[{"id":1057,"href":"https:\/\/carreras.uleam.edu.ec\/facultad-ciencias-administrativas-contables\/wp-json\/wp\/v2\/pages\/1055\/revisions\/1057"}],"wp:attachment":[{"href":"https:\/\/carreras.uleam.edu.ec\/facultad-ciencias-administrativas-contables\/wp-json\/wp\/v2\/media?parent=1055"}],"curies":[{"name":"wp","href":"https:\/\/api.w.org\/{rel}","templated":true}]}}