{"id":1064,"date":"2025-09-09T20:42:27","date_gmt":"2025-09-09T20:42:27","guid":{"rendered":"https:\/\/carreras.uleam.edu.ec\/facultad-ciencias-administrativas-contables\/?page_id=1064"},"modified":"2025-09-09T20:42:27","modified_gmt":"2025-09-09T20:42:27","slug":"sistema-de-becas","status":"publish","type":"page","link":"https:\/\/carreras.uleam.edu.ec\/facultad-ciencias-administrativas-contables\/sistema-de-becas\/","title":{"rendered":"SISTEMA DE BECAS"},"content":{"rendered":"\n<p>Art\u00edculo 19.- Est\u00edmulos y reconocimientos. \u2013 Por su desempe\u00f1o acad\u00e9mico, los estudiantes con promedios equivalente a muy bueno y excelente en un per\u00edodo acad\u00e9mico, gozar\u00e1n de reconocimientos por parte de la Facultad\/Extensi\u00f3n y del Vicerrectorado Acad\u00e9mico. De conformidad con la normativa interna vigente podr\u00e1 acceder a becas por m\u00e9rito estudiantil u otro tipo de beca establecida por la Direcci\u00f3n de Bienestar, Cultura, Admisi\u00f3n y Nivelaci\u00f3n Universitaria.<\/p>\n\n\n\n<p><a href=\"https:\/\/departamentos.uleam.edu.ec\/bienestar\/becas\/\" data-type=\"link\" data-id=\"https:\/\/departamentos.uleam.edu.ec\/bienestar\/becas\/\">INGRESE AQU\u00cd AL SISTEMA DE BECAS<\/a><\/p>\n\n\n\n<p><\/p>\n","protected":false},"excerpt":{"rendered":"<p>Art\u00edculo 19.- Est\u00edmulos y reconocimientos. \u2013 Por su desempe\u00f1o acad\u00e9mico, los estudiantes con promedios equivalente a muy bueno y excelente en un per\u00edodo acad\u00e9mico, gozar\u00e1n de reconocimientos por parte de la Facultad\/Extensi\u00f3n y del Vicerrectorado Acad\u00e9mico. De conformidad con la [&hellip;]<\/p>\n","protected":false},"author":70,"featured_media":0,"parent":0,"menu_order":0,"comment_status":"closed","ping_status":"closed","template":"","meta":{"_acf_changed":false,"footnotes":""},"class_list":["post-1064","page","type-page","status-publish","hentry"],"acf":[],"_links":{"self":[{"href":"https:\/\/carreras.uleam.edu.ec\/facultad-ciencias-administrativas-contables\/wp-json\/wp\/v2\/pages\/1064","targetHints":{"allow":["GET"]}}],"collection":[{"href":"https:\/\/carreras.uleam.edu.ec\/facultad-ciencias-administrativas-contables\/wp-json\/wp\/v2\/pages"}],"about":[{"href":"https:\/\/carreras.uleam.edu.ec\/facultad-ciencias-administrativas-contables\/wp-json\/wp\/v2\/types\/page"}],"author":[{"embeddable":true,"href":"https:\/\/carreras.uleam.edu.ec\/facultad-ciencias-administrativas-contables\/wp-json\/wp\/v2\/users\/70"}],"replies":[{"embeddable":true,"href":"https:\/\/carreras.uleam.edu.ec\/facultad-ciencias-administrativas-contables\/wp-json\/wp\/v2\/comments?post=1064"}],"version-history":[{"count":2,"href":"https:\/\/carreras.uleam.edu.ec\/facultad-ciencias-administrativas-contables\/wp-json\/wp\/v2\/pages\/1064\/revisions"}],"predecessor-version":[{"id":1066,"href":"https:\/\/carreras.uleam.edu.ec\/facultad-ciencias-administrativas-contables\/wp-json\/wp\/v2\/pages\/1064\/revisions\/1066"}],"wp:attachment":[{"href":"https:\/\/carreras.uleam.edu.ec\/facultad-ciencias-administrativas-contables\/wp-json\/wp\/v2\/media?parent=1064"}],"curies":[{"name":"wp","href":"https:\/\/api.w.org\/{rel}","templated":true}]}}