{"id":1077,"date":"2025-09-09T21:06:11","date_gmt":"2025-09-09T21:06:11","guid":{"rendered":"https:\/\/carreras.uleam.edu.ec\/facultad-ciencias-administrativas-contables\/?page_id=1077"},"modified":"2025-09-09T21:06:11","modified_gmt":"2025-09-09T21:06:11","slug":"proyectos-de-investigacion","status":"publish","type":"page","link":"https:\/\/carreras.uleam.edu.ec\/facultad-ciencias-administrativas-contables\/proyectos-de-investigacion\/","title":{"rendered":"PROYECTOS DE INVESTIGACI\u00d3N"},"content":{"rendered":"\n<p>Los proyectos de investigaci\u00f3n son los siguientes:<\/p>\n\n\n\n<p>1.- Proyecto de investigaci\u00f3n<strong> \u201cLas tipolog\u00edas del Marketing\u201d Las tipolog\u00edas del marketing y su aporte al crecimiento econ\u00f3mico de las empresas de Manab\u00ed <\/strong>(Docente responsable Ing. Johnny Edison Ponce Andrade, PhD).<\/p>\n\n\n\n<p>2.- Proyecto de investigaci\u00f3n<strong>\u201cPosicionamiento del turismo global Islas Gal\u00e1pagos-Ecuador.\u201d Marketing estrat\u00e9gico y comunicacional para el posicionamiento del turismo global en las islas Gal\u00e1pagos del Ecuador <\/strong>(Docente responsable Ing. Isaura Vanessa Pe\u00f1a V\u00e9lez, PhD).<\/p>\n\n\n\n<p>3.-&nbsp;Proyecto de investigaci\u00f3n<strong> \u201cEl comportamiento del consumidor, servicio educativo ULEAM\u201d&nbsp;El comportamiento del consumidor y su influencia en la decisi\u00f3n de compra del servicio educativo en la Universidad Laica Eloy Alfaro de Manab\u00ed&nbsp;durante el a\u00f1o 2025 <\/strong>(Docente responsable Ing. Karen Gisela Pinargote Montenegro, PhD).<\/p>\n\n\n\n<p>4.Proyecto de investigaci\u00f3n<strong> \u201cSostenibilidad e innovaci\u00f3n en empresas familiares del sector tur\u00edstico de Manab\u00ed\u201d <\/strong>(Docente responsable Eco. Claudia Anal\u00eda Molina Quiroz, PhD).<\/p>\n\n\n\n<p><\/p>\n","protected":false},"excerpt":{"rendered":"<p>Los proyectos de investigaci\u00f3n son los siguientes: 1.- Proyecto de investigaci\u00f3n \u201cLas tipolog\u00edas del Marketing\u201d Las tipolog\u00edas del marketing y su aporte al crecimiento econ\u00f3mico de las empresas de Manab\u00ed (Docente responsable Ing. Johnny Edison Ponce Andrade, PhD). 2.- Proyecto [&hellip;]<\/p>\n","protected":false},"author":70,"featured_media":0,"parent":0,"menu_order":0,"comment_status":"closed","ping_status":"closed","template":"","meta":{"_acf_changed":false,"footnotes":""},"class_list":["post-1077","page","type-page","status-publish","hentry"],"acf":[],"_links":{"self":[{"href":"https:\/\/carreras.uleam.edu.ec\/facultad-ciencias-administrativas-contables\/wp-json\/wp\/v2\/pages\/1077","targetHints":{"allow":["GET"]}}],"collection":[{"href":"https:\/\/carreras.uleam.edu.ec\/facultad-ciencias-administrativas-contables\/wp-json\/wp\/v2\/pages"}],"about":[{"href":"https:\/\/carreras.uleam.edu.ec\/facultad-ciencias-administrativas-contables\/wp-json\/wp\/v2\/types\/page"}],"author":[{"embeddable":true,"href":"https:\/\/carreras.uleam.edu.ec\/facultad-ciencias-administrativas-contables\/wp-json\/wp\/v2\/users\/70"}],"replies":[{"embeddable":true,"href":"https:\/\/carreras.uleam.edu.ec\/facultad-ciencias-administrativas-contables\/wp-json\/wp\/v2\/comments?post=1077"}],"version-history":[{"count":1,"href":"https:\/\/carreras.uleam.edu.ec\/facultad-ciencias-administrativas-contables\/wp-json\/wp\/v2\/pages\/1077\/revisions"}],"predecessor-version":[{"id":1078,"href":"https:\/\/carreras.uleam.edu.ec\/facultad-ciencias-administrativas-contables\/wp-json\/wp\/v2\/pages\/1077\/revisions\/1078"}],"wp:attachment":[{"href":"https:\/\/carreras.uleam.edu.ec\/facultad-ciencias-administrativas-contables\/wp-json\/wp\/v2\/media?parent=1077"}],"curies":[{"name":"wp","href":"https:\/\/api.w.org\/{rel}","templated":true}]}}