{"id":11,"date":"2022-09-09T02:18:40","date_gmt":"2022-09-09T02:18:40","guid":{"rendered":"https:\/\/carreras.uleam.edu.ec\/facultad-ciencias-administrativas-contables\/?page_id=11"},"modified":"2025-12-01T20:21:20","modified_gmt":"2025-12-01T20:21:20","slug":"carrera-de-contabilidad-y-auditoria","status":"publish","type":"page","link":"https:\/\/carreras.uleam.edu.ec\/facultad-ciencias-administrativas-contables\/carrera-de-contabilidad-y-auditoria\/","title":{"rendered":"Carrera Contabilidad y Auditor\u00eda"},"content":{"rendered":"\t\t<div data-elementor-type=\"wp-page\" data-elementor-id=\"11\" class=\"elementor elementor-11\" data-elementor-settings=\"[]\">\n\t\t\t\t\t\t\t<div class=\"elementor-section-wrap\">\n\t\t\t\t\t\t\t<section class=\"elementor-section elementor-top-section elementor-element elementor-element-297657b elementor-section-boxed elementor-section-height-default elementor-section-height-default\" data-id=\"297657b\" data-element_type=\"section\">\n\t\t\t\t\t\t<div class=\"elementor-container elementor-column-gap-default\">\n\t\t\t\t\t<div class=\"elementor-column elementor-col-100 elementor-top-column elementor-element elementor-element-1a1d347\" data-id=\"1a1d347\" data-element_type=\"column\">\n\t\t\t<div class=\"elementor-widget-wrap elementor-element-populated\">\n\t\t\t\t\t\t\t\t<div class=\"elementor-element elementor-element-7994b89 elementor-tabs-view-horizontal elementor-widget elementor-widget-tabs\" data-id=\"7994b89\" data-element_type=\"widget\" data-widget_type=\"tabs.default\">\n\t\t\t\t<div class=\"elementor-widget-container\">\n\t\t\t\t\t<div class=\"elementor-tabs\">\n\t\t\t<div class=\"elementor-tabs-wrapper\" role=\"tablist\" >\n\t\t\t\t\t\t\t\t\t<div id=\"elementor-tab-title-1271\" class=\"elementor-tab-title elementor-tab-desktop-title\" aria-selected=\"true\" data-tab=\"1\" role=\"tab\" tabindex=\"0\" aria-controls=\"elementor-tab-content-1271\" aria-expanded=\"false\">Misi\u00f3 y Visi\u00f3n<\/div>\n\t\t\t\t\t\t\t\t\t<div id=\"elementor-tab-title-1272\" class=\"elementor-tab-title elementor-tab-desktop-title\" aria-selected=\"false\" data-tab=\"2\" role=\"tab\" tabindex=\"-1\" aria-controls=\"elementor-tab-content-1272\" aria-expanded=\"false\">Descripci\u00f3n General de la Carrera<\/div>\n\t\t\t\t\t\t\t\t\t<div id=\"elementor-tab-title-1273\" class=\"elementor-tab-title elementor-tab-desktop-title\" aria-selected=\"false\" data-tab=\"3\" role=\"tab\" tabindex=\"-1\" aria-controls=\"elementor-tab-content-1273\" aria-expanded=\"false\">Malla Curricular<\/div>\n\t\t\t\t\t\t\t\t\t<div id=\"elementor-tab-title-1274\" class=\"elementor-tab-title elementor-tab-desktop-title\" aria-selected=\"false\" data-tab=\"4\" role=\"tab\" tabindex=\"-1\" aria-controls=\"elementor-tab-content-1274\" aria-expanded=\"false\">Docentes<\/div>\n\t\t\t\t\t\t\t\t\t<div id=\"elementor-tab-title-1275\" class=\"elementor-tab-title elementor-tab-desktop-title\" aria-selected=\"false\" data-tab=\"5\" role=\"tab\" tabindex=\"-1\" aria-controls=\"elementor-tab-content-1275\" aria-expanded=\"false\">Datos Generales<\/div>\n\t\t\t\t\t\t\t\t\t<div id=\"elementor-tab-title-1276\" class=\"elementor-tab-title elementor-tab-desktop-title\" aria-selected=\"false\" data-tab=\"6\" role=\"tab\" tabindex=\"-1\" aria-controls=\"elementor-tab-content-1276\" aria-expanded=\"false\">Gesti\u00f3n y Proceso Estudiantil<\/div>\n\t\t\t\t\t\t\t<\/div>\n\t\t\t<div class=\"elementor-tabs-content-wrapper\" role=\"tablist\" aria-orientation=\"vertical\">\n\t\t\t\t\t\t\t\t\t<div class=\"elementor-tab-title elementor-tab-mobile-title\" aria-selected=\"true\" data-tab=\"1\" role=\"tab\" tabindex=\"0\" aria-controls=\"elementor-tab-content-1271\" aria-expanded=\"false\">Misi\u00f3 y Visi\u00f3n<\/div>\n\t\t\t\t\t<div id=\"elementor-tab-content-1271\" class=\"elementor-tab-content elementor-clearfix\" data-tab=\"1\" role=\"tabpanel\" aria-labelledby=\"elementor-tab-title-1271\" tabindex=\"0\" hidden=\"false\"><p>Misi\u00f3n\u00a0<\/p><p>Formar licenciados\/as en Contabilidad y Auditor\u00eda competentes, con valores \u00e9ticos u morales, que den confianza y fe p\u00fablica en el ejercicio de su profesi\u00f3n; anal\u00edticos e investigativos sobre la informaci\u00f3n financiera y de control, beneficiando a los usuarios y la sociedad en general.<\/p><p>Visi\u00f3n<\/p><p>Se la carrera l\u00edder en la formaci\u00f3n de profesionales \u00edntegros e innovadores, por el desempe\u00f1o y asociamiento t\u00e9cnico en materia contable, financiera, gesti\u00f3n y de control; reconocida por los entes p\u00fablicos y privados a nivel nacional e internacional.<\/p><\/div>\n\t\t\t\t\t\t\t\t\t<div class=\"elementor-tab-title elementor-tab-mobile-title\" aria-selected=\"false\" data-tab=\"2\" role=\"tab\" tabindex=\"-1\" aria-controls=\"elementor-tab-content-1272\" aria-expanded=\"false\">Descripci\u00f3n General de la Carrera<\/div>\n\t\t\t\t\t<div id=\"elementor-tab-content-1272\" class=\"elementor-tab-content elementor-clearfix\" data-tab=\"2\" role=\"tabpanel\" aria-labelledby=\"elementor-tab-title-1272\" tabindex=\"0\" hidden=\"hidden\"><p style=\"text-align: justify;\">Nombre de la Carrera:\u00a0 \u00a0 \u00a0 \u00a0 \u00a0 \u00a0 \u00a0 \u00a0 \u00a0 \u00a0 \u00a0 \u00a0 \u00a0 \u00a0Contabilidad y Auditor\u00eda<\/p><p style=\"text-align: justify;\">T\u00edtulo que otorga:\u00a0 \u00a0 \u00a0 \u00a0 \u00a0 \u00a0 \u00a0 \u00a0 \u00a0 \u00a0 \u00a0 \u00a0 \u00a0 \u00a0 \u00a0 \u00a0 \u00a0 \u00a0Licenciado\/da en Contabilidad y Auditor\u00eda<\/p><p style=\"text-align: justify;\">Modalidad de aprendizaje:\u00a0 \u00a0 \u00a0 \u00a0 \u00a0 \u00a0 \u00a0 \u00a0 \u00a0 \u00a0 Presencial<\/p><p style=\"text-align: justify;\">N\u00famero de per\u00edodos ordinarios:\u00a0 \u00a0 \u00a0 \u00a0 \u00a0 8 periodos ordinarios<\/p><p style=\"text-align: justify;\">Objetivo general:<\/p><p style=\"text-align: justify;\">Formar y especializar profesionales con liderazgo, responsabilidad social, ambiental, principios y valores, con la capacidad de analizar, formular, evaluar y dar soluciones en forma objetiva e integral de calidad, en el \u00e1mbito de la Contabilidad y Control, que permitan brindar transparencia de la informaci\u00f3n y cumplimiento de las normas en las organizaciones p\u00fablicas y privadas; para tener sostenibilidad, desarrollo local, regional, nacional e internacional.\u00a0\u00a0\u00a0\u00a0\u00a0\u00a0\u00a0\u00a0\u00a0\u00a0\u00a0\u00a0\u00a0\u00a0\u00a0\u00a0\u00a0\u00a0\u00a0\u00a0\u00a0\u00a0\u00a0\u00a0\u00a0\u00a0\u00a0\u00a0\u00a0\u00a0\u00a0<\/p><p style=\"text-align: justify;\">Perfil de ingreso:<\/p><p style=\"text-align: justify;\">El aspirante a esta carrera deber\u00e1 caracterizarse por tener:<\/p><ul style=\"text-align: justify;\"><li>Pensar rigurosamente<\/li><li>Razonar num\u00e9ricamente<\/li><li>Actuar como ciudadano responsable<\/li><li>Manejar sus emociones en la interrelaci\u00f3n social<\/li><li>Emprender<\/li><li>Aprender por el resto de su vida<\/li><li>Cuidar de su salud y bienestar personal<\/li><\/ul><p style=\"text-align: justify;\">Estas habilidades se eval\u00faan a trav\u00e9s del Sistema Nacional de Nivelaci\u00f3n y Admisi\u00f3n\u00a0en el examen integrado Ser Bachiller o el mecanismo que a futuro se considere para\u00a0el proceso.\u00a0 \u00a0 \u00a0 \u00a0 \u00a0 \u00a0 \u00a0 \u00a0 \u00a0 \u00a0 \u00a0 \u00a0 \u00a0 \u00a0 \u00a0 \u00a0 \u00a0 \u00a0 \u00a0 \u00a0 \u00a0 \u00a0<\/p><p style=\"text-align: justify;\">Requisitos de ingreso:<\/p><ul style=\"text-align: justify;\"><li>T\u00edtulo de bachiller original o su equivalente reconocido por el Ministerio de Educaci\u00f3n.<\/li><li>Haber cumplido los requisitos normados por el Sistema de Nivelaci\u00f3n y Admisi\u00f3n, el mismo que observar\u00e1 los principios de igualdad de oportunidades, m\u00e9rito y capacidad.<\/li><li>Cumplir con la entrega de documentaci\u00f3n personal y habilitante en Secretar\u00eda General<\/li><li>En casos especiales, certificados de reconocimiento y homologaci\u00f3n de estudios de otras IES de conformidad con el Reglamento de R\u00e9gimen Acad\u00e9mico<\/li><\/ul><p style=\"text-align: justify;\">Requisitos de graduaci\u00f3n:<\/p><ul style=\"text-align: justify;\"><li>Haber aprobado la malla curricular incluyendo las pr\u00e1cticas preprofesionales y vinculaci\u00f3n con la colectividad.<\/li><li>Haber aprobado una modalidad de titulaci\u00f3n dentro de lo establecido en las normativas institucionales.<\/li><li>Acreditar suficiencia en la competencia comunicativa a nivel B1 \u2013 MCER (ver anexo de oferta institucional de idiomas)<\/li><\/ul><p style=\"text-align: justify;\">Modalidades de titulaci\u00f3n:<\/p><ul style=\"text-align: justify;\"><li>Examen de grado o de fin de carrera<\/li><li>Proyectos de investigaci\u00f3n<\/li><li>Sistematizaci\u00f3n de experiencias pr\u00e1cticas de investigaci\u00f3n y\/o intervenci\u00f3n<\/li><\/ul><p style=\"text-align: justify;\">Campo Ocupacional:<\/p><ul style=\"text-align: justify;\"><li>Gerente Financiero<\/li><li>Contador<\/li><li>Auditor Interno y Externo<\/li><li>Jefe de Presupuestos<\/li><li>Asesor Tributario<\/li><li>Evaluador de Sistemas de Control Interno<\/li><li>Contralor o Comisario<\/li><li>Emprendedor de Negocio Propio, Profesional Independiente<\/li><li>Auxiliares Contables<\/li><\/ul><p style=\"text-align: justify;\">Perfil de egreso (Resultado de Aprendizaje)<\/p><p style=\"text-align: justify;\">De las capacidades y actitudes de los futuros profesionales<\/p><ul style=\"text-align: justify;\"><li>Practica los principios \u00e9ticos, deontol\u00f3gicos y morales aplicables a la Contabilidad y Auditor\u00eda para mantener buenas relaciones con el talento humano dentro de las organizaciones.<\/li><li>Reconoce los componentes que destacan el control dentro de las organizaciones.<\/li><li>Genera una visi\u00f3n estrat\u00e9gica de comercializaci\u00f3n para la competitividad y el desarrollo de las organizaciones.<\/li><li>Promueve el desarrollo productivo de sectores vulnerables respetando la diversidad cultural.<\/li><li>Desarrollo de valores, actitudes y cualidades para el Buen Vivir, que promuevan la \u00e9tica, el pensamiento laico y la responsabilidad ciudadana en la trayectoria profesional.<\/li><li>Demuestra capacidades de autoformaci\u00f3n y autorregulaci\u00f3n favoreciendo su formaci\u00f3n integral continua.<\/li><li>Ecol\u00f3gicamente responsable con el entorno.<\/li><\/ul><p style=\"text-align: justify;\">De los aprendizajes relacionados con el dominio de teor\u00edas, sistemas conceptuales, m\u00e9todos y lenguajes de integraci\u00f3n del conocimiento, la profesi\u00f3n y la investigaci\u00f3n<\/p><ul style=\"text-align: justify;\"><li>Reconocer los principios financieros, contables, tributarios, legales y de control aplicables en las actividades econ\u00f3micas de las organizaciones.<\/li><li>Identificar los fundamentos filos\u00f3ficos, epistemol\u00f3gicos de la contabilidad y la auditor\u00eda, y su relaci\u00f3n con el desarrollo de las organizaciones.<\/li><li>Comprender las \u00e1reas del conocimiento de la contabilidad y auditor\u00eda, integrando conceptos fundamentales del cumplimiento tributario, proceso contable, redacci\u00f3n de informes, finanzas, control interno, uso de software y elaboraci\u00f3n de planes estrat\u00e9gicos para la interrelaci\u00f3n con las organizaciones.<\/li><li>Reconocer la disciplina de la contabilidad como el conjunto de t\u00e9cnicas y estrategias que facilitan la comercializaci\u00f3n para el desarrollo social y productivo.<\/li><\/ul><p style=\"text-align: justify;\">De los aprendizajes relativos a las capacidades cognitivas y competencias gen\u00e9ricas<\/p><ul style=\"text-align: justify;\"><li>Organiza y gestiona comunidades de aprendizaje: inclusivas y colaborativas, pertinentes con su contexto, que generen oportunidades para la construcci\u00f3n de ambientes de aprendizaje interculturales y democr\u00e1ticos.<\/li><li>Capacidad para trabajar en equipos<\/li><li>Expresarse oral, escrita y digitalmente de manera correcta.<\/li><li>Desarrolla proyectos de investigaci\u00f3n, en el \u00e1mbito de su competencia para la identificaci\u00f3n, diagn\u00f3stico y\/o soluci\u00f3n de problemas en el medio.<\/li><li>Utiliza recursos TIC para ampliar las fuentes de informaci\u00f3n e interacciones en la generaci\u00f3n de ambientes de aprendizajes abiertos, democr\u00e1ticos, interculturales e inclusivos.<\/li><li>Capacidad de resolver problemas aplicando estrategias asertivas en el \u00e1mbito de su profesi\u00f3n<\/li><\/ul><p style=\"text-align: justify;\">De los aprendizajes que se relacionan con el manejo de modelos, protocolos, procesos y procedimientos profesionales e investigativos<\/p><ul><li style=\"text-align: justify;\">Eval\u00faa las actividades de las organizaciones planificando procesos de auditor\u00eda en las \u00e1reas de: gesti\u00f3n administrativa y financiera dando fe p\u00fablica del cumplimiento de las diferentes normas.<\/li><li style=\"text-align: justify;\">Aplica las normas que mejoran los controles internos a nivel de empresas o instituciones p\u00fablicas y privadas.<\/li><li style=\"text-align: justify;\">Identifica estudios de costos para proyectos, y nuevas l\u00edneas de producci\u00f3n, mercados o inversiones, con el objeto de facilitar la toma de decisiones.<\/li><li style=\"text-align: justify;\">Desarrolla procesos contables para determinar la posici\u00f3n econ\u00f3mica y la situaci\u00f3n financiera en las organizaciones cumpliendo con la normativa contable vigente nacional e internacional.<\/li><\/ul><\/div>\n\t\t\t\t\t\t\t\t\t<div class=\"elementor-tab-title elementor-tab-mobile-title\" aria-selected=\"false\" data-tab=\"3\" role=\"tab\" tabindex=\"-1\" aria-controls=\"elementor-tab-content-1273\" aria-expanded=\"false\">Malla Curricular<\/div>\n\t\t\t\t\t<div id=\"elementor-tab-content-1273\" class=\"elementor-tab-content elementor-clearfix\" data-tab=\"3\" role=\"tabpanel\" aria-labelledby=\"elementor-tab-title-1273\" tabindex=\"0\" hidden=\"hidden\"><table style=\"height: 5px\" width=\"5\"><tbody><tr><td width=\"288\">\u00a0<\/td><td width=\"288\">\u00a0<\/td><\/tr><\/tbody><\/table><p>MALLA CARRERA CONTABILIDAD Y AUDITOR\u00cdA<a href=\"https:\/\/carreras.uleam.edu.ec\/facultad-ciencias-administrativas-contables\/wp-content\/uploads\/sites\/76\/2022\/10\/Malla-Contabilidad-y-Auditoria.pdf\" target=\"_blank\" rel=\"noopener\" data-wplink-edit=\"true\"><img loading=\"lazy\" decoding=\"async\" class=\"aligncenter wp-image-287\" src=\"https:\/\/carreras.uleam.edu.ec\/facultad-ciencias-administrativas-contables\/wp-content\/uploads\/sites\/76\/2022\/10\/MALLA-CONTABILIDAD-300x175.png\" alt=\"\" width=\"600\" height=\"351\" srcset=\"https:\/\/carreras.uleam.edu.ec\/facultad-ciencias-administrativas-contables\/wp-content\/uploads\/sites\/76\/2022\/10\/MALLA-CONTABILIDAD-300x175.png 300w, https:\/\/carreras.uleam.edu.ec\/facultad-ciencias-administrativas-contables\/wp-content\/uploads\/sites\/76\/2022\/10\/MALLA-CONTABILIDAD-1024x598.png 1024w, https:\/\/carreras.uleam.edu.ec\/facultad-ciencias-administrativas-contables\/wp-content\/uploads\/sites\/76\/2022\/10\/MALLA-CONTABILIDAD-768x449.png 768w, https:\/\/carreras.uleam.edu.ec\/facultad-ciencias-administrativas-contables\/wp-content\/uploads\/sites\/76\/2022\/10\/MALLA-CONTABILIDAD-1536x898.png 1536w, https:\/\/carreras.uleam.edu.ec\/facultad-ciencias-administrativas-contables\/wp-content\/uploads\/sites\/76\/2022\/10\/MALLA-CONTABILIDAD-2048x1197.png 2048w\" sizes=\"auto, (max-width: 600px) 100vw, 600px\" \/><\/a><\/p><p>MALLA CARRERA CONTABILIDAD Y AUDITOR\u00cdA 2024<a href=\"https:\/\/carreras.uleam.edu.ec\/facultad-ciencias-administrativas-contables\/wp-content\/uploads\/sites\/76\/2024\/04\/Malla-Contabilidad-y-Auditoria-2024.pdf\" target=\"_blank\" rel=\"noopener\"><img loading=\"lazy\" decoding=\"async\" class=\"alignnone wp-image-747\" src=\"https:\/\/carreras.uleam.edu.ec\/facultad-ciencias-administrativas-contables\/wp-content\/uploads\/sites\/76\/2024\/04\/MALLA-CONTABILIDAD-Y-AUDITORIA-2024-300x157.png\" alt=\"\" width=\"600\" height=\"315\" srcset=\"https:\/\/carreras.uleam.edu.ec\/facultad-ciencias-administrativas-contables\/wp-content\/uploads\/sites\/76\/2024\/04\/MALLA-CONTABILIDAD-Y-AUDITORIA-2024-300x157.png 300w, https:\/\/carreras.uleam.edu.ec\/facultad-ciencias-administrativas-contables\/wp-content\/uploads\/sites\/76\/2024\/04\/MALLA-CONTABILIDAD-Y-AUDITORIA-2024-1024x537.png 1024w, https:\/\/carreras.uleam.edu.ec\/facultad-ciencias-administrativas-contables\/wp-content\/uploads\/sites\/76\/2024\/04\/MALLA-CONTABILIDAD-Y-AUDITORIA-2024-768x403.png 768w, https:\/\/carreras.uleam.edu.ec\/facultad-ciencias-administrativas-contables\/wp-content\/uploads\/sites\/76\/2024\/04\/MALLA-CONTABILIDAD-Y-AUDITORIA-2024-1536x805.png 1536w, https:\/\/carreras.uleam.edu.ec\/facultad-ciencias-administrativas-contables\/wp-content\/uploads\/sites\/76\/2024\/04\/MALLA-CONTABILIDAD-Y-AUDITORIA-2024-2048x1074.png 2048w\" sizes=\"auto, (max-width: 600px) 100vw, 600px\" \/><\/a><\/p><\/div>\n\t\t\t\t\t\t\t\t\t<div class=\"elementor-tab-title elementor-tab-mobile-title\" aria-selected=\"false\" data-tab=\"4\" role=\"tab\" tabindex=\"-1\" aria-controls=\"elementor-tab-content-1274\" aria-expanded=\"false\">Docentes<\/div>\n\t\t\t\t\t<div id=\"elementor-tab-content-1274\" class=\"elementor-tab-content elementor-clearfix\" data-tab=\"4\" role=\"tabpanel\" aria-labelledby=\"elementor-tab-title-1274\" tabindex=\"0\" hidden=\"hidden\"><\/div>\n\t\t\t\t\t\t\t\t\t<div class=\"elementor-tab-title elementor-tab-mobile-title\" aria-selected=\"false\" data-tab=\"5\" role=\"tab\" tabindex=\"-1\" aria-controls=\"elementor-tab-content-1275\" aria-expanded=\"false\">Datos Generales<\/div>\n\t\t\t\t\t<div id=\"elementor-tab-content-1275\" class=\"elementor-tab-content elementor-clearfix\" data-tab=\"5\" role=\"tabpanel\" aria-labelledby=\"elementor-tab-title-1275\" tabindex=\"0\" hidden=\"hidden\"><ul><li style=\"text-align: center;\">Ing. Juan Carlos Sornoza Zamora, Mg.<\/li><li style=\"text-align: center;\">DIRECTOR DE CARRERA<\/li><li style=\"text-align: center;\"><a href=\"mailto:juan.sornoza@uleam.edu.ec\">juan.sornoza@uleam.edu.ec<\/a><\/li><\/ul><hr \/><ul><li style=\"text-align: center;\">Lic. Adriana Pico Alonso\u00a0<\/li><li style=\"text-align: center;\"><a href=\"mailto:adriana.pico@uleam.edu.ec\">adriana.pico@uleam.edu.ec<\/a><\/li><li style=\"text-align: center;\">SECRETARIA DE CARRERA<\/li><\/ul><hr \/><p style=\"text-align: center;\">Horarios de atenci\u00f3n<\/p><p style=\"text-align: center;\">08h00 a 21h00<\/p><\/div>\n\t\t\t\t\t\t\t\t\t<div class=\"elementor-tab-title elementor-tab-mobile-title\" aria-selected=\"false\" data-tab=\"6\" role=\"tab\" tabindex=\"-1\" aria-controls=\"elementor-tab-content-1276\" aria-expanded=\"false\">Gesti\u00f3n y Proceso Estudiantil<\/div>\n\t\t\t\t\t<div id=\"elementor-tab-content-1276\" class=\"elementor-tab-content elementor-clearfix\" data-tab=\"6\" role=\"tabpanel\" aria-labelledby=\"elementor-tab-title-1276\" tabindex=\"0\" hidden=\"hidden\"><ul><li><a href=\"https:\/\/carreras.uleam.edu.ec\/facultad-ciencias-administrativas-contables\/wp-content\/uploads\/sites\/76\/2023\/01\/Informacion-microsito-practicas-preprofesionales.pdf\" target=\"_blank\" rel=\"noopener\">\u21d2 Pr\u00e1cticas Pre-profesionales 2023<\/a><\/li><li>\u21d2 <a href=\"https:\/\/departamentos.uleam.edu.ec\/gestion-aseguramiento-calidad\/2019\/04\/08\/matricula\/\">Matr\u00edcula<\/a><\/li><li>\u21d2 <a href=\"https:\/\/departamentos.uleam.edu.ec\/gestion-aseguramiento-calidad\/reingreso-de-estudiantes\/\">Reingreso de estudiantes<\/a><\/li><li>\u21d2 <a href=\"https:\/\/departamentos.uleam.edu.ec\/gestion-aseguramiento-calidad\/homologacion-de-estudios-por-analisis-comparativo-de-contenidos\/\">Homologaci\u00f3n de Estudios por An\u00e1lisis Comparativo de Contenidos<\/a><\/li><\/ul><\/div>\n\t\t\t\t\t\t\t<\/div>\n\t\t<\/div>\n\t\t\t\t<\/div>\n\t\t\t\t<\/div>\n\t\t\t\t\t<\/div>\n\t\t<\/div>\n\t\t\t\t\t\t\t<\/div>\n\t\t<\/section>\n\t\t\t\t<section class=\"elementor-section elementor-top-section elementor-element elementor-element-d602a17 elementor-section-boxed elementor-section-height-default elementor-section-height-default\" data-id=\"d602a17\" data-element_type=\"section\">\n\t\t\t\t\t\t<div class=\"elementor-container elementor-column-gap-default\">\n\t\t\t\t\t<div class=\"elementor-column elementor-col-100 elementor-top-column elementor-element elementor-element-bfdd3f6\" data-id=\"bfdd3f6\" data-element_type=\"column\">\n\t\t\t<div class=\"elementor-widget-wrap elementor-element-populated\">\n\t\t\t\t\t\t\t\t<div class=\"elementor-element elementor-element-bebb67a elementor-widget elementor-widget-wp-widget-wp_statistics_widget\" data-id=\"bebb67a\" data-element_type=\"widget\" data-widget_type=\"wp-widget-wp_statistics_widget.default\">\n\t\t\t\t<div class=\"elementor-widget-container\">\n\t\t\t<h5>ESTADISTICAS DE VISITAS<\/h5><ul><li><label>Visitantes en l\u00ednea:&nbsp;<\/label>0<\/li><li><label>Total visitantes:&nbsp;<\/label>9.308<\/li><\/ul>\t\t<\/div>\n\t\t\t\t<\/div>\n\t\t\t\t\t<\/div>\n\t\t<\/div>\n\t\t\t\t\t\t\t<\/div>\n\t\t<\/section>\n\t\t\t\t\t\t<\/div>\n\t\t\t\t\t<\/div>\n\t\t","protected":false},"excerpt":{"rendered":"<p>Misi\u00f3 y Visi\u00f3n Descripci\u00f3n General de la Carrera Malla Curricular Docentes Datos Generales Gesti\u00f3n y Proceso Estudiantil Misi\u00f3 y Visi\u00f3n Misi\u00f3n\u00a0 Formar licenciados\/as en Contabilidad y Auditor\u00eda competentes, con valores \u00e9ticos u morales, que den confianza y fe p\u00fablica en [&hellip;]<\/p>\n","protected":false},"author":7,"featured_media":0,"parent":0,"menu_order":0,"comment_status":"closed","ping_status":"closed","template":"","meta":{"_acf_changed":false,"footnotes":""},"class_list":["post-11","page","type-page","status-publish","hentry"],"acf":[],"_links":{"self":[{"href":"https:\/\/carreras.uleam.edu.ec\/facultad-ciencias-administrativas-contables\/wp-json\/wp\/v2\/pages\/11","targetHints":{"allow":["GET"]}}],"collection":[{"href":"https:\/\/carreras.uleam.edu.ec\/facultad-ciencias-administrativas-contables\/wp-json\/wp\/v2\/pages"}],"about":[{"href":"https:\/\/carreras.uleam.edu.ec\/facultad-ciencias-administrativas-contables\/wp-json\/wp\/v2\/types\/page"}],"author":[{"embeddable":true,"href":"https:\/\/carreras.uleam.edu.ec\/facultad-ciencias-administrativas-contables\/wp-json\/wp\/v2\/users\/7"}],"replies":[{"embeddable":true,"href":"https:\/\/carreras.uleam.edu.ec\/facultad-ciencias-administrativas-contables\/wp-json\/wp\/v2\/comments?post=11"}],"version-history":[{"count":65,"href":"https:\/\/carreras.uleam.edu.ec\/facultad-ciencias-administrativas-contables\/wp-json\/wp\/v2\/pages\/11\/revisions"}],"predecessor-version":[{"id":1118,"href":"https:\/\/carreras.uleam.edu.ec\/facultad-ciencias-administrativas-contables\/wp-json\/wp\/v2\/pages\/11\/revisions\/1118"}],"wp:attachment":[{"href":"https:\/\/carreras.uleam.edu.ec\/facultad-ciencias-administrativas-contables\/wp-json\/wp\/v2\/media?parent=11"}],"curies":[{"name":"wp","href":"https:\/\/api.w.org\/{rel}","templated":true}]}}