{"id":12,"date":"2022-09-09T02:19:05","date_gmt":"2022-09-09T02:19:05","guid":{"rendered":"https:\/\/carreras.uleam.edu.ec\/facultad-ciencias-administrativas-contables\/?page_id=12"},"modified":"2025-12-01T20:21:28","modified_gmt":"2025-12-01T20:21:28","slug":"carrera-de-finanzas","status":"publish","type":"page","link":"https:\/\/carreras.uleam.edu.ec\/facultad-ciencias-administrativas-contables\/carrera-de-finanzas\/","title":{"rendered":"Carrera Finanzas"},"content":{"rendered":"\t\t<div data-elementor-type=\"wp-page\" data-elementor-id=\"12\" class=\"elementor elementor-12\" data-elementor-settings=\"[]\">\n\t\t\t\t\t\t\t<div class=\"elementor-section-wrap\">\n\t\t\t\t\t\t\t<section class=\"elementor-section elementor-top-section elementor-element elementor-element-cf0f1b0 elementor-section-boxed elementor-section-height-default elementor-section-height-default\" data-id=\"cf0f1b0\" data-element_type=\"section\">\n\t\t\t\t\t\t<div class=\"elementor-container elementor-column-gap-default\">\n\t\t\t\t\t<div class=\"elementor-column elementor-col-100 elementor-top-column elementor-element elementor-element-5fea2cc\" data-id=\"5fea2cc\" data-element_type=\"column\">\n\t\t\t<div class=\"elementor-widget-wrap elementor-element-populated\">\n\t\t\t\t\t\t\t\t<div class=\"elementor-element elementor-element-c86316b elementor-tabs-view-horizontal elementor-widget elementor-widget-tabs\" data-id=\"c86316b\" data-element_type=\"widget\" data-widget_type=\"tabs.default\">\n\t\t\t\t<div class=\"elementor-widget-container\">\n\t\t\t\t\t<div class=\"elementor-tabs\">\n\t\t\t<div class=\"elementor-tabs-wrapper\" role=\"tablist\" >\n\t\t\t\t\t\t\t\t\t<div id=\"elementor-tab-title-2101\" class=\"elementor-tab-title elementor-tab-desktop-title\" aria-selected=\"true\" data-tab=\"1\" role=\"tab\" tabindex=\"0\" aria-controls=\"elementor-tab-content-2101\" aria-expanded=\"false\">Descripci\u00f3n General de la Carrera<\/div>\n\t\t\t\t\t\t\t\t\t<div id=\"elementor-tab-title-2102\" class=\"elementor-tab-title elementor-tab-desktop-title\" aria-selected=\"false\" data-tab=\"2\" role=\"tab\" tabindex=\"-1\" aria-controls=\"elementor-tab-content-2102\" aria-expanded=\"false\">Datos Generales<\/div>\n\t\t\t\t\t\t\t\t\t<div id=\"elementor-tab-title-2103\" class=\"elementor-tab-title elementor-tab-desktop-title\" aria-selected=\"false\" data-tab=\"3\" role=\"tab\" tabindex=\"-1\" aria-controls=\"elementor-tab-content-2103\" aria-expanded=\"false\">Malla Curricular<\/div>\n\t\t\t\t\t\t\t\t\t<div id=\"elementor-tab-title-2104\" class=\"elementor-tab-title elementor-tab-desktop-title\" aria-selected=\"false\" data-tab=\"4\" role=\"tab\" tabindex=\"-1\" aria-controls=\"elementor-tab-content-2104\" aria-expanded=\"false\">Docentes<\/div>\n\t\t\t\t\t\t\t\t\t<div id=\"elementor-tab-title-2105\" class=\"elementor-tab-title elementor-tab-desktop-title\" aria-selected=\"false\" data-tab=\"5\" role=\"tab\" tabindex=\"-1\" aria-controls=\"elementor-tab-content-2105\" aria-expanded=\"false\">Gesti\u00f3n y Proceso Estudiantil<\/div>\n\t\t\t\t\t\t\t<\/div>\n\t\t\t<div class=\"elementor-tabs-content-wrapper\" role=\"tablist\" aria-orientation=\"vertical\">\n\t\t\t\t\t\t\t\t\t<div class=\"elementor-tab-title elementor-tab-mobile-title\" aria-selected=\"true\" data-tab=\"1\" role=\"tab\" tabindex=\"0\" aria-controls=\"elementor-tab-content-2101\" aria-expanded=\"false\">Descripci\u00f3n General de la Carrera<\/div>\n\t\t\t\t\t<div id=\"elementor-tab-content-2101\" class=\"elementor-tab-content elementor-clearfix\" data-tab=\"1\" role=\"tabpanel\" aria-labelledby=\"elementor-tab-title-2101\" tabindex=\"0\" hidden=\"false\"><p style=\"text-align: justify\">Nombre de la Carrera:\u00a0 \u00a0 \u00a0 \u00a0 \u00a0 \u00a0 \u00a0 \u00a0 \u00a0 \u00a0 \u00a0 \u00a0 \u00a0Finanzas<\/p><p style=\"text-align: justify\">T\u00edtulo que otorga:\u00a0 \u00a0 \u00a0 \u00a0 \u00a0 \u00a0 \u00a0 \u00a0 \u00a0 \u00a0 \u00a0 \u00a0 \u00a0 \u00a0 \u00a0 \u00a0 \u00a0Licenciado\/da en Finanzas<\/p><p style=\"text-align: justify\">Modalidad de aprendizaje:\u00a0 \u00a0 \u00a0 \u00a0 \u00a0 \u00a0 \u00a0 \u00a0 \u00a0 Presencial<\/p><p style=\"text-align: justify\">N\u00famero de per\u00edodos ordinarios:\u00a0 \u00a0 \u00a0 \u00a0 8 periodos ordinarios<\/p><p style=\"text-align: justify\">Objetivo general:<\/p><p style=\"text-align: justify\">Formar profesionales a nivel de licenciatura en Finanzas que a trav\u00e9s del dominio de los procesos contables y del dise\u00f1o de estrategias organizacional, contribuyan a la gesti\u00f3n de escenarios financieros mediante modelos de emprendimiento y asociatividad con una nueva \u00e9tica social.\u00a0\u00a0\u00a0\u00a0\u00a0\u00a0\u00a0\u00a0\u00a0\u00a0\u00a0\u00a0\u00a0\u00a0\u00a0\u00a0\u00a0\u00a0\u00a0\u00a0\u00a0\u00a0\u00a0\u00a0\u00a0\u00a0\u00a0\u00a0\u00a0\u00a0\u00a0\u00a0<\/p><p style=\"text-align: justify\">Perfil de ingreso:<\/p><p style=\"text-align: justify\">&#8211; El\/a aspirante al ingreso de la carrera, debe poseer conocimientos generales en administraci\u00f3n, econom\u00eda y finanzas; Al ingresar a la Licenciatura en Finanzas deber\u00e1 tener Inter\u00e9s por conocer y analizar problemas financieros para plantear alternativas de soluci\u00f3n; Inter\u00e9s para realizar actividades de orden financiero y administrativo, adem\u00e1s tener gusto por el estudio de las Matem\u00e1ticas, disposici\u00f3n para la lectura e investigaci\u00f3n; Demostrar inter\u00e9s por asignaturas de contenidos cualitativos y cuantitativos, habilidad para identificar problemas, analizar los fen\u00f3menos que lo producen y buscar soluciones.\u00a0\u00a0\u00a0\u00a0\u00a0\u00a0<\/p><p style=\"text-align: justify\">Requisitos de ingreso:<\/p><ul style=\"text-align: justify\"><li>&#8211; Poseer t\u00edtulo de bachiller o su equivalente, de conformidad con la Ley.<\/li><li>&#8211; Haber cumplido los requisitos normados por el Sistema de Nivelaci\u00f3n y Admisi\u00f3n, el mismo que observar\u00e1 los principios de igualdad de oportunidades, m\u00e9rito y capacidad.<\/li><li>&#8211; Cumplir con la entrega de documentaci\u00f3n personal y habilitante en Secretar\u00eda General<\/li><li>&#8211; En casos especiales, certificados de reconocimiento y homologaci\u00f3n de estudios de otras IES de conformidad con el Art\u00edculo 63 y 64 del Reglamento de R\u00e9gimen Acad\u00e9mico<\/li><\/ul><p style=\"text-align: justify\"><strong>Perfil de egreso (Resultado de Aprendizaje)<\/strong><\/p><ul style=\"text-align: justify\"><li>&#8211; El\/a egresado de la carrera en FINANZAS ser\u00e1 capaz de desarrollar procesos metodol\u00f3gicos mediante la relaci\u00f3n entre la empresa y su entorno que posibiliten a la organizaci\u00f3n, analizar las fuentes alternativas de financiamiento existentes en los mercados financieros, adem\u00e1s, la aplicaci\u00f3n de estrategias para gestionar estos recursos mediante el dise\u00f1o de proyectos empresariales sean estos p\u00fablicos y privados.<\/li><li>&#8211; El\/a egresado de la carrera en FINANZAS ser\u00e1 capaz de promover el desarrollo integral de herramientas te\u00f3ricas y metodol\u00f3gicas que le permitan analizar las fuentes de financiamiento alternativas vinculados a los mercados financieros, aplicando el an\u00e1lisis econ\u00f3mico y financiero indispensable en el mundo de los negocios y de las empresas, sean estas peque\u00f1as, medianas o grandes, esto permitir\u00e1 la implementaci\u00f3n de proyectos de innovaci\u00f3n en la regi\u00f3n y el pa\u00eds.<\/li><li>&#8211; El\/a egresado de la carrera en FINANZAS tendr\u00e1 la capacidad de generar acciones de compromiso social, investigaci\u00f3n cient\u00edfica con el enfoque de potenciar las capacidades productivas y creativas conscientes y responsables con la regi\u00f3n y el pa\u00eds y de esta manera,\u00a0 promover el desarrollo y preservaci\u00f3n de los saberes ancestrales propios de cada uno de los rincones del territorio y en base a ello, se propicie la generaci\u00f3n de proyectos innovadores sostenibles enmarcados en el respeto a la biodiversidad, fomentar la equidad, la integraci\u00f3n social, la integraci\u00f3n pol\u00edtica, el adecuado an\u00e1lisis financiero que permita el desarrollo de la actividad econ\u00f3mica familiar y empresarial de toda la ZONA 4 y del pa\u00eds en general.<\/li><li>&#8211; El\/a egresado de la carrera en FINANZAS, debe actuar de manera objetiva, imparcial, independiente, veraz, honesta en el desempe\u00f1o de las tareas encomendadas generando acciones con compromiso social conscientes y responsables con la formaci\u00f3n \u00e9tica y de valores impartidas en la instituci\u00f3n , aportando a las pol\u00edticas del estado respecto a las pol\u00edticas p\u00fablicas adem\u00e1s de impulsar una actitud cr\u00edtica apegada a principios regidos por la comunidad financiera y las leyes que rigen este apartado por parte del estado.<\/li><\/ul><p style=\"text-align: justify\">Requisitos de graduaci\u00f3n:<\/p><ul style=\"text-align: justify\"><li>&#8211; Haber aprobado la malla curricular incluyendo las pr\u00e1cticas preprofesionales y vinculaci\u00f3n con la colectividad.<\/li><li>&#8211; Haber aprobado una modalidad de titulaci\u00f3n dentro de lo establecido en las normas institucionales.<\/li><li>&#8211; Acreditar suficiencia en la competencia comunicativa a nivel B1 \u2013 MCER (revisar anexo de responsabilidad institucional)<\/li><\/ul><p style=\"text-align: justify\">Modalidades de titulaci\u00f3n:<\/p><ul style=\"text-align: justify\"><li>&#8211; Desarrollo de un trabajo de integraci\u00f3n<\/li><\/ul><p style=\"text-align: justify\">Campo Ocupacional:<\/p><ul><li style=\"text-align: justify\">&#8211; Analista Financiero y de inversiones<\/li><li style=\"text-align: justify\">&#8211; Asesor financiero<\/li><li style=\"text-align: justify\">&#8211; Administrador de portafolios de inversi\u00f3n<\/li><li style=\"text-align: justify\">&#8211; Gestor de presupuesto<\/li><li style=\"text-align: justify\">&#8211; Gerente o Director de negocios Nacionales e Internacionales<\/li><li style=\"text-align: justify\">&#8211; Corredor de bolsa<\/li><li style=\"text-align: justify\">&#8211; Analista de cr\u00e9dito en Cooperativas de ahorro, Banca P\u00fablica o privada.<\/li><li style=\"text-align: justify\">&#8211; Empresas de Seguros<\/li><li style=\"text-align: justify\">&#8211; Analista de riesgo en los mercados financieros<\/li><li style=\"text-align: justify\">&#8211; Consultor independiente en materia de proyectos productivos y sociales<\/li><\/ul><\/div>\n\t\t\t\t\t\t\t\t\t<div class=\"elementor-tab-title elementor-tab-mobile-title\" aria-selected=\"false\" data-tab=\"2\" role=\"tab\" tabindex=\"-1\" aria-controls=\"elementor-tab-content-2102\" aria-expanded=\"false\">Datos Generales<\/div>\n\t\t\t\t\t<div id=\"elementor-tab-content-2102\" class=\"elementor-tab-content elementor-clearfix\" data-tab=\"2\" role=\"tabpanel\" aria-labelledby=\"elementor-tab-title-2102\" tabindex=\"0\" hidden=\"hidden\"><ul><li style=\"text-align: center\">Ing. Juan Carlos Sornoza Zamora, Mg.<\/li><li style=\"text-align: center\">DIRECTOR DE CARRERA<\/li><li style=\"text-align: center\"><a href=\"mailto:juan.sornoza@uleam.edu.ec\">juan.sornoza@uleam.edu.ec<\/a><\/li><\/ul><hr \/><ul><li style=\"text-align: center\">Lic. Adriana Pico Alonso\u00a0<\/li><li style=\"text-align: center\"><a href=\"mailto:adriana.pico@uleam.edu.ec\">adriana.pico@uleam.edu.ec<\/a><\/li><li style=\"text-align: center\">SECRETARIA DE CARRERA<\/li><\/ul><hr \/><ul><li style=\"text-align: center\">Horarios de atenci\u00f3n<\/li><li style=\"text-align: center\">08h00 a 21h00<\/li><\/ul><\/div>\n\t\t\t\t\t\t\t\t\t<div class=\"elementor-tab-title elementor-tab-mobile-title\" aria-selected=\"false\" data-tab=\"3\" role=\"tab\" tabindex=\"-1\" aria-controls=\"elementor-tab-content-2103\" aria-expanded=\"false\">Malla Curricular<\/div>\n\t\t\t\t\t<div id=\"elementor-tab-content-2103\" class=\"elementor-tab-content elementor-clearfix\" data-tab=\"3\" role=\"tabpanel\" aria-labelledby=\"elementor-tab-title-2103\" tabindex=\"0\" hidden=\"hidden\"><p><a href=\"https:\/\/carreras.uleam.edu.ec\/facultad-ciencias-administrativas-contables\/wp-content\/uploads\/sites\/76\/2024\/04\/Malla-Finanzas-2024.pdf\" target=\"_blank\" rel=\"noopener\"><img loading=\"lazy\" decoding=\"async\" class=\"alignnone wp-image-749 size-large\" src=\"https:\/\/carreras.uleam.edu.ec\/facultad-ciencias-administrativas-contables\/wp-content\/uploads\/sites\/76\/2024\/04\/MALLA-FINANZAS-2024-1024x601.png\" alt=\"\" width=\"1024\" height=\"601\" srcset=\"https:\/\/carreras.uleam.edu.ec\/facultad-ciencias-administrativas-contables\/wp-content\/uploads\/sites\/76\/2024\/04\/MALLA-FINANZAS-2024-1024x601.png 1024w, https:\/\/carreras.uleam.edu.ec\/facultad-ciencias-administrativas-contables\/wp-content\/uploads\/sites\/76\/2024\/04\/MALLA-FINANZAS-2024-300x176.png 300w, https:\/\/carreras.uleam.edu.ec\/facultad-ciencias-administrativas-contables\/wp-content\/uploads\/sites\/76\/2024\/04\/MALLA-FINANZAS-2024-768x451.png 768w, https:\/\/carreras.uleam.edu.ec\/facultad-ciencias-administrativas-contables\/wp-content\/uploads\/sites\/76\/2024\/04\/MALLA-FINANZAS-2024-1536x901.png 1536w, https:\/\/carreras.uleam.edu.ec\/facultad-ciencias-administrativas-contables\/wp-content\/uploads\/sites\/76\/2024\/04\/MALLA-FINANZAS-2024-2048x1202.png 2048w\" sizes=\"auto, (max-width: 1024px) 100vw, 1024px\" \/><\/a><\/p><\/div>\n\t\t\t\t\t\t\t\t\t<div class=\"elementor-tab-title elementor-tab-mobile-title\" aria-selected=\"false\" data-tab=\"4\" role=\"tab\" tabindex=\"-1\" aria-controls=\"elementor-tab-content-2104\" aria-expanded=\"false\">Docentes<\/div>\n\t\t\t\t\t<div id=\"elementor-tab-content-2104\" class=\"elementor-tab-content elementor-clearfix\" data-tab=\"4\" role=\"tabpanel\" aria-labelledby=\"elementor-tab-title-2104\" tabindex=\"0\" hidden=\"hidden\"><ul><li>BEATRIZ ISABEL ALC\u00cdVAR CEDE\u00d1O<\/li><li>BAIL\u00d3N LOURIDO WALTER ALBERTO<\/li><li>BAIL\u00d3N LOURIDO WALTER<\/li><li>BEATRIZ ISABEL ALC\u00cdVAR CEDE\u00d1O<\/li><li>CALDERERO VILLAG\u00d3MEZ ERICK<\/li><li>CASTILLO GARC\u00cdA PAOLA<\/li><li>CEDE\u00d1O CHOEZ PEDRO JAVIER<\/li><li>CEVALLOS HOPPE JUAN CARLOS<\/li><li>FORTTY BARBER\u00c1N DENNY<\/li><li>GARC\u00cdA ARAUZ JAHAIRA ALEXANDRA<\/li><li>GUTI\u00c9RREZ ZAMBRANO CARMEN<\/li><li>HIDALGO \u00c1VILA ARGELIO ANTONIO<\/li><li>INTRIAGO MOLINA GEMA VALERIA<\/li><li>LOOR ALC\u00cdVAR MAR\u00cdA ILIANA<\/li><li>LOOR MIELES TANIA<\/li><li>MAC\u00cdAS UGALDE LEXANDRA<\/li><li>MAC\u00cdAS VALENCIA DAVID<\/li><li>MENDOZA ZAMORA WALTER<\/li><li>MONAR MERCH\u00c1N CARLOS ARTURO<\/li><li>MOREIRA LARGACHA JUAN MIGUEL<\/li><li>OCHOA SOLEDISPA N\u00c9STOR IV\u00c1N<\/li><li>P\u00c1RRAGA FRANCO SILVANA MARIELA<\/li><li>RIVAS CEDE\u00d1O LIMBER LEONIDAS<\/li><li>SOLEDISPA LUCAS FREDDY<\/li><li>SORNOZA ZAMORA JUAN CARLOS<\/li><li>TOMAL\u00c1 PINTO JES\u00daS<\/li><li>TRIVI\u00d1O QUIJIJE JEFFERSON<\/li><li>VALLE JARAMILLO SILVIA ARACELY<\/li><li>V\u00c1ZQUEZ GILER CIELO F\u00c1TIMA MARITZA<\/li><li>VNUEZA TELLO SHIRLEY<\/li><li>ZAMBRANO LOOR RITA MAYDA<\/li><li>ZAMBRANO VERA M\u00d3NICA<\/li><\/ul><\/div>\n\t\t\t\t\t\t\t\t\t<div class=\"elementor-tab-title elementor-tab-mobile-title\" aria-selected=\"false\" data-tab=\"5\" role=\"tab\" tabindex=\"-1\" aria-controls=\"elementor-tab-content-2105\" aria-expanded=\"false\">Gesti\u00f3n y Proceso Estudiantil<\/div>\n\t\t\t\t\t<div id=\"elementor-tab-content-2105\" class=\"elementor-tab-content elementor-clearfix\" data-tab=\"5\" role=\"tabpanel\" aria-labelledby=\"elementor-tab-title-2105\" tabindex=\"0\" hidden=\"hidden\"><ul><li>\u21d2 <a href=\"https:\/\/carreras.uleam.edu.ec\/facultad-ciencias-administrativas-contables\/wp-content\/uploads\/sites\/76\/2023\/01\/Informacion-microsito-practicas-preprofesionales.pdf\" target=\"_blank\" rel=\"noopener\">Pr\u00e1cticas Pre-profesionales 2023 &#8211; 1<\/a><\/li><li>\u21d2 <a href=\"https:\/\/departamentos.uleam.edu.ec\/gestion-aseguramiento-calidad\/2019\/04\/08\/matricula\/\">Matr\u00edcula<\/a><\/li><li>\u21d2 <a href=\"https:\/\/departamentos.uleam.edu.ec\/gestion-aseguramiento-calidad\/reingreso-de-estudiantes\/\">Reingreso de estudiantes<\/a><\/li><li>\u21d2 <a href=\"https:\/\/departamentos.uleam.edu.ec\/gestion-aseguramiento-calidad\/homologacion-de-estudios-por-analisis-comparativo-de-contenidos\/\">Homologaci\u00f3n de Estudios por An\u00e1lisis Comparativo de Contenidos<\/a><\/li><\/ul><\/div>\n\t\t\t\t\t\t\t<\/div>\n\t\t<\/div>\n\t\t\t\t<\/div>\n\t\t\t\t<\/div>\n\t\t\t\t\t<\/div>\n\t\t<\/div>\n\t\t\t\t\t\t\t<\/div>\n\t\t<\/section>\n\t\t\t\t<section class=\"elementor-section elementor-top-section elementor-element elementor-element-55400aa elementor-section-boxed elementor-section-height-default elementor-section-height-default\" data-id=\"55400aa\" data-element_type=\"section\">\n\t\t\t\t\t\t<div class=\"elementor-container elementor-column-gap-default\">\n\t\t\t\t\t<div class=\"elementor-column elementor-col-100 elementor-top-column elementor-element elementor-element-4b34229\" data-id=\"4b34229\" data-element_type=\"column\">\n\t\t\t<div class=\"elementor-widget-wrap elementor-element-populated\">\n\t\t\t\t\t\t\t\t<div class=\"elementor-element elementor-element-503a509 elementor-widget elementor-widget-wp-widget-wp_statistics_widget\" data-id=\"503a509\" data-element_type=\"widget\" data-widget_type=\"wp-widget-wp_statistics_widget.default\">\n\t\t\t\t<div class=\"elementor-widget-container\">\n\t\t\t<h5>ESTADISTICAS DE VISITAS<\/h5><ul><li><label>Visitantes en l\u00ednea:&nbsp;<\/label>0<\/li><li><label>Total visitantes:&nbsp;<\/label>9.097<\/li><\/ul>\t\t<\/div>\n\t\t\t\t<\/div>\n\t\t\t\t\t<\/div>\n\t\t<\/div>\n\t\t\t\t\t\t\t<\/div>\n\t\t<\/section>\n\t\t\t\t\t\t<\/div>\n\t\t\t\t\t<\/div>\n\t\t","protected":false},"excerpt":{"rendered":"<p>Descripci\u00f3n General de la Carrera Datos Generales Malla Curricular Docentes Gesti\u00f3n y Proceso Estudiantil Descripci\u00f3n General de la Carrera Nombre de la Carrera:\u00a0 \u00a0 \u00a0 \u00a0 \u00a0 \u00a0 \u00a0 \u00a0 \u00a0 \u00a0 \u00a0 \u00a0 \u00a0Finanzas T\u00edtulo que otorga:\u00a0 \u00a0 \u00a0 [&hellip;]<\/p>\n","protected":false},"author":7,"featured_media":0,"parent":0,"menu_order":0,"comment_status":"closed","ping_status":"closed","template":"","meta":{"_acf_changed":false,"footnotes":""},"class_list":["post-12","page","type-page","status-publish","hentry"],"acf":[],"_links":{"self":[{"href":"https:\/\/carreras.uleam.edu.ec\/facultad-ciencias-administrativas-contables\/wp-json\/wp\/v2\/pages\/12","targetHints":{"allow":["GET"]}}],"collection":[{"href":"https:\/\/carreras.uleam.edu.ec\/facultad-ciencias-administrativas-contables\/wp-json\/wp\/v2\/pages"}],"about":[{"href":"https:\/\/carreras.uleam.edu.ec\/facultad-ciencias-administrativas-contables\/wp-json\/wp\/v2\/types\/page"}],"author":[{"embeddable":true,"href":"https:\/\/carreras.uleam.edu.ec\/facultad-ciencias-administrativas-contables\/wp-json\/wp\/v2\/users\/7"}],"replies":[{"embeddable":true,"href":"https:\/\/carreras.uleam.edu.ec\/facultad-ciencias-administrativas-contables\/wp-json\/wp\/v2\/comments?post=12"}],"version-history":[{"count":45,"href":"https:\/\/carreras.uleam.edu.ec\/facultad-ciencias-administrativas-contables\/wp-json\/wp\/v2\/pages\/12\/revisions"}],"predecessor-version":[{"id":1121,"href":"https:\/\/carreras.uleam.edu.ec\/facultad-ciencias-administrativas-contables\/wp-json\/wp\/v2\/pages\/12\/revisions\/1121"}],"wp:attachment":[{"href":"https:\/\/carreras.uleam.edu.ec\/facultad-ciencias-administrativas-contables\/wp-json\/wp\/v2\/media?parent=12"}],"curies":[{"name":"wp","href":"https:\/\/api.w.org\/{rel}","templated":true}]}}