{"id":23,"date":"2022-09-09T03:34:46","date_gmt":"2022-09-09T03:34:46","guid":{"rendered":"https:\/\/carreras.uleam.edu.ec\/facultad-ciencias-administrativas-contables\/?page_id=23"},"modified":"2025-12-01T19:32:19","modified_gmt":"2025-12-01T19:32:19","slug":"inicio","status":"publish","type":"page","link":"https:\/\/carreras.uleam.edu.ec\/facultad-ciencias-administrativas-contables\/","title":{"rendered":"Inicio"},"content":{"rendered":"\t\t<div data-elementor-type=\"wp-page\" data-elementor-id=\"23\" class=\"elementor elementor-23\" data-elementor-settings=\"[]\">\n\t\t\t\t\t\t\t<div class=\"elementor-section-wrap\">\n\t\t\t\t\t\t\t<section class=\"elementor-section elementor-top-section elementor-element elementor-element-7ba43ae elementor-section-full_width elementor-section-height-default elementor-section-height-default\" data-id=\"7ba43ae\" data-element_type=\"section\">\n\t\t\t\t\t\t<div class=\"elementor-container elementor-column-gap-default\">\n\t\t\t\t\t<div class=\"elementor-column elementor-col-100 elementor-top-column elementor-element elementor-element-b67b20f\" data-id=\"b67b20f\" data-element_type=\"column\">\n\t\t\t<div class=\"elementor-widget-wrap elementor-element-populated\">\n\t\t\t\t\t\t\t\t<div class=\"elementor-element elementor-element-ff91a46 elementor-widget elementor-widget-image\" data-id=\"ff91a46\" data-element_type=\"widget\" data-widget_type=\"image.default\">\n\t\t\t\t<div class=\"elementor-widget-container\">\n\t\t\t\t\t\t\t\t\t\t\t\t\t\t\t<img loading=\"lazy\" decoding=\"async\" width=\"3236\" height=\"881\" src=\"https:\/\/carreras.uleam.edu.ec\/facultad-ciencias-administrativas-contables\/wp-content\/uploads\/sites\/76\/2022\/09\/CABECERA-ADMINISTRACION.png\" class=\"attachment-full size-full\" alt=\"\" srcset=\"https:\/\/carreras.uleam.edu.ec\/facultad-ciencias-administrativas-contables\/wp-content\/uploads\/sites\/76\/2022\/09\/CABECERA-ADMINISTRACION.png 3236w, https:\/\/carreras.uleam.edu.ec\/facultad-ciencias-administrativas-contables\/wp-content\/uploads\/sites\/76\/2022\/09\/CABECERA-ADMINISTRACION-300x82.png 300w, https:\/\/carreras.uleam.edu.ec\/facultad-ciencias-administrativas-contables\/wp-content\/uploads\/sites\/76\/2022\/09\/CABECERA-ADMINISTRACION-1024x279.png 1024w, https:\/\/carreras.uleam.edu.ec\/facultad-ciencias-administrativas-contables\/wp-content\/uploads\/sites\/76\/2022\/09\/CABECERA-ADMINISTRACION-768x209.png 768w, https:\/\/carreras.uleam.edu.ec\/facultad-ciencias-administrativas-contables\/wp-content\/uploads\/sites\/76\/2022\/09\/CABECERA-ADMINISTRACION-1536x418.png 1536w, https:\/\/carreras.uleam.edu.ec\/facultad-ciencias-administrativas-contables\/wp-content\/uploads\/sites\/76\/2022\/09\/CABECERA-ADMINISTRACION-2048x558.png 2048w\" sizes=\"auto, (max-width: 3236px) 100vw, 3236px\" \/>\t\t\t\t\t\t\t\t\t\t\t\t\t\t\t<\/div>\n\t\t\t\t<\/div>\n\t\t\t\t\t<\/div>\n\t\t<\/div>\n\t\t\t\t\t\t\t<\/div>\n\t\t<\/section>\n\t\t\t\t<section class=\"elementor-section elementor-top-section elementor-element elementor-element-3e7df9d elementor-section-boxed elementor-section-height-default elementor-section-height-default\" data-id=\"3e7df9d\" data-element_type=\"section\">\n\t\t\t\t\t\t<div class=\"elementor-container elementor-column-gap-default\">\n\t\t\t\t\t<div class=\"elementor-column elementor-col-100 elementor-top-column elementor-element elementor-element-a1b8818\" data-id=\"a1b8818\" data-element_type=\"column\">\n\t\t\t<div class=\"elementor-widget-wrap elementor-element-populated\">\n\t\t\t\t\t\t\t\t<div class=\"elementor-element elementor-element-7fd785c elementor-tabs-view-horizontal elementor-widget elementor-widget-tabs\" data-id=\"7fd785c\" data-element_type=\"widget\" data-widget_type=\"tabs.default\">\n\t\t\t\t<div class=\"elementor-widget-container\">\n\t\t\t\t\t<div class=\"elementor-tabs\">\n\t\t\t<div class=\"elementor-tabs-wrapper\" role=\"tablist\" >\n\t\t\t\t\t\t\t\t\t<div id=\"elementor-tab-title-1341\" class=\"elementor-tab-title elementor-tab-desktop-title\" aria-selected=\"true\" data-tab=\"1\" role=\"tab\" tabindex=\"0\" aria-controls=\"elementor-tab-content-1341\" aria-expanded=\"false\">Promocional de la Facultad<\/div>\n\t\t\t\t\t\t\t\t\t<div id=\"elementor-tab-title-1342\" class=\"elementor-tab-title elementor-tab-desktop-title\" aria-selected=\"false\" data-tab=\"2\" role=\"tab\" tabindex=\"-1\" aria-controls=\"elementor-tab-content-1342\" aria-expanded=\"false\">Carreras<\/div>\n\t\t\t\t\t\t\t\t\t<div id=\"elementor-tab-title-1343\" class=\"elementor-tab-title elementor-tab-desktop-title\" aria-selected=\"false\" data-tab=\"3\" role=\"tab\" tabindex=\"-1\" aria-controls=\"elementor-tab-content-1343\" aria-expanded=\"false\">Autoridades<\/div>\n\t\t\t\t\t\t\t\t\t<div id=\"elementor-tab-title-1344\" class=\"elementor-tab-title elementor-tab-desktop-title\" aria-selected=\"false\" data-tab=\"4\" role=\"tab\" tabindex=\"-1\" aria-controls=\"elementor-tab-content-1344\" aria-expanded=\"false\">Misi\u00f3n y Visi\u00f3n<\/div>\n\t\t\t\t\t\t\t\t\t<div id=\"elementor-tab-title-1345\" class=\"elementor-tab-title elementor-tab-desktop-title\" aria-selected=\"false\" data-tab=\"5\" role=\"tab\" tabindex=\"-1\" aria-controls=\"elementor-tab-content-1345\" aria-expanded=\"false\">Organigrama<\/div>\n\t\t\t\t\t\t\t\t\t<div id=\"elementor-tab-title-1346\" class=\"elementor-tab-title elementor-tab-desktop-title\" aria-selected=\"false\" data-tab=\"6\" role=\"tab\" tabindex=\"-1\" aria-controls=\"elementor-tab-content-1346\" aria-expanded=\"false\">Convenios<\/div>\n\t\t\t\t\t\t\t<\/div>\n\t\t\t<div class=\"elementor-tabs-content-wrapper\" role=\"tablist\" aria-orientation=\"vertical\">\n\t\t\t\t\t\t\t\t\t<div class=\"elementor-tab-title elementor-tab-mobile-title\" aria-selected=\"true\" data-tab=\"1\" role=\"tab\" tabindex=\"0\" aria-controls=\"elementor-tab-content-1341\" aria-expanded=\"false\">Promocional de la Facultad<\/div>\n\t\t\t\t\t<div id=\"elementor-tab-content-1341\" class=\"elementor-tab-content elementor-clearfix\" data-tab=\"1\" role=\"tabpanel\" aria-labelledby=\"elementor-tab-title-1341\" tabindex=\"0\" hidden=\"false\"><p><iframe loading=\"lazy\" title=\"EXPO ULEAM 2024 FACULTAD DE CIENCIAS ADMINISTRATIVAS, CONTABLES Y COMERCIO PROGRAMA 2\" width=\"500\" height=\"281\" src=\"https:\/\/www.youtube.com\/embed\/S494eWhZIxY?feature=oembed\" frameborder=\"0\" allow=\"accelerometer; autoplay; clipboard-write; encrypted-media; gyroscope; picture-in-picture; web-share\" referrerpolicy=\"strict-origin-when-cross-origin\" allowfullscreen><\/iframe><\/p><\/div>\n\t\t\t\t\t\t\t\t\t<div class=\"elementor-tab-title elementor-tab-mobile-title\" aria-selected=\"false\" data-tab=\"2\" role=\"tab\" tabindex=\"-1\" aria-controls=\"elementor-tab-content-1342\" aria-expanded=\"false\">Carreras<\/div>\n\t\t\t\t\t<div id=\"elementor-tab-content-1342\" class=\"elementor-tab-content elementor-clearfix\" data-tab=\"2\" role=\"tabpanel\" aria-labelledby=\"elementor-tab-title-1342\" tabindex=\"0\" hidden=\"hidden\"><ul><li><span style=\"color: #000000;\"><strong><a style=\"color: #000000;\" href=\"https:\/\/carreras.uleam.edu.ec\/facultad-ciencias-administrativas-contables\/carrera-de-administracion-de-empresas\/\" target=\"_blank\" rel=\"noopener\">Administraci\u00f3n de Empresas<\/a><\/strong><\/span><\/li><li><span style=\"color: #000000;\"><a style=\"color: #000000;\" href=\"https:\/\/carreras.uleam.edu.ec\/facultad-ciencias-administrativas-contables\/carrera-de-mercadotecnia\/\" target=\"_blank\" rel=\"noopener\"><strong>Mercadotecnia<\/strong><\/a><\/span><\/li><li><span style=\"color: #000000;\"><a style=\"color: #000000;\" href=\"https:\/\/carreras.uleam.edu.ec\/facultad-ciencias-administrativas-contables\/carrera-de-auditoria-y-control-de-gestion\/\" target=\"_blank\" rel=\"noopener\"><strong>Auditoria y Control de Gesti\u00f3n<\/strong><\/a><\/span><\/li><li><span style=\"color: #000000;\"><a style=\"color: #000000;\" href=\"https:\/\/carreras.uleam.edu.ec\/facultad-ciencias-administrativas-contables\/carrera-de-contabilidad-y-auditoria\/\" target=\"_blank\" rel=\"noopener\"><strong>Contabilidad y Auditor\u00eda<\/strong><\/a><\/span><\/li><li><span style=\"color: #000000;\"><a style=\"color: #000000;\" href=\"https:\/\/carreras.uleam.edu.ec\/facultad-ciencias-administrativas-contables\/carrera-de-finanzas\/\" target=\"_blank\" rel=\"noopener\"><strong>Finanzas<\/strong><\/a><\/span><\/li><li><span style=\"color: #000000;\"><a style=\"color: #000000;\" href=\"https:\/\/carreras.uleam.edu.ec\/facultad-ciencias-administrativas-contables\/carrera-de-gestion-de-la-informacion-gerencial\/\" target=\"_blank\" rel=\"noopener\"><strong>Gesti\u00f3n de la Informaci\u00f3n Gerencial<\/strong><\/a><\/span><\/li><li><span style=\"color: #000000;\"><a style=\"color: #000000;\" href=\"https:\/\/carreras.uleam.edu.ec\/facultad-ciencias-administrativas-contables\/carrera-de-comercio-exterior-y-negocios-internacionales\/\" target=\"_blank\" rel=\"noopener\"><strong>Comercio Exterior<\/strong><\/a><\/span><\/li><li><strong><span style=\"color: #000000;\"><a style=\"color: #000000;\" href=\"https:\/\/carreras.uleam.edu.ec\/facultad-ciencias-administrativas-contables\/carrera-gestion-del-talento-humano\/\">Gesti\u00f3n del Talento Humano<\/a><\/span><\/strong><\/li><\/ul><\/div>\n\t\t\t\t\t\t\t\t\t<div class=\"elementor-tab-title elementor-tab-mobile-title\" aria-selected=\"false\" data-tab=\"3\" role=\"tab\" tabindex=\"-1\" aria-controls=\"elementor-tab-content-1343\" aria-expanded=\"false\">Autoridades<\/div>\n\t\t\t\t\t<div id=\"elementor-tab-content-1343\" class=\"elementor-tab-content elementor-clearfix\" data-tab=\"3\" role=\"tabpanel\" aria-labelledby=\"elementor-tab-title-1343\" tabindex=\"0\" hidden=\"hidden\"><p><img loading=\"lazy\" decoding=\"async\" class=\"alignnone wp-image-777 size-large\" src=\"https:\/\/carreras.uleam.edu.ec\/facultad-ciencias-administrativas-contables\/wp-content\/uploads\/sites\/76\/2024\/05\/FOTOS-decana-administracion-1024x576.png\" alt=\"\" width=\"1024\" height=\"576\" \/><\/p><p style=\"text-align: center;\">DECANA: <a href=\"mailto:mariai.delgado@uleam.edu.ec\">mariai.delgado@uleam.edu.ec<\/a>\u00a0 \u00a0 \u00a0\/\u00a0 \u00a0SUBDECANA: <a href=\"mailto:dianexy.carreno@uleam.edu.ec\">dianexy.carreno@uleam.edu.ec<\/a><\/p><hr \/><p style=\"text-align: center;\">HORARIO DE ATENCI\u00d3N:<\/p><p style=\"text-align: center;\">DE 08:00 A 17:00\u00a0<\/p><p style=\"text-align: center;\">Lunes \u2013 Viernes<\/p><\/div>\n\t\t\t\t\t\t\t\t\t<div class=\"elementor-tab-title elementor-tab-mobile-title\" aria-selected=\"false\" data-tab=\"4\" role=\"tab\" tabindex=\"-1\" aria-controls=\"elementor-tab-content-1344\" aria-expanded=\"false\">Misi\u00f3n y Visi\u00f3n<\/div>\n\t\t\t\t\t<div id=\"elementor-tab-content-1344\" class=\"elementor-tab-content elementor-clearfix\" data-tab=\"4\" role=\"tabpanel\" aria-labelledby=\"elementor-tab-title-1344\" tabindex=\"0\" hidden=\"hidden\"><div><strong>MISI\u00d3N<\/strong><\/div><p>Formar profesionales id\u00f3neos en las \u00e1reas de Administraci\u00f3n de Empresas, Contables y Comercio, con una s\u00f3lida base cient\u00edfica, fomentando el emprendimiento y la investigaci\u00f3n, socialmente responsables con el desarrollo regional y nacional.<\/p><div><strong>VISI\u00d3N<\/strong><\/div><div>Ser reconocida a nivel regional y nacional, por la calidad en la formaci\u00f3n de profesionales id\u00f3neos en las \u00e1reas de Administraci\u00f3n de Empresas, Contables y Comercio, que generen investigaci\u00f3n y emprendimiento para el desarrollo socio-econ\u00f3mico del pa\u00eds..<\/div><\/div>\n\t\t\t\t\t\t\t\t\t<div class=\"elementor-tab-title elementor-tab-mobile-title\" aria-selected=\"false\" data-tab=\"5\" role=\"tab\" tabindex=\"-1\" aria-controls=\"elementor-tab-content-1345\" aria-expanded=\"false\">Organigrama<\/div>\n\t\t\t\t\t<div id=\"elementor-tab-content-1345\" class=\"elementor-tab-content elementor-clearfix\" data-tab=\"5\" role=\"tabpanel\" aria-labelledby=\"elementor-tab-title-1345\" tabindex=\"0\" hidden=\"hidden\"><p style=\"padding-left: 200px;\"><a href=\"https:\/\/carreras.uleam.edu.ec\/facultad-ciencias-administrativas-contables\/wp-content\/uploads\/sites\/76\/2025\/07\/1_Organigrama_de_FCACC_y_Carreras_fsigned_signed_signed-signed-1.pdf\" target=\"_blank\" rel=\"noopener\"><img loading=\"lazy\" decoding=\"async\" class=\"alignnone wp-image-944 size-large\" src=\"https:\/\/carreras.uleam.edu.ec\/facultad-ciencias-administrativas-contables\/wp-content\/uploads\/sites\/76\/2025\/07\/ORGANIGRAMA-1024x687.png\" alt=\"\" width=\"1024\" height=\"687\" srcset=\"https:\/\/carreras.uleam.edu.ec\/facultad-ciencias-administrativas-contables\/wp-content\/uploads\/sites\/76\/2025\/07\/ORGANIGRAMA-1024x687.png 1024w, https:\/\/carreras.uleam.edu.ec\/facultad-ciencias-administrativas-contables\/wp-content\/uploads\/sites\/76\/2025\/07\/ORGANIGRAMA-300x201.png 300w, https:\/\/carreras.uleam.edu.ec\/facultad-ciencias-administrativas-contables\/wp-content\/uploads\/sites\/76\/2025\/07\/ORGANIGRAMA-768x515.png 768w, https:\/\/carreras.uleam.edu.ec\/facultad-ciencias-administrativas-contables\/wp-content\/uploads\/sites\/76\/2025\/07\/ORGANIGRAMA-1536x1030.png 1536w, https:\/\/carreras.uleam.edu.ec\/facultad-ciencias-administrativas-contables\/wp-content\/uploads\/sites\/76\/2025\/07\/ORGANIGRAMA-2048x1374.png 2048w\" sizes=\"auto, (max-width: 1024px) 100vw, 1024px\" \/><\/a><\/p><\/div>\n\t\t\t\t\t\t\t\t\t<div class=\"elementor-tab-title elementor-tab-mobile-title\" aria-selected=\"false\" data-tab=\"6\" role=\"tab\" tabindex=\"-1\" aria-controls=\"elementor-tab-content-1346\" aria-expanded=\"false\">Convenios<\/div>\n\t\t\t\t\t<div id=\"elementor-tab-content-1346\" class=\"elementor-tab-content elementor-clearfix\" data-tab=\"6\" role=\"tabpanel\" aria-labelledby=\"elementor-tab-title-1346\" tabindex=\"0\" hidden=\"hidden\"><p style=\"text-align: center;\"><a href=\"https:\/\/departamentos.uleam.edu.ec\/procuraduria\/convenios\/\" target=\"_blank\" rel=\"noopener\"><img loading=\"lazy\" decoding=\"async\" class=\"alignnone size-medium wp-image-45\" src=\"https:\/\/carreras.uleam.edu.ec\/facultad-ciencias-administrativas-contables\/wp-content\/uploads\/sites\/76\/2022\/09\/convenios-300x256.png\" alt=\"\" width=\"300\" height=\"256\" srcset=\"https:\/\/carreras.uleam.edu.ec\/facultad-ciencias-administrativas-contables\/wp-content\/uploads\/sites\/76\/2022\/09\/convenios-300x256.png 300w, https:\/\/carreras.uleam.edu.ec\/facultad-ciencias-administrativas-contables\/wp-content\/uploads\/sites\/76\/2022\/09\/convenios-768x656.png 768w, https:\/\/carreras.uleam.edu.ec\/facultad-ciencias-administrativas-contables\/wp-content\/uploads\/sites\/76\/2022\/09\/convenios.png 854w\" sizes=\"auto, (max-width: 300px) 100vw, 300px\" \/><\/a><\/p><\/div>\n\t\t\t\t\t\t\t<\/div>\n\t\t<\/div>\n\t\t\t\t<\/div>\n\t\t\t\t<\/div>\n\t\t\t\t\t<\/div>\n\t\t<\/div>\n\t\t\t\t\t\t\t<\/div>\n\t\t<\/section>\n\t\t\t\t<section class=\"elementor-section elementor-top-section elementor-element elementor-element-1043442 elementor-section-boxed elementor-section-height-default elementor-section-height-default\" data-id=\"1043442\" data-element_type=\"section\">\n\t\t\t\t\t\t<div class=\"elementor-container elementor-column-gap-default\">\n\t\t\t\t\t<div class=\"elementor-column elementor-col-50 elementor-top-column elementor-element elementor-element-7a426ec\" data-id=\"7a426ec\" data-element_type=\"column\">\n\t\t\t<div class=\"elementor-widget-wrap elementor-element-populated\">\n\t\t\t\t\t\t\t\t<div class=\"elementor-element elementor-element-d24d0f0 elementor-widget elementor-widget-heading\" data-id=\"d24d0f0\" data-element_type=\"widget\" data-widget_type=\"heading.default\">\n\t\t\t\t<div class=\"elementor-widget-container\">\n\t\t\t<h2 class=\"elementor-heading-title elementor-size-default\">Eres el visitante<\/h2>\t\t<\/div>\n\t\t\t\t<\/div>\n\t\t\t\t<div class=\"elementor-element elementor-element-92e7bbc elementor-widget elementor-widget-shortcode\" data-id=\"92e7bbc\" data-element_type=\"widget\" data-widget_type=\"shortcode.default\">\n\t\t\t\t<div class=\"elementor-widget-container\">\n\t\t\t\t\t<div class=\"elementor-shortcode\"><div id=\"sfc1cx1jl6lrskamaz1ctqx1zgung1ajt3h\"><\/div><script type=\"text\/javascript\" src=\"https:\/\/counter1.optistats.ovh\/private\/counter.js?c=1cx1jl6lrskamaz1ctqx1zgung1ajt3h&down=async\" async><\/script><noscript><a href=\"https:\/\/www.contadorvisitasgratis.com\" title=\"contador de visitas\"><img decoding=\"async\" src=\"https:\/\/counter1.optistats.ovh\/private\/contadorvisitasgratis.php?c=1cx1jl6lrskamaz1ctqx1zgung1ajt3h\" border=\"0\" title=\"contador de visitas\" alt=\"contador de visitas\"><\/a><\/noscript><\/div>\n\t\t\t\t<\/div>\n\t\t\t\t<\/div>\n\t\t\t\t\t<\/div>\n\t\t<\/div>\n\t\t\t\t<div class=\"elementor-column elementor-col-50 elementor-top-column elementor-element elementor-element-2f4bb08\" data-id=\"2f4bb08\" data-element_type=\"column\">\n\t\t\t<div class=\"elementor-widget-wrap elementor-element-populated\">\n\t\t\t\t\t\t\t\t<div class=\"elementor-element elementor-element-a46e49f elementor-widget elementor-widget-heading\" data-id=\"a46e49f\" data-element_type=\"widget\" data-widget_type=\"heading.default\">\n\t\t\t\t<div class=\"elementor-widget-container\">\n\t\t\t<h2 class=\"elementor-heading-title elementor-size-default\">Visitas por Paises<\/h2>\t\t<\/div>\n\t\t\t\t<\/div>\n\t\t\t\t<div class=\"elementor-element elementor-element-5f3f688 elementor-widget elementor-widget-shortcode\" data-id=\"5f3f688\" data-element_type=\"widget\" data-widget_type=\"shortcode.default\">\n\t\t\t\t<div class=\"elementor-widget-container\">\n\t\t\t\t\t<div class=\"elementor-shortcode\"><a href=\"https:\/\/info.flagcounter.com\/7MzQ\"><img decoding=\"async\" src=\"https:\/\/s01.flagcounter.com\/countxl\/7MzQ\/bg_FFFFFF\/txt_000000\/border_CCCCCC\/columns_4\/maxflags_15\/viewers_0\/labels_1\/pageviews_1\/flags_0\/percent_0\/\" alt=\"Flag Counter\" border=\"0\"><\/a><\/div>\n\t\t\t\t<\/div>\n\t\t\t\t<\/div>\n\t\t\t\t\t<\/div>\n\t\t<\/div>\n\t\t\t\t\t\t\t<\/div>\n\t\t<\/section>\n\t\t\t\t<section class=\"elementor-section elementor-top-section elementor-element elementor-element-8785354 elementor-section-boxed elementor-section-height-default elementor-section-height-default\" data-id=\"8785354\" data-element_type=\"section\">\n\t\t\t\t\t\t<div class=\"elementor-container elementor-column-gap-default\">\n\t\t\t\t\t<div class=\"elementor-column elementor-col-100 elementor-top-column elementor-element elementor-element-93e3950\" data-id=\"93e3950\" data-element_type=\"column\">\n\t\t\t<div class=\"elementor-widget-wrap elementor-element-populated\">\n\t\t\t\t\t\t\t\t<div class=\"elementor-element elementor-element-b8d6355 elementor-widget elementor-widget-spacer\" data-id=\"b8d6355\" data-element_type=\"widget\" data-widget_type=\"spacer.default\">\n\t\t\t\t<div class=\"elementor-widget-container\">\n\t\t\t\t\t<div class=\"elementor-spacer\">\n\t\t\t<div class=\"elementor-spacer-inner\"><\/div>\n\t\t<\/div>\n\t\t\t\t<\/div>\n\t\t\t\t<\/div>\n\t\t\t\t\t<\/div>\n\t\t<\/div>\n\t\t\t\t\t\t\t<\/div>\n\t\t<\/section>\n\t\t\t\t\t\t<\/div>\n\t\t\t\t\t<\/div>\n\t\t","protected":false},"excerpt":{"rendered":"<p>Promocional de la Facultad Carreras Autoridades Misi\u00f3n y Visi\u00f3n Organigrama Convenios Promocional de la Facultad Carreras Administraci\u00f3n de Empresas Mercadotecnia Auditoria y Control de Gesti\u00f3n Contabilidad y Auditor\u00eda Finanzas Gesti\u00f3n de la Informaci\u00f3n Gerencial Comercio Exterior Gesti\u00f3n del Talento Humano [&hellip;]<\/p>\n","protected":false},"author":7,"featured_media":0,"parent":0,"menu_order":0,"comment_status":"closed","ping_status":"closed","template":"elementor_canvas","meta":{"_acf_changed":false,"footnotes":""},"class_list":["post-23","page","type-page","status-publish","hentry"],"acf":[],"_links":{"self":[{"href":"https:\/\/carreras.uleam.edu.ec\/facultad-ciencias-administrativas-contables\/wp-json\/wp\/v2\/pages\/23","targetHints":{"allow":["GET"]}}],"collection":[{"href":"https:\/\/carreras.uleam.edu.ec\/facultad-ciencias-administrativas-contables\/wp-json\/wp\/v2\/pages"}],"about":[{"href":"https:\/\/carreras.uleam.edu.ec\/facultad-ciencias-administrativas-contables\/wp-json\/wp\/v2\/types\/page"}],"author":[{"embeddable":true,"href":"https:\/\/carreras.uleam.edu.ec\/facultad-ciencias-administrativas-contables\/wp-json\/wp\/v2\/users\/7"}],"replies":[{"embeddable":true,"href":"https:\/\/carreras.uleam.edu.ec\/facultad-ciencias-administrativas-contables\/wp-json\/wp\/v2\/comments?post=23"}],"version-history":[{"count":98,"href":"https:\/\/carreras.uleam.edu.ec\/facultad-ciencias-administrativas-contables\/wp-json\/wp\/v2\/pages\/23\/revisions"}],"predecessor-version":[{"id":1180,"href":"https:\/\/carreras.uleam.edu.ec\/facultad-ciencias-administrativas-contables\/wp-json\/wp\/v2\/pages\/23\/revisions\/1180"}],"wp:attachment":[{"href":"https:\/\/carreras.uleam.edu.ec\/facultad-ciencias-administrativas-contables\/wp-json\/wp\/v2\/media?parent=23"}],"curies":[{"name":"wp","href":"https:\/\/api.w.org\/{rel}","templated":true}]}}