{"id":582,"date":"2023-04-17T14:58:22","date_gmt":"2023-04-17T14:58:22","guid":{"rendered":"https:\/\/carreras.uleam.edu.ec\/facultad-ciencias-administrativas-contables\/?page_id=582"},"modified":"2023-04-17T15:05:36","modified_gmt":"2023-04-17T15:05:36","slug":"practicas-pre-profesionales-2","status":"publish","type":"page","link":"https:\/\/carreras.uleam.edu.ec\/facultad-ciencias-administrativas-contables\/practicas-pre-profesionales-2\/","title":{"rendered":"Pr\u00e1cticas Pre-profesionales"},"content":{"rendered":"\n<p class=\"has-text-align-center has-black-color has-cyan-bluish-gray-background-color has-text-color has-background\"><strong>DOCENTES DE SUPERVISAN LAS PR\u00c1CTICAS PRE-PROFESIONALES, DE LA CARRERA DE GESTI\u00d3N DE INFORMACI\u00d3N GERENCIAL:<\/strong><\/p>\n\n\n\n<figure class=\"wp-block-table\"><table><tbody><tr><td>PROFESOR<\/td><td class=\"has-text-align-center\" data-align=\"center\">HORAS<\/td><\/tr><tr><td>Ec. Mario Ara\u00faz, Mg.<\/td><td class=\"has-text-align-center\" data-align=\"center\">7<\/td><\/tr><tr><td>Lic. Gardenia Cede\u00f1o, PhD<\/td><td class=\"has-text-align-center\" data-align=\"center\">8<\/td><\/tr><tr><td>Lic. Jonathan Cove\u00f1a, Mg.<\/td><td class=\"has-text-align-center\" data-align=\"center\">3<\/td><\/tr><tr><td>Lic. Digna Quijije, PhD<\/td><td class=\"has-text-align-center\" data-align=\"center\">6<\/td><\/tr><tr><td>Lic. Karina Saltos, Mg.<\/td><td class=\"has-text-align-center\" data-align=\"center\">4<\/td><\/tr><tr><td>A.S. Sonia Sion, Mg.<\/td><td class=\"has-text-align-center\" data-align=\"center\">5<\/td><\/tr><tr><td>Lic. Daysi Soto, PhD<\/td><td class=\"has-text-align-center\" data-align=\"center\">8<\/td><\/tr><\/tbody><\/table><\/figure>\n\n\n\n<p><strong><\/strong><\/p>\n\n\n\n<p>Los estudiantes de la carrera de Gesti\u00f3n de Informaci\u00f3n Gerencial es una asignatura obligatoria del Plan de Estudios, deber\u00e1n acreditar 240 horas de pr\u00e1cticas preprofesionales y est\u00e1n divididas en dos niveles:<\/p>\n\n\n\n<p>96 horas en el CUARTO nivel<\/p>\n\n\n\n<p>144 horas en el QUINTO nivel<\/p>\n\n\n\n<p><strong><u>DESARROLLO DE LAS PR\u00c1CTICAS PREPROFESIONALES:<\/u><\/strong><\/p>\n\n\n\n<p><strong>Planificaci\u00f3n de las pr\u00e1cticas preprofesionales<\/strong><\/p>\n\n\n\n<ul class=\"wp-block-list\">\n<li>El estudiante debe cuarto nivel o quinto nivel para la ejecuci\u00f3n de las 96 o 144 horas respectivamente.<\/li>\n\n\n\n<li>El estudiante debe decidir d\u00f3nde realizar sus pr\u00e1cticas preprofesionales y verificar si la Universidad tiene convenio con esa Organizaci\u00f3n,&nbsp;caso contrario la Comisi\u00f3n de pr\u00e1cticas deber\u00e1 realizar las gestiones junto al estudiante para la firma del convenio correspondiente.<\/li>\n\n\n\n<li>Una vez analizado los documentos: Solicitud de pr\u00e1cticas y Convenio, la m\u00e1xima autoridad de la carrera (director de carrera)&nbsp;enviar\u00e1 una solicitud de formalizaci\u00f3n del Convenio y luego se designar\u00e1 un profesor supervisor de pr\u00e1cticas preprofesionales.<\/li>\n\n\n\n<li>El estudiante debe llenar la encuesta de solicitud para la realizaci\u00f3n de las pr\u00e1cticas preprofesionales<a href=\"https:\/\/forms.office.com\/r\/q3VRzeUVy3\" target=\"_blank\" rel=\"noreferrer noopener\"> (Haga Click para acceder al formulario de inscripci\u00f3n)<\/a>&nbsp;<\/li>\n<\/ul>\n\n\n\n<p><a href=\"https:\/\/forms.office.com\/r\/jpnjDbh1V4\" target=\"_blank\" rel=\"noreferrer noopener\"><\/a><\/p>\n\n\n\n<p><strong>Supervisi\u00f3n de las pr\u00e1cticas preprofesionales<\/strong><\/p>\n\n\n\n<ul class=\"wp-block-list\">\n<li>El estudiante proceder\u00e1 a iniciar sus pr\u00e1cticas pre-profesionales, una vez aceptada la formalizaci\u00f3n.<br><\/li>\n\n\n\n<li>El estudiante debe llevar un registro de asistencia que evidencie las actividades desarrolladas.&nbsp;<a href=\"https:\/\/uleam-my.sharepoint.com\/:w:\/g\/personal\/mariaf_zambrano_uleam_edu_ec\/EX5dgjFhg-JAquw6hwO18lUBXGWPLhJoKuvuaTcKoN3FNg?e=9ZP2Da\" target=\"_blank\" rel=\"noreferrer noopener\">PAP-01-F-002-Registro-Actividades-Diarias-del-Estudiante.docx<\/a>&nbsp;<\/li>\n\n\n\n<li>El profesor supervisor, deber\u00e1 realizar el seguimiento semanal a la ejecuci\u00f3n de las pr\u00e1cticas preprofesionales.&nbsp;<a href=\"https:\/\/uleam-my.sharepoint.com\/:w:\/g\/personal\/mariaf_zambrano_uleam_edu_ec\/EYV7KWO7oYBFvwpO0ExOwDwBZRF_Z18QdWYi7StypGC5fw?e=xrSb8n\" target=\"_blank\" rel=\"noreferrer noopener\">PAP-01-F-003-Ficha-para-Supervisar-al-Estudiante.docx<\/a><\/li>\n<\/ul>\n\n\n\n<p><strong>Evaluaci\u00f3n de las pr\u00e1cticas preprofesionales<\/strong><\/p>\n\n\n\n<ul class=\"wp-block-list\">\n<li>El tutor empresarial y el profesor supervisor evaluar\u00e1n el desempe\u00f1o del estudiante mediante el formato:<a href=\"https:\/\/uleam-my.sharepoint.com\/:x:\/g\/personal\/mariaf_zambrano_uleam_edu_ec\/EaNvVaoO69pJt0aCUqaMl9sBhJvTN-cWAkdtNhmsg07Q-A?e=7W4pu6\" target=\"_blank\" rel=\"noreferrer noopener\">PAP-01-F-005-Evaluacion-General-de-Practicas-y-Pasantias (2).xlsx<\/a><\/li>\n\n\n\n<li>El estudiante debe generar el informe de las actividades realizadas durante la ejecuci\u00f3n de las pr\u00e1cticas preprofesionales.&nbsp;<a href=\"https:\/\/uleam-my.sharepoint.com\/:w:\/g\/personal\/mariaf_zambrano_uleam_edu_ec\/EbZlgbL_7W9Bqem-Ac3miOsBMp53UJ0jpgE-jU0-33lvNA?e=7JA1ql\" target=\"_blank\" rel=\"noreferrer noopener\">PAP-01-F-004-Informe-Final-del-Estudiante.docx<\/a><\/li>\n\n\n\n<li>El profesor supervisor de pr\u00e1cticas preprofesionales, registra la nota en el aula virtual.<\/li>\n<\/ul>\n\n\n\n<p><a href=\"https:\/\/departamentos.uleam.edu.ec\/gestion-aseguramiento-calidad\/planificacion-de-programa-de-practicas-pre-profesionales-y-pasantias\/\" target=\"_blank\" rel=\"noreferrer noopener\">MANUAL DE PROCEDIMIENTO_PLANIFICACI\u00d3N, EJECUCI\u00d3N, SUPERVISI\u00d3N Y EVALUACI\u00d3N DE PR\u00c1CTICAS PREPROFESIONALES Y PASANT\u00cdAS<\/a>&nbsp;<\/p>\n","protected":false},"excerpt":{"rendered":"<p>DOCENTES DE SUPERVISAN LAS PR\u00c1CTICAS PRE-PROFESIONALES, DE LA CARRERA DE GESTI\u00d3N DE INFORMACI\u00d3N GERENCIAL: PROFESOR HORAS Ec. Mario Ara\u00faz, Mg. 7 Lic. Gardenia Cede\u00f1o, PhD 8 Lic. Jonathan Cove\u00f1a, Mg. 3 Lic. Digna Quijije, PhD 6 Lic. Karina Saltos, Mg. [&hellip;]<\/p>\n","protected":false},"author":70,"featured_media":0,"parent":0,"menu_order":0,"comment_status":"closed","ping_status":"closed","template":"","meta":{"_acf_changed":false,"footnotes":""},"class_list":["post-582","page","type-page","status-publish","hentry"],"acf":[],"_links":{"self":[{"href":"https:\/\/carreras.uleam.edu.ec\/facultad-ciencias-administrativas-contables\/wp-json\/wp\/v2\/pages\/582","targetHints":{"allow":["GET"]}}],"collection":[{"href":"https:\/\/carreras.uleam.edu.ec\/facultad-ciencias-administrativas-contables\/wp-json\/wp\/v2\/pages"}],"about":[{"href":"https:\/\/carreras.uleam.edu.ec\/facultad-ciencias-administrativas-contables\/wp-json\/wp\/v2\/types\/page"}],"author":[{"embeddable":true,"href":"https:\/\/carreras.uleam.edu.ec\/facultad-ciencias-administrativas-contables\/wp-json\/wp\/v2\/users\/70"}],"replies":[{"embeddable":true,"href":"https:\/\/carreras.uleam.edu.ec\/facultad-ciencias-administrativas-contables\/wp-json\/wp\/v2\/comments?post=582"}],"version-history":[{"count":4,"href":"https:\/\/carreras.uleam.edu.ec\/facultad-ciencias-administrativas-contables\/wp-json\/wp\/v2\/pages\/582\/revisions"}],"predecessor-version":[{"id":589,"href":"https:\/\/carreras.uleam.edu.ec\/facultad-ciencias-administrativas-contables\/wp-json\/wp\/v2\/pages\/582\/revisions\/589"}],"wp:attachment":[{"href":"https:\/\/carreras.uleam.edu.ec\/facultad-ciencias-administrativas-contables\/wp-json\/wp\/v2\/media?parent=582"}],"curies":[{"name":"wp","href":"https:\/\/api.w.org\/{rel}","templated":true}]}}