{"id":595,"date":"2023-09-04T16:08:15","date_gmt":"2023-09-04T16:08:15","guid":{"rendered":"https:\/\/carreras.uleam.edu.ec\/facultad-ciencias-administrativas-contables\/?page_id=595"},"modified":"2025-12-01T20:21:40","modified_gmt":"2025-12-01T20:21:40","slug":"carrera-gestion-del-talento-humano","status":"publish","type":"page","link":"https:\/\/carreras.uleam.edu.ec\/facultad-ciencias-administrativas-contables\/carrera-gestion-del-talento-humano\/","title":{"rendered":"Carrera Gesti\u00f3n del Talento Humano"},"content":{"rendered":"\t\t<div data-elementor-type=\"wp-page\" data-elementor-id=\"595\" class=\"elementor elementor-595\" data-elementor-settings=\"[]\">\n\t\t\t\t\t\t\t<div class=\"elementor-section-wrap\">\n\t\t\t\t\t\t\t<section class=\"elementor-section elementor-top-section elementor-element elementor-element-4bd4078 elementor-section-boxed elementor-section-height-default elementor-section-height-default\" data-id=\"4bd4078\" data-element_type=\"section\">\n\t\t\t\t\t\t<div class=\"elementor-container elementor-column-gap-default\">\n\t\t\t\t\t<div class=\"elementor-column elementor-col-100 elementor-top-column elementor-element elementor-element-3ca1f16\" data-id=\"3ca1f16\" data-element_type=\"column\">\n\t\t\t<div class=\"elementor-widget-wrap elementor-element-populated\">\n\t\t\t\t\t\t\t\t<div class=\"elementor-element elementor-element-a9f59a0 elementor-tabs-view-horizontal elementor-widget elementor-widget-tabs\" data-id=\"a9f59a0\" data-element_type=\"widget\" data-widget_type=\"tabs.default\">\n\t\t\t\t<div class=\"elementor-widget-container\">\n\t\t\t\t\t<div class=\"elementor-tabs\">\n\t\t\t<div class=\"elementor-tabs-wrapper\" role=\"tablist\" >\n\t\t\t\t\t\t\t\t\t<div id=\"elementor-tab-title-1781\" class=\"elementor-tab-title elementor-tab-desktop-title\" aria-selected=\"true\" data-tab=\"1\" role=\"tab\" tabindex=\"0\" aria-controls=\"elementor-tab-content-1781\" aria-expanded=\"false\">Misi\u00f3n y Visi\u00f3n<\/div>\n\t\t\t\t\t\t\t\t\t<div id=\"elementor-tab-title-1782\" class=\"elementor-tab-title elementor-tab-desktop-title\" aria-selected=\"false\" data-tab=\"2\" role=\"tab\" tabindex=\"-1\" aria-controls=\"elementor-tab-content-1782\" aria-expanded=\"false\">Descripci\u00f3n General de la Carrera<\/div>\n\t\t\t\t\t\t\t\t\t<div id=\"elementor-tab-title-1783\" class=\"elementor-tab-title elementor-tab-desktop-title\" aria-selected=\"false\" data-tab=\"3\" role=\"tab\" tabindex=\"-1\" aria-controls=\"elementor-tab-content-1783\" aria-expanded=\"false\">Malla Curricular<\/div>\n\t\t\t\t\t\t\t\t\t<div id=\"elementor-tab-title-1784\" class=\"elementor-tab-title elementor-tab-desktop-title\" aria-selected=\"false\" data-tab=\"4\" role=\"tab\" tabindex=\"-1\" aria-controls=\"elementor-tab-content-1784\" aria-expanded=\"false\">Docentes<\/div>\n\t\t\t\t\t\t\t\t\t<div id=\"elementor-tab-title-1785\" class=\"elementor-tab-title elementor-tab-desktop-title\" aria-selected=\"false\" data-tab=\"5\" role=\"tab\" tabindex=\"-1\" aria-controls=\"elementor-tab-content-1785\" aria-expanded=\"false\">Datos Generales<\/div>\n\t\t\t\t\t\t\t\t\t<div id=\"elementor-tab-title-1786\" class=\"elementor-tab-title elementor-tab-desktop-title\" aria-selected=\"false\" data-tab=\"6\" role=\"tab\" tabindex=\"-1\" aria-controls=\"elementor-tab-content-1786\" aria-expanded=\"false\">Gesti\u00f3n y Proceso Estudiantil<\/div>\n\t\t\t\t\t\t\t<\/div>\n\t\t\t<div class=\"elementor-tabs-content-wrapper\" role=\"tablist\" aria-orientation=\"vertical\">\n\t\t\t\t\t\t\t\t\t<div class=\"elementor-tab-title elementor-tab-mobile-title\" aria-selected=\"true\" data-tab=\"1\" role=\"tab\" tabindex=\"0\" aria-controls=\"elementor-tab-content-1781\" aria-expanded=\"false\">Misi\u00f3n y Visi\u00f3n<\/div>\n\t\t\t\t\t<div id=\"elementor-tab-content-1781\" class=\"elementor-tab-content elementor-clearfix\" data-tab=\"1\" role=\"tabpanel\" aria-labelledby=\"elementor-tab-title-1781\" tabindex=\"0\" hidden=\"false\"><p>Misi\u00f3n.<br \/>Formar a los mejores profesionales en la gesti\u00f3n del talento humano al nivel local.<\/p><p>Visi\u00f3n<br \/>Ser la carrera referente en la formaci\u00f3n profesional del talento humano que transforme organizaciones y sociedades a trav\u00e9s de la innovaci\u00f3n y excelencia acad\u00e9mica.<\/p><\/div>\n\t\t\t\t\t\t\t\t\t<div class=\"elementor-tab-title elementor-tab-mobile-title\" aria-selected=\"false\" data-tab=\"2\" role=\"tab\" tabindex=\"-1\" aria-controls=\"elementor-tab-content-1782\" aria-expanded=\"false\">Descripci\u00f3n General de la Carrera<\/div>\n\t\t\t\t\t<div id=\"elementor-tab-content-1782\" class=\"elementor-tab-content elementor-clearfix\" data-tab=\"2\" role=\"tabpanel\" aria-labelledby=\"elementor-tab-title-1782\" tabindex=\"0\" hidden=\"hidden\"><p>Denominaci\u00f3n de la carrera\/Programa:\u00a0 Gesti\u00f3n del Talento Humano<\/p><p>Titulaci\u00f3n:\u00a0\u00a0\u00a0\u00a0\u00a0\u00a0\u00a0\u00a0\u00a0\u00a0\u00a0\u00a0\u00a0\u00a0\u00a0\u00a0\u00a0\u00a0\u00a0\u00a0\u00a0\u00a0\u00a0\u00a0\u00a0\u00a0\u00a0\u00a0\u00a0\u00a0\u00a0\u00a0\u00a0\u00a0\u00a0\u00a0\u00a0\u00a0\u00a0\u00a0\u00a0\u00a0\u00a0\u00a0\u00a0\u00a0\u00a0\u00a0\u00a0\u00a0\u00a0\u00a0 Licenciado en Gesti\u00f3n del Talento Humano.<\/p><p>Modalidad de estudios\/aprendizaje: \u00a0 \u00a0 \u00a0\u00a0 Presencial<\/p><hr \/><p style=\"text-align: justify\">La carrera Gesti\u00f3n del Talento Humano consiste en identificar qu\u00e9 competencias profesionales, actitudes y aptitudes necesita reunir el profesional para desempe\u00f1ar correctamente funciones dentro de las compa\u00f1\u00edas, a trav\u00e9s de herramientas cognitivas orientadas a la gesti\u00f3n competencial desde una visi\u00f3n epistemol\u00f3gica, aplicando conocimientos cient\u00edficos, t\u00e9cnicos y human\u00edsticos; comprometidos con el desarrollo sustentable y \u00e9tico.<\/p><p><span style=\"text-decoration: underline\">Requisitos de ingreso<\/span><\/p><p>Estar en posici\u00f3n de t\u00edtulo de bachiller o su equivalente debidamente reconocido por el Ministerio de Educaci\u00f3n.<\/p><p>Haber cumplido con los requisitos normados por el Sistema Nacional de Nivelaci\u00f3n y Admisi\u00f3n.<\/p><p>Haber aprobado el curso de nivelaci\u00f3n del SNNA o haber superado la prueba Transformar de acuerdo con el reglamento.<\/p><p>Copia de c\u00e9dula de ciudadan\u00eda o pasaporte vigente para postulantes extranjeros.<\/p><p><span style=\"text-decoration: underline\">Perfil de ingreso<\/span><\/p><p>El aspirante a la Carrera de Gesti\u00f3n del Talento Humano deber\u00e1 cumplir con los requisitos establecidos en el Art. 13.- Ingreso a tercer nivel del Reglamento del R\u00e9gimen Acad\u00e9mico RPC-SE-10-No.028-2022, para el ingreso al tercer nivel, se requiere:<\/p><ul><li>Poseer t\u00edtulo de bachiller o su equivalente, de conformidad con la Ley;<\/li><li>Haber cumplido los requisitos normados por el Sistema de Nivelaci\u00f3n y Admisi\u00f3n que observar\u00e1 los principios de igualdad de oportunidades, libertad de elecci\u00f3n de carrera y de m\u00e9ritos.<\/li><li>Para casos de movilidad interna o externa cumplir con los requisitos establecidos en el Art. 79 del Reglamento de R\u00e9gimen Acad\u00e9mico para cambios.<\/li><li>En caso de ser t\u00edtulo extranjero, deber\u00e1 presentar la resoluci\u00f3n de homologaci\u00f3n del t\u00edtulo y los documentos debidamente apostillados.<\/li><li>Adicional a ello debe demostrar inclinaci\u00f3n por la carrera a trav\u00e9s del dominio de los siguientes conocimientos b\u00e1sicos y complementarios:<\/li><li>Conocimientos generales en administraci\u00f3n, gesti\u00f3n y contabilidad;<\/li><li>Habilidad en la comunicaci\u00f3n oral, escrita y digital;<\/li><li>Capacidad de investigaci\u00f3n;<\/li><li>Capacidad de an\u00e1lisis l\u00f3gica y t\u00e9cnica social;<\/li><li>Utilizar herramientas e instrumentos de desarrollo humano.<\/li><\/ul><p><span style=\"text-decoration: underline\">Perfil de egreso<\/span><\/p><p>\u00bfQu\u00e9 resultados de aprendizaje y competencias profesionales son necesarias para el futuro desempe\u00f1o profesional?<\/p><p>Administra equipos de trabajo en espacios laborales: inclusivos y colaborativos, pertinentes con su contexto.<\/p><p>Resuelve conflictos en el campo amplio de la administraci\u00f3n aplicando estrategias asertivas en el \u00e1mbito de su profesi\u00f3n con un enfoque socialmente responsable. Implementa estrategias que generen oportunidades para la construcci\u00f3n de ambientes de aprendizajes interculturales y democr\u00e1ticos.<\/p><p>Desarrolla proyectos de investigaci\u00f3n, en el \u00e1mbito laboral para la identificaci\u00f3n, diagn\u00f3stico y\/o soluci\u00f3n de problemas en el campo de actuaci\u00f3n.<\/p><p>Lidera en un mundo competitivo y globalizado; programas y proyectos, aplicando los conocimientos adquiridos para el desarrollo de las funciones del talento humano.<\/p><p>\u00bfQu\u00e9 resultados de aprendizaje relacionados con el manejo de m\u00e9todos, metodolog\u00edas, modelos, protocolos, procesos y procedimientos de car\u00e1cter profesional e investigativo se garantizar\u00e1n en la implementaci\u00f3n de la carrera\/programa?<\/p><p>Implementa y aplica modelos de gesti\u00f3n del talento humano para garantizar la calidad del entorno laboral, incrementando la eficiencia de la empresa.<\/p><p>Eval\u00faa la estructura organizacional de las empresas ante la necesidad de incorporar los objetivos de desarrollo sostenible en sus procesos administrativos.<\/p><p>Domina herramientas y plataformas de control administrativo para mejorar la competitividad y la sostenibilidad de las empresas.<\/p><p>Utiliza una filosof\u00eda de mejora continua empresarial, en aras de optimizar los procesos del talento humano a trav\u00e9s de los procesos internos, apuntando a generar una cultura de cero defectos.<\/p><p>Promueve nuevos criterios para crear valor agregado en las organizaciones y evaluar mediante sistemas de medici\u00f3n de desempe\u00f1o del talento humano a fin de alcanzar los objetivos propuestos.<\/p><p>Elabora estudios que permitan construir una filosof\u00eda de empat\u00eda y buenas pr\u00e1cticas sociales.<\/p><p>Levanta procesos que permitan analizar las variaciones con criterios acad\u00e9micos cient\u00edficos.<\/p><p>Aplica modelos de administraci\u00f3n de talento humano que coadyuven a la integraci\u00f3n de conocimientos para formular estrategias competitivas, de innovaci\u00f3n y gesti\u00f3n organizacional.<\/p><p>\u00bfC\u00f3mo contribuye el futuro profesional al mejoramiento de la calidad de vida, el medio ambiente, el desarrollo productivo y la preservaci\u00f3n, difusi\u00f3n y enriquecimiento de las culturas y saberes?<\/p><p>Aplica conocimientos sobre fundamentos de teor\u00edas a fin, acorde a las necesidades sociales en los diferentes contextos, en aras del desarrollo humano, la convivencia social, con respeto al ecosistema circundante.<\/p><p>Genera conciencia de los problemas que afectan su entorno, con base en los conocimientos adquiridos, con responsabilidad social empresarial.<\/p><p>Identifica problemas relacionados con la estructura organizacional para la propuesta de soluciones responsables.<\/p><p>Optimiza el talento humano, bas\u00e1ndose en el marco jur\u00eddico correspondiente, tomando consideraci\u00f3n en los objetivos del desarrollo sostenible de las organizaciones.<\/p><p>Gestiona y analiza informaci\u00f3n de fuentes diversas, emitiendo juicios cr\u00edticos sustentados en los paradigmas epistemol\u00f3gicos de las ciencias, para prevenir riesgos en los diferentes procesos organizacionales.<\/p><p>\u00bfCu\u00e1les son los valores y los principios, en el marco de un enfoque de derechos, igualdad e interculturalidad, pensamiento universal, cr\u00edtico y creativo, que se promover\u00e1n en la formaci\u00f3n profesional que ofrece la carrera\/programa?<\/p><p>Emplea procedimientos que le permitan desenvolverse en las instituciones promoviendo el desarrollo organizacional y sostenible articulado con las exigencias socioecon\u00f3micas de la zona de influencia y con los recursos reales y potenciales en existencia. Implementa pol\u00edticas de interculturalidad, valores e igualdad de derechos que generen cambios sustanciales en su formaci\u00f3n personal y profesional en las organizaciones donde se desempe\u00f1e. Genera responsabilidad social y medioambiental que contribuye al bienestar de la comunidad.<\/p><p>Requisito de aprendizaje de una segunda lengua<\/p><p>Al culminar la carrera conforme a lo dispuesto en Art. 64 del RRA vigente aprobado por el CES: A trav\u00e9s del Instituto de Idiomas la universidad eval\u00faa a sus estudiantes para garantizar que tienen el nivel B1 en el idioma ingl\u00e9s.<\/p><p><span style=\"text-decoration: underline\">Perfil Profesional<\/span><\/p><p>El profesional ejerce de manera protagonista el rol de una instituci\u00f3n p\u00fablica o privada; conoce y dise\u00f1a los perfiles que necesitan estas organizaciones para que trabajen en ella los mejores profesionales, adem\u00e1s es capaz de moldear el rumbo de una instituci\u00f3n a trav\u00e9s del direccionamiento estrat\u00e9gico y gesti\u00f3n del recurso m\u00e1s importante de las organizaciones: su capital humano.<\/p><p><span style=\"text-decoration: underline\">Requisitos de titulaci\u00f3n:<\/span><\/p><p>Requisitos de titulaci\u00f3n \u2013 administrativos.<\/p><ul><li>Haber cumplido en su totalidad la malla curricular, incluyendo las asignaturas de las unidades b\u00e1sicas y profesionales.<\/li><li>Haber aprobado una modalidad de titulaci\u00f3n de la carrera.<\/li><li>Al culminar la carrera conforme a lo dispuesto en Art. 64 del RRA vigente aprobado por el CES: A trav\u00e9s del Instituto de Idiomas la universidad eval\u00faa a sus estudiantes para garantizar que tienen el nivel B1 en el idioma ingl\u00e9s.<\/li><li>Acreditar el cumplimiento de los requisitos de titulaci\u00f3n establecidos en la LOES: pr\u00e1cticas preprofesionales y las pr\u00e1cticas de servicio comunitario seg\u00fan lo aprobado en el proyecto de carrera.<\/li><li>Aprobar pr\u00e1cticas laborales y servicio comunitario.<\/li><\/ul><p><span style=\"text-decoration: underline\">Titulaci\u00f3n<\/span><\/p><ul><li>Desarrollo de un trabajo de integraci\u00f3n curricular<\/li><li>Examen complexivo<\/li><\/ul><\/div>\n\t\t\t\t\t\t\t\t\t<div class=\"elementor-tab-title elementor-tab-mobile-title\" aria-selected=\"false\" data-tab=\"3\" role=\"tab\" tabindex=\"-1\" aria-controls=\"elementor-tab-content-1783\" aria-expanded=\"false\">Malla Curricular<\/div>\n\t\t\t\t\t<div id=\"elementor-tab-content-1783\" class=\"elementor-tab-content elementor-clearfix\" data-tab=\"3\" role=\"tabpanel\" aria-labelledby=\"elementor-tab-title-1783\" tabindex=\"0\" hidden=\"hidden\"><p style=\"text-align: center\">\u00a0<a href=\"https:\/\/carreras.uleam.edu.ec\/facultad-ciencias-administrativas-contables\/wp-content\/uploads\/sites\/76\/2024\/12\/MALLA-GESTION-TALENTO-HUMANO-2024.pdf\" target=\"_blank\" rel=\"noopener\"><img loading=\"lazy\" decoding=\"async\" class=\"alignnone wp-image-828 size-large\" src=\"https:\/\/carreras.uleam.edu.ec\/facultad-ciencias-administrativas-contables\/wp-content\/uploads\/sites\/76\/2024\/12\/MALLA-GESTION-DEL-TALENTO-HUMANO-2024-1024x634.png\" alt=\"\" width=\"1024\" height=\"634\" srcset=\"https:\/\/carreras.uleam.edu.ec\/facultad-ciencias-administrativas-contables\/wp-content\/uploads\/sites\/76\/2024\/12\/MALLA-GESTION-DEL-TALENTO-HUMANO-2024-1024x634.png 1024w, https:\/\/carreras.uleam.edu.ec\/facultad-ciencias-administrativas-contables\/wp-content\/uploads\/sites\/76\/2024\/12\/MALLA-GESTION-DEL-TALENTO-HUMANO-2024-300x186.png 300w, https:\/\/carreras.uleam.edu.ec\/facultad-ciencias-administrativas-contables\/wp-content\/uploads\/sites\/76\/2024\/12\/MALLA-GESTION-DEL-TALENTO-HUMANO-2024-768x475.png 768w, https:\/\/carreras.uleam.edu.ec\/facultad-ciencias-administrativas-contables\/wp-content\/uploads\/sites\/76\/2024\/12\/MALLA-GESTION-DEL-TALENTO-HUMANO-2024-1536x951.png 1536w, https:\/\/carreras.uleam.edu.ec\/facultad-ciencias-administrativas-contables\/wp-content\/uploads\/sites\/76\/2024\/12\/MALLA-GESTION-DEL-TALENTO-HUMANO-2024-2048x1268.png 2048w\" sizes=\"auto, (max-width: 1024px) 100vw, 1024px\" \/><\/a><\/p><\/div>\n\t\t\t\t\t\t\t\t\t<div class=\"elementor-tab-title elementor-tab-mobile-title\" aria-selected=\"false\" data-tab=\"4\" role=\"tab\" tabindex=\"-1\" aria-controls=\"elementor-tab-content-1784\" aria-expanded=\"false\">Docentes<\/div>\n\t\t\t\t\t<div id=\"elementor-tab-content-1784\" class=\"elementor-tab-content elementor-clearfix\" data-tab=\"4\" role=\"tabpanel\" aria-labelledby=\"elementor-tab-title-1784\" tabindex=\"0\" hidden=\"hidden\"><ul><li>Ec. C\u00e9sar Ra\u00fal Alarc\u00f3n Ch\u00e1vez, Mg.<\/li><li>Ing. Mar\u00eda Jesenia Alc\u00edvar Mero, Mg.<\/li><li>Ing. Carmen Marieta Bayas Zambrano, Mg.<\/li><li>Ec. Oscar Xavier Calder\u00f3n Zamora, Mg.<\/li><li>Ing. Flor Mar\u00eda Calero Guevara, PhD.<\/li><li>Ing. Evelyn Dyann Cano Lara, PhD.<\/li><li>Ab. Carlos Stalin C\u00e1rdenas Medina, Mg.<\/li><li>Ing. Alba Luc\u00eda C\u00e1ceres Larreagati, Mg.<\/li><li>Ec. Alexa Mar\u00eda Cede\u00f1o Mac\u00edas, Mg.<\/li><li>Ing. Rodrigo Pa\u00fal Cevallos Enr\u00edquez, PhD.<\/li><li>Ing. \u00c1ngela Agripina Cevallos Ponce, Mg.<\/li><li>Ab. M\u00f3nica Alexandra Franco Ch\u00e1vez, Mg.<\/li><li>Ing. Luis Enrique Franco Rodr\u00edguez, Mg.<\/li><li>Ing. Ana del Roc\u00edo Garc\u00eda Loor, PhD.<\/li><li>Ing. Jessica Geoconda Guadamud Vera, Mg.<\/li><li>BSc. Marissa Alejandra Guevara Ca\u00f1izares, Mg.<\/li><li>Ing. Audrey Jacqueline Holgu\u00edn Briones, Mg.<\/li><li>Ec. G\u00e9nesis Estefan\u00eda Heredia Coppiano, Mg.<\/li><li>Ing. Otto Wagner Mac\u00edas Catagua, Mg.<\/li><li>Ing. Karla Rosanna Marcillo Pin, Mg.<\/li><li>Lcdo. Amado Antonio Mendoza Briones, PhD.<\/li><li>Ing. Rub\u00e9n Diario Mero Mero, Mg.<\/li><li>Ing. Jos\u00e9 Luis Morante Galarza, Mg.<\/li><li>Ing. Jos\u00e9 Alexander Moreira Pacha, Mg.<\/li><li>Ing. Vicenta Roc\u00edo Piguave P\u00e9rez, PhD.<\/li><li>Ing. Diomedes Ricardo Quijije Anchundia, PhD.<\/li><li>Ing. Miguel Oswaldo Rodr\u00edguez Dur\u00e1n, Mg.<\/li><li>Ing. Hern\u00e1n Vladimir Salcedo Loor, Mg.<\/li><li>Ing. Richard Gonzalo Toro Loor, Mg.<\/li><li>Ing. Carlos Alberto Velasco Delgado, Mg.<\/li><li>Ing. Xavier Alberto V\u00e9lez Romero, Mg.<\/li><li>Ing. Carlos Orlando V\u00e9lez Ch\u00e1vez, Mg.<\/li><\/ul><\/div>\n\t\t\t\t\t\t\t\t\t<div class=\"elementor-tab-title elementor-tab-mobile-title\" aria-selected=\"false\" data-tab=\"5\" role=\"tab\" tabindex=\"-1\" aria-controls=\"elementor-tab-content-1785\" aria-expanded=\"false\">Datos Generales<\/div>\n\t\t\t\t\t<div id=\"elementor-tab-content-1785\" class=\"elementor-tab-content elementor-clearfix\" data-tab=\"5\" role=\"tabpanel\" aria-labelledby=\"elementor-tab-title-1785\" tabindex=\"0\" hidden=\"hidden\"><ul><li style=\"text-align: center\">Dra. Roc\u00edo Piguave P\u00e9rez, Ph.D\u00a0\u00a0<\/li><li style=\"text-align: center\">DIRECTORA DE CARRERA<\/li><li style=\"text-align: center\"><a href=\"mailto:rocio.piguave@uleam.edu.ec\">rocio.piguave@uleam.edu.ec<\/a><\/li><\/ul><hr \/><p style=\"text-align: center\">SECRETARIAS<\/p><ul style=\"text-align: center\"><li>Lic. Alexa Mac\u00edas Cuenca<\/li><li>\u00a0\u00a0<a href=\"mailto:alexa.macias@uleam.edu.ec\">alexa.macias@uleam.edu.ec<\/a><\/li><li>Lic. Rossana Haidee Cede\u00f1o Garc\u00eda, Mgtr.<\/li><li>\u00a0\u00a0 \u00a0\u00a0 \u00a0\u00a0<a href=\"mailto:rossana.cedeno@uleam.edu.ec\">rossana.cedeno@uleam.edu.ec<\/a><\/li><li>Lcda. Rosa Sol\u00f3rzano Briones<\/li><li><a href=\"mailto:rosa.rolorzano@uleam.edu.ec\">rosa.rolorzano@uleam.edu.ec<\/a><\/li><li>Ing. Ra\u00fal Castillo Cede\u00f1o<\/li><li><a href=\"mailto:angel.castillo@uleam.edu.ec\">angel.castillo@uleam.edu.ec<\/a><\/li><\/ul><ul><li style=\"text-align: center\"><hr \/><p>Auxiliar de servicios varios: Carrera Administraci\u00f3n de Empresas<\/p><\/li><li style=\"text-align: center\">Sr. Pedro Loor Chancay<\/li><li style=\"text-align: center\"><a href=\"mailto:leandro.loor@uleam.edu.ec\">leandro.loor@uleam.edu.ec<\/a><\/li><li style=\"text-align: center\">Sr. Luis Jonathan P\u00e1rraga Rivera\u00a0<a href=\"mailto:luisj.parraga@uleam.edu.ec\">luisj.parraga@uleam.edu.ec<\/a><\/li><li style=\"text-align: center\"><hr \/><p><strong>Horarios de atenci\u00f3n<\/strong><\/p><\/li><li style=\"text-align: center\">Lunes a viernes de 08:00 a 17:00<\/li><\/ul><\/div>\n\t\t\t\t\t\t\t\t\t<div class=\"elementor-tab-title elementor-tab-mobile-title\" aria-selected=\"false\" data-tab=\"6\" role=\"tab\" tabindex=\"-1\" aria-controls=\"elementor-tab-content-1786\" aria-expanded=\"false\">Gesti\u00f3n y Proceso Estudiantil<\/div>\n\t\t\t\t\t<div id=\"elementor-tab-content-1786\" class=\"elementor-tab-content elementor-clearfix\" data-tab=\"6\" role=\"tabpanel\" aria-labelledby=\"elementor-tab-title-1786\" tabindex=\"0\" hidden=\"hidden\"><ul><li>\u21d2\u00a0<a href=\"https:\/\/drive.google.com\/drive\/folders\/1m0rHMN7QDaGvFPlYKt1shH3Rb7FQa_rB?usp=sharing\" target=\"_blank\" rel=\"noopener\">Programas Anal\u00edticos Malla 2024<\/a><\/li><li>\u21d2<a href=\"https:\/\/drive.google.com\/drive\/folders\/1BP1tiVH-zmGOeg9_hOqslrKH96NvXuUr?usp=sharing\" target=\"_blank\" rel=\"noopener\">\u00a0S\u00edlabos de la Carrera<\/a><\/li><li>\u21d2\u00a0<a href=\"https:\/\/departamentos.uleam.edu.ec\/gestion-aseguramiento-calidad\/2019\/04\/08\/matricula\/\">Matr\u00edcula<\/a><\/li><li>\u21d2\u00a0<a href=\"https:\/\/departamentos.uleam.edu.ec\/gestion-aseguramiento-calidad\/reingreso-de-estudiantes\/\">Reingreso de estudiantes<\/a><\/li><li>\u21d2\u00a0<a href=\"https:\/\/departamentos.uleam.edu.ec\/gestion-aseguramiento-calidad\/homologacion-de-estudios-por-analisis-comparativo-de-contenidos\/\">Homologaci\u00f3n de Estudios por An\u00e1lisis Comparativo de Contenidos<\/a><\/li><\/ul><\/div>\n\t\t\t\t\t\t\t<\/div>\n\t\t<\/div>\n\t\t\t\t<\/div>\n\t\t\t\t<\/div>\n\t\t\t\t\t<\/div>\n\t\t<\/div>\n\t\t\t\t\t\t\t<\/div>\n\t\t<\/section>\n\t\t\t\t<section class=\"elementor-section elementor-top-section elementor-element elementor-element-c2969a0 elementor-section-boxed elementor-section-height-default elementor-section-height-default\" data-id=\"c2969a0\" data-element_type=\"section\">\n\t\t\t\t\t\t<div class=\"elementor-container elementor-column-gap-default\">\n\t\t\t\t\t<div class=\"elementor-column elementor-col-100 elementor-top-column elementor-element elementor-element-ece1aa0\" data-id=\"ece1aa0\" data-element_type=\"column\">\n\t\t\t<div class=\"elementor-widget-wrap elementor-element-populated\">\n\t\t\t\t\t\t\t\t<div class=\"elementor-element elementor-element-2cc1460 elementor-widget elementor-widget-wp-widget-wp_statistics_widget\" data-id=\"2cc1460\" data-element_type=\"widget\" data-widget_type=\"wp-widget-wp_statistics_widget.default\">\n\t\t\t\t<div class=\"elementor-widget-container\">\n\t\t\t<h5>ESTADISTICAS DE VISITAS<\/h5><ul><li><label>Visitantes en l\u00ednea:&nbsp;<\/label>0<\/li><li><label>Total visitantes:&nbsp;<\/label>8.832<\/li><\/ul>\t\t<\/div>\n\t\t\t\t<\/div>\n\t\t\t\t\t<\/div>\n\t\t<\/div>\n\t\t\t\t\t\t\t<\/div>\n\t\t<\/section>\n\t\t\t\t\t\t<\/div>\n\t\t\t\t\t<\/div>\n\t\t","protected":false},"excerpt":{"rendered":"<p>Misi\u00f3n y Visi\u00f3n Descripci\u00f3n General de la Carrera Malla Curricular Docentes Datos Generales Gesti\u00f3n y Proceso Estudiantil Misi\u00f3n y Visi\u00f3n Misi\u00f3n.Formar a los mejores profesionales en la gesti\u00f3n del talento humano al nivel local. Visi\u00f3nSer la carrera referente en la [&hellip;]<\/p>\n","protected":false},"author":7,"featured_media":0,"parent":0,"menu_order":0,"comment_status":"closed","ping_status":"closed","template":"","meta":{"_acf_changed":false,"footnotes":""},"class_list":["post-595","page","type-page","status-publish","hentry"],"acf":[],"_links":{"self":[{"href":"https:\/\/carreras.uleam.edu.ec\/facultad-ciencias-administrativas-contables\/wp-json\/wp\/v2\/pages\/595","targetHints":{"allow":["GET"]}}],"collection":[{"href":"https:\/\/carreras.uleam.edu.ec\/facultad-ciencias-administrativas-contables\/wp-json\/wp\/v2\/pages"}],"about":[{"href":"https:\/\/carreras.uleam.edu.ec\/facultad-ciencias-administrativas-contables\/wp-json\/wp\/v2\/types\/page"}],"author":[{"embeddable":true,"href":"https:\/\/carreras.uleam.edu.ec\/facultad-ciencias-administrativas-contables\/wp-json\/wp\/v2\/users\/7"}],"replies":[{"embeddable":true,"href":"https:\/\/carreras.uleam.edu.ec\/facultad-ciencias-administrativas-contables\/wp-json\/wp\/v2\/comments?post=595"}],"version-history":[{"count":54,"href":"https:\/\/carreras.uleam.edu.ec\/facultad-ciencias-administrativas-contables\/wp-json\/wp\/v2\/pages\/595\/revisions"}],"predecessor-version":[{"id":1130,"href":"https:\/\/carreras.uleam.edu.ec\/facultad-ciencias-administrativas-contables\/wp-json\/wp\/v2\/pages\/595\/revisions\/1130"}],"wp:attachment":[{"href":"https:\/\/carreras.uleam.edu.ec\/facultad-ciencias-administrativas-contables\/wp-json\/wp\/v2\/media?parent=595"}],"curies":[{"name":"wp","href":"https:\/\/api.w.org\/{rel}","templated":true}]}}