{"id":9,"date":"2022-09-09T02:17:52","date_gmt":"2022-09-09T02:17:52","guid":{"rendered":"https:\/\/carreras.uleam.edu.ec\/facultad-ciencias-administrativas-contables\/?page_id=9"},"modified":"2025-12-01T20:20:35","modified_gmt":"2025-12-01T20:20:35","slug":"carrera-de-auditoria-y-control-de-gestion","status":"publish","type":"page","link":"https:\/\/carreras.uleam.edu.ec\/facultad-ciencias-administrativas-contables\/carrera-de-auditoria-y-control-de-gestion\/","title":{"rendered":"Carrera Auditor\u00eda y Control de Gesti\u00f3n"},"content":{"rendered":"\t\t<div data-elementor-type=\"wp-page\" data-elementor-id=\"9\" class=\"elementor elementor-9\" data-elementor-settings=\"[]\">\n\t\t\t\t\t\t\t<div class=\"elementor-section-wrap\">\n\t\t\t\t\t\t\t<section class=\"elementor-section elementor-top-section elementor-element elementor-element-92354c1 elementor-section-boxed elementor-section-height-default elementor-section-height-default\" data-id=\"92354c1\" data-element_type=\"section\">\n\t\t\t\t\t\t<div class=\"elementor-container elementor-column-gap-default\">\n\t\t\t\t\t<div class=\"elementor-column elementor-col-100 elementor-top-column elementor-element elementor-element-dea1c4e\" data-id=\"dea1c4e\" data-element_type=\"column\">\n\t\t\t<div class=\"elementor-widget-wrap elementor-element-populated\">\n\t\t\t\t\t\t\t\t<div class=\"elementor-element elementor-element-24c398d elementor-tabs-view-horizontal elementor-widget elementor-widget-tabs\" data-id=\"24c398d\" data-element_type=\"widget\" data-widget_type=\"tabs.default\">\n\t\t\t\t<div class=\"elementor-widget-container\">\n\t\t\t\t\t<div class=\"elementor-tabs\">\n\t\t\t<div class=\"elementor-tabs-wrapper\" role=\"tablist\" >\n\t\t\t\t\t\t\t\t\t<div id=\"elementor-tab-title-3851\" class=\"elementor-tab-title elementor-tab-desktop-title\" aria-selected=\"true\" data-tab=\"1\" role=\"tab\" tabindex=\"0\" aria-controls=\"elementor-tab-content-3851\" aria-expanded=\"false\">Descripci\u00f3n General de la Carrera<\/div>\n\t\t\t\t\t\t\t\t\t<div id=\"elementor-tab-title-3852\" class=\"elementor-tab-title elementor-tab-desktop-title\" aria-selected=\"false\" data-tab=\"2\" role=\"tab\" tabindex=\"-1\" aria-controls=\"elementor-tab-content-3852\" aria-expanded=\"false\">Malla Curricular<\/div>\n\t\t\t\t\t\t\t\t\t<div id=\"elementor-tab-title-3853\" class=\"elementor-tab-title elementor-tab-desktop-title\" aria-selected=\"false\" data-tab=\"3\" role=\"tab\" tabindex=\"-1\" aria-controls=\"elementor-tab-content-3853\" aria-expanded=\"false\">Docentes<\/div>\n\t\t\t\t\t\t\t\t\t<div id=\"elementor-tab-title-3854\" class=\"elementor-tab-title elementor-tab-desktop-title\" aria-selected=\"false\" data-tab=\"4\" role=\"tab\" tabindex=\"-1\" aria-controls=\"elementor-tab-content-3854\" aria-expanded=\"false\">Datos Generales<\/div>\n\t\t\t\t\t\t\t\t\t<div id=\"elementor-tab-title-3855\" class=\"elementor-tab-title elementor-tab-desktop-title\" aria-selected=\"false\" data-tab=\"5\" role=\"tab\" tabindex=\"-1\" aria-controls=\"elementor-tab-content-3855\" aria-expanded=\"false\">Gesti\u00f3n y Proceso Estudiantil<\/div>\n\t\t\t\t\t\t\t<\/div>\n\t\t\t<div class=\"elementor-tabs-content-wrapper\" role=\"tablist\" aria-orientation=\"vertical\">\n\t\t\t\t\t\t\t\t\t<div class=\"elementor-tab-title elementor-tab-mobile-title\" aria-selected=\"true\" data-tab=\"1\" role=\"tab\" tabindex=\"0\" aria-controls=\"elementor-tab-content-3851\" aria-expanded=\"false\">Descripci\u00f3n General de la Carrera<\/div>\n\t\t\t\t\t<div id=\"elementor-tab-content-3851\" class=\"elementor-tab-content elementor-clearfix\" data-tab=\"1\" role=\"tabpanel\" aria-labelledby=\"elementor-tab-title-3851\" tabindex=\"0\" hidden=\"false\"><p>Nombre de la Carrera:\u00a0 \u00a0 \u00a0 \u00a0 \u00a0 \u00a0 \u00a0 \u00a0 \u00a0 \u00a0 \u00a0 \u00a0 \u00a0Auditor\u00eda y Control de Gesti\u00f3n<\/p><p>T\u00edtulo que otorga:\u00a0 \u00a0 \u00a0 \u00a0 \u00a0 \u00a0 \u00a0 \u00a0 \u00a0 \u00a0 \u00a0 \u00a0 \u00a0 \u00a0 \u00a0 \u00a0 \u00a0Licenciado\/da en Auditor\u00eda y Control de Gesti\u00f3n<\/p><p>Modalidad de aprendizaje:\u00a0 \u00a0 \u00a0 \u00a0 \u00a0 \u00a0 \u00a0 \u00a0 \u00a0 Presencial<\/p><p>N\u00famero de per\u00edodos ordinarios:\u00a0 \u00a0 \u00a0 \u00a0 \u00a08 periodos ordinarios<\/p><p>Objetivo general:<\/p><p>Formar profesionales a nivel de Licenciatura en Auditor\u00eda y Control de Gesti\u00f3n a partir del dominio de procesos contables integrales, de gesti\u00f3n administrativa-financiera y de los procesos de auditor\u00edas con un enfoque de emprendimiento y asociatividad que generen cambios y mejoramiento continuo en las organizaciones que impulsen la productividad y competitividad de manera sostenible y \u00e9ticamente responsable.\u00a0\u00a0\u00a0\u00a0\u00a0\u00a0\u00a0\u00a0\u00a0\u00a0\u00a0\u00a0\u00a0\u00a0\u00a0\u00a0\u00a0\u00a0\u00a0\u00a0\u00a0\u00a0\u00a0\u00a0\u00a0\u00a0\u00a0\u00a0\u00a0\u00a0\u00a0\u00a0\u00a0\u00a0\u00a0<\/p><p>Perfil de ingreso:<\/p><p>El\/a aspirante al ingreso de la carrera deber\u00e1 poseer las siguientes competencias y habilidades:\u00a0 Tener sentido de responsabilidad social, capacidad de trabajo en equipo, comportamiento \u00e9tico e \u00edntegro, razonamiento, fluidez y comprensi\u00f3n verbal, comunicaci\u00f3n efectiva, ser creativo, innovador, proactivo, objetivo, imparcial, disciplinado, ordenado y conocimientos b\u00e1sicos en el uso de inform\u00e1tica a nivel de usuario.\u00a0\u00a0\u00a0\u00a0\u00a0\u00a0\u00a0<\/p><p>Requisitos de ingreso:<\/p><ul><li>Poseer t\u00edtulo de bachiller o su equivalente, de conformidad con la Ley.<\/li><li>Haber cumplido los requisitos normados por el Sistema de Nivelaci\u00f3n y Admisi\u00f3n, el mismo que observar\u00e1 los principios de igualdad de oportunidades, m\u00e9rito y capacidad.<\/li><li>Cumplir con la entrega de documentaci\u00f3n personal y habilitante en Secretar\u00eda General.<\/li><li>En casos especiales, certificados de reconocimiento y homologaci\u00f3n de estudios de otras IES de conformidad con el Art\u00edculo 63 y 64 del Reglamento de R\u00e9gimen Acad\u00e9mico.<\/li><\/ul><p><strong>Perfil de egreso (Resultado de Aprendizaje)<\/strong><strong>\u00a0<\/strong><\/p><ul><li>El\/a profesional de la carrera de AUDITOR\u00cdA Y CONTROL DE GESTI\u00d3N, ser\u00e1 capaz de controlar la gesti\u00f3n de los procesos contables integrales que contribuyan en la toma de decisiones gerenciales de las organizaciones e impulse la productividad, competitividad y el crecimiento econ\u00f3mico sostenible.<\/li><li>El\/a profesional de la carrera de AUDITOR\u00cdA Y CONTROL DE GESTI\u00d3N, ser\u00e1 capaz de evaluar la gesti\u00f3n administrativa y financiera de las organizaciones con una visi\u00f3n de emprendimiento y asociatividad que consolide la sostenibilidad del sistema econ\u00f3mico, social y solidario.<\/li><li>El\/a profesional de la carrera de AUDITOR\u00cdA Y CONTROL DE GESTI\u00d3N tendr\u00e1 la capacidad de realizar procesos de auditor\u00edas que permitan tomar acciones correctivas en la mejora continua del desarrollo de las capacidades productivas organizacionales e individuales y de su entorno sobre la base de procesos de investigaci\u00f3n y vinculaci\u00f3n social.<\/li><li>El\/a profesional de la carrera de AUDITOR\u00cdA Y CONTROL DE GESTI\u00d3N, debe realizar asesor\u00edas y consultor\u00edas en auditor\u00eda y control de gesti\u00f3n de manera \u00e9tica y socialmente responsable que integre la interculturalidad, equidad, inclusi\u00f3n social, cultura tributaria, el mejoramiento continuo y sist\u00e9mico de una organizaci\u00f3n y su entorno.<\/li><\/ul><p>Requisitos de graduaci\u00f3n:<\/p><ul><li>Haber aprobado la malla curricular, incluyendo las pr\u00e1cticas preprofesionales y vinculaci\u00f3n con la colectividad.<\/li><li>Haber aprobado una modalidad de titulaci\u00f3n dentro de lo establecido en las normas institucionales.<\/li><li>Acreditar suficiencia en la competencia comunicativa a nivel B1 \u2013 MCER (revisar anexo de responsabilidad institucional)<\/li><\/ul><p>Modalidades de titulaci\u00f3n:<\/p><ul><li>Desarrollo de un trabajo de integraci\u00f3n<\/li><\/ul><p>Campo Ocupacional:<\/p><p>El Licenciado en Auditor\u00eda y Control de Gesti\u00f3n puede desempe\u00f1arse en:<\/p><ul><li>Cargos de direcci\u00f3n y control en empresas p\u00fablicas o privadas.<\/li><li>Asesor en procesos de gesti\u00f3n contable, tributario, administrativo, producci\u00f3n, riesgo empresarial y control.<\/li><li>Analista del Sistema de gesti\u00f3n y control empresarial.<\/li><li>Puede ocupar mandos medios y altos en las \u00e1reas de auditor\u00eda, procesos, control interno y financiera de las empresas.<\/li><li>Puede dedicarse al ejercicio independiente de su profesi\u00f3n como auditor externo en servicios de consultor\u00eda y supervisi\u00f3n en cualquiera de sus \u00e1reas.<\/li><\/ul><\/div>\n\t\t\t\t\t\t\t\t\t<div class=\"elementor-tab-title elementor-tab-mobile-title\" aria-selected=\"false\" data-tab=\"2\" role=\"tab\" tabindex=\"-1\" aria-controls=\"elementor-tab-content-3852\" aria-expanded=\"false\">Malla Curricular<\/div>\n\t\t\t\t\t<div id=\"elementor-tab-content-3852\" class=\"elementor-tab-content elementor-clearfix\" data-tab=\"2\" role=\"tabpanel\" aria-labelledby=\"elementor-tab-title-3852\" tabindex=\"0\" hidden=\"hidden\"><p><a href=\"https:\/\/carreras.uleam.edu.ec\/facultad-ciencias-administrativas-contables\/wp-content\/uploads\/sites\/76\/2024\/12\/MALLA-GESTION-TALENTO-HUMANO-2024.pdf\" target=\"_blank\" rel=\"noopener\"><img loading=\"lazy\" decoding=\"async\" class=\"alignnone wp-image-828 size-large\" src=\"https:\/\/carreras.uleam.edu.ec\/facultad-ciencias-administrativas-contables\/wp-content\/uploads\/sites\/76\/2024\/12\/MALLA-GESTION-DEL-TALENTO-HUMANO-2024-1024x634.png\" alt=\"\" width=\"1024\" height=\"634\" srcset=\"https:\/\/carreras.uleam.edu.ec\/facultad-ciencias-administrativas-contables\/wp-content\/uploads\/sites\/76\/2024\/12\/MALLA-GESTION-DEL-TALENTO-HUMANO-2024-1024x634.png 1024w, https:\/\/carreras.uleam.edu.ec\/facultad-ciencias-administrativas-contables\/wp-content\/uploads\/sites\/76\/2024\/12\/MALLA-GESTION-DEL-TALENTO-HUMANO-2024-300x186.png 300w, https:\/\/carreras.uleam.edu.ec\/facultad-ciencias-administrativas-contables\/wp-content\/uploads\/sites\/76\/2024\/12\/MALLA-GESTION-DEL-TALENTO-HUMANO-2024-768x475.png 768w, https:\/\/carreras.uleam.edu.ec\/facultad-ciencias-administrativas-contables\/wp-content\/uploads\/sites\/76\/2024\/12\/MALLA-GESTION-DEL-TALENTO-HUMANO-2024-1536x951.png 1536w, https:\/\/carreras.uleam.edu.ec\/facultad-ciencias-administrativas-contables\/wp-content\/uploads\/sites\/76\/2024\/12\/MALLA-GESTION-DEL-TALENTO-HUMANO-2024-2048x1268.png 2048w\" sizes=\"auto, (max-width: 1024px) 100vw, 1024px\" \/><\/a><\/p><\/div>\n\t\t\t\t\t\t\t\t\t<div class=\"elementor-tab-title elementor-tab-mobile-title\" aria-selected=\"false\" data-tab=\"3\" role=\"tab\" tabindex=\"-1\" aria-controls=\"elementor-tab-content-3853\" aria-expanded=\"false\">Docentes<\/div>\n\t\t\t\t\t<div id=\"elementor-tab-content-3853\" class=\"elementor-tab-content elementor-clearfix\" data-tab=\"3\" role=\"tabpanel\" aria-labelledby=\"elementor-tab-title-3853\" tabindex=\"0\" hidden=\"hidden\"><ul><li>BEATRIZ ISABEL ALC\u00cdVAR CEDE\u00d1O<\/li><li>BAIL\u00d3N LOURIDO WALTER ALBERTO<\/li><li>BAIL\u00d3N LOURIDO WALTER<\/li><li>BEATRIZ ISABEL ALC\u00cdVAR CEDE\u00d1O<\/li><li>CALDERERO VILLAG\u00d3MEZ ERICK<\/li><li>CASTILLO GARC\u00cdA PAOLA<\/li><li>CEDE\u00d1O CHOEZ PEDRO JAVIER<\/li><li>CEVALLOS HOPPE JUAN CARLOS<\/li><li>FORTTY BARBER\u00c1N DENNY<\/li><li>GARC\u00cdA ARAUZ JAHAIRA ALEXANDRA<\/li><li>GUTI\u00c9RREZ ZAMBRANO CARMEN<\/li><li>HIDALGO \u00c1VILA ARGELIO ANTONIO<\/li><li>INTRIAGO MOLINA GEMA VALERIA<\/li><li>LOOR ALC\u00cdVAR MAR\u00cdA ILIANA<\/li><li>LOOR MIELES TANIA<\/li><li>MAC\u00cdAS UGALDE LEXANDRA<\/li><li>MAC\u00cdAS VALENCIA DAVID<\/li><li>MENDOZA ZAMORA WALTER<\/li><li>MONAR MERCH\u00c1N CARLOS ARTURO<\/li><li>MOREIRA LARGACHA JUAN MIGUEL<\/li><li>OCHOA SOLEDISPA N\u00c9STOR IV\u00c1N<\/li><li>P\u00c1RRAGA FRANCO SILVANA MARIELA<\/li><li>RIVAS CEDE\u00d1O LIMBER LEONIDAS<\/li><li>SOLEDISPA LUCAS FREDDY<\/li><li>SORNOZA ZAMORA JUAN CARLOS<\/li><li>TOMAL\u00c1 PINTO JES\u00daS<\/li><li>TRIVI\u00d1O QUIJIJE JEFFERSON<\/li><li>VALLE JARAMILLO SILVIA ARACELY<\/li><li>V\u00c1ZQUEZ GILER CIELO F\u00c1TIMA MARITZA<\/li><li>VNUEZA TELLO SHIRLEY<\/li><li>ZAMBRANO LOOR RITA MAYDA<\/li><li>ZAMBRANO VERA M\u00d3NICA<\/li><\/ul><\/div>\n\t\t\t\t\t\t\t\t\t<div class=\"elementor-tab-title elementor-tab-mobile-title\" aria-selected=\"false\" data-tab=\"4\" role=\"tab\" tabindex=\"-1\" aria-controls=\"elementor-tab-content-3854\" aria-expanded=\"false\">Datos Generales<\/div>\n\t\t\t\t\t<div id=\"elementor-tab-content-3854\" class=\"elementor-tab-content elementor-clearfix\" data-tab=\"4\" role=\"tabpanel\" aria-labelledby=\"elementor-tab-title-3854\" tabindex=\"0\" hidden=\"hidden\"><ul><li style=\"text-align: center\">Ing. Juan Carlos Sornoza Zamora, Mg.<\/li><li style=\"text-align: center\">DIRECTOR DE CARRERA<\/li><li style=\"text-align: center\"><a href=\"mailto:juan.sornoza@uleam.edu.ec\">juan.sornoza@uleam.edu.ec<\/a><\/li><\/ul><hr \/><ul><li style=\"text-align: center\">Lic. Adriana Pico Alonso\u00a0<\/li><li style=\"text-align: center\"><a href=\"mailto:adriana.pico@uleam.edu.ec\">adriana.pico@uleam.edu.ec<\/a><\/li><li style=\"text-align: center\">SECRETARIA DE CARRERA<\/li><\/ul><hr \/><p style=\"text-align: center\">Horarios de atenci\u00f3n<\/p><p style=\"text-align: center\">08h00 a 21h00<\/p><\/div>\n\t\t\t\t\t\t\t\t\t<div class=\"elementor-tab-title elementor-tab-mobile-title\" aria-selected=\"false\" data-tab=\"5\" role=\"tab\" tabindex=\"-1\" aria-controls=\"elementor-tab-content-3855\" aria-expanded=\"false\">Gesti\u00f3n y Proceso Estudiantil<\/div>\n\t\t\t\t\t<div id=\"elementor-tab-content-3855\" class=\"elementor-tab-content elementor-clearfix\" data-tab=\"5\" role=\"tabpanel\" aria-labelledby=\"elementor-tab-title-3855\" tabindex=\"0\" hidden=\"hidden\"><ul><li><a href=\"https:\/\/carreras.uleam.edu.ec\/facultad-ciencias-administrativas-contables\/wp-content\/uploads\/sites\/76\/2023\/01\/Informacion-microsito-practicas-preprofesionales.pdf\" target=\"_blank\" rel=\"noopener\">\u21d2 Pr\u00e1cticas Pre-profesionales 2023 &#8211; 1<\/a><\/li><li>\u21d2 <a href=\"https:\/\/departamentos.uleam.edu.ec\/gestion-aseguramiento-calidad\/2019\/04\/08\/matricula\/\">Matr\u00edcula<\/a><\/li><li>\u21d2 <a href=\"https:\/\/departamentos.uleam.edu.ec\/gestion-aseguramiento-calidad\/reingreso-de-estudiantes\/\">Reingreso de estudiantes<\/a><\/li><li>\u21d2 <a href=\"https:\/\/departamentos.uleam.edu.ec\/gestion-aseguramiento-calidad\/homologacion-de-estudios-por-analisis-comparativo-de-contenidos\/\">Homologaci\u00f3n de Estudios por An\u00e1lisis Comparativo de Contenidos<\/a><\/li><\/ul><\/div>\n\t\t\t\t\t\t\t<\/div>\n\t\t<\/div>\n\t\t\t\t<\/div>\n\t\t\t\t<\/div>\n\t\t\t\t\t<\/div>\n\t\t<\/div>\n\t\t\t\t\t\t\t<\/div>\n\t\t<\/section>\n\t\t\t\t<section class=\"elementor-section elementor-top-section elementor-element elementor-element-062c127 elementor-section-boxed elementor-section-height-default elementor-section-height-default\" data-id=\"062c127\" data-element_type=\"section\">\n\t\t\t\t\t\t<div class=\"elementor-container elementor-column-gap-default\">\n\t\t\t\t\t<div class=\"elementor-column elementor-col-100 elementor-top-column elementor-element elementor-element-4247b45\" data-id=\"4247b45\" data-element_type=\"column\">\n\t\t\t<div class=\"elementor-widget-wrap elementor-element-populated\">\n\t\t\t\t\t\t\t\t<div class=\"elementor-element elementor-element-56ad662 elementor-widget elementor-widget-wp-widget-wp_statistics_widget\" data-id=\"56ad662\" data-element_type=\"widget\" data-widget_type=\"wp-widget-wp_statistics_widget.default\">\n\t\t\t\t<div class=\"elementor-widget-container\">\n\t\t\t<h5>ESTADISTICAS DE VISITAS<\/h5><ul><li><label>Visitantes en l\u00ednea:&nbsp;<\/label>0<\/li><li><label>Total visitantes:&nbsp;<\/label>9.724<\/li><\/ul>\t\t<\/div>\n\t\t\t\t<\/div>\n\t\t\t\t\t<\/div>\n\t\t<\/div>\n\t\t\t\t\t\t\t<\/div>\n\t\t<\/section>\n\t\t\t\t\t\t<\/div>\n\t\t\t\t\t<\/div>\n\t\t","protected":false},"excerpt":{"rendered":"<p>Descripci\u00f3n General de la Carrera Malla Curricular Docentes Datos Generales Gesti\u00f3n y Proceso Estudiantil Descripci\u00f3n General de la Carrera Nombre de la Carrera:\u00a0 \u00a0 \u00a0 \u00a0 \u00a0 \u00a0 \u00a0 \u00a0 \u00a0 \u00a0 \u00a0 \u00a0 \u00a0Auditor\u00eda y Control de Gesti\u00f3n T\u00edtulo [&hellip;]<\/p>\n","protected":false},"author":7,"featured_media":0,"parent":0,"menu_order":0,"comment_status":"closed","ping_status":"closed","template":"","meta":{"_acf_changed":false,"footnotes":""},"class_list":["post-9","page","type-page","status-publish","hentry"],"acf":[],"_links":{"self":[{"href":"https:\/\/carreras.uleam.edu.ec\/facultad-ciencias-administrativas-contables\/wp-json\/wp\/v2\/pages\/9","targetHints":{"allow":["GET"]}}],"collection":[{"href":"https:\/\/carreras.uleam.edu.ec\/facultad-ciencias-administrativas-contables\/wp-json\/wp\/v2\/pages"}],"about":[{"href":"https:\/\/carreras.uleam.edu.ec\/facultad-ciencias-administrativas-contables\/wp-json\/wp\/v2\/types\/page"}],"author":[{"embeddable":true,"href":"https:\/\/carreras.uleam.edu.ec\/facultad-ciencias-administrativas-contables\/wp-json\/wp\/v2\/users\/7"}],"replies":[{"embeddable":true,"href":"https:\/\/carreras.uleam.edu.ec\/facultad-ciencias-administrativas-contables\/wp-json\/wp\/v2\/comments?post=9"}],"version-history":[{"count":46,"href":"https:\/\/carreras.uleam.edu.ec\/facultad-ciencias-administrativas-contables\/wp-json\/wp\/v2\/pages\/9\/revisions"}],"predecessor-version":[{"id":1112,"href":"https:\/\/carreras.uleam.edu.ec\/facultad-ciencias-administrativas-contables\/wp-json\/wp\/v2\/pages\/9\/revisions\/1112"}],"wp:attachment":[{"href":"https:\/\/carreras.uleam.edu.ec\/facultad-ciencias-administrativas-contables\/wp-json\/wp\/v2\/media?parent=9"}],"curies":[{"name":"wp","href":"https:\/\/api.w.org\/{rel}","templated":true}]}}