{"id":11,"date":"2022-09-09T01:06:31","date_gmt":"2022-09-09T01:06:31","guid":{"rendered":"https:\/\/carreras.uleam.edu.ec\/facultad-ciencias-de-la-salud\/?page_id=11"},"modified":"2025-03-14T20:45:14","modified_gmt":"2025-03-14T20:45:14","slug":"carrera-de-fisioterapia","status":"publish","type":"page","link":"https:\/\/carreras.uleam.edu.ec\/facultad-ciencias-de-la-salud\/carrera-de-fisioterapia\/","title":{"rendered":"Carrera Fisioterapia"},"content":{"rendered":"\t\t<div data-elementor-type=\"wp-page\" data-elementor-id=\"11\" class=\"elementor elementor-11\" data-elementor-settings=\"[]\">\n\t\t\t\t\t\t\t<div class=\"elementor-section-wrap\">\n\t\t\t\t\t\t\t<section class=\"elementor-section elementor-top-section elementor-element elementor-element-ca067ce elementor-section-boxed elementor-section-height-default elementor-section-height-default\" data-id=\"ca067ce\" data-element_type=\"section\">\n\t\t\t\t\t\t<div class=\"elementor-container elementor-column-gap-default\">\n\t\t\t\t\t<div class=\"elementor-column elementor-col-100 elementor-top-column elementor-element elementor-element-c30ab71\" data-id=\"c30ab71\" data-element_type=\"column\">\n\t\t\t<div class=\"elementor-widget-wrap elementor-element-populated\">\n\t\t\t\t\t\t\t\t<div class=\"elementor-element elementor-element-24c6f65 elementor-tabs-view-horizontal elementor-widget elementor-widget-tabs\" data-id=\"24c6f65\" data-element_type=\"widget\" data-widget_type=\"tabs.default\">\n\t\t\t\t<div class=\"elementor-widget-container\">\n\t\t\t\t\t<div class=\"elementor-tabs\">\n\t\t\t<div class=\"elementor-tabs-wrapper\" role=\"tablist\" >\n\t\t\t\t\t\t\t\t\t<div id=\"elementor-tab-title-3851\" class=\"elementor-tab-title elementor-tab-desktop-title\" aria-selected=\"true\" data-tab=\"1\" role=\"tab\" tabindex=\"0\" aria-controls=\"elementor-tab-content-3851\" aria-expanded=\"false\">Descripci\u00f3n General de la Carrera<\/div>\n\t\t\t\t\t\t\t\t\t<div id=\"elementor-tab-title-3852\" class=\"elementor-tab-title elementor-tab-desktop-title\" aria-selected=\"false\" data-tab=\"2\" role=\"tab\" tabindex=\"-1\" aria-controls=\"elementor-tab-content-3852\" aria-expanded=\"false\">Malla Curricular<\/div>\n\t\t\t\t\t\t\t\t\t<div id=\"elementor-tab-title-3853\" class=\"elementor-tab-title elementor-tab-desktop-title\" aria-selected=\"false\" data-tab=\"3\" role=\"tab\" tabindex=\"-1\" aria-controls=\"elementor-tab-content-3853\" aria-expanded=\"false\">Docentes<\/div>\n\t\t\t\t\t\t\t\t\t<div id=\"elementor-tab-title-3854\" class=\"elementor-tab-title elementor-tab-desktop-title\" aria-selected=\"false\" data-tab=\"4\" role=\"tab\" tabindex=\"-1\" aria-controls=\"elementor-tab-content-3854\" aria-expanded=\"false\">Datos Generales<\/div>\n\t\t\t\t\t\t\t\t\t<div id=\"elementor-tab-title-3855\" class=\"elementor-tab-title elementor-tab-desktop-title\" aria-selected=\"false\" data-tab=\"5\" role=\"tab\" tabindex=\"-1\" aria-controls=\"elementor-tab-content-3855\" aria-expanded=\"false\">Gesti\u00f3n y Proceso Estudiantil<\/div>\n\t\t\t\t\t\t\t<\/div>\n\t\t\t<div class=\"elementor-tabs-content-wrapper\" role=\"tablist\" aria-orientation=\"vertical\">\n\t\t\t\t\t\t\t\t\t<div class=\"elementor-tab-title elementor-tab-mobile-title\" aria-selected=\"true\" data-tab=\"1\" role=\"tab\" tabindex=\"0\" aria-controls=\"elementor-tab-content-3851\" aria-expanded=\"false\">Descripci\u00f3n General de la Carrera<\/div>\n\t\t\t\t\t<div id=\"elementor-tab-content-3851\" class=\"elementor-tab-content elementor-clearfix\" data-tab=\"1\" role=\"tabpanel\" aria-labelledby=\"elementor-tab-title-3851\" tabindex=\"0\" hidden=\"false\"><p>Carrera\/Programa a redise\u00f1a:\u00a0 FISIOTERAPIA<\/p><p>Tipo de formaci\u00f3n: \u00a0Licenciaturas<\/p><p>Modalidad de estudios \/aprendizaje: \u00a0Presencial<\/p><p>N\u00famero de per\u00edodos acad\u00e9micos ordinarios:\u00a0 9 periodos<\/p><p>Objetivo general<\/p><p style=\"padding-left: 40px\">Formar profesionales en el campo de la Fisioterapia para la promoci\u00f3n, prevenci\u00f3n, diagn\u00f3stico, tratamiento y rehabilitaci\u00f3n f\u00edsica de personas con alteraciones del sistema neuro-musculoesquel\u00e9tico y otros sistemas asociados como el respiratorio y el cardiovascular, en los \u00e1mbitos cl\u00ednicos, deportivos, geri\u00e1tricos y de atenci\u00f3n a personas con discapacidad, a lo largo del ciclo de vida.<\/p><p>Objetivos espec\u00edficos<\/p><p>Descripci\u00f3n<\/p><p style=\"padding-left: 40px\">&#8211; \u00a0Comprender los principios y bases epistemol\u00f3gicas y cient\u00edficas relacionadas con la Fisioterapia, espec\u00edficamente con el sistema neuro-musculoesquel\u00e9tico y otros sistemas asociados como el respiratorio y el cardiovascular.<\/p><p style=\"padding-left: 40px\">&#8211; Comprender y aplicar las diferentes t\u00e9cnicas para procesos de promoci\u00f3n, prevenci\u00f3n y diagn\u00f3stico de afecciones relacionadas con el movimiento y el desarrollo psico-motor; adem\u00e1s de otras afecciones relacionadas con los sistemas respiratorio y cardiovascular<\/p><p style=\"padding-left: 40px\">&#8211; Planificar procesos de tratamiento fisioterap\u00e9utico, apoyado en el uso de t\u00e9cnicas y tecnolog\u00edas, con la finalidad de minimizar o reparar una afecci\u00f3n relacionada con el sistema neuro-musculoesquel\u00e9tico y otros sistemas asociados como el respiratorio y \u00a0el cardiovascular; as\u00ed como potenciar o mejorar las capacidades de movimiento e independencia del paciente.<\/p><p style=\"padding-left: 40px\">&#8211; Evaluar su propio crecimiento profesional, reconociendo los derechos fundamentales y de igualdad entre las personas, a lo largo de todo el ciclo de vida, con especial \u00e9nfasis en los grupos de atenci\u00f3n prioritaria.<\/p><p>\u00a0Requisitos y perfil de ingreso<\/p><p>Perfil de ingreso<\/p><p style=\"padding-left: 40px\">Los aspirantes a la carrera de Fisioterapia demostrar\u00e1n una s\u00f3lida base en las ciencias biol\u00f3gicas y anat\u00f3micas, que ayudar\u00e1 en su comprensi\u00f3n de los procesos relacionados con el movimiento, a nivel del sistema nervioso y de los sistemas muscular y esquel\u00e9tico, tanto para el diagn\u00f3stico como para el tratamiento fisioterap\u00e9utico. Los aspirantes demostrar\u00e1n vocaci\u00f3n de servicio e inter\u00e9s por la investigaci\u00f3n en ciencias de la salud, as\u00ed como disposici\u00f3n para el abordaje e implementaci\u00f3n de procesos de diagn\u00f3stico y tratamiento en \u00e1mbitos deportivos, geri\u00e1tricos, cl\u00ednicos y de atenci\u00f3n a personas con discapacidades, seg\u00fan la demanda del campo ocupacional de la carrera.<\/p><p>Requisitos de ingreso<\/p><p>Descripci\u00f3n<\/p><p style=\"padding-left: 40px\">1) Poseer t\u00edtulo de bachiller o su equivalente, de conformidad con la Ley<\/p><p style=\"padding-left: 40px\">2) Haber cumplido los requisitos normados por el Sistema de Nivelaci\u00f3n y Admisi\u00f3n.<\/p><p style=\"padding-left: 40px\">3) Para casos de movilidad interna o externa cumplir con los requisitos establecidos en el Art. 96 del Reglamento de R\u00e9gimen Acad\u00e9mico para cambios.<\/p><p>\u00a0Perfil de egreso<\/p><p>\u00bfQu\u00e9 resultados de aprendizaje y competencias profesionales son necesarias para el futuro desempe\u00f1o profesional?<\/p><p style=\"padding-left: 40px\">&#8211; Identificar los elementos que componen el sistema neuro-musculoesquel\u00e9tico y otros sistemas asociados como el respiratorio y el cardiovascular; y comprender su funcionamiento a nivel biol\u00f3gico, anat\u00f3mico, fisiol\u00f3gico y psicol\u00f3gico del sujeto en el proceso salud \u2013 enfermedad.<\/p><p style=\"padding-left: 40px\">&#8211; Conocer y comprender las principales afecciones del sistema neuro-musculoesquel\u00e9tico y otros sistemas asociados como el respiratorio y el cardiovascular; mismas que, en funci\u00f3n del equipo m\u00e9dico tratante, requerir\u00e1n la intervenci\u00f3n de un fisioterapista.<\/p><p style=\"padding-left: 40px\">&#8211; Comprender y aplicar las principales t\u00e9cnicas de rehabilitaci\u00f3n f\u00edsica, incluidas t\u00e9cnicas alternativas y otras basadas en tecnolog\u00edas innovadoras.<\/p><p style=\"padding-left: 40px\">&#8211; Aplicar principios psicol\u00f3gicos para establecer un v\u00ednculo de confianza terapeuta \u2013 paciente, en los procesos de diagn\u00f3stico y tratamiento fisioterap\u00e9utico<\/p><\/div>\n\t\t\t\t\t\t\t\t\t<div class=\"elementor-tab-title elementor-tab-mobile-title\" aria-selected=\"false\" data-tab=\"2\" role=\"tab\" tabindex=\"-1\" aria-controls=\"elementor-tab-content-3852\" aria-expanded=\"false\">Malla Curricular<\/div>\n\t\t\t\t\t<div id=\"elementor-tab-content-3852\" class=\"elementor-tab-content elementor-clearfix\" data-tab=\"2\" role=\"tabpanel\" aria-labelledby=\"elementor-tab-title-3852\" tabindex=\"0\" hidden=\"hidden\"><p><a href=\"https:\/\/carreras.uleam.edu.ec\/facultad-ciencias-de-la-salud\/wp-content\/uploads\/sites\/71\/2024\/10\/Malla-Fisioterapia-2022.pdf\" target=\"_blank\" rel=\"noopener\"> <img loading=\"lazy\" decoding=\"async\" class=\"alignnone wp-image-587 size-large\" src=\"https:\/\/carreras.uleam.edu.ec\/facultad-ciencias-de-la-salud\/wp-content\/uploads\/sites\/71\/2024\/10\/malla-1024x689.png\" alt=\"\" width=\"1024\" height=\"689\" srcset=\"https:\/\/carreras.uleam.edu.ec\/facultad-ciencias-de-la-salud\/wp-content\/uploads\/sites\/71\/2024\/10\/malla-1024x689.png 1024w, https:\/\/carreras.uleam.edu.ec\/facultad-ciencias-de-la-salud\/wp-content\/uploads\/sites\/71\/2024\/10\/malla-300x202.png 300w, https:\/\/carreras.uleam.edu.ec\/facultad-ciencias-de-la-salud\/wp-content\/uploads\/sites\/71\/2024\/10\/malla-768x517.png 768w, https:\/\/carreras.uleam.edu.ec\/facultad-ciencias-de-la-salud\/wp-content\/uploads\/sites\/71\/2024\/10\/malla-1536x1033.png 1536w, https:\/\/carreras.uleam.edu.ec\/facultad-ciencias-de-la-salud\/wp-content\/uploads\/sites\/71\/2024\/10\/malla-2048x1378.png 2048w\" sizes=\"auto, (max-width: 1024px) 100vw, 1024px\" \/><\/a><\/p><\/div>\n\t\t\t\t\t\t\t\t\t<div class=\"elementor-tab-title elementor-tab-mobile-title\" aria-selected=\"false\" data-tab=\"3\" role=\"tab\" tabindex=\"-1\" aria-controls=\"elementor-tab-content-3853\" aria-expanded=\"false\">Docentes<\/div>\n\t\t\t\t\t<div id=\"elementor-tab-content-3853\" class=\"elementor-tab-content elementor-clearfix\" data-tab=\"3\" role=\"tabpanel\" aria-labelledby=\"elementor-tab-title-3853\" tabindex=\"0\" hidden=\"hidden\"><p><img loading=\"lazy\" decoding=\"async\" class=\"alignnone wp-image-581 size-large\" src=\"https:\/\/carreras.uleam.edu.ec\/facultad-ciencias-de-la-salud\/wp-content\/uploads\/sites\/71\/2024\/10\/Docentes-1024x568.png\" alt=\"\" width=\"1024\" height=\"568\" srcset=\"https:\/\/carreras.uleam.edu.ec\/facultad-ciencias-de-la-salud\/wp-content\/uploads\/sites\/71\/2024\/10\/Docentes-1024x568.png 1024w, https:\/\/carreras.uleam.edu.ec\/facultad-ciencias-de-la-salud\/wp-content\/uploads\/sites\/71\/2024\/10\/Docentes-300x166.png 300w, https:\/\/carreras.uleam.edu.ec\/facultad-ciencias-de-la-salud\/wp-content\/uploads\/sites\/71\/2024\/10\/Docentes-768x426.png 768w, https:\/\/carreras.uleam.edu.ec\/facultad-ciencias-de-la-salud\/wp-content\/uploads\/sites\/71\/2024\/10\/Docentes-1536x851.png 1536w, https:\/\/carreras.uleam.edu.ec\/facultad-ciencias-de-la-salud\/wp-content\/uploads\/sites\/71\/2024\/10\/Docentes.png 1943w\" sizes=\"auto, (max-width: 1024px) 100vw, 1024px\" \/><\/p><\/div>\n\t\t\t\t\t\t\t\t\t<div class=\"elementor-tab-title elementor-tab-mobile-title\" aria-selected=\"false\" data-tab=\"4\" role=\"tab\" tabindex=\"-1\" aria-controls=\"elementor-tab-content-3854\" aria-expanded=\"false\">Datos Generales<\/div>\n\t\t\t\t\t<div id=\"elementor-tab-content-3854\" class=\"elementor-tab-content elementor-clearfix\" data-tab=\"4\" role=\"tabpanel\" aria-labelledby=\"elementor-tab-title-3854\" tabindex=\"0\" hidden=\"hidden\"><ul><li style=\"text-align: center\">Lic. Xiomara Caycedo Casas<\/li><li style=\"text-align: center\">DIRECTORA DE CARRERA<\/li><li style=\"text-align: center\"><a href=\"mailto:xiomara.caycedo@uleam.edu.ec\">xiomara.caycedo@uleam.edu.ec<\/a><br \/><hr \/><\/li><li>\u00a0<\/li><li style=\"text-align: center\">Ab. Diana Patricia Alc\u00edvar Navarrete<\/li><li style=\"text-align: center\">SECRETARIA<\/li><li style=\"text-align: center\"><a href=\"mailto:diana.alcivar@uleam.edu.ec\">diana.alcivar@uleam.edu.ec<\/a><\/li><li style=\"text-align: center\">Ing. M. Bella Cede\u00f1o Zambrano<\/li><li style=\"text-align: center\">SECRETARIA<\/li><li style=\"text-align: center\"><a href=\"mailto:bella.cedeno@uleam.edu.ec\">bella.cedeno@uleam.edu.ec<\/a> \u00a0<\/li><li style=\"text-align: center\">Ing. Jos\u00e9 Stalin Mero Alvarado<\/li><li style=\"text-align: center\">ARCHIVO CENTRAL<\/li><li style=\"text-align: center\"><a href=\"mailto:Jos\u00e9.mero@uleam.edu.ec\">Jos\u00e9.mero@uleam.edu.ec<\/a><\/li><\/ul><hr \/><ul><li style=\"text-align: center\">HORARIO DE ATENCI\u00d3N:<\/li><li style=\"text-align: center\">\u00a0Lunes a viernes:<\/li><li style=\"text-align: center\">8:00 a 13:00\u00a0 &#8211; \u00a014:00 a 17:00<\/li><\/ul><\/div>\n\t\t\t\t\t\t\t\t\t<div class=\"elementor-tab-title elementor-tab-mobile-title\" aria-selected=\"false\" data-tab=\"5\" role=\"tab\" tabindex=\"-1\" aria-controls=\"elementor-tab-content-3855\" aria-expanded=\"false\">Gesti\u00f3n y Proceso Estudiantil<\/div>\n\t\t\t\t\t<div id=\"elementor-tab-content-3855\" class=\"elementor-tab-content elementor-clearfix\" data-tab=\"5\" role=\"tabpanel\" aria-labelledby=\"elementor-tab-title-3855\" tabindex=\"0\" hidden=\"hidden\"><ul><li>\u21d2\u00a0Pr\u00e1cticas Pre-profesionales<\/li><li>\u21d2 <a href=\"https:\/\/departamentos.uleam.edu.ec\/gestion-aseguramiento-calidad\/2019\/04\/08\/matricula\/\">Matr\u00edcula<\/a><\/li><li>\u21d2 <a href=\"https:\/\/departamentos.uleam.edu.ec\/gestion-aseguramiento-calidad\/reingreso-de-estudiantes\/\">Reingreso de estudiantes<\/a><\/li><li>\u21d2 <a href=\"https:\/\/departamentos.uleam.edu.ec\/gestion-aseguramiento-calidad\/homologacion-de-estudios-por-analisis-comparativo-de-contenidos\/\">Homologaci\u00f3n de Estudios por An\u00e1lisis Comparativo de Contenidos<\/a><\/li><\/ul><\/div>\n\t\t\t\t\t\t\t<\/div>\n\t\t<\/div>\n\t\t\t\t<\/div>\n\t\t\t\t<\/div>\n\t\t\t\t\t<\/div>\n\t\t<\/div>\n\t\t\t\t\t\t\t<\/div>\n\t\t<\/section>\n\t\t\t\t\t\t<\/div>\n\t\t\t\t\t<\/div>\n\t\t","protected":false},"excerpt":{"rendered":"<p>Descripci\u00f3n General de la Carrera Malla Curricular Docentes Datos Generales Gesti\u00f3n y Proceso Estudiantil Descripci\u00f3n General de la Carrera Carrera\/Programa a redise\u00f1a:\u00a0 FISIOTERAPIA Tipo de formaci\u00f3n: \u00a0Licenciaturas Modalidad de estudios \/aprendizaje: \u00a0Presencial N\u00famero de per\u00edodos acad\u00e9micos ordinarios:\u00a0 9 periodos Objetivo [&hellip;]<\/p>\n","protected":false},"author":7,"featured_media":0,"parent":0,"menu_order":0,"comment_status":"closed","ping_status":"closed","template":"","meta":{"_acf_changed":false,"footnotes":""},"class_list":["post-11","page","type-page","status-publish","hentry"],"acf":[],"_links":{"self":[{"href":"https:\/\/carreras.uleam.edu.ec\/facultad-ciencias-de-la-salud\/wp-json\/wp\/v2\/pages\/11","targetHints":{"allow":["GET"]}}],"collection":[{"href":"https:\/\/carreras.uleam.edu.ec\/facultad-ciencias-de-la-salud\/wp-json\/wp\/v2\/pages"}],"about":[{"href":"https:\/\/carreras.uleam.edu.ec\/facultad-ciencias-de-la-salud\/wp-json\/wp\/v2\/types\/page"}],"author":[{"embeddable":true,"href":"https:\/\/carreras.uleam.edu.ec\/facultad-ciencias-de-la-salud\/wp-json\/wp\/v2\/users\/7"}],"replies":[{"embeddable":true,"href":"https:\/\/carreras.uleam.edu.ec\/facultad-ciencias-de-la-salud\/wp-json\/wp\/v2\/comments?post=11"}],"version-history":[{"count":48,"href":"https:\/\/carreras.uleam.edu.ec\/facultad-ciencias-de-la-salud\/wp-json\/wp\/v2\/pages\/11\/revisions"}],"predecessor-version":[{"id":782,"href":"https:\/\/carreras.uleam.edu.ec\/facultad-ciencias-de-la-salud\/wp-json\/wp\/v2\/pages\/11\/revisions\/782"}],"wp:attachment":[{"href":"https:\/\/carreras.uleam.edu.ec\/facultad-ciencias-de-la-salud\/wp-json\/wp\/v2\/media?parent=11"}],"curies":[{"name":"wp","href":"https:\/\/api.w.org\/{rel}","templated":true}]}}