{"id":12,"date":"2022-09-09T01:07:08","date_gmt":"2022-09-09T01:07:08","guid":{"rendered":"https:\/\/carreras.uleam.edu.ec\/facultad-ciencias-de-la-salud\/?page_id=12"},"modified":"2025-03-14T20:47:08","modified_gmt":"2025-03-14T20:47:08","slug":"carrera-de-fonoaudiologia","status":"publish","type":"page","link":"https:\/\/carreras.uleam.edu.ec\/facultad-ciencias-de-la-salud\/carrera-de-fonoaudiologia\/","title":{"rendered":"Carrera Fonoaudiolog\u00eda"},"content":{"rendered":"\t\t<div data-elementor-type=\"wp-page\" data-elementor-id=\"12\" class=\"elementor elementor-12\" data-elementor-settings=\"[]\">\n\t\t\t\t\t\t\t<div class=\"elementor-section-wrap\">\n\t\t\t\t\t\t\t<section class=\"elementor-section elementor-top-section elementor-element elementor-element-75109e8 elementor-section-boxed elementor-section-height-default elementor-section-height-default\" data-id=\"75109e8\" data-element_type=\"section\">\n\t\t\t\t\t\t<div class=\"elementor-container elementor-column-gap-default\">\n\t\t\t\t\t<div class=\"elementor-column elementor-col-100 elementor-top-column elementor-element elementor-element-7ca30be\" data-id=\"7ca30be\" data-element_type=\"column\">\n\t\t\t<div class=\"elementor-widget-wrap elementor-element-populated\">\n\t\t\t\t\t\t\t\t<div class=\"elementor-element elementor-element-4077b69 elementor-tabs-view-horizontal elementor-widget elementor-widget-tabs\" data-id=\"4077b69\" data-element_type=\"widget\" data-widget_type=\"tabs.default\">\n\t\t\t\t<div class=\"elementor-widget-container\">\n\t\t\t\t\t<div class=\"elementor-tabs\">\n\t\t\t<div class=\"elementor-tabs-wrapper\" role=\"tablist\" >\n\t\t\t\t\t\t\t\t\t<div id=\"elementor-tab-title-6751\" class=\"elementor-tab-title elementor-tab-desktop-title\" aria-selected=\"true\" data-tab=\"1\" role=\"tab\" tabindex=\"0\" aria-controls=\"elementor-tab-content-6751\" aria-expanded=\"false\">Descripci\u00f3n General de la Carrera<\/div>\n\t\t\t\t\t\t\t\t\t<div id=\"elementor-tab-title-6752\" class=\"elementor-tab-title elementor-tab-desktop-title\" aria-selected=\"false\" data-tab=\"2\" role=\"tab\" tabindex=\"-1\" aria-controls=\"elementor-tab-content-6752\" aria-expanded=\"false\">Malla Curricular<\/div>\n\t\t\t\t\t\t\t\t\t<div id=\"elementor-tab-title-6753\" class=\"elementor-tab-title elementor-tab-desktop-title\" aria-selected=\"false\" data-tab=\"3\" role=\"tab\" tabindex=\"-1\" aria-controls=\"elementor-tab-content-6753\" aria-expanded=\"false\">Docentes<\/div>\n\t\t\t\t\t\t\t\t\t<div id=\"elementor-tab-title-6754\" class=\"elementor-tab-title elementor-tab-desktop-title\" aria-selected=\"false\" data-tab=\"4\" role=\"tab\" tabindex=\"-1\" aria-controls=\"elementor-tab-content-6754\" aria-expanded=\"false\">Datos Generales<\/div>\n\t\t\t\t\t\t\t\t\t<div id=\"elementor-tab-title-6755\" class=\"elementor-tab-title elementor-tab-desktop-title\" aria-selected=\"false\" data-tab=\"5\" role=\"tab\" tabindex=\"-1\" aria-controls=\"elementor-tab-content-6755\" aria-expanded=\"false\">Gesti\u00f3n y Proceso Estudiantil<\/div>\n\t\t\t\t\t\t\t<\/div>\n\t\t\t<div class=\"elementor-tabs-content-wrapper\" role=\"tablist\" aria-orientation=\"vertical\">\n\t\t\t\t\t\t\t\t\t<div class=\"elementor-tab-title elementor-tab-mobile-title\" aria-selected=\"true\" data-tab=\"1\" role=\"tab\" tabindex=\"0\" aria-controls=\"elementor-tab-content-6751\" aria-expanded=\"false\">Descripci\u00f3n General de la Carrera<\/div>\n\t\t\t\t\t<div id=\"elementor-tab-content-6751\" class=\"elementor-tab-content elementor-clearfix\" data-tab=\"1\" role=\"tabpanel\" aria-labelledby=\"elementor-tab-title-6751\" tabindex=\"0\" hidden=\"false\"><p>Nombre de la Carrera: Fonoaudiolog\u00eda<\/p><p>T\u00edtulo que otorga: Licenciada\/o en Fonoaudiolog\u00eda<\/p><p>Modalidad de aprendizaje: Presencial<\/p><p>N\u00famero de per\u00edodos acad\u00e9micos ordinarios: 8 periodos<\/p><p>Objetivo general:<\/p><p style=\"padding-left: 40px\">Formar profesionales en el campo de la Fonoaudiolog\u00eda para la terapia, rehabilitaci\u00f3n y tratamiento del habla, voz, audici\u00f3n, comunicaci\u00f3n humana y degluci\u00f3n en \u00e1mbitos cl\u00ednicos y ocupacionales para atender las alteraciones del sistema estomatogn\u00e1tico y del aparato fonador a lo largo del ciclo de la vida.<\/p><p>Perfil de ingreso:<\/p><p style=\"padding-left: 40px\">Los aspirantes a la carrera de Fonoaudiolog\u00eda demostraran una s\u00f3lida base en las ciencias biol\u00f3gicas, f\u00edsicas y qu\u00edmicas para la comprensi\u00f3n de las bases funcionales, t\u00e9cnicas y metodol\u00f3gicas del lenguaje, la voz y la audici\u00f3n. Los aspirantes demostrar\u00e1n vocaci\u00f3n de servicio e inter\u00e9s por la investigaci\u00f3n en ciencias cl\u00ednicas, as\u00ed como disposici\u00f3n para el abordaje e implementaci\u00f3n de procesos de diagn\u00f3stico y tratamiento cl\u00ednico en \u00e1mbitos institucionales, hospitalarios y comunitarios que demanda el campo ocupacional de la carrera.<\/p><p>\u00a0Requisitos de ingreso:<\/p><p style=\"padding-left: 40px\">1) Poseer t\u00edtulo de bachiller o su equivalente, de conformidad con la Ley<\/p><p style=\"padding-left: 40px\">2) Haber cumplido los requisitos normados por el Sistema de Nivelaci\u00f3n y Admisi\u00f3n.<\/p><p style=\"padding-left: 40px\">3) Para casos de movilidad interna o externa cumplir con los requisitos establecidos en el Art. 96 del Reglamento de R\u00e9gimen Acad\u00e9mico para cambios.<\/p><p>Requisitos de Titulaci\u00f3n:<\/p><p>Haber aprobado las asignaturas de las unidades b\u00e1sica y profesional del plan curricular de la carrera<\/p><p style=\"padding-left: 40px\">&#8211; Acreditar suficiencia a nivel MERL-B1 al culminar la carrera conforme a lo dispuesto en Art. 80 del RRA2019 aprobado por el CES: A trav\u00e9s del Instituto de Idiomas la universidad eval\u00faa a sus estudiantes para garantizar que tienen el nivel B1 en el idioma ingl\u00e9s, previo a la matriculaci\u00f3n en su \u00faltimo semestre de carrera. De manera opcional el estudiante puede asistir a programas de preparaci\u00f3n previa dictados por el propio instituto o a trav\u00e9s de programas online con instituciones con las que se mantienen convenios vigentes para estos procesos formativos.<\/p><p style=\"padding-left: 40px\">&#8211; Aprobar el trabajo de integraci\u00f3n curricular de conformidad con lo establecido en el Reglamento Interno de R\u00e9gimen Acad\u00e9mico.<\/p><p style=\"padding-left: 40px\">&#8211; Acreditar el cumplimiento de los requisitos de titulaci\u00f3n establecidos en la LOES: pr\u00e1cticas laborales y de servicio comunitario seg\u00fan lo aprobado en el proyecto de carrera.<\/p><p>Modalidades de titulaci\u00f3n:<\/p><ul><li><p>Desarrollo de un trabajo de integraci\u00f3n curricular.<\/p><\/li><li><p>Examen complexivo<\/p><\/li><li><p>Proyectos de investigaci\u00f3n<\/p><\/li><\/ul><p>\u00a0Campo Ocupacional:<\/p><ul><li><p>Entidades del Ministerio de Salud P\u00fablica.<\/p><\/li><li><p>Hospital b\u00e1sico y general<\/p><\/li><li><p>Hospital de especialidades.<\/p><\/li><li><p>Dispensario y hospitales del Instituto Ecuatoriano de Seguridad Social IESS.<\/p><\/li><li><p>Hospitales municipales.<\/p><\/li><li><p>Ministerio de Inclusi\u00f3n Econ\u00f3mica y Social<\/p><\/li><li><p>Gobiernos Aut\u00f3nomos Descentralizados (GADs)<\/p><\/li><li><p>Proyectos comunitarios.<\/p><\/li><li><p>Centros de desarrollo infantil<\/p><\/li><li><p>Empresas<\/p><\/li><li><p>Docencia universitaria<\/p><\/li><li><p>En instituciones educativas.<\/p><\/li><li><p>En el campo de la investigaci\u00f3n.<\/p><\/li><\/ul><\/div>\n\t\t\t\t\t\t\t\t\t<div class=\"elementor-tab-title elementor-tab-mobile-title\" aria-selected=\"false\" data-tab=\"2\" role=\"tab\" tabindex=\"-1\" aria-controls=\"elementor-tab-content-6752\" aria-expanded=\"false\">Malla Curricular<\/div>\n\t\t\t\t\t<div id=\"elementor-tab-content-6752\" class=\"elementor-tab-content elementor-clearfix\" data-tab=\"2\" role=\"tabpanel\" aria-labelledby=\"elementor-tab-title-6752\" tabindex=\"0\" hidden=\"hidden\"><p><a href=\"https:\/\/carreras.uleam.edu.ec\/facultad-ciencias-de-la-salud\/wp-content\/uploads\/sites\/71\/2024\/10\/MALLA-FONOAU.-CES-ACTUALIZAC-2022.pdf\" target=\"_blank\" rel=\"noopener\"><img loading=\"lazy\" decoding=\"async\" class=\"alignnone wp-image-601 size-large\" src=\"https:\/\/carreras.uleam.edu.ec\/facultad-ciencias-de-la-salud\/wp-content\/uploads\/sites\/71\/2024\/10\/Malla-Fono-1024x679.png\" alt=\"\" width=\"1024\" height=\"679\" srcset=\"https:\/\/carreras.uleam.edu.ec\/facultad-ciencias-de-la-salud\/wp-content\/uploads\/sites\/71\/2024\/10\/Malla-Fono-1024x679.png 1024w, https:\/\/carreras.uleam.edu.ec\/facultad-ciencias-de-la-salud\/wp-content\/uploads\/sites\/71\/2024\/10\/Malla-Fono-300x199.png 300w, https:\/\/carreras.uleam.edu.ec\/facultad-ciencias-de-la-salud\/wp-content\/uploads\/sites\/71\/2024\/10\/Malla-Fono-768x509.png 768w, https:\/\/carreras.uleam.edu.ec\/facultad-ciencias-de-la-salud\/wp-content\/uploads\/sites\/71\/2024\/10\/Malla-Fono-1536x1018.png 1536w, https:\/\/carreras.uleam.edu.ec\/facultad-ciencias-de-la-salud\/wp-content\/uploads\/sites\/71\/2024\/10\/Malla-Fono-2048x1358.png 2048w\" sizes=\"auto, (max-width: 1024px) 100vw, 1024px\" \/><\/a><\/p><\/div>\n\t\t\t\t\t\t\t\t\t<div class=\"elementor-tab-title elementor-tab-mobile-title\" aria-selected=\"false\" data-tab=\"3\" role=\"tab\" tabindex=\"-1\" aria-controls=\"elementor-tab-content-6753\" aria-expanded=\"false\">Docentes<\/div>\n\t\t\t\t\t<div id=\"elementor-tab-content-6753\" class=\"elementor-tab-content elementor-clearfix\" data-tab=\"3\" role=\"tabpanel\" aria-labelledby=\"elementor-tab-title-6753\" tabindex=\"0\" hidden=\"hidden\"><p><img loading=\"lazy\" decoding=\"async\" class=\"alignnone wp-image-597 size-large\" src=\"https:\/\/carreras.uleam.edu.ec\/facultad-ciencias-de-la-salud\/wp-content\/uploads\/sites\/71\/2024\/10\/docentes-fono-1024x685.png\" alt=\"\" width=\"1024\" height=\"685\" srcset=\"https:\/\/carreras.uleam.edu.ec\/facultad-ciencias-de-la-salud\/wp-content\/uploads\/sites\/71\/2024\/10\/docentes-fono-1024x685.png 1024w, https:\/\/carreras.uleam.edu.ec\/facultad-ciencias-de-la-salud\/wp-content\/uploads\/sites\/71\/2024\/10\/docentes-fono-300x201.png 300w, https:\/\/carreras.uleam.edu.ec\/facultad-ciencias-de-la-salud\/wp-content\/uploads\/sites\/71\/2024\/10\/docentes-fono-768x514.png 768w, https:\/\/carreras.uleam.edu.ec\/facultad-ciencias-de-la-salud\/wp-content\/uploads\/sites\/71\/2024\/10\/docentes-fono-1536x1027.png 1536w, https:\/\/carreras.uleam.edu.ec\/facultad-ciencias-de-la-salud\/wp-content\/uploads\/sites\/71\/2024\/10\/docentes-fono.png 2040w\" sizes=\"auto, (max-width: 1024px) 100vw, 1024px\" \/><\/p><\/div>\n\t\t\t\t\t\t\t\t\t<div class=\"elementor-tab-title elementor-tab-mobile-title\" aria-selected=\"false\" data-tab=\"4\" role=\"tab\" tabindex=\"-1\" aria-controls=\"elementor-tab-content-6754\" aria-expanded=\"false\">Datos Generales<\/div>\n\t\t\t\t\t<div id=\"elementor-tab-content-6754\" class=\"elementor-tab-content elementor-clearfix\" data-tab=\"4\" role=\"tabpanel\" aria-labelledby=\"elementor-tab-title-6754\" tabindex=\"0\" hidden=\"hidden\"><ul><li style=\"text-align: center\">Lic. Xiomara Caycedo Casas<\/li><li style=\"text-align: center\">DIRECTORA DE CARRERA<\/li><li style=\"text-align: center\"><a href=\"mailto:xiomara.caycedo@uleam.edu.ec\">xiomara.caycedo@uleam.edu.ec<\/a><\/li><li style=\"text-align: center\"><hr \/><\/li><li style=\"text-align: center\">Ab. Diana Patricia Alc\u00edvar Navarrete<\/li><li style=\"text-align: center\">SECRETARIA<\/li><li style=\"text-align: center\"><a href=\"mailto:diana.alcivar@uleam.edu.ec\">diana.alcivar@uleam.edu.ec<\/a><\/li><li style=\"text-align: center\">Ing. M. Bella Cede\u00f1o Zambrano<\/li><li style=\"text-align: center\">SECRETARIA<\/li><li style=\"text-align: center\"><a href=\"mailto:bella.cedeno@uleam.edu.ec\">bella.cedeno@uleam.edu.ec<\/a> \u00a0<\/li><li style=\"text-align: center\">Ing. Jos\u00e9 Stalin Mero Alvarado<\/li><li style=\"text-align: center\">ARCHIVO CENTRAL<\/li><li style=\"text-align: center\"><a href=\"mailto:Jos\u00e9.mero@uleam.edu.ec\">Jos\u00e9.mero@uleam.edu.ec<\/a><\/li><li style=\"text-align: center\"><hr \/><\/li><li style=\"text-align: center\">HORARIO DE ATENCI\u00d3N:<\/li><li style=\"text-align: center\">\u00a0Lunes a viernes:<\/li><li style=\"text-align: center\">8:00 a 13:00\u00a0 \u2013 \u00a014:00 a 17:00<\/li><\/ul><\/div>\n\t\t\t\t\t\t\t\t\t<div class=\"elementor-tab-title elementor-tab-mobile-title\" aria-selected=\"false\" data-tab=\"5\" role=\"tab\" tabindex=\"-1\" aria-controls=\"elementor-tab-content-6755\" aria-expanded=\"false\">Gesti\u00f3n y Proceso Estudiantil<\/div>\n\t\t\t\t\t<div id=\"elementor-tab-content-6755\" class=\"elementor-tab-content elementor-clearfix\" data-tab=\"5\" role=\"tabpanel\" aria-labelledby=\"elementor-tab-title-6755\" tabindex=\"0\" hidden=\"hidden\"><ul><li><a href=\"https:\/\/carreras.uleam.edu.ec\/facultad-ciencias-de-la-salud\/wp-content\/uploads\/sites\/71\/2024\/10\/PAP-01-F-001-Planificacion-Semestral-de-PracticasPP-Fonoaudiologia-signed.pdf\" target=\"_blank\" rel=\"noopener\">\u21d2\u00a0Pr\u00e1cticas Pre-profesionales<\/a><\/li><li>\u21d2 <a href=\"https:\/\/departamentos.uleam.edu.ec\/gestion-aseguramiento-calidad\/2019\/04\/08\/matricula\/\">Matr\u00edcula<\/a><\/li><li>\u21d2 <a href=\"https:\/\/departamentos.uleam.edu.ec\/gestion-aseguramiento-calidad\/reingreso-de-estudiantes\/\">Reingreso de estudiantes<\/a><\/li><li>\u21d2 <a href=\"https:\/\/departamentos.uleam.edu.ec\/gestion-aseguramiento-calidad\/homologacion-de-estudios-por-analisis-comparativo-de-contenidos\/\">Homologaci\u00f3n de Estudios por An\u00e1lisis Comparativo de Contenidos<\/a><\/li><\/ul><\/div>\n\t\t\t\t\t\t\t<\/div>\n\t\t<\/div>\n\t\t\t\t<\/div>\n\t\t\t\t<\/div>\n\t\t\t\t\t<\/div>\n\t\t<\/div>\n\t\t\t\t\t\t\t<\/div>\n\t\t<\/section>\n\t\t\t\t\t\t<\/div>\n\t\t\t\t\t<\/div>\n\t\t","protected":false},"excerpt":{"rendered":"<p>Descripci\u00f3n General de la Carrera Malla Curricular Docentes Datos Generales Gesti\u00f3n y Proceso Estudiantil Descripci\u00f3n General de la Carrera Nombre de la Carrera: Fonoaudiolog\u00eda T\u00edtulo que otorga: Licenciada\/o en Fonoaudiolog\u00eda Modalidad de aprendizaje: Presencial N\u00famero de per\u00edodos acad\u00e9micos ordinarios: 8 [&hellip;]<\/p>\n","protected":false},"author":7,"featured_media":0,"parent":0,"menu_order":0,"comment_status":"closed","ping_status":"closed","template":"","meta":{"_acf_changed":false,"footnotes":""},"class_list":["post-12","page","type-page","status-publish","hentry"],"acf":[],"_links":{"self":[{"href":"https:\/\/carreras.uleam.edu.ec\/facultad-ciencias-de-la-salud\/wp-json\/wp\/v2\/pages\/12","targetHints":{"allow":["GET"]}}],"collection":[{"href":"https:\/\/carreras.uleam.edu.ec\/facultad-ciencias-de-la-salud\/wp-json\/wp\/v2\/pages"}],"about":[{"href":"https:\/\/carreras.uleam.edu.ec\/facultad-ciencias-de-la-salud\/wp-json\/wp\/v2\/types\/page"}],"author":[{"embeddable":true,"href":"https:\/\/carreras.uleam.edu.ec\/facultad-ciencias-de-la-salud\/wp-json\/wp\/v2\/users\/7"}],"replies":[{"embeddable":true,"href":"https:\/\/carreras.uleam.edu.ec\/facultad-ciencias-de-la-salud\/wp-json\/wp\/v2\/comments?post=12"}],"version-history":[{"count":42,"href":"https:\/\/carreras.uleam.edu.ec\/facultad-ciencias-de-la-salud\/wp-json\/wp\/v2\/pages\/12\/revisions"}],"predecessor-version":[{"id":783,"href":"https:\/\/carreras.uleam.edu.ec\/facultad-ciencias-de-la-salud\/wp-json\/wp\/v2\/pages\/12\/revisions\/783"}],"wp:attachment":[{"href":"https:\/\/carreras.uleam.edu.ec\/facultad-ciencias-de-la-salud\/wp-json\/wp\/v2\/media?parent=12"}],"curies":[{"name":"wp","href":"https:\/\/api.w.org\/{rel}","templated":true}]}}