{"id":13,"date":"2022-09-09T01:07:34","date_gmt":"2022-09-09T01:07:34","guid":{"rendered":"https:\/\/carreras.uleam.edu.ec\/facultad-ciencias-de-la-salud\/?page_id=13"},"modified":"2025-03-14T20:48:54","modified_gmt":"2025-03-14T20:48:54","slug":"carrera-de-laboratorio-clinico","status":"publish","type":"page","link":"https:\/\/carreras.uleam.edu.ec\/facultad-ciencias-de-la-salud\/carrera-de-laboratorio-clinico\/","title":{"rendered":"Carrera Laboratorio Cl\u00ednico"},"content":{"rendered":"\t\t<div data-elementor-type=\"wp-page\" data-elementor-id=\"13\" class=\"elementor elementor-13\" data-elementor-settings=\"[]\">\n\t\t\t\t\t\t\t<div class=\"elementor-section-wrap\">\n\t\t\t\t\t\t\t<section class=\"elementor-section elementor-top-section elementor-element elementor-element-8d1ed03 elementor-section-boxed elementor-section-height-default elementor-section-height-default\" data-id=\"8d1ed03\" data-element_type=\"section\">\n\t\t\t\t\t\t<div class=\"elementor-container elementor-column-gap-default\">\n\t\t\t\t\t<div class=\"elementor-column elementor-col-100 elementor-top-column elementor-element elementor-element-5f730ee\" data-id=\"5f730ee\" data-element_type=\"column\">\n\t\t\t<div class=\"elementor-widget-wrap elementor-element-populated\">\n\t\t\t\t\t\t\t\t<div class=\"elementor-element elementor-element-bc6ac6d elementor-tabs-view-horizontal elementor-widget elementor-widget-tabs\" data-id=\"bc6ac6d\" data-element_type=\"widget\" data-widget_type=\"tabs.default\">\n\t\t\t\t<div class=\"elementor-widget-container\">\n\t\t\t\t\t<div class=\"elementor-tabs\">\n\t\t\t<div class=\"elementor-tabs-wrapper\" role=\"tablist\" >\n\t\t\t\t\t\t\t\t\t<div id=\"elementor-tab-title-1971\" class=\"elementor-tab-title elementor-tab-desktop-title\" aria-selected=\"true\" data-tab=\"1\" role=\"tab\" tabindex=\"0\" aria-controls=\"elementor-tab-content-1971\" aria-expanded=\"false\">Bienvenidos<\/div>\n\t\t\t\t\t\t\t\t\t<div id=\"elementor-tab-title-1972\" class=\"elementor-tab-title elementor-tab-desktop-title\" aria-selected=\"false\" data-tab=\"2\" role=\"tab\" tabindex=\"-1\" aria-controls=\"elementor-tab-content-1972\" aria-expanded=\"false\">Misi\u00f3n y Visi\u00f3n <\/div>\n\t\t\t\t\t\t\t\t\t<div id=\"elementor-tab-title-1973\" class=\"elementor-tab-title elementor-tab-desktop-title\" aria-selected=\"false\" data-tab=\"3\" role=\"tab\" tabindex=\"-1\" aria-controls=\"elementor-tab-content-1973\" aria-expanded=\"false\">Descripci\u00f3n General de la Carrera<\/div>\n\t\t\t\t\t\t\t\t\t<div id=\"elementor-tab-title-1974\" class=\"elementor-tab-title elementor-tab-desktop-title\" aria-selected=\"false\" data-tab=\"4\" role=\"tab\" tabindex=\"-1\" aria-controls=\"elementor-tab-content-1974\" aria-expanded=\"false\">Malla Curricular<\/div>\n\t\t\t\t\t\t\t\t\t<div id=\"elementor-tab-title-1975\" class=\"elementor-tab-title elementor-tab-desktop-title\" aria-selected=\"false\" data-tab=\"5\" role=\"tab\" tabindex=\"-1\" aria-controls=\"elementor-tab-content-1975\" aria-expanded=\"false\">Docentes<\/div>\n\t\t\t\t\t\t\t\t\t<div id=\"elementor-tab-title-1976\" class=\"elementor-tab-title elementor-tab-desktop-title\" aria-selected=\"false\" data-tab=\"6\" role=\"tab\" tabindex=\"-1\" aria-controls=\"elementor-tab-content-1976\" aria-expanded=\"false\">Datos Generales<\/div>\n\t\t\t\t\t\t\t\t\t<div id=\"elementor-tab-title-1977\" class=\"elementor-tab-title elementor-tab-desktop-title\" aria-selected=\"false\" data-tab=\"7\" role=\"tab\" tabindex=\"-1\" aria-controls=\"elementor-tab-content-1977\" aria-expanded=\"false\">Gesti\u00f3n y Proceso Estudiantil<\/div>\n\t\t\t\t\t\t\t<\/div>\n\t\t\t<div class=\"elementor-tabs-content-wrapper\" role=\"tablist\" aria-orientation=\"vertical\">\n\t\t\t\t\t\t\t\t\t<div class=\"elementor-tab-title elementor-tab-mobile-title\" aria-selected=\"true\" data-tab=\"1\" role=\"tab\" tabindex=\"0\" aria-controls=\"elementor-tab-content-1971\" aria-expanded=\"false\">Bienvenidos<\/div>\n\t\t\t\t\t<div id=\"elementor-tab-content-1971\" class=\"elementor-tab-content elementor-clearfix\" data-tab=\"1\" role=\"tabpanel\" aria-labelledby=\"elementor-tab-title-1971\" tabindex=\"0\" hidden=\"false\"><p><img loading=\"lazy\" decoding=\"async\" class=\"alignnone wp-image-723 size-large\" src=\"https:\/\/carreras.uleam.edu.ec\/facultad-ciencias-de-la-salud\/wp-content\/uploads\/sites\/71\/2025\/02\/BIENVENIDOS-1024x782.png\" alt=\"\" width=\"1024\" height=\"782\" srcset=\"https:\/\/carreras.uleam.edu.ec\/facultad-ciencias-de-la-salud\/wp-content\/uploads\/sites\/71\/2025\/02\/BIENVENIDOS-1024x782.png 1024w, https:\/\/carreras.uleam.edu.ec\/facultad-ciencias-de-la-salud\/wp-content\/uploads\/sites\/71\/2025\/02\/BIENVENIDOS-300x229.png 300w, https:\/\/carreras.uleam.edu.ec\/facultad-ciencias-de-la-salud\/wp-content\/uploads\/sites\/71\/2025\/02\/BIENVENIDOS-768x586.png 768w, https:\/\/carreras.uleam.edu.ec\/facultad-ciencias-de-la-salud\/wp-content\/uploads\/sites\/71\/2025\/02\/BIENVENIDOS-1536x1173.png 1536w, https:\/\/carreras.uleam.edu.ec\/facultad-ciencias-de-la-salud\/wp-content\/uploads\/sites\/71\/2025\/02\/BIENVENIDOS-2048x1564.png 2048w\" sizes=\"auto, (max-width: 1024px) 100vw, 1024px\" \/><\/p><\/div>\n\t\t\t\t\t\t\t\t\t<div class=\"elementor-tab-title elementor-tab-mobile-title\" aria-selected=\"false\" data-tab=\"2\" role=\"tab\" tabindex=\"-1\" aria-controls=\"elementor-tab-content-1972\" aria-expanded=\"false\">Misi\u00f3n y Visi\u00f3n <\/div>\n\t\t\t\t\t<div id=\"elementor-tab-content-1972\" class=\"elementor-tab-content elementor-clearfix\" data-tab=\"2\" role=\"tabpanel\" aria-labelledby=\"elementor-tab-title-1972\" tabindex=\"0\" hidden=\"hidden\"><p style=\"text-align: justify\">MISI\u00d3N:<\/p><p style=\"text-align: justify\">Formar profesionales altamente competentes y \u00e9ticos en el campo del diagn\u00f3stico cl\u00ednico, capaces de contribuir al sistema de atenci\u00f3n de salud en beneficio de la comunidad. Ofreciendo una educaci\u00f3n de calidad que integre conocimientos te\u00f3ricos y habilidades pr\u00e1cticas, respaldada por la utilizaci\u00f3n de tecnolog\u00edas y t\u00e9cnicas de diagn\u00f3stico modernas, promoviendo una cultura de investigaci\u00f3n e innovaci\u00f3n.<\/p><p style=\"text-align: justify\">VISI\u00d3N:<\/p><p style=\"text-align: justify\">Convertirnos en una carrera l\u00edder en formar Laboratoristas Cl\u00ednicos de alto nivel profesional, sustentada en la excelencia acad\u00e9mica, tecnol\u00f3gica, comprometida con el desarrollo cient\u00edfico y vinculados en proyectos de investigaci\u00f3n con predominio nacional e internacional.<\/p><\/div>\n\t\t\t\t\t\t\t\t\t<div class=\"elementor-tab-title elementor-tab-mobile-title\" aria-selected=\"false\" data-tab=\"3\" role=\"tab\" tabindex=\"-1\" aria-controls=\"elementor-tab-content-1973\" aria-expanded=\"false\">Descripci\u00f3n General de la Carrera<\/div>\n\t\t\t\t\t<div id=\"elementor-tab-content-1973\" class=\"elementor-tab-content elementor-clearfix\" data-tab=\"3\" role=\"tabpanel\" aria-labelledby=\"elementor-tab-title-1973\" tabindex=\"0\" hidden=\"hidden\"><p style=\"text-align: justify\">Nombre de la Carrera: Laboratorio Cl\u00ednico<\/p><p style=\"text-align: justify\">T\u00edtulo que otorga: Licenciado\/a en Laboratorio Cl\u00ednico<\/p><p style=\"text-align: justify\">Modalidad de aprendizaje: Presencial<\/p><p style=\"text-align: justify\">N\u00famero de per\u00edodos ordinarios: 9 per\u00edodos m\u00e1s 480 horas de pr\u00e1cticas preprofesionales<\/p><p style=\"text-align: justify\"><span style=\"text-decoration: underline\">Objetivo general:<\/span><\/p><p style=\"padding-left: 40px;text-align: justify\">Formar profesionales con valores bio\u00e9ticos en el campo del an\u00e1lisis de espec\u00edmenes biol\u00f3gicos y no biol\u00f3gicos: fisiol\u00f3gicos, patol\u00f3gicos y en los procesos de validaci\u00f3n de resultados de laboratorio con conocimientos cient\u00edficos-t\u00e9cnicos, epistemol\u00f3gicos y human\u00edsticos; enfocados a la promoci\u00f3n de la salud y la resoluci\u00f3n de problemas relacionados con la prevenci\u00f3n, diagn\u00f3stico, control terap\u00e9utico o evolutivo de las enfermedades a lo largo del ciclo de vida.<\/p><p style=\"text-align: justify\"><span style=\"text-decoration: underline\">Perfil de ingreso:<\/span><\/p><p style=\"padding-left: 40px;text-align: justify\">Los aspirantes a la carrera de Laboratorio Cl\u00ednico demostrar\u00e1n dominio en las ciencias b\u00e1sicas (biolog\u00eda, qu\u00edmica, f\u00edsica, matem\u00e1ticas), el aspirante debe ser competente para el trabajo en equipo, debe tener destrezas psicomotrices que le permitan el manejo de instrumental y equipos de laboratorio.<\/p><p style=\"padding-left: 40px;text-align: justify\">Los aspirantes deben tener disposici\u00f3n al estudio a tiempo completo y demostrar vocaci\u00f3n de servicio e inter\u00e9s por la investigaci\u00f3n en ciencias de la salud que permita la promoci\u00f3n, prevenci\u00f3n, diagn\u00f3stico, control terap\u00e9utico o evolutivo de las enfermedades a lo largo del ciclo de vida precautelando los derechos de las personas, con respeto a las condiciones f\u00edsicas, culturales y de g\u00e9nero.<\/p><p style=\"text-align: justify\"><span style=\"text-decoration: underline\">Requisitos de ingreso:<\/span><\/p><ul style=\"text-align: justify\"><li>Poseer t\u00edtulo de bachiller o su equivalente, de conformidad con la Ley<\/li><li>Haber cumplido los requisitos normados por el Sistema de Nivelaci\u00f3n y Admisi\u00f3n.<\/li><li>Para casos de movilidad interna o externa cumplir con los requisitos establecidos en el Art. 96 del Reglamento de R\u00e9gimen Acad\u00e9mico para cambios.<\/li><li>En casos especiales, certificados de reconocimiento y homologaci\u00f3n de estudios de otras IES de conformidad con el art\u00edculo 63 y 64 del Reglamento de R\u00e9gimen Acad\u00e9mico<\/li><\/ul><p style=\"text-align: justify\"><span style=\"text-decoration: underline\">Requisitos de graduaci\u00f3n:<\/span><\/p><ul style=\"text-align: justify\"><li>Haber aprobado las asignaturas de las unidades b\u00e1sica y profesional del plan curricular de la carrera<\/li><li>Acreditar suficiencia a nivel MERL-B1 al culminar la carrera conforme a lo dispuesto en Art. 80 del RRA2019 aprobado por el CES: A trav\u00e9s del Instituto de Idiomas la universidad eval\u00faa a sus estudiantes para garantizar que tienen el nivel B1 en el idioma ingl\u00e9s, previo a la matriculaci\u00f3n en su \u00faltimo semestre de carrera. De manera opcional el estudiante puede asistir a programas de preparaci\u00f3n previa dictados por el propio instituto o a trav\u00e9s de programas online con instituciones con las que se mantienen convenios vigentes para estos procesos formativos.<\/li><li>Aprobar el trabajo de integraci\u00f3n curricular de conformidad con lo establecido en el Reglamento Interno de R\u00e9gimen Acad\u00e9mico.<\/li><li>Acreditar el cumplimiento de los requisitos de titulaci\u00f3n establecidos en la LOES: pr\u00e1cticas laborales y de servicio comunitario seg\u00fan lo aprobado en el proyecto de carrera.<\/li><\/ul><p style=\"text-align: justify\"><span style=\"text-decoration: underline\">Modalidades de titulaci\u00f3n:<\/span><\/p><ul style=\"text-align: justify\"><li>Los estudiantes desarrollar\u00e1n su trabajo de integraci\u00f3n curricular articulado con las l\u00edneas de investigaci\u00f3n de la Facultad Ciencias de la Salud de la Universidad Laica Eloy Alfaro de Manab\u00ed donde se evidencie el manejo de los principios en el \u00e1rea de Laboratorio Cl\u00ednico y otros campos afines. El trabajo de integraci\u00f3n curricular seguir\u00e1 la normativa aprobada por la Comisi\u00f3n Acad\u00e9mica de la Facultad en el marco de los lineamientos emanadas por la Universidad. Se establecer\u00e1n para ello 32 sesiones de tutor\u00eda: 16 destinadas a la planificaci\u00f3n y 16 destinadas a la revisi\u00f3n del avance del trabajo seleccionado, 32 horas de componente pr\u00e1ctico-experimental<\/li><\/ul><p style=\"text-align: justify\"><span style=\"text-decoration: underline\">Campo Ocupacional:<\/span><\/p><ul style=\"text-align: justify\"><li>El\/la Licenciado(a) en Laboratorio Cl\u00ednico es un profesional con amplio conocimiento en las ciencias biol\u00f3gicas y en las disciplinas qu\u00edmicas con formaci\u00f3n b\u00e1sica y profesionalizante de la carrera; que trabaja de manera interdisciplinaria para promocionar, prevenir, diagnosticar patolog\u00edas con el fin de devolver la salud y\/o calidad de vida a sus pacientes; al mismo tiempo que es clave en el seguimiento y preservaci\u00f3n de la salud durante todo el ciclo de vida, argumentando de manera cient\u00edfica, t\u00e9cnica y desarrollando investigaciones a nivel local, regional, nacional e internacional con altos est\u00e1ndares de bioseguridad y bio\u00e9tica que garanticen la calidad de los resultados generados tanto de espec\u00edmenes biol\u00f3gicos, como no biol\u00f3gicos que puedan ser potenciales riesgos a la salud de la poblaci\u00f3n; adem\u00e1s de realizar el libre ejercicio de su profesi\u00f3n como administrador, asesor, consultor de salud en el sector p\u00fablico y privado.<\/li><\/ul><p style=\"text-align: justify\"><span style=\"text-decoration: underline\">Perfil de egreso de la Carrera:<\/span><\/p><ol style=\"text-align: justify\"><li>Identifica componentes, analitos y agentes pat\u00f3genos, mediante la aplicaci\u00f3n de t\u00e9cnicas cuantitativas y cualitativas a trav\u00e9s de procedimientos normalizados para laboratorios, contribuyendo a la soluci\u00f3n de la problem\u00e1tica de salud de la poblaci\u00f3n.<\/li><li>Gestiona y desarrolla procesos preanal\u00edticos, anal\u00edticos y postanal\u00edticos de laboratorios, aplicando las t\u00e9cnicas y m\u00e9todos espec\u00edficos dependiendo de su finalidad, tomando en cuenta la recolecci\u00f3n y procesamiento adecuado de muestras que permitan su interpretaci\u00f3n, respetando las normas de bioseguridad y bio\u00e9tica, en correspondencia con normas nacionales e internacionales de calidad, para proporcionar un informe de laboratorio preciso y confiable.<\/li><li>Elabora, interpreta, replica y expresa distintos tipos de datos e informaci\u00f3n cualitativa y cuantitativa de los procesos de laboratorios, mostrando habilidad y sentido l\u00f3gico en la aplicaci\u00f3n de operaciones matem\u00e1ticas b\u00e1sicas, y la utilizaci\u00f3n de las diferentes simbolog\u00edas espec\u00edficas del laboratorio.<\/li><li>Procesa e interpreta datos e informaci\u00f3n de los procesos de laboratorio cl\u00ednico y otros campos afines, con claridad y precisi\u00f3n, mediante el uso de la estad\u00edstica, la inform\u00e1tica y tecnolog\u00eda especializada de la profesi\u00f3n, redactando y comunicando con confiabilidad, confidencialidad y criterio cient\u00edfico en el informe final, con la expresi\u00f3n de los resultados anal\u00edticos validados.<\/li><li>Aplica las funciones de la administraci\u00f3n en los procesos de laboratorio cl\u00ednico y otros campos afines (preanal\u00edtico, anal\u00edtico y postanal\u00edtico) con eficacia, eficiencia y efectividad, con el fin de lograr la optimizaci\u00f3n de los recursos materiales, la potencializaci\u00f3n del talento humano, el logro de los objetivos de calidad de los an\u00e1lisis realizados y la satisfacci\u00f3n del usuario.<\/li><li>Planifica, ejecuta y eval\u00faa investigaciones relacionadas con el campo de estudio del laboratorista, a trav\u00e9s de an\u00e1lisis de casos, estudios comparados, propuestas metodol\u00f3gicas, aplicaci\u00f3n de estrategias, que tengan como fin el diagn\u00f3stico y la exploraci\u00f3n de las situaciones probl\u00e9micas inherentes al an\u00e1lisis cl\u00ednico, en busca del mejoramiento de la calidad y el desarrollo de los procesos b\u00e1sicos.<\/li><li>Trabaja de forma coordinada e interdisciplinaria los procesos preanal\u00edticos, anal\u00edticos y postanal\u00edticos con altos est\u00e1ndares de calidad en la b\u00fasqueda de soluciones a problemas que requieran el procesamiento de analitos biol\u00f3gicos o no biol\u00f3gicos.<\/li><li>Aplica conocimientos de las ciencias m\u00e9dicas en el an\u00e1lisis de los procesos de laboratorio cl\u00ednico, as\u00ed como en otros campos afines, mediante el empleo de t\u00e9cnicas, metodolog\u00edas investigativas y cient\u00edficas afines al campo de acci\u00f3n de la carrera, para la identificaci\u00f3n de las diferentes reacciones de sustancias biol\u00f3gicas y no biol\u00f3gicas.<\/li><li>Brinda y ejecuta consultor\u00eda t\u00e9cnica y de gesti\u00f3n de la calidad en la implementaci\u00f3n de programas de control interno y externo durante el desarrollo de los procesos preanal\u00edticos, anal\u00edticos y post-anal\u00edticos de laboratorio.<\/li><li>Comunica de forma efectiva y t\u00e9cnica los resultados de procesos de investigaci\u00f3n y de hallazgos del quehacer cotidiano del profesional.<\/li><li>Contribuye con el equipo de salud y otras disciplinas en el levantamiento de la informaci\u00f3n epidemiol\u00f3gica con la finalidad de orientar las pol\u00edticas p\u00fablicas en materia de salud.<\/li><\/ol><p style=\"text-align: justify\">Ejecutar control de calidad de los procesos preanal\u00edticos, anal\u00edticos y potsanal\u00edticos de laboratorio en el campo industrial y ambiental de analitos no biol\u00f3gicos y t\u00f3xicos con la finalidad de precautelar la salud de la poblaci\u00f3n.<\/p><p style=\"text-align: justify\"><span style=\"text-decoration: underline\">Perfil Profesional de la Carrera:<\/span><\/p><p style=\"text-align: justify\">\u00a0El\/la Licenciado(a) en Laboratorio Cl\u00ednico es un profesional con amplio conocimiento en las ciencias biol\u00f3gicas y en las disciplinas qu\u00edmicas con formaci\u00f3n b\u00e1sica y profesionalizante de la carrera; que trabaja de manera interdisciplinaria para promocionar, prevenir, diagnosticar patolog\u00edas con el fin de devolver la salud y\/o calidad de vida a sus pacientes; al mismo tiempo que es clave en el seguimiento y preservaci\u00f3n de la salud durante todo el ciclo de vida, argumentando de manera cient\u00edfica, t\u00e9cnica y desarrollando investigaciones a nivel local, regional, nacional e internacional con altos est\u00e1ndares de bioseguridad y bio\u00e9tica que garanticen la calidad de los resultados generados tanto de espec\u00edmenes biol\u00f3gicos, como no biol\u00f3gicos que puedan ser potenciales riesgos a la salud de la poblaci\u00f3n; adem\u00e1s de realizar el libre ejercicio de su profesi\u00f3n como administrador, asesor, consultor de salud en el sector p\u00fablico y privado.<\/p><\/div>\n\t\t\t\t\t\t\t\t\t<div class=\"elementor-tab-title elementor-tab-mobile-title\" aria-selected=\"false\" data-tab=\"4\" role=\"tab\" tabindex=\"-1\" aria-controls=\"elementor-tab-content-1974\" aria-expanded=\"false\">Malla Curricular<\/div>\n\t\t\t\t\t<div id=\"elementor-tab-content-1974\" class=\"elementor-tab-content elementor-clearfix\" data-tab=\"4\" role=\"tabpanel\" aria-labelledby=\"elementor-tab-title-1974\" tabindex=\"0\" hidden=\"hidden\"><p><a href=\"https:\/\/carreras.uleam.edu.ec\/facultad-ciencias-de-la-salud\/wp-content\/uploads\/sites\/71\/2023\/01\/MALLA-LABORATORIO-CLINICO-2022.pdf\" target=\"_blank\" rel=\"noopener\"><img loading=\"lazy\" decoding=\"async\" class=\"alignnone wp-image-306 size-large\" src=\"https:\/\/carreras.uleam.edu.ec\/facultad-ciencias-de-la-salud\/wp-content\/uploads\/sites\/71\/2023\/01\/malla-laboratorio-clinico-1024x686.png\" alt=\"\" width=\"1024\" height=\"686\" srcset=\"https:\/\/carreras.uleam.edu.ec\/facultad-ciencias-de-la-salud\/wp-content\/uploads\/sites\/71\/2023\/01\/malla-laboratorio-clinico-1024x686.png 1024w, https:\/\/carreras.uleam.edu.ec\/facultad-ciencias-de-la-salud\/wp-content\/uploads\/sites\/71\/2023\/01\/malla-laboratorio-clinico-300x201.png 300w, https:\/\/carreras.uleam.edu.ec\/facultad-ciencias-de-la-salud\/wp-content\/uploads\/sites\/71\/2023\/01\/malla-laboratorio-clinico-768x514.png 768w, https:\/\/carreras.uleam.edu.ec\/facultad-ciencias-de-la-salud\/wp-content\/uploads\/sites\/71\/2023\/01\/malla-laboratorio-clinico-1536x1029.png 1536w, https:\/\/carreras.uleam.edu.ec\/facultad-ciencias-de-la-salud\/wp-content\/uploads\/sites\/71\/2023\/01\/malla-laboratorio-clinico-2048x1372.png 2048w\" sizes=\"auto, (max-width: 1024px) 100vw, 1024px\" \/><\/a><\/p><\/div>\n\t\t\t\t\t\t\t\t\t<div class=\"elementor-tab-title elementor-tab-mobile-title\" aria-selected=\"false\" data-tab=\"5\" role=\"tab\" tabindex=\"-1\" aria-controls=\"elementor-tab-content-1975\" aria-expanded=\"false\">Docentes<\/div>\n\t\t\t\t\t<div id=\"elementor-tab-content-1975\" class=\"elementor-tab-content elementor-clearfix\" data-tab=\"5\" role=\"tabpanel\" aria-labelledby=\"elementor-tab-title-1975\" tabindex=\"0\" hidden=\"hidden\"><ul><li>Lic. BARAHONA FLORES MIRIAN JAHAIRA, Mgtr.<\/li><li>Lic. BARREIRO MACIAS PABLO ENRIQUE, Mgtr.<\/li><li>Lic. BRAVO GARC\u00cdA G\u00c9NESIS GEMA, Mgtr.<\/li><li>Dra. CASANOVA ROMERO ILYA ISADORA, PhD.<\/li><li>Lic. CHANGO GADVAY MARCO VINICIO, Mgtr.<\/li><li>ERAZO CEDE\u00d1O ROSARIO ANDREA, Mgtr.<\/li><li>Dr. GARC\u00cdA MUENTES SEGUNDO ALCIDES, PhD.<\/li><li>Dra. HOLGU\u00cdN GARC\u00cdA ANA ARACELY, Mgtr.<\/li><li>Lic. LAGOS RUIZ NICOLE ABIGA\u00cdL, Mgtr.<\/li><li>Lic. LLERENA TORO FARYD JAVIER, Mgtr.<\/li><li>Lic. MENDOZA MACIAS JOSSELYN IRENE, Mgtr.<\/li><li>Lic. MERA CHICA JACQUELINE NARCIZA, Mgtr.<\/li><li>Dr. MORALES MU\u00d1IZ REN\u00c9 EDUARDO, Mgtr.<\/li><li>Lcda. MOREIRA VINCES RUTH\u00a0 YDALINDA, Mgtr.<\/li><li>Lic. ORMAZA CEVALLLOS ROBER RAM\u00d3N, Mgtr.<\/li><li>Lic. PARRA SALTOS ROC\u00cdO GERMANIA, Mgtr.<\/li><li>Dra. RAM\u00cdREZ BAZURTO MAYRA JACQUELINE, Mgtr.<\/li><li>Ing. SANTANA PONCE STALIN PATRICIO, Mgtr.<\/li><li>Lic. TOALA VERGARA ANGIE BRIGGITTE, Mgtr.<\/li><li>Lic. VERA ALC\u00cdVAR CARLOS ALFREDO, Mgtr.<\/li><li>Lic. ZAMBRANO MOREIRA LORENA NORALMA, Mgtr.<\/li><\/ul><\/div>\n\t\t\t\t\t\t\t\t\t<div class=\"elementor-tab-title elementor-tab-mobile-title\" aria-selected=\"false\" data-tab=\"6\" role=\"tab\" tabindex=\"-1\" aria-controls=\"elementor-tab-content-1976\" aria-expanded=\"false\">Datos Generales<\/div>\n\t\t\t\t\t<div id=\"elementor-tab-content-1976\" class=\"elementor-tab-content elementor-clearfix\" data-tab=\"6\" role=\"tabpanel\" aria-labelledby=\"elementor-tab-title-1976\" tabindex=\"0\" hidden=\"hidden\"><ul><li style=\"text-align: center\">Lic. Carlos Vera Alc\u00edvar, Mgtr.<\/li><li style=\"text-align: center\">DIRECTOR DE CARRERA<\/li><li style=\"text-align: center\"><a href=\"mailto:xiomara.caycedo@uleam.edu.ec\">alfredo.vera@uleam.edu.ec<\/a><\/li><li style=\"text-align: center\"><hr \/><\/li><li style=\"text-align: center\">\u00a0Lic.\u00a0 Lurien Santana Burgos<\/li><li style=\"text-align: center\">SECRETARIA DE LA CARRERA DE LABORATORIO CL\u00cdNICO<\/li><li style=\"text-align: center\"><a href=\"mailto:lurien.santana@uleam.edu.ec\">lurien.santana@uleam.edu.ec<\/a><\/li><li style=\"text-align: center\"><hr \/><\/li><li style=\"text-align: center\">HORARIO DE ATENCI\u00d3N:<\/li><li style=\"text-align: center\">\u00a0Lunes a viernes:<\/li><li style=\"text-align: center\">8:00 a 13:00\u00a0 &#8211; \u00a014:00 a 17:00<\/li><\/ul><\/div>\n\t\t\t\t\t\t\t\t\t<div class=\"elementor-tab-title elementor-tab-mobile-title\" aria-selected=\"false\" data-tab=\"7\" role=\"tab\" tabindex=\"-1\" aria-controls=\"elementor-tab-content-1977\" aria-expanded=\"false\">Gesti\u00f3n y Proceso Estudiantil<\/div>\n\t\t\t\t\t<div id=\"elementor-tab-content-1977\" class=\"elementor-tab-content elementor-clearfix\" data-tab=\"7\" role=\"tabpanel\" aria-labelledby=\"elementor-tab-title-1977\" tabindex=\"0\" hidden=\"hidden\"><ul><li>\u21d2\u00a0<a href=\"https:\/\/carreras.uleam.edu.ec\/facultad-ciencias-de-la-salud\/wp-content\/uploads\/sites\/71\/2025\/02\/MANUAL-DE-LABORATORIO_PRACTICAS-PREPROFESIONALES_ANEXOS.pdf\" target=\"_blank\" rel=\"noopener\">Pr\u00e1cticas Pre-profesionales<\/a><\/li><li>\u21d2 <a href=\"https:\/\/departamentos.uleam.edu.ec\/gestion-aseguramiento-calidad\/2019\/04\/08\/matricula\/\">Matr\u00edcula<\/a><\/li><li>\u21d2 <a href=\"https:\/\/departamentos.uleam.edu.ec\/gestion-aseguramiento-calidad\/reingreso-de-estudiantes\/\">Reingreso de estudiantes<\/a><\/li><li>\u21d2 <a href=\"https:\/\/departamentos.uleam.edu.ec\/gestion-aseguramiento-calidad\/homologacion-de-estudios-por-analisis-comparativo-de-contenidos\/\">Homologaci\u00f3n de Estudios por An\u00e1lisis Comparativo de Contenidos<\/a><\/li><\/ul><\/div>\n\t\t\t\t\t\t\t<\/div>\n\t\t<\/div>\n\t\t\t\t<\/div>\n\t\t\t\t<\/div>\n\t\t\t\t\t<\/div>\n\t\t<\/div>\n\t\t\t\t\t\t\t<\/div>\n\t\t<\/section>\n\t\t\t\t\t\t<\/div>\n\t\t\t\t\t<\/div>\n\t\t","protected":false},"excerpt":{"rendered":"<p>Bienvenidos Misi\u00f3n y Visi\u00f3n Descripci\u00f3n General de la Carrera Malla Curricular Docentes Datos Generales Gesti\u00f3n y Proceso Estudiantil Bienvenidos Misi\u00f3n y Visi\u00f3n MISI\u00d3N: Formar profesionales altamente competentes y \u00e9ticos en el campo del diagn\u00f3stico cl\u00ednico, capaces de contribuir al sistema [&hellip;]<\/p>\n","protected":false},"author":7,"featured_media":0,"parent":0,"menu_order":0,"comment_status":"closed","ping_status":"closed","template":"","meta":{"_acf_changed":false,"footnotes":""},"class_list":["post-13","page","type-page","status-publish","hentry"],"acf":[],"_links":{"self":[{"href":"https:\/\/carreras.uleam.edu.ec\/facultad-ciencias-de-la-salud\/wp-json\/wp\/v2\/pages\/13","targetHints":{"allow":["GET"]}}],"collection":[{"href":"https:\/\/carreras.uleam.edu.ec\/facultad-ciencias-de-la-salud\/wp-json\/wp\/v2\/pages"}],"about":[{"href":"https:\/\/carreras.uleam.edu.ec\/facultad-ciencias-de-la-salud\/wp-json\/wp\/v2\/types\/page"}],"author":[{"embeddable":true,"href":"https:\/\/carreras.uleam.edu.ec\/facultad-ciencias-de-la-salud\/wp-json\/wp\/v2\/users\/7"}],"replies":[{"embeddable":true,"href":"https:\/\/carreras.uleam.edu.ec\/facultad-ciencias-de-la-salud\/wp-json\/wp\/v2\/comments?post=13"}],"version-history":[{"count":39,"href":"https:\/\/carreras.uleam.edu.ec\/facultad-ciencias-de-la-salud\/wp-json\/wp\/v2\/pages\/13\/revisions"}],"predecessor-version":[{"id":784,"href":"https:\/\/carreras.uleam.edu.ec\/facultad-ciencias-de-la-salud\/wp-json\/wp\/v2\/pages\/13\/revisions\/784"}],"wp:attachment":[{"href":"https:\/\/carreras.uleam.edu.ec\/facultad-ciencias-de-la-salud\/wp-json\/wp\/v2\/media?parent=13"}],"curies":[{"name":"wp","href":"https:\/\/api.w.org\/{rel}","templated":true}]}}