{"id":14,"date":"2022-09-09T01:08:01","date_gmt":"2022-09-09T01:08:01","guid":{"rendered":"https:\/\/carreras.uleam.edu.ec\/facultad-ciencias-de-la-salud\/?page_id=14"},"modified":"2025-03-14T20:25:55","modified_gmt":"2025-03-14T20:25:55","slug":"carrera-de-medicina","status":"publish","type":"page","link":"https:\/\/carreras.uleam.edu.ec\/facultad-ciencias-de-la-salud\/carrera-de-medicina\/","title":{"rendered":"Carrera de Medicina"},"content":{"rendered":"\t\t<div data-elementor-type=\"wp-page\" data-elementor-id=\"14\" class=\"elementor elementor-14\" data-elementor-settings=\"[]\">\n\t\t\t\t\t\t\t<div class=\"elementor-section-wrap\">\n\t\t\t\t\t\t\t<section class=\"elementor-section elementor-top-section elementor-element elementor-element-bcffb34 elementor-section-boxed elementor-section-height-default elementor-section-height-default\" data-id=\"bcffb34\" data-element_type=\"section\">\n\t\t\t\t\t\t<div class=\"elementor-container elementor-column-gap-default\">\n\t\t\t\t\t<div class=\"elementor-column elementor-col-100 elementor-top-column elementor-element elementor-element-20b83e0\" data-id=\"20b83e0\" data-element_type=\"column\">\n\t\t\t<div class=\"elementor-widget-wrap elementor-element-populated\">\n\t\t\t\t\t\t\t\t<div class=\"elementor-element elementor-element-ba1aac4 elementor-tabs-view-horizontal elementor-widget elementor-widget-tabs\" data-id=\"ba1aac4\" data-element_type=\"widget\" data-widget_type=\"tabs.default\">\n\t\t\t\t<div class=\"elementor-widget-container\">\n\t\t\t\t\t<div class=\"elementor-tabs\">\n\t\t\t<div class=\"elementor-tabs-wrapper\" role=\"tablist\" >\n\t\t\t\t\t\t\t\t\t<div id=\"elementor-tab-title-1951\" class=\"elementor-tab-title elementor-tab-desktop-title\" aria-selected=\"true\" data-tab=\"1\" role=\"tab\" tabindex=\"0\" aria-controls=\"elementor-tab-content-1951\" aria-expanded=\"false\">Bienvenidos<\/div>\n\t\t\t\t\t\t\t\t\t<div id=\"elementor-tab-title-1952\" class=\"elementor-tab-title elementor-tab-desktop-title\" aria-selected=\"false\" data-tab=\"2\" role=\"tab\" tabindex=\"-1\" aria-controls=\"elementor-tab-content-1952\" aria-expanded=\"false\">Misi\u00f3n y Visi\u00f3n <\/div>\n\t\t\t\t\t\t\t\t\t<div id=\"elementor-tab-title-1953\" class=\"elementor-tab-title elementor-tab-desktop-title\" aria-selected=\"false\" data-tab=\"3\" role=\"tab\" tabindex=\"-1\" aria-controls=\"elementor-tab-content-1953\" aria-expanded=\"false\">Descripci\u00f3n General de la Carrera<\/div>\n\t\t\t\t\t\t\t\t\t<div id=\"elementor-tab-title-1954\" class=\"elementor-tab-title elementor-tab-desktop-title\" aria-selected=\"false\" data-tab=\"4\" role=\"tab\" tabindex=\"-1\" aria-controls=\"elementor-tab-content-1954\" aria-expanded=\"false\">Malla Curricular<\/div>\n\t\t\t\t\t\t\t\t\t<div id=\"elementor-tab-title-1955\" class=\"elementor-tab-title elementor-tab-desktop-title\" aria-selected=\"false\" data-tab=\"5\" role=\"tab\" tabindex=\"-1\" aria-controls=\"elementor-tab-content-1955\" aria-expanded=\"false\">Docentes<\/div>\n\t\t\t\t\t\t\t\t\t<div id=\"elementor-tab-title-1956\" class=\"elementor-tab-title elementor-tab-desktop-title\" aria-selected=\"false\" data-tab=\"6\" role=\"tab\" tabindex=\"-1\" aria-controls=\"elementor-tab-content-1956\" aria-expanded=\"false\">Datos Generales<\/div>\n\t\t\t\t\t\t\t\t\t<div id=\"elementor-tab-title-1957\" class=\"elementor-tab-title elementor-tab-desktop-title\" aria-selected=\"false\" data-tab=\"7\" role=\"tab\" tabindex=\"-1\" aria-controls=\"elementor-tab-content-1957\" aria-expanded=\"false\">Gesti\u00f3n y Proceso Estudiantil<\/div>\n\t\t\t\t\t\t\t<\/div>\n\t\t\t<div class=\"elementor-tabs-content-wrapper\" role=\"tablist\" aria-orientation=\"vertical\">\n\t\t\t\t\t\t\t\t\t<div class=\"elementor-tab-title elementor-tab-mobile-title\" aria-selected=\"true\" data-tab=\"1\" role=\"tab\" tabindex=\"0\" aria-controls=\"elementor-tab-content-1951\" aria-expanded=\"false\">Bienvenidos<\/div>\n\t\t\t\t\t<div id=\"elementor-tab-content-1951\" class=\"elementor-tab-content elementor-clearfix\" data-tab=\"1\" role=\"tabpanel\" aria-labelledby=\"elementor-tab-title-1951\" tabindex=\"0\" hidden=\"false\"><p><iframe loading=\"lazy\" title=\"MENSAJE A ESTUDIANTES DE LA CARRERA DE MEDICINA\" width=\"500\" height=\"281\" src=\"https:\/\/www.youtube.com\/embed\/VVX9f7fFtfM?feature=oembed\" frameborder=\"0\" allow=\"accelerometer; autoplay; clipboard-write; encrypted-media; gyroscope; picture-in-picture; web-share\" referrerpolicy=\"strict-origin-when-cross-origin\" allowfullscreen><\/iframe><\/p><\/div>\n\t\t\t\t\t\t\t\t\t<div class=\"elementor-tab-title elementor-tab-mobile-title\" aria-selected=\"false\" data-tab=\"2\" role=\"tab\" tabindex=\"-1\" aria-controls=\"elementor-tab-content-1952\" aria-expanded=\"false\">Misi\u00f3n y Visi\u00f3n <\/div>\n\t\t\t\t\t<div id=\"elementor-tab-content-1952\" class=\"elementor-tab-content elementor-clearfix\" data-tab=\"2\" role=\"tabpanel\" aria-labelledby=\"elementor-tab-title-1952\" tabindex=\"0\" hidden=\"hidden\"><p style=\"text-align: justify\">\u00a0MISI\u00d3N<\/p><p style=\"text-align: justify\">Formar profesionales competentes y emprendedores desde lo acad\u00e9mico, la investigaci\u00f3n y la vinculaci\u00f3n, que contribuyan a mejorar la calidad de vida de la sociedad.<\/p><p style=\"text-align: justify\">VISI\u00d3N<\/p><p style=\"text-align: justify\">Ser un referente nacional e internacional de Instituci\u00f3n de Educaci\u00f3n Superior que contribuye al desarrollo social, cultural y productivo con profesionales \u00e9ticos, creativos, cualificados y con sentido de pertinencia<\/p><\/div>\n\t\t\t\t\t\t\t\t\t<div class=\"elementor-tab-title elementor-tab-mobile-title\" aria-selected=\"false\" data-tab=\"3\" role=\"tab\" tabindex=\"-1\" aria-controls=\"elementor-tab-content-1953\" aria-expanded=\"false\">Descripci\u00f3n General de la Carrera<\/div>\n\t\t\t\t\t<div id=\"elementor-tab-content-1953\" class=\"elementor-tab-content elementor-clearfix\" data-tab=\"3\" role=\"tabpanel\" aria-labelledby=\"elementor-tab-title-1953\" tabindex=\"0\" hidden=\"hidden\"><p>Nombre de la Carrera:\u00a0 \u00a0 \u00a0 \u00a0 \u00a0 \u00a0 \u00a0 \u00a0 \u00a0 \u00a0 \u00a0 Medicina<\/p><p>T\u00edtulo que otorga:\u00a0 \u00a0 \u00a0 \u00a0 \u00a0 \u00a0 \u00a0 \u00a0 \u00a0 \u00a0 \u00a0 \u00a0 \u00a0 \u00a0 \u00a0 M\u00e9dico\/a General<\/p><p>Modalidad de aprendizaje:\u00a0 \u00a0 \u00a0 \u00a0 \u00a0 \u00a0 \u00a0 Presencial<\/p><p>N\u00famero de per\u00edodos ordinarios:\u00a0 \u00a0 10 PAO m\u00e1s 52 semanas de internado rotativo<\/p><p>Objetivo general:<\/p><ul><li>\u201cFormar profesionales que atiendan el proceso de salud caracterizado como el completo bienestar f\u00edsico, mental y social no s\u00f3lo la ausencia de enfermedad con acciones de promoci\u00f3n, prevenci\u00f3n, diagn\u00f3stico, rehabilitaci\u00f3n, tratamiento y cuidado paliativo al individuo y la comunidad, enfocadas en la Atenci\u00f3n Primaria de Salud Renovada, con una plena participaci\u00f3n y un esp\u00edritu de autorresponsabilidad y autodeterminaci\u00f3n para el desarrollo de la matriz de servicios del Estado.<\/li><\/ul><p>Perfil de ingreso:<\/p><p>El aspirante a esta carrera deber\u00e1 caracterizarse por tener:<\/p><ul><li>Pensar rigurosamente<\/li><li>Utilizar herramientas tecnol\u00f3gicas reflexiva y pragm\u00e1ticamente<\/li><li>Actuar como ciudadano responsable<\/li><li>Manejar sus emociones en la interrelaci\u00f3n social<\/li><li>Cuidar de su salud y bienestar personal<\/li><li>Aprender por el resto de su vida<\/li><\/ul><p>Estas habilidades se eval\u00faan a trav\u00e9s del Sistema Nacional de Nivelaci\u00f3n y Admisi\u00f3n en el examen integrado Ser Bachiller o el mecanismo que a futuro se considere para el proceso<\/p><p>Requisitos de ingreso:<\/p><ul><li>Poseer t\u00edtulo de bachiller o su equivalente debidamente reconocido por el Ministerio de Educaci\u00f3n.<\/li><li>Haber cumplido los requisitos normados por el Sistema Nacional de Nivelaci\u00f3n y Admisi\u00f3n, el mismo que observar\u00e1 los principios de igualdad de oportunidades, m\u00e9rito y capacidad.<\/li><li>Cumplir con la entrega de documentaci\u00f3n personal y habilitante en Secretaria General.<\/li><li>En casos especiales, certificados de reconocimiento y homologaci\u00f3n de estudios de otras IES de conformidad con el art\u00edculo 63 y 64 del Reglamento de R\u00e9gimen Acad\u00e9mico<\/li><\/ul><p>Requisitos de graduaci\u00f3n:<\/p><ul><li>Haber aprobado la malla curricular incluyendo las pr\u00e1cticas pre profesionales y vinculaci\u00f3n con la colectividad.<\/li><li>Haber aprobado una modalidad de titulaci\u00f3n dentro de lo establecido en el Reglamento de R\u00e9gimen Acad\u00e9mico.<\/li><li>Acreditar suficiencia en la competencia comunicativa en ingl\u00e9s a nivel B2 \u2013 MCER a trav\u00e9s de la preparaci\u00f3n brindada por el Centro de Idiomas ULEAM para el examen de certificaci\u00f3n comunicativa otorgado por alguna certificadora reconocida<\/li><li>Modalidades de titulaci\u00f3n:<\/li><li>Examen de grado o de fin de carrera<\/li><li>Proyectos de investigaci\u00f3n<\/li><li>Sistematizaci\u00f3n de experiencias pr\u00e1cticas de investigaci\u00f3n y\/o intervenci\u00f3n<\/li><\/ul><p>Campo Ocupacional:<\/p><ul><li>En centros de Salud p\u00fablica o privada. Trabajando como parte del equipo, ya sea como m\u00e9dico general o especialista.<\/li><li>En dependencias de salud del pa\u00eds.<\/li><li>En el \u00e1rea m\u00e9dica de cualquier empresa.<\/li><li>En el campo de investigaci\u00f3n.<\/li><li>En ONGs.<\/li><li>En instituciones educativas.<\/li><\/ul><\/div>\n\t\t\t\t\t\t\t\t\t<div class=\"elementor-tab-title elementor-tab-mobile-title\" aria-selected=\"false\" data-tab=\"4\" role=\"tab\" tabindex=\"-1\" aria-controls=\"elementor-tab-content-1954\" aria-expanded=\"false\">Malla Curricular<\/div>\n\t\t\t\t\t<div id=\"elementor-tab-content-1954\" class=\"elementor-tab-content elementor-clearfix\" data-tab=\"4\" role=\"tabpanel\" aria-labelledby=\"elementor-tab-title-1954\" tabindex=\"0\" hidden=\"hidden\"><h4 style=\"text-align: center\"><a href=\"https:\/\/carreras.uleam.edu.ec\/facultad-ciencias-de-la-salud\/wp-content\/uploads\/sites\/71\/2023\/01\/New-Malla-Medicina-3-4.pdf\">Malla-Medicina<\/a><\/h4><\/div>\n\t\t\t\t\t\t\t\t\t<div class=\"elementor-tab-title elementor-tab-mobile-title\" aria-selected=\"false\" data-tab=\"5\" role=\"tab\" tabindex=\"-1\" aria-controls=\"elementor-tab-content-1955\" aria-expanded=\"false\">Docentes<\/div>\n\t\t\t\t\t<div id=\"elementor-tab-content-1955\" class=\"elementor-tab-content elementor-clearfix\" data-tab=\"5\" role=\"tabpanel\" aria-labelledby=\"elementor-tab-title-1955\" tabindex=\"0\" hidden=\"hidden\"><ul><li>DOCENTES TITULARES CARRERA DE MEDICINA<\/li><li>\u00a0<\/li><li>Dr. Jorge Enrique Alarc\u00f3n Avalos<\/li><li>Dr. Roberto Ernesto Alc\u00edvar Viteri\u00a0<\/li><li>Dr. Carlos An\u00edbal Almeida Cruz<\/li><li>Dr.\u00a0 Anghelo Patricio Andrade Castro<\/li><li>Dr. Flower Valdimir Arcentales Mero<\/li><li>Dra. Amelia Mar\u00eda Arteaga Mendoza<\/li><li>Carlos Xavier \u00c1vila Pachay, Mg<\/li><li>Ing. Edison Leonardo Barcia Carrillo, Mg<\/li><li>Dr. Gait\u00e1n Amador Barcia Guerrero<\/li><li>Dr. Carlos \u00c1ngel Bayas Barber\u00e1n<\/li><li>Dr. An\u00edbal Salvador Burgos Mac\u00edas<\/li><li>Dr. Oswaldo Campuzano Rivera<\/li><li>Dr. Manuel Alfredo Cede\u00f1o Delgado<\/li><li>Dr. Jos\u00e9 Leonardo Cede\u00f1o Torres<\/li><li>Dra. Mar\u00eda Annabell Cede\u00f1o Ugalde<\/li><li>Dra. Vanessa Monserrate Cede\u00f1o Zavalu<\/li><li>Dr. Ra\u00fal De Jes\u00fas Ch\u00e1vez Alc\u00edvar, PhD<\/li><li>Dr. Bienvenido Jimmy Chinga Sampedro<\/li><li>Dra. Mar\u00eda Del Carmen Delgado Delgado<\/li><li>Dr. Milton Rene Espinoza Lucas<\/li><li>Dra. Ver\u00f3nica Alexandra Franco Sol\u00f3rzano<\/li><li>Dr. Carlos Alberto Garc\u00eda Escovar<\/li><li>Dr. Segundo Alcides Garc\u00eda Muentes<\/li><li>Dr. Carlos Enrique Guerrero P\u00edn<\/li><li>Dr. Jhonny Xavier Loor Marqu\u00ednez<\/li><li>Dr. Ernesto Washington L\u00f3pez Cisneros<\/li><li>Dra. Vanessa Mar\u00eda Luzardo Palacios<\/li><li>Dr. Oscar Ori\u00f3n Mac\u00edas Cede\u00f1o<\/li><li>Dr. Carlos Alberto Mendieta Villalba<\/li><li>Dra. Mar\u00eda Cecibel Mendoza Briones<\/li><li>Lcda. Jacqueline Narciza Mera Chica, Mg<\/li><li>Dr. Carlos Eduardo Morales Villavicencio, PhD<\/li><li>Dr. L\u00e1zaro Rene Moreira Mieles<\/li><li>Lcda. Ruth Ydalinda Moreira Vinces, Mg<\/li><li>Dr. Ra\u00fal Homero Murillo Parrales<\/li><li>Lcda. Roc\u00edo Germania Parra Saltos, Mg<\/li><li>Dr. Jos\u00e9 Miguel P\u00e1rraga Mac\u00edas<\/li><li>Dr. Richard Wilfrido Pinargote Rodr\u00edguez<\/li><li>Dra. Miriam Jessica Ponce Mera<\/li><li>Dr. Erick Renan Ponce Oca\u00f1a<\/li><li>Dr. Richard Gonzalo Rezabala Valdiviezo<\/li><li>Dr. Gonzalo Anastacio Rodriguez R\u00edos<\/li><li>Dra. Diana Elizabeth Romero Hualca<\/li><li>Dr. Jorge Antonio\u00a0 S\u00e1nchez Delgado<\/li><li>Dra. Johanna Mabel S\u00e1nchez Rodr\u00edguez<\/li><li>Dr. Hugo Edison Toala L\u00f3pez<\/li><li>Dra. Paula Andrea V\u00e1squez Jaramillo<\/li><li>Dr. Nery Javier Velastegui L\u00f3pez<\/li><li>Dr. Germ\u00e1n Arturo V\u00e9lez Saenz<\/li><li>Dr. Nakin Alberto Veliz Mero<\/li><li>Dra. Miriam Fabiola Villacis Choez<\/li><li>Dra. Esperanza Vinueza Lescano\u00a0<\/li><li>Dr. Fabi\u00e1n Ramiro Zambrano Loor<\/li><li>Dr. M\u00f3nica Mar\u00eda Zambrano Rivera<\/li><li>Dra. Isabel Emperatriz Zamora Intriago<\/li><\/ul><hr \/><ul><li>\u00a0<\/li><li>DOCENTES DE CONTRATO CARRERA DE MEDICINA<\/li><li>Dr. Marcos Agust\u00edn Acu\u00f1a Espinoza<\/li><li>Dr. Cesar Iv\u00e1n \u00c1lava \u00c1lava<\/li><li>Dr. Julio Javier Alc\u00edvar Zambrano<\/li><li>Dr. Jorge Fernando Alvarado Crespo<\/li><li>Dr. Johan Henry \u00c1lvarez Rivera<\/li><li>Dra. Paola Ceciliana A\u00f1azco Moreira<\/li><li>Dr. Leonardo Santiago Arcos Camacho<\/li><li>Dr. Jos\u00e9 Alberto Bail\u00f3n Mieles<\/li><li>Dra. Carolina del Roc\u00edo Bello Vinueza<\/li><li>Dra. Diana Maribel Bravo Saquicela<\/li><li>Dra. Rita Paola Briones Alc\u00edvar<\/li><li>Dra. Mar\u00eda Cristina Cantos Laffertty<\/li><li>Dra. Mar\u00eda Cecilia Carre\u00f1o Vera<\/li><li>Lcda. Ilya Isadora Casanova Romero, PhD<\/li><li>Dr. V\u00edctor Jacob Cevallos Moreira<\/li><li>Dra. Digna Tulmira Ch\u00e1vez Toro<\/li><li>Dr. Wilmer Chica Hern\u00e1ndez<\/li><li>Dra. Paola Lisseth Cuesta Mero<\/li><li>Dra. Mercedes Jacqueline Delgado Carrillo<\/li><li>Dr. Eddy Jos\u00e9 Delgado Cede\u00f1o<\/li><li>Dr. Roberto Enrique Delgado Mendoza<\/li><li>Dr. Alirio Enrique Diago Guti\u00e9rrez<\/li><li>Dra. Ruth Mar\u00eda Echeverr\u00eda Mac\u00edas<\/li><li>Dra. Shirley Janine Espinal Rivera<\/li><li>Dra. Carmen Aracely Frank Paladines<\/li><li>Dra. Mar\u00eda Gabriela Garc\u00eda \u00c1vila<\/li><li>Dra. Zully Alexandra Garc\u00eda Villacis<\/li><li>Dra. M\u00f3nica Yanneth Guerrero Madro\u00f1ero<\/li><li>Dr. V\u00edctor Eduardo Heredia Burbano<\/li><li>Dra. Jessica Katherine Intriago Mej\u00eda<\/li><li>Dra. Mar\u00eda De Los \u00c1ngeles Loor Zambrano<\/li><li>Dr. Jos\u00e9 Xavier L\u00f3pez Parrales<\/li><li>Dr. Yaris Jacinto L\u00f3pez Zambrano<\/li><li>Dr. Yuri Medrano Plana<\/li><li>Dr. Joel Montalvo Mendoza<\/li><li>Dr. Luis Alfredo Morales Garc\u00eda<\/li><li>Dr. Juan Javier Moreira Cevallos<\/li><li>Dr. Danilo Navarrete Sornoza<\/li><li>Dr. Manuel Alejandro Navas Ortega<\/li><li>Dr. Walther Zhukov Paz Y Mi\u00f1o Intriago<\/li><li>Dra. Sandra Lorena Pazmi\u00f1o \u00c1lava<\/li><li>Dr. Freddy Omar Pin Pivaque<\/li><li>Dra. Viviana Jacqueline Pino Villamil<\/li><li>Dr. German Mauricio Puente Cevallos<\/li><li>Dra. Diana Vanessa Quijije Valencia<\/li><li>Dr. H\u00e9ctor Paul Quintero Monta\u00f1o<\/li><li>Dra. Mayra Jacqueline Ram\u00edrez Bazurto<\/li><li>Dr. Ramos Freile Cesar Eduardo<\/li><li>Dra. Clelia Celeste Ricaurte Jij\u00f3n<\/li><li>Dra. Vanessa Elizabeth Roca Lino<\/li><li>Dr. Leopoldo Rodriguez Mac\u00edas\u00a0<\/li><li>Dra. Sirced Salazar Rodr\u00edguez<\/li><li>Dr. Roddy Jos\u00e9 Saltos Garc\u00eda<\/li><li>Dra. Violeta Cecilia Tinoco S\u00e1nchez<\/li><li>Dra. Erika Alexandra V\u00e9lez Garc\u00eda<\/li><li>Dr. Fabricio Javier Vera \u00c1lava<\/li><li>Dra. Laura Johanna Villavicencio Cede\u00f1o<\/li><li>Dr. Isauro Joel Vinces Sabando<\/li><li>Dra. Eva Margorth Vizuete Ar\u00e9valo<\/li><li>Dr. Zambrano Quevedo Jos\u00e9 Gregorio<\/li><\/ul><\/div>\n\t\t\t\t\t\t\t\t\t<div class=\"elementor-tab-title elementor-tab-mobile-title\" aria-selected=\"false\" data-tab=\"6\" role=\"tab\" tabindex=\"-1\" aria-controls=\"elementor-tab-content-1956\" aria-expanded=\"false\">Datos Generales<\/div>\n\t\t\t\t\t<div id=\"elementor-tab-content-1956\" class=\"elementor-tab-content elementor-clearfix\" data-tab=\"6\" role=\"tabpanel\" aria-labelledby=\"elementor-tab-title-1956\" tabindex=\"0\" hidden=\"hidden\"><ul><li style=\"text-align: center\">Dra. M\u00f3nica Zambrano Rivera<\/li><li style=\"text-align: center\">DIRECTORA DE CARRERA<\/li><li style=\"text-align: center\"><p><a href=\"mailto:monica.zambrano@uleam.edu.ec\">monica.zambrano@uleam.edu.ec\u00a0<\/a><\/p><hr \/><\/li><li style=\"text-align: center\">Lcda. Lurien Santana Burgos<\/li><li style=\"text-align: center\">Secretaria<\/li><li style=\"text-align: center\"><a href=\"mailto:lurien.santana@uleam.edu.ec\">lurien.santana@uleam.edu.ec<\/a><\/li><\/ul><hr \/><ul><li style=\"text-align: center\">HORARIO DE ATENCI\u00d3N:<\/li><li style=\"text-align: center\">Lunes a viernes: 8am a 13 pm\u00a0 y de 14 pm a 17pm<\/li><\/ul><\/div>\n\t\t\t\t\t\t\t\t\t<div class=\"elementor-tab-title elementor-tab-mobile-title\" aria-selected=\"false\" data-tab=\"7\" role=\"tab\" tabindex=\"-1\" aria-controls=\"elementor-tab-content-1957\" aria-expanded=\"false\">Gesti\u00f3n y Proceso Estudiantil<\/div>\n\t\t\t\t\t<div id=\"elementor-tab-content-1957\" class=\"elementor-tab-content elementor-clearfix\" data-tab=\"7\" role=\"tabpanel\" aria-labelledby=\"elementor-tab-title-1957\" tabindex=\"0\" hidden=\"hidden\"><ul><li><strong>\u21d2\u00a0<a href=\"https:\/\/carreras.uleam.edu.ec\/facultad-ciencias-de-la-salud\/wp-content\/uploads\/sites\/71\/2025\/03\/PRACTICAS-CARRERA-DE-MEDICINA-2025-1.pdf\" target=\"_blank\" rel=\"noopener\">Pr\u00e1cticas Pre-profesionales 2025 &#8211; 1<\/a><\/strong><\/li><li><strong>\u21d2 <a href=\"https:\/\/departamentos.uleam.edu.ec\/gestion-aseguramiento-calidad\/2019\/04\/08\/matricula\/\">Matr\u00edcula<\/a><\/strong><\/li><li><strong>\u21d2 <a href=\"https:\/\/departamentos.uleam.edu.ec\/gestion-aseguramiento-calidad\/reingreso-de-estudiantes\/\">Reingreso de estudiantes<\/a><\/strong><\/li><li><strong>\u21d2 <a href=\"https:\/\/departamentos.uleam.edu.ec\/gestion-aseguramiento-calidad\/homologacion-de-estudios-por-analisis-comparativo-de-contenidos\/\">Homologaci\u00f3n de Estudios por An\u00e1lisis Comparativo de Contenidos<\/a><\/strong><\/li><\/ul><\/div>\n\t\t\t\t\t\t\t<\/div>\n\t\t<\/div>\n\t\t\t\t<\/div>\n\t\t\t\t<\/div>\n\t\t\t\t\t<\/div>\n\t\t<\/div>\n\t\t\t\t\t\t\t<\/div>\n\t\t<\/section>\n\t\t\t\t\t\t<\/div>\n\t\t\t\t\t<\/div>\n\t\t","protected":false},"excerpt":{"rendered":"<p>Bienvenidos Misi\u00f3n y Visi\u00f3n Descripci\u00f3n General de la Carrera Malla Curricular Docentes Datos Generales Gesti\u00f3n y Proceso Estudiantil Bienvenidos Misi\u00f3n y Visi\u00f3n \u00a0MISI\u00d3N Formar profesionales competentes y emprendedores desde lo acad\u00e9mico, la investigaci\u00f3n y la vinculaci\u00f3n, que contribuyan a mejorar [&hellip;]<\/p>\n","protected":false},"author":7,"featured_media":0,"parent":0,"menu_order":0,"comment_status":"closed","ping_status":"closed","template":"","meta":{"_acf_changed":false,"footnotes":""},"class_list":["post-14","page","type-page","status-publish","hentry"],"acf":[],"_links":{"self":[{"href":"https:\/\/carreras.uleam.edu.ec\/facultad-ciencias-de-la-salud\/wp-json\/wp\/v2\/pages\/14","targetHints":{"allow":["GET"]}}],"collection":[{"href":"https:\/\/carreras.uleam.edu.ec\/facultad-ciencias-de-la-salud\/wp-json\/wp\/v2\/pages"}],"about":[{"href":"https:\/\/carreras.uleam.edu.ec\/facultad-ciencias-de-la-salud\/wp-json\/wp\/v2\/types\/page"}],"author":[{"embeddable":true,"href":"https:\/\/carreras.uleam.edu.ec\/facultad-ciencias-de-la-salud\/wp-json\/wp\/v2\/users\/7"}],"replies":[{"embeddable":true,"href":"https:\/\/carreras.uleam.edu.ec\/facultad-ciencias-de-la-salud\/wp-json\/wp\/v2\/comments?post=14"}],"version-history":[{"count":71,"href":"https:\/\/carreras.uleam.edu.ec\/facultad-ciencias-de-la-salud\/wp-json\/wp\/v2\/pages\/14\/revisions"}],"predecessor-version":[{"id":779,"href":"https:\/\/carreras.uleam.edu.ec\/facultad-ciencias-de-la-salud\/wp-json\/wp\/v2\/pages\/14\/revisions\/779"}],"wp:attachment":[{"href":"https:\/\/carreras.uleam.edu.ec\/facultad-ciencias-de-la-salud\/wp-json\/wp\/v2\/media?parent=14"}],"curies":[{"name":"wp","href":"https:\/\/api.w.org\/{rel}","templated":true}]}}