{"id":15,"date":"2022-09-09T01:09:12","date_gmt":"2022-09-09T01:09:12","guid":{"rendered":"https:\/\/carreras.uleam.edu.ec\/facultad-ciencias-de-la-salud\/?page_id=15"},"modified":"2025-03-14T20:30:56","modified_gmt":"2025-03-14T20:30:56","slug":"carrera-de-odontologia","status":"publish","type":"page","link":"https:\/\/carreras.uleam.edu.ec\/facultad-ciencias-de-la-salud\/carrera-de-odontologia\/","title":{"rendered":"Carrera de Odontolog\u00eda"},"content":{"rendered":"\t\t<div data-elementor-type=\"wp-page\" data-elementor-id=\"15\" class=\"elementor elementor-15\" data-elementor-settings=\"[]\">\n\t\t\t\t\t\t\t<div class=\"elementor-section-wrap\">\n\t\t\t\t\t\t\t<section class=\"elementor-section elementor-top-section elementor-element elementor-element-b7c87d9 elementor-section-boxed elementor-section-height-default elementor-section-height-default\" data-id=\"b7c87d9\" data-element_type=\"section\">\n\t\t\t\t\t\t<div class=\"elementor-container elementor-column-gap-default\">\n\t\t\t\t\t<div class=\"elementor-column elementor-col-100 elementor-top-column elementor-element elementor-element-e6c51a8\" data-id=\"e6c51a8\" data-element_type=\"column\">\n\t\t\t<div class=\"elementor-widget-wrap elementor-element-populated\">\n\t\t\t\t\t\t\t\t<div class=\"elementor-element elementor-element-485b683 elementor-tabs-view-horizontal elementor-widget elementor-widget-tabs\" data-id=\"485b683\" data-element_type=\"widget\" data-widget_type=\"tabs.default\">\n\t\t\t\t<div class=\"elementor-widget-container\">\n\t\t\t\t\t<div class=\"elementor-tabs\">\n\t\t\t<div class=\"elementor-tabs-wrapper\" role=\"tablist\" >\n\t\t\t\t\t\t\t\t\t<div id=\"elementor-tab-title-7581\" class=\"elementor-tab-title elementor-tab-desktop-title\" aria-selected=\"true\" data-tab=\"1\" role=\"tab\" tabindex=\"0\" aria-controls=\"elementor-tab-content-7581\" aria-expanded=\"false\">Misi\u00f3n y Visi\u00f3n<\/div>\n\t\t\t\t\t\t\t\t\t<div id=\"elementor-tab-title-7582\" class=\"elementor-tab-title elementor-tab-desktop-title\" aria-selected=\"false\" data-tab=\"2\" role=\"tab\" tabindex=\"-1\" aria-controls=\"elementor-tab-content-7582\" aria-expanded=\"false\">Descripci\u00f3n General de la Carrera<\/div>\n\t\t\t\t\t\t\t\t\t<div id=\"elementor-tab-title-7583\" class=\"elementor-tab-title elementor-tab-desktop-title\" aria-selected=\"false\" data-tab=\"3\" role=\"tab\" tabindex=\"-1\" aria-controls=\"elementor-tab-content-7583\" aria-expanded=\"false\">Malla Curricular<\/div>\n\t\t\t\t\t\t\t\t\t<div id=\"elementor-tab-title-7584\" class=\"elementor-tab-title elementor-tab-desktop-title\" aria-selected=\"false\" data-tab=\"4\" role=\"tab\" tabindex=\"-1\" aria-controls=\"elementor-tab-content-7584\" aria-expanded=\"false\">Docente<\/div>\n\t\t\t\t\t\t\t\t\t<div id=\"elementor-tab-title-7585\" class=\"elementor-tab-title elementor-tab-desktop-title\" aria-selected=\"false\" data-tab=\"5\" role=\"tab\" tabindex=\"-1\" aria-controls=\"elementor-tab-content-7585\" aria-expanded=\"false\">Datos Generales<\/div>\n\t\t\t\t\t\t\t\t\t<div id=\"elementor-tab-title-7586\" class=\"elementor-tab-title elementor-tab-desktop-title\" aria-selected=\"false\" data-tab=\"6\" role=\"tab\" tabindex=\"-1\" aria-controls=\"elementor-tab-content-7586\" aria-expanded=\"false\">Gesti\u00f3n y Proceso Estudiantil<\/div>\n\t\t\t\t\t\t\t<\/div>\n\t\t\t<div class=\"elementor-tabs-content-wrapper\" role=\"tablist\" aria-orientation=\"vertical\">\n\t\t\t\t\t\t\t\t\t<div class=\"elementor-tab-title elementor-tab-mobile-title\" aria-selected=\"true\" data-tab=\"1\" role=\"tab\" tabindex=\"0\" aria-controls=\"elementor-tab-content-7581\" aria-expanded=\"false\">Misi\u00f3n y Visi\u00f3n<\/div>\n\t\t\t\t\t<div id=\"elementor-tab-content-7581\" class=\"elementor-tab-content elementor-clearfix\" data-tab=\"1\" role=\"tabpanel\" aria-labelledby=\"elementor-tab-title-7581\" tabindex=\"0\" hidden=\"false\"><p style=\"text-align: justify\">VISI\u00d3N:<\/p><p style=\"text-align: justify\">Ser una carrera l\u00edder en la formaci\u00f3n de profesionales odont\u00f3logos con excelencia acad\u00e9mica, desarrollo integral, laica y pluralista, con procesos de transici\u00f3n de sus estudiantes, desde el \u00e1mbito acad\u00e9mico al mundo competitivo.<\/p><p style=\"text-align: justify\">MISI\u00d3N:<\/p><p style=\"text-align: justify\">Formar profesionales odont\u00f3logos competitivos y de calidad, dentro del proceso de integraci\u00f3n, acad\u00e9mico profesional, con vinculaci\u00f3n social, cient\u00edfica, t\u00e9cnica e investigativa en beneficio de la salud bucodental de la poblaci\u00f3n manabita y ecuatoriana.<\/p><\/div>\n\t\t\t\t\t\t\t\t\t<div class=\"elementor-tab-title elementor-tab-mobile-title\" aria-selected=\"false\" data-tab=\"2\" role=\"tab\" tabindex=\"-1\" aria-controls=\"elementor-tab-content-7582\" aria-expanded=\"false\">Descripci\u00f3n General de la Carrera<\/div>\n\t\t\t\t\t<div id=\"elementor-tab-content-7582\" class=\"elementor-tab-content elementor-clearfix\" data-tab=\"2\" role=\"tabpanel\" aria-labelledby=\"elementor-tab-title-7582\" tabindex=\"0\" hidden=\"hidden\"><p style=\"text-align: justify\">Carrera: Odontolog\u00eda<\/p><p style=\"text-align: justify\">T\u00edtulo que otorga: Odont\u00f3logo (a)<\/p><p style=\"text-align: justify\">Modalidad de aprendizaje: Presencial<\/p><p style=\"text-align: justify\">Numero de periodos ordinarios: 10<\/p><p style=\"text-align: justify\">OBJETIVO GENERAL<\/p><p style=\"text-align: justify\">Formar odont\u00f3logos con enfoque bio\u00e9tico y humanista, capaces de realizar\u00a0diagn\u00f3sticos y tratamiento, individual y colectivo, tanto preventivo como curativo y rehabilitador considerando las caracter\u00edsticas del sistema estomatogn\u00e1tico y las alteraciones producidas en su estructura anat\u00f3mica funcional, patolog\u00edas bucales y los medios cl\u00ednicos y quir\u00fargicos para intervenirlas en los niveles primario y secundario de salud.<\/p><p style=\"text-align: justify\">OBJETIVOS ESPEC\u00cdFICOS:<\/p><table><tbody><tr><td width=\"267\"><p>Vinculados<\/p><\/td><td width=\"413\"><p>Descripci\u00f3n<\/p><\/td><\/tr><tr><td width=\"267\"><p>Al conocimiento y los saberes<\/p><\/td><td width=\"413\"><p style=\"text-align: justify\">Consolidar las bases cient\u00edficas, epistemol\u00f3gicas y human\u00edsticas de la odontolog\u00eda a nivel primario y secundario para resolver problemas relacionados con las alteraciones y afecciones del sistema estomatogn\u00e1tico.<\/p><\/td><\/tr><tr><td style=\"text-align: justify\" width=\"267\"><p>A la pertinencia<\/p><\/td><td width=\"413\"><p style=\"text-align: justify\">Participar en la reducci\u00f3n de alteraciones de la salud bucal y las consecuencias en el desarrollo normal del sujeto, desarrollando procesos de atenci\u00f3n odontol\u00f3gica integral en la poblaci\u00f3n, para mejorar la calidad de vida.<\/p><\/td><\/tr><tr><td width=\"267\"><p>A los aprendizajes<\/p><\/td><td width=\"413\"><p style=\"text-align: justify\">Desarrollar capacidades quir\u00fargicas y no quir\u00fargicas para la prevenci\u00f3n, diagn\u00f3stico y tratamiento de las alteraciones y patolog\u00edas del sistema estomatogn\u00e1tico a nivel primario y secundario de salud con principios de calidad, bio\u00e9tica y humanismo.<\/p><\/td><\/tr><tr><td width=\"267\"><p>A la ciudadan\u00eda integral<\/p><\/td><td width=\"413\"><p style=\"text-align: justify\">Consolidar desde la visi\u00f3n laica de la universidad, la formaci\u00f3n de profesionales con elevados est\u00e1ndares de salud social, y enfoque \u00e9tico e inclusivo, socialmente comprometido, que permitan identificar e intervenir en la soluci\u00f3n de problemas de salud de la comunidad y el pa\u00eds<\/p><\/td><\/tr><\/tbody><\/table><p style=\"text-align: justify\">PERFIL DE INGRESO DE LA CARRERA:<\/p><p>El estudiante aspirante a la carrera de Odontolog\u00eda en la Universidad Laica Eloy Alfaro de Manab\u00ed, deber\u00e1 demostrar por medio de los mecanismos propuestos en el SNNA las siguientes caracter\u00edsticas:<\/p><p style=\"padding-left: 40px\">\u2022 Pensar rigurosamente<br \/>\u2022 Utilizar herramientas tecnol\u00f3gicas reflexiva y pragm\u00e1ticamente<br \/>\u2022 Actuar como ciudadano responsable<br \/>\u2022 Manejar sus emociones en la interrelaci\u00f3n social<br \/>\u2022 Cuidar de su salud y bienestar personal<br \/>\u2022 Aprender por el resto de su vida<\/p><p>REQUISITOS DE INGRESO<\/p><ul><li>Poseer t\u00edtulo de bachiller o su equivalente debidamente reconocido por el Ministerio de Educaci\u00f3n<br \/>Haber cumplido los requisitos normados por el Sistema de Nivelaci\u00f3n y Admisi\u00f3n, el mismo que observar\u00e1 los principios de igualdad de oportunidades, m\u00e9rito y capacidad<br \/>Cumplir con la entrega de documentaci\u00f3n personal y habilitante en Secretar\u00eda General<br \/>En casos especiales, certificados de reconocimiento y homologaci\u00f3n de estudios de otras IES de conformidad con el Art\u00edculo 63 y 64 del Reglamento de R\u00e9gimen Acad\u00e9mico<\/li><\/ul><p style=\"text-align: justify\">Perfil de Egreso<\/p><p style=\"text-align: justify\">Estudios realizados previos al Perfil de Egreso.<\/p><p style=\"text-align: justify\">\u00bfQu\u00e9 resultados o logros de los aprendizajes posibilitar\u00e1n el desarrollo de las capacidades y actitudes de los futuros profesionales para consolidar sus valores referentes a la pertinencia, la bio-conciencia, la participaci\u00f3n responsable, la honestidad, y otros?<\/p><ul style=\"text-align: justify\"><li>Demuestra actitudes humanistas propositivas frente a las necesidades del paciente, de la comunidad y su entorno social.<\/li><li>Desarrolla condiciones biopsicosociales para la convivencia con su contexto personal y laboral.<\/li><li>Identifica la conducta y comportamiento de los pacientes frente a un tratamiento odontol\u00f3gico.<\/li><li>Capaz de trabajar en forma individual y en equipo.<\/li><li>Desarrollo de valores, actitudes y cualidades para el Buen Vivir, que promuevan la \u00e9tica, el pensamiento laico y la responsabilidad ciudadana en la trayectoria profesional.<\/li><li>Demuestra capacidades de autoformaci\u00f3n y autorregulaci\u00f3n favoreciendo su formaci\u00f3n integral continua.<\/li><\/ul><p style=\"text-align: justify\">\u00bfQu\u00e9 resultados o logros de los aprendizajes relacionados con el dominio de teor\u00edas, sistemas conceptuales, m\u00e9todos y lenguajes de integraci\u00f3n del conocimiento, la profesi\u00f3n y la investigaci\u00f3n desarrollar\u00e1 el futuro profesional?<\/p><ul style=\"text-align: justify\"><li>Demuestra una s\u00f3lida formaci\u00f3n cient\u00edfica, \u00e9tica y humanista con plena conciencia de las necesidades de perfeccionamiento permanente y ejercer la profesi\u00f3n con responsabilidad humana y social.<\/li><li>Identifica las estructuras anat\u00f3micas dentarias en su composici\u00f3n, forma y funcionamiento, como base para la aplicaci\u00f3n de los diferentes procedimientos odontol\u00f3gicos.<\/li><li>Identifica problemas buco-maxilo faciales de menor y mediana complejidad.<\/li><li>Soluciona mediante un acertado diagn\u00f3stico, un plan de tratamiento ejecutando t\u00e9cnicas adecuadas que se basan en conocimiento de n\u00facleos b\u00e1sicos y especializantes generando alternativas de tratamiento en la pr\u00e1ctica profesional.<\/li><\/ul><p style=\"text-align: justify\">\u00bfQu\u00e9 resultados o logros de los aprendizajes relativos a las capacidades cognitivas y competencias gen\u00e9ricas son necesarios para el futuro ejercicio profesional?<\/p><ul><li>Organiza y gestiona comunidades de aprendizaje: inclusivas y colaborativas, pertinentes con su contexto, que generen oportunidades para la construcci\u00f3n de ambientes de aprendizaje interculturales y democr\u00e1ticos.<\/li><li>Expresarse oral, escrita y digitalmente de manera correcta.<\/li><li>Desarrollas proyectos de investigaci\u00f3n, en el \u00e1mbito de su competencia, para la identificaci\u00f3n, diagn\u00f3stico y\/o soluci\u00f3n de problemas.<\/li><li>Utiliza recursos TIC para ampliar las fuentes de informaci\u00f3n e interacciones en la generaci\u00f3n de ambientes de aprendizajes abiertos, democr\u00e1ticos, interculturales e inclusivos<\/li><li>Capacidad de resolver problemas aplicando estrategias asertivas en el \u00e1mbito de su profesi\u00f3n.<\/li><li>Ecol\u00f3gicamente responsable con el entorno.<\/li><\/ul><p style=\"text-align: justify\">\u00bfQu\u00e9 resultados o logros de los aprendizajes que se relacionan con el manejo de modelos, protocolos, procesos y procedimientos profesionales e investigativos son necesarios para el desempe\u00f1o del futuro profesional?<\/p><ul><li style=\"text-align: justify\">Maneja t\u00e9cnicas quir\u00fargicas y operatorias en los diferentes procedimientos odontol\u00f3gicos de diagn\u00f3sticos presuntivos.<\/li><li style=\"text-align: justify\">Trata enfermedades buco -dentales utilizando biomateriales de acuerdo a la complejidad del caso.<\/li><li style=\"text-align: justify\">Dise\u00f1a, confecciona y adapta los diferentes tipos de aparatolog\u00eda prot\u00e9sica dental de acuerdo al tipo de requerimiento de pacientes.<\/li><li style=\"text-align: justify\">Deriva casos especiales Medico \u2013 Odont\u00f3logo.<\/li><li style=\"text-align: justify\">Posee competencias para solucionar afecciones odontol\u00f3gicas.<\/li><li style=\"text-align: justify\">Educa y prevenir y diagnosticar enfermedades buco dental.<\/li><li style=\"text-align: justify\">Maneja emergencias odontol\u00f3gicas.<\/li><\/ul><\/div>\n\t\t\t\t\t\t\t\t\t<div class=\"elementor-tab-title elementor-tab-mobile-title\" aria-selected=\"false\" data-tab=\"3\" role=\"tab\" tabindex=\"-1\" aria-controls=\"elementor-tab-content-7583\" aria-expanded=\"false\">Malla Curricular<\/div>\n\t\t\t\t\t<div id=\"elementor-tab-content-7583\" class=\"elementor-tab-content elementor-clearfix\" data-tab=\"3\" role=\"tabpanel\" aria-labelledby=\"elementor-tab-title-7583\" tabindex=\"0\" hidden=\"hidden\"><ul><li><a href=\"https:\/\/carreras.uleam.edu.ec\/facultad-ciencias-de-la-salud\/wp-content\/uploads\/sites\/71\/2023\/01\/Odontologi\u0301a-2022-Ajuste-Curricular-Asignaturas-Institucionales-Nuevo.pdf\">Malla carrera Odontolog\u00eda 2022-Ajuste Curricular Asignaturas Institucionales Nuevo<\/a><\/li><li>\u00a0<\/li><li><a href=\"https:\/\/carreras.uleam.edu.ec\/facultad-ciencias-de-la-salud\/wp-content\/uploads\/sites\/71\/2024\/01\/MALLA-ODONTOLOGI\u0301A-2024-NS.pdf\">MALLA ODONTOLOG\u00cdA 2024 &#8211; NS<\/a><\/li><\/ul><\/div>\n\t\t\t\t\t\t\t\t\t<div class=\"elementor-tab-title elementor-tab-mobile-title\" aria-selected=\"false\" data-tab=\"4\" role=\"tab\" tabindex=\"-1\" aria-controls=\"elementor-tab-content-7584\" aria-expanded=\"false\">Docente<\/div>\n\t\t\t\t\t<div id=\"elementor-tab-content-7584\" class=\"elementor-tab-content elementor-clearfix\" data-tab=\"4\" role=\"tabpanel\" aria-labelledby=\"elementor-tab-title-7584\" tabindex=\"0\" hidden=\"hidden\"><p>DOCENTES A TIEMPO COMPLETO<\/p><ul><li>Od. Andrade Vera Freya Mar\u00eda, Esp.<\/li><li>Dra. Arteaga Espinoza Shirley Ximena, PhD.<\/li><li>Dr. Carrasco Sierra Miguel, Mg.<\/li><li>Dr. Chusino Alarc\u00f3n Eric Dionisio, PhD.<\/li><li>Od. Espinoza Arias Carmen, Esp.<\/li><li>Od. Holgu\u00edn Garc\u00eda Sol Gabriela, Esp.<\/li><li>Dr. Jimbo Mendoza Julio Cesar, PhD.<\/li><li>Od. Mendoza Castro Alba Mar\u00eda, PhD.<\/li><li>Od. Pacaji Ruiz Paola Rosana, Esp.<\/li><li>Dra. Restrepo Escudero Mar\u00eda Teresa, Mg.<\/li><li>Dra. Sandoval Pedauga Sandra, Esp.<\/li><li>Od. Sierra Zambrano Juan Manuel, Esp.<\/li><\/ul><p>T\u00c9CNICOS DOCENTES<\/p><ul><li>Od. Cede\u00f1o Barreto Mar\u00eda Elisa, Mg.<\/li><li>Od. Franco Quiroz Karolyne Patricia, Esp.<\/li><li>Od. Molina Pinargote Marcy<\/li><\/ul><\/div>\n\t\t\t\t\t\t\t\t\t<div class=\"elementor-tab-title elementor-tab-mobile-title\" aria-selected=\"false\" data-tab=\"5\" role=\"tab\" tabindex=\"-1\" aria-controls=\"elementor-tab-content-7585\" aria-expanded=\"false\">Datos Generales<\/div>\n\t\t\t\t\t<div id=\"elementor-tab-content-7585\" class=\"elementor-tab-content elementor-clearfix\" data-tab=\"5\" role=\"tabpanel\" aria-labelledby=\"elementor-tab-title-7585\" tabindex=\"0\" hidden=\"hidden\"><ul><li style=\"text-align: center\">Od. Freya Mar\u00eda Andrade Vera, Esp.<\/li><li style=\"text-align: center\">DIRECTORA DE CARRERA<\/li><li style=\"text-align: center\"><a href=\"mailto:freya.andrade@uleam.edu.ec\">freya.andrade@uleam.edu.ec<\/a><\/li><\/ul><hr \/><ul><li style=\"text-align: center\">Lic. kerly Cede\u00f1o Mac\u00edas, Mgtr.<\/li><li style=\"text-align: center\">Secretaria de Carrera<\/li><li style=\"text-align: center\"><a href=\"mailto:kerly.cedeno@uleam.edu.ec\">kerly.cedeno@uleam.edu.ec<\/a><\/li><li style=\"text-align: center\">&#8212;&#8212;&#8212;&#8212;&#8212;<\/li><li style=\"text-align: center\">Sra. Andrea \u00c1lvarez Zambrano<\/li><li style=\"text-align: center\">Secretaria<\/li><li style=\"text-align: center\"><p><a href=\"mailto:yessica.alvarez@uleam.edu.ec\">yessica.alvarez@uleam.edu.ec<\/a><\/p><\/li><\/ul><hr \/><ul><li style=\"text-align: center\">HORARIO DE ATENCI\u00d3N:<\/li><li style=\"text-align: center\">DE 08:00 A 13:00 y 14:00 A 17:00\u00a0<\/li><li style=\"text-align: center\">Lunes \u2013 Viernes<br \/><hr \/><\/li><li style=\"text-align: center\">PERSONAL DE SERVICIOS VARIOS<\/li><li style=\"text-align: center\">Alejo Cipriano Toala Soledispa<\/li><li style=\"text-align: center\">Manuel Walter \u00c1vila Espinoza<\/li><li style=\"text-align: center\">Jos\u00e9 Humberto Mac\u00edas Arteaga<\/li><li style=\"text-align: center\">Alfredo Fernando Zambrano Bravo<\/li><\/ul><\/div>\n\t\t\t\t\t\t\t\t\t<div class=\"elementor-tab-title elementor-tab-mobile-title\" aria-selected=\"false\" data-tab=\"6\" role=\"tab\" tabindex=\"-1\" aria-controls=\"elementor-tab-content-7586\" aria-expanded=\"false\">Gesti\u00f3n y Proceso Estudiantil<\/div>\n\t\t\t\t\t<div id=\"elementor-tab-content-7586\" class=\"elementor-tab-content elementor-clearfix\" data-tab=\"6\" role=\"tabpanel\" aria-labelledby=\"elementor-tab-title-7586\" tabindex=\"0\" hidden=\"hidden\"><ul><li>\u21d2\u00a0<a href=\"https:\/\/carreras.uleam.edu.ec\/facultad-ciencias-de-la-salud\/wp-content\/uploads\/sites\/71\/2025\/03\/PLANIFICACION-PPP-2024-2_._.pdf\" target=\"_blank\" rel=\"noopener\">Pr\u00e1cticas Pre-profesionales<\/a><\/li><li>\u21d2 <a href=\"https:\/\/carreras.uleam.edu.ec\/facultad-ciencias-de-la-salud\/?page_id=434\" target=\"_blank\" rel=\"noopener\">Comisiones<\/a><\/li><li>\u21d2 <a href=\"https:\/\/departamentos.uleam.edu.ec\/gestion-aseguramiento-calidad\/2019\/04\/08\/matricula\/\">Matr\u00edcula<\/a><\/li><li>\u21d2 <a href=\"https:\/\/departamentos.uleam.edu.ec\/gestion-aseguramiento-calidad\/reingreso-de-estudiantes\/\">Reingreso de estudiantes<\/a><\/li><li>\u21d2 <a href=\"https:\/\/departamentos.uleam.edu.ec\/gestion-aseguramiento-calidad\/homologacion-de-estudios-por-analisis-comparativo-de-contenidos\/\">Homologaci\u00f3n de Estudios por An\u00e1lisis Comparativo de Contenidos<\/a><\/li><\/ul><\/div>\n\t\t\t\t\t\t\t<\/div>\n\t\t<\/div>\n\t\t\t\t<\/div>\n\t\t\t\t<\/div>\n\t\t\t\t\t<\/div>\n\t\t<\/div>\n\t\t\t\t\t\t\t<\/div>\n\t\t<\/section>\n\t\t\t\t\t\t<\/div>\n\t\t\t\t\t<\/div>\n\t\t","protected":false},"excerpt":{"rendered":"<p>Misi\u00f3n y Visi\u00f3n Descripci\u00f3n General de la Carrera Malla Curricular Docente Datos Generales Gesti\u00f3n y Proceso Estudiantil Misi\u00f3n y Visi\u00f3n VISI\u00d3N: Ser una carrera l\u00edder en la formaci\u00f3n de profesionales odont\u00f3logos con excelencia acad\u00e9mica, desarrollo integral, laica y pluralista, con [&hellip;]<\/p>\n","protected":false},"author":7,"featured_media":0,"parent":0,"menu_order":0,"comment_status":"closed","ping_status":"closed","template":"","meta":{"_acf_changed":false,"footnotes":""},"class_list":["post-15","page","type-page","status-publish","hentry"],"acf":[],"_links":{"self":[{"href":"https:\/\/carreras.uleam.edu.ec\/facultad-ciencias-de-la-salud\/wp-json\/wp\/v2\/pages\/15","targetHints":{"allow":["GET"]}}],"collection":[{"href":"https:\/\/carreras.uleam.edu.ec\/facultad-ciencias-de-la-salud\/wp-json\/wp\/v2\/pages"}],"about":[{"href":"https:\/\/carreras.uleam.edu.ec\/facultad-ciencias-de-la-salud\/wp-json\/wp\/v2\/types\/page"}],"author":[{"embeddable":true,"href":"https:\/\/carreras.uleam.edu.ec\/facultad-ciencias-de-la-salud\/wp-json\/wp\/v2\/users\/7"}],"replies":[{"embeddable":true,"href":"https:\/\/carreras.uleam.edu.ec\/facultad-ciencias-de-la-salud\/wp-json\/wp\/v2\/comments?post=15"}],"version-history":[{"count":90,"href":"https:\/\/carreras.uleam.edu.ec\/facultad-ciencias-de-la-salud\/wp-json\/wp\/v2\/pages\/15\/revisions"}],"predecessor-version":[{"id":780,"href":"https:\/\/carreras.uleam.edu.ec\/facultad-ciencias-de-la-salud\/wp-json\/wp\/v2\/pages\/15\/revisions\/780"}],"wp:attachment":[{"href":"https:\/\/carreras.uleam.edu.ec\/facultad-ciencias-de-la-salud\/wp-json\/wp\/v2\/media?parent=15"}],"curies":[{"name":"wp","href":"https:\/\/api.w.org\/{rel}","templated":true}]}}