{"id":16,"date":"2022-09-09T01:09:39","date_gmt":"2022-09-09T01:09:39","guid":{"rendered":"https:\/\/carreras.uleam.edu.ec\/facultad-ciencias-de-la-salud\/?page_id=16"},"modified":"2025-07-03T15:27:45","modified_gmt":"2025-07-03T15:27:45","slug":"carrera-de-psicologia","status":"publish","type":"page","link":"https:\/\/carreras.uleam.edu.ec\/facultad-ciencias-de-la-salud\/carrera-de-psicologia\/","title":{"rendered":"Carrera Psicolog\u00eda"},"content":{"rendered":"\t\t<div data-elementor-type=\"wp-page\" data-elementor-id=\"16\" class=\"elementor elementor-16\" data-elementor-settings=\"[]\">\n\t\t\t\t\t\t\t<div class=\"elementor-section-wrap\">\n\t\t\t\t\t\t\t<section class=\"elementor-section elementor-top-section elementor-element elementor-element-12960d2 elementor-section-boxed elementor-section-height-default elementor-section-height-default\" data-id=\"12960d2\" data-element_type=\"section\">\n\t\t\t\t\t\t<div class=\"elementor-container elementor-column-gap-default\">\n\t\t\t\t\t<div class=\"elementor-column elementor-col-100 elementor-top-column elementor-element elementor-element-b2d0587\" data-id=\"b2d0587\" data-element_type=\"column\">\n\t\t\t<div class=\"elementor-widget-wrap elementor-element-populated\">\n\t\t\t\t\t\t\t\t<div class=\"elementor-element elementor-element-02c7f74 elementor-tabs-view-horizontal elementor-widget elementor-widget-tabs\" data-id=\"02c7f74\" data-element_type=\"widget\" data-widget_type=\"tabs.default\">\n\t\t\t\t<div class=\"elementor-widget-container\">\n\t\t\t\t\t<div class=\"elementor-tabs\">\n\t\t\t<div class=\"elementor-tabs-wrapper\" role=\"tablist\" >\n\t\t\t\t\t\t\t\t\t<div id=\"elementor-tab-title-2911\" class=\"elementor-tab-title elementor-tab-desktop-title\" aria-selected=\"true\" data-tab=\"1\" role=\"tab\" tabindex=\"0\" aria-controls=\"elementor-tab-content-2911\" aria-expanded=\"false\">Descripci\u00f3n General de la Carrera<\/div>\n\t\t\t\t\t\t\t\t\t<div id=\"elementor-tab-title-2912\" class=\"elementor-tab-title elementor-tab-desktop-title\" aria-selected=\"false\" data-tab=\"2\" role=\"tab\" tabindex=\"-1\" aria-controls=\"elementor-tab-content-2912\" aria-expanded=\"false\">Malla Curricular<\/div>\n\t\t\t\t\t\t\t\t\t<div id=\"elementor-tab-title-2913\" class=\"elementor-tab-title elementor-tab-desktop-title\" aria-selected=\"false\" data-tab=\"3\" role=\"tab\" tabindex=\"-1\" aria-controls=\"elementor-tab-content-2913\" aria-expanded=\"false\">Docentes<\/div>\n\t\t\t\t\t\t\t\t\t<div id=\"elementor-tab-title-2914\" class=\"elementor-tab-title elementor-tab-desktop-title\" aria-selected=\"false\" data-tab=\"4\" role=\"tab\" tabindex=\"-1\" aria-controls=\"elementor-tab-content-2914\" aria-expanded=\"false\">Datos Generales<\/div>\n\t\t\t\t\t\t\t\t\t<div id=\"elementor-tab-title-2915\" class=\"elementor-tab-title elementor-tab-desktop-title\" aria-selected=\"false\" data-tab=\"5\" role=\"tab\" tabindex=\"-1\" aria-controls=\"elementor-tab-content-2915\" aria-expanded=\"false\">Gesti\u00f3n y Proceso Estudiantil<\/div>\n\t\t\t\t\t\t\t<\/div>\n\t\t\t<div class=\"elementor-tabs-content-wrapper\" role=\"tablist\" aria-orientation=\"vertical\">\n\t\t\t\t\t\t\t\t\t<div class=\"elementor-tab-title elementor-tab-mobile-title\" aria-selected=\"true\" data-tab=\"1\" role=\"tab\" tabindex=\"0\" aria-controls=\"elementor-tab-content-2911\" aria-expanded=\"false\">Descripci\u00f3n General de la Carrera<\/div>\n\t\t\t\t\t<div id=\"elementor-tab-content-2911\" class=\"elementor-tab-content elementor-clearfix\" data-tab=\"1\" role=\"tabpanel\" aria-labelledby=\"elementor-tab-title-2911\" tabindex=\"0\" hidden=\"false\"><p>Nombre Carrera:\u00a0 \u00a0 \u00a0 \u00a0 \u00a0 \u00a0 \u00a0 \u00a0 \u00a0 \u00a0 \u00a0 \u00a0 \u00a0 \u00a0 \u00a0 \u00a0 \u00a0 \u00a0 \u00a0 \u00a0 \u00a0Licenciatura en Psicolog\u00eda\u00a0 \u00a0 \u00a0<\/p><p>T\u00edtulo que otorga:\u00a0 \u00a0 \u00a0 \u00a0 \u00a0 \u00a0 \u00a0 \u00a0 \u00a0 \u00a0 \u00a0 \u00a0 \u00a0 \u00a0 \u00a0 \u00a0 \u00a0 \u00a0 \u00a0 \u00a0Licenciado\/a en Psicolog\u00eda\u00a0\u00a0<\/p><p>Modalidad de aprendizaje:\u00a0 \u00a0 \u00a0 \u00a0 \u00a0 \u00a0 \u00a0 \u00a0 \u00a0 \u00a0 \u00a0 \u00a0 Presencial<\/p><p>Numero de periodos acad\u00e9micos:\u00a0 \u00a0 \u00a0 \u00a0 \u00a0 8<\/p><p style=\"text-align: justify\">Objetivo general:<\/p><p style=\"padding-left: 40px;text-align: justify\">Formar psic\u00f3logos a nivel de grado, competentes para analizar, comprender, interpretar, explicar y evaluar el comportamiento humano e intervenir en los diversos contextos personales, grupales, institucionales y comunitarios, conociendo y respetando los valores \u00e9ticos y el C\u00f3digo Deontol\u00f3gico del Psic\u00f3logo, socialmente comprometidos y coherentes con los principios del Buen Vivir.<\/p><p style=\"text-align: justify\">Perfil de ingreso:<\/p><p style=\"text-align: justify\">El aspirante a esta carrera deber\u00e1 caracterizarse por:<\/p><ul style=\"text-align: justify\"><li>Ser buen observador, capaz de seguir instrucciones, planear y mostrar capacidad de an\u00e1lisis y s\u00edntesis.<\/li><li>Tener disposici\u00f3n para el aprendizaje, el desarrollo personal y el trabajo en equipo.<\/li><li>Mostrar inter\u00e9s por el desarrollo de las personas, las comunidades y el pa\u00eds.<\/li><li>Actitud cr\u00edtica constructiva que le permita tener apertura y respeto a la diversidad.<\/li><li>Flexibilidad de pensamiento.<\/li><li>Comunicarse efectivamente<\/li><li>Razonamiento l\u00f3gico matem\u00e1tico.<\/li><li>Dominar Tecnolog\u00edas de la Informaci\u00f3n y la Comunicaci\u00f3n.<\/li><li>Conocer y valorar su historia, y su realidad sociocultural<\/li><li>Comportamiento \u00e9tico para el ejercicio profesional dentro del marco de la legalidad y los derechos de las personas.<\/li><li>Emprender<\/li><li>Aprendizaje continuo y autodirigido.<\/li><\/ul><p style=\"text-align: justify\">Requisitos de ingreso:<\/p><ul style=\"text-align: justify\"><li>Poseer t\u00edtulo de bachiller o su equivalente debidamente reconocido por el Ministerio de Educaci\u00f3n.<\/li><li>Haber cumplido los requisitos normados por el Sistema de Nivelaci\u00f3n y Admisi\u00f3n, el mismo que observar\u00e1 los principios de igualdad de oportunidades, m\u00e9rito y capacidad.<\/li><li>Cumplir con la entrega de documentaci\u00f3n personal y habilitante en Secretar\u00eda General.<\/li><li>En casos especiales, certificados de reconocimiento y homologaci\u00f3n de estudios de otras IES de conformidad con el Art\u00edculo 63 y 64 del Reglamento de R\u00e9gimen Acad\u00e9mico.<\/li><\/ul><p style=\"text-align: justify\">Requisitos de graduaci\u00f3n:<\/p><ul style=\"text-align: justify\"><li>Haber aprobado la malla curricular incluyendo las pr\u00e1cticas preprofesionales y vinculaci\u00f3n con la colectividad.<\/li><li>Haber aprobado una modalidad de titulaci\u00f3n dentro de lo establecido el Reglamento del R\u00e9gimen Acad\u00e9mico.<\/li><li>Acreditar suficiencia en la competencia comunicativa a nivel B2 \u2013 MCER.<\/li><\/ul><p style=\"text-align: justify\">Modalidades de titulaci\u00f3n:<\/p><p style=\"padding-left: 40px;text-align: justify\">Informe de investigaci\u00f3n y estudio de caso<\/p><p style=\"text-align: justify\">Campo ocupacional:<\/p><p style=\"padding-left: 40px;text-align: justify\">En los departamentos que est\u00e1n relacionados a la psicolog\u00eda organizacional son: Recursos Humanos, Marketing, Investigaci\u00f3n de Mercados,<\/p><p style=\"padding-left: 40px;text-align: justify\">La ciencia de la conducta aporta mucho conocimiento y muchas herramientas a la educaci\u00f3n, por ejemplo, respecto a c\u00f3mo podemos rendir mejor o c\u00f3mo podemos contrarrestar las dificultades de aprendizaje.<\/p><p style=\"padding-left: 40px;text-align: justify\">En centros de salud pata brindar la atenci\u00f3n a trav\u00e9s de la evaluaci\u00f3n, diagn\u00f3stico y psicoterapia.<\/p><p>PERFIL DE EGRESO<\/p><p>En base al estudio de tendencias del campo de la profesi\u00f3n y el estudio de empleabilidad de la carrera, se determina el siguiente perfil:<\/p><p>Competencias generales: Capacidades y Actitudes.<\/p><ul><li>&#8211; Demuestra habilidades para atender e integrar fen\u00f3menos psicol\u00f3gicos y sociales, lo que le permite desempe\u00f1arse en contextos cl\u00ednicos, organizacionales, educacionales y socio comunitarios, respondiendo a las necesidades y demandas de las personas con actitud reflexiva, autocr\u00edtica y propositiva.<\/li><li>&#8211; Posee capacidad para desenvolverse en equipos multidisciplinarios, resguardando los componentes \u00e9ticos en su desempe\u00f1o profesional.<\/li><li>&#8211; Contribuye activamente al desarrollo y fortalecimiento del bienestar social y subjetivo de las comunidades a trav\u00e9s del ejercicio de su profesi\u00f3n, concibiendo su labor como un compromiso ciudadano que signifique un aporte para el desarrollo de la sociedad en su conjunto. Su labor debe contribuir a la satisfacci\u00f3n de las necesidades y desaf\u00edos de su comunidad local, favoreciendo la construcci\u00f3n de una sociedad m\u00e1s libre y equitativa, al mejorar las condiciones de vida de su espacio inmediato.<\/li><li>&#8211; Demuestra comportamientos y decisiones \u00e9ticas en toda actuaci\u00f3n profesional y confidencialidad en todo ejercicio del quehacer psicol\u00f3gico<\/li><\/ul><p>Capacidades Te\u00f3ricas: M\u00e9todos y Sistemas conceptuales.<\/p><ul><li>&#8211; Comprende las bases psicosociales que explican el funcionamiento de las organizaciones, grupos e individuos y sus procesos de liderazgo y cambio.<\/li><li>&#8211; Maneja de los modelos te\u00f3ricos que explican la personalidad, y sus aspectos de normalidad y anormalidad.<\/li><li>&#8211; Diferencia y aplica diversos m\u00e9todos de evaluaci\u00f3n, diagn\u00f3stico e intervenci\u00f3n psicol\u00f3gica en distintos contextos de aplicaci\u00f3n.<\/li><li>&#8211; Desarrolla habilidades de diagn\u00f3stico, investigaci\u00f3n en campo, construcci\u00f3n de casos de intervenci\u00f3n, y dise\u00f1o de estrategias aplicadas (tanto en prevenci\u00f3n como en soluci\u00f3n de problemas) para incidir en los retos que se le planteen.<\/li><li>&#8211; Se encuentra facultado para valorar el contexto hist\u00f3rico de los distintos problemas te\u00f3ricos, metodol\u00f3gicos y aplicados del campo de la psicolog\u00eda.<\/li><li>&#8211; Conocimiento integrado: Capacidades cognitivas y gen\u00e9ricas.<\/li><li>&#8211; Desarrolla habilidades de comunicaci\u00f3n en espa\u00f1ol y otra lengua, as\u00ed como la difusi\u00f3n del conocimiento a trav\u00e9s de escritos, exposiciones verbales y\/o audiovisuales.<\/li><li>&#8211; Recopila, organiza, analiza e interpreta informaci\u00f3n bajo estrategias cuantitativa y cualitativa para el estudio de los procesos psicol\u00f3gicos.<\/li><li>&#8211; Maneja m\u00e9todos de la investigaci\u00f3n psicol\u00f3gica y la instrumentaci\u00f3n requerida para llevar a cabo estudios experimentales y no experimentales, tanto en situaciones controladas como en escenarios de la vida cotidiana, dando cuenta de la complejidad de lo psicol\u00f3gico propio de las poblaciones en que se incursione y contrastando metodolog\u00edas con las que se intervenga<\/li><li>&#8211; Utiliza recursos de comunicaci\u00f3n y TIC para ampliar las fuentes de informaci\u00f3n e interacciones sujeto- cultura- sociedad en la generaci\u00f3n de ambientes abiertos, democr\u00e1ticos, interculturales e inclusivos.<\/li><\/ul><p>Capacidades para el manejo de protocolos, procesos y procedimientos<\/p><ul><li>&#8211; Dise\u00f1a y aplica instrumentos de medici\u00f3n bajo normas y criterios avalados cient\u00edficamente para evaluar procesos psicol\u00f3gicos.<\/li><li>&#8211; Eval\u00faa servicios y proyectos de intervenci\u00f3n y desarrollo sustentados en la disciplina y disciplinas afines, orientados a personas, familias, grupos, comunidades y organizaciones para promover la participaci\u00f3n, el bienestar, el desarrollo psicosocial y la calidad de vida.<\/li><li>&#8211; Investiga cient\u00edficamente fen\u00f3menos psicol\u00f3gicos acordes a los m\u00e9todos reconocidos por la disciplina y disciplinas afines para generar conocimientos relevantes y pertinentes.<\/li><li>&#8211; Dise\u00f1a e implementa servicios, proyectos de intervenci\u00f3n, con sustento en la disciplina psicol\u00f3gica y disciplinas afines, orientados a personas, familias, grupos, comunidades y organizaciones para promover la participaci\u00f3n, el bienestar, el desarrollo psicosocial y la calidad de vida.<\/li><li>&#8211; Itinerarios: Salud Mental Comunitaria y Organizaci\u00f3n y Gesti\u00f3n del Talento Humano<\/li><li>&#8211; Se involucra en procesos de cambio social a trav\u00e9s de mecanismos participativos que bus-can desarrollar los recursos de la comunidad, fomentar la organizaci\u00f3n social e incorporar una mirada activa y proactiva del rol del individuo y la comunidad en el cambio de las condiciones de vida. Los psic\u00f3logos comunitarios trabajan, ONG, fundaciones y en planes y programas de gobierno.<\/li><li>&#8211; Aborda tem\u00e1ticas propias del individuo y su relaci\u00f3n con la organizaci\u00f3n o el trabajo, con-tribuyendo en las \u00e1reas de personal, ergonom\u00eda, organizaci\u00f3n, consumidor y gerencia. Se involucra en temas como desarrollo organizacional, clima y cultura organizacional, beneficios y compensaciones, selecci\u00f3n y reclutamiento, capacitaci\u00f3n y desarrollo de talentos, entre otras. El psic\u00f3logo que se desempe\u00f1e en este \u00e1mbito podr\u00e1 hacerlo en una empresa, instituci\u00f3n, consultora, u otra ligada al desarrollo del recurso humano.<\/li><\/ul><\/div>\n\t\t\t\t\t\t\t\t\t<div class=\"elementor-tab-title elementor-tab-mobile-title\" aria-selected=\"false\" data-tab=\"2\" role=\"tab\" tabindex=\"-1\" aria-controls=\"elementor-tab-content-2912\" aria-expanded=\"false\">Malla Curricular<\/div>\n\t\t\t\t\t<div id=\"elementor-tab-content-2912\" class=\"elementor-tab-content elementor-clearfix\" data-tab=\"2\" role=\"tabpanel\" aria-labelledby=\"elementor-tab-title-2912\" tabindex=\"0\" hidden=\"hidden\"><p><a href=\"https:\/\/carreras.uleam.edu.ec\/facultad-ciencias-de-la-salud\/wp-content\/uploads\/sites\/71\/2023\/01\/Malla-Reajuste-Curricular-Carrera-NUEVA.pdf\" target=\"_blank\" rel=\"noopener\"><img loading=\"lazy\" decoding=\"async\" class=\"alignnone wp-image-266 size-large\" src=\"https:\/\/carreras.uleam.edu.ec\/facultad-ciencias-de-la-salud\/wp-content\/uploads\/sites\/71\/2023\/01\/MALLA-PSICOLOGIA-1024x684.png\" alt=\"\" width=\"1024\" height=\"684\" srcset=\"https:\/\/carreras.uleam.edu.ec\/facultad-ciencias-de-la-salud\/wp-content\/uploads\/sites\/71\/2023\/01\/MALLA-PSICOLOGIA-1024x684.png 1024w, https:\/\/carreras.uleam.edu.ec\/facultad-ciencias-de-la-salud\/wp-content\/uploads\/sites\/71\/2023\/01\/MALLA-PSICOLOGIA-300x201.png 300w, https:\/\/carreras.uleam.edu.ec\/facultad-ciencias-de-la-salud\/wp-content\/uploads\/sites\/71\/2023\/01\/MALLA-PSICOLOGIA-768x513.png 768w, https:\/\/carreras.uleam.edu.ec\/facultad-ciencias-de-la-salud\/wp-content\/uploads\/sites\/71\/2023\/01\/MALLA-PSICOLOGIA-1536x1027.png 1536w, https:\/\/carreras.uleam.edu.ec\/facultad-ciencias-de-la-salud\/wp-content\/uploads\/sites\/71\/2023\/01\/MALLA-PSICOLOGIA-2048x1369.png 2048w\" sizes=\"auto, (max-width: 1024px) 100vw, 1024px\" \/><\/a><\/p><\/div>\n\t\t\t\t\t\t\t\t\t<div class=\"elementor-tab-title elementor-tab-mobile-title\" aria-selected=\"false\" data-tab=\"3\" role=\"tab\" tabindex=\"-1\" aria-controls=\"elementor-tab-content-2913\" aria-expanded=\"false\">Docentes<\/div>\n\t\t\t\t\t<div id=\"elementor-tab-content-2913\" class=\"elementor-tab-content elementor-clearfix\" data-tab=\"3\" role=\"tabpanel\" aria-labelledby=\"elementor-tab-title-2913\" tabindex=\"0\" hidden=\"hidden\"><ul><li>\u00c1lava V\u00e1squez Zoila Mar\u00eda<\/li><li>Alc\u00edvar Ruiz Cruz Birmania<\/li><li>Arias Ruiz Lourdes Isabel<\/li><li>Ayala N\u00fa\u00f1ez Jaime Arturo<\/li><li>Bello Carrasco \u00cdtalo Gabino<\/li><li>Caicedo Guale Liliana Carolina<\/li><li>Camas Baena Victoriano<\/li><li>Ch\u00e1vez Intriago Mariela Yesenia<\/li><li>Franco Sol\u00f3rzano Linda Vanessa<\/li><li>Holgu\u00edn Espinoza Rosa Aim\u00e9<\/li><li>Intriago Alarc\u00f3n Paola Margarita<\/li><li>Luzardo Villafuerte Lorena Cecilia<\/li><li>Mayo Parra Israel<\/li><li>Mor\u00e1n Qui\u00f1onez Juan Ram\u00f3n<\/li><li>Mu\u00f1oz Aveiga Edelmary de Lourdes<\/li><li>Palau Guill\u00e9n M\u00f3nica Genoveva<\/li><li>Palomeque Guill\u00e9n Vielka de las Mercedes<\/li><li>Reyna Moreira Vicente Ignacio<\/li><li>Riera Estrada Joe Alexander<\/li><li>Ron Melo Jos\u00e9 Alejandro<\/li><li>Rosales Villarreal Bayardo Alonso<\/li><li>Salazar Guerra Yusel Iraklys<\/li><li>Saldarriaga Zambrano Pedro Jos\u00e9<\/li><li>Toala Castro Urcinio Tom\u00e1s<\/li><li>Trujillo Eljuri Amira Gioconda<\/li><li>Vera Molina In\u00e9s Matilde<\/li><li>Villavicencio Navia Katty Monserrate<\/li><li>Silva Murillo Shirley Betsabe<\/li><\/ul><\/div>\n\t\t\t\t\t\t\t\t\t<div class=\"elementor-tab-title elementor-tab-mobile-title\" aria-selected=\"false\" data-tab=\"4\" role=\"tab\" tabindex=\"-1\" aria-controls=\"elementor-tab-content-2914\" aria-expanded=\"false\">Datos Generales<\/div>\n\t\t\t\t\t<div id=\"elementor-tab-content-2914\" class=\"elementor-tab-content elementor-clearfix\" data-tab=\"4\" role=\"tabpanel\" aria-labelledby=\"elementor-tab-title-2914\" tabindex=\"0\" hidden=\"hidden\"><ul><li style=\"text-align: center\">Psic. In\u00e9s Vera Molina<\/li><li style=\"text-align: center\">DIRECTORA DE CARRERA<\/li><li style=\"text-align: center\"><a href=\"mailto:ines.vera@uleam.edu.ec\">ines.vera@uleam.edu.ec<\/a><\/li><\/ul><hr \/><ul style=\"text-align: center\"><li>Lic. Karina Andrade Andrade,<\/li><li style=\"text-align: center\">SECRETARIA:<\/li><li><a href=\"mailto:ines.vera@uleam.edu.ec\">ines.vera@uleam.edu.ec<\/a><\/li><\/ul><hr \/><ul><li style=\"text-align: center\">HORARIO DE ATENCI\u00d3N:<\/li><li style=\"text-align: center\">DE 08:00 A 17:00\u00a0<\/li><li style=\"text-align: center\">Lunes \u2013 Viernes<\/li><\/ul><\/div>\n\t\t\t\t\t\t\t\t\t<div class=\"elementor-tab-title elementor-tab-mobile-title\" aria-selected=\"false\" data-tab=\"5\" role=\"tab\" tabindex=\"-1\" aria-controls=\"elementor-tab-content-2915\" aria-expanded=\"false\">Gesti\u00f3n y Proceso Estudiantil<\/div>\n\t\t\t\t\t<div id=\"elementor-tab-content-2915\" class=\"elementor-tab-content elementor-clearfix\" data-tab=\"5\" role=\"tabpanel\" aria-labelledby=\"elementor-tab-title-2915\" tabindex=\"0\" hidden=\"hidden\"><ul><li>\u21d2\u00a0<a href=\"https:\/\/carreras.uleam.edu.ec\/facultad-ciencias-de-la-salud\/wp-content\/uploads\/sites\/71\/2025\/07\/PLAN_DE_PRACTICAS_20251.pdf\" target=\"_blank\" rel=\"noopener\">Plan de Pr\u00e1cticas 2025 &#8211; 1\u00a0<\/a><\/li><li>\u21d2 <a href=\"https:\/\/departamentos.uleam.edu.ec\/gestion-aseguramiento-calidad\/2019\/04\/08\/matricula\/\">Matr\u00edcula<\/a><\/li><li>\u21d2 <a href=\"https:\/\/departamentos.uleam.edu.ec\/gestion-aseguramiento-calidad\/reingreso-de-estudiantes\/\">Reingreso de estudiantes<\/a><\/li><li>\u21d2 <a href=\"https:\/\/departamentos.uleam.edu.ec\/gestion-aseguramiento-calidad\/homologacion-de-estudios-por-analisis-comparativo-de-contenidos\/\">Homologaci\u00f3n de Estudios por An\u00e1lisis Comparativo de Contenidos<\/a><\/li><\/ul><\/div>\n\t\t\t\t\t\t\t<\/div>\n\t\t<\/div>\n\t\t\t\t<\/div>\n\t\t\t\t<\/div>\n\t\t\t\t\t<\/div>\n\t\t<\/div>\n\t\t\t\t\t\t\t<\/div>\n\t\t<\/section>\n\t\t\t\t\t\t<\/div>\n\t\t\t\t\t<\/div>\n\t\t","protected":false},"excerpt":{"rendered":"<p>Descripci\u00f3n General de la Carrera Malla Curricular Docentes Datos Generales Gesti\u00f3n y Proceso Estudiantil Descripci\u00f3n General de la Carrera Nombre Carrera:\u00a0 \u00a0 \u00a0 \u00a0 \u00a0 \u00a0 \u00a0 \u00a0 \u00a0 \u00a0 \u00a0 \u00a0 \u00a0 \u00a0 \u00a0 \u00a0 \u00a0 \u00a0 \u00a0 \u00a0 [&hellip;]<\/p>\n","protected":false},"author":7,"featured_media":0,"parent":0,"menu_order":0,"comment_status":"closed","ping_status":"closed","template":"","meta":{"_acf_changed":false,"footnotes":""},"class_list":["post-16","page","type-page","status-publish","hentry"],"acf":[],"_links":{"self":[{"href":"https:\/\/carreras.uleam.edu.ec\/facultad-ciencias-de-la-salud\/wp-json\/wp\/v2\/pages\/16","targetHints":{"allow":["GET"]}}],"collection":[{"href":"https:\/\/carreras.uleam.edu.ec\/facultad-ciencias-de-la-salud\/wp-json\/wp\/v2\/pages"}],"about":[{"href":"https:\/\/carreras.uleam.edu.ec\/facultad-ciencias-de-la-salud\/wp-json\/wp\/v2\/types\/page"}],"author":[{"embeddable":true,"href":"https:\/\/carreras.uleam.edu.ec\/facultad-ciencias-de-la-salud\/wp-json\/wp\/v2\/users\/7"}],"replies":[{"embeddable":true,"href":"https:\/\/carreras.uleam.edu.ec\/facultad-ciencias-de-la-salud\/wp-json\/wp\/v2\/comments?post=16"}],"version-history":[{"count":49,"href":"https:\/\/carreras.uleam.edu.ec\/facultad-ciencias-de-la-salud\/wp-json\/wp\/v2\/pages\/16\/revisions"}],"predecessor-version":[{"id":802,"href":"https:\/\/carreras.uleam.edu.ec\/facultad-ciencias-de-la-salud\/wp-json\/wp\/v2\/pages\/16\/revisions\/802"}],"wp:attachment":[{"href":"https:\/\/carreras.uleam.edu.ec\/facultad-ciencias-de-la-salud\/wp-json\/wp\/v2\/media?parent=16"}],"curies":[{"name":"wp","href":"https:\/\/api.w.org\/{rel}","templated":true}]}}