{"id":18,"date":"2022-09-09T01:10:44","date_gmt":"2022-09-09T01:10:44","guid":{"rendered":"https:\/\/carreras.uleam.edu.ec\/facultad-ciencias-de-la-salud\/?page_id=18"},"modified":"2025-03-14T20:53:33","modified_gmt":"2025-03-14T20:53:33","slug":"carrera-de-terapia-ocupacional","status":"publish","type":"page","link":"https:\/\/carreras.uleam.edu.ec\/facultad-ciencias-de-la-salud\/carrera-de-terapia-ocupacional\/","title":{"rendered":"Carrera Terapia Ocupacional"},"content":{"rendered":"\t\t<div data-elementor-type=\"wp-page\" data-elementor-id=\"18\" class=\"elementor elementor-18\" data-elementor-settings=\"[]\">\n\t\t\t\t\t\t\t<div class=\"elementor-section-wrap\">\n\t\t\t\t\t\t\t<section class=\"elementor-section elementor-top-section elementor-element elementor-element-48430c2 elementor-section-boxed elementor-section-height-default elementor-section-height-default\" data-id=\"48430c2\" data-element_type=\"section\">\n\t\t\t\t\t\t<div class=\"elementor-container elementor-column-gap-default\">\n\t\t\t\t\t<div class=\"elementor-column elementor-col-100 elementor-top-column elementor-element elementor-element-4804a5c\" data-id=\"4804a5c\" data-element_type=\"column\">\n\t\t\t<div class=\"elementor-widget-wrap elementor-element-populated\">\n\t\t\t\t\t\t\t\t<div class=\"elementor-element elementor-element-dfa489b elementor-tabs-view-horizontal elementor-widget elementor-widget-tabs\" data-id=\"dfa489b\" data-element_type=\"widget\" data-widget_type=\"tabs.default\">\n\t\t\t\t<div class=\"elementor-widget-container\">\n\t\t\t\t\t<div class=\"elementor-tabs\">\n\t\t\t<div class=\"elementor-tabs-wrapper\" role=\"tablist\" >\n\t\t\t\t\t\t\t\t\t<div id=\"elementor-tab-title-2341\" class=\"elementor-tab-title elementor-tab-desktop-title\" aria-selected=\"true\" data-tab=\"1\" role=\"tab\" tabindex=\"0\" aria-controls=\"elementor-tab-content-2341\" aria-expanded=\"false\">Descripci\u00f3n General de la Carrera<\/div>\n\t\t\t\t\t\t\t\t\t<div id=\"elementor-tab-title-2342\" class=\"elementor-tab-title elementor-tab-desktop-title\" aria-selected=\"false\" data-tab=\"2\" role=\"tab\" tabindex=\"-1\" aria-controls=\"elementor-tab-content-2342\" aria-expanded=\"false\">Malla Curricular<\/div>\n\t\t\t\t\t\t\t\t\t<div id=\"elementor-tab-title-2343\" class=\"elementor-tab-title elementor-tab-desktop-title\" aria-selected=\"false\" data-tab=\"3\" role=\"tab\" tabindex=\"-1\" aria-controls=\"elementor-tab-content-2343\" aria-expanded=\"false\">Docentes<\/div>\n\t\t\t\t\t\t\t\t\t<div id=\"elementor-tab-title-2344\" class=\"elementor-tab-title elementor-tab-desktop-title\" aria-selected=\"false\" data-tab=\"4\" role=\"tab\" tabindex=\"-1\" aria-controls=\"elementor-tab-content-2344\" aria-expanded=\"false\">Datos Generales<\/div>\n\t\t\t\t\t\t\t\t\t<div id=\"elementor-tab-title-2345\" class=\"elementor-tab-title elementor-tab-desktop-title\" aria-selected=\"false\" data-tab=\"5\" role=\"tab\" tabindex=\"-1\" aria-controls=\"elementor-tab-content-2345\" aria-expanded=\"false\">Gesti\u00f3n y Proceso Estudiantil<\/div>\n\t\t\t\t\t\t\t<\/div>\n\t\t\t<div class=\"elementor-tabs-content-wrapper\" role=\"tablist\" aria-orientation=\"vertical\">\n\t\t\t\t\t\t\t\t\t<div class=\"elementor-tab-title elementor-tab-mobile-title\" aria-selected=\"true\" data-tab=\"1\" role=\"tab\" tabindex=\"0\" aria-controls=\"elementor-tab-content-2341\" aria-expanded=\"false\">Descripci\u00f3n General de la Carrera<\/div>\n\t\t\t\t\t<div id=\"elementor-tab-content-2341\" class=\"elementor-tab-content elementor-clearfix\" data-tab=\"1\" role=\"tabpanel\" aria-labelledby=\"elementor-tab-title-2341\" tabindex=\"0\" hidden=\"false\"><p>Nombre de la Carrera: Terapia Ocupacional<\/p><p>T\u00edtulo que otorga: Licenciado\/a en Terapia Ocupacional<\/p><p>Modalidad de aprendizaje: Presencial<\/p><p>N\u00famero de per\u00edodos ordinarios: 8 per\u00edodos acad\u00e9micos \u00a0<\/p><p>Objetivo general:<\/p><p style=\"padding-left: 40px\">\u201cFormar profesionales en terapia ocupacional capaces de intervenir en la ocupaci\u00f3n humana y la capacitaci\u00f3n para conseguir el mayor grado de autonom\u00eda posible, a trav\u00e9s de acciones de promoci\u00f3n, prevenci\u00f3n y recuperaci\u00f3n de la salud, desde un an\u00e1lisis y aplicaci\u00f3n de las ocupaciones de Auto mantenimiento, Productividad, Juego y Tiempo Libre en escenarios cl\u00ednicos, educativos y psicosociales.\u201d<\/p><p>Perfil de ingreso:<\/p><p>El aspirante a esta carrera deber\u00e1 caracterizarse por tener:<\/p><ul><li>Pensar rigurosamente<\/li><li>Actuar como ciudadano responsable<\/li><li>Manejar sus emociones en la interrelaci\u00f3n social<\/li><li>Aprender por el resto de su vida<\/li><li>Comunicarse efectivamente<\/li><li>Actuar como ciudadano responsable<\/li><li>Manejar sus emociones en la interrelaci\u00f3n social<\/li><li>Promover la salud y bienestar integral de los usuarios para mejorar la calidad de vida.<\/li><\/ul><p>Estas habilidades se eval\u00faan a trav\u00e9s del Sistema Nacional de Nivelaci\u00f3n y Admisi\u00f3n en el examen integrado Ser Bachiller o el mecanismo que a futuro se considere para el proceso<\/p><p>Requisitos de ingreso:<\/p><ul><li>Poseer t\u00edtulo de bachiller o su equivalente debidamente reconocido por el Ministerio de Educaci\u00f3n.<\/li><li>Haber cumplido los requisitos normados por el Sistema Nacional de Nivelaci\u00f3n y Admisi\u00f3n, el mismo que observar\u00e1 los principios de igualdad de oportunidades, m\u00e9rito y capacidad.<\/li><li>Cumplir con la entrega de documentaci\u00f3n personal y habilitante en Secretaria General.<\/li><li>En casos especiales, certificados de reconocimiento y homologaci\u00f3n de estudios de otras IES de conformidad con el art\u00edculo 63 y 64 del Reglamento de R\u00e9gimen Acad\u00e9mico<\/li><\/ul><p>Requisitos de graduaci\u00f3n:<\/p><ul><li>Haber aprobado la malla curricular incluyendo las pr\u00e1cticas pre profesionales y vinculaci\u00f3n con la colectividad.<\/li><li>Haber aprobado una modalidad de titulaci\u00f3n dentro de lo establecido en el Reglamento de R\u00e9gimen Acad\u00e9mico.<\/li><li>Acreditar suficiencia en la competencia comunicativa en ingl\u00e9s a nivel B2 \u2013 MCER a trav\u00e9s de la preparaci\u00f3n brindada por el Centro de Idiomas ULEAM para el examen de certificaci\u00f3n comunicativa otorgado por alguna certificadora reconocida<\/li><\/ul><p>Modalidades de titulaci\u00f3n:<\/p><ul><li>Examen de grado o de fin de carrera<\/li><li>Proyectos de investigaci\u00f3n<\/li><li>Sistematizaci\u00f3n de experiencias pr\u00e1cticas de investigaci\u00f3n y\/o intervenci\u00f3n<\/li><\/ul><p>Campo Ocupacional:<\/p><ul><li>En centros de Salud p\u00fablica o privada.<\/li><li>En dependencias de salud del pa\u00eds.<\/li><li>Centros Geri\u00e1tricos<\/li><li>Centros de rehabilitaci\u00f3n<\/li><li>En instituciones educativas<\/li><li>En el campo de investigaci\u00f3n.<\/li><li>En ONGs.<\/li><\/ul><\/div>\n\t\t\t\t\t\t\t\t\t<div class=\"elementor-tab-title elementor-tab-mobile-title\" aria-selected=\"false\" data-tab=\"2\" role=\"tab\" tabindex=\"-1\" aria-controls=\"elementor-tab-content-2342\" aria-expanded=\"false\">Malla Curricular<\/div>\n\t\t\t\t\t<div id=\"elementor-tab-content-2342\" class=\"elementor-tab-content elementor-clearfix\" data-tab=\"2\" role=\"tabpanel\" aria-labelledby=\"elementor-tab-title-2342\" tabindex=\"0\" hidden=\"hidden\"><h4><a href=\"https:\/\/carreras.uleam.edu.ec\/facultad-ciencias-de-la-salud\/wp-content\/uploads\/sites\/71\/2024\/10\/MALLA-TERAPIA.png\"><img loading=\"lazy\" decoding=\"async\" class=\"alignnone wp-image-699 size-large\" src=\"https:\/\/carreras.uleam.edu.ec\/facultad-ciencias-de-la-salud\/wp-content\/uploads\/sites\/71\/2024\/10\/MALLA-TERAPIA-1024x657.png\" alt=\"\" width=\"1024\" height=\"657\" srcset=\"https:\/\/carreras.uleam.edu.ec\/facultad-ciencias-de-la-salud\/wp-content\/uploads\/sites\/71\/2024\/10\/MALLA-TERAPIA-1024x657.png 1024w, https:\/\/carreras.uleam.edu.ec\/facultad-ciencias-de-la-salud\/wp-content\/uploads\/sites\/71\/2024\/10\/MALLA-TERAPIA-300x193.png 300w, https:\/\/carreras.uleam.edu.ec\/facultad-ciencias-de-la-salud\/wp-content\/uploads\/sites\/71\/2024\/10\/MALLA-TERAPIA-768x493.png 768w, https:\/\/carreras.uleam.edu.ec\/facultad-ciencias-de-la-salud\/wp-content\/uploads\/sites\/71\/2024\/10\/MALLA-TERAPIA-1536x986.png 1536w, https:\/\/carreras.uleam.edu.ec\/facultad-ciencias-de-la-salud\/wp-content\/uploads\/sites\/71\/2024\/10\/MALLA-TERAPIA-2048x1314.png 2048w\" sizes=\"auto, (max-width: 1024px) 100vw, 1024px\" \/><\/a><\/h4><h4><a href=\"https:\/\/carreras.uleam.edu.ec\/facultad-ciencias-de-la-salud\/wp-content\/uploads\/sites\/71\/2023\/01\/MALLA-ACTUALIZACION-T.O.2022.pdf\" target=\"_blank\" rel=\"noopener\">MALLA ACTUALIZACION T.O.2022<\/a><\/h4><p><a href=\"https:\/\/carreras.uleam.edu.ec\/facultad-ciencias-de-la-salud\/wp-content\/uploads\/sites\/71\/2023\/01\/MALLA-ACTUALIZACION-T.O.2022.pdf\" target=\"_blank\" rel=\"noopener\"><img loading=\"lazy\" decoding=\"async\" class=\"alignnone wp-image-323 size-large\" src=\"https:\/\/carreras.uleam.edu.ec\/facultad-ciencias-de-la-salud\/wp-content\/uploads\/sites\/71\/2023\/01\/MALLA-ACTUALIZACION-T.O.2022-1024x676.png\" alt=\"\" width=\"1024\" height=\"676\" srcset=\"https:\/\/carreras.uleam.edu.ec\/facultad-ciencias-de-la-salud\/wp-content\/uploads\/sites\/71\/2023\/01\/MALLA-ACTUALIZACION-T.O.2022-1024x676.png 1024w, https:\/\/carreras.uleam.edu.ec\/facultad-ciencias-de-la-salud\/wp-content\/uploads\/sites\/71\/2023\/01\/MALLA-ACTUALIZACION-T.O.2022-300x198.png 300w, https:\/\/carreras.uleam.edu.ec\/facultad-ciencias-de-la-salud\/wp-content\/uploads\/sites\/71\/2023\/01\/MALLA-ACTUALIZACION-T.O.2022-768x507.png 768w, https:\/\/carreras.uleam.edu.ec\/facultad-ciencias-de-la-salud\/wp-content\/uploads\/sites\/71\/2023\/01\/MALLA-ACTUALIZACION-T.O.2022-1536x1014.png 1536w, https:\/\/carreras.uleam.edu.ec\/facultad-ciencias-de-la-salud\/wp-content\/uploads\/sites\/71\/2023\/01\/MALLA-ACTUALIZACION-T.O.2022-2048x1352.png 2048w\" sizes=\"auto, (max-width: 1024px) 100vw, 1024px\" \/><\/a><\/p><h4><a href=\"https:\/\/carreras.uleam.edu.ec\/facultad-ciencias-de-la-salud\/wp-content\/uploads\/sites\/71\/2023\/01\/MALLA-TRANSITORIA-TERCERA-CARRERA-TERAPIA-OCUPACIONAL-ACTUALIZADA-CODIGOS-.pdf\" target=\"_blank\" rel=\"noopener\">MALLA TRANSITORIA TERCERA CARRERA TERAPIA OCUPACIONAL ACTUALIZADA CODIGOS-<\/a><\/h4><p><a href=\"https:\/\/carreras.uleam.edu.ec\/facultad-ciencias-de-la-salud\/wp-content\/uploads\/sites\/71\/2023\/01\/MALLA-TRANSITORIA-TERCERA-CARRERA-TERAPIA-OCUPACIONAL-ACTUALIZADA-CODIGOS-.pdf\" target=\"_blank\" rel=\"noopener\"><img loading=\"lazy\" decoding=\"async\" class=\"alignnone wp-image-314 size-large\" src=\"https:\/\/carreras.uleam.edu.ec\/facultad-ciencias-de-la-salud\/wp-content\/uploads\/sites\/71\/2023\/01\/MALLA-TRANSITORIA-TERCERA-CARRERA-TERAPIA-OCUPACIONAL-ACTUALIZADA-CODIGOS--1024x670.png\" alt=\"\" width=\"1024\" height=\"670\" srcset=\"https:\/\/carreras.uleam.edu.ec\/facultad-ciencias-de-la-salud\/wp-content\/uploads\/sites\/71\/2023\/01\/MALLA-TRANSITORIA-TERCERA-CARRERA-TERAPIA-OCUPACIONAL-ACTUALIZADA-CODIGOS--1024x670.png 1024w, https:\/\/carreras.uleam.edu.ec\/facultad-ciencias-de-la-salud\/wp-content\/uploads\/sites\/71\/2023\/01\/MALLA-TRANSITORIA-TERCERA-CARRERA-TERAPIA-OCUPACIONAL-ACTUALIZADA-CODIGOS--300x196.png 300w, https:\/\/carreras.uleam.edu.ec\/facultad-ciencias-de-la-salud\/wp-content\/uploads\/sites\/71\/2023\/01\/MALLA-TRANSITORIA-TERCERA-CARRERA-TERAPIA-OCUPACIONAL-ACTUALIZADA-CODIGOS--768x502.png 768w, https:\/\/carreras.uleam.edu.ec\/facultad-ciencias-de-la-salud\/wp-content\/uploads\/sites\/71\/2023\/01\/MALLA-TRANSITORIA-TERCERA-CARRERA-TERAPIA-OCUPACIONAL-ACTUALIZADA-CODIGOS--1536x1004.png 1536w, https:\/\/carreras.uleam.edu.ec\/facultad-ciencias-de-la-salud\/wp-content\/uploads\/sites\/71\/2023\/01\/MALLA-TRANSITORIA-TERCERA-CARRERA-TERAPIA-OCUPACIONAL-ACTUALIZADA-CODIGOS--2048x1339.png 2048w\" sizes=\"auto, (max-width: 1024px) 100vw, 1024px\" \/><\/a><\/p><\/div>\n\t\t\t\t\t\t\t\t\t<div class=\"elementor-tab-title elementor-tab-mobile-title\" aria-selected=\"false\" data-tab=\"3\" role=\"tab\" tabindex=\"-1\" aria-controls=\"elementor-tab-content-2343\" aria-expanded=\"false\">Docentes<\/div>\n\t\t\t\t\t<div id=\"elementor-tab-content-2343\" class=\"elementor-tab-content elementor-clearfix\" data-tab=\"3\" role=\"tabpanel\" aria-labelledby=\"elementor-tab-title-2343\" tabindex=\"0\" hidden=\"hidden\"><p><img loading=\"lazy\" decoding=\"async\" class=\"alignnone wp-image-606 size-large\" src=\"https:\/\/carreras.uleam.edu.ec\/facultad-ciencias-de-la-salud\/wp-content\/uploads\/sites\/71\/2024\/10\/Docentes-Terapia-1024x566.png\" alt=\"\" width=\"1024\" height=\"566\" srcset=\"https:\/\/carreras.uleam.edu.ec\/facultad-ciencias-de-la-salud\/wp-content\/uploads\/sites\/71\/2024\/10\/Docentes-Terapia-1024x566.png 1024w, https:\/\/carreras.uleam.edu.ec\/facultad-ciencias-de-la-salud\/wp-content\/uploads\/sites\/71\/2024\/10\/Docentes-Terapia-300x166.png 300w, https:\/\/carreras.uleam.edu.ec\/facultad-ciencias-de-la-salud\/wp-content\/uploads\/sites\/71\/2024\/10\/Docentes-Terapia-768x425.png 768w, https:\/\/carreras.uleam.edu.ec\/facultad-ciencias-de-la-salud\/wp-content\/uploads\/sites\/71\/2024\/10\/Docentes-Terapia-1536x850.png 1536w, https:\/\/carreras.uleam.edu.ec\/facultad-ciencias-de-la-salud\/wp-content\/uploads\/sites\/71\/2024\/10\/Docentes-Terapia-2048x1133.png 2048w\" sizes=\"auto, (max-width: 1024px) 100vw, 1024px\" \/><\/p><\/div>\n\t\t\t\t\t\t\t\t\t<div class=\"elementor-tab-title elementor-tab-mobile-title\" aria-selected=\"false\" data-tab=\"4\" role=\"tab\" tabindex=\"-1\" aria-controls=\"elementor-tab-content-2344\" aria-expanded=\"false\">Datos Generales<\/div>\n\t\t\t\t\t<div id=\"elementor-tab-content-2344\" class=\"elementor-tab-content elementor-clearfix\" data-tab=\"4\" role=\"tabpanel\" aria-labelledby=\"elementor-tab-title-2344\" tabindex=\"0\" hidden=\"hidden\"><ul><li style=\"text-align: center\">Lic. Xiomara Caycedo Casas<\/li><li style=\"text-align: center\">DIRECTORA DE CARRERA<\/li><li style=\"text-align: center\"><a href=\"mailto:xiomara.caycedo@uleam.edu.ec\">xiomara.caycedo@uleam.edu.ec<\/a><\/li><li style=\"text-align: center\"><hr \/><\/li><li style=\"text-align: center\">Ab. Diana Patricia Alc\u00edvar Navarrete<\/li><li style=\"text-align: center\">SECRETARIA<\/li><li style=\"text-align: center\"><a href=\"mailto:diana.alcivar@uleam.edu.ec\">diana.alcivar@uleam.edu.ec<\/a><\/li><li style=\"text-align: center\">Ing. M. Bella Cede\u00f1o Zambrano<\/li><li style=\"text-align: center\">SECRETARIA<\/li><li style=\"text-align: center\"><a href=\"mailto:bella.cedeno@uleam.edu.ec\">bella.cedeno@uleam.edu.ec<\/a> \u00a0<\/li><li style=\"text-align: center\">Ing. Jos\u00e9 Stalin Mero Alvarado<\/li><li style=\"text-align: center\">ARCHIVO CENTRAL<\/li><li style=\"text-align: center\"><a href=\"mailto:Jos\u00e9.mero@uleam.edu.ec\">Jos\u00e9.mero@uleam.edu.ec<\/a><\/li><li style=\"text-align: center\"><hr \/><\/li><li style=\"text-align: center\">HORARIO DE ATENCI\u00d3N:<\/li><li style=\"text-align: center\">Lunes a viernes:<\/li><li style=\"text-align: center\">8:00 a 13:00\u00a0 \u2013 \u00a014:00 a 17:00<\/li><li style=\"text-align: center\"><strong>\u00a0<\/strong><\/li><\/ul><\/div>\n\t\t\t\t\t\t\t\t\t<div class=\"elementor-tab-title elementor-tab-mobile-title\" aria-selected=\"false\" data-tab=\"5\" role=\"tab\" tabindex=\"-1\" aria-controls=\"elementor-tab-content-2345\" aria-expanded=\"false\">Gesti\u00f3n y Proceso Estudiantil<\/div>\n\t\t\t\t\t<div id=\"elementor-tab-content-2345\" class=\"elementor-tab-content elementor-clearfix\" data-tab=\"5\" role=\"tabpanel\" aria-labelledby=\"elementor-tab-title-2345\" tabindex=\"0\" hidden=\"hidden\"><ul><li>\u21d2\u00a0<a href=\"https:\/\/carreras.uleam.edu.ec\/facultad-ciencias-de-la-salud\/wp-content\/uploads\/sites\/71\/2024\/10\/PAP-01-F-001-Planificacion-Semestral-de-PracticasPP-T.O-signed.pdf\" target=\"_blank\" rel=\"noopener\">Pr\u00e1cticas Pre-profesionales<\/a><\/li><li>\u21d2 <a href=\"https:\/\/departamentos.uleam.edu.ec\/gestion-aseguramiento-calidad\/2019\/04\/08\/matricula\/\">Matr\u00edcula<\/a><\/li><li>\u21d2 <a href=\"https:\/\/departamentos.uleam.edu.ec\/gestion-aseguramiento-calidad\/reingreso-de-estudiantes\/\">Reingreso de estudiantes<\/a><\/li><li>\u21d2 <a href=\"https:\/\/departamentos.uleam.edu.ec\/gestion-aseguramiento-calidad\/homologacion-de-estudios-por-analisis-comparativo-de-contenidos\/\">Homologaci\u00f3n de Estudios por An\u00e1lisis Comparativo de Contenidos<\/a><\/li><\/ul><\/div>\n\t\t\t\t\t\t\t<\/div>\n\t\t<\/div>\n\t\t\t\t<\/div>\n\t\t\t\t<\/div>\n\t\t\t\t\t<\/div>\n\t\t<\/div>\n\t\t\t\t\t\t\t<\/div>\n\t\t<\/section>\n\t\t\t\t\t\t<\/div>\n\t\t\t\t\t<\/div>\n\t\t","protected":false},"excerpt":{"rendered":"<p>Descripci\u00f3n General de la Carrera Malla Curricular Docentes Datos Generales Gesti\u00f3n y Proceso Estudiantil Descripci\u00f3n General de la Carrera Nombre de la Carrera: Terapia Ocupacional T\u00edtulo que otorga: Licenciado\/a en Terapia Ocupacional Modalidad de aprendizaje: Presencial N\u00famero de per\u00edodos ordinarios: [&hellip;]<\/p>\n","protected":false},"author":7,"featured_media":0,"parent":0,"menu_order":0,"comment_status":"closed","ping_status":"closed","template":"","meta":{"_acf_changed":false,"footnotes":""},"class_list":["post-18","page","type-page","status-publish","hentry"],"acf":[],"_links":{"self":[{"href":"https:\/\/carreras.uleam.edu.ec\/facultad-ciencias-de-la-salud\/wp-json\/wp\/v2\/pages\/18","targetHints":{"allow":["GET"]}}],"collection":[{"href":"https:\/\/carreras.uleam.edu.ec\/facultad-ciencias-de-la-salud\/wp-json\/wp\/v2\/pages"}],"about":[{"href":"https:\/\/carreras.uleam.edu.ec\/facultad-ciencias-de-la-salud\/wp-json\/wp\/v2\/types\/page"}],"author":[{"embeddable":true,"href":"https:\/\/carreras.uleam.edu.ec\/facultad-ciencias-de-la-salud\/wp-json\/wp\/v2\/users\/7"}],"replies":[{"embeddable":true,"href":"https:\/\/carreras.uleam.edu.ec\/facultad-ciencias-de-la-salud\/wp-json\/wp\/v2\/comments?post=18"}],"version-history":[{"count":39,"href":"https:\/\/carreras.uleam.edu.ec\/facultad-ciencias-de-la-salud\/wp-json\/wp\/v2\/pages\/18\/revisions"}],"predecessor-version":[{"id":786,"href":"https:\/\/carreras.uleam.edu.ec\/facultad-ciencias-de-la-salud\/wp-json\/wp\/v2\/pages\/18\/revisions\/786"}],"wp:attachment":[{"href":"https:\/\/carreras.uleam.edu.ec\/facultad-ciencias-de-la-salud\/wp-json\/wp\/v2\/media?parent=18"}],"curies":[{"name":"wp","href":"https:\/\/api.w.org\/{rel}","templated":true}]}}