{"id":37,"date":"2022-09-09T03:06:35","date_gmt":"2022-09-09T03:06:35","guid":{"rendered":"https:\/\/carreras.uleam.edu.ec\/facultad-ciencias-de-la-salud\/?page_id=37"},"modified":"2024-09-23T20:23:49","modified_gmt":"2024-09-23T20:23:49","slug":"inicio","status":"publish","type":"page","link":"https:\/\/carreras.uleam.edu.ec\/facultad-ciencias-de-la-salud\/","title":{"rendered":"Inicio"},"content":{"rendered":"\t\t<div data-elementor-type=\"wp-page\" data-elementor-id=\"37\" class=\"elementor elementor-37\" data-elementor-settings=\"[]\">\n\t\t\t\t\t\t\t<div class=\"elementor-section-wrap\">\n\t\t\t\t\t\t\t<section class=\"elementor-section elementor-top-section elementor-element elementor-element-edc38c6 elementor-section-full_width elementor-section-height-default elementor-section-height-default\" data-id=\"edc38c6\" data-element_type=\"section\">\n\t\t\t\t\t\t<div class=\"elementor-container elementor-column-gap-default\">\n\t\t\t\t\t<div class=\"elementor-column elementor-col-100 elementor-top-column elementor-element elementor-element-42862a8\" data-id=\"42862a8\" data-element_type=\"column\">\n\t\t\t<div class=\"elementor-widget-wrap elementor-element-populated\">\n\t\t\t\t\t\t\t\t<div class=\"elementor-element elementor-element-7a4c6ba elementor-widget elementor-widget-image\" data-id=\"7a4c6ba\" data-element_type=\"widget\" data-widget_type=\"image.default\">\n\t\t\t\t<div class=\"elementor-widget-container\">\n\t\t\t\t\t\t\t\t\t\t\t\t\t\t\t<img loading=\"lazy\" decoding=\"async\" width=\"1280\" height=\"348\" src=\"https:\/\/carreras.uleam.edu.ec\/facultad-ciencias-de-la-salud\/wp-content\/uploads\/sites\/71\/2022\/09\/imagen-facultad-ciencias-de-la-salud-uleam-2022.jpeg\" class=\"attachment-full size-full\" alt=\"\" srcset=\"https:\/\/carreras.uleam.edu.ec\/facultad-ciencias-de-la-salud\/wp-content\/uploads\/sites\/71\/2022\/09\/imagen-facultad-ciencias-de-la-salud-uleam-2022.jpeg 1280w, https:\/\/carreras.uleam.edu.ec\/facultad-ciencias-de-la-salud\/wp-content\/uploads\/sites\/71\/2022\/09\/imagen-facultad-ciencias-de-la-salud-uleam-2022-300x82.jpeg 300w, https:\/\/carreras.uleam.edu.ec\/facultad-ciencias-de-la-salud\/wp-content\/uploads\/sites\/71\/2022\/09\/imagen-facultad-ciencias-de-la-salud-uleam-2022-1024x278.jpeg 1024w, https:\/\/carreras.uleam.edu.ec\/facultad-ciencias-de-la-salud\/wp-content\/uploads\/sites\/71\/2022\/09\/imagen-facultad-ciencias-de-la-salud-uleam-2022-768x209.jpeg 768w\" sizes=\"auto, (max-width: 1280px) 100vw, 1280px\" \/>\t\t\t\t\t\t\t\t\t\t\t\t\t\t\t<\/div>\n\t\t\t\t<\/div>\n\t\t\t\t\t<\/div>\n\t\t<\/div>\n\t\t\t\t\t\t\t<\/div>\n\t\t<\/section>\n\t\t\t\t<section class=\"elementor-section elementor-top-section elementor-element elementor-element-efcf42c elementor-section-boxed elementor-section-height-default elementor-section-height-default\" data-id=\"efcf42c\" data-element_type=\"section\">\n\t\t\t\t\t\t<div class=\"elementor-container elementor-column-gap-default\">\n\t\t\t\t\t<div class=\"elementor-column elementor-col-100 elementor-top-column elementor-element elementor-element-221d4d0\" data-id=\"221d4d0\" data-element_type=\"column\">\n\t\t\t<div class=\"elementor-widget-wrap elementor-element-populated\">\n\t\t\t\t\t\t\t\t<div class=\"elementor-element elementor-element-c17b775 elementor-tabs-view-horizontal elementor-widget elementor-widget-tabs\" data-id=\"c17b775\" data-element_type=\"widget\" data-widget_type=\"tabs.default\">\n\t\t\t\t<div class=\"elementor-widget-container\">\n\t\t\t\t\t<div class=\"elementor-tabs\">\n\t\t\t<div class=\"elementor-tabs-wrapper\" role=\"tablist\" >\n\t\t\t\t\t\t\t\t\t<div id=\"elementor-tab-title-2021\" class=\"elementor-tab-title elementor-tab-desktop-title\" aria-selected=\"true\" data-tab=\"1\" role=\"tab\" tabindex=\"0\" aria-controls=\"elementor-tab-content-2021\" aria-expanded=\"false\">Promocional de la Facultad<\/div>\n\t\t\t\t\t\t\t\t\t<div id=\"elementor-tab-title-2022\" class=\"elementor-tab-title elementor-tab-desktop-title\" aria-selected=\"false\" data-tab=\"2\" role=\"tab\" tabindex=\"-1\" aria-controls=\"elementor-tab-content-2022\" aria-expanded=\"false\">Carreras<\/div>\n\t\t\t\t\t\t\t\t\t<div id=\"elementor-tab-title-2023\" class=\"elementor-tab-title elementor-tab-desktop-title\" aria-selected=\"false\" data-tab=\"3\" role=\"tab\" tabindex=\"-1\" aria-controls=\"elementor-tab-content-2023\" aria-expanded=\"false\">Autoridades<\/div>\n\t\t\t\t\t\t\t\t\t<div id=\"elementor-tab-title-2024\" class=\"elementor-tab-title elementor-tab-desktop-title\" aria-selected=\"false\" data-tab=\"4\" role=\"tab\" tabindex=\"-1\" aria-controls=\"elementor-tab-content-2024\" aria-expanded=\"false\">Misi\u00f3n y Visi\u00f3n<\/div>\n\t\t\t\t\t\t\t\t\t<div id=\"elementor-tab-title-2025\" class=\"elementor-tab-title elementor-tab-desktop-title\" aria-selected=\"false\" data-tab=\"5\" role=\"tab\" tabindex=\"-1\" aria-controls=\"elementor-tab-content-2025\" aria-expanded=\"false\">Organigrama<\/div>\n\t\t\t\t\t\t\t\t\t<div id=\"elementor-tab-title-2026\" class=\"elementor-tab-title elementor-tab-desktop-title\" aria-selected=\"false\" data-tab=\"6\" role=\"tab\" tabindex=\"-1\" aria-controls=\"elementor-tab-content-2026\" aria-expanded=\"false\">Convenios<\/div>\n\t\t\t\t\t\t\t<\/div>\n\t\t\t<div class=\"elementor-tabs-content-wrapper\" role=\"tablist\" aria-orientation=\"vertical\">\n\t\t\t\t\t\t\t\t\t<div class=\"elementor-tab-title elementor-tab-mobile-title\" aria-selected=\"true\" data-tab=\"1\" role=\"tab\" tabindex=\"0\" aria-controls=\"elementor-tab-content-2021\" aria-expanded=\"false\">Promocional de la Facultad<\/div>\n\t\t\t\t\t<div id=\"elementor-tab-content-2021\" class=\"elementor-tab-content elementor-clearfix\" data-tab=\"1\" role=\"tabpanel\" aria-labelledby=\"elementor-tab-title-2021\" tabindex=\"0\" hidden=\"false\"><p><iframe loading=\"lazy\" title=\"EXPO ULEAM 2024 FACULTAD CIENCIAS DE LA SALUD PROGRAMA 01\" width=\"500\" height=\"281\" src=\"https:\/\/www.youtube.com\/embed\/1NOU2g7ddh8?feature=oembed\" frameborder=\"0\" allow=\"accelerometer; autoplay; clipboard-write; encrypted-media; gyroscope; picture-in-picture; web-share\" referrerpolicy=\"strict-origin-when-cross-origin\" allowfullscreen><\/iframe><\/p><\/div>\n\t\t\t\t\t\t\t\t\t<div class=\"elementor-tab-title elementor-tab-mobile-title\" aria-selected=\"false\" data-tab=\"2\" role=\"tab\" tabindex=\"-1\" aria-controls=\"elementor-tab-content-2022\" aria-expanded=\"false\">Carreras<\/div>\n\t\t\t\t\t<div id=\"elementor-tab-content-2022\" class=\"elementor-tab-content elementor-clearfix\" data-tab=\"2\" role=\"tabpanel\" aria-labelledby=\"elementor-tab-title-2022\" tabindex=\"0\" hidden=\"hidden\"><p style=\"padding-left: 40px\"><span style=\"color: #000000\"><strong><a style=\"color: #000000\" href=\"https:\/\/carreras.uleam.edu.ec\/facultad-ciencias-de-la-salud\/carrera-de-medicina\/\">Medicina<\/a><\/strong><\/span><br \/><span style=\"color: #000000\"><strong><a style=\"color: #000000\" href=\"https:\/\/carreras.uleam.edu.ec\/facultad-ciencias-de-la-salud\/carrera-de-odontologia\/\">Odontolog\u00eda<\/a><\/strong><\/span><br \/><span style=\"color: #000000\"><strong><a style=\"color: #000000\" href=\"https:\/\/carreras.uleam.edu.ec\/facultad-ciencias-de-la-salud\/carrera-de-enfermeria\/\">Enfermer\u00eda<\/a><\/strong><\/span><br \/><span style=\"color: #000000\"><strong><a style=\"color: #000000\" href=\"https:\/\/carreras.uleam.edu.ec\/facultad-ciencias-de-la-salud\/carrera-de-fisioterapia\/\">Fisioterapia<\/a><\/strong><\/span><br \/><span style=\"color: #000000\"><strong><a style=\"color: #000000\" href=\"https:\/\/carreras.uleam.edu.ec\/facultad-ciencias-de-la-salud\/carrera-de-fonoaudiologia\/\">Fonoaudiolog\u00eda<\/a><\/strong><\/span><br \/><span style=\"color: #000000\"><strong><a style=\"color: #000000\" href=\"https:\/\/carreras.uleam.edu.ec\/facultad-ciencias-de-la-salud\/carrera-de-laboratorio-clinico\/\">Laboratorio Cl\u00ednico<\/a><\/strong><\/span><br \/><span style=\"color: #000000\"><strong><a style=\"color: #000000\" href=\"https:\/\/carreras.uleam.edu.ec\/facultad-ciencias-de-la-salud\/carrera-de-terapia-ocupacional\/\">Terapia Ocupacional<\/a><\/strong><\/span><br \/><span style=\"color: #000000\"><strong><a style=\"color: #000000\" href=\"https:\/\/carreras.uleam.edu.ec\/facultad-ciencias-de-la-salud\/carrera-de-psicologia\/\">Psicolog\u00eda<\/a><\/strong><\/span><br \/><strong><a href=\"https:\/\/carreras.uleam.edu.ec\/facultad-ciencias-de-la-salud\/carrera-nutricion-y-dietetica\/\">Nutrici\u00f3n y Diet\u00e9tica<\/a><\/strong><\/p><\/div>\n\t\t\t\t\t\t\t\t\t<div class=\"elementor-tab-title elementor-tab-mobile-title\" aria-selected=\"false\" data-tab=\"3\" role=\"tab\" tabindex=\"-1\" aria-controls=\"elementor-tab-content-2023\" aria-expanded=\"false\">Autoridades<\/div>\n\t\t\t\t\t<div id=\"elementor-tab-content-2023\" class=\"elementor-tab-content elementor-clearfix\" data-tab=\"3\" role=\"tabpanel\" aria-labelledby=\"elementor-tab-title-2023\" tabindex=\"0\" hidden=\"hidden\"><p><img loading=\"lazy\" decoding=\"async\" class=\"alignnone wp-image-520 size-large\" src=\"https:\/\/carreras.uleam.edu.ec\/facultad-ciencias-de-la-salud\/wp-content\/uploads\/sites\/71\/2024\/09\/FOTOS-PARA-DECANOS-2024-1024x576.png\" alt=\"\" width=\"1024\" height=\"576\" srcset=\"https:\/\/carreras.uleam.edu.ec\/facultad-ciencias-de-la-salud\/wp-content\/uploads\/sites\/71\/2024\/09\/FOTOS-PARA-DECANOS-2024-1024x576.png 1024w, https:\/\/carreras.uleam.edu.ec\/facultad-ciencias-de-la-salud\/wp-content\/uploads\/sites\/71\/2024\/09\/FOTOS-PARA-DECANOS-2024-300x169.png 300w, https:\/\/carreras.uleam.edu.ec\/facultad-ciencias-de-la-salud\/wp-content\/uploads\/sites\/71\/2024\/09\/FOTOS-PARA-DECANOS-2024-768x432.png 768w, https:\/\/carreras.uleam.edu.ec\/facultad-ciencias-de-la-salud\/wp-content\/uploads\/sites\/71\/2024\/09\/FOTOS-PARA-DECANOS-2024-1536x864.png 1536w, https:\/\/carreras.uleam.edu.ec\/facultad-ciencias-de-la-salud\/wp-content\/uploads\/sites\/71\/2024\/09\/FOTOS-PARA-DECANOS-2024-2048x1152.png 2048w\" sizes=\"auto, (max-width: 1024px) 100vw, 1024px\" \/><\/p><p style=\"text-align: center\">DECANA: <a href=\"mailto:maria.carvajal@uleam.edu.ec\">maria.carvajal@uleam.edu.ec<\/a>\u00a0 \/ SUBDECANO: <a href=\"mailto:nakin.veliz@uleam.edu.ec\">nakin.veliz@uleam.edu.ec<\/a><\/p><p style=\"text-align: center\">Ab. Alexandra Bail\u00f3n Vera<\/p><p style=\"text-align: center\">SECRETARIA<\/p><p style=\"text-align: center\"><a href=\"mailto:alexandra.bailon@uleam.edu.ec\">alexandra.bailon@uleam.edu.ec<\/a><\/p><hr \/><p style=\"text-align: center\">HORARIO DE ATENCI\u00d3N:<\/p><p style=\"text-align: center\">DE 08:00 A 17:00\u00a0<\/p><p style=\"text-align: center\">Lunes &#8211; Viernes<\/p><\/div>\n\t\t\t\t\t\t\t\t\t<div class=\"elementor-tab-title elementor-tab-mobile-title\" aria-selected=\"false\" data-tab=\"4\" role=\"tab\" tabindex=\"-1\" aria-controls=\"elementor-tab-content-2024\" aria-expanded=\"false\">Misi\u00f3n y Visi\u00f3n<\/div>\n\t\t\t\t\t<div id=\"elementor-tab-content-2024\" class=\"elementor-tab-content elementor-clearfix\" data-tab=\"4\" role=\"tabpanel\" aria-labelledby=\"elementor-tab-title-2024\" tabindex=\"0\" hidden=\"hidden\"><p><strong>MISI\u00d3N<\/strong><\/p><p>Formar de manera creativa e innovadora a profesionales m\u00e9dicos cirujanos competitivos que fomenten, prevengan, restituyan la salud individual y colectiva; que generen procesos meta cognitivos logrando la autorregulaci\u00f3n e independencia profesional, respetando siempre los principios \u00e9ticos, sociales y culturales que norman la relaci\u00f3n medico paciente en el desarrollo de su profesi\u00f3n frente a la sociedad.<\/p><p><strong>VISI\u00d3N<\/strong><\/p><p>La Facultad de Ciencas de la Salud de la Universidad Laica \u201cEloy Alfaro\u201d de Manab\u00ed, ser\u00e1 reconocida por su participaci\u00f3n en la formaci\u00f3n de profesionales m\u00e9dicos cirujanos; reflexivos, cr\u00edticos y \u00e9ticos, comprometidos con la realidad social de la provincia y el pa\u00eds, cuyo profesionalismo y esp\u00edritu de servicio se refleje en el liderazgo de la investigaci\u00f3n acad\u00e9mica, en \u00f3ptimo cuidado de la salud y el respeto de la dignidad humana.<\/p><p>Ser\u00e1 adem\u00e1s un l\u00edder en investigaci\u00f3n cient\u00edfica y un referente en educaci\u00f3n y atenci\u00f3n en salud basado en la capacitaci\u00f3n de sus acad\u00e9micos sus innovaciones metodol\u00f3gicas y una visi\u00f3n humanista y plural, que refleje el respeto a la dignidad de la persona humana.<\/p><\/div>\n\t\t\t\t\t\t\t\t\t<div class=\"elementor-tab-title elementor-tab-mobile-title\" aria-selected=\"false\" data-tab=\"5\" role=\"tab\" tabindex=\"-1\" aria-controls=\"elementor-tab-content-2025\" aria-expanded=\"false\">Organigrama<\/div>\n\t\t\t\t\t<div id=\"elementor-tab-content-2025\" class=\"elementor-tab-content elementor-clearfix\" data-tab=\"5\" role=\"tabpanel\" aria-labelledby=\"elementor-tab-title-2025\" tabindex=\"0\" hidden=\"hidden\"><p><img loading=\"lazy\" decoding=\"async\" class=\"aligncenter wp-image-85 size-full\" src=\"https:\/\/carreras.uleam.edu.ec\/facultad-ciencias-de-la-salud\/wp-content\/uploads\/sites\/71\/2022\/09\/Organico-Funcional_Mesa-de-trabajo-.jpg\" alt=\"\" width=\"1024\" height=\"964\" srcset=\"https:\/\/carreras.uleam.edu.ec\/facultad-ciencias-de-la-salud\/wp-content\/uploads\/sites\/71\/2022\/09\/Organico-Funcional_Mesa-de-trabajo-.jpg 1024w, https:\/\/carreras.uleam.edu.ec\/facultad-ciencias-de-la-salud\/wp-content\/uploads\/sites\/71\/2022\/09\/Organico-Funcional_Mesa-de-trabajo--300x282.jpg 300w, https:\/\/carreras.uleam.edu.ec\/facultad-ciencias-de-la-salud\/wp-content\/uploads\/sites\/71\/2022\/09\/Organico-Funcional_Mesa-de-trabajo--768x723.jpg 768w\" sizes=\"auto, (max-width: 1024px) 100vw, 1024px\" \/><\/p><\/div>\n\t\t\t\t\t\t\t\t\t<div class=\"elementor-tab-title elementor-tab-mobile-title\" aria-selected=\"false\" data-tab=\"6\" role=\"tab\" tabindex=\"-1\" aria-controls=\"elementor-tab-content-2026\" aria-expanded=\"false\">Convenios<\/div>\n\t\t\t\t\t<div id=\"elementor-tab-content-2026\" class=\"elementor-tab-content elementor-clearfix\" data-tab=\"6\" role=\"tabpanel\" aria-labelledby=\"elementor-tab-title-2026\" tabindex=\"0\" hidden=\"hidden\"><p style=\"padding-left: 360px\"><a href=\"https:\/\/departamentos.uleam.edu.ec\/procuraduria\/convenios\/\" target=\"_blank\" rel=\"noopener\"><img loading=\"lazy\" decoding=\"async\" class=\"wp-image-89 size-medium aligncenter\" src=\"https:\/\/carreras.uleam.edu.ec\/facultad-ciencias-de-la-salud\/wp-content\/uploads\/sites\/71\/2022\/09\/convenios-300x256.png\" alt=\"\" width=\"300\" height=\"256\" \/><\/a><\/p><\/div>\n\t\t\t\t\t\t\t<\/div>\n\t\t<\/div>\n\t\t\t\t<\/div>\n\t\t\t\t<\/div>\n\t\t\t\t\t<\/div>\n\t\t<\/div>\n\t\t\t\t\t\t\t<\/div>\n\t\t<\/section>\n\t\t\t\t\t\t<\/div>\n\t\t\t\t\t<\/div>\n\t\t","protected":false},"excerpt":{"rendered":"<p>Promocional de la Facultad Carreras Autoridades Misi\u00f3n y Visi\u00f3n Organigrama Convenios Promocional de la Facultad Carreras MedicinaOdontolog\u00edaEnfermer\u00edaFisioterapiaFonoaudiolog\u00edaLaboratorio Cl\u00ednicoTerapia OcupacionalPsicolog\u00edaNutrici\u00f3n y Diet\u00e9tica Autoridades DECANA: maria.carvajal@uleam.edu.ec\u00a0 \/ SUBDECANO: nakin.veliz@uleam.edu.ec Ab. Alexandra Bail\u00f3n Vera SECRETARIA alexandra.bailon@uleam.edu.ec HORARIO DE ATENCI\u00d3N: DE 08:00 A 17:00\u00a0 [&hellip;]<\/p>\n","protected":false},"author":7,"featured_media":0,"parent":0,"menu_order":0,"comment_status":"closed","ping_status":"closed","template":"elementor_canvas","meta":{"_acf_changed":false,"footnotes":""},"class_list":["post-37","page","type-page","status-publish","hentry"],"acf":[],"_links":{"self":[{"href":"https:\/\/carreras.uleam.edu.ec\/facultad-ciencias-de-la-salud\/wp-json\/wp\/v2\/pages\/37","targetHints":{"allow":["GET"]}}],"collection":[{"href":"https:\/\/carreras.uleam.edu.ec\/facultad-ciencias-de-la-salud\/wp-json\/wp\/v2\/pages"}],"about":[{"href":"https:\/\/carreras.uleam.edu.ec\/facultad-ciencias-de-la-salud\/wp-json\/wp\/v2\/types\/page"}],"author":[{"embeddable":true,"href":"https:\/\/carreras.uleam.edu.ec\/facultad-ciencias-de-la-salud\/wp-json\/wp\/v2\/users\/7"}],"replies":[{"embeddable":true,"href":"https:\/\/carreras.uleam.edu.ec\/facultad-ciencias-de-la-salud\/wp-json\/wp\/v2\/comments?post=37"}],"version-history":[{"count":82,"href":"https:\/\/carreras.uleam.edu.ec\/facultad-ciencias-de-la-salud\/wp-json\/wp\/v2\/pages\/37\/revisions"}],"predecessor-version":[{"id":523,"href":"https:\/\/carreras.uleam.edu.ec\/facultad-ciencias-de-la-salud\/wp-json\/wp\/v2\/pages\/37\/revisions\/523"}],"wp:attachment":[{"href":"https:\/\/carreras.uleam.edu.ec\/facultad-ciencias-de-la-salud\/wp-json\/wp\/v2\/media?parent=37"}],"curies":[{"name":"wp","href":"https:\/\/api.w.org\/{rel}","templated":true}]}}