{"id":434,"date":"2023-05-15T19:01:20","date_gmt":"2023-05-15T19:01:20","guid":{"rendered":"https:\/\/carreras.uleam.edu.ec\/facultad-ciencias-de-la-salud\/?page_id=434"},"modified":"2025-03-06T15:40:45","modified_gmt":"2025-03-06T15:40:45","slug":"comisiones","status":"publish","type":"page","link":"https:\/\/carreras.uleam.edu.ec\/facultad-ciencias-de-la-salud\/comisiones\/","title":{"rendered":"COMISIONES"},"content":{"rendered":"\n<figure class=\"wp-block-table is-style-stripes\"><table><tbody><tr><td><strong>DOCENTES<\/strong><\/td><td><strong>COMISIONES<\/strong><\/td><td><strong>CORREO ELECTR\u00d3NICO<\/strong><\/td><\/tr><tr><td>Od. Sol Holgu\u00edn Garc\u00eda, Esp.<\/td><td>COMISI\u00d3N ACAD\u00c9MICA<\/td><td><a href=\"mailto:Sol.hoIguin@uleam.edu.ec\">sol.hoIguin@uleam.edu.ec<\/a><\/td><\/tr><tr><td>Od. Paola Pacaj\u00ed Ruiz, Esp.<\/td><td>COMISI\u00d3N DE INVESTIGACI\u00d3N<\/td><td><a href=\"mailto:Paola.pacaji@uIeam.edu.ec\">paola.pacaji@uIeam.edu.ec<\/a><\/td><\/tr><tr><td>Dra. Sandra Sandoval Pedauga, Esp.<\/td><td>COMISI\u00d3N ASEGURAMIENTO DE LA CALIDAD<\/td><td><a href=\"mailto:Sandra.sandoval@uleam.edu.ec\">sandra.sandoval@uleam.edu.ec<\/a><\/td><\/tr><tr><td>Dra. Mar\u00eda Teresa Restrepo Escudero, Mgtr.<\/td><td>COMISI\u00d3N DE TITULACI\u00d3N<\/td><td><a href=\"mailto:Mar\u00eda.restrepo@uIeam.edu.ec\">mar\u00eda.restrepo@uIeam.edu.ec<\/a><\/td><\/tr><tr><td>Od. Carmen Espinoza Arias, Esp.<\/td><td>COMISI\u00d3N DE VINCULACI\u00d3N<\/td><td><a href=\"mailto:Carmen.espinoza@uIeam.edu.ec\">carmen.espinoza@uIeam.edu.ec<\/a><\/td><\/tr><tr><td>Od. Alba Mendoza Castro, Ph.D<\/td><td>COMISI\u00d3N PR\u00c1CTICAS PREPROFESIONALES<\/td><td><a href=\"mailto:Alba.mendoza@uIeam.edu.ec\">alba.mendoza@uIeam.edu.ec<\/a><\/td><\/tr><tr><td>Dr. Julio Jimbo Mendoza, Ph.D<\/td><td>COMISI\u00d3N<strong> <\/strong>SEGUIMIENTO A GRADUADO<\/td><td><a href=\"mailto:Julio.jimbo@uleam.edu.ec\">julio.jimbo@uleam.edu.ec<\/a><\/td><\/tr><\/tbody><\/table><\/figure>\n\n\n\n<p><\/p>\n","protected":false},"excerpt":{"rendered":"<p>DOCENTES COMISIONES CORREO ELECTR\u00d3NICO Od. Sol Holgu\u00edn Garc\u00eda, Esp. COMISI\u00d3N ACAD\u00c9MICA sol.hoIguin@uleam.edu.ec Od. Paola Pacaj\u00ed Ruiz, Esp. COMISI\u00d3N DE INVESTIGACI\u00d3N paola.pacaji@uIeam.edu.ec Dra. Sandra Sandoval Pedauga, Esp. COMISI\u00d3N ASEGURAMIENTO DE LA CALIDAD sandra.sandoval@uleam.edu.ec Dra. Mar\u00eda Teresa Restrepo Escudero, Mgtr. COMISI\u00d3N DE [&hellip;]<\/p>\n","protected":false},"author":70,"featured_media":0,"parent":0,"menu_order":0,"comment_status":"closed","ping_status":"closed","template":"","meta":{"_acf_changed":false,"footnotes":""},"class_list":["post-434","page","type-page","status-publish","hentry"],"acf":[],"_links":{"self":[{"href":"https:\/\/carreras.uleam.edu.ec\/facultad-ciencias-de-la-salud\/wp-json\/wp\/v2\/pages\/434","targetHints":{"allow":["GET"]}}],"collection":[{"href":"https:\/\/carreras.uleam.edu.ec\/facultad-ciencias-de-la-salud\/wp-json\/wp\/v2\/pages"}],"about":[{"href":"https:\/\/carreras.uleam.edu.ec\/facultad-ciencias-de-la-salud\/wp-json\/wp\/v2\/types\/page"}],"author":[{"embeddable":true,"href":"https:\/\/carreras.uleam.edu.ec\/facultad-ciencias-de-la-salud\/wp-json\/wp\/v2\/users\/70"}],"replies":[{"embeddable":true,"href":"https:\/\/carreras.uleam.edu.ec\/facultad-ciencias-de-la-salud\/wp-json\/wp\/v2\/comments?post=434"}],"version-history":[{"count":6,"href":"https:\/\/carreras.uleam.edu.ec\/facultad-ciencias-de-la-salud\/wp-json\/wp\/v2\/pages\/434\/revisions"}],"predecessor-version":[{"id":773,"href":"https:\/\/carreras.uleam.edu.ec\/facultad-ciencias-de-la-salud\/wp-json\/wp\/v2\/pages\/434\/revisions\/773"}],"wp:attachment":[{"href":"https:\/\/carreras.uleam.edu.ec\/facultad-ciencias-de-la-salud\/wp-json\/wp\/v2\/media?parent=434"}],"curies":[{"name":"wp","href":"https:\/\/api.w.org\/{rel}","templated":true}]}}