{"id":505,"date":"2024-08-05T22:31:25","date_gmt":"2024-08-05T22:31:25","guid":{"rendered":"https:\/\/carreras.uleam.edu.ec\/facultad-ciencias-de-la-salud\/?page_id=505"},"modified":"2025-07-17T13:48:35","modified_gmt":"2025-07-17T13:48:35","slug":"carrera-nutricion-y-dietetica","status":"publish","type":"page","link":"https:\/\/carreras.uleam.edu.ec\/facultad-ciencias-de-la-salud\/carrera-nutricion-y-dietetica\/","title":{"rendered":"Carrera Nutrici\u00f3n y Diet\u00e9tica"},"content":{"rendered":"\t\t<div data-elementor-type=\"wp-page\" data-elementor-id=\"505\" class=\"elementor elementor-505\" data-elementor-settings=\"[]\">\n\t\t\t\t\t\t\t<div class=\"elementor-section-wrap\">\n\t\t\t\t\t\t\t<section class=\"elementor-section elementor-top-section elementor-element elementor-element-255be0d elementor-section-boxed elementor-section-height-default elementor-section-height-default\" data-id=\"255be0d\" data-element_type=\"section\">\n\t\t\t\t\t\t<div class=\"elementor-container elementor-column-gap-default\">\n\t\t\t\t\t<div class=\"elementor-column elementor-col-100 elementor-top-column elementor-element elementor-element-73c36ac\" data-id=\"73c36ac\" data-element_type=\"column\">\n\t\t\t<div class=\"elementor-widget-wrap elementor-element-populated\">\n\t\t\t\t\t\t\t\t<div class=\"elementor-element elementor-element-bbbf2ea elementor-tabs-view-horizontal elementor-widget elementor-widget-tabs\" data-id=\"bbbf2ea\" data-element_type=\"widget\" data-widget_type=\"tabs.default\">\n\t\t\t\t<div class=\"elementor-widget-container\">\n\t\t\t\t\t<div class=\"elementor-tabs\">\n\t\t\t<div class=\"elementor-tabs-wrapper\" role=\"tablist\" >\n\t\t\t\t\t\t\t\t\t<div id=\"elementor-tab-title-1961\" class=\"elementor-tab-title elementor-tab-desktop-title\" aria-selected=\"true\" data-tab=\"1\" role=\"tab\" tabindex=\"0\" aria-controls=\"elementor-tab-content-1961\" aria-expanded=\"false\">Misi\u00f3n y Visi\u00f3n<\/div>\n\t\t\t\t\t\t\t\t\t<div id=\"elementor-tab-title-1962\" class=\"elementor-tab-title elementor-tab-desktop-title\" aria-selected=\"false\" data-tab=\"2\" role=\"tab\" tabindex=\"-1\" aria-controls=\"elementor-tab-content-1962\" aria-expanded=\"false\">Descripci\u00f3n General de la Carrera<\/div>\n\t\t\t\t\t\t\t\t\t<div id=\"elementor-tab-title-1963\" class=\"elementor-tab-title elementor-tab-desktop-title\" aria-selected=\"false\" data-tab=\"3\" role=\"tab\" tabindex=\"-1\" aria-controls=\"elementor-tab-content-1963\" aria-expanded=\"false\">Malla Curricular<\/div>\n\t\t\t\t\t\t\t\t\t<div id=\"elementor-tab-title-1964\" class=\"elementor-tab-title elementor-tab-desktop-title\" aria-selected=\"false\" data-tab=\"4\" role=\"tab\" tabindex=\"-1\" aria-controls=\"elementor-tab-content-1964\" aria-expanded=\"false\">Docentes<\/div>\n\t\t\t\t\t\t\t\t\t<div id=\"elementor-tab-title-1965\" class=\"elementor-tab-title elementor-tab-desktop-title\" aria-selected=\"false\" data-tab=\"5\" role=\"tab\" tabindex=\"-1\" aria-controls=\"elementor-tab-content-1965\" aria-expanded=\"false\">Datos Generales<\/div>\n\t\t\t\t\t\t\t\t\t<div id=\"elementor-tab-title-1966\" class=\"elementor-tab-title elementor-tab-desktop-title\" aria-selected=\"false\" data-tab=\"6\" role=\"tab\" tabindex=\"-1\" aria-controls=\"elementor-tab-content-1966\" aria-expanded=\"false\">Gesti\u00f3n y Proceso Estudiantil<\/div>\n\t\t\t\t\t\t\t<\/div>\n\t\t\t<div class=\"elementor-tabs-content-wrapper\" role=\"tablist\" aria-orientation=\"vertical\">\n\t\t\t\t\t\t\t\t\t<div class=\"elementor-tab-title elementor-tab-mobile-title\" aria-selected=\"true\" data-tab=\"1\" role=\"tab\" tabindex=\"0\" aria-controls=\"elementor-tab-content-1961\" aria-expanded=\"false\">Misi\u00f3n y Visi\u00f3n<\/div>\n\t\t\t\t\t<div id=\"elementor-tab-content-1961\" class=\"elementor-tab-content elementor-clearfix\" data-tab=\"1\" role=\"tabpanel\" aria-labelledby=\"elementor-tab-title-1961\" tabindex=\"0\" hidden=\"false\"><p style=\"text-align: justify\"><span style=\"text-decoration: underline\">VISI\u00d3N DE LA CARRERA DE NUTRICI\u00d3N Y DIET\u00c9TICA:<\/span><\/p><p style=\"text-align: justify\">La carrera aspira ser l\u00edder en la formaci\u00f3n de profesionales de alto nivel en nutrici\u00f3n y diet\u00e9tica, sustentada en un profundo manejo de la relaci\u00f3n t\u00e9cnico diet\u00e9tico y dieto terap\u00e9utico de la persona, familia y comunidad, comprometida con los avances cient\u00edfico-tecnol\u00f3gicos implementados en proyectos de investigaci\u00f3n y vinculaci\u00f3n para el desarrollo del contexto nacional e internacional.<\/p><p style=\"text-align: justify\"><span style=\"text-decoration: underline\">MISI\u00d3N DE LA CARRERA DE NUTRICI\u00d3N Y DIET\u00c9TICA:<\/span><\/p><p style=\"text-align: justify\">Formar profesionales altamente competentes en el campo de nutrici\u00f3n y diet\u00e9tica con s\u00f3lidas bases te\u00f3rico-conceptuales en la educaci\u00f3n alimentaria nutricional, en lo cient\u00edfico e investigativo, con valores \u00e9ticos y morales hacia el respeto de la interculturalidad. Garantiza s\u00f3lidos conocimientos y habilidades en el manejo de la malnutrici\u00f3n, estado vital del ser humano, promoci\u00f3n de la salud y prevenci\u00f3n de las enfermedades cr\u00f3nicas no transmisibles<\/p><\/div>\n\t\t\t\t\t\t\t\t\t<div class=\"elementor-tab-title elementor-tab-mobile-title\" aria-selected=\"false\" data-tab=\"2\" role=\"tab\" tabindex=\"-1\" aria-controls=\"elementor-tab-content-1962\" aria-expanded=\"false\">Descripci\u00f3n General de la Carrera<\/div>\n\t\t\t\t\t<div id=\"elementor-tab-content-1962\" class=\"elementor-tab-content elementor-clearfix\" data-tab=\"2\" role=\"tabpanel\" aria-labelledby=\"elementor-tab-title-1962\" tabindex=\"0\" hidden=\"hidden\"><ul><li>Nombre de la Carrera:\u00a0 \u00a0 \u00a0 \u00a0 \u00a0 \u00a0 \u00a0 \u00a0 \u00a0 \u00a0 Nutrici\u00f3n y Diet\u00e9tica<\/li><li>T\u00edtulo que otorga:\u00a0 \u00a0 \u00a0 \u00a0 \u00a0 \u00a0 \u00a0 \u00a0 \u00a0 \u00a0 \u00a0 \u00a0 \u00a0 \u00a0 Licenciado\/a en Nutrici\u00f3n y Diet\u00e9tica\u00a0 \u00a0 \u00a0 \u00a0 \u00a0 \u00a0 \u00a0 \u00a0<\/li><li>Modalidad de aprendizaje:\u00a0 \u00a0 \u00a0 \u00a0 \u00a0 \u00a0 Presencial<\/li><li>N\u00famero de per\u00edodos ordinarios:\u00a0 7 per\u00edodos ordinarios m\u00e1s un a\u00f1o de internado rotativo<\/li><\/ul><p><span style=\"text-decoration: underline\">Perfil de ingreso:<\/span><\/p><p>El aspirante a esta carrera deber\u00e1 caracterizarse por:<\/p><ul><li>Pensar de manera critica.<\/li><li>Actuar como ciudadano responsable<\/li><li>Manejar sus emociones en la interrelaci\u00f3n social<\/li><li>Aprender por el resto de su vida<\/li><li>Utilizar herramientas tecnol\u00f3gicas reflexiva y pragm\u00e1tica<\/li><li>Cuidar de su salud y bienestar personal<\/li><\/ul><p><span style=\"text-decoration: underline\">Requisitos de ingreso:<\/span><\/p><p>Para el ingreso a la carrera de Nutrici\u00f3n y Diet\u00e9tica, se requiere cumplir con lo establecido en el Art. 82 de la LOES y el Art. 13 del Reglamento de R\u00e9gimen Acad\u00e9mico:<\/p><ul><li>Poseer t\u00edtulo de bachiller o su equivalente, de conformidad con la Ley.<\/li><li>Haber cumplido los requisitos normados por el Sistema de Nivelaci\u00f3n y Admisi\u00f3n que observar\u00e1 los principios de igualdad de oportunidades, libertad de elecci\u00f3n de carrera y de m\u00e9ritos.<\/li><li>Las IES aceptar\u00e1n los t\u00edtulos de bachiller obtenidos en el extranjero, reconocidos o equiparados por el Ministerio de Educaci\u00f3n. Para tal efecto. La IES implementara de acuerdo con sus normativas los plazos especiales para la presentaci\u00f3n de la documentaci\u00f3n, que contemplen el tiempo que el Ministerio de Educaci\u00f3n requiere para el reconocimiento o equiparaci\u00f3n de estos estudios.<\/li><li>Cumplir con la entrega de documentaci\u00f3n personal y habilitante en secretaria de Facultad de Ciencias de la Salud.<\/li><li>Para casos de movilidad interna o externa cumplir con los requisitos establecidos en el Art. 82 del Reglamento de R\u00e9gimen Acad\u00e9mico Interno para cambios.<\/li><\/ul><p><span style=\"text-decoration: underline\">Requisitos de graduaci\u00f3n:<\/span><\/p><ul><li>Haber aprobado la malla curricular incluyendo las pr\u00e1cticas preprofesionales.<\/li><li>Haber aprobado una modalidad de titulaci\u00f3n dentro de lo establecido en el Reglamento de R\u00e9gimen Acad\u00e9mico vigente.<\/li><li>Acreditar suficiencia en la competencia comunicativa en ingl\u00e9s a nivel B1 \u2013 MCER a trav\u00e9s de la preparaci\u00f3n brindada por el Centro de Idiomas ULEAM para el examen de certificaci\u00f3n comunicativa otorgado por alguna certificadora reconocida a trav\u00e9s de programas online con instituciones con las que se mantienen convenios vigentes para estos procesos formativos.<\/li><\/ul><p><span style=\"text-decoration: underline\">Perfil de Egreso:<\/span><\/p><ol><li>Argumenta las bases epistemol\u00f3gicas, principios, leyes, regularidades, teor\u00edas y modelos caracter\u00edsticos de los procesos nutricionales y alimentarios del ser humano en distintos grupos etarios y su entorno, desde los \u00e1mbitos biol\u00f3gicos, f\u00edsicos, psicol\u00f3gicos, sociales, culturales y comunicativos; acorde a las corrientes del pensamiento cient\u00edfico &#8211; tecnol\u00f3gico, socio humanista, requeridos para la comprensi\u00f3n de los procesos de intervenci\u00f3n educativa en la salud y bienestar de la poblaci\u00f3n.<\/li><li>Aplica los conocimientos te\u00f3ricos, metodol\u00f3gico, disciplinares y, transdisciplinares, pertenecientes a las \u00e1reas biom\u00e9dica, de cultura f\u00edsica, psicol\u00f3gica y socio humanista, en el desempe\u00f1o de su rol como educador de la cultura nutricional y alimentaria de la poblaci\u00f3n, acorde a las competencias profesionales, promoviendo el trabajo en equipo inter y transdisciplinar, en comunidades, centros educacionales de distintos tipos y niveles, centros laborales, hospitalarios, as\u00ed como en interacci\u00f3n actores \u2013 sectores que garantizan el cambio de la matriz de servicios de la sociedad ecuatoriana.<\/li><li>Muestra dominio adecuado de comunicaci\u00f3n en las formas: oral, escrita y digital; como requerimiento para su desempe\u00f1o profesional como nutricionista.<\/li><li>Domina el m\u00e9todo cient\u00edfico y alcances de la investigaci\u00f3n sobre nutrici\u00f3n y alimentaci\u00f3n que le permite el dise\u00f1o y desarrollo de investigaciones e innovaciones tecnol\u00f3gicas de factible aplicabilidad en el \u00e1rea de la salud en comunidades, centros educacionales de distintos tipos y niveles, centros laborales, hospitalarios.<\/li><li>Aplica las metodolog\u00edas, instrumentos, modelos, protocolos, procesos y procedimientos profesionales concernientes a la nutrici\u00f3n y alimentaci\u00f3n del ser humano en sus distintos ciclos etarios, tanto a nivel comunitario, cl\u00ednico y poblacional, requeridos para el estudio e intervenci\u00f3n de calidad en la salud y bienestar de la poblaci\u00f3n.<\/li><li>Identifica el estado nutricional del paciente ambulatorio y hospitalario mediante la utilizaci\u00f3n de f\u00f3rmulas y encuestas cl\u00ednicas y diet\u00e9ticas.<\/li><li>Emplea softwares con procedimientos matem\u00e1ticos y estad\u00edsticos de avanzada para la resoluci\u00f3n de problemas investigativos vinculados a la nutrici\u00f3n y alimentaci\u00f3n del ser humano en sus distintos ciclos etarios.<\/li><li>Utiliza adecuadamente las TIC para ampliar las fuentes de informaci\u00f3n e interacciones en la generaci\u00f3n de ambientes de aprendizaje abiertos, democr\u00e1ticos, interculturales e inclusivos vinculados a los procesos nutricionales y alimentarios de la poblaci\u00f3n.<\/li><li>Determina y aplica herramientas para calcular el requerimiento nutricional de pacientes pedi\u00e1tricos.<\/li><li>Muestra respeto e inter\u00e9s por el entorno, buscando alternativas que estimulan el empleo de productos sanos, libres de contaminaci\u00f3n o uso desmedido de insecticidas u otros.<\/li><li>Dise\u00f1a una propuesta de proyecto que permita solventar problemas reales de la poblaci\u00f3n en el \u00e1mbito de seguridad alimentaria y nutricional.<\/li><li>Determina el impacto de las enfermedades de la salud p\u00fablica relacionados con la nutrici\u00f3n generando programas para beneficio comunitario.<\/li><li>Reconoce la interacci\u00f3n f\u00e1rmaco \u2013 nutrientes y las acciones profesionales como nutricionista para la intervenci\u00f3n en las distintas patolog\u00edas y estatus de salud del ser humano.<\/li><li>Desarrolla valores, actitudes y cualidades que promuevan la \u00e9tica, el pensamiento laico, capacidad de resolver problemas aplicando estrategias asertivas, as\u00ed como la responsabilidad ciudadana en la trayectoria profesional.<\/li><li>Muestra principios \u00e9ticos\u2013legales, con respeto hacia los saberes ancestrales, cotidianos y tradicionales: a la diversidad de g\u00e9nero y cultura, creando espacios de unidad intergeneracional y de unidad durante la atenci\u00f3n a los problemas de cultura nutricional y alimentaria de la poblaci\u00f3n.<\/li><\/ol><p><span style=\"text-decoration: underline\">Perfil Profesional:<\/span><\/p><p style=\"text-align: justify\">El profesional de Nutrici\u00f3n y Diet\u00e9tica se caracteriza por realizar acciones en funci\u00f3n de la promoci\u00f3n de estilos de vida saludables, la participaci\u00f3n colaborativa en equipos multidisciplinarios en \u00e1reas de administraci\u00f3n, investigaci\u00f3n y promoci\u00f3n de salud en \u00e1mbitos: \u00a0hospitalario, comunitario, empresariales y otros. De igual modo, participa en la selecci\u00f3n de t\u00e9cnicas e indicadores apropiados para evaluar el estado nutricional de individuos y comunidades, seg\u00fan la edad, y respetando la cultura de las diferentes poblaciones. Tambi\u00e9n aplica los elementos de la administraci\u00f3n de servicios de alimentaci\u00f3n a nivel hospitalario u otros servicios, elaborando los tratamientos dieto terap\u00e9uticos para las personas durante el ciclo de vida, acorde a las diferentes patolog\u00edas. As\u00ed mismo, formula y desarrolla proyectos de investigaci\u00f3n cient\u00edfica, ejecutando programas de educaci\u00f3n alimentaria nutricional a nivel individual, familiar y comunitario en los diversos \u00e1mbitos de su competencia profesional.<\/p><\/div>\n\t\t\t\t\t\t\t\t\t<div class=\"elementor-tab-title elementor-tab-mobile-title\" aria-selected=\"false\" data-tab=\"3\" role=\"tab\" tabindex=\"-1\" aria-controls=\"elementor-tab-content-1963\" aria-expanded=\"false\">Malla Curricular<\/div>\n\t\t\t\t\t<div id=\"elementor-tab-content-1963\" class=\"elementor-tab-content elementor-clearfix\" data-tab=\"3\" role=\"tabpanel\" aria-labelledby=\"elementor-tab-title-1963\" tabindex=\"0\" hidden=\"hidden\"><p><a href=\"https:\/\/carreras.uleam.edu.ec\/facultad-ciencias-de-la-salud\/wp-content\/uploads\/sites\/71\/2025\/07\/MALLA-NUTRICION-Y-DIETETICA-2024-2.pdf\" target=\"_blank\" rel=\"noopener\"><img loading=\"lazy\" decoding=\"async\" class=\"alignnone wp-image-812 size-large\" src=\"https:\/\/carreras.uleam.edu.ec\/facultad-ciencias-de-la-salud\/wp-content\/uploads\/sites\/71\/2025\/07\/malla-nutricion-1024x595.png\" alt=\"\" width=\"1024\" height=\"595\" srcset=\"https:\/\/carreras.uleam.edu.ec\/facultad-ciencias-de-la-salud\/wp-content\/uploads\/sites\/71\/2025\/07\/malla-nutricion-1024x595.png 1024w, https:\/\/carreras.uleam.edu.ec\/facultad-ciencias-de-la-salud\/wp-content\/uploads\/sites\/71\/2025\/07\/malla-nutricion-300x174.png 300w, https:\/\/carreras.uleam.edu.ec\/facultad-ciencias-de-la-salud\/wp-content\/uploads\/sites\/71\/2025\/07\/malla-nutricion-768x446.png 768w, https:\/\/carreras.uleam.edu.ec\/facultad-ciencias-de-la-salud\/wp-content\/uploads\/sites\/71\/2025\/07\/malla-nutricion-1536x892.png 1536w, https:\/\/carreras.uleam.edu.ec\/facultad-ciencias-de-la-salud\/wp-content\/uploads\/sites\/71\/2025\/07\/malla-nutricion-2048x1190.png 2048w\" sizes=\"auto, (max-width: 1024px) 100vw, 1024px\" \/><\/a><\/p><\/div>\n\t\t\t\t\t\t\t\t\t<div class=\"elementor-tab-title elementor-tab-mobile-title\" aria-selected=\"false\" data-tab=\"4\" role=\"tab\" tabindex=\"-1\" aria-controls=\"elementor-tab-content-1964\" aria-expanded=\"false\">Docentes<\/div>\n\t\t\t\t\t<div id=\"elementor-tab-content-1964\" class=\"elementor-tab-content elementor-clearfix\" data-tab=\"4\" role=\"tabpanel\" aria-labelledby=\"elementor-tab-title-1964\" tabindex=\"0\" hidden=\"hidden\"><ul><li>Dra. Erika Moreira Ca\u00f1arte, Mgtr.<\/li><li>Ing. Virginia Rodr\u00edguez L\u00f3pez, Mgtr.<\/li><li>Lic. Dolores Zambrano Cornejo, Mgtr.<\/li><li>Ing. Winston Zavala Alarc\u00f3n, Mgtr.<\/li><\/ul><\/div>\n\t\t\t\t\t\t\t\t\t<div class=\"elementor-tab-title elementor-tab-mobile-title\" aria-selected=\"false\" data-tab=\"5\" role=\"tab\" tabindex=\"-1\" aria-controls=\"elementor-tab-content-1965\" aria-expanded=\"false\">Datos Generales<\/div>\n\t\t\t\t\t<div id=\"elementor-tab-content-1965\" class=\"elementor-tab-content elementor-clearfix\" data-tab=\"5\" role=\"tabpanel\" aria-labelledby=\"elementor-tab-title-1965\" tabindex=\"0\" hidden=\"hidden\"><ul><li style=\"text-align: center\">Lic. Dolores Zambrano Cornejo, Mgtr.<\/li><li style=\"text-align: center\">DIRECTORA DE CARRERA<\/li><li style=\"text-align: center\"><a href=\"mailto:dolores.zambrano@uleam.edu.ec\">dolores.zambrano@uleam.edu.ec<\/a><br \/><hr \/><\/li><li style=\"text-align: center\">Lic.\u00a0 Lurien Santana Burgos<\/li><li style=\"text-align: center\">SECRETARIA DE LA CARRERA DE NUTRICI\u00d3N Y DIET\u00c9TICA<\/li><li style=\"text-align: center\"><a href=\"mailto:lurien.santana@uleam.edu.ec\">lurien.santana@uleam.edu.ec<\/a><\/li><li style=\"text-align: center\"><hr \/><p>HORARIO DE ATENCI\u00d3N:<\/p><\/li><li style=\"text-align: center\">Lunes a viernes:<\/li><li style=\"text-align: center\">8:00 a 13:00\u00a0 \u2013 \u00a014:00 a 17:00<\/li><\/ul><\/div>\n\t\t\t\t\t\t\t\t\t<div class=\"elementor-tab-title elementor-tab-mobile-title\" aria-selected=\"false\" data-tab=\"6\" role=\"tab\" tabindex=\"-1\" aria-controls=\"elementor-tab-content-1966\" aria-expanded=\"false\">Gesti\u00f3n y Proceso Estudiantil<\/div>\n\t\t\t\t\t<div id=\"elementor-tab-content-1966\" class=\"elementor-tab-content elementor-clearfix\" data-tab=\"6\" role=\"tabpanel\" aria-labelledby=\"elementor-tab-title-1966\" tabindex=\"0\" hidden=\"hidden\"><ul><li><a href=\"https:\/\/departamentos.uleam.edu.ec\/gestion-aseguramiento-calidad\/2019\/04\/08\/matricula\/\" target=\"_blank\" rel=\"noopener\">Matr\u00edcula:<\/a><\/li><li><a href=\"https:\/\/departamentos.uleam.edu.ec\/gestion-aseguramiento-calidad\/reingreso-de-estudiantes\/\" target=\"_blank\" rel=\"noopener\">Reingreso de estudiantes:<\/a><\/li><li><a href=\"https:\/\/departamentos.uleam.edu.ec\/gestion-aseguramiento-calidad\/homologacion-de-estudios-por-analisis-comparativo-de-contenidos\/\" target=\"_blank\" rel=\"noopener\">Homologaci\u00f3n de Estudios por An\u00e1lisis Comparativo de Contenidos:<\/a><\/li><\/ul><\/div>\n\t\t\t\t\t\t\t<\/div>\n\t\t<\/div>\n\t\t\t\t<\/div>\n\t\t\t\t<\/div>\n\t\t\t\t\t<\/div>\n\t\t<\/div>\n\t\t\t\t\t\t\t<\/div>\n\t\t<\/section>\n\t\t\t\t\t\t<\/div>\n\t\t\t\t\t<\/div>\n\t\t","protected":false},"excerpt":{"rendered":"<p>Misi\u00f3n y Visi\u00f3n Descripci\u00f3n General de la Carrera Malla Curricular Docentes Datos Generales Gesti\u00f3n y Proceso Estudiantil Misi\u00f3n y Visi\u00f3n VISI\u00d3N DE LA CARRERA DE NUTRICI\u00d3N Y DIET\u00c9TICA: La carrera aspira ser l\u00edder en la formaci\u00f3n de profesionales de alto [&hellip;]<\/p>\n","protected":false},"author":7,"featured_media":0,"parent":0,"menu_order":0,"comment_status":"closed","ping_status":"closed","template":"","meta":{"_acf_changed":false,"footnotes":""},"class_list":["post-505","page","type-page","status-publish","hentry"],"acf":[],"_links":{"self":[{"href":"https:\/\/carreras.uleam.edu.ec\/facultad-ciencias-de-la-salud\/wp-json\/wp\/v2\/pages\/505","targetHints":{"allow":["GET"]}}],"collection":[{"href":"https:\/\/carreras.uleam.edu.ec\/facultad-ciencias-de-la-salud\/wp-json\/wp\/v2\/pages"}],"about":[{"href":"https:\/\/carreras.uleam.edu.ec\/facultad-ciencias-de-la-salud\/wp-json\/wp\/v2\/types\/page"}],"author":[{"embeddable":true,"href":"https:\/\/carreras.uleam.edu.ec\/facultad-ciencias-de-la-salud\/wp-json\/wp\/v2\/users\/7"}],"replies":[{"embeddable":true,"href":"https:\/\/carreras.uleam.edu.ec\/facultad-ciencias-de-la-salud\/wp-json\/wp\/v2\/comments?post=505"}],"version-history":[{"count":54,"href":"https:\/\/carreras.uleam.edu.ec\/facultad-ciencias-de-la-salud\/wp-json\/wp\/v2\/pages\/505\/revisions"}],"predecessor-version":[{"id":853,"href":"https:\/\/carreras.uleam.edu.ec\/facultad-ciencias-de-la-salud\/wp-json\/wp\/v2\/pages\/505\/revisions\/853"}],"wp:attachment":[{"href":"https:\/\/carreras.uleam.edu.ec\/facultad-ciencias-de-la-salud\/wp-json\/wp\/v2\/media?parent=505"}],"curies":[{"name":"wp","href":"https:\/\/api.w.org\/{rel}","templated":true}]}}