{"id":8,"date":"2022-09-09T01:02:35","date_gmt":"2022-09-09T01:02:35","guid":{"rendered":"https:\/\/carreras.uleam.edu.ec\/facultad-ciencias-de-la-salud\/?page_id=8"},"modified":"2025-03-14T20:41:17","modified_gmt":"2025-03-14T20:41:17","slug":"carrera-de-enfermeria","status":"publish","type":"page","link":"https:\/\/carreras.uleam.edu.ec\/facultad-ciencias-de-la-salud\/carrera-de-enfermeria\/","title":{"rendered":"Carrera Enfermer\u00eda"},"content":{"rendered":"\t\t<div data-elementor-type=\"wp-page\" data-elementor-id=\"8\" class=\"elementor elementor-8\" data-elementor-settings=\"[]\">\n\t\t\t\t\t\t\t<div class=\"elementor-section-wrap\">\n\t\t\t\t\t\t\t<section class=\"elementor-section elementor-top-section elementor-element elementor-element-f4e6b56 elementor-section-boxed elementor-section-height-default elementor-section-height-default\" data-id=\"f4e6b56\" data-element_type=\"section\">\n\t\t\t\t\t\t<div class=\"elementor-container elementor-column-gap-default\">\n\t\t\t\t\t<div class=\"elementor-column elementor-col-100 elementor-top-column elementor-element elementor-element-c38f5e8\" data-id=\"c38f5e8\" data-element_type=\"column\">\n\t\t\t<div class=\"elementor-widget-wrap elementor-element-populated\">\n\t\t\t\t\t\t\t\t<div class=\"elementor-element elementor-element-dbc941d elementor-tabs-view-horizontal elementor-widget elementor-widget-tabs\" data-id=\"dbc941d\" data-element_type=\"widget\" data-widget_type=\"tabs.default\">\n\t\t\t\t<div class=\"elementor-widget-container\">\n\t\t\t\t\t<div class=\"elementor-tabs\">\n\t\t\t<div class=\"elementor-tabs-wrapper\" role=\"tablist\" >\n\t\t\t\t\t\t\t\t\t<div id=\"elementor-tab-title-2301\" class=\"elementor-tab-title elementor-tab-desktop-title\" aria-selected=\"true\" data-tab=\"1\" role=\"tab\" tabindex=\"0\" aria-controls=\"elementor-tab-content-2301\" aria-expanded=\"false\">Descripci\u00f3n General de la Carrera<\/div>\n\t\t\t\t\t\t\t\t\t<div id=\"elementor-tab-title-2302\" class=\"elementor-tab-title elementor-tab-desktop-title\" aria-selected=\"false\" data-tab=\"2\" role=\"tab\" tabindex=\"-1\" aria-controls=\"elementor-tab-content-2302\" aria-expanded=\"false\">Malla Curricular<\/div>\n\t\t\t\t\t\t\t\t\t<div id=\"elementor-tab-title-2303\" class=\"elementor-tab-title elementor-tab-desktop-title\" aria-selected=\"false\" data-tab=\"3\" role=\"tab\" tabindex=\"-1\" aria-controls=\"elementor-tab-content-2303\" aria-expanded=\"false\">Datos Generales<\/div>\n\t\t\t\t\t\t\t\t\t<div id=\"elementor-tab-title-2304\" class=\"elementor-tab-title elementor-tab-desktop-title\" aria-selected=\"false\" data-tab=\"4\" role=\"tab\" tabindex=\"-1\" aria-controls=\"elementor-tab-content-2304\" aria-expanded=\"false\">Docentes<\/div>\n\t\t\t\t\t\t\t\t\t<div id=\"elementor-tab-title-2305\" class=\"elementor-tab-title elementor-tab-desktop-title\" aria-selected=\"false\" data-tab=\"5\" role=\"tab\" tabindex=\"-1\" aria-controls=\"elementor-tab-content-2305\" aria-expanded=\"false\">Gesti\u00f3n y Proceso Estudiantil<\/div>\n\t\t\t\t\t\t\t<\/div>\n\t\t\t<div class=\"elementor-tabs-content-wrapper\" role=\"tablist\" aria-orientation=\"vertical\">\n\t\t\t\t\t\t\t\t\t<div class=\"elementor-tab-title elementor-tab-mobile-title\" aria-selected=\"true\" data-tab=\"1\" role=\"tab\" tabindex=\"0\" aria-controls=\"elementor-tab-content-2301\" aria-expanded=\"false\">Descripci\u00f3n General de la Carrera<\/div>\n\t\t\t\t\t<div id=\"elementor-tab-content-2301\" class=\"elementor-tab-content elementor-clearfix\" data-tab=\"1\" role=\"tabpanel\" aria-labelledby=\"elementor-tab-title-2301\" tabindex=\"0\" hidden=\"false\"><p>Nombre de la Carrera:\u00a0 \u00a0 \u00a0 \u00a0 \u00a0 \u00a0Enfermer\u00eda<\/p><p>T\u00edtulo que otorga:\u00a0 \u00a0 \u00a0 \u00a0 \u00a0 \u00a0 \u00a0 \u00a0 \u00a0 \u00a0LICENCIADO\/A EN ENFERMER\u00cdA<\/p><p>Modalidad de aprendizaje:\u00a0 \u00a0Presencial N\u00famero de per\u00edodos ordinarios: 9<\/p><p>Objetivo general:<\/p><ul><li>Formar profesionales de Enfermer\u00eda a partir de los problemas vinculados al cuidado integral de la persona, la familia, la comunidad y el entorno en los niveles de atenci\u00f3n primaria, secundaria y terciaria de salud desde una visi\u00f3n te\u00f3rico-metodol\u00f3gica, hol\u00edstica y paradigm\u00e1tica, para la transformaci\u00f3n de la calidad de vida de la poblaci\u00f3n aportando al desarrollo de la matriz de Servicios del Plan Nacional del Buen Vivir<\/li><\/ul><p>Perfil de ingreso:<\/p><p>El aspirante a esta carrera deber\u00e1 caracterizarse por tener:<\/p><ul><li>Pensar rigurosamente<\/li><li>Utilizar herramientas tecnol\u00f3gicas reflexiva y pragm\u00e1ticamente<\/li><li>Actuar como ciudadano responsable<\/li><li>Manejar sus emociones en la interrelaci\u00f3n social<\/li><li>Cuidar de su salud y bienestar personal<\/li><li>Aprender por el resto de su vida<\/li><\/ul><p>Requisitos de ingreso:<\/p><ul><li>Poseer t\u00edtulo de bachiller o su equivalente legalizado y reconocido por el Ministerio de Educaci\u00f3n<\/li><li>Haber cumplido los requisitos normados por el Sistema Nacional de Nivelaci\u00f3n y Admisi\u00f3n<\/li><li>Cumplir con la entrega de documentaci\u00f3n personal y habilitante en Secretar\u00eda de la Carrera<\/li><li>En casos especiales, certificados de reconocimiento y homologaci\u00f3n de estudios de otras IES de conformidad con el Art\u00edculo 63 y 64 del Reglamento de R\u00e9gimen Acad\u00e9mico<\/li><\/ul><p>Requisitos de graduaci\u00f3n:<\/p><ul><li>Haber aprobado la malla curricular incluyendo las pr\u00e1cticas preprofesionales y vinculaci\u00f3n con la colectividad.<\/li><li>Haber aprobado una modalidad de titulaci\u00f3n dentro de lo establecido el RRA<\/li><li>Acreditar suficiencia en la competencia comunicativa en ingl\u00e9s a nivel B2 \u2013 MCER a trav\u00e9s de la preparaci\u00f3n brindada por el Centro de Idiomas ULEAM para el examen de certificaci\u00f3n comunicativa otorgado por alguna certificadora reconocida<\/li><\/ul><p>Modalidades de titulaci\u00f3n:<\/p><ul><li>&#8211; Examen de grado o de fin de carrera<\/li><li>&#8211; Proyectos de investigaci\u00f3n<\/li><li>&#8211; Sistematizaci\u00f3n de experiencias pr\u00e1cticas de investigaci\u00f3n y\/o intervenci\u00f3n<\/li><\/ul><p>Campo Ocupacional:<\/p><p>Son escenarios laborales<\/p><ul><li>Instituciones y centros de la red de salud Zonal No. 4<\/li><li>Distritos y circuitos de salud p\u00fablica y privada<\/li><li>Instituciones educativas fiscomisionales<\/li><li>Organizaciones no gubernamentales<\/li><\/ul><p>Son funciones de Enfermer\u00eda<\/p><ul><li>Enfermero de cuidado directo<\/li><li>L\u00edder de los servicios de enfermer\u00eda, subdirectora de enfermer\u00eda, administradores de servicios de salud y educaci\u00f3n.<\/li><li>Enfermeros promotores de salud<\/li><li>Docencia\u2013Educaci\u00f3n<\/li><li>Investigaci\u00f3n y epidemiol\u00f3gica<\/li><li>Promotores de organizaciones no gubernamentales (NGs)<\/li><\/ul><p>Funciones asistenciales<\/p><p>Roles:<\/p><ol><li>Cuidar la salud del individuo en forma personalizada, integral y continua, tomando en cuenta sus necesidades y respetando sus valores, costumbres y creencias.<\/li><li>Cumplir los principios de asepsia, antisepsia y normas de bioseguridad, seg\u00fan los contextos de desempe\u00f1o<\/li><li>Cumplir con los principios \u00e9ticos.<\/li><li>Aplicar el proceso de Atenci\u00f3n de Enfermer\u00eda, como m\u00e9todo cient\u00edfico:<\/li><\/ol><p style=\"padding-left: 40px\">4.1. Registrar en la historia cl\u00ednica toda la informaci\u00f3n disponible de los problemas identificados en los pacientes.<\/p><p style=\"padding-left: 40px\">4.2. Valorar la informaci\u00f3n recogida para realizar acciones de Enfermer\u00eda.<\/p><p style=\"padding-left: 40px\">4.3. Elaborar el diagnostico enfermero.<\/p><p style=\"padding-left: 40px\">4.4. Planificar los cuidados de enfermer\u00eda.<\/p><p style=\"padding-left: 40px\">4.5. Evaluar las respuestas de los pacientes y registrarla en la historia cl\u00ednica (H.C.)<\/p><ol start=\"5\"><li>Garantizar las condiciones \u00f3ptimas para la recepci\u00f3n y traslado del paciente.<\/li><li>Realizar la recepci\u00f3n del paciente revisando la historia cl\u00ednica los antecedentes personales, familiares, y complementarios en correspondencia con motivo de ingreso.<\/li><li>Preparar a los pacientes para las investigaciones cl\u00ednicas de laboratorio (hemograma, glicemia, hemocultivo, orina, heces fecales, cultivo de secreciones, exudados, hemogasometr\u00eda, hemograma, creatinina, leucograma) e investigaciones cl\u00ednicas especiales (colon por enema, tracto urinario simple, urograma, rayos X de columna, rectosigmoidoscop\u00eda, colonoscop\u00eda, mielograf\u00edas, laparoscopia, arteriograf\u00eda y punci\u00f3n lumbar entre otros).\u00a0<\/li><li>Cumplir tratamiento m\u00e9dico.<\/li><li>Ejecutar la preparaci\u00f3n y administraci\u00f3n de f\u00e1rmacos por diferentes v\u00edas.<\/li><li>Identificar reacciones producidas por los f\u00e1rmacos y otras sustancias; comunicarlo y cumplir acciones indicadas.<\/li><li>Identificar signos y s\u00edntomas de intoxicaci\u00f3n alimentaria o medicamentosa; comunicarlo y cumplir indicaciones.\u00a0<\/li><li>Identificar alteraciones en las cifras de los par\u00e1metros vitales, comunicarlo y cumplir indicaciones.\u00a0<\/li><li>Identificar reacciones adversas a los f\u00e1rmacos y otras sustancias, detener la aplicaci\u00f3n, comunicarlo y cumplir indicaciones.\u00a0<\/li><li>Ejecutar acciones de enfermer\u00eda en situaciones de emergencias y cat\u00e1strofes.\u00a0<\/li><li>Identificar, en su comunidad o servicios de urgencia, signos y s\u00edntomas de complicaciones, por ejemplo: hipo e hiperglicemia, shock, convulsiones, sangrado, comunicarlo al m\u00e9dico y cumplir acciones seg\u00fan el caso.<\/li><li>Desarrollar destreza y habilidades en acciones de enfermer\u00eda en situaciones de urgencias y cat\u00e1strofes para lograr minimizar da\u00f1os y p\u00e9rdidas de vidas humanas.<\/li><li>Realizar curaciones de heridas y leciones.<\/li><li>Realizar cuidados pos morten.<\/li><\/ol><p>Funciones administrativa (gesti\u00f3n y liderazgo)<\/p><p>Roles<\/p><ol><li>Participar en el planeamiento de acciones interdisciplinarias dentro del equipo de trabajo.<\/li><li>Dirigir la organizaci\u00f3n de la unidad de trabajo del personal de salud.<\/li><li>Asegurar el cumplimiento de los principios de asepsia y antisepsia.<\/li><li>Velar por el cumplimiento de los principios \u00e9ticos.<\/li><li>Organizar y participar en las reuniones del servicio que sean programadas.<\/li><li>Participar en acciones administrativas y cient\u00edfica de enfermer\u00eda.<\/li><li>Participar en pase de visita conjunto m\u00e9dico y enfermer\u00eda.<\/li><li>Participar en la entrega y recibo de turnos del servicio.<\/li><li>Supervisar la organizaci\u00f3n del trabajo de las l\u00edderes.<\/li><li>Realizar pedidos de material e insumos m\u00e9dicos para la labor diaria<\/li><li>Elaborar los horarios de rotaci\u00f3n del personal de enfermer\u00eda.<\/li><li>Informar situaciones y plantea soluciones.<\/li><li>Orientar la gesti\u00f3n de recurso seg\u00fan demanda y necesidades en los servicios.<\/li><li>Brindar asesor\u00eda o consultor\u00eda en enfermer\u00eda.<\/li><\/ol><p>Funci\u00f3n docente\/ Promoci\u00f3n y prevenci\u00f3n de salud<\/p><p>Roles<\/p><ol><li>Organizar, planificar, ejecutar y evaluar programas de educaci\u00f3n continua para el personal de enfermer\u00eda y otros profesionales de la salud.\u00a0<\/li><li>Organizar, planificar, ejecutar y evaluar programas de educaci\u00f3n sanitaria orientados a la persona, familia, comunidad y entorno.\u00a0<\/li><li>Lidera programas del Ministerio de Salud P\u00fablica (MSP) en correspondencia con el Plan Nacional del Buen Vivir\u00a0<\/li><li>Se vincula en actividades de control sanitario seg\u00fan normas del MSP.\u00a0<\/li><li>Organizar, planificar, ejecutar y evaluar campa\u00f1as de vacunaci\u00f3n humana y canina.<\/li><\/ol><p>Funci\u00f3n Investigaci\u00f3n y epidemiologia<\/p><p>Roles<\/p><ol><li>Participar en investigaci\u00f3n en enfermer\u00eda y otras \u00e1reas con el objetivo de contribuir al desarrollo profesional y mejoramiento de la salud de la poblaci\u00f3n.<\/li><li>Dise\u00f1ar, proyectos de investigaci\u00f3n.<\/li><li>Dirigir trabajos de investigaci\u00f3n.<\/li><li>Diagnosticar problemas cient\u00edficos en la sociedad.<\/li><li>Planificar, ejecutar y eval\u00faar actividades de vigilancia epidemiol\u00f3gica, desde el proceso de investigaci\u00f3n e indagaci\u00f3n.<\/li><li>Intervenir en soluciones de problemas comunitarios y hospitalarios desde la visi\u00f3n investigativa.<\/li><li>Evaluar trabajos de investigaci\u00f3n<\/li><\/ol><p>Funciones en Organizaciones no Gubernamentales (ONGs)<\/p><p>Roles<\/p><ol><li>Gestiona presupuestos para fundaciones en el proceso de direcci\u00f3n y ejecuci\u00f3n de proyectos<\/li><li>Conformar redes interinstitucionales para la promoci\u00f3n y prevenci\u00f3n en salud.<\/li><li>Asesorar procesos de enfermer\u00eda e investigaci\u00f3n en salud<\/li><\/ol><\/div>\n\t\t\t\t\t\t\t\t\t<div class=\"elementor-tab-title elementor-tab-mobile-title\" aria-selected=\"false\" data-tab=\"2\" role=\"tab\" tabindex=\"-1\" aria-controls=\"elementor-tab-content-2302\" aria-expanded=\"false\">Malla Curricular<\/div>\n\t\t\t\t\t<div id=\"elementor-tab-content-2302\" class=\"elementor-tab-content elementor-clearfix\" data-tab=\"2\" role=\"tabpanel\" aria-labelledby=\"elementor-tab-title-2302\" tabindex=\"0\" hidden=\"hidden\"><p><a href=\"https:\/\/carreras.uleam.edu.ec\/facultad-ciencias-de-la-salud\/wp-content\/uploads\/sites\/71\/2023\/01\/malla-rediseno-2018-con-certificacion.pdf\" target=\"_blank\" rel=\"noopener\"><img loading=\"lazy\" decoding=\"async\" class=\"alignnone wp-image-361 size-large\" src=\"https:\/\/carreras.uleam.edu.ec\/facultad-ciencias-de-la-salud\/wp-content\/uploads\/sites\/71\/2023\/01\/malla-enfermeria-1024x627.png\" alt=\"\" width=\"1024\" height=\"627\" srcset=\"https:\/\/carreras.uleam.edu.ec\/facultad-ciencias-de-la-salud\/wp-content\/uploads\/sites\/71\/2023\/01\/malla-enfermeria-1024x627.png 1024w, https:\/\/carreras.uleam.edu.ec\/facultad-ciencias-de-la-salud\/wp-content\/uploads\/sites\/71\/2023\/01\/malla-enfermeria-300x184.png 300w, https:\/\/carreras.uleam.edu.ec\/facultad-ciencias-de-la-salud\/wp-content\/uploads\/sites\/71\/2023\/01\/malla-enfermeria-768x470.png 768w, https:\/\/carreras.uleam.edu.ec\/facultad-ciencias-de-la-salud\/wp-content\/uploads\/sites\/71\/2023\/01\/malla-enfermeria-1536x941.png 1536w, https:\/\/carreras.uleam.edu.ec\/facultad-ciencias-de-la-salud\/wp-content\/uploads\/sites\/71\/2023\/01\/malla-enfermeria-2048x1254.png 2048w\" sizes=\"auto, (max-width: 1024px) 100vw, 1024px\" \/><\/a><\/p><\/div>\n\t\t\t\t\t\t\t\t\t<div class=\"elementor-tab-title elementor-tab-mobile-title\" aria-selected=\"false\" data-tab=\"3\" role=\"tab\" tabindex=\"-1\" aria-controls=\"elementor-tab-content-2303\" aria-expanded=\"false\">Datos Generales<\/div>\n\t\t\t\t\t<div id=\"elementor-tab-content-2303\" class=\"elementor-tab-content elementor-clearfix\" data-tab=\"3\" role=\"tabpanel\" aria-labelledby=\"elementor-tab-title-2303\" tabindex=\"0\" hidden=\"hidden\"><ul><li style=\"text-align: center\">Lic. Mirian del Roc\u00edo Santos \u00c1lvarez, Ph.D<\/li><li style=\"text-align: center\">DIRECTORA DE CARRERA<\/li><li style=\"text-align: center\"><a href=\"mailto:lourdes.bello@uleam.edu.ec\">mirian.santos@uleam.edu.ec<\/a><\/li><\/ul><hr \/><ul><li style=\"text-align: center\">\u00a0<\/li><li style=\"text-align: center\">Lic. Lastenia Virginia Cede\u00f1o Cobe\u00f1a<\/li><li style=\"text-align: center\">SECRETARIA\u00a0<\/li><li style=\"text-align: center\"><a href=\"mailto:lastenia.cedeno@uleam.edu.ec\">lastenia.cedeno@uleam.edu.ec<\/a><\/li><\/ul><hr \/><ul><li style=\"text-align: center\">\u00a0<\/li><li style=\"text-align: center\">Lic. Galina Orlandovna Gonzalez Kadashinskaia. Mg<\/li><li style=\"text-align: center\">Miembro de Comisi\u00f3n Acad\u00e9mica carrera de Enfermer\u00eda<\/li><li style=\"text-align: center\"><a href=\"mailto:galina.gonzalez@uleam.edu.ec\">galina.gonzalez@uleam.edu.ec<\/a><\/li><\/ul><hr \/><ul><li style=\"text-align: center\">Horarios de atenci\u00f3n:<\/li><li style=\"text-align: center\">07:00 hasta 20:00<\/li><\/ul><\/div>\n\t\t\t\t\t\t\t\t\t<div class=\"elementor-tab-title elementor-tab-mobile-title\" aria-selected=\"false\" data-tab=\"4\" role=\"tab\" tabindex=\"-1\" aria-controls=\"elementor-tab-content-2304\" aria-expanded=\"false\">Docentes<\/div>\n\t\t\t\t\t<div id=\"elementor-tab-content-2304\" class=\"elementor-tab-content elementor-clearfix\" data-tab=\"4\" role=\"tabpanel\" aria-labelledby=\"elementor-tab-title-2304\" tabindex=\"0\" hidden=\"hidden\"><ul><li>Ing. Aguaiza Tenelema Danny Galindo, Mg.<\/li><li>Dra. Anchundia Alvia Dolores Alexandra, Mg.<\/li><li>Dr. Basurto Zambrano Xavier Alberto, Mg.<\/li><li>Lic. Bello Carrasco Lourdes Maribel, Mg<\/li><li>Lic. Casta\u00f1o Saltos Cristhian Israel, Mg.<\/li><li>Lic. Ch\u00e1vez V\u00e9lez Fanny Mirian, Mg.<\/li><li>Obstra. Dom\u00ednguez Olmedo Edward Alexis, Mg.<\/li><li>Dr. Fern\u00e1ndez Mendoza Darwin Marcelo, Mg.<\/li><li>Lic. Figueroa Ca\u00f1arte F\u00e1tima Monserrate, Mg<\/li><li>Lic. Fleitas Guti\u00e9rrez Daylin, Mg.<\/li><li>Lic. Garc\u00eda Pena Marilin, Eps.<\/li><li>Lic. Gonz\u00e1lez Kadashinskaia Galina Orlandovna, Mg.<\/li><li>Lic. Guaranguay Chaves Carmen Hermencia, Mg<\/li><li>Lic. Intriago Moreria Karen Lissette, Mg.<\/li><li>Lic. Loor Vega Miryam Patricia, Mg<\/li><li>Lic. N\u00fa\u00f1ez Pe\u00f1a Carlos Rafael, PhD.<\/li><li>Lic. P\u00e9rez Iribar Giorver, PhD.<\/li><li>Dra. Pico Pico Angela Lourdes, Mg.<\/li><li>Lic. Quijije Ortega Mar\u00eda Augusta, Mg<\/li><li>Lic. Reyes Reyes Estela Yadira, Mg.<\/li><li>Lic. S\u00e1nchez Choez Lilia Magdalena, Mg<\/li><li>Lic. Santos \u00c1lvarez Mirian del Rocio, Mg<\/li><li>Lic. Tapia Mieles Mar\u00eda Agustina, Mg<\/li><li>Lic. Vel\u00e1squez Cede\u00f1o Mary Carmen, Mg.<\/li><li>Lic. Vera Palacios Mercedes Claudina, Mg.<\/li><li>Lic. Zambrano Cornejo Dolores Trinidad, Mg<\/li><\/ul><\/div>\n\t\t\t\t\t\t\t\t\t<div class=\"elementor-tab-title elementor-tab-mobile-title\" aria-selected=\"false\" data-tab=\"5\" role=\"tab\" tabindex=\"-1\" aria-controls=\"elementor-tab-content-2305\" aria-expanded=\"false\">Gesti\u00f3n y Proceso Estudiantil<\/div>\n\t\t\t\t\t<div id=\"elementor-tab-content-2305\" class=\"elementor-tab-content elementor-clearfix\" data-tab=\"5\" role=\"tabpanel\" aria-labelledby=\"elementor-tab-title-2305\" tabindex=\"0\" hidden=\"hidden\"><ul><li>\u21d2\u00a0Pr\u00e1cticas Pre-profesionales<\/li><li><a href=\"https:\/\/carreras.uleam.edu.ec\/facultad-ciencias-de-la-salud\/wp-content\/uploads\/sites\/71\/2023\/01\/HORARIOS-INTERNADO-ROTATIVO.pdf\" target=\"_blank\" rel=\"noopener\">\u21d2 Horarios Internado Rotativos\u00a0<\/a><\/li><li>\u21d2 <a href=\"https:\/\/departamentos.uleam.edu.ec\/gestion-aseguramiento-calidad\/2019\/04\/08\/matricula\/\">Matr\u00edcula<\/a><\/li><li>\u21d2 <a href=\"https:\/\/departamentos.uleam.edu.ec\/gestion-aseguramiento-calidad\/reingreso-de-estudiantes\/\">Reingreso de estudiantes<\/a><\/li><li>\u21d2 <a href=\"https:\/\/departamentos.uleam.edu.ec\/gestion-aseguramiento-calidad\/homologacion-de-estudios-por-analisis-comparativo-de-contenidos\/\">Homologaci\u00f3n de Estudios por An\u00e1lisis Comparativo de Contenidos<\/a><\/li><\/ul><\/div>\n\t\t\t\t\t\t\t<\/div>\n\t\t<\/div>\n\t\t\t\t<\/div>\n\t\t\t\t<\/div>\n\t\t\t\t\t<\/div>\n\t\t<\/div>\n\t\t\t\t\t\t\t<\/div>\n\t\t<\/section>\n\t\t\t\t\t\t<\/div>\n\t\t\t\t\t<\/div>\n\t\t","protected":false},"excerpt":{"rendered":"<p>Descripci\u00f3n General de la Carrera Malla Curricular Datos Generales Docentes Gesti\u00f3n y Proceso Estudiantil Descripci\u00f3n General de la Carrera Nombre de la Carrera:\u00a0 \u00a0 \u00a0 \u00a0 \u00a0 \u00a0Enfermer\u00eda T\u00edtulo que otorga:\u00a0 \u00a0 \u00a0 \u00a0 \u00a0 \u00a0 \u00a0 \u00a0 \u00a0 \u00a0LICENCIADO\/A [&hellip;]<\/p>\n","protected":false},"author":7,"featured_media":0,"parent":0,"menu_order":0,"comment_status":"closed","ping_status":"closed","template":"","meta":{"_acf_changed":false,"footnotes":""},"class_list":["post-8","page","type-page","status-publish","hentry"],"acf":[],"_links":{"self":[{"href":"https:\/\/carreras.uleam.edu.ec\/facultad-ciencias-de-la-salud\/wp-json\/wp\/v2\/pages\/8","targetHints":{"allow":["GET"]}}],"collection":[{"href":"https:\/\/carreras.uleam.edu.ec\/facultad-ciencias-de-la-salud\/wp-json\/wp\/v2\/pages"}],"about":[{"href":"https:\/\/carreras.uleam.edu.ec\/facultad-ciencias-de-la-salud\/wp-json\/wp\/v2\/types\/page"}],"author":[{"embeddable":true,"href":"https:\/\/carreras.uleam.edu.ec\/facultad-ciencias-de-la-salud\/wp-json\/wp\/v2\/users\/7"}],"replies":[{"embeddable":true,"href":"https:\/\/carreras.uleam.edu.ec\/facultad-ciencias-de-la-salud\/wp-json\/wp\/v2\/comments?post=8"}],"version-history":[{"count":41,"href":"https:\/\/carreras.uleam.edu.ec\/facultad-ciencias-de-la-salud\/wp-json\/wp\/v2\/pages\/8\/revisions"}],"predecessor-version":[{"id":781,"href":"https:\/\/carreras.uleam.edu.ec\/facultad-ciencias-de-la-salud\/wp-json\/wp\/v2\/pages\/8\/revisions\/781"}],"wp:attachment":[{"href":"https:\/\/carreras.uleam.edu.ec\/facultad-ciencias-de-la-salud\/wp-json\/wp\/v2\/media?parent=8"}],"curies":[{"name":"wp","href":"https:\/\/api.w.org\/{rel}","templated":true}]}}