{"id":10,"date":"2022-09-09T01:21:32","date_gmt":"2022-09-09T01:21:32","guid":{"rendered":"https:\/\/carreras.uleam.edu.ec\/facultad-ciencias-de-la-vida-y-tecnologicas\/?page_id=10"},"modified":"2025-03-14T21:07:27","modified_gmt":"2025-03-14T21:07:27","slug":"carrera-de-ingenieria-en-sistemas","status":"publish","type":"page","link":"https:\/\/carreras.uleam.edu.ec\/facultad-ciencias-de-la-vida-y-tecnologicas\/carrera-de-ingenieria-en-sistemas\/","title":{"rendered":"Carrera Ingenier\u00eda en Sistemas"},"content":{"rendered":"\t\t<div data-elementor-type=\"wp-page\" data-elementor-id=\"10\" class=\"elementor elementor-10\" data-elementor-settings=\"[]\">\n\t\t\t\t\t\t\t<div class=\"elementor-section-wrap\">\n\t\t\t\t\t\t\t<section class=\"elementor-section elementor-top-section elementor-element elementor-element-d30c4bb elementor-section-boxed elementor-section-height-default elementor-section-height-default\" data-id=\"d30c4bb\" data-element_type=\"section\">\n\t\t\t\t\t\t<div class=\"elementor-container elementor-column-gap-default\">\n\t\t\t\t\t<div class=\"elementor-column elementor-col-100 elementor-top-column elementor-element elementor-element-9db3ecf\" data-id=\"9db3ecf\" data-element_type=\"column\">\n\t\t\t<div class=\"elementor-widget-wrap elementor-element-populated\">\n\t\t\t\t\t\t\t\t<div class=\"elementor-element elementor-element-7e38aa6 elementor-tabs-view-horizontal elementor-widget elementor-widget-tabs\" data-id=\"7e38aa6\" data-element_type=\"widget\" data-widget_type=\"tabs.default\">\n\t\t\t\t<div class=\"elementor-widget-container\">\n\t\t\t\t\t<div class=\"elementor-tabs\">\n\t\t\t<div class=\"elementor-tabs-wrapper\" role=\"tablist\" >\n\t\t\t\t\t\t\t\t\t<div id=\"elementor-tab-title-1321\" class=\"elementor-tab-title elementor-tab-desktop-title\" aria-selected=\"true\" data-tab=\"1\" role=\"tab\" tabindex=\"0\" aria-controls=\"elementor-tab-content-1321\" aria-expanded=\"false\">Descripci\u00f3n General de la Carrera<\/div>\n\t\t\t\t\t\t\t\t\t<div id=\"elementor-tab-title-1322\" class=\"elementor-tab-title elementor-tab-desktop-title\" aria-selected=\"false\" data-tab=\"2\" role=\"tab\" tabindex=\"-1\" aria-controls=\"elementor-tab-content-1322\" aria-expanded=\"false\">Malla Curricular<\/div>\n\t\t\t\t\t\t\t\t\t<div id=\"elementor-tab-title-1323\" class=\"elementor-tab-title elementor-tab-desktop-title\" aria-selected=\"false\" data-tab=\"3\" role=\"tab\" tabindex=\"-1\" aria-controls=\"elementor-tab-content-1323\" aria-expanded=\"false\">Docente<\/div>\n\t\t\t\t\t\t\t\t\t<div id=\"elementor-tab-title-1324\" class=\"elementor-tab-title elementor-tab-desktop-title\" aria-selected=\"false\" data-tab=\"4\" role=\"tab\" tabindex=\"-1\" aria-controls=\"elementor-tab-content-1324\" aria-expanded=\"false\">Datos Generales<\/div>\n\t\t\t\t\t\t\t\t\t<div id=\"elementor-tab-title-1325\" class=\"elementor-tab-title elementor-tab-desktop-title\" aria-selected=\"false\" data-tab=\"5\" role=\"tab\" tabindex=\"-1\" aria-controls=\"elementor-tab-content-1325\" aria-expanded=\"false\">Gesti\u00f3n y Proceso Estudiantil<\/div>\n\t\t\t\t\t\t\t<\/div>\n\t\t\t<div class=\"elementor-tabs-content-wrapper\" role=\"tablist\" aria-orientation=\"vertical\">\n\t\t\t\t\t\t\t\t\t<div class=\"elementor-tab-title elementor-tab-mobile-title\" aria-selected=\"true\" data-tab=\"1\" role=\"tab\" tabindex=\"0\" aria-controls=\"elementor-tab-content-1321\" aria-expanded=\"false\">Descripci\u00f3n General de la Carrera<\/div>\n\t\t\t\t\t<div id=\"elementor-tab-content-1321\" class=\"elementor-tab-content elementor-clearfix\" data-tab=\"1\" role=\"tabpanel\" aria-labelledby=\"elementor-tab-title-1321\" tabindex=\"0\" hidden=\"false\"><p>Nombre de la carrera:\u00a0 \u00a0 \u00a0 \u00a0 \u00a0 \u00a0 \u00a0 \u00a0 \u00a0 \u00a0Ingenier\u00eda en sistemas\u00a0\u00a0<\/p><p>Titulaci\u00f3n:\u00a0 \u00a0 \u00a0 \u00a0 \u00a0 \u00a0 \u00a0 \u00a0 \u00a0 \u00a0 \u00a0 \u00a0 \u00a0 \u00a0 \u00a0 \u00a0 \u00a0 \u00a0 \u00a0 \u00a0Ingeniero\/a en Sistemas<\/p><p>Modalidad:\u00a0 \u00a0 \u00a0 \u00a0 \u00a0 \u00a0 \u00a0 \u00a0 \u00a0 \u00a0 \u00a0 \u00a0 \u00a0 \u00a0 \u00a0 \u00a0 \u00a0 \u00a0 \u00a0 Presencial \u2013 Semestral<\/p><p>Modalidad de aprendizaje\u00a0 \u00a0 \u00a0 \u00a0 \u00a0 \u00a0 Presencial<\/p><p>Numero de periodos ordinarios: 10 periodos\u00a0<\/p><p>Perfil de ingreso:<\/p><ul><li>Con sensibilidad social, capacidad de trabajo en equipo, vocaci\u00f3n de servicio y alto compromiso personal y social por el trabajo comunitario.<\/li><li>Requisito Educativo: Bachilleres en Ciencias.<\/li><\/ul><p>Requisitos de ingreso:<\/p><ul><li>Poseer t\u00edtulo de bachiller o su equivalente debidamente reconocido por el Ministerio de Educaci\u00f3n.<\/li><li>Haber cumplido los requisitos normados por el Sistema de Nivelaci\u00f3n y Admisi\u00f3n, el mismo que observar\u00e1 los principios de igualdad de oportunidades, m\u00e9rito y capacidad.<\/li><li>Cumplir con la entrega de documentaci\u00f3n personal y habilitante en Secretar\u00eda de la Facultad.<\/li><\/ul><p>Requisitos de graduaci\u00f3n:<\/p><ul><li>Haber aprobado la malla curricular incluyendo las pr\u00e1cticas preprofesionales y vinculaci\u00f3n con la colectividad.<\/li><li>Haber aprobado una modalidad de titulaci\u00f3n dentro de lo establecido el RRA.<\/li><li>Acreditar nivel de suficiencia B1 en un idioma extranjero por medio del certificado emitido u homologado por el Instituto de idiomas de la Universidad en sus diferentes modalidades: Cursos complementarios o Convenio con Institutos acreditados.<\/li><\/ul><p>Modalidades de titulaci\u00f3n:<\/p><ul><li>Examen de grado o de fin de carrera.<\/li><li>Proyectos de investigaci\u00f3n.<\/li><li>Proyectos integradores.<\/li><\/ul><p>Campo ocupacional:<\/p><p>El\u00a0Ingeniero en Sistemas\u00a0es el\u00a0profesional\u00a0capaz de analizar, dise\u00f1ar, investigar, desarrollar y administrar todo tipo de\u00a0sistemas, aplicando las ciencias b\u00e1sicas, las tecnolog\u00edas de la informaci\u00f3n y comunicaciones y la teor\u00eda general de\u00a0sistemas.<\/p><\/div>\n\t\t\t\t\t\t\t\t\t<div class=\"elementor-tab-title elementor-tab-mobile-title\" aria-selected=\"false\" data-tab=\"2\" role=\"tab\" tabindex=\"-1\" aria-controls=\"elementor-tab-content-1322\" aria-expanded=\"false\">Malla Curricular<\/div>\n\t\t\t\t\t<div id=\"elementor-tab-content-1322\" class=\"elementor-tab-content elementor-clearfix\" data-tab=\"2\" role=\"tabpanel\" aria-labelledby=\"elementor-tab-title-1322\" tabindex=\"0\" hidden=\"hidden\"><p><a href=\"https:\/\/carreras.uleam.edu.ec\/facultad-ciencias-de-la-vida-y-tecnologicas\/wp-content\/uploads\/sites\/73\/2023\/01\/MALLA-CURRICULAR-IS-POR-NIVELES-FACCI.pdf\" target=\"_blank\" rel=\"noopener\"><img loading=\"lazy\" decoding=\"async\" class=\"alignnone wp-image-210 size-large\" src=\"https:\/\/carreras.uleam.edu.ec\/facultad-ciencias-de-la-vida-y-tecnologicas\/wp-content\/uploads\/sites\/73\/2023\/01\/MALLA-ING.-EN-SISTEMAS-MANTA-1024x791.png\" alt=\"\" width=\"1024\" height=\"791\" srcset=\"https:\/\/carreras.uleam.edu.ec\/facultad-ciencias-de-la-vida-y-tecnologicas\/wp-content\/uploads\/sites\/73\/2023\/01\/MALLA-ING.-EN-SISTEMAS-MANTA-1024x791.png 1024w, https:\/\/carreras.uleam.edu.ec\/facultad-ciencias-de-la-vida-y-tecnologicas\/wp-content\/uploads\/sites\/73\/2023\/01\/MALLA-ING.-EN-SISTEMAS-MANTA-300x232.png 300w, https:\/\/carreras.uleam.edu.ec\/facultad-ciencias-de-la-vida-y-tecnologicas\/wp-content\/uploads\/sites\/73\/2023\/01\/MALLA-ING.-EN-SISTEMAS-MANTA-768x593.png 768w, https:\/\/carreras.uleam.edu.ec\/facultad-ciencias-de-la-vida-y-tecnologicas\/wp-content\/uploads\/sites\/73\/2023\/01\/MALLA-ING.-EN-SISTEMAS-MANTA-1536x1187.png 1536w, https:\/\/carreras.uleam.edu.ec\/facultad-ciencias-de-la-vida-y-tecnologicas\/wp-content\/uploads\/sites\/73\/2023\/01\/MALLA-ING.-EN-SISTEMAS-MANTA-2048x1583.png 2048w\" sizes=\"auto, (max-width: 1024px) 100vw, 1024px\" \/><\/a><\/p><\/div>\n\t\t\t\t\t\t\t\t\t<div class=\"elementor-tab-title elementor-tab-mobile-title\" aria-selected=\"false\" data-tab=\"3\" role=\"tab\" tabindex=\"-1\" aria-controls=\"elementor-tab-content-1323\" aria-expanded=\"false\">Docente<\/div>\n\t\t\t\t\t<div id=\"elementor-tab-content-1323\" class=\"elementor-tab-content elementor-clearfix\" data-tab=\"3\" role=\"tabpanel\" aria-labelledby=\"elementor-tab-title-1323\" tabindex=\"0\" hidden=\"hidden\"><ul><li>Ing. Jos\u00e9 Antonio Bazurto Rold\u00e1n, Mg.<\/li><li>Ing. Wilian Richart Delgado Muentes, Mg.<\/li><li>Ing. Luzmila Benilda L\u00f3pez Reyes, Ph.D.<\/li><li>Ing. Robert Wilfrido Moreira Centeno, Mg.<\/li><li>Ing. Jorge An\u00edbal Moya Delgado<\/li><li>Econ. Saul Alberto Murillo Nev\u00e1rez, Mg.<\/li><li>A.S. Jonny Vicente P\u00e9rez Veliz, Mg.<\/li><li>Ab. Pedro Pablo Pihuave Mendoza, Mg.<\/li><li>Ing. Rub\u00e9n Dar\u00edo Sol\u00f3rzano Cadena, Mg.<\/li><li>Ing. Elsa Patricia Vera Burgos, Mg.<\/li><\/ul><\/div>\n\t\t\t\t\t\t\t\t\t<div class=\"elementor-tab-title elementor-tab-mobile-title\" aria-selected=\"false\" data-tab=\"4\" role=\"tab\" tabindex=\"-1\" aria-controls=\"elementor-tab-content-1324\" aria-expanded=\"false\">Datos Generales<\/div>\n\t\t\t\t\t<div id=\"elementor-tab-content-1324\" class=\"elementor-tab-content elementor-clearfix\" data-tab=\"4\" role=\"tabpanel\" aria-labelledby=\"elementor-tab-title-1324\" tabindex=\"0\" hidden=\"hidden\"><ul><li style=\"text-align: center\">Mg. Sol\u00f3rzano Cadena Rub\u00e9n Dar\u00edo<\/li><li style=\"text-align: center\">DIRECTOR DE CARRERA<\/li><li style=\"text-align: center\"><a href=\"mailto:ruben.solorzano@uleam.edu.ec\">ruben.solorzano@uleam.edu.ec<\/a><\/li><\/ul><hr \/><ul><li style=\"text-align: center\">SECRETARIA:<\/li><li style=\"text-align: center\">Email:<\/li><\/ul><hr \/><ul><li style=\"text-align: center\">HORARIO DE ATENCI\u00d3N:<\/li><li style=\"text-align: center\">DE 08:00 A 17:00\u00a0<\/li><li style=\"text-align: center\">Lunes \u2013 Viernes<\/li><\/ul><\/div>\n\t\t\t\t\t\t\t\t\t<div class=\"elementor-tab-title elementor-tab-mobile-title\" aria-selected=\"false\" data-tab=\"5\" role=\"tab\" tabindex=\"-1\" aria-controls=\"elementor-tab-content-1325\" aria-expanded=\"false\">Gesti\u00f3n y Proceso Estudiantil<\/div>\n\t\t\t\t\t<div id=\"elementor-tab-content-1325\" class=\"elementor-tab-content elementor-clearfix\" data-tab=\"5\" role=\"tabpanel\" aria-labelledby=\"elementor-tab-title-1325\" tabindex=\"0\" hidden=\"hidden\"><ul><li>\u21d2\u00a0Pr\u00e1cticas Pre-profesionales<\/li><li>\u21d2 <a href=\"https:\/\/departamentos.uleam.edu.ec\/gestion-aseguramiento-calidad\/2019\/04\/08\/matricula\/\">Matr\u00edcula<\/a><\/li><li>\u21d2 <a href=\"https:\/\/departamentos.uleam.edu.ec\/gestion-aseguramiento-calidad\/reingreso-de-estudiantes\/\">Reingreso de estudiantes<\/a><\/li><li>\u21d2 <a href=\"https:\/\/departamentos.uleam.edu.ec\/gestion-aseguramiento-calidad\/homologacion-de-estudios-por-analisis-comparativo-de-contenidos\/\">Homologaci\u00f3n de Estudios por An\u00e1lisis Comparativo de Contenidos<\/a><\/li><\/ul><\/div>\n\t\t\t\t\t\t\t<\/div>\n\t\t<\/div>\n\t\t\t\t<\/div>\n\t\t\t\t<\/div>\n\t\t\t\t\t<\/div>\n\t\t<\/div>\n\t\t\t\t\t\t\t<\/div>\n\t\t<\/section>\n\t\t\t\t\t\t<\/div>\n\t\t\t\t\t<\/div>\n\t\t","protected":false},"excerpt":{"rendered":"<p>Descripci\u00f3n General de la Carrera Malla Curricular Docente Datos Generales Gesti\u00f3n y Proceso Estudiantil Descripci\u00f3n General de la Carrera Nombre de la carrera:\u00a0 \u00a0 \u00a0 \u00a0 \u00a0 \u00a0 \u00a0 \u00a0 \u00a0 \u00a0Ingenier\u00eda en sistemas\u00a0\u00a0 Titulaci\u00f3n:\u00a0 \u00a0 \u00a0 \u00a0 \u00a0 \u00a0 [&hellip;]<\/p>\n","protected":false},"author":7,"featured_media":0,"parent":0,"menu_order":0,"comment_status":"closed","ping_status":"closed","template":"","meta":{"_acf_changed":false,"footnotes":""},"class_list":["post-10","page","type-page","status-publish","hentry"],"acf":[],"_links":{"self":[{"href":"https:\/\/carreras.uleam.edu.ec\/facultad-ciencias-de-la-vida-y-tecnologicas\/wp-json\/wp\/v2\/pages\/10","targetHints":{"allow":["GET"]}}],"collection":[{"href":"https:\/\/carreras.uleam.edu.ec\/facultad-ciencias-de-la-vida-y-tecnologicas\/wp-json\/wp\/v2\/pages"}],"about":[{"href":"https:\/\/carreras.uleam.edu.ec\/facultad-ciencias-de-la-vida-y-tecnologicas\/wp-json\/wp\/v2\/types\/page"}],"author":[{"embeddable":true,"href":"https:\/\/carreras.uleam.edu.ec\/facultad-ciencias-de-la-vida-y-tecnologicas\/wp-json\/wp\/v2\/users\/7"}],"replies":[{"embeddable":true,"href":"https:\/\/carreras.uleam.edu.ec\/facultad-ciencias-de-la-vida-y-tecnologicas\/wp-json\/wp\/v2\/comments?post=10"}],"version-history":[{"count":30,"href":"https:\/\/carreras.uleam.edu.ec\/facultad-ciencias-de-la-vida-y-tecnologicas\/wp-json\/wp\/v2\/pages\/10\/revisions"}],"predecessor-version":[{"id":428,"href":"https:\/\/carreras.uleam.edu.ec\/facultad-ciencias-de-la-vida-y-tecnologicas\/wp-json\/wp\/v2\/pages\/10\/revisions\/428"}],"wp:attachment":[{"href":"https:\/\/carreras.uleam.edu.ec\/facultad-ciencias-de-la-vida-y-tecnologicas\/wp-json\/wp\/v2\/media?parent=10"}],"curies":[{"name":"wp","href":"https:\/\/api.w.org\/{rel}","templated":true}]}}