{"id":11,"date":"2022-09-09T01:21:58","date_gmt":"2022-09-09T01:21:58","guid":{"rendered":"https:\/\/carreras.uleam.edu.ec\/facultad-ciencias-de-la-vida-y-tecnologicas\/?page_id=11"},"modified":"2025-10-23T15:55:14","modified_gmt":"2025-10-23T15:55:14","slug":"carrera-de-ingenieria-en-software","status":"publish","type":"page","link":"https:\/\/carreras.uleam.edu.ec\/facultad-ciencias-de-la-vida-y-tecnologicas\/carrera-de-ingenieria-en-software\/","title":{"rendered":"Carrera Software"},"content":{"rendered":"\t\t<div data-elementor-type=\"wp-page\" data-elementor-id=\"11\" class=\"elementor elementor-11\" data-elementor-settings=\"[]\">\n\t\t\t\t\t\t\t<div class=\"elementor-section-wrap\">\n\t\t\t\t\t\t\t<section class=\"elementor-section elementor-top-section elementor-element elementor-element-b287cd4 elementor-section-boxed elementor-section-height-default elementor-section-height-default\" data-id=\"b287cd4\" data-element_type=\"section\">\n\t\t\t\t\t\t<div class=\"elementor-container elementor-column-gap-default\">\n\t\t\t\t\t<div class=\"elementor-column elementor-col-100 elementor-top-column elementor-element elementor-element-0237ee5\" data-id=\"0237ee5\" data-element_type=\"column\">\n\t\t\t<div class=\"elementor-widget-wrap elementor-element-populated\">\n\t\t\t\t\t\t\t\t<div class=\"elementor-element elementor-element-1f8eed5 elementor-tabs-view-horizontal elementor-widget elementor-widget-tabs\" data-id=\"1f8eed5\" data-element_type=\"widget\" data-widget_type=\"tabs.default\">\n\t\t\t\t<div class=\"elementor-widget-container\">\n\t\t\t\t\t<div class=\"elementor-tabs\">\n\t\t\t<div class=\"elementor-tabs-wrapper\" role=\"tablist\" >\n\t\t\t\t\t\t\t\t\t<div id=\"elementor-tab-title-3301\" class=\"elementor-tab-title elementor-tab-desktop-title\" aria-selected=\"true\" data-tab=\"1\" role=\"tab\" tabindex=\"0\" aria-controls=\"elementor-tab-content-3301\" aria-expanded=\"false\">Descripci\u00f3n General de la Carrera<\/div>\n\t\t\t\t\t\t\t\t\t<div id=\"elementor-tab-title-3302\" class=\"elementor-tab-title elementor-tab-desktop-title\" aria-selected=\"false\" data-tab=\"2\" role=\"tab\" tabindex=\"-1\" aria-controls=\"elementor-tab-content-3302\" aria-expanded=\"false\">Malla Curricular<\/div>\n\t\t\t\t\t\t\t\t\t<div id=\"elementor-tab-title-3303\" class=\"elementor-tab-title elementor-tab-desktop-title\" aria-selected=\"false\" data-tab=\"3\" role=\"tab\" tabindex=\"-1\" aria-controls=\"elementor-tab-content-3303\" aria-expanded=\"false\">Docentes<\/div>\n\t\t\t\t\t\t\t\t\t<div id=\"elementor-tab-title-3304\" class=\"elementor-tab-title elementor-tab-desktop-title\" aria-selected=\"false\" data-tab=\"4\" role=\"tab\" tabindex=\"-1\" aria-controls=\"elementor-tab-content-3304\" aria-expanded=\"false\">Datos Generales<\/div>\n\t\t\t\t\t\t\t\t\t<div id=\"elementor-tab-title-3305\" class=\"elementor-tab-title elementor-tab-desktop-title\" aria-selected=\"false\" data-tab=\"5\" role=\"tab\" tabindex=\"-1\" aria-controls=\"elementor-tab-content-3305\" aria-expanded=\"false\">Gesti\u00f3n y Proceso Estudiantil<\/div>\n\t\t\t\t\t\t\t<\/div>\n\t\t\t<div class=\"elementor-tabs-content-wrapper\" role=\"tablist\" aria-orientation=\"vertical\">\n\t\t\t\t\t\t\t\t\t<div class=\"elementor-tab-title elementor-tab-mobile-title\" aria-selected=\"true\" data-tab=\"1\" role=\"tab\" tabindex=\"0\" aria-controls=\"elementor-tab-content-3301\" aria-expanded=\"false\">Descripci\u00f3n General de la Carrera<\/div>\n\t\t\t\t\t<div id=\"elementor-tab-content-3301\" class=\"elementor-tab-content elementor-clearfix\" data-tab=\"1\" role=\"tabpanel\" aria-labelledby=\"elementor-tab-title-3301\" tabindex=\"0\" hidden=\"false\"><ul><li>Nombre de la carrera:\u00a0 \u00a0 \u00a0 \u00a0 \u00a0 \u00a0 \u00a0 \u00a0 \u00a0 \u00a0 Software<\/li><li>Titulaci\u00f3n:\u00a0 \u00a0 \u00a0 \u00a0 \u00a0 \u00a0 \u00a0 \u00a0 \u00a0 \u00a0 \u00a0 \u00a0 \u00a0 \u00a0 \u00a0 \u00a0 \u00a0 \u00a0 \u00a0 \u00a0 Ingeniero\/a en Software<\/li><li>Modalidad:\u00a0 \u00a0 \u00a0 \u00a0 \u00a0 \u00a0 \u00a0 \u00a0 \u00a0 \u00a0 \u00a0 \u00a0 \u00a0 \u00a0 \u00a0 \u00a0 \u00a0 \u00a0 \u00a0 \u00a0Presencial \u2013 Semestral<\/li><li>Modalidad de aprendizaje:\u00a0 \u00a0 \u00a0 \u00a0 \u00a0 \u00a0 Presencial<\/li><li>Numero de periodos ordinarios:\u00a0 8 periodos\u00a0<\/li><\/ul><p>Objetivo general:<\/p><p style=\"padding-left: 40px\">Formar ingenieros de software que a partir del desarrollo de software, datos, redes y gesti\u00f3n de proyectos que contribuyan al desarrollo de las TIC, a la generaci\u00f3n de la riqueza nacional, al incremento de las exportaciones de alta, media y baja intensidad tecnol\u00f3gica al mejoramiento continuo-sist\u00e9mico de las organizaciones con \u00e9tica y responsabilidad social. \u00a0<\/p><p>Perfil de ingreso:\u00a0 \u00a0<\/p><ul><li>Inter\u00e9s general por el manejo y uso de la computadora, dispositivos m\u00f3viles y dem\u00e1s dispositivos inform\u00e1ticos, as\u00ed como de su software.<\/li><li>Capacidad de an\u00e1lisis, s\u00edntesis y abstracci\u00f3n.<\/li><li>Predisposici\u00f3n para trabajar en actividades cient\u00edficas y acad\u00e9micas.<\/li><li>Habilidad para trabajar en grupo de manera cort\u00e9s y comprometida.<\/li><li>Actitud responsable con compromiso social para el mejoramiento de la calidad de vida de la poblaci\u00f3n.<\/li><\/ul><p>\u00a0En general, el perfil de ingreso es determinado por las competencias y habilidades evaluadas a trav\u00e9s del Sistema Nacional de Nivelaci\u00f3n y Admisi\u00f3n en el Examen Integrado, Ser Bachiller, o el mecanismo que a futuro se considere para el proceso.<\/p><p>Requisitos de ingreso:<\/p><ul><li>Poseer t\u00edtulo de bachiller o su equivalente, de conformidad con la Ley<\/li><li>Haber cumplido los requisitos normados por el Sistema de Nivelaci\u00f3n y Admisi\u00f3n.<\/li><li>Cumplir con la entrega de documentaci\u00f3n personal y habilitante en la secretar\u00eda general de la Universidad.<\/li><li>Para casos de movilidad interna o externa cumplir con los requisitos establecidos en el Art. 96 del Reglamento de R\u00e9gimen Acad\u00e9mico para cambios.<\/li><\/ul><p>Requisitos de graduaci\u00f3n:<\/p><ul><li>Haber aprobado las asignaturas de las unidades b\u00e1sica y profesional del plan curricular de la carrera.<\/li><li>Acreditar nivel de suficiencia B1 en un idioma extranjero por medio del certificado emitido u homologado por el Instituto de idiomas de la Universidad en sus diferentes modalidades: Cursos complementarios o Convenio con Institutos acreditados.<\/li><li>Aprobar el trabajo de integraci\u00f3n curricular de conformidad con lo establecido en el Reglamento Interno de R\u00e9gimen Acad\u00e9mico.<\/li><li>Acreditar el cumplimiento de los requisitos de titulaci\u00f3n establecidos en la LOES: pr\u00e1cticas laborales y de servicio comunitario seg\u00fan lo aprobado en el proyecto de carrera.<\/li><\/ul><p>Modalidades de titulaci\u00f3n:<\/p><ul><li>Desarrollo de un trabajo de integraci\u00f3n curricular.<\/li><li>Examen complexivo.<\/li><li>Presentaci\u00f3n o producci\u00f3n art\u00edstica (aplica para el campo amplio de las artes).<\/li><\/ul><p>Campo ocupacional:<\/p><p style=\"padding-left: 40px\">Los profesionales de software tienen especiales competencias y capacidades para la construcci\u00f3n y administraci\u00f3n de productos software con base en modelos, metodolog\u00edas, est\u00e1ndares y buenas pr\u00e1cticas; empleando diversas tecnolog\u00edas. As\u00ed como la adecuada gesti\u00f3n de los datos subyacentes, esto es, con criterios de gesti\u00f3n organizacional basada en datos y en sus seguridades. Adem\u00e1s, el Ingeniero de software es competente en lo que respecta a la experimentaci\u00f3n en ingenier\u00eda de software, el dise\u00f1o de software centrado en el usuario, la especificaci\u00f3n de requisitos de software y la ciencia de datos.<\/p><p style=\"padding-left: 40px\">El Ingeniero en Software es un profesional creativo y comunicativo que hace uso adecuado de las herramientas y materiales espec\u00edficos de su profesi\u00f3n y dirige, crea, asesora o innova con soluciones integradas de sistemas de software y de datos al servicio de personas y organizaciones de diversos campos de actuaci\u00f3n, sustentado en est\u00e1ndares, manifiestos, buenas pr\u00e1cticas, modelos, metodolog\u00edas de administraci\u00f3n del ciclo de vida de los productos software y sus tecnolog\u00edas de implementaci\u00f3n adecuadas.<\/p><\/div>\n\t\t\t\t\t\t\t\t\t<div class=\"elementor-tab-title elementor-tab-mobile-title\" aria-selected=\"false\" data-tab=\"2\" role=\"tab\" tabindex=\"-1\" aria-controls=\"elementor-tab-content-3302\" aria-expanded=\"false\">Malla Curricular<\/div>\n\t\t\t\t\t<div id=\"elementor-tab-content-3302\" class=\"elementor-tab-content elementor-clearfix\" data-tab=\"2\" role=\"tabpanel\" aria-labelledby=\"elementor-tab-title-3302\" tabindex=\"0\" hidden=\"hidden\"><p><a href=\"https:\/\/carreras.uleam.edu.ec\/facultad-ciencias-de-la-vida-y-tecnologicas\/wp-content\/uploads\/sites\/73\/2023\/01\/Malla-curricular-SOFTWARE.pdf\" target=\"_blank\" rel=\"noopener\"><img loading=\"lazy\" decoding=\"async\" class=\"alignnone wp-image-211 size-large\" src=\"https:\/\/carreras.uleam.edu.ec\/facultad-ciencias-de-la-vida-y-tecnologicas\/wp-content\/uploads\/sites\/73\/2023\/01\/MALLA-SOFTWARE-MANTA-1013x1024.png\" alt=\"\" width=\"1013\" height=\"1024\" srcset=\"https:\/\/carreras.uleam.edu.ec\/facultad-ciencias-de-la-vida-y-tecnologicas\/wp-content\/uploads\/sites\/73\/2023\/01\/MALLA-SOFTWARE-MANTA-1013x1024.png 1013w, https:\/\/carreras.uleam.edu.ec\/facultad-ciencias-de-la-vida-y-tecnologicas\/wp-content\/uploads\/sites\/73\/2023\/01\/MALLA-SOFTWARE-MANTA-297x300.png 297w, https:\/\/carreras.uleam.edu.ec\/facultad-ciencias-de-la-vida-y-tecnologicas\/wp-content\/uploads\/sites\/73\/2023\/01\/MALLA-SOFTWARE-MANTA-768x776.png 768w, https:\/\/carreras.uleam.edu.ec\/facultad-ciencias-de-la-vida-y-tecnologicas\/wp-content\/uploads\/sites\/73\/2023\/01\/MALLA-SOFTWARE-MANTA-1519x1536.png 1519w, https:\/\/carreras.uleam.edu.ec\/facultad-ciencias-de-la-vida-y-tecnologicas\/wp-content\/uploads\/sites\/73\/2023\/01\/MALLA-SOFTWARE-MANTA-2026x2048.png 2026w, https:\/\/carreras.uleam.edu.ec\/facultad-ciencias-de-la-vida-y-tecnologicas\/wp-content\/uploads\/sites\/73\/2023\/01\/MALLA-SOFTWARE-MANTA-100x100.png 100w\" sizes=\"auto, (max-width: 1013px) 100vw, 1013px\" \/><\/a><\/p><\/div>\n\t\t\t\t\t\t\t\t\t<div class=\"elementor-tab-title elementor-tab-mobile-title\" aria-selected=\"false\" data-tab=\"3\" role=\"tab\" tabindex=\"-1\" aria-controls=\"elementor-tab-content-3303\" aria-expanded=\"false\">Docentes<\/div>\n\t\t\t\t\t<div id=\"elementor-tab-content-3303\" class=\"elementor-tab-content elementor-clearfix\" data-tab=\"3\" role=\"tabpanel\" aria-labelledby=\"elementor-tab-title-3303\" tabindex=\"0\" hidden=\"hidden\"><ul><li>Ing. Jos\u00e9 Crist\u00f3bal Arteaga Vera, Ph.D<\/li><li>Ing. Adriana Virginia Mac\u00edas Espinales, Mg.<\/li><li>Ing. Winther Abel Molina Loor, Mg.<\/li><li>A.S. Jonny Vicente P\u00e9rez Veliz, Mg.<\/li><\/ul><\/div>\n\t\t\t\t\t\t\t\t\t<div class=\"elementor-tab-title elementor-tab-mobile-title\" aria-selected=\"false\" data-tab=\"4\" role=\"tab\" tabindex=\"-1\" aria-controls=\"elementor-tab-content-3304\" aria-expanded=\"false\">Datos Generales<\/div>\n\t\t\t\t\t<div id=\"elementor-tab-content-3304\" class=\"elementor-tab-content elementor-clearfix\" data-tab=\"4\" role=\"tabpanel\" aria-labelledby=\"elementor-tab-title-3304\" tabindex=\"0\" hidden=\"hidden\"><ul><li style=\"text-align: center\">Ing. Joffre Edgardo Panchana Flores, Mgtr.<\/li><li style=\"text-align: center\">DIRECTOR DE CARRERA<\/li><li style=\"text-align: center\"><a href=\"mailto:edgardo.panchana@uleam.edu.ec\">edgardo.panchana@uleam.edu.ec<\/a><\/li><\/ul><hr \/><ul><li style=\"text-align: center\">Mgtr. Mar\u00eda Jos\u00e9 Cornejo Arteaga<\/li><li style=\"text-align: center\">SECRETARIA<\/li><li style=\"text-align: center\"><a href=\"mailto:majose.cornejo@uleam.edu.ec\">majose.cornejo@uleam.edu.ec<\/a> \u00a0<\/li><\/ul><hr \/><ul><li style=\"text-align: center\">HORARIO DE ATENCI\u00d3N:<\/li><li style=\"text-align: center\">DE 08:00 A 17:00\u00a0<\/li><li style=\"text-align: center\">Lunes \u2013 Viernes<\/li><\/ul><\/div>\n\t\t\t\t\t\t\t\t\t<div class=\"elementor-tab-title elementor-tab-mobile-title\" aria-selected=\"false\" data-tab=\"5\" role=\"tab\" tabindex=\"-1\" aria-controls=\"elementor-tab-content-3305\" aria-expanded=\"false\">Gesti\u00f3n y Proceso Estudiantil<\/div>\n\t\t\t\t\t<div id=\"elementor-tab-content-3305\" class=\"elementor-tab-content elementor-clearfix\" data-tab=\"5\" role=\"tabpanel\" aria-labelledby=\"elementor-tab-title-3305\" tabindex=\"0\" hidden=\"hidden\"><ul><li>\u21d2\u00a0Pr\u00e1cticas Pre-profesionales<\/li><li>\u21d2 <a href=\"https:\/\/departamentos.uleam.edu.ec\/gestion-aseguramiento-calidad\/2019\/04\/08\/matricula\/\">Matr\u00edcula<\/a><\/li><li>\u21d2 <a href=\"https:\/\/departamentos.uleam.edu.ec\/gestion-aseguramiento-calidad\/reingreso-de-estudiantes\/\">Reingreso de estudiantes<\/a><\/li><li>\u21d2 <a href=\"https:\/\/departamentos.uleam.edu.ec\/gestion-aseguramiento-calidad\/homologacion-de-estudios-por-analisis-comparativo-de-contenidos\/\">Homologaci\u00f3n de Estudios por An\u00e1lisis Comparativo de Contenidos<\/a><\/li><\/ul><\/div>\n\t\t\t\t\t\t\t<\/div>\n\t\t<\/div>\n\t\t\t\t<\/div>\n\t\t\t\t<\/div>\n\t\t\t\t\t<\/div>\n\t\t<\/div>\n\t\t\t\t\t\t\t<\/div>\n\t\t<\/section>\n\t\t\t\t\t\t<\/div>\n\t\t\t\t\t<\/div>\n\t\t","protected":false},"excerpt":{"rendered":"<p>Descripci\u00f3n General de la Carrera Malla Curricular Docentes Datos Generales Gesti\u00f3n y Proceso Estudiantil Descripci\u00f3n General de la Carrera Nombre de la carrera:\u00a0 \u00a0 \u00a0 \u00a0 \u00a0 \u00a0 \u00a0 \u00a0 \u00a0 \u00a0 Software Titulaci\u00f3n:\u00a0 \u00a0 \u00a0 \u00a0 \u00a0 \u00a0 \u00a0 [&hellip;]<\/p>\n","protected":false},"author":7,"featured_media":0,"parent":0,"menu_order":0,"comment_status":"closed","ping_status":"closed","template":"","meta":{"_acf_changed":false,"footnotes":""},"class_list":["post-11","page","type-page","status-publish","hentry"],"acf":[],"_links":{"self":[{"href":"https:\/\/carreras.uleam.edu.ec\/facultad-ciencias-de-la-vida-y-tecnologicas\/wp-json\/wp\/v2\/pages\/11","targetHints":{"allow":["GET"]}}],"collection":[{"href":"https:\/\/carreras.uleam.edu.ec\/facultad-ciencias-de-la-vida-y-tecnologicas\/wp-json\/wp\/v2\/pages"}],"about":[{"href":"https:\/\/carreras.uleam.edu.ec\/facultad-ciencias-de-la-vida-y-tecnologicas\/wp-json\/wp\/v2\/types\/page"}],"author":[{"embeddable":true,"href":"https:\/\/carreras.uleam.edu.ec\/facultad-ciencias-de-la-vida-y-tecnologicas\/wp-json\/wp\/v2\/users\/7"}],"replies":[{"embeddable":true,"href":"https:\/\/carreras.uleam.edu.ec\/facultad-ciencias-de-la-vida-y-tecnologicas\/wp-json\/wp\/v2\/comments?post=11"}],"version-history":[{"count":37,"href":"https:\/\/carreras.uleam.edu.ec\/facultad-ciencias-de-la-vida-y-tecnologicas\/wp-json\/wp\/v2\/pages\/11\/revisions"}],"predecessor-version":[{"id":438,"href":"https:\/\/carreras.uleam.edu.ec\/facultad-ciencias-de-la-vida-y-tecnologicas\/wp-json\/wp\/v2\/pages\/11\/revisions\/438"}],"wp:attachment":[{"href":"https:\/\/carreras.uleam.edu.ec\/facultad-ciencias-de-la-vida-y-tecnologicas\/wp-json\/wp\/v2\/media?parent=11"}],"curies":[{"name":"wp","href":"https:\/\/api.w.org\/{rel}","templated":true}]}}