{"id":12,"date":"2022-09-09T01:22:24","date_gmt":"2022-09-09T01:22:24","guid":{"rendered":"https:\/\/carreras.uleam.edu.ec\/facultad-ciencias-de-la-vida-y-tecnologicas\/?page_id=12"},"modified":"2025-03-14T21:51:47","modified_gmt":"2025-03-14T21:51:47","slug":"carrera-de-ingenieria-en-tecnologias-de-la-informacion","status":"publish","type":"page","link":"https:\/\/carreras.uleam.edu.ec\/facultad-ciencias-de-la-vida-y-tecnologicas\/carrera-de-ingenieria-en-tecnologias-de-la-informacion\/","title":{"rendered":"Carrera Tecnolog\u00edas de la Informaci\u00f3n"},"content":{"rendered":"\t\t<div data-elementor-type=\"wp-page\" data-elementor-id=\"12\" class=\"elementor elementor-12\" data-elementor-settings=\"[]\">\n\t\t\t\t\t\t\t<div class=\"elementor-section-wrap\">\n\t\t\t\t\t\t\t<section class=\"elementor-section elementor-top-section elementor-element elementor-element-bcc5d34 elementor-section-boxed elementor-section-height-default elementor-section-height-default\" data-id=\"bcc5d34\" data-element_type=\"section\">\n\t\t\t\t\t\t<div class=\"elementor-container elementor-column-gap-default\">\n\t\t\t\t\t<div class=\"elementor-column elementor-col-100 elementor-top-column elementor-element elementor-element-19a740c\" data-id=\"19a740c\" data-element_type=\"column\">\n\t\t\t<div class=\"elementor-widget-wrap elementor-element-populated\">\n\t\t\t\t\t\t\t\t<div class=\"elementor-element elementor-element-244e8b0 elementor-tabs-view-horizontal elementor-widget elementor-widget-tabs\" data-id=\"244e8b0\" data-element_type=\"widget\" data-widget_type=\"tabs.default\">\n\t\t\t\t<div class=\"elementor-widget-container\">\n\t\t\t\t\t<div class=\"elementor-tabs\">\n\t\t\t<div class=\"elementor-tabs-wrapper\" role=\"tablist\" >\n\t\t\t\t\t\t\t\t\t<div id=\"elementor-tab-title-3801\" class=\"elementor-tab-title elementor-tab-desktop-title\" aria-selected=\"true\" data-tab=\"1\" role=\"tab\" tabindex=\"0\" aria-controls=\"elementor-tab-content-3801\" aria-expanded=\"false\">Descripci\u00f3n General de la Carrera<\/div>\n\t\t\t\t\t\t\t\t\t<div id=\"elementor-tab-title-3802\" class=\"elementor-tab-title elementor-tab-desktop-title\" aria-selected=\"false\" data-tab=\"2\" role=\"tab\" tabindex=\"-1\" aria-controls=\"elementor-tab-content-3802\" aria-expanded=\"false\">Malla Curricular<\/div>\n\t\t\t\t\t\t\t\t\t<div id=\"elementor-tab-title-3803\" class=\"elementor-tab-title elementor-tab-desktop-title\" aria-selected=\"false\" data-tab=\"3\" role=\"tab\" tabindex=\"-1\" aria-controls=\"elementor-tab-content-3803\" aria-expanded=\"false\">Docentes<\/div>\n\t\t\t\t\t\t\t\t\t<div id=\"elementor-tab-title-3804\" class=\"elementor-tab-title elementor-tab-desktop-title\" aria-selected=\"false\" data-tab=\"4\" role=\"tab\" tabindex=\"-1\" aria-controls=\"elementor-tab-content-3804\" aria-expanded=\"false\">Datos Generales<\/div>\n\t\t\t\t\t\t\t\t\t<div id=\"elementor-tab-title-3805\" class=\"elementor-tab-title elementor-tab-desktop-title\" aria-selected=\"false\" data-tab=\"5\" role=\"tab\" tabindex=\"-1\" aria-controls=\"elementor-tab-content-3805\" aria-expanded=\"false\">Gesti\u00f3n y Proceso Estudiantil<\/div>\n\t\t\t\t\t\t\t<\/div>\n\t\t\t<div class=\"elementor-tabs-content-wrapper\" role=\"tablist\" aria-orientation=\"vertical\">\n\t\t\t\t\t\t\t\t\t<div class=\"elementor-tab-title elementor-tab-mobile-title\" aria-selected=\"true\" data-tab=\"1\" role=\"tab\" tabindex=\"0\" aria-controls=\"elementor-tab-content-3801\" aria-expanded=\"false\">Descripci\u00f3n General de la Carrera<\/div>\n\t\t\t\t\t<div id=\"elementor-tab-content-3801\" class=\"elementor-tab-content elementor-clearfix\" data-tab=\"1\" role=\"tabpanel\" aria-labelledby=\"elementor-tab-title-3801\" tabindex=\"0\" hidden=\"false\"><p>Nombre de la carrera:\u00a0 \u00a0 \u00a0 \u00a0 \u00a0 \u00a0 \u00a0 \u00a0 \u00a0 Tecnolog\u00edas de la informaci\u00f3n<\/p><p>Titulaci\u00f3n:\u00a0 \u00a0 \u00a0 \u00a0 \u00a0 \u00a0 \u00a0 \u00a0 \u00a0 \u00a0 \u00a0 \u00a0 \u00a0 \u00a0 \u00a0 \u00a0 \u00a0 \u00a0 \u00a0 \u00a0Ingeniero\/a en Tecnolog\u00edas de la Informaci\u00f3n<\/p><p>Modalidad:\u00a0 \u00a0 \u00a0 \u00a0 \u00a0 \u00a0 \u00a0 \u00a0 \u00a0 \u00a0 \u00a0 \u00a0 \u00a0 \u00a0 \u00a0 \u00a0 \u00a0 \u00a0 \u00a0 Presencial \u2013 Semestral<\/p><p>Numero de periodos ordinarios: 9 periodos<\/p><p>Objetivo general:<\/p><p style=\"padding-left: 40px\">Formar Ingenieros en Tecnolog\u00edas de la Informaci\u00f3n (TI) capaces de seleccionar, crear, aplicar, integrar, administrar e implementar soluciones eficientes de las tecnolog\u00edas de la informaci\u00f3n, integradas al servicio de personas y organizaciones ante la nueva y din\u00e1mica era digital para dar respuesta a las exigencias de la sociedad contempor\u00e1nea.<strong>\u00a0<\/strong><\/p><p>Perfil de ingreso. &#8211; \u00a0El aspirante a esta carrera deber\u00e1 caracterizarse por tener:<\/p><ul><li>Pensar rigurosamente<\/li><li>Comunicarse efectivamente<\/li><li>Razonar num\u00e9ricamente<\/li><li>Actuar como ciudadano responsable<\/li><li>Emprender<\/li><li>Aprender por el resto de su vida<\/li><\/ul><p>Requisitos de ingreso:<\/p><ul><li>Poseer t\u00edtulo de bachiller o su equivalente debidamente reconocido por el Ministerio de Educaci\u00f3n.<\/li><li>Haber cumplido los requisitos normados por el Sistema de Nivelaci\u00f3n y Admisi\u00f3n, el mismo que observar\u00e1 los principios de igualdad de oportunidades, m\u00e9rito y capacidad.<\/li><li>Cumplir con la entrega de documentaci\u00f3n personal y habilitante en Secretar\u00eda General.<\/li><li>En casos especiales, certificados de reconocimiento y homologaci\u00f3n de estudios de otras IES de conformidad con el Art\u00edculo 63 y 64 del Reglamento de R\u00e9gimen Acad\u00e9mico.<\/li><\/ul><p>Requisitos de graduaci\u00f3n:<\/p><ul><li>Haber aprobado la malla curricular incluyendo las pr\u00e1cticas preprofesionales y vinculaci\u00f3n con la colectividad.<\/li><li>Haber aprobado una modalidad de titulaci\u00f3n dentro de lo establecido el RRA.<\/li><li>Acreditar suficiencia en la competencia comunicativa a nivel B2 \u2013 MCER (Ver justificativos en el anexo de gr\u00e1ficos y tablas).<\/li><\/ul><p>Modalidades de titulaci\u00f3n:<\/p><ul><li>Examen de grado o de fin de carrera.<\/li><li>Proyectos de investigaci\u00f3n.<\/li><li>Proyectos integradores.<\/li><\/ul><p>Campo ocupacional:<\/p><p style=\"padding-left: 40px\">Los profesionales de TI tienen competencias y capacidades en uno o m\u00e1s sistemas de gesti\u00f3n de bases de datos. El control de tecnolog\u00edas de bases de datos y las matem\u00e1ticas permite al profesional formular informes, realizar reportes sobre cualquier proceso comercial, industrial e institucional y participar de forma activa en procesos avanzados de desarrollo, consolidando las capacidades propias de un profesional de tecnolog\u00edas de la informaci\u00f3n y un ingeniero especialista.<\/p><ul><li>Analizar las necesidades de usuarios para la selecci\u00f3n, creaci\u00f3n, evaluaci\u00f3n, y administraci\u00f3n de sistemas computacionales.<\/li><li>Planificar, concebir, desplegar y dirigir proyectos y servicios en el \u00e1mbito de las Tecnolog\u00edas de Informaci\u00f3n que contribuyan a la productividad y logro de los objetivos estrat\u00e9gicos de las organizaciones, valorando su impacto econ\u00f3mico, social y ambiental.<\/li><li>Evaluar sistemas de Tecnolog\u00edas de Informaci\u00f3n para diagnosticar y proponer acciones de mejora e innovaci\u00f3n en las organizaciones mediante el uso de est\u00e1ndares y metodolog\u00edas que evidencien la veracidad de los resultados encontrados en los procesos.<\/li><li>Adaptar, desarrollar y mantener sistemas, servicios y aplicaciones inform\u00e1ticas empleando las metodolog\u00edas de ingenier\u00eda del software como instrumento para el aseguramiento de su calidad.<\/li><li>Seleccionar, dise\u00f1ar, implementar y gestionar redes e infraestructuras en Tecnolog\u00edas de Informaci\u00f3n de acuerdo al an\u00e1lisis y requerimientos en una organizaci\u00f3n.<\/li><li>Implementar Tecnolog\u00edas de Informaci\u00f3n que integren servicios en la nube e infraestructura local para la administraci\u00f3n, gesti\u00f3n y distribuci\u00f3n de la informaci\u00f3n.<\/li><\/ul><\/div>\n\t\t\t\t\t\t\t\t\t<div class=\"elementor-tab-title elementor-tab-mobile-title\" aria-selected=\"false\" data-tab=\"2\" role=\"tab\" tabindex=\"-1\" aria-controls=\"elementor-tab-content-3802\" aria-expanded=\"false\">Malla Curricular<\/div>\n\t\t\t\t\t<div id=\"elementor-tab-content-3802\" class=\"elementor-tab-content elementor-clearfix\" data-tab=\"2\" role=\"tabpanel\" aria-labelledby=\"elementor-tab-title-3802\" tabindex=\"0\" hidden=\"hidden\"><p><a href=\"https:\/\/carreras.uleam.edu.ec\/facultad-ciencias-de-la-vida-y-tecnologicas\/wp-content\/uploads\/sites\/73\/2023\/01\/Malla-Actual-9-Niveles-Tecnologias-de-la-Informacion.pdf\" target=\"_blank\" rel=\"noopener\"><img loading=\"lazy\" decoding=\"async\" class=\"alignnone wp-image-212 size-large\" src=\"https:\/\/carreras.uleam.edu.ec\/facultad-ciencias-de-la-vida-y-tecnologicas\/wp-content\/uploads\/sites\/73\/2023\/01\/MALLA-TECNOLOGIA-DE-LA-INFORMACION-MANTA-1024x725.png\" alt=\"\" width=\"1024\" height=\"725\" srcset=\"https:\/\/carreras.uleam.edu.ec\/facultad-ciencias-de-la-vida-y-tecnologicas\/wp-content\/uploads\/sites\/73\/2023\/01\/MALLA-TECNOLOGIA-DE-LA-INFORMACION-MANTA-1024x725.png 1024w, https:\/\/carreras.uleam.edu.ec\/facultad-ciencias-de-la-vida-y-tecnologicas\/wp-content\/uploads\/sites\/73\/2023\/01\/MALLA-TECNOLOGIA-DE-LA-INFORMACION-MANTA-300x212.png 300w, https:\/\/carreras.uleam.edu.ec\/facultad-ciencias-de-la-vida-y-tecnologicas\/wp-content\/uploads\/sites\/73\/2023\/01\/MALLA-TECNOLOGIA-DE-LA-INFORMACION-MANTA-768x543.png 768w, https:\/\/carreras.uleam.edu.ec\/facultad-ciencias-de-la-vida-y-tecnologicas\/wp-content\/uploads\/sites\/73\/2023\/01\/MALLA-TECNOLOGIA-DE-LA-INFORMACION-MANTA-1536x1087.png 1536w, https:\/\/carreras.uleam.edu.ec\/facultad-ciencias-de-la-vida-y-tecnologicas\/wp-content\/uploads\/sites\/73\/2023\/01\/MALLA-TECNOLOGIA-DE-LA-INFORMACION-MANTA-2048x1449.png 2048w\" sizes=\"auto, (max-width: 1024px) 100vw, 1024px\" \/><\/a><\/p><\/div>\n\t\t\t\t\t\t\t\t\t<div class=\"elementor-tab-title elementor-tab-mobile-title\" aria-selected=\"false\" data-tab=\"3\" role=\"tab\" tabindex=\"-1\" aria-controls=\"elementor-tab-content-3803\" aria-expanded=\"false\">Docentes<\/div>\n\t\t\t\t\t<div id=\"elementor-tab-content-3803\" class=\"elementor-tab-content elementor-clearfix\" data-tab=\"3\" role=\"tabpanel\" aria-labelledby=\"elementor-tab-title-3803\" tabindex=\"0\" hidden=\"hidden\"><ul><li>Ing. Edison Ernesto Almeida Zambrano, Mg.<\/li><li>Ing. Jos\u00e9 Crist\u00f3bal Arteaga Vera, Ph.D<\/li><li>Ing. Marco Wellington Ayovi Ram\u00edrez, Mg.\u00a0<\/li><li>Ing. Jos\u00e9 Antonio Bazurto Roldan, Mg.<\/li><li>Ing. John Antonio Cevallos Macias, Mg.<\/li><li>Ing. Wilian Richart Delgado Muentes, Mg.<\/li><li>Lic. Klever Alfredo Delgado Reyes, Mg.<\/li><li>Ing. Armando Gilberto Franco Pico, Mg.<\/li><li>Ing. Viviana Katiuska Garc\u00eda Macias, Mg.<\/li><li>Ing. Walter Colon Garc\u00eda V\u00e9lez<\/li><li>A.S. Oscar Armando Gonz\u00e1lez L\u00f3pez, Mg.<\/li><li>Ing. Jorge Sergio Herrera Tapia, Ph.D<\/li><li>Ing. Johnny Javier Larrea Pl\u00faa, Ph.D<\/li><li>Ing. Luzmila Benilda L\u00f3pez Reyes, Ph.D<\/li><li>Ing. Mike Paolo Machuca Avalos, Mg.<\/li><li>Ing. Luis Jacinto Mendoza Cuzme, Mg.<\/li><li>Ing. Henry Neurio Mero Briones, Mg.<\/li><li>Ing. Robert Wilfrido Moreira Centeno, Mg.<\/li><li>Ing. Jorge An\u00edbal Moya Delgado<\/li><li>Lic. Dolores Esperanza Mu\u00f1oz Verduga, Ph.D<\/li><li>Econ. Saul Alberto Murillo Nev\u00e1rez, Mg.<\/li><li>Ing. Joffre Edgardo Panchana Flores, Mg.<\/li><li>A.S. Jonny Vicente P\u00e9rez Veliz, Mg.<\/li><li>Ab. Luigi Fabian Pihuave Calder\u00f3n, Mg.<\/li><li>Ing. Patricia Alexandra Quiroz Palma, Mg.<\/li><li>Ing. Jos\u00e9 Jacinto Reyes C\u00e1rdenas, Mg.<\/li><li>Ing. Fabricio Javier Rivadeneira Zambrano, Mg.<\/li><li>Ing. Alex Andr\u00e9s Santamaria Philco, Ph.D<\/li><li>Ing. Hiraida Monserrate Santana Cede\u00f1o, Mg.<\/li><li>Ing. Juan Carlos Sendon Varela, Mg.<\/li><li>Ing. Rub\u00e9n Dar\u00edo Solorzano Cadena, Mg.<\/li><li>Ing. Elsa Patricia Vera Burgos, Mg.<\/li><li>Ing. Willian Jes\u00fas Zamora Mero, Ph.D<\/li><\/ul><\/div>\n\t\t\t\t\t\t\t\t\t<div class=\"elementor-tab-title elementor-tab-mobile-title\" aria-selected=\"false\" data-tab=\"4\" role=\"tab\" tabindex=\"-1\" aria-controls=\"elementor-tab-content-3804\" aria-expanded=\"false\">Datos Generales<\/div>\n\t\t\t\t\t<div id=\"elementor-tab-content-3804\" class=\"elementor-tab-content elementor-clearfix\" data-tab=\"4\" role=\"tabpanel\" aria-labelledby=\"elementor-tab-title-3804\" tabindex=\"0\" hidden=\"hidden\"><ul><li style=\"text-align: center\">Ing. Rub\u00e9n Dar\u00edo Sol\u00f3rzano Cadena, Mgtr.<\/li><li style=\"text-align: center\">DIRECTOR DE CARRERA<\/li><li style=\"text-align: center\"><a href=\"mailto:ruben.solorzano@uleam.edu.ec\">ruben.solorzano@uleam.edu.ec<\/a><\/li><\/ul><hr \/><ul style=\"text-align: center\"><li><span style=\"font-size: 16.0pt\">Lic. Mar\u00eda Elena Garc\u00eda V\u00e9lez<\/span><\/li><li>SECRETARIA<\/li><li><span style=\"font-size: 16.0pt;color: #0462c1\">mariae.garcia@uleam.edu.ec <\/span><\/li><\/ul><hr \/><ul><li style=\"text-align: center\">HORARIO DE ATENCI\u00d3N:<\/li><li style=\"text-align: center\">DE 08:00 A 17:00\u00a0<\/li><li style=\"text-align: center\">Lunes \u2013 Viernes<\/li><\/ul><\/div>\n\t\t\t\t\t\t\t\t\t<div class=\"elementor-tab-title elementor-tab-mobile-title\" aria-selected=\"false\" data-tab=\"5\" role=\"tab\" tabindex=\"-1\" aria-controls=\"elementor-tab-content-3805\" aria-expanded=\"false\">Gesti\u00f3n y Proceso Estudiantil<\/div>\n\t\t\t\t\t<div id=\"elementor-tab-content-3805\" class=\"elementor-tab-content elementor-clearfix\" data-tab=\"5\" role=\"tabpanel\" aria-labelledby=\"elementor-tab-title-3805\" tabindex=\"0\" hidden=\"hidden\"><ul><li>\u21d2\u00a0Pr\u00e1cticas Pre-profesionales<\/li><li>\u21d2 <a href=\"https:\/\/departamentos.uleam.edu.ec\/gestion-aseguramiento-calidad\/2019\/04\/08\/matricula\/\">Matr\u00edcula<\/a><\/li><li>\u21d2 <a href=\"https:\/\/departamentos.uleam.edu.ec\/gestion-aseguramiento-calidad\/reingreso-de-estudiantes\/\">Reingreso de estudiantes<\/a><\/li><li>\u21d2 <a href=\"https:\/\/departamentos.uleam.edu.ec\/gestion-aseguramiento-calidad\/homologacion-de-estudios-por-analisis-comparativo-de-contenidos\/\">Homologaci\u00f3n de Estudios por An\u00e1lisis Comparativo de Contenidos<\/a><\/li><\/ul><\/div>\n\t\t\t\t\t\t\t<\/div>\n\t\t<\/div>\n\t\t\t\t<\/div>\n\t\t\t\t<\/div>\n\t\t\t\t\t<\/div>\n\t\t<\/div>\n\t\t\t\t\t\t\t<\/div>\n\t\t<\/section>\n\t\t\t\t\t\t<\/div>\n\t\t\t\t\t<\/div>\n\t\t","protected":false},"excerpt":{"rendered":"<p>Descripci\u00f3n General de la Carrera Malla Curricular Docentes Datos Generales Gesti\u00f3n y Proceso Estudiantil Descripci\u00f3n General de la Carrera Nombre de la carrera:\u00a0 \u00a0 \u00a0 \u00a0 \u00a0 \u00a0 \u00a0 \u00a0 \u00a0 Tecnolog\u00edas de la informaci\u00f3n Titulaci\u00f3n:\u00a0 \u00a0 \u00a0 \u00a0 \u00a0 [&hellip;]<\/p>\n","protected":false},"author":7,"featured_media":0,"parent":0,"menu_order":0,"comment_status":"closed","ping_status":"closed","template":"","meta":{"_acf_changed":false,"footnotes":""},"class_list":["post-12","page","type-page","status-publish","hentry"],"acf":[],"_links":{"self":[{"href":"https:\/\/carreras.uleam.edu.ec\/facultad-ciencias-de-la-vida-y-tecnologicas\/wp-json\/wp\/v2\/pages\/12","targetHints":{"allow":["GET"]}}],"collection":[{"href":"https:\/\/carreras.uleam.edu.ec\/facultad-ciencias-de-la-vida-y-tecnologicas\/wp-json\/wp\/v2\/pages"}],"about":[{"href":"https:\/\/carreras.uleam.edu.ec\/facultad-ciencias-de-la-vida-y-tecnologicas\/wp-json\/wp\/v2\/types\/page"}],"author":[{"embeddable":true,"href":"https:\/\/carreras.uleam.edu.ec\/facultad-ciencias-de-la-vida-y-tecnologicas\/wp-json\/wp\/v2\/users\/7"}],"replies":[{"embeddable":true,"href":"https:\/\/carreras.uleam.edu.ec\/facultad-ciencias-de-la-vida-y-tecnologicas\/wp-json\/wp\/v2\/comments?post=12"}],"version-history":[{"count":25,"href":"https:\/\/carreras.uleam.edu.ec\/facultad-ciencias-de-la-vida-y-tecnologicas\/wp-json\/wp\/v2\/pages\/12\/revisions"}],"predecessor-version":[{"id":429,"href":"https:\/\/carreras.uleam.edu.ec\/facultad-ciencias-de-la-vida-y-tecnologicas\/wp-json\/wp\/v2\/pages\/12\/revisions\/429"}],"wp:attachment":[{"href":"https:\/\/carreras.uleam.edu.ec\/facultad-ciencias-de-la-vida-y-tecnologicas\/wp-json\/wp\/v2\/media?parent=12"}],"curies":[{"name":"wp","href":"https:\/\/api.w.org\/{rel}","templated":true}]}}