{"id":20,"date":"2022-09-09T03:27:53","date_gmt":"2022-09-09T03:27:53","guid":{"rendered":"https:\/\/carreras.uleam.edu.ec\/facultad-ciencias-de-la-vida-y-tecnologicas\/?page_id=20"},"modified":"2025-02-12T15:44:09","modified_gmt":"2025-02-12T15:44:09","slug":"inicio","status":"publish","type":"page","link":"https:\/\/carreras.uleam.edu.ec\/facultad-ciencias-de-la-vida-y-tecnologicas\/","title":{"rendered":"Inicio"},"content":{"rendered":"\t\t<div data-elementor-type=\"wp-page\" data-elementor-id=\"20\" class=\"elementor elementor-20\" data-elementor-settings=\"[]\">\n\t\t\t\t\t\t\t<div class=\"elementor-section-wrap\">\n\t\t\t\t\t\t\t<section class=\"elementor-section elementor-top-section elementor-element elementor-element-394bb27 elementor-section-full_width elementor-section-height-default elementor-section-height-default\" data-id=\"394bb27\" data-element_type=\"section\">\n\t\t\t\t\t\t<div class=\"elementor-container elementor-column-gap-default\">\n\t\t\t\t\t<div class=\"elementor-column elementor-col-100 elementor-top-column elementor-element elementor-element-9d47eb0\" data-id=\"9d47eb0\" data-element_type=\"column\">\n\t\t\t<div class=\"elementor-widget-wrap elementor-element-populated\">\n\t\t\t\t\t\t\t\t<div class=\"elementor-element elementor-element-ea212c9 elementor-widget elementor-widget-image\" data-id=\"ea212c9\" data-element_type=\"widget\" data-widget_type=\"image.default\">\n\t\t\t\t<div class=\"elementor-widget-container\">\n\t\t\t\t\t\t\t\t\t\t\t\t\t\t\t<img loading=\"lazy\" decoding=\"async\" width=\"3236\" height=\"881\" src=\"https:\/\/carreras.uleam.edu.ec\/facultad-ciencias-de-la-vida-y-tecnologicas\/wp-content\/uploads\/sites\/73\/2022\/09\/CABECERA-VIDA.png\" class=\"attachment-full size-full\" alt=\"\" srcset=\"https:\/\/carreras.uleam.edu.ec\/facultad-ciencias-de-la-vida-y-tecnologicas\/wp-content\/uploads\/sites\/73\/2022\/09\/CABECERA-VIDA.png 3236w, https:\/\/carreras.uleam.edu.ec\/facultad-ciencias-de-la-vida-y-tecnologicas\/wp-content\/uploads\/sites\/73\/2022\/09\/CABECERA-VIDA-300x82.png 300w, https:\/\/carreras.uleam.edu.ec\/facultad-ciencias-de-la-vida-y-tecnologicas\/wp-content\/uploads\/sites\/73\/2022\/09\/CABECERA-VIDA-1024x279.png 1024w, https:\/\/carreras.uleam.edu.ec\/facultad-ciencias-de-la-vida-y-tecnologicas\/wp-content\/uploads\/sites\/73\/2022\/09\/CABECERA-VIDA-768x209.png 768w, https:\/\/carreras.uleam.edu.ec\/facultad-ciencias-de-la-vida-y-tecnologicas\/wp-content\/uploads\/sites\/73\/2022\/09\/CABECERA-VIDA-1536x418.png 1536w, https:\/\/carreras.uleam.edu.ec\/facultad-ciencias-de-la-vida-y-tecnologicas\/wp-content\/uploads\/sites\/73\/2022\/09\/CABECERA-VIDA-2048x558.png 2048w\" sizes=\"auto, (max-width: 3236px) 100vw, 3236px\" \/>\t\t\t\t\t\t\t\t\t\t\t\t\t\t\t<\/div>\n\t\t\t\t<\/div>\n\t\t\t\t\t<\/div>\n\t\t<\/div>\n\t\t\t\t\t\t\t<\/div>\n\t\t<\/section>\n\t\t\t\t<section class=\"elementor-section elementor-top-section elementor-element elementor-element-3b908f2 elementor-section-boxed elementor-section-height-default elementor-section-height-default\" data-id=\"3b908f2\" data-element_type=\"section\">\n\t\t\t\t\t\t<div class=\"elementor-container elementor-column-gap-default\">\n\t\t\t\t\t<div class=\"elementor-column elementor-col-100 elementor-top-column elementor-element elementor-element-b69c1de\" data-id=\"b69c1de\" data-element_type=\"column\">\n\t\t\t<div class=\"elementor-widget-wrap elementor-element-populated\">\n\t\t\t\t\t\t\t\t<div class=\"elementor-element elementor-element-dc81e4a elementor-tabs-view-horizontal elementor-widget elementor-widget-tabs\" data-id=\"dc81e4a\" data-element_type=\"widget\" data-widget_type=\"tabs.default\">\n\t\t\t\t<div class=\"elementor-widget-container\">\n\t\t\t\t\t<div class=\"elementor-tabs\">\n\t\t\t<div class=\"elementor-tabs-wrapper\" role=\"tablist\" >\n\t\t\t\t\t\t\t\t\t<div id=\"elementor-tab-title-2311\" class=\"elementor-tab-title elementor-tab-desktop-title\" aria-selected=\"true\" data-tab=\"1\" role=\"tab\" tabindex=\"0\" aria-controls=\"elementor-tab-content-2311\" aria-expanded=\"false\">Promocional de la Facultad<\/div>\n\t\t\t\t\t\t\t\t\t<div id=\"elementor-tab-title-2312\" class=\"elementor-tab-title elementor-tab-desktop-title\" aria-selected=\"false\" data-tab=\"2\" role=\"tab\" tabindex=\"-1\" aria-controls=\"elementor-tab-content-2312\" aria-expanded=\"false\">Carreras<\/div>\n\t\t\t\t\t\t\t\t\t<div id=\"elementor-tab-title-2313\" class=\"elementor-tab-title elementor-tab-desktop-title\" aria-selected=\"false\" data-tab=\"3\" role=\"tab\" tabindex=\"-1\" aria-controls=\"elementor-tab-content-2313\" aria-expanded=\"false\">Autoridades<\/div>\n\t\t\t\t\t\t\t\t\t<div id=\"elementor-tab-title-2314\" class=\"elementor-tab-title elementor-tab-desktop-title\" aria-selected=\"false\" data-tab=\"4\" role=\"tab\" tabindex=\"-1\" aria-controls=\"elementor-tab-content-2314\" aria-expanded=\"false\">Misi\u00f3n y Visi\u00f3n<\/div>\n\t\t\t\t\t\t\t\t\t<div id=\"elementor-tab-title-2315\" class=\"elementor-tab-title elementor-tab-desktop-title\" aria-selected=\"false\" data-tab=\"5\" role=\"tab\" tabindex=\"-1\" aria-controls=\"elementor-tab-content-2315\" aria-expanded=\"false\">Organigrama<\/div>\n\t\t\t\t\t\t\t\t\t<div id=\"elementor-tab-title-2316\" class=\"elementor-tab-title elementor-tab-desktop-title\" aria-selected=\"false\" data-tab=\"6\" role=\"tab\" tabindex=\"-1\" aria-controls=\"elementor-tab-content-2316\" aria-expanded=\"false\">Convenios<\/div>\n\t\t\t\t\t\t\t\t\t<div id=\"elementor-tab-title-2317\" class=\"elementor-tab-title elementor-tab-desktop-title\" aria-selected=\"false\" data-tab=\"7\" role=\"tab\" tabindex=\"-1\" aria-controls=\"elementor-tab-content-2317\" aria-expanded=\"false\">Comisiones<\/div>\n\t\t\t\t\t\t\t<\/div>\n\t\t\t<div class=\"elementor-tabs-content-wrapper\" role=\"tablist\" aria-orientation=\"vertical\">\n\t\t\t\t\t\t\t\t\t<div class=\"elementor-tab-title elementor-tab-mobile-title\" aria-selected=\"true\" data-tab=\"1\" role=\"tab\" tabindex=\"0\" aria-controls=\"elementor-tab-content-2311\" aria-expanded=\"false\">Promocional de la Facultad<\/div>\n\t\t\t\t\t<div id=\"elementor-tab-content-2311\" class=\"elementor-tab-content elementor-clearfix\" data-tab=\"1\" role=\"tabpanel\" aria-labelledby=\"elementor-tab-title-2311\" tabindex=\"0\" hidden=\"false\"><p><iframe loading=\"lazy\" title=\"EXPO ULEAM 2024 FACULTAD CIENCIAS DE LA VIDA Y TECNOLOG\u00cdAS PROGRAMA 4\" width=\"500\" height=\"281\" src=\"https:\/\/www.youtube.com\/embed\/rZBflK0UJyE?feature=oembed\" frameborder=\"0\" allow=\"accelerometer; autoplay; clipboard-write; encrypted-media; gyroscope; picture-in-picture; web-share\" referrerpolicy=\"strict-origin-when-cross-origin\" allowfullscreen><\/iframe><\/p><\/div>\n\t\t\t\t\t\t\t\t\t<div class=\"elementor-tab-title elementor-tab-mobile-title\" aria-selected=\"false\" data-tab=\"2\" role=\"tab\" tabindex=\"-1\" aria-controls=\"elementor-tab-content-2312\" aria-expanded=\"false\">Carreras<\/div>\n\t\t\t\t\t<div id=\"elementor-tab-content-2312\" class=\"elementor-tab-content elementor-clearfix\" data-tab=\"2\" role=\"tabpanel\" aria-labelledby=\"elementor-tab-title-2312\" tabindex=\"0\" hidden=\"hidden\"><ul><li><span style=\"color: #000000;\"><a style=\"color: #000000;\" href=\"https:\/\/carreras.uleam.edu.ec\/facultad-ciencias-de-la-vida-y-tecnologicas\/carrera-de-ingenieria-agropecuaria\/\" target=\"_blank\" rel=\"noopener\">Ingenier\u00eda Agropecuaria\u00a0<\/a><\/span><\/li><li><span style=\"color: #000000;\"><a style=\"color: #000000;\" href=\"https:\/\/carreras.uleam.edu.ec\/facultad-ciencias-de-la-vida-y-tecnologicas\/carrera-de-agronegocios\/\" target=\"_blank\" rel=\"noopener\">Agronegocios<\/a><\/span><\/li><li><span style=\"color: #000000;\"><a style=\"color: #000000;\" href=\"https:\/\/carreras.uleam.edu.ec\/facultad-ciencias-de-la-vida-y-tecnologicas\/carrera-de-ingenieria-agroindustrial\/\" target=\"_blank\" rel=\"noopener\">Ingenier\u00eda Agroindustrial<\/a><\/span><\/li><li><span style=\"color: #000000;\"><a style=\"color: #000000;\" href=\"https:\/\/carreras.uleam.edu.ec\/facultad-ciencias-de-la-vida-y-tecnologicas\/carrera-de-ingenieria-ambiental\/\" target=\"_blank\" rel=\"noopener\">Ingenier\u00eda Ambiental<\/a><\/span><\/li><li><a href=\"https:\/\/carreras.uleam.edu.ec\/facultad-ciencias-de-la-vida-y-tecnologicas\/carrera-de-biologia\/\" target=\"_blank\" rel=\"noopener\"><span style=\"color: #000000;\">Biolog\u00eda: Pesquer\u00edas, Bioconocimiento y Conservaci\u00f3n de ecosistemas<\/span><\/a><\/li><li><span style=\"color: #000000;\"><a style=\"color: #000000;\" href=\"https:\/\/carreras.uleam.edu.ec\/facultad-ciencias-de-la-vida-y-tecnologicas\/carrera-de-ingenieria-en-tecnologias-de-la-informacion\/\" target=\"_blank\" rel=\"noopener\">Tecnolog\u00eda de la Informaci\u00f3n<\/a><\/span><\/li><li><span style=\"color: #000000;\"><a style=\"color: #000000;\" href=\"https:\/\/carreras.uleam.edu.ec\/facultad-ciencias-de-la-vida-y-tecnologicas\/carrera-de-ingenieria-en-software\/\" target=\"_blank\" rel=\"noopener\">Software<\/a><\/span><\/li><li><span style=\"color: #000000;\"><a style=\"color: #000000;\" href=\"https:\/\/carreras.uleam.edu.ec\/facultad-ciencias-de-la-vida-y-tecnologicas\/carrera-de-ingenieria-en-sistemas\/\" target=\"_blank\" rel=\"noopener\">Ingenier\u00eda en Sistema<\/a><\/span><\/li><li><span style=\"color: #000000;\"><a style=\"color: #000000;\" href=\"https:\/\/carreras.uleam.edu.ec\/facultad-ciencias-de-la-vida-y-tecnologicas\/carrera-ingenieria-de-alimentos\/\">Ingenier\u00eda de Alimentos<\/a><\/span><\/li><\/ul><\/div>\n\t\t\t\t\t\t\t\t\t<div class=\"elementor-tab-title elementor-tab-mobile-title\" aria-selected=\"false\" data-tab=\"3\" role=\"tab\" tabindex=\"-1\" aria-controls=\"elementor-tab-content-2313\" aria-expanded=\"false\">Autoridades<\/div>\n\t\t\t\t\t<div id=\"elementor-tab-content-2313\" class=\"elementor-tab-content elementor-clearfix\" data-tab=\"3\" role=\"tabpanel\" aria-labelledby=\"elementor-tab-title-2313\" tabindex=\"0\" hidden=\"hidden\"><p>\u00a0<\/p><p><img loading=\"lazy\" decoding=\"async\" class=\"alignnone wp-image-379 size-large\" src=\"https:\/\/carreras.uleam.edu.ec\/facultad-ciencias-de-la-vida-y-tecnologicas\/wp-content\/uploads\/sites\/73\/2024\/12\/FOTOS-PARA-DECANOS-EXTENSIONES-2023-VIDA-1024x576.png\" alt=\"\" width=\"1024\" height=\"576\" srcset=\"https:\/\/carreras.uleam.edu.ec\/facultad-ciencias-de-la-vida-y-tecnologicas\/wp-content\/uploads\/sites\/73\/2024\/12\/FOTOS-PARA-DECANOS-EXTENSIONES-2023-VIDA-1024x576.png 1024w, https:\/\/carreras.uleam.edu.ec\/facultad-ciencias-de-la-vida-y-tecnologicas\/wp-content\/uploads\/sites\/73\/2024\/12\/FOTOS-PARA-DECANOS-EXTENSIONES-2023-VIDA-300x169.png 300w, https:\/\/carreras.uleam.edu.ec\/facultad-ciencias-de-la-vida-y-tecnologicas\/wp-content\/uploads\/sites\/73\/2024\/12\/FOTOS-PARA-DECANOS-EXTENSIONES-2023-VIDA-768x432.png 768w, https:\/\/carreras.uleam.edu.ec\/facultad-ciencias-de-la-vida-y-tecnologicas\/wp-content\/uploads\/sites\/73\/2024\/12\/FOTOS-PARA-DECANOS-EXTENSIONES-2023-VIDA-1536x864.png 1536w, https:\/\/carreras.uleam.edu.ec\/facultad-ciencias-de-la-vida-y-tecnologicas\/wp-content\/uploads\/sites\/73\/2024\/12\/FOTOS-PARA-DECANOS-EXTENSIONES-2023-VIDA-2048x1152.png 2048w\" sizes=\"auto, (max-width: 1024px) 100vw, 1024px\" \/><\/p><p style=\"text-align: center;\">HORARIO DE ATENCI\u00d3N:<\/p><p style=\"text-align: center;\">DE 08:00 A 17:00\u00a0<\/p><p style=\"text-align: center;\">Lunes \u2013 Viernes<\/p><\/div>\n\t\t\t\t\t\t\t\t\t<div class=\"elementor-tab-title elementor-tab-mobile-title\" aria-selected=\"false\" data-tab=\"4\" role=\"tab\" tabindex=\"-1\" aria-controls=\"elementor-tab-content-2314\" aria-expanded=\"false\">Misi\u00f3n y Visi\u00f3n<\/div>\n\t\t\t\t\t<div id=\"elementor-tab-content-2314\" class=\"elementor-tab-content elementor-clearfix\" data-tab=\"4\" role=\"tabpanel\" aria-labelledby=\"elementor-tab-title-2314\" tabindex=\"0\" hidden=\"hidden\"><h4>MISI\u00d3N\u00a0<\/h4><p>Proporcionar formaci\u00f3n cient\u00edfica, tecnol\u00f3gica y humanista a los futuros profesionales en las Ciencias Inform\u00e1ticas y en Agropecuaria enmarcadas en la \u00e9tica y la moral; con el fin de garantizar la eficiencia y eficacia en la prestaci\u00f3n de sus servicios y la producci\u00f3n de bienes a la sociedad.<\/p><h4>VISI\u00d3N\u00a0<\/h4><p>Unidad Acad\u00e9mica de educaci\u00f3n superior l\u00edder en el \u00e1mbito inform\u00e1tico, con criterio creativo e innovador de reconocimiento local y nacional; en la formaci\u00f3n integral de profesionales generadores de bienes y servicios.<\/p><\/div>\n\t\t\t\t\t\t\t\t\t<div class=\"elementor-tab-title elementor-tab-mobile-title\" aria-selected=\"false\" data-tab=\"5\" role=\"tab\" tabindex=\"-1\" aria-controls=\"elementor-tab-content-2315\" aria-expanded=\"false\">Organigrama<\/div>\n\t\t\t\t\t<div id=\"elementor-tab-content-2315\" class=\"elementor-tab-content elementor-clearfix\" data-tab=\"5\" role=\"tabpanel\" aria-labelledby=\"elementor-tab-title-2315\" tabindex=\"0\" hidden=\"hidden\"><p><img loading=\"lazy\" decoding=\"async\" class=\"aligncenter wp-image-40 size-large\" src=\"https:\/\/carreras.uleam.edu.ec\/facultad-ciencias-de-la-vida-y-tecnologicas\/wp-content\/uploads\/sites\/73\/2022\/09\/organigrama-informatica-1024x580.jpg\" alt=\"\" width=\"1024\" height=\"580\" srcset=\"https:\/\/carreras.uleam.edu.ec\/facultad-ciencias-de-la-vida-y-tecnologicas\/wp-content\/uploads\/sites\/73\/2022\/09\/organigrama-informatica-1024x580.jpg 1024w, https:\/\/carreras.uleam.edu.ec\/facultad-ciencias-de-la-vida-y-tecnologicas\/wp-content\/uploads\/sites\/73\/2022\/09\/organigrama-informatica-300x170.jpg 300w, https:\/\/carreras.uleam.edu.ec\/facultad-ciencias-de-la-vida-y-tecnologicas\/wp-content\/uploads\/sites\/73\/2022\/09\/organigrama-informatica-768x435.jpg 768w, https:\/\/carreras.uleam.edu.ec\/facultad-ciencias-de-la-vida-y-tecnologicas\/wp-content\/uploads\/sites\/73\/2022\/09\/organigrama-informatica.jpg 1221w\" sizes=\"auto, (max-width: 1024px) 100vw, 1024px\" \/><\/p><\/div>\n\t\t\t\t\t\t\t\t\t<div class=\"elementor-tab-title elementor-tab-mobile-title\" aria-selected=\"false\" data-tab=\"6\" role=\"tab\" tabindex=\"-1\" aria-controls=\"elementor-tab-content-2316\" aria-expanded=\"false\">Convenios<\/div>\n\t\t\t\t\t<div id=\"elementor-tab-content-2316\" class=\"elementor-tab-content elementor-clearfix\" data-tab=\"6\" role=\"tabpanel\" aria-labelledby=\"elementor-tab-title-2316\" tabindex=\"0\" hidden=\"hidden\"><p style=\"text-align: center;\"><a href=\"https:\/\/departamentos.uleam.edu.ec\/procuraduria\/convenios\/\" target=\"_blank\" rel=\"noopener\"><img loading=\"lazy\" decoding=\"async\" class=\"alignnone size-medium wp-image-39\" src=\"https:\/\/carreras.uleam.edu.ec\/facultad-ciencias-de-la-vida-y-tecnologicas\/wp-content\/uploads\/sites\/73\/2022\/09\/convenios-300x256.png\" alt=\"\" width=\"300\" height=\"256\" srcset=\"https:\/\/carreras.uleam.edu.ec\/facultad-ciencias-de-la-vida-y-tecnologicas\/wp-content\/uploads\/sites\/73\/2022\/09\/convenios-300x256.png 300w, https:\/\/carreras.uleam.edu.ec\/facultad-ciencias-de-la-vida-y-tecnologicas\/wp-content\/uploads\/sites\/73\/2022\/09\/convenios-768x656.png 768w, https:\/\/carreras.uleam.edu.ec\/facultad-ciencias-de-la-vida-y-tecnologicas\/wp-content\/uploads\/sites\/73\/2022\/09\/convenios.png 854w\" sizes=\"auto, (max-width: 300px) 100vw, 300px\" \/><\/a><\/p><\/div>\n\t\t\t\t\t\t\t\t\t<div class=\"elementor-tab-title elementor-tab-mobile-title\" aria-selected=\"false\" data-tab=\"7\" role=\"tab\" tabindex=\"-1\" aria-controls=\"elementor-tab-content-2317\" aria-expanded=\"false\">Comisiones<\/div>\n\t\t\t\t\t<div id=\"elementor-tab-content-2317\" class=\"elementor-tab-content elementor-clearfix\" data-tab=\"7\" role=\"tabpanel\" aria-labelledby=\"elementor-tab-title-2317\" tabindex=\"0\" hidden=\"hidden\"><p><strong>Comisi\u00f3n Acad\u00e9mica<\/strong><strong>\u202f\u202f\u202f\u202f\u202f\u202f\u202f\u202f\u202f\u202f\u202f<\/strong><strong>\u00a0<\/strong><\/p><ul><li>Ing. George Adalberto Garc\u00eda Mera, Mg., <strong>presidente<\/strong><\/li><li>Ing. Jose Jacinto Reyes C\u00e1rdenas, Mg.<\/li><li>Blgo. Eduardo Xavier Pico Lozano, Mg.<\/li><li>Blgo. V\u00edctor Ezequiel Alc\u00edvar Rosado. Mg.<\/li><li>Ing. Aldo Eduardo Mendoza Gonz\u00e1lez, Mg.<\/li><\/ul><p><strong>\u00c1rea de Ingl\u00e9s<\/strong><\/p><ul><li>Ing. Mario Henry L\u00f3pez Mantuano, Mg.<\/li><\/ul><p><strong>\u00c1rea de Tutor\u00edas<\/strong><\/p><ul><li>Ing. Jahaira Pamela Quijije Alvarado, Ph.D.<\/li><\/ul><p><strong>\u00c1rea de Bienestar e Inclusi\u00f3n <\/strong><\/p><ul><li>Ing. Robert Wilfrido Moreira Centeno, Mg.<\/li><\/ul><p><strong>Director de Revista<\/strong><\/p><ul><li>Ing. Mar\u00eda Bel\u00e9n Mu\u00f1oz Men\u00e9ndez Mg.<\/li><\/ul><p><strong>Comisi\u00f3n de Investigaci\u00f3n<\/strong><strong>\u202f\u202f\u202f\u202f<\/strong><strong>\u00a0<\/strong><\/p><ul><li>Ing. V\u00edctor Oswaldo Otero Tu\u00e1rez, Ph.D.,<strong> presidente <\/strong><\/li><li>Ing. Jos\u00e9 Luis Coloma Hurel, Ph.D.<\/li><li>Blgo. Juan Pablo Napa Espa\u00f1a, Mg.<\/li><li>Ing. Alex Andr\u00e9s Santamaria Philco, Ph.D.<\/li><\/ul><p><strong>Comisi\u00f3n de Vinculaci\u00f3n<\/strong><strong>\u202f\u202f\u202f\u202f\u202f\u202f<\/strong><strong>\u00a0<\/strong><\/p><ul><li>Ing. Paola Rosalin Alc\u00edvar Vaca Mg., <strong>presidente<\/strong><\/li><li>Blga. Sandra Xiomara Sol\u00f3rzano Barcia, Mg.<\/li><li>Ing. Adriana Virginia Macias Espinales, Mg.<\/li><li>Blgo. Mero del Valle David Jesod. Mg.<\/li><\/ul><p><strong>Comisi\u00f3n de Aseguramiento de la Calidad<\/strong><strong>\u202f<\/strong><strong>\u00a0<\/strong><\/p><ul><li>Ing. \u00cdtalo Pedro Bello Moreira, Mg., <strong>presidente<\/strong><\/li><li>Ing. Armando Gilberto Franco Pico, Mg.<\/li><li>Blgo. Jaime David S\u00e1nchez Moreira, Mg.<\/li><li>Blgo. Jes\u00fas Humberto Briones Mendoza, Mg.<\/li><\/ul><p><strong>Comisi\u00f3n de Titulaci\u00f3n y Seguimiento a Graduados<\/strong><strong>\u202f\u202f\u202f\u202f\u202f\u202f\u202f<\/strong><strong>\u00a0<\/strong><\/p><ul><li>Blgo. Ricardo Javier Castillo Ruperti. Mg., <strong>presidente<\/strong><\/li><li>Ing. Johnny Javier Larrea Plua, Ph.D.<\/li><li>Blgo. Luber Javier Quijije L\u00f3pez, Mg.<\/li><li>Ing. Mar\u00eda Isabel Mantuano Cusme, Mg.<\/li><\/ul><p><strong>\u00c1rea de Pr\u00e1cticas preprofesionales<\/strong><\/p><ul><li>Ing. Juan Robert Mero Santana, Mg., <strong>presidente<\/strong><\/li><li>Ing. Juan Carlos Sendon Varela, Mg.<\/li><li>Blga. Tania Lin Maldonado Sabando, Mg.<\/li><li>Ing. Liz Sabrina Trueba Mac\u00edas Mg.<\/li><\/ul><\/div>\n\t\t\t\t\t\t\t<\/div>\n\t\t<\/div>\n\t\t\t\t<\/div>\n\t\t\t\t<\/div>\n\t\t\t\t\t<\/div>\n\t\t<\/div>\n\t\t\t\t\t\t\t<\/div>\n\t\t<\/section>\n\t\t\t\t\t\t<\/div>\n\t\t\t\t\t<\/div>\n\t\t","protected":false},"excerpt":{"rendered":"<p>Promocional de la Facultad Carreras Autoridades Misi\u00f3n y Visi\u00f3n Organigrama Convenios Comisiones Promocional de la Facultad Carreras Ingenier\u00eda Agropecuaria\u00a0 Agronegocios Ingenier\u00eda Agroindustrial Ingenier\u00eda Ambiental Biolog\u00eda: Pesquer\u00edas, Bioconocimiento y Conservaci\u00f3n de ecosistemas Tecnolog\u00eda de la Informaci\u00f3n Software Ingenier\u00eda en Sistema Ingenier\u00eda [&hellip;]<\/p>\n","protected":false},"author":7,"featured_media":0,"parent":0,"menu_order":0,"comment_status":"closed","ping_status":"closed","template":"elementor_canvas","meta":{"_acf_changed":false,"footnotes":""},"class_list":["post-20","page","type-page","status-publish","hentry"],"acf":[],"_links":{"self":[{"href":"https:\/\/carreras.uleam.edu.ec\/facultad-ciencias-de-la-vida-y-tecnologicas\/wp-json\/wp\/v2\/pages\/20","targetHints":{"allow":["GET"]}}],"collection":[{"href":"https:\/\/carreras.uleam.edu.ec\/facultad-ciencias-de-la-vida-y-tecnologicas\/wp-json\/wp\/v2\/pages"}],"about":[{"href":"https:\/\/carreras.uleam.edu.ec\/facultad-ciencias-de-la-vida-y-tecnologicas\/wp-json\/wp\/v2\/types\/page"}],"author":[{"embeddable":true,"href":"https:\/\/carreras.uleam.edu.ec\/facultad-ciencias-de-la-vida-y-tecnologicas\/wp-json\/wp\/v2\/users\/7"}],"replies":[{"embeddable":true,"href":"https:\/\/carreras.uleam.edu.ec\/facultad-ciencias-de-la-vida-y-tecnologicas\/wp-json\/wp\/v2\/comments?post=20"}],"version-history":[{"count":56,"href":"https:\/\/carreras.uleam.edu.ec\/facultad-ciencias-de-la-vida-y-tecnologicas\/wp-json\/wp\/v2\/pages\/20\/revisions"}],"predecessor-version":[{"id":412,"href":"https:\/\/carreras.uleam.edu.ec\/facultad-ciencias-de-la-vida-y-tecnologicas\/wp-json\/wp\/v2\/pages\/20\/revisions\/412"}],"wp:attachment":[{"href":"https:\/\/carreras.uleam.edu.ec\/facultad-ciencias-de-la-vida-y-tecnologicas\/wp-json\/wp\/v2\/media?parent=20"}],"curies":[{"name":"wp","href":"https:\/\/api.w.org\/{rel}","templated":true}]}}