{"id":66,"date":"2022-09-15T21:35:30","date_gmt":"2022-09-15T21:35:30","guid":{"rendered":"https:\/\/carreras.uleam.edu.ec\/facultad-ciencias-de-la-vida-y-tecnologicas\/?page_id=66"},"modified":"2025-03-14T20:55:35","modified_gmt":"2025-03-14T20:55:35","slug":"carrera-de-agronegocios","status":"publish","type":"page","link":"https:\/\/carreras.uleam.edu.ec\/facultad-ciencias-de-la-vida-y-tecnologicas\/carrera-de-agronegocios\/","title":{"rendered":"Carrera Agronegocios"},"content":{"rendered":"\t\t<div data-elementor-type=\"wp-page\" data-elementor-id=\"66\" class=\"elementor elementor-66\" data-elementor-settings=\"[]\">\n\t\t\t\t\t\t\t<div class=\"elementor-section-wrap\">\n\t\t\t\t\t\t\t<section class=\"elementor-section elementor-top-section elementor-element elementor-element-e7968a3 elementor-section-boxed elementor-section-height-default elementor-section-height-default\" data-id=\"e7968a3\" data-element_type=\"section\">\n\t\t\t\t\t\t<div class=\"elementor-container elementor-column-gap-default\">\n\t\t\t\t\t<div class=\"elementor-column elementor-col-100 elementor-top-column elementor-element elementor-element-5d2aefc\" data-id=\"5d2aefc\" data-element_type=\"column\">\n\t\t\t<div class=\"elementor-widget-wrap elementor-element-populated\">\n\t\t\t\t\t\t\t\t<div class=\"elementor-element elementor-element-42aee7f elementor-tabs-view-horizontal elementor-widget elementor-widget-tabs\" data-id=\"42aee7f\" data-element_type=\"widget\" data-widget_type=\"tabs.default\">\n\t\t\t\t<div class=\"elementor-widget-container\">\n\t\t\t\t\t<div class=\"elementor-tabs\">\n\t\t\t<div class=\"elementor-tabs-wrapper\" role=\"tablist\" >\n\t\t\t\t\t\t\t\t\t<div id=\"elementor-tab-title-6991\" class=\"elementor-tab-title elementor-tab-desktop-title\" aria-selected=\"true\" data-tab=\"1\" role=\"tab\" tabindex=\"0\" aria-controls=\"elementor-tab-content-6991\" aria-expanded=\"false\">Bienvenidos<\/div>\n\t\t\t\t\t\t\t\t\t<div id=\"elementor-tab-title-6992\" class=\"elementor-tab-title elementor-tab-desktop-title\" aria-selected=\"false\" data-tab=\"2\" role=\"tab\" tabindex=\"-1\" aria-controls=\"elementor-tab-content-6992\" aria-expanded=\"false\">Descripci\u00f3n General de la Carrera<\/div>\n\t\t\t\t\t\t\t\t\t<div id=\"elementor-tab-title-6993\" class=\"elementor-tab-title elementor-tab-desktop-title\" aria-selected=\"false\" data-tab=\"3\" role=\"tab\" tabindex=\"-1\" aria-controls=\"elementor-tab-content-6993\" aria-expanded=\"false\">Malla Curricular<\/div>\n\t\t\t\t\t\t\t\t\t<div id=\"elementor-tab-title-6994\" class=\"elementor-tab-title elementor-tab-desktop-title\" aria-selected=\"false\" data-tab=\"4\" role=\"tab\" tabindex=\"-1\" aria-controls=\"elementor-tab-content-6994\" aria-expanded=\"false\">Docentes<\/div>\n\t\t\t\t\t\t\t\t\t<div id=\"elementor-tab-title-6995\" class=\"elementor-tab-title elementor-tab-desktop-title\" aria-selected=\"false\" data-tab=\"5\" role=\"tab\" tabindex=\"-1\" aria-controls=\"elementor-tab-content-6995\" aria-expanded=\"false\">Datos Generales<\/div>\n\t\t\t\t\t\t\t\t\t<div id=\"elementor-tab-title-6996\" class=\"elementor-tab-title elementor-tab-desktop-title\" aria-selected=\"false\" data-tab=\"6\" role=\"tab\" tabindex=\"-1\" aria-controls=\"elementor-tab-content-6996\" aria-expanded=\"false\">Gesti\u00f3n y Proceso Estudiantil<\/div>\n\t\t\t\t\t\t\t<\/div>\n\t\t\t<div class=\"elementor-tabs-content-wrapper\" role=\"tablist\" aria-orientation=\"vertical\">\n\t\t\t\t\t\t\t\t\t<div class=\"elementor-tab-title elementor-tab-mobile-title\" aria-selected=\"true\" data-tab=\"1\" role=\"tab\" tabindex=\"0\" aria-controls=\"elementor-tab-content-6991\" aria-expanded=\"false\">Bienvenidos<\/div>\n\t\t\t\t\t<div id=\"elementor-tab-content-6991\" class=\"elementor-tab-content elementor-clearfix\" data-tab=\"1\" role=\"tabpanel\" aria-labelledby=\"elementor-tab-title-6991\" tabindex=\"0\" hidden=\"false\"><p><iframe loading=\"lazy\" title=\"CARRERA AGRONEGOCIOS\" width=\"500\" height=\"281\" src=\"https:\/\/www.youtube.com\/embed\/up_UPU0AUkA?feature=oembed\" frameborder=\"0\" allow=\"accelerometer; autoplay; clipboard-write; encrypted-media; gyroscope; picture-in-picture; web-share\" referrerpolicy=\"strict-origin-when-cross-origin\" allowfullscreen><\/iframe><\/p><\/div>\n\t\t\t\t\t\t\t\t\t<div class=\"elementor-tab-title elementor-tab-mobile-title\" aria-selected=\"false\" data-tab=\"2\" role=\"tab\" tabindex=\"-1\" aria-controls=\"elementor-tab-content-6992\" aria-expanded=\"false\">Descripci\u00f3n General de la Carrera<\/div>\n\t\t\t\t\t<div id=\"elementor-tab-content-6992\" class=\"elementor-tab-content elementor-clearfix\" data-tab=\"2\" role=\"tabpanel\" aria-labelledby=\"elementor-tab-title-6992\" tabindex=\"0\" hidden=\"hidden\"><p style=\"text-align: justify\">Instituci\u00f3n:\u00a0\u00a0\u00a0\u00a0\u00a0\u00a0\u00a0\u00a0\u00a0\u00a0\u00a0\u00a0\u00a0\u00a0\u00a0\u00a0\u00a0\u00a0\u00a0\u00a0\u00a0\u00a0\u00a0\u00a0\u00a0\u00a0\u00a0\u00a0\u00a0\u00a0 Universidad Laica Eloy Alfaro de Manab\u00ed<\/p><p style=\"text-align: justify\">Nombre de la carrera:\u00a0\u00a0\u00a0\u00a0\u00a0\u00a0\u00a0\u00a0\u00a0\u00a0\u00a0 Agronegocios<\/p><p style=\"text-align: justify\">Titulaci\u00f3n: \u00a0\u00a0\u00a0\u00a0\u00a0\u00a0\u00a0\u00a0\u00a0\u00a0\u00a0\u00a0\u00a0\u00a0\u00a0\u00a0\u00a0\u00a0\u00a0\u00a0 \u00a0 \u00a0\u00a0\u00a0\u00a0\u00a0\u00a0\u00a0 Licenciado\/a en Agronegocios<\/p><p style=\"text-align: justify\">R\u00e9gimen acad\u00e9mico CES:\u00a0\u00a0\u00a0\u00a0 2021<\/p><p style=\"text-align: justify\">Nivel de formaci\u00f3n:\u00a0\u00a0\u00a0 \u00a0\u00a0\u00a0\u00a0\u00a0 \u00a0 \u00a0\u00a0\u00a0 Tercer Nivel<\/p><p style=\"text-align: justify\">Modalidad:\u00a0\u00a0\u00a0\u00a0\u00a0\u00a0\u00a0\u00a0\u00a0\u00a0\u00a0\u00a0\u00a0\u00a0 \u00a0 \u00a0\u00a0 \u00a0\u00a0\u00a0\u00a0\u00a0\u00a0\u00a0\u00a0\u00a0\u00a0\u00a0 Presencial<\/p><p style=\"text-align: justify\">Registro de SENESCYT:\u00a0\u00a0\u00a0\u00a0\u00a0\u00a0\u00a0\u00a0\u00a0 1016-650413D01-P1308<\/p><p style=\"text-align: justify\">\u00c1rea del conocimiento: \u00a0\u00a0\u00a0 \u00a0\u00a0 \u00a0\u00a0 Administraci\u00f3n<\/p><p style=\"text-align: justify\">Sub\u00e1rea del conocimiento: \u00a0 \u00a0 Educaci\u00f3n comercial y administraci\u00f3n<\/p><p style=\"text-align: justify\">Sub\u00e1rea espec\u00edfica conocimiento: \u00a0 Administraci\u00f3n<\/p><p style=\"text-align: justify\">Duraci\u00f3n de la carrera: \u00a0\u00a0\u00a0\u00a0\u00a0\u00a0\u00a0\u00a0\u00a0\u00a0\u00a0\u00a0 Ocho (8) semestres<\/p><p style=\"text-align: justify\">Total, Horas \/ Cr\u00e9ditos:\u00a0\u00a0\u00a0\u00a0\u00a0\u00a0\u00a0\u00a0\u00a0\u00a0\u00a0\u00a0 5760\/ 720<\/p><p style=\"text-align: justify\">Sistema de calificaci\u00f3n: \u00a0 \u00a0 \u00a0\u00a0 \u00a0\u00a0\u00a0 10\/10, nota m\u00ednima de aprobaci\u00f3n 14\/20<\/p><p style=\"text-align: justify\">Modalidad de aprendizaje: \u00a0\u00a0\u00a0\u00a0\u00a0\u00a0 Presencial<\/p><p style=\"text-align: justify\">Numero de periodos ordinarios:\u00a0 8 periodos\u00a0<\/p><p style=\"text-align: justify\">Objetivo general:<\/p><p style=\"text-align: justify\">Formar profesionales con conocimientos t\u00e9cnicos capaces de gestionar e innovar procesos y estrategias vinculadas a la comercializaci\u00f3n de bienes y servicios agroalimentarios, as\u00ed como en la administraci\u00f3n de recursos tangibles, intangibles y humanos, en concordancia con la demanda nacional e internacional<\/p><p style=\"text-align: justify\">Perfil de ingreso:<\/p><p style=\"text-align: justify\">El aspirante a esta carrera deber\u00e1 garantizar poseer las siguientes competencias y habilidades:<\/p><ul><li>Vocaci\u00f3n de servicio, solidaridad, autorreflexi\u00f3n y humanismo<\/li><li>Tener sentido de responsabilidad social<\/li><li>Capacidad de trabajo en equipo<\/li><li>Comprender su realidad natural<\/li><li>Comportamiento \u00e9tico e \u00edntegro.<\/li><li>An\u00e1lisis, s\u00edntesis y abstracci\u00f3n.<\/li><li>Razonamiento, fluidez y comprensi\u00f3n verbal.<\/li><li>Comunicaci\u00f3n efectiva<\/li><li>Ser creativo, innovador y proactivo<\/li><li>Inform\u00e1tica a nivel de usuario<\/li><\/ul><p style=\"text-align: justify\">Dichas competencias y habilidades evaluadas a trav\u00e9s del Sistema Nacional de Nivelaci\u00f3n y Admisi\u00f3n en el examen integrado Ser Bachiller o el mecanismo que a futuro se considere para el proceso<\/p><p style=\"text-align: justify\">Requisitos de ingreso:<\/p><ul style=\"text-align: justify\"><li>Poseer t\u00edtulo de bachiller o su equivalente, de conformidad con la Ley.<\/li><li>Haber cumplido los requisitos normados por el Sistema de Nivelaci\u00f3n y Admisi\u00f3n, el mismo que observar\u00e1 los principios de igualdad de oportunidades, m\u00e9rito y capacidad<\/li><li>Cumplir con la entrega de documentaci\u00f3n personal y habilitante en Secretar\u00eda General<\/li><li>En casos especiales, certificados de reconocimiento y homologaci\u00f3n de estudios de otras IES de conformidad con el Art\u00edculo 98 y 99 del Reglamento de R\u00e9gimen Acad\u00e9mico<\/li><\/ul><p style=\"text-align: justify\">Requisitos de graduaci\u00f3n:<\/p><ul style=\"text-align: justify\"><li>Acreditar el cumplimiento de los requisitos de titulaci\u00f3n establecidos en la LOES: pr\u00e1cticas laborales y de servicio comunitario seg\u00fan lo aprobado en el proyecto de carrera<\/li><li>Aprobar el trabajo de integraci\u00f3n curricular de conformidad con lo establecido en el Reglamento Interno de R\u00e9gimen Acad\u00e9mico.<\/li><li>Acreditar suficiencia a nivel MERL-B1 al culminar la carrera conforme a lo dispuesto en Art. 80 del RRA aprobado por el CES: A trav\u00e9s del Instituto de Idiomas la universidad eval\u00faa a sus estudiantes para<\/li><li>garantizar que tienen el nivel B1 en el idioma ingl\u00e9s, previo a la matriculaci\u00f3n en su \u00faltimo semestre de carrera. De manera opcional el estudiante puede asistir a programas de preparaci\u00f3n previa dictados por<\/li><li>el propio instituto o a trav\u00e9s de programas online con instituciones con las que se mantienen convenios vigentes para estos procesos formativos<\/li><li>Haber aprobado las asignaturas de las unidades b\u00e1sica y profesional del plan curricular de la carrera<\/li><\/ul><p style=\"text-align: justify\">Modalidades de titulaci\u00f3n:<\/p><ul style=\"text-align: justify\"><li>Proyecto de Investigaci\u00f3n<\/li><li>Examen Complexivo<\/li><\/ul><p style=\"text-align: justify\">Campo ocupacional:<\/p><p style=\"text-align: justify\">El profesional ejerce de manera individual o asociado en organizaciones de tama\u00f1o micro, peque\u00f1o, mediano o grande, p\u00fablicas o privadas, nacionales y\/o internacionales que se encuentren vinculadas al sector agroalimentario y de identidad del productor agropecuario, tanto en la producci\u00f3n, transformaci\u00f3n y\/o comercializaci\u00f3n de bienes y servicios relacionados con el campo, adem\u00e1s implementa estrategias que le permitan diagnosticar, planear, administrar, organizar y\/o dirigir Agronegocios, teniendo \u00e9nfasis en las actividades de gesti\u00f3n, administraci\u00f3n y comercializaci\u00f3n de bienes y servicios agroalimentarios. As\u00ed, su vinculaci\u00f3n efectiva al campo laboral circunda en organizaciones urbanas o rurales que apoyen al sector agroalimentario, tanto a nivel local, regional o nacional, e inclusive podr\u00e1 crear su propia empresa vinculada con las actividades del sector agroalimentario.<\/p><p style=\"text-align: justify\">Perfil de egreso:<\/p><ol><li style=\"text-align: justify\">El egresado de la carrera de agronegocios ser\u00e1 un profesional capaz de desarrollar procesos metodol\u00f3gicos que posibiliten la organizaci\u00f3n y aplicaci\u00f3n de estrategias para la formulaci\u00f3n y gesti\u00f3n de agroempresas, consultor\u00edas dirigidas a garantizar el desarrollo de Pymes y MiPymes, aplicando el conocimiento administrativo de bienes, servicios, y recursos humanos para la comercializaci\u00f3n de productos agropecuarios, estar\u00e1 en la capacidad de planificar y dirigir programas de desarrollo agropecuario en las diversas regiones del pa\u00eds, respondiendo a las necesidades de la planificaci\u00f3n nacional y el cumplimiento de metas. El Licenciado en Agronegocios se orienta fundamentalmente a formar profesionales competentes a nivel nacional e internacional, con capacidad de respuesta a supuestos y que reaccionen con propuestas innovadoras y de impacto<\/li><li style=\"text-align: justify\">El egresado de la carrera ser\u00e1 capaz de promover el desarrollo integral de herramientas te\u00f3ricas y metodol\u00f3gicas que le permitan implementar proyectos de innovaci\u00f3n y de investigaci\u00f3n en el \u00e1mbito del mejoramiento de la cadena de valor de productos agroalimentarios, realizando investigaci\u00f3n descriptiva, experimental y\/o correlacional dentro del campo de los agronegocios para el mejoramiento de la producci\u00f3n agr\u00edcola y pecuaria, con principal hincapi\u00e9 en la seguridad alimentaria<\/li><li style=\"text-align: justify\">El egresado de la carrera de agronegocios tendr\u00e1 la capacidad de generar acciones de compromiso social conscientes y responsables con la regi\u00f3n y el pa\u00eds, para promover el desarrollo local y nacional productivo con sentido de preservaci\u00f3n de los saberes ancestrales propios de cada uno de los rincones del pa\u00eds, y en base a ellos, se propicie la generaci\u00f3n de proyectos innovadores sostenibles enmarcados en el respeto a la biodiversidad, el fomento de la equidad, a trav\u00e9s de procesos de integralidad social, pol\u00edtica y econ\u00f3mica con resultados que contribuyan al desarrollo humano \u2013 natural \u2013 productivo \u2013 territorial \u2013 sostenibles<\/li><li style=\"text-align: justify\">El egresado de la carrera de agronegocios podr\u00e1 generar acciones con compromiso social, conscientes y responsables con la regi\u00f3n y el pa\u00eds, con valores como honestidad, equidad, responsabilidad, justicia, disciplina, respeto y \u00e9tica, impulsando una actitud cr\u00edtica apegada a principios<\/li><li style=\"text-align: justify\">El profesional ejerce de manera individual o asociado en organizaciones de tama\u00f1o micro, peque\u00f1o, mediano o grande, p\u00fablicas o privadas, nacionales y\/o internacionales que se encuentren vinculadas al sector agroalimentario y de identidad del productor agropecuario, tanto en la producci\u00f3n, transformaci\u00f3n y\/o comercializaci\u00f3n de bienes y servicios relacionados con el campo, adem\u00e1s implementa estrategias que le permitan diagnosticar, planear, administrar, organizar y\/o dirigir Agronegocios, teniendo \u00e9nfasis en las actividades de gesti\u00f3n, administraci\u00f3n y comercializaci\u00f3n de bienes y servicios agroalimentarios. As\u00ed, su vinculaci\u00f3n efectiva al campo laboral circunda en organizaciones urbanas o rurales que apoyen al sector agroalimentario, tanto a nivel local, regional o nacional, e inclusive podr\u00e1 crear su propia empresa vinculada con las actividades del sector agroalimentario<\/li><\/ol><\/div>\n\t\t\t\t\t\t\t\t\t<div class=\"elementor-tab-title elementor-tab-mobile-title\" aria-selected=\"false\" data-tab=\"3\" role=\"tab\" tabindex=\"-1\" aria-controls=\"elementor-tab-content-6993\" aria-expanded=\"false\">Malla Curricular<\/div>\n\t\t\t\t\t<div id=\"elementor-tab-content-6993\" class=\"elementor-tab-content elementor-clearfix\" data-tab=\"3\" role=\"tabpanel\" aria-labelledby=\"elementor-tab-title-6993\" tabindex=\"0\" hidden=\"hidden\"><p><a href=\"https:\/\/carreras.uleam.edu.ec\/facultad-ciencias-de-la-vida-y-tecnologicas\/wp-content\/uploads\/sites\/73\/2023\/01\/AGN-Anexo-5-Malla-Curricular-aprobada-CES.pdf\" target=\"_blank\" rel=\"noopener\"><img loading=\"lazy\" decoding=\"async\" class=\"alignnone wp-image-278 size-large\" src=\"https:\/\/carreras.uleam.edu.ec\/facultad-ciencias-de-la-vida-y-tecnologicas\/wp-content\/uploads\/sites\/73\/2023\/01\/MALLA-agronegocios-1024x565.png\" alt=\"\" width=\"1024\" height=\"565\" srcset=\"https:\/\/carreras.uleam.edu.ec\/facultad-ciencias-de-la-vida-y-tecnologicas\/wp-content\/uploads\/sites\/73\/2023\/01\/MALLA-agronegocios-1024x565.png 1024w, https:\/\/carreras.uleam.edu.ec\/facultad-ciencias-de-la-vida-y-tecnologicas\/wp-content\/uploads\/sites\/73\/2023\/01\/MALLA-agronegocios-300x166.png 300w, https:\/\/carreras.uleam.edu.ec\/facultad-ciencias-de-la-vida-y-tecnologicas\/wp-content\/uploads\/sites\/73\/2023\/01\/MALLA-agronegocios-768x424.png 768w, https:\/\/carreras.uleam.edu.ec\/facultad-ciencias-de-la-vida-y-tecnologicas\/wp-content\/uploads\/sites\/73\/2023\/01\/MALLA-agronegocios-1536x848.png 1536w, https:\/\/carreras.uleam.edu.ec\/facultad-ciencias-de-la-vida-y-tecnologicas\/wp-content\/uploads\/sites\/73\/2023\/01\/MALLA-agronegocios-2048x1130.png 2048w\" sizes=\"auto, (max-width: 1024px) 100vw, 1024px\" \/><\/a><\/p><\/div>\n\t\t\t\t\t\t\t\t\t<div class=\"elementor-tab-title elementor-tab-mobile-title\" aria-selected=\"false\" data-tab=\"4\" role=\"tab\" tabindex=\"-1\" aria-controls=\"elementor-tab-content-6994\" aria-expanded=\"false\">Docentes<\/div>\n\t\t\t\t\t<div id=\"elementor-tab-content-6994\" class=\"elementor-tab-content elementor-clearfix\" data-tab=\"4\" role=\"tabpanel\" aria-labelledby=\"elementor-tab-title-6994\" tabindex=\"0\" hidden=\"hidden\"><ul><li>Ing. Byron Rolando Alc\u00edvar Arteaga Mg.<\/li><li>Ing. Paola Rosalin Alc\u00edvar Vaca Mg.<\/li><li>Ing. Mariana del Carmen Avellan Chancay Mg.<\/li><li>A.S. Geovanny Oswaldo Arauz Barcia Mg.<\/li><li>Ing. Jeniffer Paulina Espinoza Zambrano Mg.<\/li><li>Ing. Valter Francisco Mero Rosado Mg.<\/li><li>Ing. Liz Sabrina Trueba Mac\u00edas Mg.<\/li><\/ul><\/div>\n\t\t\t\t\t\t\t\t\t<div class=\"elementor-tab-title elementor-tab-mobile-title\" aria-selected=\"false\" data-tab=\"5\" role=\"tab\" tabindex=\"-1\" aria-controls=\"elementor-tab-content-6995\" aria-expanded=\"false\">Datos Generales<\/div>\n\t\t\t\t\t<div id=\"elementor-tab-content-6995\" class=\"elementor-tab-content elementor-clearfix\" data-tab=\"5\" role=\"tabpanel\" aria-labelledby=\"elementor-tab-title-6995\" tabindex=\"0\" hidden=\"hidden\"><ul><li style=\"text-align: center\">Ing. Liz Sabrina Trueba Mac\u00edas, Mgtr.<\/li><li style=\"text-align: center\">DIRECTORA DE CARRERA<\/li><li style=\"text-align: center\"><a href=\"mailto:liz.trueba@uleam.edu.ec\">liz.trueba@uleam.edu.ec<\/a><\/li><\/ul><hr \/><ul><li style=\"text-align: center\">Lucia Gabriela Loor Vera<\/li><li style=\"text-align: center\">SECRETARIA<\/li><li class=\"Default\" style=\"text-align: center\"><span style=\"color: #0462c1\">lucia.loor@uleam.edu.ec<\/span><\/li><\/ul><hr \/><ul><li style=\"text-align: center\">HORARIO DE ATENCI\u00d3N:<\/li><li style=\"text-align: center\">DE 08:00 A 17:00\u00a0<\/li><li style=\"text-align: center\">Lunes \u2013 Viernes<\/li><\/ul><\/div>\n\t\t\t\t\t\t\t\t\t<div class=\"elementor-tab-title elementor-tab-mobile-title\" aria-selected=\"false\" data-tab=\"6\" role=\"tab\" tabindex=\"-1\" aria-controls=\"elementor-tab-content-6996\" aria-expanded=\"false\">Gesti\u00f3n y Proceso Estudiantil<\/div>\n\t\t\t\t\t<div id=\"elementor-tab-content-6996\" class=\"elementor-tab-content elementor-clearfix\" data-tab=\"6\" role=\"tabpanel\" aria-labelledby=\"elementor-tab-title-6996\" tabindex=\"0\" hidden=\"hidden\"><ul><li>\u21d2\u00a0Pr\u00e1cticas Pre-profesionales<\/li><li>\u21d2 <a href=\"https:\/\/departamentos.uleam.edu.ec\/gestion-aseguramiento-calidad\/2019\/04\/08\/matricula\/\">Matr\u00edcula<\/a><\/li><li>\u21d2 <a href=\"https:\/\/departamentos.uleam.edu.ec\/gestion-aseguramiento-calidad\/reingreso-de-estudiantes\/\">Reingreso de estudiantes<\/a><\/li><li>\u21d2 <a href=\"https:\/\/departamentos.uleam.edu.ec\/gestion-aseguramiento-calidad\/homologacion-de-estudios-por-analisis-comparativo-de-contenidos\/\">Homologaci\u00f3n de Estudios por An\u00e1lisis Comparativo de Contenidos<\/a><\/li><\/ul><\/div>\n\t\t\t\t\t\t\t<\/div>\n\t\t<\/div>\n\t\t\t\t<\/div>\n\t\t\t\t<\/div>\n\t\t\t\t\t<\/div>\n\t\t<\/div>\n\t\t\t\t\t\t\t<\/div>\n\t\t<\/section>\n\t\t\t\t\t\t<\/div>\n\t\t\t\t\t<\/div>\n\t\t","protected":false},"excerpt":{"rendered":"<p>Bienvenidos Descripci\u00f3n General de la Carrera Malla Curricular Docentes Datos Generales Gesti\u00f3n y Proceso Estudiantil Bienvenidos Descripci\u00f3n General de la Carrera Instituci\u00f3n:\u00a0\u00a0\u00a0\u00a0\u00a0\u00a0\u00a0\u00a0\u00a0\u00a0\u00a0\u00a0\u00a0\u00a0\u00a0\u00a0\u00a0\u00a0\u00a0\u00a0\u00a0\u00a0\u00a0\u00a0\u00a0\u00a0\u00a0\u00a0\u00a0\u00a0 Universidad Laica Eloy Alfaro de Manab\u00ed Nombre de la carrera:\u00a0\u00a0\u00a0\u00a0\u00a0\u00a0\u00a0\u00a0\u00a0\u00a0\u00a0 Agronegocios Titulaci\u00f3n: \u00a0\u00a0\u00a0\u00a0\u00a0\u00a0\u00a0\u00a0\u00a0\u00a0\u00a0\u00a0\u00a0\u00a0\u00a0\u00a0\u00a0\u00a0\u00a0\u00a0 \u00a0 \u00a0\u00a0\u00a0\u00a0\u00a0\u00a0\u00a0 Licenciado\/a en Agronegocios [&hellip;]<\/p>\n","protected":false},"author":7,"featured_media":0,"parent":0,"menu_order":0,"comment_status":"closed","ping_status":"closed","template":"","meta":{"_acf_changed":false,"footnotes":""},"class_list":["post-66","page","type-page","status-publish","hentry"],"acf":[],"_links":{"self":[{"href":"https:\/\/carreras.uleam.edu.ec\/facultad-ciencias-de-la-vida-y-tecnologicas\/wp-json\/wp\/v2\/pages\/66","targetHints":{"allow":["GET"]}}],"collection":[{"href":"https:\/\/carreras.uleam.edu.ec\/facultad-ciencias-de-la-vida-y-tecnologicas\/wp-json\/wp\/v2\/pages"}],"about":[{"href":"https:\/\/carreras.uleam.edu.ec\/facultad-ciencias-de-la-vida-y-tecnologicas\/wp-json\/wp\/v2\/types\/page"}],"author":[{"embeddable":true,"href":"https:\/\/carreras.uleam.edu.ec\/facultad-ciencias-de-la-vida-y-tecnologicas\/wp-json\/wp\/v2\/users\/7"}],"replies":[{"embeddable":true,"href":"https:\/\/carreras.uleam.edu.ec\/facultad-ciencias-de-la-vida-y-tecnologicas\/wp-json\/wp\/v2\/comments?post=66"}],"version-history":[{"count":41,"href":"https:\/\/carreras.uleam.edu.ec\/facultad-ciencias-de-la-vida-y-tecnologicas\/wp-json\/wp\/v2\/pages\/66\/revisions"}],"predecessor-version":[{"id":423,"href":"https:\/\/carreras.uleam.edu.ec\/facultad-ciencias-de-la-vida-y-tecnologicas\/wp-json\/wp\/v2\/pages\/66\/revisions\/423"}],"wp:attachment":[{"href":"https:\/\/carreras.uleam.edu.ec\/facultad-ciencias-de-la-vida-y-tecnologicas\/wp-json\/wp\/v2\/media?parent=66"}],"curies":[{"name":"wp","href":"https:\/\/api.w.org\/{rel}","templated":true}]}}