{"id":67,"date":"2022-09-15T21:36:45","date_gmt":"2022-09-15T21:36:45","guid":{"rendered":"https:\/\/carreras.uleam.edu.ec\/facultad-ciencias-de-la-vida-y-tecnologicas\/?page_id=67"},"modified":"2025-03-14T20:58:15","modified_gmt":"2025-03-14T20:58:15","slug":"carrera-de-biologia","status":"publish","type":"page","link":"https:\/\/carreras.uleam.edu.ec\/facultad-ciencias-de-la-vida-y-tecnologicas\/carrera-de-biologia\/","title":{"rendered":"Carrera Biolog\u00eda"},"content":{"rendered":"\t\t<div data-elementor-type=\"wp-page\" data-elementor-id=\"67\" class=\"elementor elementor-67\" data-elementor-settings=\"[]\">\n\t\t\t\t\t\t\t<div class=\"elementor-section-wrap\">\n\t\t\t\t\t\t\t<section class=\"elementor-section elementor-top-section elementor-element elementor-element-38e3fce elementor-section-boxed elementor-section-height-default elementor-section-height-default\" data-id=\"38e3fce\" data-element_type=\"section\">\n\t\t\t\t\t\t<div class=\"elementor-container elementor-column-gap-default\">\n\t\t\t\t\t<div class=\"elementor-column elementor-col-100 elementor-top-column elementor-element elementor-element-e70ffd0\" data-id=\"e70ffd0\" data-element_type=\"column\">\n\t\t\t<div class=\"elementor-widget-wrap elementor-element-populated\">\n\t\t\t\t\t\t\t\t<div class=\"elementor-element elementor-element-c766043 elementor-tabs-view-horizontal elementor-widget elementor-widget-tabs\" data-id=\"c766043\" data-element_type=\"widget\" data-widget_type=\"tabs.default\">\n\t\t\t\t<div class=\"elementor-widget-container\">\n\t\t\t\t\t<div class=\"elementor-tabs\">\n\t\t\t<div class=\"elementor-tabs-wrapper\" role=\"tablist\" >\n\t\t\t\t\t\t\t\t\t<div id=\"elementor-tab-title-2091\" class=\"elementor-tab-title elementor-tab-desktop-title\" aria-selected=\"true\" data-tab=\"1\" role=\"tab\" tabindex=\"0\" aria-controls=\"elementor-tab-content-2091\" aria-expanded=\"false\">Bienvenidos<\/div>\n\t\t\t\t\t\t\t\t\t<div id=\"elementor-tab-title-2092\" class=\"elementor-tab-title elementor-tab-desktop-title\" aria-selected=\"false\" data-tab=\"2\" role=\"tab\" tabindex=\"-1\" aria-controls=\"elementor-tab-content-2092\" aria-expanded=\"false\">Descripci\u00f3n General de la Carrera<\/div>\n\t\t\t\t\t\t\t\t\t<div id=\"elementor-tab-title-2093\" class=\"elementor-tab-title elementor-tab-desktop-title\" aria-selected=\"false\" data-tab=\"3\" role=\"tab\" tabindex=\"-1\" aria-controls=\"elementor-tab-content-2093\" aria-expanded=\"false\">Malla Curricular<\/div>\n\t\t\t\t\t\t\t\t\t<div id=\"elementor-tab-title-2094\" class=\"elementor-tab-title elementor-tab-desktop-title\" aria-selected=\"false\" data-tab=\"4\" role=\"tab\" tabindex=\"-1\" aria-controls=\"elementor-tab-content-2094\" aria-expanded=\"false\">Docentes<\/div>\n\t\t\t\t\t\t\t\t\t<div id=\"elementor-tab-title-2095\" class=\"elementor-tab-title elementor-tab-desktop-title\" aria-selected=\"false\" data-tab=\"5\" role=\"tab\" tabindex=\"-1\" aria-controls=\"elementor-tab-content-2095\" aria-expanded=\"false\">Datos Generales<\/div>\n\t\t\t\t\t\t\t\t\t<div id=\"elementor-tab-title-2096\" class=\"elementor-tab-title elementor-tab-desktop-title\" aria-selected=\"false\" data-tab=\"6\" role=\"tab\" tabindex=\"-1\" aria-controls=\"elementor-tab-content-2096\" aria-expanded=\"false\">Gesti\u00f3n y Proceso Estudiantil<\/div>\n\t\t\t\t\t\t\t<\/div>\n\t\t\t<div class=\"elementor-tabs-content-wrapper\" role=\"tablist\" aria-orientation=\"vertical\">\n\t\t\t\t\t\t\t\t\t<div class=\"elementor-tab-title elementor-tab-mobile-title\" aria-selected=\"true\" data-tab=\"1\" role=\"tab\" tabindex=\"0\" aria-controls=\"elementor-tab-content-2091\" aria-expanded=\"false\">Bienvenidos<\/div>\n\t\t\t\t\t<div id=\"elementor-tab-content-2091\" class=\"elementor-tab-content elementor-clearfix\" data-tab=\"1\" role=\"tabpanel\" aria-labelledby=\"elementor-tab-title-2091\" tabindex=\"0\" hidden=\"false\"><p><iframe loading=\"lazy\" title=\"CARRERA BIOLOG\u00cdA\" width=\"500\" height=\"281\" src=\"https:\/\/www.youtube.com\/embed\/4586mhFfgI0?feature=oembed\" frameborder=\"0\" allow=\"accelerometer; autoplay; clipboard-write; encrypted-media; gyroscope; picture-in-picture; web-share\" referrerpolicy=\"strict-origin-when-cross-origin\" allowfullscreen><\/iframe><\/p><\/div>\n\t\t\t\t\t\t\t\t\t<div class=\"elementor-tab-title elementor-tab-mobile-title\" aria-selected=\"false\" data-tab=\"2\" role=\"tab\" tabindex=\"-1\" aria-controls=\"elementor-tab-content-2092\" aria-expanded=\"false\">Descripci\u00f3n General de la Carrera<\/div>\n\t\t\t\t\t<div id=\"elementor-tab-content-2092\" class=\"elementor-tab-content elementor-clearfix\" data-tab=\"2\" role=\"tabpanel\" aria-labelledby=\"elementor-tab-title-2092\" tabindex=\"0\" hidden=\"hidden\"><p>Nombre de la carrera:\u00a0 \u00a0 \u00a0 \u00a0 \u00a0 \u00a0 \u00a0 \u00a0 \u00a0 \u00a0 Biolog\u00eda<\/p><p>Titulaci\u00f3n:\u00a0 \u00a0 \u00a0 \u00a0 \u00a0 \u00a0 \u00a0 \u00a0 \u00a0 \u00a0 \u00a0 \u00a0 \u00a0 \u00a0 \u00a0 \u00a0 \u00a0 \u00a0 \u00a0 \u00a0 Bi\u00f3logo\/a<\/p><p>Modalidad:\u00a0 \u00a0 \u00a0 \u00a0 \u00a0 \u00a0 \u00a0 \u00a0 \u00a0 \u00a0 \u00a0 \u00a0 \u00a0 \u00a0 \u00a0 \u00a0 \u00a0 \u00a0 \u00a0 \u00a0Presencial \u2013 Semestral<\/p><p>Numero de periodos ordinarios:\u00a0 8 (Ocho)<\/p><p>Objetivo general:<\/p><p>Formar profesionales en biolog\u00eda con visi\u00f3n cr\u00edtica, integral y compleja de los procesos de la vida y las relaciones de la misma con el bienestar animal, desarrollo econ\u00f3mico y ambiental del pa\u00eds con capacidad para interponer propuestas viables para la producci\u00f3n y transformaci\u00f3n de la materia prima biol\u00f3gica en productos comercializables que provoquen la transformaci\u00f3n de la matriz productiva.<\/p><p>Perfil de ingreso:<\/p><p>El aspirante a esta carrera deber\u00e1 caracterizarse por tener:<\/p><ul><li>Actitud de inter\u00e9s hacia los medios de comunicaci\u00f3n.<\/li><li>Actitud de iniciativa y emprendimiento.<\/li><li>Actitud de sensibilidad a la realidad social.<\/li><li>Actitud cr\u00edtica frente a situaciones complejas.<\/li><li>Habilidad de pensamiento creativo.<\/li><li>Habilidad de dominio de lectura y escritura.<\/li><li>Habilidades en el manejo de las TIC como soporte de sus procesos de aprendizaje.<\/li><li>Capacidad de lectura comprensiva.<\/li><li>Capacidad de saber analizar y sintetizar.<\/li><li>Capacidad para comunicarse efectivamente.<\/li><li>Capacidad de trabajo en equipos con diversidad cultural y social.<\/li><\/ul><p>Requisitos de ingreso<\/p><p style=\"padding-left: 40px\">Poseer t\u00edtulo de bachiller original o su equivalente internacional apostillado y homologado por el ministerio de educaci\u00f3n del ecuador.<\/p><p style=\"padding-left: 40px\">Haber cumplido los requisitos normados por el Sistema Nacional de Nivelaci\u00f3n y Admisi\u00f3n. Copia de c\u00e9dula o Pasaporte vigente<\/p><p>Requisitos de graduaci\u00f3n<\/p><p style=\"padding-left: 40px\">Aprobar la malla curricular y sus componentes<\/p><p style=\"padding-left: 40px\">Haber sido declarado aprobado en una modalidad de titulaci\u00f3n<\/p><p style=\"padding-left: 40px\">Acreditar suficiencia a nivel MERL-B2 al culminar la carrera conforme a lo dispuesto en el RRA interno y el aprobado por el CES<\/p><p>Modalidades de titulaci\u00f3n<\/p><ul><li>-Examen de grado o de fin de carrera<\/li><li>-Proyectos de investigaci\u00f3n<\/li><li>-Ensayos o art\u00edculos acad\u00e9micos<\/li><\/ul><p>Campo ocupacional<\/p><p style=\"padding-left: 40px\">Con relaci\u00f3n a las expectativas y necesidades de la sociedad; la carrera de Biolog\u00eda se circunscribe en el \u00e1mbito biol\u00f3gico y productivo atendiendo principalmente a los sectores que se vinculan en la ciudad de Manta a la conservaci\u00f3n y procesamiento de alimentos con origen marino. De acuerdo a lo se\u00f1alado por la Agenda Zonal 4, \u201clos recursos marinos han sido la principal fuente de ingreso, sustento y riqueza del cant\u00f3n Manta\u201d (Senplades, 2013) sector en que la carrera tiene un alto nivel de participaci\u00f3n como apoyo t\u00e9cnico y sost\u00e9n de los procesos productivos de la zona.<\/p><p>En respuesta a la planificaci\u00f3n nacional, y al r\u00e9gimen de desarrollo, la carrera aporta a trav\u00e9s de sus proyectos de integraci\u00f3n al desarrollo de las siguientes estrategias:<\/p><ol><li>En el eje de cambio de la matriz productiva de la zona cuatro.<\/li><\/ol><ul><li>Impulsar al sector pesquero artesanal mediante la implementaci\u00f3n de facilidades pesqueras y cadenas productivas para el acceso a los mercados de consumo.<\/li><li>Fomentar la maricultura, de manera responsable con el medioambiente, generando empleo al sector y diversificando la producci\u00f3n.<\/li><li>Fortalecerla industrializaci\u00f3n de la pesca, fomentando la diversificaci\u00f3n y especializaci\u00f3n de los productos para las exportaciones.<\/li><\/ul><ol><li>En el eje de Sustentabilidad patrimonial, natural y cultural<\/li><\/ol><ul><li>Promover la investigaci\u00f3n cient\u00edfica e innovaci\u00f3n tecnol\u00f3gica en la zona litoral marino costera, acorde a las caracter\u00edsticas emanadas por las actividades de la poblaci\u00f3n.<\/li><li>Incentivar la conservaci\u00f3n de los bosques protectores y humedales para garantizar la supervivencia de especies animales y vegetales.<\/li><li>Promover la protecci\u00f3n de la fauna silvestre en \u00e1reas protegidas y bosques naturales mitigando la mortandad de las especies en rutas tur\u00edsticas.<\/li><li>Promover una gesti\u00f3n integral del recurso agua en cuencas hidrogr\u00e1ficas en calidad, mitigando amenazas de origen antr\u00f3picos; y cantidad, a trav\u00e9s de la transferencia de tecnolog\u00eda para el aprovechamiento racional.<\/li><\/ul><p>En concordancia a la prospectiva de desarrollo cient\u00edfico, human\u00edstico y tecnol\u00f3gico mundial, y a la diversidad cultural; la carrera responde a l\u00edneas de investigaci\u00f3n en la pol\u00edtica 4 del Plan Nacional de Ciencia, Innovaci\u00f3n, Tecnolog\u00eda y Saberes Ancestrales, aportando a trav\u00e9s de sus proyectos de integraci\u00f3n y pr\u00e1cticas preprofesionales a la consolidaci\u00f3n del objetivo estrat\u00e9gico \u201cImpulsar la innovaci\u00f3n para el mejoramiento de los productos y procesos productivos\u201d en el caso de la carrera desde el sector marino \u2013 costero y de origen biol\u00f3gico.<\/p><\/div>\n\t\t\t\t\t\t\t\t\t<div class=\"elementor-tab-title elementor-tab-mobile-title\" aria-selected=\"false\" data-tab=\"3\" role=\"tab\" tabindex=\"-1\" aria-controls=\"elementor-tab-content-2093\" aria-expanded=\"false\">Malla Curricular<\/div>\n\t\t\t\t\t<div id=\"elementor-tab-content-2093\" class=\"elementor-tab-content elementor-clearfix\" data-tab=\"3\" role=\"tabpanel\" aria-labelledby=\"elementor-tab-title-2093\" tabindex=\"0\" hidden=\"hidden\"><p><a href=\"https:\/\/carreras.uleam.edu.ec\/facultad-ciencias-de-la-vida-y-tecnologicas\/wp-content\/uploads\/sites\/73\/2023\/01\/MALLA-BIOLOGIA-2022-20H.pdf\" target=\"_blank\" rel=\"noopener\"><img loading=\"lazy\" decoding=\"async\" class=\"alignnone wp-image-256 size-large\" src=\"https:\/\/carreras.uleam.edu.ec\/facultad-ciencias-de-la-vida-y-tecnologicas\/wp-content\/uploads\/sites\/73\/2023\/01\/MALLA-BIOLOGIA-2022-20H-1024x624.png\" alt=\"\" width=\"1024\" height=\"624\" srcset=\"https:\/\/carreras.uleam.edu.ec\/facultad-ciencias-de-la-vida-y-tecnologicas\/wp-content\/uploads\/sites\/73\/2023\/01\/MALLA-BIOLOGIA-2022-20H-1024x624.png 1024w, https:\/\/carreras.uleam.edu.ec\/facultad-ciencias-de-la-vida-y-tecnologicas\/wp-content\/uploads\/sites\/73\/2023\/01\/MALLA-BIOLOGIA-2022-20H-300x183.png 300w, https:\/\/carreras.uleam.edu.ec\/facultad-ciencias-de-la-vida-y-tecnologicas\/wp-content\/uploads\/sites\/73\/2023\/01\/MALLA-BIOLOGIA-2022-20H-768x468.png 768w, https:\/\/carreras.uleam.edu.ec\/facultad-ciencias-de-la-vida-y-tecnologicas\/wp-content\/uploads\/sites\/73\/2023\/01\/MALLA-BIOLOGIA-2022-20H-1536x936.png 1536w, https:\/\/carreras.uleam.edu.ec\/facultad-ciencias-de-la-vida-y-tecnologicas\/wp-content\/uploads\/sites\/73\/2023\/01\/MALLA-BIOLOGIA-2022-20H-2048x1248.png 2048w\" sizes=\"auto, (max-width: 1024px) 100vw, 1024px\" \/><\/a><\/p><\/div>\n\t\t\t\t\t\t\t\t\t<div class=\"elementor-tab-title elementor-tab-mobile-title\" aria-selected=\"false\" data-tab=\"4\" role=\"tab\" tabindex=\"-1\" aria-controls=\"elementor-tab-content-2094\" aria-expanded=\"false\">Docentes<\/div>\n\t\t\t\t\t<div id=\"elementor-tab-content-2094\" class=\"elementor-tab-content elementor-clearfix\" data-tab=\"4\" role=\"tabpanel\" aria-labelledby=\"elementor-tab-title-2094\" tabindex=\"0\" hidden=\"hidden\"><ul><li>Blgo. Luis Alberto Bravo Delgado, Mg.<\/li><li>Blgo. Jes\u00fas Humberto Briones Mendoza, Mg.<\/li><li>Blgo. Javier David Ca\u00f1arte Pin, Mg.<\/li><li>Blga. Maribel Carrera Fern\u00e1ndez, Phd.<\/li><li>Ing. Diego Mauricio Carrillo Freire, Mg.<\/li><li>Blga. Patricia Castillo Brice\u00f1o, Phd.<\/li><li>Blgo. Dar\u00edo Olivio Del Valle Calder\u00f3n, Mg.<\/li><li>Blga. Wendy Magdalena G\u00f3mez Zamora, Mg.<\/li><li>Blga. Tania Lin Maldonado Sabando, Mg.<\/li><li>Ing. Marcelo Edmundo Matute Zeas, Mg.<\/li><li>Blgo. Klever Xavier Mendoza Nieto, Mg.<\/li><li>Blgo. Juan Pablo Napa Espa\u00f1a, Mg.<\/li><li>Blgo. Kl\u00e9ber Francisco Navarrete Mier, Phd.<\/li><li>Blgo. Eduardo Xavier Pico Lozano, Mg.<\/li><li>Ing. Jahaira Pamela Quijije Alvarado, Phd.<\/li><li>Blgo. Luber Javier Quijije L\u00f3pez, Mg.<\/li><li>Blgo. Jaime David S\u00e1nchez Moreira, Mg.<\/li><li>Blgo. Hans Dietel Ruperti Loor, Mg.<\/li><li>Blga. Sandra Xiomara Sol\u00f3rzano Barcia, Mg.<\/li><li>Blgo. V\u00edctor Manuel V\u00e9liz Quijije, Mg.<\/li><li>Blgo. Ronald Arturo Zavala Murillo, Mg.<\/li><\/ul><\/div>\n\t\t\t\t\t\t\t\t\t<div class=\"elementor-tab-title elementor-tab-mobile-title\" aria-selected=\"false\" data-tab=\"5\" role=\"tab\" tabindex=\"-1\" aria-controls=\"elementor-tab-content-2095\" aria-expanded=\"false\">Datos Generales<\/div>\n\t\t\t\t\t<div id=\"elementor-tab-content-2095\" class=\"elementor-tab-content elementor-clearfix\" data-tab=\"5\" role=\"tabpanel\" aria-labelledby=\"elementor-tab-title-2095\" tabindex=\"0\" hidden=\"hidden\"><ul><li style=\"text-align: center\">Blgo. Eduardo Xavier Pico Lozano<\/li><li style=\"text-align: center\">DIRECTOR DE CARRERA<\/li><li style=\"text-align: center\"><a href=\"mailto:eduardo.pico@uleam.edu.ec\">eduardo.pico@uleam.edu.ec<\/a><\/li><\/ul><hr \/><ul><li style=\"text-align: center\">Betsy Iveth Garc\u00eda Vicu\u00f1a<\/li><li class=\"Default\" style=\"text-align: center\"><span style=\"font-size: 9.0pt;color: #0462c1\">betsy.garcia@uleam.edu.ec<\/span><\/li><li style=\"text-align: center\">SECRETARIA<\/li><\/ul><hr \/><p style=\"text-align: center\">HORARIO DE ATENCI\u00d3N\u00a0<\/p><p style=\"text-align: center\">08:00 &#8211; 17:00<\/p><\/div>\n\t\t\t\t\t\t\t\t\t<div class=\"elementor-tab-title elementor-tab-mobile-title\" aria-selected=\"false\" data-tab=\"6\" role=\"tab\" tabindex=\"-1\" aria-controls=\"elementor-tab-content-2096\" aria-expanded=\"false\">Gesti\u00f3n y Proceso Estudiantil<\/div>\n\t\t\t\t\t<div id=\"elementor-tab-content-2096\" class=\"elementor-tab-content elementor-clearfix\" data-tab=\"6\" role=\"tabpanel\" aria-labelledby=\"elementor-tab-title-2096\" tabindex=\"0\" hidden=\"hidden\"><ul><li>\u21d2\u00a0Pr\u00e1cticas Pre-profesionales<\/li><li>\u21d2 <a href=\"https:\/\/departamentos.uleam.edu.ec\/gestion-aseguramiento-calidad\/2019\/04\/08\/matricula\/\">Matr\u00edcula<\/a><\/li><li>\u21d2 <a href=\"https:\/\/departamentos.uleam.edu.ec\/gestion-aseguramiento-calidad\/reingreso-de-estudiantes\/\">Reingreso de estudiantes<\/a><\/li><li>\u21d2 <a href=\"https:\/\/departamentos.uleam.edu.ec\/gestion-aseguramiento-calidad\/homologacion-de-estudios-por-analisis-comparativo-de-contenidos\/\">Homologaci\u00f3n de Estudios por An\u00e1lisis Comparativo de Contenidos<\/a><\/li><\/ul><\/div>\n\t\t\t\t\t\t\t<\/div>\n\t\t<\/div>\n\t\t\t\t<\/div>\n\t\t\t\t<\/div>\n\t\t\t\t\t<\/div>\n\t\t<\/div>\n\t\t\t\t\t\t\t<\/div>\n\t\t<\/section>\n\t\t\t\t\t\t<\/div>\n\t\t\t\t\t<\/div>\n\t\t","protected":false},"excerpt":{"rendered":"<p>Bienvenidos Descripci\u00f3n General de la Carrera Malla Curricular Docentes Datos Generales Gesti\u00f3n y Proceso Estudiantil Bienvenidos Descripci\u00f3n General de la Carrera Nombre de la carrera:\u00a0 \u00a0 \u00a0 \u00a0 \u00a0 \u00a0 \u00a0 \u00a0 \u00a0 \u00a0 Biolog\u00eda Titulaci\u00f3n:\u00a0 \u00a0 \u00a0 \u00a0 \u00a0 [&hellip;]<\/p>\n","protected":false},"author":7,"featured_media":0,"parent":0,"menu_order":0,"comment_status":"closed","ping_status":"closed","template":"","meta":{"_acf_changed":false,"footnotes":""},"class_list":["post-67","page","type-page","status-publish","hentry"],"acf":[],"_links":{"self":[{"href":"https:\/\/carreras.uleam.edu.ec\/facultad-ciencias-de-la-vida-y-tecnologicas\/wp-json\/wp\/v2\/pages\/67","targetHints":{"allow":["GET"]}}],"collection":[{"href":"https:\/\/carreras.uleam.edu.ec\/facultad-ciencias-de-la-vida-y-tecnologicas\/wp-json\/wp\/v2\/pages"}],"about":[{"href":"https:\/\/carreras.uleam.edu.ec\/facultad-ciencias-de-la-vida-y-tecnologicas\/wp-json\/wp\/v2\/types\/page"}],"author":[{"embeddable":true,"href":"https:\/\/carreras.uleam.edu.ec\/facultad-ciencias-de-la-vida-y-tecnologicas\/wp-json\/wp\/v2\/users\/7"}],"replies":[{"embeddable":true,"href":"https:\/\/carreras.uleam.edu.ec\/facultad-ciencias-de-la-vida-y-tecnologicas\/wp-json\/wp\/v2\/comments?post=67"}],"version-history":[{"count":38,"href":"https:\/\/carreras.uleam.edu.ec\/facultad-ciencias-de-la-vida-y-tecnologicas\/wp-json\/wp\/v2\/pages\/67\/revisions"}],"predecessor-version":[{"id":425,"href":"https:\/\/carreras.uleam.edu.ec\/facultad-ciencias-de-la-vida-y-tecnologicas\/wp-json\/wp\/v2\/pages\/67\/revisions\/425"}],"wp:attachment":[{"href":"https:\/\/carreras.uleam.edu.ec\/facultad-ciencias-de-la-vida-y-tecnologicas\/wp-json\/wp\/v2\/media?parent=67"}],"curies":[{"name":"wp","href":"https:\/\/api.w.org\/{rel}","templated":true}]}}