{"id":13,"date":"2022-09-09T01:17:50","date_gmt":"2022-09-09T01:17:50","guid":{"rendered":"https:\/\/carreras.uleam.edu.ec\/facultad-ciencias-sociales-derecho-y-bienestar\/?page_id=13"},"modified":"2025-12-01T21:27:45","modified_gmt":"2025-12-01T21:27:45","slug":"carrera-de-trabajo-social","status":"publish","type":"page","link":"https:\/\/carreras.uleam.edu.ec\/facultad-ciencias-sociales-derecho-y-bienestar\/carrera-de-trabajo-social\/","title":{"rendered":"Carrera Trabajo Social"},"content":{"rendered":"\t\t<div data-elementor-type=\"wp-page\" data-elementor-id=\"13\" class=\"elementor elementor-13\" data-elementor-settings=\"[]\">\n\t\t\t\t\t\t\t<div class=\"elementor-section-wrap\">\n\t\t\t\t\t\t\t<section class=\"elementor-section elementor-top-section elementor-element elementor-element-3b4202a elementor-section-stretched elementor-section-boxed elementor-section-height-default elementor-section-height-default\" data-id=\"3b4202a\" data-element_type=\"section\" data-settings=\"{&quot;stretch_section&quot;:&quot;section-stretched&quot;}\">\n\t\t\t\t\t\t<div class=\"elementor-container elementor-column-gap-default\">\n\t\t\t\t\t<div class=\"elementor-column elementor-col-100 elementor-top-column elementor-element elementor-element-c58093b\" data-id=\"c58093b\" data-element_type=\"column\">\n\t\t\t<div class=\"elementor-widget-wrap elementor-element-populated\">\n\t\t\t\t\t\t\t\t<div class=\"elementor-element elementor-element-e8d7da2 elementor-tabs-view-horizontal elementor-widget elementor-widget-tabs\" data-id=\"e8d7da2\" data-element_type=\"widget\" data-widget_type=\"tabs.default\">\n\t\t\t\t<div class=\"elementor-widget-container\">\n\t\t\t\t\t<div class=\"elementor-tabs\">\n\t\t\t<div class=\"elementor-tabs-wrapper\" role=\"tablist\" >\n\t\t\t\t\t\t\t\t\t<div id=\"elementor-tab-title-2441\" class=\"elementor-tab-title elementor-tab-desktop-title\" aria-selected=\"true\" data-tab=\"1\" role=\"tab\" tabindex=\"0\" aria-controls=\"elementor-tab-content-2441\" aria-expanded=\"false\">Bienvenidos<\/div>\n\t\t\t\t\t\t\t\t\t<div id=\"elementor-tab-title-2442\" class=\"elementor-tab-title elementor-tab-desktop-title\" aria-selected=\"false\" data-tab=\"2\" role=\"tab\" tabindex=\"-1\" aria-controls=\"elementor-tab-content-2442\" aria-expanded=\"false\">Misi\u00f3n y Visi\u00f3n<\/div>\n\t\t\t\t\t\t\t\t\t<div id=\"elementor-tab-title-2443\" class=\"elementor-tab-title elementor-tab-desktop-title\" aria-selected=\"false\" data-tab=\"3\" role=\"tab\" tabindex=\"-1\" aria-controls=\"elementor-tab-content-2443\" aria-expanded=\"false\">Descripci\u00f3n General de la Carrera<\/div>\n\t\t\t\t\t\t\t\t\t<div id=\"elementor-tab-title-2444\" class=\"elementor-tab-title elementor-tab-desktop-title\" aria-selected=\"false\" data-tab=\"4\" role=\"tab\" tabindex=\"-1\" aria-controls=\"elementor-tab-content-2444\" aria-expanded=\"false\">Malla Curricular<\/div>\n\t\t\t\t\t\t\t\t\t<div id=\"elementor-tab-title-2445\" class=\"elementor-tab-title elementor-tab-desktop-title\" aria-selected=\"false\" data-tab=\"5\" role=\"tab\" tabindex=\"-1\" aria-controls=\"elementor-tab-content-2445\" aria-expanded=\"false\">Docentes<\/div>\n\t\t\t\t\t\t\t\t\t<div id=\"elementor-tab-title-2446\" class=\"elementor-tab-title elementor-tab-desktop-title\" aria-selected=\"false\" data-tab=\"6\" role=\"tab\" tabindex=\"-1\" aria-controls=\"elementor-tab-content-2446\" aria-expanded=\"false\">Datos Generales<\/div>\n\t\t\t\t\t\t\t\t\t<div id=\"elementor-tab-title-2447\" class=\"elementor-tab-title elementor-tab-desktop-title\" aria-selected=\"false\" data-tab=\"7\" role=\"tab\" tabindex=\"-1\" aria-controls=\"elementor-tab-content-2447\" aria-expanded=\"false\">Gesti\u00f3n y Proceso Estudiantil<\/div>\n\t\t\t\t\t\t\t\t\t<div id=\"elementor-tab-title-2448\" class=\"elementor-tab-title elementor-tab-desktop-title\" aria-selected=\"false\" data-tab=\"8\" role=\"tab\" tabindex=\"-1\" aria-controls=\"elementor-tab-content-2448\" aria-expanded=\"false\">Funciones Sustantivas<\/div>\n\t\t\t\t\t\t\t<\/div>\n\t\t\t<div class=\"elementor-tabs-content-wrapper\" role=\"tablist\" aria-orientation=\"vertical\">\n\t\t\t\t\t\t\t\t\t<div class=\"elementor-tab-title elementor-tab-mobile-title\" aria-selected=\"true\" data-tab=\"1\" role=\"tab\" tabindex=\"0\" aria-controls=\"elementor-tab-content-2441\" aria-expanded=\"false\">Bienvenidos<\/div>\n\t\t\t\t\t<div id=\"elementor-tab-content-2441\" class=\"elementor-tab-content elementor-clearfix\" data-tab=\"1\" role=\"tabpanel\" aria-labelledby=\"elementor-tab-title-2441\" tabindex=\"0\" hidden=\"false\"><p><a href=\"https:\/\/carreras.uleam.edu.ec\/facultad-ciencias-sociales-derecho-y-bienestar\/wp-content\/uploads\/sites\/72\/2024\/06\/DIPTICO-TRABAJO-SOCIAL-WEB.pdf\" target=\"_blank\" rel=\"noopener\"><img loading=\"lazy\" decoding=\"async\" class=\"alignnone wp-image-432 size-large\" src=\"https:\/\/carreras.uleam.edu.ec\/facultad-ciencias-sociales-derecho-y-bienestar\/wp-content\/uploads\/sites\/72\/2024\/06\/DIPTICO-TRABAJO-SOCIAL-1024x724.png\" alt=\"\" width=\"1024\" height=\"724\" srcset=\"https:\/\/carreras.uleam.edu.ec\/facultad-ciencias-sociales-derecho-y-bienestar\/wp-content\/uploads\/sites\/72\/2024\/06\/DIPTICO-TRABAJO-SOCIAL-1024x724.png 1024w, https:\/\/carreras.uleam.edu.ec\/facultad-ciencias-sociales-derecho-y-bienestar\/wp-content\/uploads\/sites\/72\/2024\/06\/DIPTICO-TRABAJO-SOCIAL-300x212.png 300w, https:\/\/carreras.uleam.edu.ec\/facultad-ciencias-sociales-derecho-y-bienestar\/wp-content\/uploads\/sites\/72\/2024\/06\/DIPTICO-TRABAJO-SOCIAL-768x543.png 768w, https:\/\/carreras.uleam.edu.ec\/facultad-ciencias-sociales-derecho-y-bienestar\/wp-content\/uploads\/sites\/72\/2024\/06\/DIPTICO-TRABAJO-SOCIAL-1536x1086.png 1536w, https:\/\/carreras.uleam.edu.ec\/facultad-ciencias-sociales-derecho-y-bienestar\/wp-content\/uploads\/sites\/72\/2024\/06\/DIPTICO-TRABAJO-SOCIAL-2048x1448.png 2048w\" sizes=\"auto, (max-width: 1024px) 100vw, 1024px\" \/><\/a><\/p><p><iframe loading=\"lazy\" title=\"CARRERA TRABAJO SOCIAL\" width=\"500\" height=\"281\" src=\"https:\/\/www.youtube.com\/embed\/adDARSi52B8?feature=oembed\" frameborder=\"0\" allow=\"accelerometer; autoplay; clipboard-write; encrypted-media; gyroscope; picture-in-picture; web-share\" referrerpolicy=\"strict-origin-when-cross-origin\" allowfullscreen><\/iframe><\/p><\/div>\n\t\t\t\t\t\t\t\t\t<div class=\"elementor-tab-title elementor-tab-mobile-title\" aria-selected=\"false\" data-tab=\"2\" role=\"tab\" tabindex=\"-1\" aria-controls=\"elementor-tab-content-2442\" aria-expanded=\"false\">Misi\u00f3n y Visi\u00f3n<\/div>\n\t\t\t\t\t<div id=\"elementor-tab-content-2442\" class=\"elementor-tab-content elementor-clearfix\" data-tab=\"2\" role=\"tabpanel\" aria-labelledby=\"elementor-tab-title-2442\" tabindex=\"0\" hidden=\"hidden\"><p style=\"text-align: justify\"><span style=\"text-decoration: underline\">Misi\u00f3n de la carrera<\/span><\/p><p style=\"text-align: justify\">Formar profesionales competentes y humanistas en Trabajo Social, mediante la docencia, la investigaci\u00f3n y la vinculaci\u00f3n con la colectividad; para promover la autonom\u00eda de la ciudadan\u00eda y los colectivos, el desarrollo social sostenible y la consecuci\u00f3n de los derechos del Buen Vivir.<\/p><p style=\"text-align: justify\"><span style=\"text-decoration: underline\">Visi\u00f3n de la carrera<\/span><\/p><p style=\"text-align: justify\">Ser una unidad acad\u00e9mica l\u00edder en la formaci\u00f3n de profesionales competentes en trabajo social, con docentes altamente capacitados; que gestiona pol\u00edticas y propuestas para el desarrollo humano, comprometida con la garant\u00eda de los derechos del buen vivir; con reconocimiento local, nacional e internacional.<\/p><\/div>\n\t\t\t\t\t\t\t\t\t<div class=\"elementor-tab-title elementor-tab-mobile-title\" aria-selected=\"false\" data-tab=\"3\" role=\"tab\" tabindex=\"-1\" aria-controls=\"elementor-tab-content-2443\" aria-expanded=\"false\">Descripci\u00f3n General de la Carrera<\/div>\n\t\t\t\t\t<div id=\"elementor-tab-content-2443\" class=\"elementor-tab-content elementor-clearfix\" data-tab=\"3\" role=\"tabpanel\" aria-labelledby=\"elementor-tab-title-2443\" tabindex=\"0\" hidden=\"hidden\"><p>Carrera:\u00a0\u00a0\u00a0\u00a0\u00a0\u00a0\u00a0 \u00a0\u00a0\u00a0\u00a0\u00a0\u00a0\u00a0\u00a0\u00a0\u00a0\u00a0 \u00a0\u00a0\u00a0\u00a0\u00a0\u00a0\u00a0\u00a0\u00a0\u00a0\u00a0 Trabajo Social<\/p><p>T\u00edtulo a otorgar:\u00a0\u00a0\u00a0\u00a0\u00a0\u00a0 \u00a0\u00a0\u00a0\u00a0\u00a0\u00a0\u00a0\u00a0\u00a0\u00a0\u00a0 Licenciado\/a en Trabajo Social<\/p><p>Modalidad de estudio:\u00a0 \u00a0 \u00a0 \u00a0Presencial<\/p><p>Duraci\u00f3n de la carrera:\u00a0\u00a0\u00a0\u00a0\u00a0\u00a0 8 semestres<\/p><p>El trabajo social es una profesi\u00f3n basada en la pr\u00e1ctica y una disciplina acad\u00e9mica que promueve el cambio y el desarrollo social, la cohesi\u00f3n social y el empoderamiento y la liberaci\u00f3n de las personas. Los principios de justicia social, derechos humanos, responsabilidad colectiva y respeto por la diversidad son fundamentales para el trabajo social. Respaldado por las teor\u00edas del trabajo social, las ciencias sociales, las humanidades y los conocimientos ind\u00edgenas, el trabajo social involucra a las personas y las estructuras para abordar los desaf\u00edos de la vida y mejorar el bienestar. (FITS, 2014)<\/p><p>Objetivo general<\/p><p style=\"padding-left: 40px\">Formar profesionales en Trabajo Social con responsabilidad social, conciencia ciudadana y esp\u00edritu investigativo a trav\u00e9s de un proceso formativo integral, centrado en la capacidad del ser humano para que act\u00faen en los diferentes contextos de interacci\u00f3n: sus entornos, las estructuras p\u00fablicas y servicios sociales, con el fin de lograr justicia y calidad humana en el marco de los Derechos Humanos y el paradigma del Buen Vivir.<\/p><p>Perfil de ingreso<\/p><p>El aspirante a la carrera de Trabajo Social deber\u00e1 tener:<\/p><ul><li><p>Destrezas en la comprensi\u00f3n lectora.<\/p><\/li><li><p>Suficiencia en el razonamiento l\u00f3gico.<\/p><\/li><li><p>Dominio b\u00e1sico en la expresi\u00f3n oral y escrita.<\/p><\/li><li><p>Capacidad de an\u00e1lisis y s\u00edntesis<\/p><\/li><li><p>Manejo de las TIC.<\/p><\/li><li><p>Pr\u00e1ctica de valores morales y \u00e9ticos.<\/p><\/li><li><p>Con sensibilidad social.<\/p><\/li><\/ul><p>Requisitos de ingreso<\/p><ul><li><p>Poseer t\u00edtulo de bachiller o su equivalente Internacional<\/p><\/li><li><p>Haber cumplido los requisitos normados por el Sistema Nacional de Nivelaci\u00f3n y Admisi\u00f3n<\/p><\/li><li><p>C\u00e9dula de ciudadan\u00eda \/ pasaporte, c\u00e9dula de identidad y documentos migratorios que autoriza la permanencia en el pa\u00eds para estudiantes extranjeros.<\/p><\/li><li><p>De ser el caso, haber cumplido con los tr\u00e1mites determinados para el reconocimiento y homologaci\u00f3n de estudios en una universidad o escuela polit\u00e9cnica en el pa\u00eds o el extranjero.<\/p><\/li><\/ul><p>Requisitos de graduaci\u00f3n<\/p><ul><li><p>R\u00e9cord acad\u00e9mico de primero a \u00faltimo per\u00edodo acad\u00e9mico de la carrera<\/p><\/li><li><p>Certificado de la biblioteca central de no adeudar libros<\/p><\/li><li><p>Certificado de no adeudar a la IES<\/p><\/li><li><p>Aprobaci\u00f3n de la malla curricular<\/p><\/li><li><p>Aprobaci\u00f3n de las horas de pr\u00e1cticas laborales y de servicio comunitario<\/p><\/li><li><p>Aprobado la suficiencia en ingl\u00e9s, correspondiente al nivel B1 del Marco Com\u00fan Europeo de referencia para las lenguas.<\/p><\/li><li><p>Aprobaci\u00f3n de una de las modalidades de titulaci\u00f3n<\/p><\/li><\/ul><p>Modalidades de titulaci\u00f3n<\/p><ul><li><p>Examen de grado o de fin de carrera<\/p><\/li><li><p>Proyectos de investigaci\u00f3n<\/p><\/li><li><p>Sistematizaci\u00f3n de experiencias pr\u00e1cticas de investigaci\u00f3n y\/o intervenci\u00f3n<\/p><\/li><\/ul><p>Campo Ocupacional<\/p><p>Los centros, unidades y entidades de trabajo donde pueden ejercer su actividad los profesionales en Trabajo Social, son las siguientes:<\/p><ul><li><p>Sistemas de redes sociales de participaci\u00f3n comunitaria y desarrollo local<\/p><\/li><li><p>Empresas, instituciones y organismos: p\u00fablicos y privados<\/p><\/li><li><p>ONG\u00b4s<\/p><\/li><li><p>Programas y proyectos de desarrollo humano y social<\/p><\/li><li><p>Programas y proyectos educacionales y comunicacionales<\/p><\/li><li><p>Centros de mediaci\u00f3n de conflictos: p\u00fablicos y privados<\/p><\/li><li><p>Consorcios profesionales privados.<\/p><\/li><li><p>Gobiernos Aut\u00f3nomos Descentralizados<\/p><\/li><li><p>Cooperaci\u00f3n internacional<\/p><\/li><li><p>Sistema de Justicia<\/p><\/li><\/ul><p>\u00c1mbitos de intervenci\u00f3n<\/p><ul><li><p>Servicios sociales: Atenci\u00f3n social b\u00e1sica, servicios de ayuda y atenci\u00f3n domiciliaria y servicios sociales especializados, personas sin hogar, adultos mayores, infancia y familia, mujer, personas con discapacidad, migrantes y refugiados.<\/p><\/li><li><p>Salud: Centros de salud, hospitales, centros de salud mental y de atenci\u00f3n a drogodependientes.<\/p><\/li><li><p>Educaci\u00f3n: Escuelas y colegios privados y fiscales.<\/p><\/li><li><p>Justicia: Juzgados, centros de mediaci\u00f3n y penitenciar\u00edas.<\/p><\/li><li><p>Empresa: Atenci\u00f3n y prestaciones sociales a trabajadores.<\/p><\/li><li><p>Vivienda: Programas de promoci\u00f3n, estudio y adjudicaci\u00f3n de viviendas.<\/p><\/li><li><p>Fundaciones, ONGs e instituciones gubernamentales sin fines de lucro.<\/p><\/li><\/ul><\/div>\n\t\t\t\t\t\t\t\t\t<div class=\"elementor-tab-title elementor-tab-mobile-title\" aria-selected=\"false\" data-tab=\"4\" role=\"tab\" tabindex=\"-1\" aria-controls=\"elementor-tab-content-2444\" aria-expanded=\"false\">Malla Curricular<\/div>\n\t\t\t\t\t<div id=\"elementor-tab-content-2444\" class=\"elementor-tab-content elementor-clearfix\" data-tab=\"4\" role=\"tabpanel\" aria-labelledby=\"elementor-tab-title-2444\" tabindex=\"0\" hidden=\"hidden\"><p><a href=\"https:\/\/carreras.uleam.edu.ec\/facultad-ciencias-sociales-derecho-y-bienestar\/wp-content\/uploads\/sites\/72\/2023\/12\/Malla-Ocho-periodos-TRABAJO-SOCIAL-20232-vNoviembre.pdf\" target=\"_blank\" rel=\"noopener\"><img loading=\"lazy\" decoding=\"async\" class=\"alignnone wp-image-319 size-large\" src=\"https:\/\/carreras.uleam.edu.ec\/facultad-ciencias-sociales-derecho-y-bienestar\/wp-content\/uploads\/sites\/72\/2023\/12\/MALLA-TRABAJO-SOCIAL-NOVIEMBRE-2023-1024x747.png\" alt=\"\" width=\"1024\" height=\"747\" srcset=\"https:\/\/carreras.uleam.edu.ec\/facultad-ciencias-sociales-derecho-y-bienestar\/wp-content\/uploads\/sites\/72\/2023\/12\/MALLA-TRABAJO-SOCIAL-NOVIEMBRE-2023-1024x747.png 1024w, https:\/\/carreras.uleam.edu.ec\/facultad-ciencias-sociales-derecho-y-bienestar\/wp-content\/uploads\/sites\/72\/2023\/12\/MALLA-TRABAJO-SOCIAL-NOVIEMBRE-2023-300x219.png 300w, https:\/\/carreras.uleam.edu.ec\/facultad-ciencias-sociales-derecho-y-bienestar\/wp-content\/uploads\/sites\/72\/2023\/12\/MALLA-TRABAJO-SOCIAL-NOVIEMBRE-2023-768x560.png 768w, https:\/\/carreras.uleam.edu.ec\/facultad-ciencias-sociales-derecho-y-bienestar\/wp-content\/uploads\/sites\/72\/2023\/12\/MALLA-TRABAJO-SOCIAL-NOVIEMBRE-2023-1536x1121.png 1536w, https:\/\/carreras.uleam.edu.ec\/facultad-ciencias-sociales-derecho-y-bienestar\/wp-content\/uploads\/sites\/72\/2023\/12\/MALLA-TRABAJO-SOCIAL-NOVIEMBRE-2023-2048x1494.png 2048w\" sizes=\"auto, (max-width: 1024px) 100vw, 1024px\" \/><\/a><\/p><\/div>\n\t\t\t\t\t\t\t\t\t<div class=\"elementor-tab-title elementor-tab-mobile-title\" aria-selected=\"false\" data-tab=\"5\" role=\"tab\" tabindex=\"-1\" aria-controls=\"elementor-tab-content-2445\" aria-expanded=\"false\">Docentes<\/div>\n\t\t\t\t\t<div id=\"elementor-tab-content-2445\" class=\"elementor-tab-content elementor-clearfix\" data-tab=\"5\" role=\"tabpanel\" aria-labelledby=\"elementor-tab-title-2445\" tabindex=\"0\" hidden=\"hidden\"><p><u data-olk-copy-source=\"MessageBody\">Docentes Titulares:<\/u><\/p><ul><li><div role=\"presentation\">Dra. \u00c1lvarez Santana Carmita Leonor, Ph.D.<\/div><\/li><li>Lic. G\u00f3mez Zambrano Marjorie Mariana, Mgtr.<\/li><li>Psic. Ju\u00e1rez M\u00e9ndez Armando Jos\u00e9, Mgtr.<\/li><li>Dr. Locatelli Fabio Giovanni, PhD.<\/li><li>Lic. L\u00f3pez Mero Patricia Josefa, Mgtr.<\/li><li>Lic. Moreira Valencia Jazm\u00edn Estefan\u00eda, Mgtr.<\/li><li>Lic. Mu\u00f1oz Zambrano Shalea Melissa, Mgtr.<\/li><li>Lic. Pibaque Tigua Mar\u00eda Consuelo, Mgtr.<\/li><li>Lic. Reyes Mero Nancy Lorena, Mgtr.<\/li><li><div role=\"presentation\">Lic. Rodr\u00edguez Andrade Richard Fabricio, Mgtr.<\/div><\/li><li>Ing. Sac\u00f3n Mendoza \u00c1ngel Efra\u00edn, Mgtr.<\/li><li><div class=\"x_elementToProof\" role=\"presentation\">Dr. Villacreses \u00c1lvarez Gerardo Vinicio, Ph.D.<\/div><\/li><\/ul><div class=\"x_elementToProof\"><u>Docentes Ocasionales:<\/u><\/div><ul><li><div role=\"presentation\">Lic. Alvia Toala Cindy Estefan\u00eda, Mgtr.<\/div><\/li><li><div class=\"x_elementToProof\" role=\"presentation\">Lic. Aragundi Mu\u00f1oz Adriana Cecibel,\u00a0Mgtr.<\/div><\/li><li><div class=\"x_elementToProof\" role=\"presentation\">Lic. Barber\u00e1n Zambrano Gema Genesis, Mgtr.<\/div><\/li><li><div class=\"x_elementToProof\" role=\"presentation\">Lic. Barreto Zambrano Linda Jamileth, Mgtr.<\/div><\/li><li><div role=\"presentation\">Soc. Borja Moscoso Daniela Isabel, Mgtr.<\/div><\/li><li><div class=\"x_elementToProof\" role=\"presentation\">Lic. Gonz\u00e1lez Cobos Sandra Agustina, Mgtr.<\/div><\/li><li><div class=\"x_elementToProof\" role=\"presentation\">Lic. L\u00f3pez L\u00f3pez Damaris Alexandra, Mgtr.<\/div><\/li><li><div class=\"x_elementToProof\" role=\"presentation\">Lic. Mero Panchana Mar\u00eda Elizabeth, Mgtr.<\/div><\/li><li><div class=\"x_elementToProof\" role=\"presentation\">Abg. Perero Lucio Adriana Elizabeth, Mgtr.<\/div><\/li><li><div role=\"presentation\">Lic. Procel Torres Ver\u00f3nica Yolanda, Mgtr.\u00a0<\/div><\/li><li><div role=\"presentation\">Psic. Rodr\u00edguez Ponce Mar\u00eda Yessenia, Mgtr.<\/div><\/li><\/ul><div><u>T\u00e9cnico Docente:<\/u><\/div><ul><li><div role=\"presentation\">Lic. Alay Choez Bryan Ariel<\/div><\/li><\/ul><\/div>\n\t\t\t\t\t\t\t\t\t<div class=\"elementor-tab-title elementor-tab-mobile-title\" aria-selected=\"false\" data-tab=\"6\" role=\"tab\" tabindex=\"-1\" aria-controls=\"elementor-tab-content-2446\" aria-expanded=\"false\">Datos Generales<\/div>\n\t\t\t\t\t<div id=\"elementor-tab-content-2446\" class=\"elementor-tab-content elementor-clearfix\" data-tab=\"6\" role=\"tabpanel\" aria-labelledby=\"elementor-tab-title-2446\" tabindex=\"0\" hidden=\"hidden\"><ul><li style=\"text-align: center\"><div class=\"x_elementToProof\"><span data-olk-copy-source=\"MessageBody\">Lic. <\/span>Mar\u00eda Consuelo Pibaque Tigua , Mgtr.<\/div><div class=\"x_elementToProof\">DIRECTORA DE CARRERA<\/div><div class=\"x_elementToProof\"><p><a href=\"mailto:maria.pibaque@uleam.edu.ec\">maria.pibaque@uleam.edu.ec<\/a><\/p><\/div><\/li><\/ul><hr \/><ul><li style=\"text-align: center\">Correo de secretaria: <a href=\"mailto:c.trabajosocial@uleam.edu.ec\">c.trabajosocial@uleam.edu.ec<\/a><\/li><li style=\"text-align: center\">Horario de atenci\u00f3n:<\/li><li style=\"text-align: center\">lunes a viernes<\/li><li style=\"text-align: center\">8:00 a 13:00 y 14:00 a 17:00<\/li><\/ul><\/div>\n\t\t\t\t\t\t\t\t\t<div class=\"elementor-tab-title elementor-tab-mobile-title\" aria-selected=\"false\" data-tab=\"7\" role=\"tab\" tabindex=\"-1\" aria-controls=\"elementor-tab-content-2447\" aria-expanded=\"false\">Gesti\u00f3n y Proceso Estudiantil<\/div>\n\t\t\t\t\t<div id=\"elementor-tab-content-2447\" class=\"elementor-tab-content elementor-clearfix\" data-tab=\"7\" role=\"tabpanel\" aria-labelledby=\"elementor-tab-title-2447\" tabindex=\"0\" hidden=\"hidden\"><ul><li>\u21d2\u00a0Pr\u00e1cticas Pre-profesionales<\/li><li>\u21d2 <a href=\"https:\/\/departamentos.uleam.edu.ec\/gestion-aseguramiento-calidad\/2019\/04\/08\/matricula\/\">Matr\u00edcula<\/a><\/li><li>\u21d2 <a href=\"https:\/\/departamentos.uleam.edu.ec\/gestion-aseguramiento-calidad\/reingreso-de-estudiantes\/\">Reingreso de estudiantes<\/a><\/li><li>\u21d2 <a href=\"https:\/\/departamentos.uleam.edu.ec\/gestion-aseguramiento-calidad\/homologacion-de-estudios-por-analisis-comparativo-de-contenidos\/\">Homologaci\u00f3n de Estudios por An\u00e1lisis Comparativo de Contenidos<\/a><\/li><\/ul><\/div>\n\t\t\t\t\t\t\t\t\t<div class=\"elementor-tab-title elementor-tab-mobile-title\" aria-selected=\"false\" data-tab=\"8\" role=\"tab\" tabindex=\"-1\" aria-controls=\"elementor-tab-content-2448\" aria-expanded=\"false\">Funciones Sustantivas<\/div>\n\t\t\t\t\t<div id=\"elementor-tab-content-2448\" class=\"elementor-tab-content elementor-clearfix\" data-tab=\"8\" role=\"tabpanel\" aria-labelledby=\"elementor-tab-title-2448\" tabindex=\"0\" hidden=\"hidden\"><p>Investigaci\u00f3n:<\/p><p style=\"padding-left: 80px\"><a href=\"https:\/\/carreras.uleam.edu.ec\/facultad-ciencias-sociales-derecho-y-bienestar\/denominacion-del-programa-de-investigacion\/\" target=\"_blank\" rel=\"noopener\">PROYECTOS DE INVESTIGACI\u00d3N<\/a><\/p><p style=\"padding-left: 80px\"><a href=\"https:\/\/carreras.uleam.edu.ec\/facultad-ciencias-sociales-derecho-y-bienestar\/publicaciones\/\" target=\"_blank\" rel=\"noopener\">PUBLICACIONES<\/a><\/p><p style=\"padding-left: 80px\"><a href=\"https:\/\/publicacionescd.uleam.edu.ec\/index.php\/tejedora\" target=\"_blank\" rel=\"noopener\">REVISTA CIENT\u00cdFICA TEJEDORA<\/a><\/p><p>Vinculaci\u00f3n con la Sociedad:<\/p><p style=\"padding-left: 80px\"><a href=\"https:\/\/carreras.uleam.edu.ec\/facultad-ciencias-sociales-derecho-y-bienestar\/proyectos-de-vinculacion\/\" target=\"_blank\" rel=\"noopener\">PROYECTOS DE VINCULACI\u00d3N<\/a><\/p><\/div>\n\t\t\t\t\t\t\t<\/div>\n\t\t<\/div>\n\t\t\t\t<\/div>\n\t\t\t\t<\/div>\n\t\t\t\t\t<\/div>\n\t\t<\/div>\n\t\t\t\t\t\t\t<\/div>\n\t\t<\/section>\n\t\t\t\t\t\t<\/div>\n\t\t\t\t\t<\/div>\n\t\t","protected":false},"excerpt":{"rendered":"<p>Bienvenidos Misi\u00f3n y Visi\u00f3n Descripci\u00f3n General de la Carrera Malla Curricular Docentes Datos Generales Gesti\u00f3n y Proceso Estudiantil Funciones Sustantivas Bienvenidos Misi\u00f3n y Visi\u00f3n Misi\u00f3n de la carrera Formar profesionales competentes y humanistas en Trabajo Social, mediante la docencia, la [&hellip;]<\/p>\n","protected":false},"author":7,"featured_media":0,"parent":0,"menu_order":0,"comment_status":"closed","ping_status":"closed","template":"","meta":{"_acf_changed":false,"footnotes":""},"class_list":["post-13","page","type-page","status-publish","hentry"],"acf":[],"_links":{"self":[{"href":"https:\/\/carreras.uleam.edu.ec\/facultad-ciencias-sociales-derecho-y-bienestar\/wp-json\/wp\/v2\/pages\/13","targetHints":{"allow":["GET"]}}],"collection":[{"href":"https:\/\/carreras.uleam.edu.ec\/facultad-ciencias-sociales-derecho-y-bienestar\/wp-json\/wp\/v2\/pages"}],"about":[{"href":"https:\/\/carreras.uleam.edu.ec\/facultad-ciencias-sociales-derecho-y-bienestar\/wp-json\/wp\/v2\/types\/page"}],"author":[{"embeddable":true,"href":"https:\/\/carreras.uleam.edu.ec\/facultad-ciencias-sociales-derecho-y-bienestar\/wp-json\/wp\/v2\/users\/7"}],"replies":[{"embeddable":true,"href":"https:\/\/carreras.uleam.edu.ec\/facultad-ciencias-sociales-derecho-y-bienestar\/wp-json\/wp\/v2\/comments?post=13"}],"version-history":[{"count":90,"href":"https:\/\/carreras.uleam.edu.ec\/facultad-ciencias-sociales-derecho-y-bienestar\/wp-json\/wp\/v2\/pages\/13\/revisions"}],"predecessor-version":[{"id":724,"href":"https:\/\/carreras.uleam.edu.ec\/facultad-ciencias-sociales-derecho-y-bienestar\/wp-json\/wp\/v2\/pages\/13\/revisions\/724"}],"wp:attachment":[{"href":"https:\/\/carreras.uleam.edu.ec\/facultad-ciencias-sociales-derecho-y-bienestar\/wp-json\/wp\/v2\/media?parent=13"}],"curies":[{"name":"wp","href":"https:\/\/api.w.org\/{rel}","templated":true}]}}