{"id":472,"date":"2024-07-01T17:50:59","date_gmt":"2024-07-01T17:50:59","guid":{"rendered":"https:\/\/carreras.uleam.edu.ec\/facultad-ciencias-sociales-derecho-y-bienestar\/?page_id=472"},"modified":"2025-12-02T18:32:26","modified_gmt":"2025-12-02T18:32:26","slug":"proyectos-de-vinculacion","status":"publish","type":"page","link":"https:\/\/carreras.uleam.edu.ec\/facultad-ciencias-sociales-derecho-y-bienestar\/proyectos-de-vinculacion\/","title":{"rendered":"PROYECTOS DE VINCULACI\u00d3N"},"content":{"rendered":"\n<ol start=\"1\" class=\"wp-block-list\">\n<li><a href=\"https:\/\/carreras.uleam.edu.ec\/facultad-ciencias-sociales-derecho-y-bienestar\/wp-content\/uploads\/sites\/72\/2024\/07\/PROYECTO-VINCULACION-TS-2022-Capacitaciones.pdf\" data-type=\"link\" data-id=\"https:\/\/carreras.uleam.edu.ec\/facultad-ciencias-sociales-derecho-y-bienestar\/wp-content\/uploads\/sites\/72\/2024\/07\/PROYECTO-VINCULACION-TS-2022-Capacitaciones.pdf\" target=\"_blank\" rel=\"noreferrer noopener\">Capacitaciones para la identificaci\u00f3n de factores de riesgo asociados al consumo de sustancias adictivas a los estudiantes de bachillerato de unidades educativas del cant\u00f3n Manta, 2022-2024.<\/a><\/li>\n\n\n\n<li><a href=\"https:\/\/carreras.uleam.edu.ec\/facultad-ciencias-sociales-derecho-y-bienestar\/wp-content\/uploads\/sites\/72\/2024\/07\/PROYECTO-VINCULACION-TS-2022-Genero.pdf\" data-type=\"link\" data-id=\"https:\/\/carreras.uleam.edu.ec\/facultad-ciencias-sociales-derecho-y-bienestar\/wp-content\/uploads\/sites\/72\/2024\/07\/PROYECTO-VINCULACION-TS-2022-Genero.pdf\" target=\"_blank\" rel=\"noreferrer noopener\">Prevenci\u00f3n de la violencia de g\u00e9nero en la Universidad Laica Eloy Alfaro de Manab\u00ed, per\u00edodo 2022-2026.<\/a><\/li>\n<\/ol>\n\n\n\n<p><\/p>\n","protected":false},"excerpt":{"rendered":"","protected":false},"author":70,"featured_media":0,"parent":0,"menu_order":0,"comment_status":"closed","ping_status":"closed","template":"","meta":{"_acf_changed":false,"footnotes":""},"class_list":["post-472","page","type-page","status-publish","hentry"],"acf":[],"_links":{"self":[{"href":"https:\/\/carreras.uleam.edu.ec\/facultad-ciencias-sociales-derecho-y-bienestar\/wp-json\/wp\/v2\/pages\/472","targetHints":{"allow":["GET"]}}],"collection":[{"href":"https:\/\/carreras.uleam.edu.ec\/facultad-ciencias-sociales-derecho-y-bienestar\/wp-json\/wp\/v2\/pages"}],"about":[{"href":"https:\/\/carreras.uleam.edu.ec\/facultad-ciencias-sociales-derecho-y-bienestar\/wp-json\/wp\/v2\/types\/page"}],"author":[{"embeddable":true,"href":"https:\/\/carreras.uleam.edu.ec\/facultad-ciencias-sociales-derecho-y-bienestar\/wp-json\/wp\/v2\/users\/70"}],"replies":[{"embeddable":true,"href":"https:\/\/carreras.uleam.edu.ec\/facultad-ciencias-sociales-derecho-y-bienestar\/wp-json\/wp\/v2\/comments?post=472"}],"version-history":[{"count":2,"href":"https:\/\/carreras.uleam.edu.ec\/facultad-ciencias-sociales-derecho-y-bienestar\/wp-json\/wp\/v2\/pages\/472\/revisions"}],"predecessor-version":[{"id":741,"href":"https:\/\/carreras.uleam.edu.ec\/facultad-ciencias-sociales-derecho-y-bienestar\/wp-json\/wp\/v2\/pages\/472\/revisions\/741"}],"wp:attachment":[{"href":"https:\/\/carreras.uleam.edu.ec\/facultad-ciencias-sociales-derecho-y-bienestar\/wp-json\/wp\/v2\/media?parent=472"}],"curies":[{"name":"wp","href":"https:\/\/api.w.org\/{rel}","templated":true}]}}