{"id":7,"date":"2022-09-09T01:14:48","date_gmt":"2022-09-09T01:14:48","guid":{"rendered":"https:\/\/carreras.uleam.edu.ec\/facultad-ciencias-sociales-derecho-y-bienestar\/?page_id=7"},"modified":"2025-07-03T15:48:59","modified_gmt":"2025-07-03T15:48:59","slug":"carrera-de-comunicacion","status":"publish","type":"page","link":"https:\/\/carreras.uleam.edu.ec\/facultad-ciencias-sociales-derecho-y-bienestar\/carrera-de-comunicacion\/","title":{"rendered":"Carrera Comunicaci\u00f3n"},"content":{"rendered":"\t\t<div data-elementor-type=\"wp-page\" data-elementor-id=\"7\" class=\"elementor elementor-7\" data-elementor-settings=\"[]\">\n\t\t\t\t\t\t\t<div class=\"elementor-section-wrap\">\n\t\t\t\t\t\t\t<section class=\"elementor-section elementor-top-section elementor-element elementor-element-c6b1457 elementor-section-boxed elementor-section-height-default elementor-section-height-default\" data-id=\"c6b1457\" data-element_type=\"section\">\n\t\t\t\t\t\t<div class=\"elementor-container elementor-column-gap-default\">\n\t\t\t\t\t<div class=\"elementor-column elementor-col-100 elementor-top-column elementor-element elementor-element-2dd2795\" data-id=\"2dd2795\" data-element_type=\"column\">\n\t\t\t<div class=\"elementor-widget-wrap elementor-element-populated\">\n\t\t\t\t\t\t\t\t<div class=\"elementor-element elementor-element-985f5ae elementor-tabs-view-horizontal elementor-widget elementor-widget-tabs\" data-id=\"985f5ae\" data-element_type=\"widget\" data-widget_type=\"tabs.default\">\n\t\t\t\t<div class=\"elementor-widget-container\">\n\t\t\t\t\t<div class=\"elementor-tabs\">\n\t\t\t<div class=\"elementor-tabs-wrapper\" role=\"tablist\" >\n\t\t\t\t\t\t\t\t\t<div id=\"elementor-tab-title-1591\" class=\"elementor-tab-title elementor-tab-desktop-title\" aria-selected=\"true\" data-tab=\"1\" role=\"tab\" tabindex=\"0\" aria-controls=\"elementor-tab-content-1591\" aria-expanded=\"false\">Promocional de la Carrera<\/div>\n\t\t\t\t\t\t\t\t\t<div id=\"elementor-tab-title-1592\" class=\"elementor-tab-title elementor-tab-desktop-title\" aria-selected=\"false\" data-tab=\"2\" role=\"tab\" tabindex=\"-1\" aria-controls=\"elementor-tab-content-1592\" aria-expanded=\"false\">Descripci\u00f3n General de la Carrera<\/div>\n\t\t\t\t\t\t\t\t\t<div id=\"elementor-tab-title-1593\" class=\"elementor-tab-title elementor-tab-desktop-title\" aria-selected=\"false\" data-tab=\"3\" role=\"tab\" tabindex=\"-1\" aria-controls=\"elementor-tab-content-1593\" aria-expanded=\"false\">Malla Curricular<\/div>\n\t\t\t\t\t\t\t\t\t<div id=\"elementor-tab-title-1594\" class=\"elementor-tab-title elementor-tab-desktop-title\" aria-selected=\"false\" data-tab=\"4\" role=\"tab\" tabindex=\"-1\" aria-controls=\"elementor-tab-content-1594\" aria-expanded=\"false\">Docentes<\/div>\n\t\t\t\t\t\t\t\t\t<div id=\"elementor-tab-title-1595\" class=\"elementor-tab-title elementor-tab-desktop-title\" aria-selected=\"false\" data-tab=\"5\" role=\"tab\" tabindex=\"-1\" aria-controls=\"elementor-tab-content-1595\" aria-expanded=\"false\">Datos Generales<\/div>\n\t\t\t\t\t\t\t\t\t<div id=\"elementor-tab-title-1596\" class=\"elementor-tab-title elementor-tab-desktop-title\" aria-selected=\"false\" data-tab=\"6\" role=\"tab\" tabindex=\"-1\" aria-controls=\"elementor-tab-content-1596\" aria-expanded=\"false\">Gesti\u00f3n y Proceso Estudiantil<\/div>\n\t\t\t\t\t\t\t<\/div>\n\t\t\t<div class=\"elementor-tabs-content-wrapper\" role=\"tablist\" aria-orientation=\"vertical\">\n\t\t\t\t\t\t\t\t\t<div class=\"elementor-tab-title elementor-tab-mobile-title\" aria-selected=\"true\" data-tab=\"1\" role=\"tab\" tabindex=\"0\" aria-controls=\"elementor-tab-content-1591\" aria-expanded=\"false\">Promocional de la Carrera<\/div>\n\t\t\t\t\t<div id=\"elementor-tab-content-1591\" class=\"elementor-tab-content elementor-clearfix\" data-tab=\"1\" role=\"tabpanel\" aria-labelledby=\"elementor-tab-title-1591\" tabindex=\"0\" hidden=\"false\"><p><iframe loading=\"lazy\" title=\"TE INVITAMOS A ESTUDIAR LA LICENCIATURA EN COMUNICACI\u00d3N\" width=\"500\" height=\"281\" src=\"https:\/\/www.youtube.com\/embed\/cElZrzrhH_o?feature=oembed\" frameborder=\"0\" allow=\"accelerometer; autoplay; clipboard-write; encrypted-media; gyroscope; picture-in-picture; web-share\" referrerpolicy=\"strict-origin-when-cross-origin\" allowfullscreen><\/iframe><\/p><\/div>\n\t\t\t\t\t\t\t\t\t<div class=\"elementor-tab-title elementor-tab-mobile-title\" aria-selected=\"false\" data-tab=\"2\" role=\"tab\" tabindex=\"-1\" aria-controls=\"elementor-tab-content-1592\" aria-expanded=\"false\">Descripci\u00f3n General de la Carrera<\/div>\n\t\t\t\t\t<div id=\"elementor-tab-content-1592\" class=\"elementor-tab-content elementor-clearfix\" data-tab=\"2\" role=\"tabpanel\" aria-labelledby=\"elementor-tab-title-1592\" tabindex=\"0\" hidden=\"hidden\"><p>Nombre de la Carrera:\u00a0\u00a0\u00a0\u00a0\u00a0\u00a0\u00a0\u00a0\u00a0\u00a0\u00a0\u00a0\u00a0\u00a0\u00a0\u00a0\u00a0 Comunicaci\u00f3n<\/p><p>T\u00edtulo que otorga:\u00a0\u00a0\u00a0\u00a0\u00a0\u00a0\u00a0\u00a0\u00a0\u00a0\u00a0\u00a0\u00a0\u00a0\u00a0\u00a0\u00a0\u00a0\u00a0\u00a0\u00a0\u00a0\u00a0\u00a0\u00a0 Licenciado en Comunicaci\u00f3n<\/p><p>Modalidad de aprendizaje:\u00a0\u00a0\u00a0\u00a0\u00a0\u00a0\u00a0\u00a0\u00a0 H\u00edbrida<\/p><p>N\u00famero de per\u00edodos ordinarios: 8<\/p><p><span style=\"text-decoration: underline\">Objetivo general:<\/span><\/p><p style=\"text-align: justify\">Formar profesionales para la gesti\u00f3n de los procesos comunicacionales, estructurados en base al an\u00e1lisis, la investigaci\u00f3n, la tecnolog\u00eda; la valoraci\u00f3n, el humanismo y la \u00e9tica profesional, enmarcado su compromiso a las necesidades de la sociedad del Buen Vivir.<\/p><p><span style=\"text-decoration: underline\">Perfil de ingreso:<\/span><\/p><p style=\"text-align: justify\">Los aspirantes a la carrera de Comunicaci\u00f3n, adem\u00e1s de cumplir con los requisitos estipulados en el Art. 13 de RRA para el ingreso al tercer nivel (como T\u00edtulo de Bachiller o su equivalente, y los requisitos normados por el Sistema de Nivelaci\u00f3n y Admisi\u00f3n), requieren demostrar inter\u00e9s por el campo de la comunicaci\u00f3n en general, ya sea en el \u00e1mbito period\u00edstico, organizacional o art\u00edstico; que les permita articular el conocimiento te\u00f3rico y pr\u00e1ctico, tanto en la planificaci\u00f3n estrat\u00e9gica y la gesti\u00f3n comunicacional, como en la elaboraci\u00f3n de productos comunicativos que contribuyan a la consolidaci\u00f3n de una sociedad intercultural, participativa y transparente. Adem\u00e1s, mostrar\u00e1n inter\u00e9s por el aprendizaje continuo, la innovaci\u00f3n y la investigaci\u00f3n.<\/p><p style=\"text-align: justify\"><span style=\"text-decoration: underline\">Requisitos de ingreso:<\/span><\/p><ul><li style=\"text-align: justify\">Poseer t\u00edtulo de bachiller o su equivalente y haber cumplido los requisitos normados por el Sistema de Nivelaci\u00f3n y Admisi\u00f3n, de conformidad con el Art. 82 de la Ley Org\u00e1nica de Educaci\u00f3n Superior (LOES) y el Art. 13 del Reglamento de R\u00e9gimen Acad\u00e9mico (RRA).<\/li><li style=\"text-align: justify\">Para casos de movilidad interna o externa cumplir con los requisitos establecidos en el Art. 79 del RRA para cambios.<\/li><\/ul><p style=\"text-align: justify\"><span style=\"text-decoration: underline\">Perfil Profesional:<\/span><\/p><ul><li style=\"text-align: justify\">El Licenciado en Comunicaci\u00f3n es un profesional con amplio conocimiento b\u00e1sico y profesionalizante en el campo amplio de la comunicaci\u00f3n; con capacidad para planificar, dirigir y gestionar proyectos comunicacionales de diferente tipo, mostrando adem\u00e1s habilidades y destrezas en el uso adecuado del lenguaje, la narrativa, los medios y las tecnolog\u00edas de informaci\u00f3n y comunicaci\u00f3n de vanguardia; con una actitud emprendedora e innovadora; cimentada en los principios \u00e9ticos y deontol\u00f3gicos que rigen su profesi\u00f3n; aportando con su trabajo diario al crecimiento y consecuci\u00f3n de objetivos organizacionales, la generaci\u00f3n de oportunidades, la satisfacci\u00f3n de necesidades comunicacionales y la soluci\u00f3n de problemas sociales relacionados con su \u00e1rea de competencia.\u00a0\u00a0<\/li><\/ul><p><span style=\"text-decoration: underline\">Perfil de Egreso<\/span><\/p><p>Comprende los fundamentos de las ciencias de la comunicaci\u00f3n y su aplicaci\u00f3n en la planificaci\u00f3n y gesti\u00f3n estrat\u00e9gica de procesos comunicacionales en diversos escenarios.\u00a0<\/p><ul><li>Desarrolla contenidos audiovisuales que tengan en consideraci\u00f3n principios como la inclusi\u00f3n de grupos vulnerabilizados, la sostenibilidad y el cuidado del medio ambiente, la diversidad cultural de la sociedad digital y contribuyan al fortalecimiento de la transparencia y la participaci\u00f3n ciudadana.<\/li><li>Integra diversos formatos y medios para el desarrollo de narrativas que respondan a las caracter\u00edsticas y din\u00e1micas de las nuevas audiencias digitales.\u00a0<\/li><li>Utiliza los datos de diversas fuentes y formatos para aplicar m\u00e9todos de verificaci\u00f3n de informaci\u00f3n y procesos de an\u00e1lisis que permitan la obtenci\u00f3n de valor, y que sean insumos para productos comunicacionales o procesos de investigaci\u00f3n cient\u00edfica.<\/li><li>Planifica, dise\u00f1a, ejecuta y eval\u00faa procesos comunicacionales que contribuyan al logro de los objetivos empresariales e institucionales en situaciones estables o de crisis, en entornos digitales y anal\u00f3gicos.\u00a0<\/li><li>Aplica el m\u00e9todo cient\u00edfico para comprender los fen\u00f3menos y problemas sociales vinculados con su campo de acci\u00f3n, con el prop\u00f3sito de plantear soluciones y contribuir al avance del conocimiento.<\/li><li>Implementa estrategias y productos comunicacionales que impulsen el emprendimiento, la inclusi\u00f3n social, la innovaci\u00f3n en los medios y el fortalecimiento de las capacidades para la participaci\u00f3n ciudadana en todos los aspectos de la vida en sociedad.<\/li><li>Reflexiona sobre dilemas \u00e9ticos de la sociedad digital y demuestra pensamiento universal en sus actividades profesionales, en el marco del enfoque de derechos, g\u00e9nero, igualdad, interculturalidad en pro de una mejor sociedad.<\/li><\/ul><p><span style=\"text-decoration: underline\">Requisitos de graduaci\u00f3n:<\/span><\/p><ul><li>Haber aprobado todas las asignaturas del plan curricular de la carrera.<\/li><li>Acreditar, a trav\u00e9s del Centro de Idiomas de la instituci\u00f3n, suficiencia de Nivel B1 en una lengua extranjera, tomando como referencia el Marco Com\u00fan Europeo, en atenci\u00f3n al Art. 64 del Reglamento de R\u00e9gimen Acad\u00e9mico (RRA). Acreditar el cumplimiento de las horas de pr\u00e1cticas laborales y de servicio comunitario, de acuerdo con lo aprobado en el proyecto de carrera y de conformidad con el Art. 43 del RRA.<\/li><li>Haber aprobado la Unidad de Integraci\u00f3n Curricular, de conformidad con la normativa interna de la instituci\u00f3n.<\/li><li>Cumplir de los dem\u00e1s requisitos para acceder a la titulaci\u00f3n, as\u00ed como las opciones para su aprobaci\u00f3n, se\u00f1alados en el Reglamento Interno de R\u00e9gimen Acad\u00e9mico.<\/li><\/ul><p style=\"text-align: justify\"><span style=\"text-decoration: underline\">Modalidades de titulaci\u00f3n:<\/span><\/p><ul><li style=\"text-align: justify\">Desarrollo de un trabajo de integraci\u00f3n curricular<\/li><\/ul><\/div>\n\t\t\t\t\t\t\t\t\t<div class=\"elementor-tab-title elementor-tab-mobile-title\" aria-selected=\"false\" data-tab=\"3\" role=\"tab\" tabindex=\"-1\" aria-controls=\"elementor-tab-content-1593\" aria-expanded=\"false\">Malla Curricular<\/div>\n\t\t\t\t\t<div id=\"elementor-tab-content-1593\" class=\"elementor-tab-content elementor-clearfix\" data-tab=\"3\" role=\"tabpanel\" aria-labelledby=\"elementor-tab-title-1593\" tabindex=\"0\" hidden=\"hidden\"><h4><a href=\"https:\/\/carreras.uleam.edu.ec\/facultad-ciencias-sociales-derecho-y-bienestar\/wp-content\/uploads\/sites\/72\/2024\/01\/Malla-Curricular-vFinal.pdf\" target=\"_blank\" rel=\"noopener\"><img loading=\"lazy\" decoding=\"async\" class=\"alignnone wp-image-388 size-large\" src=\"https:\/\/carreras.uleam.edu.ec\/facultad-ciencias-sociales-derecho-y-bienestar\/wp-content\/uploads\/sites\/72\/2024\/01\/MALLA-COMUNICACION-1024x747.png\" alt=\"\" width=\"1024\" height=\"747\" srcset=\"https:\/\/carreras.uleam.edu.ec\/facultad-ciencias-sociales-derecho-y-bienestar\/wp-content\/uploads\/sites\/72\/2024\/01\/MALLA-COMUNICACION-1024x747.png 1024w, https:\/\/carreras.uleam.edu.ec\/facultad-ciencias-sociales-derecho-y-bienestar\/wp-content\/uploads\/sites\/72\/2024\/01\/MALLA-COMUNICACION-300x219.png 300w, https:\/\/carreras.uleam.edu.ec\/facultad-ciencias-sociales-derecho-y-bienestar\/wp-content\/uploads\/sites\/72\/2024\/01\/MALLA-COMUNICACION-768x560.png 768w, https:\/\/carreras.uleam.edu.ec\/facultad-ciencias-sociales-derecho-y-bienestar\/wp-content\/uploads\/sites\/72\/2024\/01\/MALLA-COMUNICACION-1536x1121.png 1536w, https:\/\/carreras.uleam.edu.ec\/facultad-ciencias-sociales-derecho-y-bienestar\/wp-content\/uploads\/sites\/72\/2024\/01\/MALLA-COMUNICACION-2048x1494.png 2048w\" sizes=\"auto, (max-width: 1024px) 100vw, 1024px\" \/><\/a><\/h4><\/div>\n\t\t\t\t\t\t\t\t\t<div class=\"elementor-tab-title elementor-tab-mobile-title\" aria-selected=\"false\" data-tab=\"4\" role=\"tab\" tabindex=\"-1\" aria-controls=\"elementor-tab-content-1594\" aria-expanded=\"false\">Docentes<\/div>\n\t\t\t\t\t<div id=\"elementor-tab-content-1594\" class=\"elementor-tab-content elementor-clearfix\" data-tab=\"4\" role=\"tabpanel\" aria-labelledby=\"elementor-tab-title-1594\" tabindex=\"0\" hidden=\"hidden\"><ul><li>Dra. Almeida Mac\u00edas Mercedes Roxana, Ph.D.<\/li><li>Lic. Andino Chancay Mauro Ilich, Mg.<\/li><li>Lic. Burau Grain Edgar Emiliano, Mg.<\/li><li>Lic. Carri\u00f3n Oswaldo Patricio, Mg.<\/li><li>Lic. Cede\u00f1o Guti\u00e9rrez Ana Cecilia, Mg.<\/li><li>Lic. Cede\u00f1o Moreira Carlos Laureano, Mg.<\/li><li>Dr. Garc\u00eda Garc\u00eda Julio C\u00e9sar, Ph.D.<\/li><li>Ing. Guevara Ch\u00e1vez Jorge Luis, Mg.<\/li><li>Dra. Henr\u00edquez Coronel Patricia Mar\u00eda, Ph.D.<\/li><li>Lic. M\u00e1rquez L\u00f3pez Jorge Oswaldo, Mg.<\/li><li>Lic. Matute Bravo Carlos Gonzalo, Mg.<\/li><li>Lic. Mendieta Torres Karla, Mg.<\/li><li>Lic. Mendoza Bravo Jhonny Ram\u00f3n, Mg.<\/li><li>Lic. Mendoza Pinoargote Jackeline, Mg.<\/li><li>Dra. Mendoza Zambrano Damian Maril\u00fa, Ph.D.<\/li><li>Lic. Pisco S\u00e1nchez Gonzalo Remigio, Mg.<\/li><li>Lic. Quiroz P\u00e1rraga Mirian Yadira, Mg.<\/li><li>Lic. Reyes Andrade John Jairo, Mg.<\/li><li>Lic. Santos Palma Jean Carlos, Mg.<\/li><li>Dr. Tr\u00e1mpuz Reyes Juan Pablo, Ph.D.<\/li><li>Abg. Francisco Gabriel Vel\u00e1squez Reyes, Mg.<\/li><li>Dra. Gabriela Lourdes V\u00e9lez Bermello, Ph.D.<\/li><li>Lic. Vera Loor Yenny Margarita, Mg.<\/li><\/ul><\/div>\n\t\t\t\t\t\t\t\t\t<div class=\"elementor-tab-title elementor-tab-mobile-title\" aria-selected=\"false\" data-tab=\"5\" role=\"tab\" tabindex=\"-1\" aria-controls=\"elementor-tab-content-1595\" aria-expanded=\"false\">Datos Generales<\/div>\n\t\t\t\t\t<div id=\"elementor-tab-content-1595\" class=\"elementor-tab-content elementor-clearfix\" data-tab=\"5\" role=\"tabpanel\" aria-labelledby=\"elementor-tab-title-1595\" tabindex=\"0\" hidden=\"hidden\"><ul><li style=\"text-align: center\">Dr. Juan Pablo Tr\u00e1mpuz Reyes, Ph.D<\/li><li style=\"text-align: center\">DIRECTOR DE CARRERA<\/li><li style=\"text-align: center\"><p><a href=\"mailto:juan.trampuz@uleam.edu.ec\">juan.trampuz@uleam.edu.ec<\/a><\/p><\/li><\/ul><hr \/><ul><li>\u00a0<\/li><li style=\"text-align: center\">Lic. Karina Pinargote<\/li><li style=\"text-align: center\">SECRETARIA DE CARRERA:<\/li><li style=\"text-align: center\"><p><a href=\"mailto:luisa.pinargote@uleam.edu.ec\">luisa.pinargote@uleam.edu.ec<\/a><\/p><hr \/><\/li><li style=\"text-align: center\">Horario de atenci\u00f3n:<\/li><li style=\"text-align: center\">08h00 a 16h00<\/li><\/ul><\/div>\n\t\t\t\t\t\t\t\t\t<div class=\"elementor-tab-title elementor-tab-mobile-title\" aria-selected=\"false\" data-tab=\"6\" role=\"tab\" tabindex=\"-1\" aria-controls=\"elementor-tab-content-1596\" aria-expanded=\"false\">Gesti\u00f3n y Proceso Estudiantil<\/div>\n\t\t\t\t\t<div id=\"elementor-tab-content-1596\" class=\"elementor-tab-content elementor-clearfix\" data-tab=\"6\" role=\"tabpanel\" aria-labelledby=\"elementor-tab-title-1596\" tabindex=\"0\" hidden=\"hidden\"><ul><li>\u21d2\u00a0Pr\u00e1cticas Pre-profesionales<\/li><li>\u21d2 <a href=\"https:\/\/departamentos.uleam.edu.ec\/gestion-aseguramiento-calidad\/2019\/04\/08\/matricula\/\">Matr\u00edcula<\/a><\/li><li>\u21d2 <a href=\"https:\/\/departamentos.uleam.edu.ec\/gestion-aseguramiento-calidad\/reingreso-de-estudiantes\/\">Reingreso de estudiantes<\/a><\/li><li>\u21d2 <a href=\"https:\/\/departamentos.uleam.edu.ec\/gestion-aseguramiento-calidad\/homologacion-de-estudios-por-analisis-comparativo-de-contenidos\/\">Homologaci\u00f3n de Estudios por An\u00e1lisis Comparativo de Contenidos<\/a><\/li><\/ul><\/div>\n\t\t\t\t\t\t\t<\/div>\n\t\t<\/div>\n\t\t\t\t<\/div>\n\t\t\t\t<\/div>\n\t\t\t\t\t<\/div>\n\t\t<\/div>\n\t\t\t\t\t\t\t<\/div>\n\t\t<\/section>\n\t\t\t\t\t\t<\/div>\n\t\t\t\t\t<\/div>\n\t\t","protected":false},"excerpt":{"rendered":"<p>Promocional de la Carrera Descripci\u00f3n General de la Carrera Malla Curricular Docentes Datos Generales Gesti\u00f3n y Proceso Estudiantil Promocional de la Carrera Descripci\u00f3n General de la Carrera Nombre de la Carrera:\u00a0\u00a0\u00a0\u00a0\u00a0\u00a0\u00a0\u00a0\u00a0\u00a0\u00a0\u00a0\u00a0\u00a0\u00a0\u00a0\u00a0 Comunicaci\u00f3n T\u00edtulo que otorga:\u00a0\u00a0\u00a0\u00a0\u00a0\u00a0\u00a0\u00a0\u00a0\u00a0\u00a0\u00a0\u00a0\u00a0\u00a0\u00a0\u00a0\u00a0\u00a0\u00a0\u00a0\u00a0\u00a0\u00a0\u00a0 Licenciado en Comunicaci\u00f3n Modalidad de [&hellip;]<\/p>\n","protected":false},"author":7,"featured_media":0,"parent":0,"menu_order":0,"comment_status":"closed","ping_status":"closed","template":"","meta":{"_acf_changed":false,"footnotes":""},"class_list":["post-7","page","type-page","status-publish","hentry"],"acf":[],"_links":{"self":[{"href":"https:\/\/carreras.uleam.edu.ec\/facultad-ciencias-sociales-derecho-y-bienestar\/wp-json\/wp\/v2\/pages\/7","targetHints":{"allow":["GET"]}}],"collection":[{"href":"https:\/\/carreras.uleam.edu.ec\/facultad-ciencias-sociales-derecho-y-bienestar\/wp-json\/wp\/v2\/pages"}],"about":[{"href":"https:\/\/carreras.uleam.edu.ec\/facultad-ciencias-sociales-derecho-y-bienestar\/wp-json\/wp\/v2\/types\/page"}],"author":[{"embeddable":true,"href":"https:\/\/carreras.uleam.edu.ec\/facultad-ciencias-sociales-derecho-y-bienestar\/wp-json\/wp\/v2\/users\/7"}],"replies":[{"embeddable":true,"href":"https:\/\/carreras.uleam.edu.ec\/facultad-ciencias-sociales-derecho-y-bienestar\/wp-json\/wp\/v2\/comments?post=7"}],"version-history":[{"count":80,"href":"https:\/\/carreras.uleam.edu.ec\/facultad-ciencias-sociales-derecho-y-bienestar\/wp-json\/wp\/v2\/pages\/7\/revisions"}],"predecessor-version":[{"id":562,"href":"https:\/\/carreras.uleam.edu.ec\/facultad-ciencias-sociales-derecho-y-bienestar\/wp-json\/wp\/v2\/pages\/7\/revisions\/562"}],"wp:attachment":[{"href":"https:\/\/carreras.uleam.edu.ec\/facultad-ciencias-sociales-derecho-y-bienestar\/wp-json\/wp\/v2\/media?parent=7"}],"curies":[{"name":"wp","href":"https:\/\/api.w.org\/{rel}","templated":true}]}}