{"id":9,"date":"2022-09-09T01:15:57","date_gmt":"2022-09-09T01:15:57","guid":{"rendered":"https:\/\/carreras.uleam.edu.ec\/facultad-ciencias-sociales-derecho-y-bienestar\/?page_id=9"},"modified":"2025-06-16T19:33:36","modified_gmt":"2025-06-16T19:33:36","slug":"carrera-de-derecho","status":"publish","type":"page","link":"https:\/\/carreras.uleam.edu.ec\/facultad-ciencias-sociales-derecho-y-bienestar\/carrera-de-derecho\/","title":{"rendered":"Carrera Derecho"},"content":{"rendered":"\t\t<div data-elementor-type=\"wp-page\" data-elementor-id=\"9\" class=\"elementor elementor-9\" data-elementor-settings=\"[]\">\n\t\t\t\t\t\t\t<div class=\"elementor-section-wrap\">\n\t\t\t\t\t\t\t<section class=\"elementor-section elementor-top-section elementor-element elementor-element-bf8870c elementor-section-boxed elementor-section-height-default elementor-section-height-default\" data-id=\"bf8870c\" data-element_type=\"section\">\n\t\t\t\t\t\t<div class=\"elementor-container elementor-column-gap-default\">\n\t\t\t\t\t<div class=\"elementor-column elementor-col-100 elementor-top-column elementor-element elementor-element-53d5394\" data-id=\"53d5394\" data-element_type=\"column\">\n\t\t\t<div class=\"elementor-widget-wrap elementor-element-populated\">\n\t\t\t\t\t\t\t\t<div class=\"elementor-element elementor-element-69ade10 elementor-tabs-view-horizontal elementor-widget elementor-widget-tabs\" data-id=\"69ade10\" data-element_type=\"widget\" data-widget_type=\"tabs.default\">\n\t\t\t\t<div class=\"elementor-widget-container\">\n\t\t\t\t\t<div class=\"elementor-tabs\">\n\t\t\t<div class=\"elementor-tabs-wrapper\" role=\"tablist\" >\n\t\t\t\t\t\t\t\t\t<div id=\"elementor-tab-title-1101\" class=\"elementor-tab-title elementor-tab-desktop-title\" aria-selected=\"true\" data-tab=\"1\" role=\"tab\" tabindex=\"0\" aria-controls=\"elementor-tab-content-1101\" aria-expanded=\"false\">Bienvenidos<\/div>\n\t\t\t\t\t\t\t\t\t<div id=\"elementor-tab-title-1102\" class=\"elementor-tab-title elementor-tab-desktop-title\" aria-selected=\"false\" data-tab=\"2\" role=\"tab\" tabindex=\"-1\" aria-controls=\"elementor-tab-content-1102\" aria-expanded=\"false\">Descripci\u00f3n General de la Carrera<\/div>\n\t\t\t\t\t\t\t\t\t<div id=\"elementor-tab-title-1103\" class=\"elementor-tab-title elementor-tab-desktop-title\" aria-selected=\"false\" data-tab=\"3\" role=\"tab\" tabindex=\"-1\" aria-controls=\"elementor-tab-content-1103\" aria-expanded=\"false\">Malla Curricular<\/div>\n\t\t\t\t\t\t\t\t\t<div id=\"elementor-tab-title-1104\" class=\"elementor-tab-title elementor-tab-desktop-title\" aria-selected=\"false\" data-tab=\"4\" role=\"tab\" tabindex=\"-1\" aria-controls=\"elementor-tab-content-1104\" aria-expanded=\"false\">Docentes<\/div>\n\t\t\t\t\t\t\t\t\t<div id=\"elementor-tab-title-1105\" class=\"elementor-tab-title elementor-tab-desktop-title\" aria-selected=\"false\" data-tab=\"5\" role=\"tab\" tabindex=\"-1\" aria-controls=\"elementor-tab-content-1105\" aria-expanded=\"false\">Datos Generales<\/div>\n\t\t\t\t\t\t\t\t\t<div id=\"elementor-tab-title-1106\" class=\"elementor-tab-title elementor-tab-desktop-title\" aria-selected=\"false\" data-tab=\"6\" role=\"tab\" tabindex=\"-1\" aria-controls=\"elementor-tab-content-1106\" aria-expanded=\"false\">Gesti\u00f3n y Proceso Estudiantil<\/div>\n\t\t\t\t\t\t\t\t\t<div id=\"elementor-tab-title-1107\" class=\"elementor-tab-title elementor-tab-desktop-title\" aria-selected=\"false\" data-tab=\"7\" role=\"tab\" tabindex=\"-1\" aria-controls=\"elementor-tab-content-1107\" aria-expanded=\"false\">MICRO-SITIO<\/div>\n\t\t\t\t\t\t\t<\/div>\n\t\t\t<div class=\"elementor-tabs-content-wrapper\" role=\"tablist\" aria-orientation=\"vertical\">\n\t\t\t\t\t\t\t\t\t<div class=\"elementor-tab-title elementor-tab-mobile-title\" aria-selected=\"true\" data-tab=\"1\" role=\"tab\" tabindex=\"0\" aria-controls=\"elementor-tab-content-1101\" aria-expanded=\"false\">Bienvenidos<\/div>\n\t\t\t\t\t<div id=\"elementor-tab-content-1101\" class=\"elementor-tab-content elementor-clearfix\" data-tab=\"1\" role=\"tabpanel\" aria-labelledby=\"elementor-tab-title-1101\" tabindex=\"0\" hidden=\"false\"><p><iframe loading=\"lazy\" title=\"CARRERA DE DERECHO\" width=\"500\" height=\"281\" src=\"https:\/\/www.youtube.com\/embed\/g2dDlKeKdRU?feature=oembed\" frameborder=\"0\" allow=\"accelerometer; autoplay; clipboard-write; encrypted-media; gyroscope; picture-in-picture; web-share\" referrerpolicy=\"strict-origin-when-cross-origin\" allowfullscreen><\/iframe><\/p><\/div>\n\t\t\t\t\t\t\t\t\t<div class=\"elementor-tab-title elementor-tab-mobile-title\" aria-selected=\"false\" data-tab=\"2\" role=\"tab\" tabindex=\"-1\" aria-controls=\"elementor-tab-content-1102\" aria-expanded=\"false\">Descripci\u00f3n General de la Carrera<\/div>\n\t\t\t\t\t<div id=\"elementor-tab-content-1102\" class=\"elementor-tab-content elementor-clearfix\" data-tab=\"2\" role=\"tabpanel\" aria-labelledby=\"elementor-tab-title-1102\" tabindex=\"0\" hidden=\"hidden\"><p>Nombre de la Carrera:\u00a0 \u00a0 \u00a0 \u00a0 \u00a0 \u00a0 \u00a0 \u00a0 \u00a0\u00a0Derecho<\/p><p>T\u00edtulo que otorga:\u00a0 \u00a0 \u00a0 \u00a0 \u00a0 \u00a0 \u00a0 \u00a0 \u00a0 \u00a0 \u00a0 \u00a0 \u00a0 Abogado\/a<\/p><p>Modalidad de aprendizaje:\u00a0 \u00a0 \u00a0 \u00a0 \u00a0 Presencial<\/p><p>N\u00famero de per\u00edodos ordinarios: 9<\/p><p>Objetivo general:<\/p><p style=\"padding-left: 40px\">Formar profesionales en Derecho que sean capaces de resolver profesionalmente los diferentes aspectos de la conflictividad social a trav\u00e9s de la generaci\u00f3n de normativa y de la interpretaci\u00f3n, an\u00e1lisis, aplicaci\u00f3n de las leyes y los usos alternativos del Derecho en la localidad, provincia, regi\u00f3n y pa\u00eds.<\/p><p>Perfil de ingreso:<\/p><p style=\"padding-left: 40px\">La carrera de Derecho, ubicada en el campo amplio de Ciencias sociales periodismo, informaci\u00f3n y derecho, requiere de sus aspirantes los siguientes conocimientos, habilidades y destrezas b\u00e1sicas del perfil de egreso del Bachillerato General Unificado.<\/p><ul><li>Pensar rigurosamente<\/li><li>Comunicarse efectivamente<\/li><li>Conocer y valorar su historia, y su realidad sociocultural<\/li><li>Actuar como ciudadano responsable<\/li><li>Aprender por el resto de su vida<\/li><\/ul><p>Requisitos de ingreso:<\/p><ul><li>Poseer t\u00edtulo de bachiller o su equivalente.<\/li><li>Haber cumplido los requisitos normados por el Sistema Nacional de Nivelaci\u00f3n y Admisi\u00f3n.<\/li><li>Dos fotos tama\u00f1o carnet a color.<\/li><li>Copia de c\u00e9dula de ciudadan\u00eda y del certificado de votaci\u00f3n para estudiantes nacionales; Pasaporte y documentos que autoriza a la permanencia en el pa\u00eds, para estudiantes extranjeros.<\/li><li>De ser el caso, haber cumplido con los tr\u00e1mites determinados para el reconocimiento y homologaci\u00f3n de estudios en una universidad o escuela polit\u00e9cnica en el pa\u00eds o el extranjero.<\/li><li>Se presentan los requisitos espec\u00edficos para el ingreso declarados en el art. 64 de la LOR-LOES o a los procesos de homologaci\u00f3n en el Reglamento de R\u00e9gimen Acad\u00e9mico.<\/li><li>Solicitud de matr\u00edcula.<\/li><\/ul><p>Perfil Profesional<\/p><p>El o la Abogado\/a de la Universidad Laica \u201cEloy Alfaro\u201d de Manab\u00ed es un\/a profesional competente, investigador\/a e innovador\/a, con s\u00f3lida formaci\u00f3n en ciencias jur\u00eddicas, human\u00edsticas, organizacionales y tecnol\u00f3gicas, consiente del compromiso social para el desarrollo de la regi\u00f3n y el pa\u00eds, con las siguientes fortalezas:<\/p><ul><li>Capacidad de identificaci\u00f3n, an\u00e1lisis y soluci\u00f3n a problemas propios de la sociedad en el campo del Derecho.<\/li><li>S\u00f3lida formaci\u00f3n cient\u00edfica e investigativa en el campo jur\u00eddico y social, que permitir\u00e1 la participaci\u00f3n en la actualizaci\u00f3n y transformaci\u00f3n del Derecho y del entorno social.<\/li><li>Capacidad para la Planeaci\u00f3n, el Dise\u00f1o e implementaci\u00f3n de proyectos de desarrollo de la comunidad y ambiental.<\/li><li>Alto sentido de trabajo interdisciplinario y liderazgo para conformar, dirigir y gestionar equipos de profesionales o sistemas organizacionales.<\/li><\/ul><p>Requisitos de graduaci\u00f3n:<\/p><ul><li>Aprobar la malla curricular.<\/li><li>Aprobar las horas de pr\u00e1cticas preprofesionales y vinculaci\u00f3n con la sociedad.<\/li><li>Certificado de Aprobado la suficiencia en ingl\u00e9s, correspondiente al menos en el nivel B2 del Marco Com\u00fan Europeo de referencia para las lenguas.<\/li><li>Aprobar una de las modalidades de titulaci\u00f3n.<\/li><\/ul><p>Modalidades de titulaci\u00f3n:<\/p><ul><li>Trabajo de integraci\u00f3n curricular:<\/li><li>Proyectos de Investigaci\u00f3n.<\/li><li>Art\u00edculo cient\u00edfico.<\/li><li>Examen de Grado o Fin de Carrera.<\/li><\/ul><\/div>\n\t\t\t\t\t\t\t\t\t<div class=\"elementor-tab-title elementor-tab-mobile-title\" aria-selected=\"false\" data-tab=\"3\" role=\"tab\" tabindex=\"-1\" aria-controls=\"elementor-tab-content-1103\" aria-expanded=\"false\">Malla Curricular<\/div>\n\t\t\t\t\t<div id=\"elementor-tab-content-1103\" class=\"elementor-tab-content elementor-clearfix\" data-tab=\"3\" role=\"tabpanel\" aria-labelledby=\"elementor-tab-title-1103\" tabindex=\"0\" hidden=\"hidden\"><p><a href=\"https:\/\/carreras.uleam.edu.ec\/facultad-ciencias-sociales-derecho-y-bienestar\/wp-content\/uploads\/sites\/72\/2024\/02\/DERECHO-2024-SGA.pdf\" target=\"_blank\" rel=\"noopener\"><img loading=\"lazy\" decoding=\"async\" class=\"alignnone wp-image-409 size-large\" src=\"https:\/\/carreras.uleam.edu.ec\/facultad-ciencias-sociales-derecho-y-bienestar\/wp-content\/uploads\/sites\/72\/2024\/02\/MALLA-DERECHO-1024x722.png\" alt=\"\" width=\"1024\" height=\"722\" srcset=\"https:\/\/carreras.uleam.edu.ec\/facultad-ciencias-sociales-derecho-y-bienestar\/wp-content\/uploads\/sites\/72\/2024\/02\/MALLA-DERECHO-1024x722.png 1024w, https:\/\/carreras.uleam.edu.ec\/facultad-ciencias-sociales-derecho-y-bienestar\/wp-content\/uploads\/sites\/72\/2024\/02\/MALLA-DERECHO-300x212.png 300w, https:\/\/carreras.uleam.edu.ec\/facultad-ciencias-sociales-derecho-y-bienestar\/wp-content\/uploads\/sites\/72\/2024\/02\/MALLA-DERECHO-768x542.png 768w, https:\/\/carreras.uleam.edu.ec\/facultad-ciencias-sociales-derecho-y-bienestar\/wp-content\/uploads\/sites\/72\/2024\/02\/MALLA-DERECHO-1536x1083.png 1536w, https:\/\/carreras.uleam.edu.ec\/facultad-ciencias-sociales-derecho-y-bienestar\/wp-content\/uploads\/sites\/72\/2024\/02\/MALLA-DERECHO-2048x1444.png 2048w\" sizes=\"auto, (max-width: 1024px) 100vw, 1024px\" \/><\/a><\/p><\/div>\n\t\t\t\t\t\t\t\t\t<div class=\"elementor-tab-title elementor-tab-mobile-title\" aria-selected=\"false\" data-tab=\"4\" role=\"tab\" tabindex=\"-1\" aria-controls=\"elementor-tab-content-1104\" aria-expanded=\"false\">Docentes<\/div>\n\t\t\t\t\t<div id=\"elementor-tab-content-1104\" class=\"elementor-tab-content elementor-clearfix\" data-tab=\"4\" role=\"tabpanel\" aria-labelledby=\"elementor-tab-title-1104\" tabindex=\"0\" hidden=\"hidden\"><ul><li>ARROYO BALT\u00c1N LENIN TEOBALDO, Dr.<\/li><li>ALARC\u00d3N CEDE\u00d1O FAUSTO LEONIDAS, DR.<\/li><li>ALDAZ QUIROZ ANGELA ROMELIA, Mg.<\/li><li>BRAVO ZAMBRANO MAYRA, Dra.<\/li><li>BARCIA RODR\u00cdGUEZ SONIA MARGARITA, Mg.<\/li><li>CALLE GARC\u00cdA JORGE ISAAC, PhD.<\/li><li>CASTRO ANIYAR DANIEL. PhD.<\/li><li>CA\u00d1ARTE MANTUANO LUIS OLIVERIO, Mg.<\/li><li>CEDE\u00d1O DELGADO GLADYS MARIA, Mg.<\/li><li>GARAY DELGADO FERNANDO, Mg.<\/li><li>GUARANDA MENDOZA WILTON VICENTE, Mg.<\/li><li>CRUZ MARTE ISRAEL, PH.D<\/li><li>CH\u00c1VEZ CASTILLO ENRIQUE, Mg.<\/li><li>CHIRIBOGA D\u00c1VALOS JACQUELINE, Mg.<\/li><li>DELGADO ALONZO CARLOS TEODORO, Mg.<\/li><li>DELGADO ALC\u00cdVAR CARMEN MAR\u00cdA, Mg.<\/li><li>DELGADO GARCIA ORLY LEOPOLDO, Mg.<\/li><li>DIAZ LOOR GABRIEL, Dr.<\/li><li>HIDALGO ANGULO HEIDI MAR\u00cdA, Mg.<\/li><li>HUALPA BELLO ANTONIO, Mg.<\/li><li>CHANCAY BERMELLO ANDREA ISABEL, Mg.<\/li><li>JOZA MEJIA LAURA, Mg.<\/li><li>LUCAS BAQUE STALIN, Mg.<\/li><li>MAC\u00cdAS CRUZATTY FLOR ALICIA, Mg.<\/li><li>MERO CH\u00c1VEZ ANDR\u00c9S, Ab.<\/li><li>OCHOA SOLEDISPA JUANA, PhD<\/li><li>PIHUAVE MENDOZA PEDRO, AB.<\/li><li>PINARGOTY ALONZO MAURO ALFREDO, Mg.<\/li><li>VARGAS RODR\u00cdGUEZ PATRICIO JAIME, Mg.<\/li><li>ZAMBRANO QUIROZ LOURDES, Ing.<\/li><li>ZAMBRANO SOL\u00d3RZANO WILTER RONAL, Mg.<\/li><li>MAR\u00cdN RODR\u00cdGUEZ JAIME, Mg.<\/li><li>ROMERO MOR\u00c1N ANA MARIA, Mg.<\/li><li>VERA GRANADOS CHARLES, Mg.<\/li><li>LE\u00d3N CUZME C\u00c9SAR, Mg.<\/li><li>RIVERA CORIA WALTER, Ab.<\/li><li>CARRERO PIRELA MAURO, Mg.<\/li><li>VELEZ BAILON HOLGER WALFREDY, PhD.<\/li><li>GUILL\u00c9N ZAMBRANO BYRON JAVIER, Mg.<\/li><li>PILOSO MOREIRA VER\u00d3NICA, Mg.<\/li><li>ESPINOZA SU\u00c1REZ JAVIER ANDR\u00c9S, Mg.<\/li><li>YOZA CHOEZ PABLO ELOY, Mg.<\/li><li>INTRIAGO MEJIA MAGNO GABRIEL, Mg.<\/li><\/ul><\/div>\n\t\t\t\t\t\t\t\t\t<div class=\"elementor-tab-title elementor-tab-mobile-title\" aria-selected=\"false\" data-tab=\"5\" role=\"tab\" tabindex=\"-1\" aria-controls=\"elementor-tab-content-1105\" aria-expanded=\"false\">Datos Generales<\/div>\n\t\t\t\t\t<div id=\"elementor-tab-content-1105\" class=\"elementor-tab-content elementor-clearfix\" data-tab=\"5\" role=\"tabpanel\" aria-labelledby=\"elementor-tab-title-1105\" tabindex=\"0\" hidden=\"hidden\"><ul><li style=\"text-align: center\">Mg. Heidi M. Hidalgo Angulo<\/li><li style=\"text-align: center\">DIRECTOR DE CARRERA<\/li><li style=\"text-align: center\">\u00a0<a href=\"mailto:heidi.hidalgo@uleam.edu.ec\">heidi.hidalgo@uleam.edu.ec<\/a><\/li><li style=\"text-align: center\"><hr \/><\/li><li style=\"text-align: center\">Mariana Pinargote Alonzo<\/li><li style=\"text-align: center\">SECRETARIA<\/li><li style=\"text-align: center\">\u00a0<a href=\"mailto:mariana.pinargote@uleam.edu.ec\">mariana.pinargote@uleam.edu.ec<\/a><\/li><li style=\"text-align: center\"><hr \/><\/li><li style=\"text-align: center\">Horarios de atenci\u00f3n:<\/li><li style=\"text-align: center\">08:00 a 16:00<\/li><\/ul><\/div>\n\t\t\t\t\t\t\t\t\t<div class=\"elementor-tab-title elementor-tab-mobile-title\" aria-selected=\"false\" data-tab=\"6\" role=\"tab\" tabindex=\"-1\" aria-controls=\"elementor-tab-content-1106\" aria-expanded=\"false\">Gesti\u00f3n y Proceso Estudiantil<\/div>\n\t\t\t\t\t<div id=\"elementor-tab-content-1106\" class=\"elementor-tab-content elementor-clearfix\" data-tab=\"6\" role=\"tabpanel\" aria-labelledby=\"elementor-tab-title-1106\" tabindex=\"0\" hidden=\"hidden\"><ul><li>\u21d2\u00a0Pr\u00e1cticas Pre-profesionales<\/li><li>\u21d2 <a href=\"https:\/\/departamentos.uleam.edu.ec\/gestion-aseguramiento-calidad\/2019\/04\/08\/matricula\/\">Matr\u00edcula<\/a><\/li><li>\u21d2 <a href=\"https:\/\/departamentos.uleam.edu.ec\/gestion-aseguramiento-calidad\/reingreso-de-estudiantes\/\">Reingreso de estudiantes<\/a><\/li><li>\u21d2 <a href=\"https:\/\/departamentos.uleam.edu.ec\/gestion-aseguramiento-calidad\/homologacion-de-estudios-por-analisis-comparativo-de-contenidos\/\">Homologaci\u00f3n de Estudios por An\u00e1lisis Comparativo de Contenidos<\/a><\/li><\/ul><\/div>\n\t\t\t\t\t\t\t\t\t<div class=\"elementor-tab-title elementor-tab-mobile-title\" aria-selected=\"false\" data-tab=\"7\" role=\"tab\" tabindex=\"-1\" aria-controls=\"elementor-tab-content-1107\" aria-expanded=\"false\">MICRO-SITIO<\/div>\n\t\t\t\t\t<div id=\"elementor-tab-content-1107\" class=\"elementor-tab-content elementor-clearfix\" data-tab=\"7\" role=\"tabpanel\" aria-labelledby=\"elementor-tab-title-1107\" tabindex=\"0\" hidden=\"hidden\"><p><a href=\"https:\/\/carreras.uleam.edu.ec\/derecho\/\" target=\"_blank\" rel=\"noopener\">Ver MICRO-SITIO<\/a><\/p><\/div>\n\t\t\t\t\t\t\t<\/div>\n\t\t<\/div>\n\t\t\t\t<\/div>\n\t\t\t\t<\/div>\n\t\t\t\t\t<\/div>\n\t\t<\/div>\n\t\t\t\t\t\t\t<\/div>\n\t\t<\/section>\n\t\t\t\t\t\t<\/div>\n\t\t\t\t\t<\/div>\n\t\t","protected":false},"excerpt":{"rendered":"<p>Bienvenidos Descripci\u00f3n General de la Carrera Malla Curricular Docentes Datos Generales Gesti\u00f3n y Proceso Estudiantil MICRO-SITIO Bienvenidos Descripci\u00f3n General de la Carrera Nombre de la Carrera:\u00a0 \u00a0 \u00a0 \u00a0 \u00a0 \u00a0 \u00a0 \u00a0 \u00a0\u00a0Derecho T\u00edtulo que otorga:\u00a0 \u00a0 \u00a0 \u00a0 [&hellip;]<\/p>\n","protected":false},"author":7,"featured_media":0,"parent":0,"menu_order":0,"comment_status":"closed","ping_status":"closed","template":"","meta":{"_acf_changed":false,"footnotes":""},"class_list":["post-9","page","type-page","status-publish","hentry"],"acf":[],"_links":{"self":[{"href":"https:\/\/carreras.uleam.edu.ec\/facultad-ciencias-sociales-derecho-y-bienestar\/wp-json\/wp\/v2\/pages\/9","targetHints":{"allow":["GET"]}}],"collection":[{"href":"https:\/\/carreras.uleam.edu.ec\/facultad-ciencias-sociales-derecho-y-bienestar\/wp-json\/wp\/v2\/pages"}],"about":[{"href":"https:\/\/carreras.uleam.edu.ec\/facultad-ciencias-sociales-derecho-y-bienestar\/wp-json\/wp\/v2\/types\/page"}],"author":[{"embeddable":true,"href":"https:\/\/carreras.uleam.edu.ec\/facultad-ciencias-sociales-derecho-y-bienestar\/wp-json\/wp\/v2\/users\/7"}],"replies":[{"embeddable":true,"href":"https:\/\/carreras.uleam.edu.ec\/facultad-ciencias-sociales-derecho-y-bienestar\/wp-json\/wp\/v2\/comments?post=9"}],"version-history":[{"count":42,"href":"https:\/\/carreras.uleam.edu.ec\/facultad-ciencias-sociales-derecho-y-bienestar\/wp-json\/wp\/v2\/pages\/9\/revisions"}],"predecessor-version":[{"id":550,"href":"https:\/\/carreras.uleam.edu.ec\/facultad-ciencias-sociales-derecho-y-bienestar\/wp-json\/wp\/v2\/pages\/9\/revisions\/550"}],"wp:attachment":[{"href":"https:\/\/carreras.uleam.edu.ec\/facultad-ciencias-sociales-derecho-y-bienestar\/wp-json\/wp\/v2\/media?parent=9"}],"curies":[{"name":"wp","href":"https:\/\/api.w.org\/{rel}","templated":true}]}}