{"id":12,"date":"2022-09-09T01:33:54","date_gmt":"2022-09-09T01:33:54","guid":{"rendered":"https:\/\/carreras.uleam.edu.ec\/facultad-de-educacion-turismo-artes-y-humanidades\/?page_id=12"},"modified":"2025-03-14T16:48:01","modified_gmt":"2025-03-14T21:48:01","slug":"carrera-de-turismo","status":"publish","type":"page","link":"https:\/\/carreras.uleam.edu.ec\/facultad-de-educacion-turismo-artes-y-humanidades\/carrera-de-turismo\/","title":{"rendered":"Carrera Turismo"},"content":{"rendered":"\t\t<div data-elementor-type=\"wp-page\" data-elementor-id=\"12\" class=\"elementor elementor-12\" data-elementor-settings=\"[]\">\n\t\t\t\t\t\t\t<div class=\"elementor-section-wrap\">\n\t\t\t\t\t\t\t<section class=\"elementor-section elementor-top-section elementor-element elementor-element-23dc86e elementor-section-boxed elementor-section-height-default elementor-section-height-default\" data-id=\"23dc86e\" data-element_type=\"section\">\n\t\t\t\t\t\t<div class=\"elementor-container elementor-column-gap-default\">\n\t\t\t\t\t<div class=\"elementor-column elementor-col-100 elementor-top-column elementor-element elementor-element-c59acf9\" data-id=\"c59acf9\" data-element_type=\"column\">\n\t\t\t<div class=\"elementor-widget-wrap elementor-element-populated\">\n\t\t\t\t\t\t\t\t<div class=\"elementor-element elementor-element-69e2c91 elementor-tabs-view-horizontal elementor-widget elementor-widget-tabs\" data-id=\"69e2c91\" data-element_type=\"widget\" data-widget_type=\"tabs.default\">\n\t\t\t\t<div class=\"elementor-widget-container\">\n\t\t\t\t\t<div class=\"elementor-tabs\">\n\t\t\t<div class=\"elementor-tabs-wrapper\" role=\"tablist\" >\n\t\t\t\t\t\t\t\t\t<div id=\"elementor-tab-title-1111\" class=\"elementor-tab-title elementor-tab-desktop-title\" aria-selected=\"true\" data-tab=\"1\" role=\"tab\" tabindex=\"0\" aria-controls=\"elementor-tab-content-1111\" aria-expanded=\"false\">Descripci\u00f3n General de la Carrera<\/div>\n\t\t\t\t\t\t\t\t\t<div id=\"elementor-tab-title-1112\" class=\"elementor-tab-title elementor-tab-desktop-title\" aria-selected=\"false\" data-tab=\"2\" role=\"tab\" tabindex=\"-1\" aria-controls=\"elementor-tab-content-1112\" aria-expanded=\"false\">Malla Curricular<\/div>\n\t\t\t\t\t\t\t\t\t<div id=\"elementor-tab-title-1113\" class=\"elementor-tab-title elementor-tab-desktop-title\" aria-selected=\"false\" data-tab=\"3\" role=\"tab\" tabindex=\"-1\" aria-controls=\"elementor-tab-content-1113\" aria-expanded=\"false\">Docentes<\/div>\n\t\t\t\t\t\t\t\t\t<div id=\"elementor-tab-title-1114\" class=\"elementor-tab-title elementor-tab-desktop-title\" aria-selected=\"false\" data-tab=\"4\" role=\"tab\" tabindex=\"-1\" aria-controls=\"elementor-tab-content-1114\" aria-expanded=\"false\">Datos Generales<\/div>\n\t\t\t\t\t\t\t\t\t<div id=\"elementor-tab-title-1115\" class=\"elementor-tab-title elementor-tab-desktop-title\" aria-selected=\"false\" data-tab=\"5\" role=\"tab\" tabindex=\"-1\" aria-controls=\"elementor-tab-content-1115\" aria-expanded=\"false\">Gesti\u00f3n y Proceso Estudiantil<\/div>\n\t\t\t\t\t\t\t<\/div>\n\t\t\t<div class=\"elementor-tabs-content-wrapper\" role=\"tablist\" aria-orientation=\"vertical\">\n\t\t\t\t\t\t\t\t\t<div class=\"elementor-tab-title elementor-tab-mobile-title\" aria-selected=\"true\" data-tab=\"1\" role=\"tab\" tabindex=\"0\" aria-controls=\"elementor-tab-content-1111\" aria-expanded=\"false\">Descripci\u00f3n General de la Carrera<\/div>\n\t\t\t\t\t<div id=\"elementor-tab-content-1111\" class=\"elementor-tab-content elementor-clearfix\" data-tab=\"1\" role=\"tabpanel\" aria-labelledby=\"elementor-tab-title-1111\" tabindex=\"0\" hidden=\"false\"><p>Nombre de la Carrera:\u00a0 \u00a0 \u00a0 \u00a0 \u00a0 \u00a0 \u00a0 \u00a0 \u00a0\u00a0Turismo<\/p><p>T\u00edtulo que otorga:\u00a0 \u00a0 \u00a0 \u00a0 \u00a0 \u00a0 \u00a0 \u00a0 \u00a0 \u00a0 \u00a0 \u00a0 \u00a0 Licenciado\/a en Turismo<\/p><p>Modalidad de aprendizaje:\u00a0 \u00a0 \u00a0 \u00a0 \u00a0 Presencial<\/p><p>N\u00famero de per\u00edodos ordinarios: 8<\/p><p>Objetivo general:<\/p><p style=\"padding-left: 40px\">Formar profesionales consientes y responsables, capaces de gestionar productos tur\u00edsticos a trav\u00e9s de un proceso formativo integral, para que respondan a las necesidades de los diversos contextos sociales, econ\u00f3micos, culturales y medioambientales, con el fin de aportar estrategias innovadoras para la consecuci\u00f3n del desarrollo sostenible, basados en las pol\u00edticas establecidas en el Plan Nacional del Buen Vivir.<\/p><p>Perfil de ingreso:<\/p><p>Aquellos estudiantes que opten por esta profesi\u00f3n deben poseer el siguiente perfil de ingreso:<\/p><ul><li>Conocimientos b\u00e1sicos de geograf\u00eda y bioseguridad.<\/li><li>Conocimientos generales en administraci\u00f3n, contabilidad y econom\u00eda.<\/li><li>Habilidad en la comunicaci\u00f3n oral, escrita y digital.<\/li><li>Capacidad de investigaci\u00f3n.<\/li><li>Capacidad de an\u00e1lisis l\u00f3gico y matem\u00e1tico.<\/li><li>Manejo de Tics.<\/li><li>Conocimiento b\u00e1sico de ingl\u00e9s.<\/li><li>Demostrar inter\u00e9s por su auto preparaci\u00f3n y formaci\u00f3n profesional.<\/li><li>Trabajar en equipos con diversidad cultural y social.<\/li><\/ul><p>Requisitos de ingreso:<\/p><ul><li>Poseer t\u00edtulo de bachiller o su equivalente.<\/li><li>Haber cumplido los requisitos normados por el Sistema Nacional de Nivelaci\u00f3n y Admisi\u00f3n.<\/li><li>Dos fotos tama\u00f1o carnet a color.<\/li><li>Copia de c\u00e9dula de ciudadan\u00eda y del certificado de votaci\u00f3n para estudiantes nacionales; Pasaporte y documentos que autoriza a la permanencia en el pa\u00eds, para estudiantes extranjeros.<\/li><li>De ser el caso, haber cumplido con los tr\u00e1mites determinados para el reconocimiento y homologaci\u00f3n de estudios en una universidad o escuela polit\u00e9cnica en el pa\u00eds o el extranjero.<\/li><li>Solicitud de matr\u00edcula.<\/li><\/ul><p>Requisitos de graduaci\u00f3n:<\/p><ul><li>Aprobar la malla curricular.<\/li><li>Aprobar las horas de pr\u00e1cticas preprofesionales y vinculaci\u00f3n con la sociedad.<\/li><li>Certificado de Aprobado la suficiencia en ingl\u00e9s, correspondiente al menos en el nivel B1 del Marco Com\u00fan Europeo de referencia para las lenguas.<\/li><li>Aprobar una de las modalidades de titulaci\u00f3n.<\/li><\/ul><p>Modalidades de titulaci\u00f3n:<\/p><p>&#8211; Examen de grado o de fin de carrera<\/p><p>&#8211; Proyecto de investigaci\u00f3n<\/p><p>Perfil de egreso:<\/p><p><strong>\u00ab<\/strong>El manejo de modelos, protocolos, procesos y procedimientos profesionales e investigativos en el transcurso de la formaci\u00f3n\u00a0posibilitar\u00e1 a los estudiantes desarrollar los siguientes resultados o logros de aprendizaje:<\/p><p>&#8211; Dise\u00f1a proyectos tur\u00edsticos que favorezcan al sector p\u00fablico, privado y comunitario de forma coherente, evaluando los\u00a0impactos sociales, econ\u00f3micos, pol\u00edticos y ambientales de acuerdo a los objetivos de planes seccionales y nacionales de\u00a0desarrollo.<\/p><p>&#8211; Dise\u00f1a productos tur\u00edsticos innovadores a fin de interpretar el patrimonio cultural y natural en diversos contextos\u00a0geogr\u00e1ficos, garantizando un desplazamiento efectivo.<\/p><p>&#8211; Genera procesos organizacionales de empresas y espacios tur\u00edsticos para alcanzar certificaciones nacionales e\u00a0internacionales y adoptar las t\u00e9cnicas de atenci\u00f3n y servicio al cliente acorde a est\u00e1ndares nacionales e internacionales.\u00a0\u00a0<\/p><p>&#8211; Aplica principios y normas de calidad que se relacionan con el sector tur\u00edstico.\u00a0\u00a0\u00a0\u00a0\u00a0\u00a0\u00a0\u00a0\u00a0\u00a0\u00a0\u00a0\u00a0\u00a0\u00a0\u00a0\u00a0\u00a0\u00a0\u00a0\u00a0\u00a0\u00a0\u00a0\u00a0\u00a0\u00a0\u00a0\u00a0\u00a0\u00a0\u00a0\u00a0\u00a0\u00a0\u00a0\u00a0\u00a0\u00a0\u00a0<\/p><p>&#8211; Aplica la estructura administrativa y planificaci\u00f3n estrat\u00e9gica en empresas de intermediaci\u00f3n, alojamiento, transportaci\u00f3n y complementarias.<\/p><p>&#8211; Emplea las normas jur\u00eddicas tur\u00edsticas y ambientales para asegurar un desarrollo de las actividades profesionales en armon\u00eda\u00a0con la naturaleza.<\/p><p>&#8211; Genera propuestas innovadoras relacionadas con el fen\u00f3meno tur\u00edstico, desde una perspectiva antropol\u00f3gica.<\/p><p>&#8211; Gestiona la oferta de productos, destinos y servicios innovadores que atraen una demanda tur\u00edstica nacional e internacional,\u00a0consciente de la sostenibilidad y con mayor disposici\u00f3n de gasto tur\u00edstico<strong>\u00ab.<\/strong>\u00a0\u00a0<\/p><\/div>\n\t\t\t\t\t\t\t\t\t<div class=\"elementor-tab-title elementor-tab-mobile-title\" aria-selected=\"false\" data-tab=\"2\" role=\"tab\" tabindex=\"-1\" aria-controls=\"elementor-tab-content-1112\" aria-expanded=\"false\">Malla Curricular<\/div>\n\t\t\t\t\t<div id=\"elementor-tab-content-1112\" class=\"elementor-tab-content elementor-clearfix\" data-tab=\"2\" role=\"tabpanel\" aria-labelledby=\"elementor-tab-title-1112\" tabindex=\"0\" hidden=\"hidden\"><p><a href=\"https:\/\/carreras.uleam.edu.ec\/facultad-de-educacion-turismo-artes-y-humanidades\/wp-content\/uploads\/sites\/75\/2023\/05\/Malla_Curricular_SGA_Turismo_2022-signed.pdf\" target=\"_blank\" rel=\"noopener\"><img loading=\"lazy\" decoding=\"async\" class=\"alignnone wp-image-1034 size-large\" src=\"https:\/\/carreras.uleam.edu.ec\/facultad-de-educacion-turismo-artes-y-humanidades\/wp-content\/uploads\/sites\/75\/2023\/05\/TURISMO-1024x724.png\" alt=\"\" width=\"1024\" height=\"724\" srcset=\"https:\/\/carreras.uleam.edu.ec\/facultad-de-educacion-turismo-artes-y-humanidades\/wp-content\/uploads\/sites\/75\/2023\/05\/TURISMO-1024x724.png 1024w, https:\/\/carreras.uleam.edu.ec\/facultad-de-educacion-turismo-artes-y-humanidades\/wp-content\/uploads\/sites\/75\/2023\/05\/TURISMO-300x212.png 300w, https:\/\/carreras.uleam.edu.ec\/facultad-de-educacion-turismo-artes-y-humanidades\/wp-content\/uploads\/sites\/75\/2023\/05\/TURISMO-768x543.png 768w, https:\/\/carreras.uleam.edu.ec\/facultad-de-educacion-turismo-artes-y-humanidades\/wp-content\/uploads\/sites\/75\/2023\/05\/TURISMO-1536x1086.png 1536w, https:\/\/carreras.uleam.edu.ec\/facultad-de-educacion-turismo-artes-y-humanidades\/wp-content\/uploads\/sites\/75\/2023\/05\/TURISMO-2048x1448.png 2048w\" sizes=\"auto, (max-width: 1024px) 100vw, 1024px\" \/><\/a><\/p><\/div>\n\t\t\t\t\t\t\t\t\t<div class=\"elementor-tab-title elementor-tab-mobile-title\" aria-selected=\"false\" data-tab=\"3\" role=\"tab\" tabindex=\"-1\" aria-controls=\"elementor-tab-content-1113\" aria-expanded=\"false\">Docentes<\/div>\n\t\t\t\t\t<div id=\"elementor-tab-content-1113\" class=\"elementor-tab-content elementor-clearfix\" data-tab=\"3\" role=\"tabpanel\" aria-labelledby=\"elementor-tab-title-1113\" tabindex=\"0\" hidden=\"hidden\"><ol><li><span style=\"color: #000000\"><a style=\"color: #000000\" href=\"https:\/\/carreras.uleam.edu.ec\/facultad-de-educacion-turismo-artes-y-humanidades\/wp-content\/uploads\/sites\/75\/2022\/09\/MICROCURRICULOS-ALVARO..jpg\" target=\"_blank\" rel=\"noopener\">\u00c1LVARO SILVA GUSTAVO XAVIER<\/a><\/span><\/li><li><span style=\"color: #000000\"><a style=\"color: #000000\" href=\"https:\/\/carreras.uleam.edu.ec\/facultad-de-educacion-turismo-artes-y-humanidades\/wp-content\/uploads\/sites\/75\/2022\/09\/MICROCURRICULOS-AZUA..jpg\" target=\"_blank\" rel=\"noopener\">AZUA V\u00c1SQUEZ JOUBER VIRGILIO<\/a><\/span><\/li><li><span style=\"color: #000000\"><a style=\"color: #000000\" href=\"https:\/\/carreras.uleam.edu.ec\/facultad-de-educacion-turismo-artes-y-humanidades\/wp-content\/uploads\/sites\/75\/2022\/09\/MICROCURRICULOS-ESTEFANIA.-scaled.jpg\" target=\"_blank\" rel=\"noopener\">BASURTO CEDE\u00d1O ESTEFAN\u00cdA MERCEDES<\/a><\/span><\/li><li><span style=\"color: #000000\"><a style=\"color: #000000\" href=\"https:\/\/carreras.uleam.edu.ec\/facultad-de-educacion-turismo-artes-y-humanidades\/wp-content\/uploads\/sites\/75\/2022\/09\/MICROCURRICULOS-MARIUXI..jpg\" target=\"_blank\" rel=\"noopener\">BRUZZA MONCAYO MARIUXI ALEXANDRA<\/a><\/span><\/li><li><span style=\"color: #000000\"><a style=\"color: #000000\" href=\"https:\/\/carreras.uleam.edu.ec\/facultad-de-educacion-turismo-artes-y-humanidades\/wp-content\/uploads\/sites\/75\/2022\/09\/MICROCURRICULOS-CABRERA..jpg\" target=\"_blank\" rel=\"noopener\">CABRERA CH\u00c1VEZ AMPARO MARIA<\/a><\/span><\/li><li><span style=\"color: #000000\"><a style=\"color: #000000\" href=\"https:\/\/carreras.uleam.edu.ec\/facultad-de-educacion-turismo-artes-y-humanidades\/wp-content\/uploads\/sites\/75\/2022\/09\/MICROCURRICULOS-DURAN..jpg\" target=\"_blank\" rel=\"noopener\">DUR\u00c1N VASCO MARCO EDMUNDO<\/a><\/span><\/li><li><span style=\"color: #000000\"><a style=\"color: #000000\" href=\"https:\/\/carreras.uleam.edu.ec\/facultad-de-educacion-turismo-artes-y-humanidades\/wp-content\/uploads\/sites\/75\/2022\/09\/MICROCURRICULOS-MABEL..jpg\" target=\"_blank\" rel=\"noopener\">FONT ARANDA MABEL<\/a><\/span><\/li><li><span style=\"color: #000000\"><a style=\"color: #000000\" href=\"https:\/\/carreras.uleam.edu.ec\/facultad-de-educacion-turismo-artes-y-humanidades\/wp-content\/uploads\/sites\/75\/2022\/09\/MICROCURRICULOS-DIEGO.-scaled.jpg\" target=\"_blank\" rel=\"noopener\">GUZM\u00c1N VERA DIEGO EMILIO<\/a><\/span><\/li><li><span style=\"color: #000000\"><a style=\"color: #000000\" href=\"https:\/\/carreras.uleam.edu.ec\/facultad-de-educacion-turismo-artes-y-humanidades\/wp-content\/uploads\/sites\/75\/2022\/09\/MICROCURRICULOS-MANTUANO..jpg\" target=\"_blank\" rel=\"noopener\">LUCAS MANTUANO CARMEN<\/a><\/span><\/li><li><span style=\"color: #000000\"><a style=\"color: #000000\" href=\"https:\/\/carreras.uleam.edu.ec\/facultad-de-educacion-turismo-artes-y-humanidades\/wp-content\/uploads\/sites\/75\/2022\/09\/MICROCURRICULOS-FERNANDO..jpg\" target=\"_blank\" rel=\"noopener\">MAC\u00cdAS MENDOZA FERNANDO<\/a><\/span><\/li><li><span style=\"color: #000000\"><a style=\"color: #000000\" href=\"https:\/\/carreras.uleam.edu.ec\/facultad-de-educacion-turismo-artes-y-humanidades\/wp-content\/uploads\/sites\/75\/2022\/09\/MICROCURRICULOS-LIZANDRO..jpg\" target=\"_blank\" rel=\"noopener\">MOLINA SABANDO LIZANDRO<\/a><\/span><\/li><li><span style=\"color: #000000\"><a style=\"color: #000000\" href=\"https:\/\/carreras.uleam.edu.ec\/facultad-de-educacion-turismo-artes-y-humanidades\/wp-content\/uploads\/sites\/75\/2022\/09\/MICROCURRICULOS-MONTALVAN..jpg\" target=\"_blank\" rel=\"noopener\">MONTALV\u00c1N ACOSTA PEDRO ISIDORO<\/a><\/span><\/li><li><span style=\"color: #000000\"><a style=\"color: #000000\" href=\"https:\/\/carreras.uleam.edu.ec\/facultad-de-educacion-turismo-artes-y-humanidades\/wp-content\/uploads\/sites\/75\/2023\/05\/docente-argenis.png\" target=\"_blank\" rel=\"noopener\">MONTILLA PACHECO ARGENIS<\/a><\/span><\/li><li><span style=\"color: #000000\"><a style=\"color: #000000\" href=\"https:\/\/carreras.uleam.edu.ec\/facultad-de-educacion-turismo-artes-y-humanidades\/wp-content\/uploads\/sites\/75\/2022\/09\/MICROCURRICULOS-INES..jpg\" target=\"_blank\" rel=\"noopener\">MORA PISCO CARMEN IN\u00c9S<\/a><\/span><\/li><li><span style=\"color: #000000\"><a style=\"color: #000000\" href=\"https:\/\/carreras.uleam.edu.ec\/facultad-de-educacion-turismo-artes-y-humanidades\/wp-content\/uploads\/sites\/75\/2022\/09\/MICROCURRICULOS-PIHUAVE..jpg\" target=\"_blank\" rel=\"noopener\">PIGUAVE MERO CARLOS ROLANDO<\/a><\/span><\/li><li><a href=\"https:\/\/carreras.uleam.edu.ec\/facultad-de-educacion-turismo-artes-y-humanidades\/wp-content\/uploads\/sites\/75\/2022\/09\/MICROCURRICULOS-TRUEBA..jpg\" target=\"_blank\" rel=\"noopener\"><span style=\"color: #000000\">TRUEBA MAC\u00cdAS BLANCA ALICIA<\/span><\/a><\/li><\/ol><\/div>\n\t\t\t\t\t\t\t\t\t<div class=\"elementor-tab-title elementor-tab-mobile-title\" aria-selected=\"false\" data-tab=\"4\" role=\"tab\" tabindex=\"-1\" aria-controls=\"elementor-tab-content-1114\" aria-expanded=\"false\">Datos Generales<\/div>\n\t\t\t\t\t<div id=\"elementor-tab-content-1114\" class=\"elementor-tab-content elementor-clearfix\" data-tab=\"4\" role=\"tabpanel\" aria-labelledby=\"elementor-tab-title-1114\" tabindex=\"0\" hidden=\"hidden\"><ul><li style=\"text-align: center\">Mg. Guzm\u00e1n Vera Diego Emilio<\/li><li style=\"text-align: center\">DIRECTOR DE CARRERA<\/li><li style=\"text-align: center\">\u00a0<a href=\"mailto:diego.guzman@uleam.edu.ec\">diego.guzman@uleam.edu.ec<\/a><\/li><\/ul><hr \/><ul style=\"text-align: center\"><li style=\"text-align: center\"><strong>Secretaria de Carrera:<\/strong><\/li><li style=\"text-align: center\">Mirian Zambrano Cede\u00f1o<\/li><li style=\"text-align: center\">\u00a0<a href=\"mailto:mirian.zambrano@uleam.edu.ec\">mirian.zambrano@uleam.edu.ec<\/a><\/li><\/ul><hr \/><ul><li style=\"text-align: center\">Horarios de atenci\u00f3n: 08:00 a 16:00<\/li><\/ul><\/div>\n\t\t\t\t\t\t\t\t\t<div class=\"elementor-tab-title elementor-tab-mobile-title\" aria-selected=\"false\" data-tab=\"5\" role=\"tab\" tabindex=\"-1\" aria-controls=\"elementor-tab-content-1115\" aria-expanded=\"false\">Gesti\u00f3n y Proceso Estudiantil<\/div>\n\t\t\t\t\t<div id=\"elementor-tab-content-1115\" class=\"elementor-tab-content elementor-clearfix\" data-tab=\"5\" role=\"tabpanel\" aria-labelledby=\"elementor-tab-title-1115\" tabindex=\"0\" hidden=\"hidden\"><ul><li>\u21d2\u00a0Pr\u00e1cticas Pre-profesionales<\/li><li>\u21d2 <a href=\"https:\/\/carreras.uleam.edu.ec\/facultad-de-educacion-turismo-artes-y-humanidades\/wp-content\/uploads\/sites\/75\/2023\/05\/COMISIONES.pdf\" target=\"_blank\" rel=\"noopener\">Comisiones\u00a0<\/a><\/li><li>\u21d2 <a href=\"https:\/\/departamentos.uleam.edu.ec\/gestion-aseguramiento-calidad\/2019\/04\/08\/matricula\/\">Matr\u00edcula<\/a><\/li><li>\u21d2 <a href=\"https:\/\/departamentos.uleam.edu.ec\/gestion-aseguramiento-calidad\/reingreso-de-estudiantes\/\">Reingreso de estudiantes<\/a><\/li><li>\u21d2 <a href=\"https:\/\/departamentos.uleam.edu.ec\/gestion-aseguramiento-calidad\/homologacion-de-estudios-por-analisis-comparativo-de-contenidos\/\">Homologaci\u00f3n de Estudios por An\u00e1lisis Comparativo de Contenidos<\/a><\/li><\/ul><\/div>\n\t\t\t\t\t\t\t<\/div>\n\t\t<\/div>\n\t\t\t\t<\/div>\n\t\t\t\t<\/div>\n\t\t\t\t\t<\/div>\n\t\t<\/div>\n\t\t\t\t\t\t\t<\/div>\n\t\t<\/section>\n\t\t\t\t\t\t<\/div>\n\t\t\t\t\t<\/div>\n\t\t","protected":false},"excerpt":{"rendered":"<p>Descripci\u00f3n General de la Carrera Malla Curricular Docentes Datos Generales Gesti\u00f3n y Proceso Estudiantil Descripci\u00f3n General de la Carrera Nombre de la Carrera:\u00a0 \u00a0 \u00a0 \u00a0 \u00a0 \u00a0 \u00a0 \u00a0 \u00a0\u00a0Turismo T\u00edtulo que otorga:\u00a0 \u00a0 \u00a0 \u00a0 \u00a0 \u00a0 \u00a0 [&hellip;]<\/p>\n","protected":false},"author":7,"featured_media":0,"parent":0,"menu_order":0,"comment_status":"closed","ping_status":"closed","template":"","meta":{"_acf_changed":false,"footnotes":""},"class_list":["post-12","page","type-page","status-publish","hentry"],"acf":[],"_links":{"self":[{"href":"https:\/\/carreras.uleam.edu.ec\/facultad-de-educacion-turismo-artes-y-humanidades\/wp-json\/wp\/v2\/pages\/12","targetHints":{"allow":["GET"]}}],"collection":[{"href":"https:\/\/carreras.uleam.edu.ec\/facultad-de-educacion-turismo-artes-y-humanidades\/wp-json\/wp\/v2\/pages"}],"about":[{"href":"https:\/\/carreras.uleam.edu.ec\/facultad-de-educacion-turismo-artes-y-humanidades\/wp-json\/wp\/v2\/types\/page"}],"author":[{"embeddable":true,"href":"https:\/\/carreras.uleam.edu.ec\/facultad-de-educacion-turismo-artes-y-humanidades\/wp-json\/wp\/v2\/users\/7"}],"replies":[{"embeddable":true,"href":"https:\/\/carreras.uleam.edu.ec\/facultad-de-educacion-turismo-artes-y-humanidades\/wp-json\/wp\/v2\/comments?post=12"}],"version-history":[{"count":94,"href":"https:\/\/carreras.uleam.edu.ec\/facultad-de-educacion-turismo-artes-y-humanidades\/wp-json\/wp\/v2\/pages\/12\/revisions"}],"predecessor-version":[{"id":1898,"href":"https:\/\/carreras.uleam.edu.ec\/facultad-de-educacion-turismo-artes-y-humanidades\/wp-json\/wp\/v2\/pages\/12\/revisions\/1898"}],"wp:attachment":[{"href":"https:\/\/carreras.uleam.edu.ec\/facultad-de-educacion-turismo-artes-y-humanidades\/wp-json\/wp\/v2\/media?parent=12"}],"curies":[{"name":"wp","href":"https:\/\/api.w.org\/{rel}","templated":true}]}}