{"id":1485,"date":"2024-08-05T17:37:54","date_gmt":"2024-08-05T22:37:54","guid":{"rendered":"https:\/\/carreras.uleam.edu.ec\/facultad-de-educacion-turismo-artes-y-humanidades\/?page_id=1485"},"modified":"2025-04-02T11:52:29","modified_gmt":"2025-04-02T16:52:29","slug":"carrera-educacion-inicial-bilingue","status":"publish","type":"page","link":"https:\/\/carreras.uleam.edu.ec\/facultad-de-educacion-turismo-artes-y-humanidades\/carrera-educacion-inicial-bilingue\/","title":{"rendered":"Carrera Educaci\u00f3n Inicial Biling\u00fce"},"content":{"rendered":"\t\t<div data-elementor-type=\"wp-page\" data-elementor-id=\"1485\" class=\"elementor elementor-1485\" data-elementor-settings=\"[]\">\n\t\t\t\t\t\t\t<div class=\"elementor-section-wrap\">\n\t\t\t\t\t\t\t<section class=\"elementor-section elementor-top-section elementor-element elementor-element-a064ec8 elementor-section-boxed elementor-section-height-default elementor-section-height-default\" data-id=\"a064ec8\" data-element_type=\"section\">\n\t\t\t\t\t\t<div class=\"elementor-container elementor-column-gap-default\">\n\t\t\t\t\t<div class=\"elementor-column elementor-col-100 elementor-top-column elementor-element elementor-element-f397625\" data-id=\"f397625\" data-element_type=\"column\">\n\t\t\t<div class=\"elementor-widget-wrap elementor-element-populated\">\n\t\t\t\t\t\t\t\t<div class=\"elementor-element elementor-element-e982230 elementor-tabs-view-horizontal elementor-widget elementor-widget-tabs\" data-id=\"e982230\" data-element_type=\"widget\" data-widget_type=\"tabs.default\">\n\t\t\t\t<div class=\"elementor-widget-container\">\n\t\t\t\t\t<div class=\"elementor-tabs\">\n\t\t\t<div class=\"elementor-tabs-wrapper\" role=\"tablist\" >\n\t\t\t\t\t\t\t\t\t<div id=\"elementor-tab-title-2441\" class=\"elementor-tab-title elementor-tab-desktop-title\" aria-selected=\"true\" data-tab=\"1\" role=\"tab\" tabindex=\"0\" aria-controls=\"elementor-tab-content-2441\" aria-expanded=\"false\">Descripci\u00f3n General de la Carrera<\/div>\n\t\t\t\t\t\t\t\t\t<div id=\"elementor-tab-title-2442\" class=\"elementor-tab-title elementor-tab-desktop-title\" aria-selected=\"false\" data-tab=\"2\" role=\"tab\" tabindex=\"-1\" aria-controls=\"elementor-tab-content-2442\" aria-expanded=\"false\">Malla Curricular<\/div>\n\t\t\t\t\t\t\t\t\t<div id=\"elementor-tab-title-2443\" class=\"elementor-tab-title elementor-tab-desktop-title\" aria-selected=\"false\" data-tab=\"3\" role=\"tab\" tabindex=\"-1\" aria-controls=\"elementor-tab-content-2443\" aria-expanded=\"false\">Docentes<\/div>\n\t\t\t\t\t\t\t\t\t<div id=\"elementor-tab-title-2444\" class=\"elementor-tab-title elementor-tab-desktop-title\" aria-selected=\"false\" data-tab=\"4\" role=\"tab\" tabindex=\"-1\" aria-controls=\"elementor-tab-content-2444\" aria-expanded=\"false\">Datos Generales<\/div>\n\t\t\t\t\t\t\t\t\t<div id=\"elementor-tab-title-2445\" class=\"elementor-tab-title elementor-tab-desktop-title\" aria-selected=\"false\" data-tab=\"5\" role=\"tab\" tabindex=\"-1\" aria-controls=\"elementor-tab-content-2445\" aria-expanded=\"false\">Gesti\u00f3n y Proceso Estudiantil<\/div>\n\t\t\t\t\t\t\t<\/div>\n\t\t\t<div class=\"elementor-tabs-content-wrapper\" role=\"tablist\" aria-orientation=\"vertical\">\n\t\t\t\t\t\t\t\t\t<div class=\"elementor-tab-title elementor-tab-mobile-title\" aria-selected=\"true\" data-tab=\"1\" role=\"tab\" tabindex=\"0\" aria-controls=\"elementor-tab-content-2441\" aria-expanded=\"false\">Descripci\u00f3n General de la Carrera<\/div>\n\t\t\t\t\t<div id=\"elementor-tab-content-2441\" class=\"elementor-tab-content elementor-clearfix\" data-tab=\"1\" role=\"tabpanel\" aria-labelledby=\"elementor-tab-title-2441\" tabindex=\"0\" hidden=\"false\"><ul><li>Nombre de la carrera:\u00a0\u00a0\u00a0\u00a0\u00a0\u00a0\u00a0\u00a0\u00a0\u00a0\u00a0\u00a0\u00a0\u00a0\u00a0\u00a0\u00a0\u00a0\u00a0\u00a0\u00a0\u00a0\u00a0 Educaci\u00f3n Inicial biling\u00fce \u00a0 \u00a0 \u00a0 \u00a0 \u00a0 \u00a0 \u00a0 \u00a0 \u00a0 \u00a0 \u00a0 \u00a0<br \/>Titulaci\u00f3n:\u00a0\u00a0\u00a0\u00a0\u00a0\u00a0\u00a0\u00a0\u00a0\u00a0\u00a0\u00a0\u00a0\u00a0\u00a0\u00a0\u00a0\u00a0\u00a0\u00a0\u00a0\u00a0\u00a0\u00a0\u00a0\u00a0\u00a0\u00a0\u00a0\u00a0\u00a0\u00a0\u00a0\u00a0\u00a0\u00a0\u00a0\u00a0\u00a0\u00a0\u00a0\u00a0\u00a0 Licenciado\/a en Educaci\u00f3n Inicial Biling\u00fce<\/li><li>N\u00famero de per\u00edodos acad\u00e9micos:\u00a0 8 semestres \u00a0<\/li><li>Modalidad de estudio\/aprendizaje: Presencial<\/li><\/ul><p>Objetivo general<\/p><p style=\"text-align: justify\">Formar profesionales eficientes y eficaces al servicio de la educaci\u00f3n inicial biling\u00fce, comprometidos con la investigaci\u00f3n, vinculaci\u00f3n, interculturalidad e inclusi\u00f3n, con dominio en una lengua extranjera, coherentes con los planes de desarrollo locales y nacionales, as\u00ed como los principios \u00e9ticos y morales.\u00a0<\/p><p style=\"text-align: justify\">Perfil de ingreso:<\/p><p style=\"text-align: justify\">Considerando el perfil de egreso del bachillerato ecuatoriano se correlacionan con los siguientes:\u00a0\u00a0<\/p><p style=\"text-align: justify\">J.3. Procedemos con respeto y responsabilidad con nosotros y con las dem\u00e1s personas, con la naturaleza y con el mundo de las ideas. Cumplimos nuestras obligaciones y exigimos la observaci\u00f3n de nuestros derechos.<em>\u00a0<\/em><\/p><p style=\"text-align: justify\">I.1.Tenemos iniciativas creativas, actuamos con pasi\u00f3n, mente abierta y visi\u00f3n de futuro; asumimos liderazgos aut\u00e9nticos, procedemos con proactividad y responsabilidad en la toma de decisiones y estamos preparados para enfrentar los riesgos que el emprendimiento conlleva.<em>\u00a0<\/em><\/p><p style=\"text-align: justify\">S.1. Asumimos responsabilidad social y tenemos capacidad de interactuar con grupos heterog\u00e9neos, procediendo con comprensi\u00f3n, empat\u00eda y tolerancia.<em>\u00a0<\/em><\/p><p style=\"text-align: justify\">S.3. Armonizamos lo f\u00edsico e intelectual; usamos nuestra inteligencia emocional para ser positivos, flexibles, cordiales y autocr\u00edticos\u00a0\u00a0\u00a0\u00a0\u00a0\u00a0<em>\u00a0<\/em><\/p><p style=\"text-align: justify\">Requisitos de ingreso:<\/p><p style=\"text-align: justify\">Los requisitos de ingreso ser\u00e1n los contemplados en el art\u00edculo 13 del Reglamento de R\u00e9gimen Acad\u00e9mico cuyo texto expresa:\u00a0<\/p><p style=\"text-align: justify\">Ingreso a tercer nivel.- Para el ingreso al tercer nivel, se requiere poseer t\u00edtulo de bachiller o su equivalente, de conformidad con la Ley\u2026\u00a0\u00a0<\/p><p style=\"text-align: justify\">En el caso de las IES p\u00fablicas, haber cumplido los requisitos normados por el Sistema de Nivelaci\u00f3n y Admisi\u00f3n que observar\u00e1 los principios de igualdad de oportunidades, libertad de elecci\u00f3n de carrera y de m\u00e9ritos.\u00a0<\/p><p style=\"text-align: justify\">Las IES aceptar\u00e1n los t\u00edtulos de bachiller obtenidos en el extranjero, reconocidos o equiparados por el Ministerio de Educaci\u00f3n. Para tal efecto, las IES podr\u00e1n implementar plazos especiales para la presentaci\u00f3n de la documentaci\u00f3n, que contemplen el tiempo que el Ministerio de Educaci\u00f3n requiere para el reconocimiento o equiparaci\u00f3n de estos estudios.\u00a0<\/p><p style=\"text-align: justify\">Los mismos que se encuentran en concordancia con el Art\u00edculo 82 de la LOES.\u00a0<\/p><ol style=\"text-align: justify\"><li>Poseer t\u00edtulo de bachiller o su equivalente, de conformidad con la Ley;<\/li><li>Haber cumplido los requisitos normados por el Sistema de Nivelaci\u00f3n y Admisi\u00f3n, el mismo que observar\u00e1 los principios de igualdad de oportunidades, m\u00e9rito y capacidad.<\/li><\/ol><p style=\"text-align: justify\">Requisitos de titulaci\u00f3n:<\/p><p style=\"text-align: justify\">Demostrar suficiencia en una lengua extranjera nivel B.2 seg\u00fan lo dispuesto en el Marco Com\u00fan Europeo de Referencia de Lenguas. El estudiante aprobar\u00e1 las asignaturas establecidas en el plan curricular y luego presentar\u00e1 un examen de ubicaci\u00f3n para acceder al certificado de competencia ling\u00fc\u00edstica.\u200b<\/p><p style=\"text-align: justify\">PERFIL DE EGRESO<\/p><p style=\"text-align: justify\">\u00bfQu\u00e9 resultados de aprendizaje y competencias profesionales son necesarias para el futuro desempe\u00f1o profesional?\u00a0<\/p><ol><li><strong>[Conocimiento pedag\u00f3gico y psicol\u00f3gico] <\/strong>Emplea los principios pedag\u00f3gicos y psicol\u00f3gicos que orientan la aplicaci\u00f3n de: modelos educativos para la organizaci\u00f3n del proceso de ense\u00f1anza y aprendizaje. Comprende los fen\u00f3menos, situaciones, procesos vinculados al aprendizaje en los sistemas socioeducativos, articulados a una lengua extranjera (ingl\u00e9s).\u00a0\u00a0<\/li><li>[<strong>Actuaci\u00f3n profesional docente<\/strong>] Aplica los fundamentos legales, pedag\u00f3gicos, did\u00e1cticos, psicol\u00f3gicos, epistemol\u00f3gicos y socio antropol\u00f3gicos en los diversos contextos educativos.\u00a0 Interpreta los aportes de los modelos educativos, ling\u00fc\u00edsticos, culturales y principales corrientes pedag\u00f3gicas en la organizaci\u00f3n de los procesos de formaci\u00f3n en el nivel inicial.\u00a0<\/li><li><strong>[Competencia comunicativa] <\/strong>Emplea adecuadamente las habilidades comunicativas en la lengua nativa y extranjera (ingl\u00e9s) de manera asertiva, en el proceso educativo y trabajo comunitario. Se comunica de forma activa y participativa para producir interacciones positivas basadas en el respeto a la biodiversidad, las etnias y los saberes ancestrales.\u00a0\u00a0\u00a0 Domina lenguajes pl\u00e1sticos, art\u00edsticos, musicales, lectores y corporales promoviendo el aprendizaje que posibiliten el desarrollo del pensamiento infantil. Promueve el biling\u00fcismo y la diversidad cultural desde temprana edad.\u00a0<\/li><li><strong>[Competencia investigativa] <\/strong>Identifica situaciones educativas que requieren intervenci\u00f3n para reducir los impactos de estas sobre el aprendizaje y desarrollo integral del sujeto. Dise\u00f1a proyectos de investigaci\u00f3n educativos contextualizados generando propuestas socioeducativas vinculadas a la educaci\u00f3n inicial.\u00a0<\/li><li><strong>[Competencia recursiva y tecnol\u00f3gica] <\/strong>Integra en el proceso educativo el uso de las TIC y recursos convencionales, para la planificaci\u00f3n y el desarrollo de los ambientes de aprendizaje y su evaluaci\u00f3n.\u00a0<\/li><\/ol><p style=\"text-align: justify\"><strong>\u00bfQu\u00e9 resultados de aprendizaje relacionados con el manejo de m\u00e9todos, metodolog\u00edas, modelos, protocolos, procesos y procedimientos de car\u00e1cter profesional e investigativo se garantizar\u00e1n en la implementaci\u00f3n de la carrera?<\/strong><strong>\u00a0<\/strong><\/p><p style=\"padding-left: 40px\">6. [<strong>Dise\u00f1o curricular, evaluaci\u00f3n e integraci\u00f3n de las TIC<\/strong>] Dise\u00f1a el curr\u00edculo escolar con un enfoque en el conocimiento del idioma ingl\u00e9s como lengua extranjera, mediante la creaci\u00f3n de ambientes de aprendizaje que integren recursos tecnol\u00f3gicos que faciliten procesos de ense\u00f1anza contextualizados y la evaluaci\u00f3n efectiva del estudiantado.\u00a0<\/p><p style=\"padding-left: 40px\"><strong>7. [Desarrollo curricular, did\u00e1ctica y aprendizaje]<\/strong> Desarrolla el proceso educativo para planificar, motivar, asesorar, evaluar y reorientar a los sujetos educativos en su proceso personal de desarrollo, socializaci\u00f3n y conocimiento del idioma ingl\u00e9s como lengua extranjera.\u00a0\u00a0<\/p><p style=\"padding-left: 40px\"><strong>8. [Acci\u00f3n tutorial]<\/strong> Implementa acciones tutoriales y educativas en los contextos escolares, familiares y comunitarios con enfoque de igualdad y no discriminaci\u00f3n. Desarrolla procesos educativos, sociales y de prevenci\u00f3n que permitan asumir las garant\u00edas de protecci\u00f3n de la integridad de los ni\u00f1os.\u00a0<\/p><p style=\"padding-left: 40px\"><strong>10. [Integraci\u00f3n familiar y comunitaria] <\/strong>Construye el aprendizaje de forma cooperativa y colaborativa, a partir de los contextos de los sujetos educativos, la familia, la comunidad en funci\u00f3n de los continuos cambios en el desarrollo cient\u00edfico, social, cultural y tecnol\u00f3gico para ser sensibles a las din\u00e1micas culturales y ling\u00fc\u00edsticas de los estudiantes.\u00a0<\/p><p style=\"text-align: justify\"><strong>\u00bfC\u00f3mo contribuye el futuro profesional al mejoramiento de la calidad de vida, el medio ambiente, el desarrollo productivo y la preservaci\u00f3n, difusi\u00f3n y enriquecimiento de las culturas y saberes?<\/strong><strong>\u00a0<\/strong><\/p><p style=\"padding-left: 40px\">11. [<strong>Desarrollo sostenible<\/strong>] Genera un clima positivo de convivencia basado en el respeto a las diferencias individuales, el cuidado del medio ambiente, la interculturalidad, la pr\u00e1ctica de valores en la participaci\u00f3n democr\u00e1tica, Participa en procesos de desarrollo autosustentable y proyectos que garanticen la calidad de vida.\u00a0<\/p><p style=\"padding-left: 40px\"><strong>12. [Justicia social y sistema de protecci\u00f3n de derechos] <\/strong>Fomenta la convivencia arm\u00f3nica y participativa para la toma de decisiones institucionales y comunitarias garantizando los derechos de todos. Identifica el desarrollo biopsicosocial del ni\u00f1o, asumiendo una actitud cr\u00edtica y preventiva para potenciar la salud f\u00edsica y mental, acorde a las pol\u00edticas nacionales de protecci\u00f3n de la infancia.\u00a0<\/p><p style=\"text-align: justify\"><strong>\u00bfCu\u00e1les son los valores y los principios, en el marco de un enfoque de derechos, igualdad e interculturalidad, pensamiento universal, cr\u00edtico y creativo, que se promover\u00e1n en la formaci\u00f3n profesional que ofrece la carrera?<\/strong><strong>\u00a0<\/strong><\/p><p style=\"text-align: justify\">\u200b\u200bDemuestra en la pr\u00e1ctica docente principios \u00e9ticos y profesionales, incorporando procesos de reflexi\u00f3n en la acci\u00f3n y la aplicaci\u00f3n, fundamentados en la normativa y en el sistema de valores universales. Promueve el desarrollo personal y social en el proceso de construcci\u00f3n de la identidad a trav\u00e9s del conocimiento de su propia cultura y la de otros contextos a trav\u00e9s del dominio de una lengua extranjera (ingl\u00e9s).\u200b<strong>\u00a0<\/strong><\/p><p style=\"text-align: justify\">Modalidades de titulaci\u00f3n:<\/p><ul style=\"text-align: justify\"><li>&#8211; Desarrollo de un trabajo de titulaci\u00f3n<\/li><\/ul><p style=\"text-align: justify\">\u00a0<\/p><\/div>\n\t\t\t\t\t\t\t\t\t<div class=\"elementor-tab-title elementor-tab-mobile-title\" aria-selected=\"false\" data-tab=\"2\" role=\"tab\" tabindex=\"-1\" aria-controls=\"elementor-tab-content-2442\" aria-expanded=\"false\">Malla Curricular<\/div>\n\t\t\t\t\t<div id=\"elementor-tab-content-2442\" class=\"elementor-tab-content elementor-clearfix\" data-tab=\"2\" role=\"tabpanel\" aria-labelledby=\"elementor-tab-title-2442\" tabindex=\"0\" hidden=\"hidden\"><p><a href=\"https:\/\/carreras.uleam.edu.ec\/facultad-de-educacion-turismo-artes-y-humanidades\/wp-content\/uploads\/sites\/75\/2025\/04\/OCT.10.Anexo-7_Malla-_Curricular-BILINGUE.pdf\" target=\"_blank\" rel=\"noopener\"><img loading=\"lazy\" decoding=\"async\" class=\"alignnone wp-image-1904 size-large\" src=\"https:\/\/carreras.uleam.edu.ec\/facultad-de-educacion-turismo-artes-y-humanidades\/wp-content\/uploads\/sites\/75\/2025\/04\/OCT.10.Anexo-7_Malla-_Curricular-BILINGUE-1024x711.jpg\" alt=\"\" width=\"1024\" height=\"711\" srcset=\"https:\/\/carreras.uleam.edu.ec\/facultad-de-educacion-turismo-artes-y-humanidades\/wp-content\/uploads\/sites\/75\/2025\/04\/OCT.10.Anexo-7_Malla-_Curricular-BILINGUE-1024x711.jpg 1024w, https:\/\/carreras.uleam.edu.ec\/facultad-de-educacion-turismo-artes-y-humanidades\/wp-content\/uploads\/sites\/75\/2025\/04\/OCT.10.Anexo-7_Malla-_Curricular-BILINGUE-300x208.jpg 300w, https:\/\/carreras.uleam.edu.ec\/facultad-de-educacion-turismo-artes-y-humanidades\/wp-content\/uploads\/sites\/75\/2025\/04\/OCT.10.Anexo-7_Malla-_Curricular-BILINGUE-768x533.jpg 768w, https:\/\/carreras.uleam.edu.ec\/facultad-de-educacion-turismo-artes-y-humanidades\/wp-content\/uploads\/sites\/75\/2025\/04\/OCT.10.Anexo-7_Malla-_Curricular-BILINGUE-1536x1067.jpg 1536w, https:\/\/carreras.uleam.edu.ec\/facultad-de-educacion-turismo-artes-y-humanidades\/wp-content\/uploads\/sites\/75\/2025\/04\/OCT.10.Anexo-7_Malla-_Curricular-BILINGUE-2048x1422.jpg 2048w\" sizes=\"auto, (max-width: 1024px) 100vw, 1024px\" \/><\/a><\/p><\/div>\n\t\t\t\t\t\t\t\t\t<div class=\"elementor-tab-title elementor-tab-mobile-title\" aria-selected=\"false\" data-tab=\"3\" role=\"tab\" tabindex=\"-1\" aria-controls=\"elementor-tab-content-2443\" aria-expanded=\"false\">Docentes<\/div>\n\t\t\t\t\t<div id=\"elementor-tab-content-2443\" class=\"elementor-tab-content elementor-clearfix\" data-tab=\"3\" role=\"tabpanel\" aria-labelledby=\"elementor-tab-title-2443\" tabindex=\"0\" hidden=\"hidden\"><p>Estamos en proceso de actualizaci\u00f3n<\/p><\/div>\n\t\t\t\t\t\t\t\t\t<div class=\"elementor-tab-title elementor-tab-mobile-title\" aria-selected=\"false\" data-tab=\"4\" role=\"tab\" tabindex=\"-1\" aria-controls=\"elementor-tab-content-2444\" aria-expanded=\"false\">Datos Generales<\/div>\n\t\t\t\t\t<div id=\"elementor-tab-content-2444\" class=\"elementor-tab-content elementor-clearfix\" data-tab=\"4\" role=\"tabpanel\" aria-labelledby=\"elementor-tab-title-2444\" tabindex=\"0\" hidden=\"hidden\"><ul><li style=\"text-align: center\">Mg. Elisabeth Boyes Fuller<\/li><li style=\"text-align: center\">DIRECTORA DE CARRERA<\/li><li style=\"text-align: center\"><a href=\"mailto:elisabeth.boyes@uleam.edu.ec\">elisabeth.boyes@uleam.edu.ec<\/a><\/li><\/ul><hr \/><ul style=\"text-align: center\"><li>\u00c1ngela Vinces Ver\u00e1<\/li><li>SECRETARIA DE CARRERA<\/li><li><a href=\"mailto:angela.vinces@uleam.edu.ec\">angela.vinces@uleam.edu.ec<\/a><\/li><\/ul><hr \/><ul><li style=\"text-align: center\">HORARIO DE ATENCI\u00d3N:<\/li><li style=\"text-align: center\">DE 08:00 A 18:00\u00a0<\/li><li style=\"text-align: center\">Lunes \u2013 Viernes<\/li><\/ul><\/div>\n\t\t\t\t\t\t\t\t\t<div class=\"elementor-tab-title elementor-tab-mobile-title\" aria-selected=\"false\" data-tab=\"5\" role=\"tab\" tabindex=\"-1\" aria-controls=\"elementor-tab-content-2445\" aria-expanded=\"false\">Gesti\u00f3n y Proceso Estudiantil<\/div>\n\t\t\t\t\t<div id=\"elementor-tab-content-2445\" class=\"elementor-tab-content elementor-clearfix\" data-tab=\"5\" role=\"tabpanel\" aria-labelledby=\"elementor-tab-title-2445\" tabindex=\"0\" hidden=\"hidden\"><ul><li>\u21d2\u00a0Pr\u00e1cticas Pre-profesionales<\/li><li>\u21d2\u00a0<a href=\"https:\/\/carreras.uleam.edu.ec\/facultad-de-educacion-turismo-artes-y-humanidades\/wp-content\/uploads\/sites\/75\/2023\/05\/COMISIONES.pdf\" target=\"_blank\" rel=\"noopener\">Comisiones\u00a0<\/a><\/li><li>\u21d2\u00a0<a href=\"https:\/\/departamentos.uleam.edu.ec\/gestion-aseguramiento-calidad\/2019\/04\/08\/matricula\/\">Matr\u00edcula<\/a><\/li><li>\u21d2\u00a0<a href=\"https:\/\/departamentos.uleam.edu.ec\/gestion-aseguramiento-calidad\/reingreso-de-estudiantes\/\">Reingreso de estudiantes<\/a><\/li><li>\u21d2\u00a0<a href=\"https:\/\/departamentos.uleam.edu.ec\/gestion-aseguramiento-calidad\/homologacion-de-estudios-por-analisis-comparativo-de-contenidos\/\">Homologaci\u00f3n de Estudios por An\u00e1lisis Comparativo de Contenidos<\/a><\/li><\/ul><\/div>\n\t\t\t\t\t\t\t<\/div>\n\t\t<\/div>\n\t\t\t\t<\/div>\n\t\t\t\t<\/div>\n\t\t\t\t\t<\/div>\n\t\t<\/div>\n\t\t\t\t\t\t\t<\/div>\n\t\t<\/section>\n\t\t\t\t\t\t<\/div>\n\t\t\t\t\t<\/div>\n\t\t","protected":false},"excerpt":{"rendered":"<p>Descripci\u00f3n General de la Carrera Malla Curricular Docentes Datos Generales Gesti\u00f3n y Proceso Estudiantil Descripci\u00f3n General de la Carrera Nombre de la carrera:\u00a0\u00a0\u00a0\u00a0\u00a0\u00a0\u00a0\u00a0\u00a0\u00a0\u00a0\u00a0\u00a0\u00a0\u00a0\u00a0\u00a0\u00a0\u00a0\u00a0\u00a0\u00a0\u00a0 Educaci\u00f3n Inicial biling\u00fce \u00a0 \u00a0 \u00a0 \u00a0 \u00a0 \u00a0 \u00a0 \u00a0 \u00a0 \u00a0 \u00a0 \u00a0Titulaci\u00f3n:\u00a0\u00a0\u00a0\u00a0\u00a0\u00a0\u00a0\u00a0\u00a0\u00a0\u00a0\u00a0\u00a0\u00a0\u00a0\u00a0\u00a0\u00a0\u00a0\u00a0\u00a0\u00a0\u00a0\u00a0\u00a0\u00a0\u00a0\u00a0\u00a0\u00a0\u00a0\u00a0\u00a0\u00a0\u00a0\u00a0\u00a0\u00a0\u00a0\u00a0\u00a0\u00a0\u00a0 Licenciado\/a en [&hellip;]<\/p>\n","protected":false},"author":7,"featured_media":0,"parent":0,"menu_order":0,"comment_status":"closed","ping_status":"closed","template":"","meta":{"_acf_changed":false,"footnotes":""},"class_list":["post-1485","page","type-page","status-publish","hentry"],"acf":[],"_links":{"self":[{"href":"https:\/\/carreras.uleam.edu.ec\/facultad-de-educacion-turismo-artes-y-humanidades\/wp-json\/wp\/v2\/pages\/1485","targetHints":{"allow":["GET"]}}],"collection":[{"href":"https:\/\/carreras.uleam.edu.ec\/facultad-de-educacion-turismo-artes-y-humanidades\/wp-json\/wp\/v2\/pages"}],"about":[{"href":"https:\/\/carreras.uleam.edu.ec\/facultad-de-educacion-turismo-artes-y-humanidades\/wp-json\/wp\/v2\/types\/page"}],"author":[{"embeddable":true,"href":"https:\/\/carreras.uleam.edu.ec\/facultad-de-educacion-turismo-artes-y-humanidades\/wp-json\/wp\/v2\/users\/7"}],"replies":[{"embeddable":true,"href":"https:\/\/carreras.uleam.edu.ec\/facultad-de-educacion-turismo-artes-y-humanidades\/wp-json\/wp\/v2\/comments?post=1485"}],"version-history":[{"count":14,"href":"https:\/\/carreras.uleam.edu.ec\/facultad-de-educacion-turismo-artes-y-humanidades\/wp-json\/wp\/v2\/pages\/1485\/revisions"}],"predecessor-version":[{"id":1908,"href":"https:\/\/carreras.uleam.edu.ec\/facultad-de-educacion-turismo-artes-y-humanidades\/wp-json\/wp\/v2\/pages\/1485\/revisions\/1908"}],"wp:attachment":[{"href":"https:\/\/carreras.uleam.edu.ec\/facultad-de-educacion-turismo-artes-y-humanidades\/wp-json\/wp\/v2\/media?parent=1485"}],"curies":[{"name":"wp","href":"https:\/\/api.w.org\/{rel}","templated":true}]}}