{"id":21,"date":"2022-09-09T01:35:51","date_gmt":"2022-09-09T01:35:51","guid":{"rendered":"https:\/\/carreras.uleam.edu.ec\/facultad-de-educacion-turismo-artes-y-humanidades\/?page_id=21"},"modified":"2025-07-04T17:00:45","modified_gmt":"2025-07-04T22:00:45","slug":"carrera-de-educacion-basica","status":"publish","type":"page","link":"https:\/\/carreras.uleam.edu.ec\/facultad-de-educacion-turismo-artes-y-humanidades\/carrera-de-educacion-basica\/","title":{"rendered":"Carrera Educaci\u00f3n B\u00e1sica"},"content":{"rendered":"\t\t<div data-elementor-type=\"wp-page\" data-elementor-id=\"21\" class=\"elementor elementor-21\" data-elementor-settings=\"[]\">\n\t\t\t\t\t\t\t<div class=\"elementor-section-wrap\">\n\t\t\t\t\t\t\t<section class=\"elementor-section elementor-top-section elementor-element elementor-element-6353729 elementor-section-boxed elementor-section-height-default elementor-section-height-default\" data-id=\"6353729\" data-element_type=\"section\">\n\t\t\t\t\t\t<div class=\"elementor-container elementor-column-gap-default\">\n\t\t\t\t\t<div class=\"elementor-column elementor-col-100 elementor-top-column elementor-element elementor-element-9bad1fb\" data-id=\"9bad1fb\" data-element_type=\"column\">\n\t\t\t<div class=\"elementor-widget-wrap elementor-element-populated\">\n\t\t\t\t\t\t\t\t<div class=\"elementor-element elementor-element-0cef53e elementor-tabs-view-horizontal elementor-widget elementor-widget-tabs\" data-id=\"0cef53e\" data-element_type=\"widget\" data-widget_type=\"tabs.default\">\n\t\t\t\t<div class=\"elementor-widget-container\">\n\t\t\t\t\t<div class=\"elementor-tabs\">\n\t\t\t<div class=\"elementor-tabs-wrapper\" role=\"tablist\" >\n\t\t\t\t\t\t\t\t\t<div id=\"elementor-tab-title-1351\" class=\"elementor-tab-title elementor-tab-desktop-title\" aria-selected=\"true\" data-tab=\"1\" role=\"tab\" tabindex=\"0\" aria-controls=\"elementor-tab-content-1351\" aria-expanded=\"false\">Misi\u00f3n y Visi\u00f3n <\/div>\n\t\t\t\t\t\t\t\t\t<div id=\"elementor-tab-title-1352\" class=\"elementor-tab-title elementor-tab-desktop-title\" aria-selected=\"false\" data-tab=\"2\" role=\"tab\" tabindex=\"-1\" aria-controls=\"elementor-tab-content-1352\" aria-expanded=\"false\">Descripci\u00f3n General de la Carrera<\/div>\n\t\t\t\t\t\t\t\t\t<div id=\"elementor-tab-title-1353\" class=\"elementor-tab-title elementor-tab-desktop-title\" aria-selected=\"false\" data-tab=\"3\" role=\"tab\" tabindex=\"-1\" aria-controls=\"elementor-tab-content-1353\" aria-expanded=\"false\">Malla Curricular<\/div>\n\t\t\t\t\t\t\t\t\t<div id=\"elementor-tab-title-1354\" class=\"elementor-tab-title elementor-tab-desktop-title\" aria-selected=\"false\" data-tab=\"4\" role=\"tab\" tabindex=\"-1\" aria-controls=\"elementor-tab-content-1354\" aria-expanded=\"false\">Docentes<\/div>\n\t\t\t\t\t\t\t\t\t<div id=\"elementor-tab-title-1355\" class=\"elementor-tab-title elementor-tab-desktop-title\" aria-selected=\"false\" data-tab=\"5\" role=\"tab\" tabindex=\"-1\" aria-controls=\"elementor-tab-content-1355\" aria-expanded=\"false\">Datos Generales<\/div>\n\t\t\t\t\t\t\t\t\t<div id=\"elementor-tab-title-1356\" class=\"elementor-tab-title elementor-tab-desktop-title\" aria-selected=\"false\" data-tab=\"6\" role=\"tab\" tabindex=\"-1\" aria-controls=\"elementor-tab-content-1356\" aria-expanded=\"false\">Gesti\u00f3n y Proceso Estudiantil<\/div>\n\t\t\t\t\t\t\t<\/div>\n\t\t\t<div class=\"elementor-tabs-content-wrapper\" role=\"tablist\" aria-orientation=\"vertical\">\n\t\t\t\t\t\t\t\t\t<div class=\"elementor-tab-title elementor-tab-mobile-title\" aria-selected=\"true\" data-tab=\"1\" role=\"tab\" tabindex=\"0\" aria-controls=\"elementor-tab-content-1351\" aria-expanded=\"false\">Misi\u00f3n y Visi\u00f3n <\/div>\n\t\t\t\t\t<div id=\"elementor-tab-content-1351\" class=\"elementor-tab-content elementor-clearfix\" data-tab=\"1\" role=\"tabpanel\" aria-labelledby=\"elementor-tab-title-1351\" tabindex=\"0\" hidden=\"false\"><p style=\"text-align: justify\"><span style=\"text-decoration: underline\">MISI\u00d3N<\/span><\/p><p style=\"text-align: justify\">Formar profesionales en docencia para la Educaci\u00f3n B\u00e1sica, desde el enfoque socio humanista, con pensamiento cr\u00edtico, reflexivo y creativo que, a partir de la investigaci\u00f3n y vinculaci\u00f3n, aporta con soluciones a los problemas y necesidades de los educandos<\/p><p style=\"text-align: justify\"><span style=\"text-decoration: underline\"><strong>VISI\u00d3N<\/strong><\/span><\/p><p style=\"text-align: justify\">Ser una carrera l\u00edder en la formaci\u00f3n de profesionales en docencia para la Educaci\u00f3n B\u00e1sica que contribuya a la innovaci\u00f3n e inclusi\u00f3n educativa, a partir de la investigaci\u00f3n y la vinculaci\u00f3n.<\/p><\/div>\n\t\t\t\t\t\t\t\t\t<div class=\"elementor-tab-title elementor-tab-mobile-title\" aria-selected=\"false\" data-tab=\"2\" role=\"tab\" tabindex=\"-1\" aria-controls=\"elementor-tab-content-1352\" aria-expanded=\"false\">Descripci\u00f3n General de la Carrera<\/div>\n\t\t\t\t\t<div id=\"elementor-tab-content-1352\" class=\"elementor-tab-content elementor-clearfix\" data-tab=\"2\" role=\"tabpanel\" aria-labelledby=\"elementor-tab-title-1352\" tabindex=\"0\" hidden=\"hidden\"><p style=\"text-align: justify\">Carrera:\u00a0 \u00a0 \u00a0 \u00a0 \u00a0 \u00a0 \u00a0 \u00a0 \u00a0 \u00a0 \u00a0 \u00a0 \u00a0 \u00a0 \u00a0 \u00a0 \u00a0 \u00a0 \u00a0 \u00a0 \u00a0\u00a0 Educaci\u00f3n B\u00e1sica<br \/>T\u00edtulo que otorga:\u00a0 \u00a0 \u00a0 \u00a0 \u00a0 \u00a0 \u00a0 \u00a0 \u00a0 \u00a0 \u00a0 \u00a0 \u00a0 Licenciado en Ciencias de la Educaci\u00f3n B\u00e1sica<br \/>Modalidad de aprendizaje:\u00a0 \u00a0 \u00a0 \u00a0 \u00a0 Presencial<br \/>N\u00famero de per\u00edodos ordinarios: Ocho (8) per\u00edodos acad\u00e9micos<\/p><p style=\"text-align: justify\"><span style=\"text-decoration: underline\">Objetivo general:<\/span><\/p><p style=\"text-align: justify\">Formar docentes a nivel de grado, desde el humanismo social, que se desempe\u00f1en en la Educaci\u00f3n B\u00e1sica, comprometidos con la investigaci\u00f3n, vinculaci\u00f3n, interculturalidad e inclusi\u00f3n; coherentes con los principios del buen vivir<\/p><p style=\"text-align: justify\"><span style=\"text-decoration: underline\">Perfil de ingreso:<\/span><\/p><ol style=\"text-align: justify\"><li><strong>\u00a0<\/strong>Poseer t\u00edtulo de bachiller o su equivalente, de conformidad con la Ley; y<\/li><li>Haber cumplido los requisitos normados por el Sistema de Nivelaci\u00f3n y Admisi\u00f3n, el mismo que observar\u00e1 los principios de igualdad de oportunidades, m\u00e9rito y capacidad<\/li><\/ol><p style=\"text-align: justify\"><span style=\"text-decoration: underline\">Requisitos de ingreso:<\/span><\/p><p style=\"text-align: justify\">Los requisitos de ingreso ser\u00e1n los contemplados en el Art\u00edculo 13 del Reglamento de R\u00e9gimen Acad\u00e9mico, cuyo texto dice:<\/p><p style=\"padding-left: 40px;text-align: justify\"><em><span style=\"text-decoration: underline\">Ingreso a tercer nivel<\/span>.- Para el ingreso al tercer nivel, se requiere poseer t\u00edtulo de bachiller o su equivalente, de conformidad con la Ley\u2026 <\/em><\/p><p style=\"padding-left: 40px;text-align: justify\"><em>En el caso de las IES p\u00fablicas, haber cumplido los requisitos normados por el Sistema de Nivelaci\u00f3n y Admisi\u00f3n que observar\u00e1 los principios de igualdad de oportunidades, libertad de elecci\u00f3n de carrera y de m\u00e9ritos.<\/em><\/p><p style=\"padding-left: 40px;text-align: justify\"><em>Las IES aceptar\u00e1n los t\u00edtulos de bachiller obtenidos en el extranjero, reconocidos o equiparados por el Ministerio de Educaci\u00f3n. Para tal efecto, las IES podr\u00e1n implementar plazos especiales para la presentaci\u00f3n de la documentaci\u00f3n, que contemplen el tiempo que el Ministerio de Educaci\u00f3n requiere para el reconocimiento o equiparaci\u00f3n de estos estudios.<\/em><\/p><p style=\"text-align: justify\">Los mismos que se encuentran en concordancia con el Art\u00edculo 82 de la LOES.<\/p><p style=\"text-align: justify\"><span style=\"text-decoration: underline\">Requisitos de graduaci\u00f3n:<\/span><\/p><ul style=\"text-align: justify\"><li>&#8211; Aprobar la malla curricular<\/li><li>&#8211; Certificaci\u00f3n de Nivel B1 de dominio de una lengua extranjera<\/li><li>&#8211; Aprobaci\u00f3n del trabajo de titulaci\u00f3n.<\/li><\/ul><p style=\"text-align: justify\"><span style=\"text-decoration: underline\">Modalidades de titulaci\u00f3n:<\/span><\/p><ul style=\"text-align: justify\"><li>&#8211; Proyecto de Investigaci\u00f3n<\/li><li>&#8211; Sistematizaci\u00f3n de experiencias pr\u00e1cticas de investigaci\u00f3n y\/o intervenci\u00f3n.<\/li><\/ul><p style=\"text-align: justify\"><span style=\"text-decoration: underline\">Perfil de egreso:<\/span><\/p><ol style=\"text-align: justify\"><li>Emplear los principios pedag\u00f3gicos y psicol\u00f3gicos que orientan la aplicaci\u00f3n de modelos educativos para la organizaci\u00f3n del proceso de ense\u00f1anza y aprendizaje.<\/li><\/ol><ol style=\"text-align: justify\" start=\"2\"><li>Desempe\u00f1ar su profesi\u00f3n de manera efectiva en entornos virtuales, utilizando herramientas digitales y tecnol\u00f3gicas para comunicarse y colaborar con colegas y estudiantes.<\/li><\/ol><ol style=\"text-align: justify\" start=\"3\"><li>Identificar situaciones educativas que requieren intervenci\u00f3n para reducir su impacto sobre el aprendizaje y desarrollo integral del educando.<\/li><\/ol><ol style=\"text-align: justify\" start=\"4\"><li>Integrar en el proceso educativo el uso de las TIC y recursos convencionales, para el desarrollo de aprendizajes significativos.<\/li><\/ol><ol style=\"text-align: justify\" start=\"5\"><li>Planificar y ejecutar el curr\u00edculo escolar integrando las tecnolog\u00edas en entornos educativos inclusivos.<\/li><\/ol><ol style=\"text-align: justify\" start=\"6\"><li>Evaluar la pr\u00e1ctica educativa y el progreso de los estudiantes, adaptando y mejorando los procesos en funci\u00f3n de las diferencias individuales.<\/li><\/ol><ol style=\"text-align: justify\" start=\"7\"><li>Innovar estrategias, recursos did\u00e1cticos y metodol\u00f3gicos en la diversidad de contextos y ambientes de aprendizaje.<\/li><\/ol><ol style=\"text-align: justify\" start=\"8\"><li>Resolver problemas educativos mediante la investigaci\u00f3n-acci\u00f3n, desarrollando la capacidad de prevenci\u00f3n de futuras situaciones.<\/li><\/ol><ol style=\"text-align: justify\" start=\"9\"><li>Demostrar en la pr\u00e1ctica docente principios \u00e9ticos y profesionales, incorporando procesos de reflexi\u00f3n en la acci\u00f3n y la aplicaci\u00f3n, fundamentados en la normativa y en el sistema de valores universales.<\/li><\/ol><ol start=\"10\"><li style=\"text-align: justify\">Demostrar capacidad de comunicaci\u00f3n efectiva, empat\u00eda y trabajo en equipo para la resoluci\u00f3n de problemas y la toma de decisiones.<\/li><\/ol><\/div>\n\t\t\t\t\t\t\t\t\t<div class=\"elementor-tab-title elementor-tab-mobile-title\" aria-selected=\"false\" data-tab=\"3\" role=\"tab\" tabindex=\"-1\" aria-controls=\"elementor-tab-content-1353\" aria-expanded=\"false\">Malla Curricular<\/div>\n\t\t\t\t\t<div id=\"elementor-tab-content-1353\" class=\"elementor-tab-content elementor-clearfix\" data-tab=\"3\" role=\"tabpanel\" aria-labelledby=\"elementor-tab-title-1353\" tabindex=\"0\" hidden=\"hidden\"><p><a href=\"https:\/\/carreras.uleam.edu.ec\/facultad-de-educacion-turismo-artes-y-humanidades\/wp-content\/uploads\/sites\/75\/2024\/07\/Malla_Educacion_Basica_A-2023.pdf\" target=\"_blank\" rel=\"noopener\"><img loading=\"lazy\" decoding=\"async\" class=\"alignnone wp-image-1461 size-large\" src=\"https:\/\/carreras.uleam.edu.ec\/facultad-de-educacion-turismo-artes-y-humanidades\/wp-content\/uploads\/sites\/75\/2024\/07\/malla-basica-1024x713.png\" alt=\"\" width=\"1024\" height=\"713\" srcset=\"https:\/\/carreras.uleam.edu.ec\/facultad-de-educacion-turismo-artes-y-humanidades\/wp-content\/uploads\/sites\/75\/2024\/07\/malla-basica-1024x713.png 1024w, https:\/\/carreras.uleam.edu.ec\/facultad-de-educacion-turismo-artes-y-humanidades\/wp-content\/uploads\/sites\/75\/2024\/07\/malla-basica-300x209.png 300w, https:\/\/carreras.uleam.edu.ec\/facultad-de-educacion-turismo-artes-y-humanidades\/wp-content\/uploads\/sites\/75\/2024\/07\/malla-basica-768x534.png 768w, https:\/\/carreras.uleam.edu.ec\/facultad-de-educacion-turismo-artes-y-humanidades\/wp-content\/uploads\/sites\/75\/2024\/07\/malla-basica-1536x1069.png 1536w, https:\/\/carreras.uleam.edu.ec\/facultad-de-educacion-turismo-artes-y-humanidades\/wp-content\/uploads\/sites\/75\/2024\/07\/malla-basica-2048x1425.png 2048w\" sizes=\"auto, (max-width: 1024px) 100vw, 1024px\" \/><\/a><\/p><\/div>\n\t\t\t\t\t\t\t\t\t<div class=\"elementor-tab-title elementor-tab-mobile-title\" aria-selected=\"false\" data-tab=\"4\" role=\"tab\" tabindex=\"-1\" aria-controls=\"elementor-tab-content-1354\" aria-expanded=\"false\">Docentes<\/div>\n\t\t\t\t\t<div id=\"elementor-tab-content-1354\" class=\"elementor-tab-content elementor-clearfix\" data-tab=\"4\" role=\"tabpanel\" aria-labelledby=\"elementor-tab-title-1354\" tabindex=\"0\" hidden=\"hidden\"><ul><li>Mgtr. \u00c1lava Naranjo Marjorie Karina<\/li><li>Mgtr. \u00c1vila Poveda Elvis Tito<\/li><li>Mgtr. Mendoza Moreira Francisco Samuel<\/li><li>Mgtr. Mero Alc\u00edvar Erick Daniel<\/li><li>Mgtr. Mu\u00f1oz Murillo Patricia Jackeline<\/li><li>Mgtr. Ordo\u00f1ez Valencia Esther Ver\u00f3nica<\/li><li>Mgtr. Pincay Quintero Emma Narcisa<\/li><li>Mgtr. Roca Piloso Pedro Manuel<\/li><li>Mgtr. Rodr\u00edguez Mera Liliana Hipatia<\/li><li>Mgtr. Sacoto Loor Rosa Jhesenia<\/li><li>Mgtr. Zambrano Ch\u00e1vez Diana Dolores<\/li><li>Mgtr. Ch\u00e1vez C\u00f3rdova Tannia Aytamira<\/li><\/ul><\/div>\n\t\t\t\t\t\t\t\t\t<div class=\"elementor-tab-title elementor-tab-mobile-title\" aria-selected=\"false\" data-tab=\"5\" role=\"tab\" tabindex=\"-1\" aria-controls=\"elementor-tab-content-1355\" aria-expanded=\"false\">Datos Generales<\/div>\n\t\t\t\t\t<div id=\"elementor-tab-content-1355\" class=\"elementor-tab-content elementor-clearfix\" data-tab=\"5\" role=\"tabpanel\" aria-labelledby=\"elementor-tab-title-1355\" tabindex=\"0\" hidden=\"hidden\"><ul><li style=\"text-align: center\">Dra. Diana Zambrano Ch\u00e1vez, Mgtr.<\/li><li style=\"text-align: center\">DIRECTORA DE CARRERA<\/li><li style=\"text-align: center\"><p><a href=\"mailto:diana.zambrano@uleam.edu.ec\">diana.zambrano@uleam.edu.ec<\/a><\/p><\/li><\/ul><hr \/><ul><li style=\"text-align: center\">Octaviana Monserrate Guti\u00e9rrez Cede\u00f1o<\/li><li style=\"text-align: center\">SECRETARIA DE CARRERA<\/li><li style=\"text-align: center\"><a href=\"mailto:octaviana.gutierrez@uleam.edu.ec\">octaviana.gutierrez@uleam.edu.ec<\/a><\/li><li style=\"text-align: center\">Horarios: Lunes a viernes<\/li><\/ul><hr \/><ul><li style=\"text-align: center\">HORARIO DE ATENCI\u00d3N<\/li><li style=\"text-align: center\">DE LUNES A VIERNES\u00a0<\/li><li style=\"text-align: center\">08:00 a 13:00 y de 14:00 a 17:00<\/li><li style=\"text-align: center\">\u00a0<\/li><\/ul><\/div>\n\t\t\t\t\t\t\t\t\t<div class=\"elementor-tab-title elementor-tab-mobile-title\" aria-selected=\"false\" data-tab=\"6\" role=\"tab\" tabindex=\"-1\" aria-controls=\"elementor-tab-content-1356\" aria-expanded=\"false\">Gesti\u00f3n y Proceso Estudiantil<\/div>\n\t\t\t\t\t<div id=\"elementor-tab-content-1356\" class=\"elementor-tab-content elementor-clearfix\" data-tab=\"6\" role=\"tabpanel\" aria-labelledby=\"elementor-tab-title-1356\" tabindex=\"0\" hidden=\"hidden\"><ul><li>\u21d2 <a href=\"https:\/\/uleam-my.sharepoint.com\/:f:\/g\/personal\/diana_zambrano_uleam_edu_ec\/EnXqT-9u219CtUxn8bGu7voBmxBCEDz6KdfOI2XS48E-pw?e=Fe1FTR\" target=\"_blank\" rel=\"noopener\">S\u00edlabos 2024<\/a><\/li><li>\u21d2 <a href=\"https:\/\/uleam-my.sharepoint.com\/:f:\/g\/personal\/diana_zambrano_uleam_edu_ec\/Elkqzf_cij9LlWCf_31eb0UBTNUAPF4kPT3ZoK1Uw0UzPw?e=Jm2T2U\" target=\"_blank\" rel=\"noopener\">S\u00edlabos 2025 &#8211; 1<\/a><\/li><li>\u21d2\u00a0Pr\u00e1cticas Pre-profesionales<\/li><li>\u21d2 C<a href=\"https:\/\/carreras.uleam.edu.ec\/facultad-de-educacion-turismo-artes-y-humanidades\/wp-content\/uploads\/sites\/75\/2023\/05\/COMISIONES.pdf\" target=\"_blank\" rel=\"noopener\">omisiones\u00a0<\/a><\/li><li>\u21d2 <a href=\"https:\/\/departamentos.uleam.edu.ec\/gestion-aseguramiento-calidad\/2019\/04\/08\/matricula\/\">Matr\u00edcula<\/a><\/li><li>\u21d2 <a href=\"https:\/\/departamentos.uleam.edu.ec\/gestion-aseguramiento-calidad\/reingreso-de-estudiantes\/\">Reingreso de estudiantes<\/a><\/li><li>\u21d2 <a href=\"https:\/\/departamentos.uleam.edu.ec\/gestion-aseguramiento-calidad\/homologacion-de-estudios-por-analisis-comparativo-de-contenidos\/\">Homologaci\u00f3n de Estudios por An\u00e1lisis Comparativo de Contenidos<\/a><\/li><\/ul><\/div>\n\t\t\t\t\t\t\t<\/div>\n\t\t<\/div>\n\t\t\t\t<\/div>\n\t\t\t\t<\/div>\n\t\t\t\t\t<\/div>\n\t\t<\/div>\n\t\t\t\t\t\t\t<\/div>\n\t\t<\/section>\n\t\t\t\t\t\t<\/div>\n\t\t\t\t\t<\/div>\n\t\t","protected":false},"excerpt":{"rendered":"<p>Misi\u00f3n y Visi\u00f3n Descripci\u00f3n General de la Carrera Malla Curricular Docentes Datos Generales Gesti\u00f3n y Proceso Estudiantil Misi\u00f3n y Visi\u00f3n MISI\u00d3N Formar profesionales en docencia para la Educaci\u00f3n B\u00e1sica, desde el enfoque socio humanista, con pensamiento cr\u00edtico, reflexivo y creativo [&hellip;]<\/p>\n","protected":false},"author":7,"featured_media":0,"parent":0,"menu_order":0,"comment_status":"closed","ping_status":"closed","template":"","meta":{"_acf_changed":false,"footnotes":""},"class_list":["post-21","page","type-page","status-publish","hentry"],"acf":[],"_links":{"self":[{"href":"https:\/\/carreras.uleam.edu.ec\/facultad-de-educacion-turismo-artes-y-humanidades\/wp-json\/wp\/v2\/pages\/21","targetHints":{"allow":["GET"]}}],"collection":[{"href":"https:\/\/carreras.uleam.edu.ec\/facultad-de-educacion-turismo-artes-y-humanidades\/wp-json\/wp\/v2\/pages"}],"about":[{"href":"https:\/\/carreras.uleam.edu.ec\/facultad-de-educacion-turismo-artes-y-humanidades\/wp-json\/wp\/v2\/types\/page"}],"author":[{"embeddable":true,"href":"https:\/\/carreras.uleam.edu.ec\/facultad-de-educacion-turismo-artes-y-humanidades\/wp-json\/wp\/v2\/users\/7"}],"replies":[{"embeddable":true,"href":"https:\/\/carreras.uleam.edu.ec\/facultad-de-educacion-turismo-artes-y-humanidades\/wp-json\/wp\/v2\/comments?post=21"}],"version-history":[{"count":91,"href":"https:\/\/carreras.uleam.edu.ec\/facultad-de-educacion-turismo-artes-y-humanidades\/wp-json\/wp\/v2\/pages\/21\/revisions"}],"predecessor-version":[{"id":1948,"href":"https:\/\/carreras.uleam.edu.ec\/facultad-de-educacion-turismo-artes-y-humanidades\/wp-json\/wp\/v2\/pages\/21\/revisions\/1948"}],"wp:attachment":[{"href":"https:\/\/carreras.uleam.edu.ec\/facultad-de-educacion-turismo-artes-y-humanidades\/wp-json\/wp\/v2\/media?parent=21"}],"curies":[{"name":"wp","href":"https:\/\/api.w.org\/{rel}","templated":true}]}}