{"id":23,"date":"2022-09-09T01:36:38","date_gmt":"2022-09-09T01:36:38","guid":{"rendered":"https:\/\/carreras.uleam.edu.ec\/facultad-de-educacion-turismo-artes-y-humanidades\/?page_id=23"},"modified":"2025-05-07T15:23:23","modified_gmt":"2025-05-07T20:23:23","slug":"carrera-de-educacion-inicial","status":"publish","type":"page","link":"https:\/\/carreras.uleam.edu.ec\/facultad-de-educacion-turismo-artes-y-humanidades\/carrera-de-educacion-inicial\/","title":{"rendered":"Carrera Educaci\u00f3n Inicial"},"content":{"rendered":"\t\t<div data-elementor-type=\"wp-page\" data-elementor-id=\"23\" class=\"elementor elementor-23\" data-elementor-settings=\"[]\">\n\t\t\t\t\t\t\t<div class=\"elementor-section-wrap\">\n\t\t\t\t\t\t\t<section class=\"elementor-section elementor-top-section elementor-element elementor-element-1b3417c elementor-section-boxed elementor-section-height-default elementor-section-height-default\" data-id=\"1b3417c\" data-element_type=\"section\">\n\t\t\t\t\t\t<div class=\"elementor-container elementor-column-gap-default\">\n\t\t\t\t\t<div class=\"elementor-column elementor-col-100 elementor-top-column elementor-element elementor-element-632429b\" data-id=\"632429b\" data-element_type=\"column\">\n\t\t\t<div class=\"elementor-widget-wrap elementor-element-populated\">\n\t\t\t\t\t\t\t\t<div class=\"elementor-element elementor-element-7db2f60 elementor-tabs-view-horizontal elementor-widget elementor-widget-tabs\" data-id=\"7db2f60\" data-element_type=\"widget\" data-widget_type=\"tabs.default\">\n\t\t\t\t<div class=\"elementor-widget-container\">\n\t\t\t\t\t<div class=\"elementor-tabs\">\n\t\t\t<div class=\"elementor-tabs-wrapper\" role=\"tablist\" >\n\t\t\t\t\t\t\t\t\t<div id=\"elementor-tab-title-1311\" class=\"elementor-tab-title elementor-tab-desktop-title\" aria-selected=\"true\" data-tab=\"1\" role=\"tab\" tabindex=\"0\" aria-controls=\"elementor-tab-content-1311\" aria-expanded=\"false\">Bienvenidos<\/div>\n\t\t\t\t\t\t\t\t\t<div id=\"elementor-tab-title-1312\" class=\"elementor-tab-title elementor-tab-desktop-title\" aria-selected=\"false\" data-tab=\"2\" role=\"tab\" tabindex=\"-1\" aria-controls=\"elementor-tab-content-1312\" aria-expanded=\"false\">Misi\u00f3n y Visi\u00f3n <\/div>\n\t\t\t\t\t\t\t\t\t<div id=\"elementor-tab-title-1313\" class=\"elementor-tab-title elementor-tab-desktop-title\" aria-selected=\"false\" data-tab=\"3\" role=\"tab\" tabindex=\"-1\" aria-controls=\"elementor-tab-content-1313\" aria-expanded=\"false\">Descripci\u00f3n general de la Carrera<\/div>\n\t\t\t\t\t\t\t\t\t<div id=\"elementor-tab-title-1314\" class=\"elementor-tab-title elementor-tab-desktop-title\" aria-selected=\"false\" data-tab=\"4\" role=\"tab\" tabindex=\"-1\" aria-controls=\"elementor-tab-content-1314\" aria-expanded=\"false\">Malla<\/div>\n\t\t\t\t\t\t\t\t\t<div id=\"elementor-tab-title-1315\" class=\"elementor-tab-title elementor-tab-desktop-title\" aria-selected=\"false\" data-tab=\"5\" role=\"tab\" tabindex=\"-1\" aria-controls=\"elementor-tab-content-1315\" aria-expanded=\"false\">Datos generales<\/div>\n\t\t\t\t\t\t\t\t\t<div id=\"elementor-tab-title-1316\" class=\"elementor-tab-title elementor-tab-desktop-title\" aria-selected=\"false\" data-tab=\"6\" role=\"tab\" tabindex=\"-1\" aria-controls=\"elementor-tab-content-1316\" aria-expanded=\"false\">Funciones Sustantivas<\/div>\n\t\t\t\t\t\t\t\t\t<div id=\"elementor-tab-title-1317\" class=\"elementor-tab-title elementor-tab-desktop-title\" aria-selected=\"false\" data-tab=\"7\" role=\"tab\" tabindex=\"-1\" aria-controls=\"elementor-tab-content-1317\" aria-expanded=\"false\">Eventos<\/div>\n\t\t\t\t\t\t\t<\/div>\n\t\t\t<div class=\"elementor-tabs-content-wrapper\" role=\"tablist\" aria-orientation=\"vertical\">\n\t\t\t\t\t\t\t\t\t<div class=\"elementor-tab-title elementor-tab-mobile-title\" aria-selected=\"true\" data-tab=\"1\" role=\"tab\" tabindex=\"0\" aria-controls=\"elementor-tab-content-1311\" aria-expanded=\"false\">Bienvenidos<\/div>\n\t\t\t\t\t<div id=\"elementor-tab-content-1311\" class=\"elementor-tab-content elementor-clearfix\" data-tab=\"1\" role=\"tabpanel\" aria-labelledby=\"elementor-tab-title-1311\" tabindex=\"0\" hidden=\"false\"><p><iframe loading=\"lazy\" title=\"CARRERA EDUCACI\u00d3N  INICIAL\" width=\"500\" height=\"281\" src=\"https:\/\/www.youtube.com\/embed\/Tt8ueCCWfkY?feature=oembed\" frameborder=\"0\" allow=\"accelerometer; autoplay; clipboard-write; encrypted-media; gyroscope; picture-in-picture; web-share\" referrerpolicy=\"strict-origin-when-cross-origin\" allowfullscreen><\/iframe><\/p><\/div>\n\t\t\t\t\t\t\t\t\t<div class=\"elementor-tab-title elementor-tab-mobile-title\" aria-selected=\"false\" data-tab=\"2\" role=\"tab\" tabindex=\"-1\" aria-controls=\"elementor-tab-content-1312\" aria-expanded=\"false\">Misi\u00f3n y Visi\u00f3n <\/div>\n\t\t\t\t\t<div id=\"elementor-tab-content-1312\" class=\"elementor-tab-content elementor-clearfix\" data-tab=\"2\" role=\"tabpanel\" aria-labelledby=\"elementor-tab-title-1312\" tabindex=\"0\" hidden=\"hidden\"><p>MISI\u00d3N<\/p><p style=\"text-align: justify\">La Carrera de Educaci\u00f3n Inicial forma profesionales humanistas, competentes, y comprometidos con la docencia, investigaci\u00f3n, vinculaci\u00f3n e inclusi\u00f3n, para el desarrollo integral del ni\u00f1o, como respuesta al fortalecimiento de la sociedad ecuatoriana.<\/p><p>VISI\u00d3N<\/p><p>La carrera de Educaci\u00f3n Inicial ser\u00e1 referente en la formaci\u00f3n integral de profesionales de la primera infancia, al servicio de la atenci\u00f3n y educaci\u00f3n al ni\u00f1o, la familia y comunidad, con liderazgo, responsabilidad social y proyecci\u00f3n nacional e internacional.<\/p><\/div>\n\t\t\t\t\t\t\t\t\t<div class=\"elementor-tab-title elementor-tab-mobile-title\" aria-selected=\"false\" data-tab=\"3\" role=\"tab\" tabindex=\"-1\" aria-controls=\"elementor-tab-content-1313\" aria-expanded=\"false\">Descripci\u00f3n general de la Carrera<\/div>\n\t\t\t\t\t<div id=\"elementor-tab-content-1313\" class=\"elementor-tab-content elementor-clearfix\" data-tab=\"3\" role=\"tabpanel\" aria-labelledby=\"elementor-tab-title-1313\" tabindex=\"0\" hidden=\"hidden\"><p>Carrera:\u00a0 \u00a0 \u00a0 \u00a0 \u00a0 \u00a0 \u00a0 \u00a0 \u00a0 \u00a0 \u00a0 \u00a0 \u00a0 \u00a0 \u00a0 \u00a0 \u00a0 \u00a0EDUCACI\u00d3N INICIAL<br \/>T\u00edtulo que otorga:\u00a0 \u00a0 \u00a0 \u00a0 \u00a0 \u00a0 \u00a0 \u00a0 \u00a0 Licenciado en Ciencias de la Educaci\u00f3n Inicial<br \/>Modalidad de aprendizaje:\u00a0\u00a0Presencial<br \/>N\u00famero de per\u00edodos:\u00a0 \u00a0 \u00a0 \u00a0 \u00a0 \u00a0 Ocho (8) per\u00edodos acad\u00e9micos<\/p><p style=\"text-align: justify\"><span style=\"text-decoration: underline\">Objetivo general:<\/span><\/p><p style=\"text-align: justify\">Formar profesionales eficientes y eficaces al servicio de la Educaci\u00f3n Inicial, comprometidos con la investigaci\u00f3n, vinculaci\u00f3n, interculturalidad e inclusi\u00f3n coherentes con los principios del buen vivir.<\/p><p style=\"text-align: justify\"><span style=\"text-decoration: underline\">Perfil de ingreso:<\/span><\/p><p style=\"text-align: justify\">El aspirante a la carrera de Educaci\u00f3n Inicial deber\u00e1:<\/p><ul style=\"text-align: justify\"><li>&#8211; Tener conocimientos b\u00e1sicos de las ciencias sociales.<\/li><li>&#8211; Comunicarse en la lengua materna, utilizando los diferentes tipos de lenguaje.<\/li><li>&#8211; Utilizar de manera eficiente las diferentes formas de pensamiento: anal\u00edtico, sist\u00e9mico, deductivo, argumentativo, cr\u00edtico y creativo en la soluci\u00f3n de problemas.<\/li><li>&#8211; Trabajar en equipos con diversidad cultural y social.<\/li><li>&#8211; Utilizar la tecnolog\u00eda como soporte de sus procesos de aprendizaje.<\/li><li>&#8211; Demostrar inter\u00e9s por su auto preparaci\u00f3n y formaci\u00f3n profesional.<\/li><li>&#8211; Evidenciar equilibrio emocional e higiene mental.<\/li><\/ul><p style=\"text-align: justify\"><span style=\"text-decoration: underline\">Requisitos de ingreso:<\/span><\/p><ul style=\"text-align: justify\"><li>&#8211; T\u00edtulo de bachiller o su equivalente debidamente reconocido por el Ministerio de Educaci\u00f3n.<\/li><li>&#8211; Haber aprobado el curso de nivelaci\u00f3n del SNNA o haber superado la prueba Exonera de acuerdo al reglamento establecido.<\/li><li>&#8211; C\u00e9dula de ciudadan\u00eda o pasaporte vigente con las regulaciones para su estancia.<\/li><\/ul><p style=\"text-align: justify\"><span style=\"text-decoration: underline\">Requisitos de graduaci\u00f3n:<\/span><\/p><ul style=\"text-align: justify\"><li>&#8211; Haber aprobado los componentes de la malla curricular.<\/li><li>&#8211; Haber sido aprobado en una de las modalidades de titulaci\u00f3n de la carrera.<\/li><li>&#8211; Demostrar suficiencia de dominio a nivel MCERL \u2013 B1.<\/li><\/ul><p style=\"text-align: justify\"><span style=\"text-decoration: underline\">Modalidades de titulaci\u00f3n:<\/span><\/p><ul style=\"text-align: justify\"><li>&#8211; Proyectos de investigaci\u00f3n<\/li><li>&#8211; Sistematizaci\u00f3n de experiencias pr\u00e1cticas de investigaci\u00f3n y\/o intervenci\u00f3n.<\/li><\/ul><p style=\"text-align: justify\"><span style=\"text-decoration: underline\">Perfil de egreso\u00a0<\/span><\/p><p style=\"text-align: justify\"><em>\u00bfQu\u00e9 resultados de aprendizaje y competencias profesionales son necesarias para el futuro desempe\u00f1o profesional?<\/em><\/p><ul style=\"text-align: justify\"><li>&#8211; Emplear los principios pedag\u00f3gicos y psicol\u00f3gicos que orientan la aplicaci\u00f3n de modelos educativos para la organizaci\u00f3n del proceso de ense\u00f1anza y aprendizaje.<\/li><li>&#8211; Desenvolverse de manera efectiva en entornos virtuales, utilizando herramientas digitales y tecnol\u00f3gicas para comunicarse y colaborar con colegas y estudiantes.<\/li><li>&#8211; Identificar situaciones educativas que requieren intervenci\u00f3n para reducir su impacto sobre el aprendizaje y desarrollo integral del educando.<\/li><li>&#8211; Integrar en el proceso educativo el uso de las TIC y recursos convencionales, para el desarrollo de aprendizajes significativos.<\/li><\/ul><p style=\"text-align: justify\"><em>\u00bfQu\u00e9 resultados de aprendizaje relacionados con el manejo de m\u00e9todos, metodolog\u00edas, modelos, protocolos, procesos y procedimientos de car\u00e1cter profesional e investigativo se garantizar\u00e1n en la implementaci\u00f3n de la carrera?<\/em><\/p><ul style=\"text-align: justify\"><li>&#8211; Planificar el curr\u00edculo escolar, organizando los ambientes de aprendizaje que incorporen el uso de recursos tecnol\u00f3gicos para facilitar procesos de ense\u00f1anza y aprendizaje inclusivos y contextualizados; as\u00ed como la evaluaci\u00f3n del sujeto educativo.<\/li><li>&#8211; Desarrollar el proceso educativo para diagnosticar, motivar, asesorar, evaluar y reorientar a los sujetos educativos en su proceso personal de desarrollo y socializaci\u00f3n.<\/li><li>&#8211; Implementar acciones tutoriales y educativas en los contextos escolares, familiares y comunitarios con enfoque de igualdad y no discriminaci\u00f3n.<\/li><li>&#8211; Construir el aprendizaje de forma cooperativa y colaborativa, a partir de los contextos de los sujetos educativos, la familia, la comunidad, en funci\u00f3n de los continuos cambios en el desarrollo cient\u00edfico, social, cultural y tecnol\u00f3gico.<\/li><\/ul><p style=\"text-align: justify\"><em>\u00bfC\u00f3mo contribuye el futuro profesional al mejoramiento de la calidad de vida, el medio ambiente, el desarrollo productivo y la preservaci\u00f3n, difusi\u00f3n y enriquecimiento de las culturas y saberes? <\/em><\/p><ul style=\"text-align: justify\"><li><strong>&#8211; <\/strong>Generar un clima positivo de convivencia basado en el respeto a las diferencias individuales, el cuidado del medio ambiente, la interculturalidad, la pr\u00e1ctica de valores en la participaci\u00f3n democr\u00e1tica.<\/li><li>&#8211; Fomentar la convivencia arm\u00f3nica y participativa para la toma de decisiones institucionales y comunitarias, garantizando los derechos de todos.<\/li><\/ul><p style=\"text-align: justify\"><em>\u00bfCu\u00e1les son los valores y los principios, en el marco de un enfoque de derechos, igualdad e interculturalidad, pensamiento universal, cr\u00edtico y creativo, que se promover\u00e1n en la formaci\u00f3n profesional que ofrece la carrera? <\/em><strong>\u00a0<\/strong><\/p><ul style=\"text-align: justify\"><li>&#8211; Demostrar en la pr\u00e1ctica docente principios \u00e9ticos y profesionales, y habilidades blandas, incorporando procesos de reflexi\u00f3n en la acci\u00f3n y la aplicaci\u00f3n, fundamentados en la normativa y en el sistema de valores universales.<\/li><\/ul><p style=\"text-align: justify\"><em>\u00bfQu\u00e9 resultados o logros de los aprendizajes que se relacionan con el manejo de modelos, protocolos, procesos y procedimientos profesionales e investigativos son necesarios para el desempe\u00f1o del futuro profesional?<\/em><\/p><ul><li style=\"text-align: justify\">&#8211; Resolver problemas educativos mediante la investigaci\u00f3n-acci\u00f3n, desarrollando la capacidad de prevenci\u00f3n de futuras situaciones.<\/li><\/ul><\/div>\n\t\t\t\t\t\t\t\t\t<div class=\"elementor-tab-title elementor-tab-mobile-title\" aria-selected=\"false\" data-tab=\"4\" role=\"tab\" tabindex=\"-1\" aria-controls=\"elementor-tab-content-1314\" aria-expanded=\"false\">Malla<\/div>\n\t\t\t\t\t<div id=\"elementor-tab-content-1314\" class=\"elementor-tab-content elementor-clearfix\" data-tab=\"4\" role=\"tabpanel\" aria-labelledby=\"elementor-tab-title-1314\" tabindex=\"0\" hidden=\"hidden\"><p><a href=\"https:\/\/carreras.uleam.edu.ec\/facultad-de-educacion-turismo-artes-y-humanidades\/wp-content\/uploads\/sites\/75\/2025\/04\/MALLA-INICIAL-2024-ACNS-AJUSTES-CURRICULARES-NO-SUSTANTIVOS-FINAL.pdf\" target=\"_blank\" rel=\"noopener\"><img loading=\"lazy\" decoding=\"async\" class=\"alignnone wp-image-1902 size-large\" src=\"https:\/\/carreras.uleam.edu.ec\/facultad-de-educacion-turismo-artes-y-humanidades\/wp-content\/uploads\/sites\/75\/2025\/04\/MALLA-INICIAL-2024-ACNS-AJUSTES-CURRICULARES-NO-SUSTANTIVOS-FINAL-1024x664.jpg\" alt=\"\" width=\"1024\" height=\"664\" srcset=\"https:\/\/carreras.uleam.edu.ec\/facultad-de-educacion-turismo-artes-y-humanidades\/wp-content\/uploads\/sites\/75\/2025\/04\/MALLA-INICIAL-2024-ACNS-AJUSTES-CURRICULARES-NO-SUSTANTIVOS-FINAL-1024x664.jpg 1024w, https:\/\/carreras.uleam.edu.ec\/facultad-de-educacion-turismo-artes-y-humanidades\/wp-content\/uploads\/sites\/75\/2025\/04\/MALLA-INICIAL-2024-ACNS-AJUSTES-CURRICULARES-NO-SUSTANTIVOS-FINAL-300x195.jpg 300w, https:\/\/carreras.uleam.edu.ec\/facultad-de-educacion-turismo-artes-y-humanidades\/wp-content\/uploads\/sites\/75\/2025\/04\/MALLA-INICIAL-2024-ACNS-AJUSTES-CURRICULARES-NO-SUSTANTIVOS-FINAL-768x498.jpg 768w, https:\/\/carreras.uleam.edu.ec\/facultad-de-educacion-turismo-artes-y-humanidades\/wp-content\/uploads\/sites\/75\/2025\/04\/MALLA-INICIAL-2024-ACNS-AJUSTES-CURRICULARES-NO-SUSTANTIVOS-FINAL-1536x996.jpg 1536w, https:\/\/carreras.uleam.edu.ec\/facultad-de-educacion-turismo-artes-y-humanidades\/wp-content\/uploads\/sites\/75\/2025\/04\/MALLA-INICIAL-2024-ACNS-AJUSTES-CURRICULARES-NO-SUSTANTIVOS-FINAL-2048x1328.jpg 2048w\" sizes=\"auto, (max-width: 1024px) 100vw, 1024px\" \/><\/a><\/p><\/div>\n\t\t\t\t\t\t\t\t\t<div class=\"elementor-tab-title elementor-tab-mobile-title\" aria-selected=\"false\" data-tab=\"5\" role=\"tab\" tabindex=\"-1\" aria-controls=\"elementor-tab-content-1315\" aria-expanded=\"false\">Datos generales<\/div>\n\t\t\t\t\t<div id=\"elementor-tab-content-1315\" class=\"elementor-tab-content elementor-clearfix\" data-tab=\"5\" role=\"tabpanel\" aria-labelledby=\"elementor-tab-title-1315\" tabindex=\"0\" hidden=\"hidden\"><ul><li style=\"text-align: center\"><span style=\"text-decoration: underline\">AUTORIDAD<\/span><\/li><li style=\"text-align: center\">Lcda. Elisabeth Boyes Fuller, Mgtr.<\/li><li style=\"text-align: center\"><strong>DIRECTORA DE CARRERA<br \/><\/strong><\/li><li style=\"text-align: center\">\u00a0<a href=\"mailto:elisabeth.boyes@uleam.edu.ec\">elisabeth.boyes@uleam.edu.ec<\/a><br \/><hr \/><\/li><li style=\"text-align: center\"><span style=\"text-decoration: underline\">DOCENTES<\/span><\/li><li style=\"text-align: center\">Lcda. Elisabeth Susan Boyes Fuller, Mgtr.<\/li><li style=\"text-align: center\">Mgtr. Cielo Cecilia Cabrera Garc\u00eda, Ph.D<\/li><li style=\"text-align: center\">Lcda. Yanina Briseida Cantos Mu\u00f1iz, Mgtr.<\/li><li style=\"text-align: center\">Lcda.\u00a0 Blanca Teresa Herrera Rivera, Mgtr.<\/li><li style=\"text-align: center\">Lcda. Lucy Janeth L\u00f3pez Bermeo, Mgtr.<\/li><li style=\"text-align: center\">Lcda. Aida Liliana Salazar Moreira, Mgtr.<\/li><li style=\"text-align: center\">Lcda. Bebdy Teresa Carvajal Zambrano, Mgtr.<\/li><li style=\"text-align: center\">Psic. Jorge Roberto Zambrano Santos, Mgtr.<\/li><li style=\"text-align: center\">Lcda. Dajhanna Pahola Carranza D\u00edaz, Mgtr.<\/li><\/ul><hr \/><ul><li style=\"text-align: center\"><span style=\"text-decoration: underline\">ADMINISTRATIVOS<\/span><\/li><li style=\"text-align: center\">Abg. \u00c1ngela Jackeline Vinces Vera<\/li><li style=\"text-align: center\">SECRETARIA<strong><br \/><\/strong><\/li><li style=\"text-align: center\"><strong>\u00a0<\/strong><a href=\"mailto:angela.vinces@Uleam.edu.ec\">angela.vinces@Uleam.edu.ec<\/a><\/li><li style=\"text-align: center\"><strong>Horario de atenci\u00f3n: <\/strong><\/li><li style=\"text-align: center\">08:00 a 17:00<\/li><\/ul><\/div>\n\t\t\t\t\t\t\t\t\t<div class=\"elementor-tab-title elementor-tab-mobile-title\" aria-selected=\"false\" data-tab=\"6\" role=\"tab\" tabindex=\"-1\" aria-controls=\"elementor-tab-content-1316\" aria-expanded=\"false\">Funciones Sustantivas<\/div>\n\t\t\t\t\t<div id=\"elementor-tab-content-1316\" class=\"elementor-tab-content elementor-clearfix\" data-tab=\"6\" role=\"tabpanel\" aria-labelledby=\"elementor-tab-title-1316\" tabindex=\"0\" hidden=\"hidden\"><h5><span style=\"text-decoration: underline\">Vinculaci\u00f3n con la Sociedad:<\/span><\/h5><ul><li>Proyectos<\/li><li>Planificaci\u00f3n<\/li><li>Eventos<\/li><\/ul><h5><span style=\"text-decoration: underline\">Investigaci\u00f3n:<\/span><\/h5><ul><li>Proyectos<\/li><li>Grupos de investigaci\u00f3n<\/li><li>Resultados<\/li><\/ul><h5><span style=\"text-decoration: underline\">Docencia:<\/span><\/h5><ul><li>Planes anal\u00edticos<\/li><li>S\u00edlabos<\/li><li>Horarios de clases<\/li><li>Horarios de ex\u00e1menes<\/li><li>Horarios de tutor\u00edas<\/li><\/ul><\/div>\n\t\t\t\t\t\t\t\t\t<div class=\"elementor-tab-title elementor-tab-mobile-title\" aria-selected=\"false\" data-tab=\"7\" role=\"tab\" tabindex=\"-1\" aria-controls=\"elementor-tab-content-1317\" aria-expanded=\"false\">Eventos<\/div>\n\t\t\t\t\t<div id=\"elementor-tab-content-1317\" class=\"elementor-tab-content elementor-clearfix\" data-tab=\"7\" role=\"tabpanel\" aria-labelledby=\"elementor-tab-title-1317\" tabindex=\"0\" hidden=\"hidden\"><\/div>\n\t\t\t\t\t\t\t<\/div>\n\t\t<\/div>\n\t\t\t\t<\/div>\n\t\t\t\t<\/div>\n\t\t\t\t\t<\/div>\n\t\t<\/div>\n\t\t\t\t\t\t\t<\/div>\n\t\t<\/section>\n\t\t\t\t\t\t<\/div>\n\t\t\t\t\t<\/div>\n\t\t","protected":false},"excerpt":{"rendered":"<p>Bienvenidos Misi\u00f3n y Visi\u00f3n Descripci\u00f3n general de la Carrera Malla Datos generales Funciones Sustantivas Eventos Bienvenidos Misi\u00f3n y Visi\u00f3n MISI\u00d3N La Carrera de Educaci\u00f3n Inicial forma profesionales humanistas, competentes, y comprometidos con la docencia, investigaci\u00f3n, vinculaci\u00f3n e inclusi\u00f3n, para el [&hellip;]<\/p>\n","protected":false},"author":7,"featured_media":0,"parent":0,"menu_order":0,"comment_status":"closed","ping_status":"closed","template":"","meta":{"_acf_changed":false,"footnotes":""},"class_list":["post-23","page","type-page","status-publish","hentry"],"acf":[],"_links":{"self":[{"href":"https:\/\/carreras.uleam.edu.ec\/facultad-de-educacion-turismo-artes-y-humanidades\/wp-json\/wp\/v2\/pages\/23","targetHints":{"allow":["GET"]}}],"collection":[{"href":"https:\/\/carreras.uleam.edu.ec\/facultad-de-educacion-turismo-artes-y-humanidades\/wp-json\/wp\/v2\/pages"}],"about":[{"href":"https:\/\/carreras.uleam.edu.ec\/facultad-de-educacion-turismo-artes-y-humanidades\/wp-json\/wp\/v2\/types\/page"}],"author":[{"embeddable":true,"href":"https:\/\/carreras.uleam.edu.ec\/facultad-de-educacion-turismo-artes-y-humanidades\/wp-json\/wp\/v2\/users\/7"}],"replies":[{"embeddable":true,"href":"https:\/\/carreras.uleam.edu.ec\/facultad-de-educacion-turismo-artes-y-humanidades\/wp-json\/wp\/v2\/comments?post=23"}],"version-history":[{"count":110,"href":"https:\/\/carreras.uleam.edu.ec\/facultad-de-educacion-turismo-artes-y-humanidades\/wp-json\/wp\/v2\/pages\/23\/revisions"}],"predecessor-version":[{"id":1921,"href":"https:\/\/carreras.uleam.edu.ec\/facultad-de-educacion-turismo-artes-y-humanidades\/wp-json\/wp\/v2\/pages\/23\/revisions\/1921"}],"wp:attachment":[{"href":"https:\/\/carreras.uleam.edu.ec\/facultad-de-educacion-turismo-artes-y-humanidades\/wp-json\/wp\/v2\/media?parent=23"}],"curies":[{"name":"wp","href":"https:\/\/api.w.org\/{rel}","templated":true}]}}