{"id":7,"date":"2022-09-09T01:31:42","date_gmt":"2022-09-09T01:31:42","guid":{"rendered":"https:\/\/carreras.uleam.edu.ec\/facultad-de-educacion-turismo-artes-y-humanidades\/?page_id=7"},"modified":"2025-03-14T16:26:36","modified_gmt":"2025-03-14T21:26:36","slug":"carrera-de-pedagogia-de-la-actividad-fisica-y-el-deporte","status":"publish","type":"page","link":"https:\/\/carreras.uleam.edu.ec\/facultad-de-educacion-turismo-artes-y-humanidades\/carrera-de-pedagogia-de-la-actividad-fisica-y-el-deporte\/","title":{"rendered":"Carrera Pedagog\u00eda de la Actividad F\u00edsica y el Deporte"},"content":{"rendered":"\t\t<div data-elementor-type=\"wp-page\" data-elementor-id=\"7\" class=\"elementor elementor-7\" data-elementor-settings=\"[]\">\n\t\t\t\t\t\t\t<div class=\"elementor-section-wrap\">\n\t\t\t\t\t\t\t<section class=\"elementor-section elementor-top-section elementor-element elementor-element-a415724 elementor-section-boxed elementor-section-height-default elementor-section-height-default\" data-id=\"a415724\" data-element_type=\"section\">\n\t\t\t\t\t\t<div class=\"elementor-container elementor-column-gap-default\">\n\t\t\t\t\t<div class=\"elementor-column elementor-col-100 elementor-top-column elementor-element elementor-element-fb68d98\" data-id=\"fb68d98\" data-element_type=\"column\">\n\t\t\t<div class=\"elementor-widget-wrap elementor-element-populated\">\n\t\t\t\t\t\t\t\t<div class=\"elementor-element elementor-element-7d35164 elementor-tabs-view-horizontal elementor-widget elementor-widget-tabs\" data-id=\"7d35164\" data-element_type=\"widget\" data-widget_type=\"tabs.default\">\n\t\t\t\t<div class=\"elementor-widget-container\">\n\t\t\t\t\t<div class=\"elementor-tabs\">\n\t\t\t<div class=\"elementor-tabs-wrapper\" role=\"tablist\" >\n\t\t\t\t\t\t\t\t\t<div id=\"elementor-tab-title-1311\" class=\"elementor-tab-title elementor-tab-desktop-title\" aria-selected=\"true\" data-tab=\"1\" role=\"tab\" tabindex=\"0\" aria-controls=\"elementor-tab-content-1311\" aria-expanded=\"false\">Misi\u00f3n y Visi\u00f3n<\/div>\n\t\t\t\t\t\t\t\t\t<div id=\"elementor-tab-title-1312\" class=\"elementor-tab-title elementor-tab-desktop-title\" aria-selected=\"false\" data-tab=\"2\" role=\"tab\" tabindex=\"-1\" aria-controls=\"elementor-tab-content-1312\" aria-expanded=\"false\">Descripci\u00f3n General de la Carrera<\/div>\n\t\t\t\t\t\t\t\t\t<div id=\"elementor-tab-title-1313\" class=\"elementor-tab-title elementor-tab-desktop-title\" aria-selected=\"false\" data-tab=\"3\" role=\"tab\" tabindex=\"-1\" aria-controls=\"elementor-tab-content-1313\" aria-expanded=\"false\">Malla Curricular<\/div>\n\t\t\t\t\t\t\t\t\t<div id=\"elementor-tab-title-1314\" class=\"elementor-tab-title elementor-tab-desktop-title\" aria-selected=\"false\" data-tab=\"4\" role=\"tab\" tabindex=\"-1\" aria-controls=\"elementor-tab-content-1314\" aria-expanded=\"false\">Docentes<\/div>\n\t\t\t\t\t\t\t\t\t<div id=\"elementor-tab-title-1315\" class=\"elementor-tab-title elementor-tab-desktop-title\" aria-selected=\"false\" data-tab=\"5\" role=\"tab\" tabindex=\"-1\" aria-controls=\"elementor-tab-content-1315\" aria-expanded=\"false\">Datos Generales<\/div>\n\t\t\t\t\t\t\t\t\t<div id=\"elementor-tab-title-1316\" class=\"elementor-tab-title elementor-tab-desktop-title\" aria-selected=\"false\" data-tab=\"6\" role=\"tab\" tabindex=\"-1\" aria-controls=\"elementor-tab-content-1316\" aria-expanded=\"false\">Gesti\u00f3n y Proceso Estudiantil<\/div>\n\t\t\t\t\t\t\t<\/div>\n\t\t\t<div class=\"elementor-tabs-content-wrapper\" role=\"tablist\" aria-orientation=\"vertical\">\n\t\t\t\t\t\t\t\t\t<div class=\"elementor-tab-title elementor-tab-mobile-title\" aria-selected=\"true\" data-tab=\"1\" role=\"tab\" tabindex=\"0\" aria-controls=\"elementor-tab-content-1311\" aria-expanded=\"false\">Misi\u00f3n y Visi\u00f3n<\/div>\n\t\t\t\t\t<div id=\"elementor-tab-content-1311\" class=\"elementor-tab-content elementor-clearfix\" data-tab=\"1\" role=\"tabpanel\" aria-labelledby=\"elementor-tab-title-1311\" tabindex=\"0\" hidden=\"false\"><p style=\"text-align: justify\">MISI\u00d3N<\/p><p style=\"text-align: justify\">Formar profesionales competentes en Pedagog\u00eda de la Actividad F\u00edsica y Deportes, con altos valores humanistas, capaces de resolver con \u00e9xito y creatividad problemas relacionados al campo de estudio mediante el uso de la investigaci\u00f3n cient\u00edfica y tecnol\u00f3gica en estrecha vinculaci\u00f3n con la sociedad, al promover y desarrollar saberes para aportar al perfeccionamiento educativo, personal y profesional, en beneficio de la salud y calidad de vida de la poblaci\u00f3n ecuatoriana.<\/p><p style=\"text-align: justify\">VISI\u00d3N<\/p><p style=\"text-align: justify\">Ser\u00e1 una carrera de excelencia, formadora de profesionales en el campo educativo, recreativo y deportivo, con elevadas competencias cient\u00edficos-pedag\u00f3gicas y t\u00e9cnico-deportivas; manifestando valores \u00e9ticos, morales y ecol\u00f3gicos en beneficio de la salud y calidad de vida de la poblaci\u00f3n ecuatoriana.<\/p><\/div>\n\t\t\t\t\t\t\t\t\t<div class=\"elementor-tab-title elementor-tab-mobile-title\" aria-selected=\"false\" data-tab=\"2\" role=\"tab\" tabindex=\"-1\" aria-controls=\"elementor-tab-content-1312\" aria-expanded=\"false\">Descripci\u00f3n General de la Carrera<\/div>\n\t\t\t\t\t<div id=\"elementor-tab-content-1312\" class=\"elementor-tab-content elementor-clearfix\" data-tab=\"2\" role=\"tabpanel\" aria-labelledby=\"elementor-tab-title-1312\" tabindex=\"0\" hidden=\"hidden\"><div>Carrera:\u00a0 \u00a0 \u00a0 \u00a0 \u00a0 \u00a0 \u00a0 \u00a0 \u00a0 \u00a0 \u00a0 \u00a0 \u00a0 \u00a0 \u00a0 \u00a0 \u00a0 \u00a0PEDAGOG\u00cdA DE LA ACTIVIDAD F\u00cdSICA Y DEPORTE<br \/>T\u00edtulo que otorga:\u00a0 \u00a0 \u00a0 \u00a0 \u00a0 \u00a0 \u00a0 \u00a0 \u00a0 LICENCIADO\/A EN PEDAGOG\u00cdA DE LA ACTIVIDAD F\u00cdSICA Y DEPORTE<br \/>Modalidad de aprendizaje:\u00a0 \u00a0Presencial<br \/>N\u00famero de per\u00edodos:\u00a0 \u00a0 \u00a0 \u00a0 \u00a0 \u00a0 \u00a09<\/div><div>\u00a0<\/div><div>Objetivo general<\/div><div style=\"padding-left: 40px\">Formar profesionales en Pedagog\u00eda de la Actividad F\u00edsica y Deporte desde una\u00a0concepci\u00f3n hol\u00edstica, capaces de analizar, elaborar y ejecutar actividades motrices-educativas que contribuyan al desarrollo integral del ser humano en todas sus etapas de desarrollo y modos de ser, con una visi\u00f3n profesional enfocada en las dimensiones\u00a0l\u00fadica, antropol\u00f3gica, social, etaria, y fisiol\u00f3gica, para as\u00ec contribuir con las pol\u00edticas sociales, educativas y deportivas del pa\u00eds.<\/div><div>\u00a0<\/div><div>Perfil de ingreso:<\/div><div>El aspirante a esta carrera deber\u00e1 caracterizarse por tener:<\/div><div><ul><li>Tener conocimientos b\u00e1sicos de las ciencias sociales.<\/li><li>Utilizar de manera eficiente las diferentes formas de pensamiento: anal\u00edtico,\u00a0sist\u00e9mico, deductivo, argumentativo, cr\u00edtico y creativo en la soluci\u00f3n de problemas.<\/li><li>Trabajar en equipos con diversidad cultural y social.<\/li><li>Utilizar la tecnolog\u00eda como soporte de sus procesos de aprendizaje.<\/li><li>Demostrar inter\u00e9s por su autopreparaci\u00f3n y formaci\u00f3n profesional<\/li><li>Disposici\u00f3n para el desarrollo de h\u00e1bitos saludables y deportivos<\/li><\/ul><\/div><div>Requisitos de ingreso<\/div><div><ul><li>Poseer t\u00edtulo de bachiller o su equivalente debidamente reconocido por el Ministerio de Educaci\u00f3n<\/li><li>Haber cumplido los requisitos normados por el Sistema Nacional de Nivelaci\u00f3n y Admisi\u00f3n<\/li><li>Haber aprobado el curso de nivelaci\u00f3n del SNNA o haber superado la prueba Exonera de acuerdo al reglamento establecido<\/li><li>C\u00e9dula o pasaporte vigente con las regulaciones para su estancia<\/li><\/ul><\/div><div>Requisitos de graduaci\u00f3n:<\/div><div><ul><li>Haber cumplido en su totalidad la malla curricular<\/li><li>Haber sido aprobado en una modalidad de titulaci\u00f3n<\/li><li>Demostrar suficiencia de dominio a nivel MCERL \u2013 B2 en ingl\u00e9s al culminar sus estudios (Proceso coordinado por el Centro de Idiomas de la Universidad)<\/li><\/ul><\/div><div>Modalidades de titulaci\u00f3n:<\/div><ul><li><div>Examen de grado o de fin de carrera<\/div><\/li><li><div>Proyectos de investigaci\u00f3n<\/div><\/li><li><div>Sistematizaci\u00f3n de experiencias pr\u00e1cticas de investigaci\u00f3n y\/o intervenci\u00f3n<\/div><\/li><\/ul><p>PERFIL DE EGRESO <strong><br \/><\/strong><\/p><ol><li>Planifica, organiza, ejecuta y eval\u00faa las actividades f\u00edsicas, deportivas y recreativas para las instituciones educativas y deportivas en sus diferentes niveles de estudio y etapas del crecimiento.<\/li><li>Planifica y dirige la masificaci\u00f3n en las etapas de iniciaci\u00f3n deportiva y actividades recreativas, c\u00edvicas y culturales.<\/li><li>Participan como jueces, \u00e1rbitros y personal t\u00e9cnico en eventos sociales, culturales y deportivos en los diferentes niveles del \u00e1mbito educativo.<\/li><li>Conoce los fundamentos t\u00e9cnicos de los deportes incluidos en la malla curricular y procesos pedag\u00f3gicos &#8211; did\u00e1cticos en la ense\u00f1anza-aprendizaje de las diferentes actividades motoras.<\/li><li>Aplica conocimientos en la investigaci\u00f3n de campo, en la actividad f\u00edsica, la recreaci\u00f3n y los procesos del entrenamiento deportivo en las diferentes edades.<\/li><li>Administra y gestiona la actividad f\u00edsica, deportiva y recreativa con visi\u00f3n humanista.<\/li><li>Prescribe actividades f\u00edsicas para diferentes modalidades deportivas y grupos humanos con enfermedades cr\u00f3nicas, degenerativas y funcionales.<\/li><li>Aplica los conocimientos de las pr\u00e1cticas docentes y metodolog\u00edas del entrenamiento deportivo en la direcci\u00f3n de actividades motoras, recreativas y deportivas en las instituciones educativas.<\/li><li>Conoce y aplica en su labor diaria los avances cient\u00edficos y tecnol\u00f3gicos en la prevenci\u00f3n morfo-funcional a trav\u00e9s de la medicina del deporte.<\/li><li>Ejecuta actividades f\u00edsicas, recreativas y deportivas comunitarias, respetando el medio ambiente, para alcanzar una mejor calidad de vida.<\/li><\/ol><\/div>\n\t\t\t\t\t\t\t\t\t<div class=\"elementor-tab-title elementor-tab-mobile-title\" aria-selected=\"false\" data-tab=\"3\" role=\"tab\" tabindex=\"-1\" aria-controls=\"elementor-tab-content-1313\" aria-expanded=\"false\">Malla Curricular<\/div>\n\t\t\t\t\t<div id=\"elementor-tab-content-1313\" class=\"elementor-tab-content elementor-clearfix\" data-tab=\"3\" role=\"tabpanel\" aria-labelledby=\"elementor-tab-title-1313\" tabindex=\"0\" hidden=\"hidden\"><p><a href=\"https:\/\/carreras.uleam.edu.ec\/facultad-de-educacion-turismo-artes-y-humanidades\/wp-content\/uploads\/sites\/75\/2022\/09\/malla_PAFD.pdf\" target=\"_blank\" rel=\"noopener\"><img loading=\"lazy\" decoding=\"async\" class=\"alignnone wp-image-219 size-large\" src=\"https:\/\/carreras.uleam.edu.ec\/facultad-de-educacion-turismo-artes-y-humanidades\/wp-content\/uploads\/sites\/75\/2022\/09\/MALLA-deportes-1024x724.jpg\" alt=\"\" width=\"1024\" height=\"724\" srcset=\"https:\/\/carreras.uleam.edu.ec\/facultad-de-educacion-turismo-artes-y-humanidades\/wp-content\/uploads\/sites\/75\/2022\/09\/MALLA-deportes-1024x724.jpg 1024w, https:\/\/carreras.uleam.edu.ec\/facultad-de-educacion-turismo-artes-y-humanidades\/wp-content\/uploads\/sites\/75\/2022\/09\/MALLA-deportes-300x212.jpg 300w, https:\/\/carreras.uleam.edu.ec\/facultad-de-educacion-turismo-artes-y-humanidades\/wp-content\/uploads\/sites\/75\/2022\/09\/MALLA-deportes-768x543.jpg 768w, https:\/\/carreras.uleam.edu.ec\/facultad-de-educacion-turismo-artes-y-humanidades\/wp-content\/uploads\/sites\/75\/2022\/09\/MALLA-deportes-1536x1086.jpg 1536w, https:\/\/carreras.uleam.edu.ec\/facultad-de-educacion-turismo-artes-y-humanidades\/wp-content\/uploads\/sites\/75\/2022\/09\/MALLA-deportes-2048x1448.jpg 2048w\" sizes=\"auto, (max-width: 1024px) 100vw, 1024px\" \/><\/a><\/p><\/div>\n\t\t\t\t\t\t\t\t\t<div class=\"elementor-tab-title elementor-tab-mobile-title\" aria-selected=\"false\" data-tab=\"4\" role=\"tab\" tabindex=\"-1\" aria-controls=\"elementor-tab-content-1314\" aria-expanded=\"false\">Docentes<\/div>\n\t\t\t\t\t<div id=\"elementor-tab-content-1314\" class=\"elementor-tab-content elementor-clearfix\" data-tab=\"4\" role=\"tabpanel\" aria-labelledby=\"elementor-tab-title-1314\" tabindex=\"0\" hidden=\"hidden\"><ul><li><strong>Dr. Cartaya Olivares Miguel \u00c1ngel<\/strong><\/li><li><strong>Dra. Hern\u00e1ndez Gallardo Damaris<\/strong><\/li><li><strong>Mg. Hidalgo Barreto Telmo Jhonny<\/strong><\/li><li><strong>Mg. Medranda Rojas Jorge Luis<\/strong><\/li><li><strong>Mg. Mendoza L\u00f3pez Lady Vanessa<\/strong><\/li><li><strong>Dra. Moreira Macias Beatriz Araceli<\/strong><\/li><li><strong>Mg. Moreira Mendoza Cicer\u00f3n Victoriano<\/strong><\/li><li><strong>Mg. Navia Macias Tony Ecuador<\/strong><\/li><li><strong>Mg. Palma Zambrano Jos\u00e9 Francisco<\/strong><\/li><li><strong>Mg. Quijije V\u00e9lez Jorge Alberto<\/strong><\/li><li><strong>Mg. San Lucas V\u00e1squez Niurka Paola<\/strong><\/li><li><strong>Mg. P\u00e9rez Plata Lewin Jos\u00e9<\/strong><\/li><li><strong>Mg. Quezada Fajardo Luis Alberto<\/strong><\/li><\/ul><\/div>\n\t\t\t\t\t\t\t\t\t<div class=\"elementor-tab-title elementor-tab-mobile-title\" aria-selected=\"false\" data-tab=\"5\" role=\"tab\" tabindex=\"-1\" aria-controls=\"elementor-tab-content-1315\" aria-expanded=\"false\">Datos Generales<\/div>\n\t\t\t\t\t<div id=\"elementor-tab-content-1315\" class=\"elementor-tab-content elementor-clearfix\" data-tab=\"5\" role=\"tabpanel\" aria-labelledby=\"elementor-tab-title-1315\" tabindex=\"0\" hidden=\"hidden\"><ul><li style=\"text-align: center\">Mg. Lady Vanessa Mendoza L\u00f3pez<\/li><li style=\"text-align: center\">DIRECTORA DE CARRERA<\/li><li style=\"text-align: center\"><a href=\"mailto:lady.mendoza@uleam.edu.ec\">lady.mendoza@uleam.edu.ec <\/a><\/li><\/ul><hr \/><ul><li style=\"text-align: center\">SECRETARIA DE CARRERA:<\/li><li style=\"text-align: center\">Lic. Silvia Tejena Guanoluisa<\/li><li style=\"text-align: center\"><p><a href=\"mailto:irma.tejena@uleam.edu.ec\">irma.tejena@uleam.edu.ec<\/a><\/p><\/li><\/ul><hr \/><ul><li style=\"text-align: center\">HORARIO DE ATENCI\u00d3N:<\/li><li style=\"text-align: center\">DE 08:00 A 17:00\u00a0<\/li><li style=\"text-align: center\">Lunes \u2013 Viernes<\/li><\/ul><\/div>\n\t\t\t\t\t\t\t\t\t<div class=\"elementor-tab-title elementor-tab-mobile-title\" aria-selected=\"false\" data-tab=\"6\" role=\"tab\" tabindex=\"-1\" aria-controls=\"elementor-tab-content-1316\" aria-expanded=\"false\">Gesti\u00f3n y Proceso Estudiantil<\/div>\n\t\t\t\t\t<div id=\"elementor-tab-content-1316\" class=\"elementor-tab-content elementor-clearfix\" data-tab=\"6\" role=\"tabpanel\" aria-labelledby=\"elementor-tab-title-1316\" tabindex=\"0\" hidden=\"hidden\"><ul><li>\u21d2\u00a0Pr\u00e1cticas Pre-profesionales<\/li><li>\u21d2 <a href=\"https:\/\/carreras.uleam.edu.ec\/facultad-de-educacion-turismo-artes-y-humanidades\/wp-content\/uploads\/sites\/75\/2023\/05\/COMISIONES.pdf\" target=\"_blank\" rel=\"noopener\">Comisiones<\/a>\u00a0<\/li><li>\u21d2 <a href=\"https:\/\/departamentos.uleam.edu.ec\/gestion-aseguramiento-calidad\/2019\/04\/08\/matricula\/\">Matr\u00edcula<\/a><\/li><li>\u21d2 <a href=\"https:\/\/departamentos.uleam.edu.ec\/gestion-aseguramiento-calidad\/reingreso-de-estudiantes\/\">Reingreso de estudiantes<\/a><\/li><li>\u21d2 <a href=\"https:\/\/departamentos.uleam.edu.ec\/gestion-aseguramiento-calidad\/homologacion-de-estudios-por-analisis-comparativo-de-contenidos\/\">Homologaci\u00f3n de Estudios por An\u00e1lisis Comparativo de Contenidos<\/a><\/li><\/ul><\/div>\n\t\t\t\t\t\t\t<\/div>\n\t\t<\/div>\n\t\t\t\t<\/div>\n\t\t\t\t<\/div>\n\t\t\t\t\t<\/div>\n\t\t<\/div>\n\t\t\t\t\t\t\t<\/div>\n\t\t<\/section>\n\t\t\t\t\t\t<\/div>\n\t\t\t\t\t<\/div>\n\t\t","protected":false},"excerpt":{"rendered":"<p>Misi\u00f3n y Visi\u00f3n Descripci\u00f3n General de la Carrera Malla Curricular Docentes Datos Generales Gesti\u00f3n y Proceso Estudiantil Misi\u00f3n y Visi\u00f3n MISI\u00d3N Formar profesionales competentes en Pedagog\u00eda de la Actividad F\u00edsica y Deportes, con altos valores humanistas, capaces de resolver con [&hellip;]<\/p>\n","protected":false},"author":7,"featured_media":0,"parent":0,"menu_order":0,"comment_status":"closed","ping_status":"closed","template":"","meta":{"_acf_changed":false,"footnotes":""},"class_list":["post-7","page","type-page","status-publish","hentry"],"acf":[],"_links":{"self":[{"href":"https:\/\/carreras.uleam.edu.ec\/facultad-de-educacion-turismo-artes-y-humanidades\/wp-json\/wp\/v2\/pages\/7","targetHints":{"allow":["GET"]}}],"collection":[{"href":"https:\/\/carreras.uleam.edu.ec\/facultad-de-educacion-turismo-artes-y-humanidades\/wp-json\/wp\/v2\/pages"}],"about":[{"href":"https:\/\/carreras.uleam.edu.ec\/facultad-de-educacion-turismo-artes-y-humanidades\/wp-json\/wp\/v2\/types\/page"}],"author":[{"embeddable":true,"href":"https:\/\/carreras.uleam.edu.ec\/facultad-de-educacion-turismo-artes-y-humanidades\/wp-json\/wp\/v2\/users\/7"}],"replies":[{"embeddable":true,"href":"https:\/\/carreras.uleam.edu.ec\/facultad-de-educacion-turismo-artes-y-humanidades\/wp-json\/wp\/v2\/comments?post=7"}],"version-history":[{"count":61,"href":"https:\/\/carreras.uleam.edu.ec\/facultad-de-educacion-turismo-artes-y-humanidades\/wp-json\/wp\/v2\/pages\/7\/revisions"}],"predecessor-version":[{"id":1894,"href":"https:\/\/carreras.uleam.edu.ec\/facultad-de-educacion-turismo-artes-y-humanidades\/wp-json\/wp\/v2\/pages\/7\/revisions\/1894"}],"wp:attachment":[{"href":"https:\/\/carreras.uleam.edu.ec\/facultad-de-educacion-turismo-artes-y-humanidades\/wp-json\/wp\/v2\/media?parent=7"}],"curies":[{"name":"wp","href":"https:\/\/api.w.org\/{rel}","templated":true}]}}