{"id":8,"date":"2022-09-09T01:32:07","date_gmt":"2022-09-09T01:32:07","guid":{"rendered":"https:\/\/carreras.uleam.edu.ec\/facultad-de-educacion-turismo-artes-y-humanidades\/?page_id=8"},"modified":"2025-03-14T16:27:32","modified_gmt":"2025-03-14T21:27:32","slug":"carrera-de-pedagogia-de-la-lengua-y-la-literatura","status":"publish","type":"page","link":"https:\/\/carreras.uleam.edu.ec\/facultad-de-educacion-turismo-artes-y-humanidades\/carrera-de-pedagogia-de-la-lengua-y-la-literatura\/","title":{"rendered":"Carrera Pedagog\u00eda de la Lengua y la Literatura"},"content":{"rendered":"\t\t<div data-elementor-type=\"wp-page\" data-elementor-id=\"8\" class=\"elementor elementor-8\" data-elementor-settings=\"[]\">\n\t\t\t\t\t\t\t<div class=\"elementor-section-wrap\">\n\t\t\t\t\t\t\t<section class=\"elementor-section elementor-top-section elementor-element elementor-element-62f48d0 elementor-section-boxed elementor-section-height-default elementor-section-height-default\" data-id=\"62f48d0\" data-element_type=\"section\">\n\t\t\t\t\t\t<div class=\"elementor-container elementor-column-gap-default\">\n\t\t\t\t\t<div class=\"elementor-column elementor-col-100 elementor-top-column elementor-element elementor-element-76a74bd\" data-id=\"76a74bd\" data-element_type=\"column\">\n\t\t\t<div class=\"elementor-widget-wrap elementor-element-populated\">\n\t\t\t\t\t\t\t\t<div class=\"elementor-element elementor-element-b989c95 elementor-tabs-view-horizontal elementor-widget elementor-widget-tabs\" data-id=\"b989c95\" data-element_type=\"widget\" data-widget_type=\"tabs.default\">\n\t\t\t\t<div class=\"elementor-widget-container\">\n\t\t\t\t\t<div class=\"elementor-tabs\">\n\t\t\t<div class=\"elementor-tabs-wrapper\" role=\"tablist\" >\n\t\t\t\t\t\t\t\t\t<div id=\"elementor-tab-title-1941\" class=\"elementor-tab-title elementor-tab-desktop-title\" aria-selected=\"true\" data-tab=\"1\" role=\"tab\" tabindex=\"0\" aria-controls=\"elementor-tab-content-1941\" aria-expanded=\"false\">Misi\u00f3n y Visi\u00f3n<\/div>\n\t\t\t\t\t\t\t\t\t<div id=\"elementor-tab-title-1942\" class=\"elementor-tab-title elementor-tab-desktop-title\" aria-selected=\"false\" data-tab=\"2\" role=\"tab\" tabindex=\"-1\" aria-controls=\"elementor-tab-content-1942\" aria-expanded=\"false\">Descripci\u00f3n General de la Carrera<\/div>\n\t\t\t\t\t\t\t\t\t<div id=\"elementor-tab-title-1943\" class=\"elementor-tab-title elementor-tab-desktop-title\" aria-selected=\"false\" data-tab=\"3\" role=\"tab\" tabindex=\"-1\" aria-controls=\"elementor-tab-content-1943\" aria-expanded=\"false\">Malla Curricular<\/div>\n\t\t\t\t\t\t\t\t\t<div id=\"elementor-tab-title-1944\" class=\"elementor-tab-title elementor-tab-desktop-title\" aria-selected=\"false\" data-tab=\"4\" role=\"tab\" tabindex=\"-1\" aria-controls=\"elementor-tab-content-1944\" aria-expanded=\"false\">Docentes<\/div>\n\t\t\t\t\t\t\t\t\t<div id=\"elementor-tab-title-1945\" class=\"elementor-tab-title elementor-tab-desktop-title\" aria-selected=\"false\" data-tab=\"5\" role=\"tab\" tabindex=\"-1\" aria-controls=\"elementor-tab-content-1945\" aria-expanded=\"false\">Datos Generales<\/div>\n\t\t\t\t\t\t\t\t\t<div id=\"elementor-tab-title-1946\" class=\"elementor-tab-title elementor-tab-desktop-title\" aria-selected=\"false\" data-tab=\"6\" role=\"tab\" tabindex=\"-1\" aria-controls=\"elementor-tab-content-1946\" aria-expanded=\"false\">Gesti\u00f3n y Proceso Estudiantil<\/div>\n\t\t\t\t\t\t\t<\/div>\n\t\t\t<div class=\"elementor-tabs-content-wrapper\" role=\"tablist\" aria-orientation=\"vertical\">\n\t\t\t\t\t\t\t\t\t<div class=\"elementor-tab-title elementor-tab-mobile-title\" aria-selected=\"true\" data-tab=\"1\" role=\"tab\" tabindex=\"0\" aria-controls=\"elementor-tab-content-1941\" aria-expanded=\"false\">Misi\u00f3n y Visi\u00f3n<\/div>\n\t\t\t\t\t<div id=\"elementor-tab-content-1941\" class=\"elementor-tab-content elementor-clearfix\" data-tab=\"1\" role=\"tabpanel\" aria-labelledby=\"elementor-tab-title-1941\" tabindex=\"0\" hidden=\"false\"><p><span style=\"text-decoration: underline\">Misi\u00f3n:<\/span><\/p><p style=\"text-align: justify\">La carrera Pedagog\u00eda de la Lengua y la Literatura forma docentes para desempe\u00f1arse en el \u00e1rea de Lengua y Literatura de la Educaci\u00f3n B\u00e1sica Superior y Bachillerato; con habilidades comunicativas que requiere la sociedad actual.<\/p><p style=\"text-align: justify\"><span style=\"text-decoration: underline\">\u00a0Visi\u00f3n:<\/span><\/p><p style=\"text-align: justify\">Pedagog\u00eda de la Lengua y la Literatura, se consolidar\u00e1 como una carrera de excelencia acad\u00e9mica en la formaci\u00f3n de profesionales a nivel de pregrado en el \u00e1rea de Lengua y Literatura, desde el humanismo social, con una pr\u00e1ctica docente responsable, \u00e9tica, inclusiva e intercultural.<\/p><\/div>\n\t\t\t\t\t\t\t\t\t<div class=\"elementor-tab-title elementor-tab-mobile-title\" aria-selected=\"false\" data-tab=\"2\" role=\"tab\" tabindex=\"-1\" aria-controls=\"elementor-tab-content-1942\" aria-expanded=\"false\">Descripci\u00f3n General de la Carrera<\/div>\n\t\t\t\t\t<div id=\"elementor-tab-content-1942\" class=\"elementor-tab-content elementor-clearfix\" data-tab=\"2\" role=\"tabpanel\" aria-labelledby=\"elementor-tab-title-1942\" tabindex=\"0\" hidden=\"hidden\"><div style=\"text-align: justify\"><p>\u00a0<\/p><ul><li style=\"text-align: justify\">Carrera:\u00a0\u00a0\u00a0\u00a0\u00a0\u00a0\u00a0\u00a0\u00a0\u00a0\u00a0\u00a0\u00a0\u00a0\u00a0\u00a0\u00a0\u00a0\u00a0\u00a0\u00a0\u00a0\u00a0\u00a0\u00a0\u00a0\u00a0\u00a0\u00a0\u00a0\u00a0\u00a0\u00a0\u00a0\u00a0\u00a0\u00a0\u00a0\u00a0\u00a0\u00a0\u00a0\u00a0\u00a0 Pedagog\u00eda de la Lengua y la Literatura\u00a0\u00a0\u00a0\u00a0\u00a0\u00a0\u00a0\u00a0\u00a0\u00a0\u00a0\u00a0\u00a0\u00a0\u00a0\u00a0\u00a0\u00a0\u00a0\u00a0\u00a0\u00a0\u00a0\u00a0\u00a0\u00a0\u00a0\u00a0\u00a0\u00a0\u00a0\u00a0\u00a0<\/li><li style=\"text-align: justify\">T\u00edtulo que otorga:\u00a0\u00a0\u00a0 \u00a0 \u00a0\u00a0\u00a0\u00a0\u00a0\u00a0\u00a0\u00a0\u00a0\u00a0\u00a0\u00a0\u00a0\u00a0\u00a0\u00a0\u00a0\u00a0\u00a0\u00a0\u00a0 Licenciado\/a en Pedagog\u00eda de la Lengua y Literatura\u00a0\u00a0\u00a0\u00a0\u00a0\u00a0\u00a0\u00a0\u00a0\u00a0\u00a0\u00a0<\/li><li style=\"text-align: justify\">Modalidad de aprendizaje: \u00a0 \u00a0 \u00a0 \u00a0 \u00a0\u00a0 Presencial\u00a0\u00a0\u00a0<\/li><li style=\"text-align: justify\">N\u00famero de per\u00edodos ordinarios:\u00a0 ocho (8)<\/li><\/ul><\/div><p style=\"text-align: justify\"><span style=\"text-decoration: underline\">Objetivo general:<\/span><\/p><p style=\"text-align: justify\">Formar docentes a nivel de grado, desde el humanismo social que se desempe\u00f1en en\u00a0el \u00e1rea de Lengua y Literatura de la educaci\u00f3n b\u00e1sica superior y bachillerato,\u00a0comprometidos con la investigaci\u00f3n, vinculaci\u00f3n, interculturalidad e inclusi\u00f3n;\u00a0coherentes con los principios del Buen Vivir<\/p><p style=\"text-align: justify\"><span style=\"text-decoration: underline\">Perfil de ingreso:<\/span><\/p><ul style=\"text-align: justify\"><li>&#8211; Tener conocimientos b\u00e1sicos de las ciencias sociales.<\/li><li>&#8211; Comunicarse en la lengua materna, utilizando los diferentes tipos de lenguaje.<\/li><li>&#8211; Utilizar de manera eficiente las diferentes formas de pensamiento: anal\u00edtico, sist\u00e9mico, deductivo, argumentativo, cr\u00edtico y creativo en la soluci\u00f3n de problemas.<\/li><li>&#8211; Trabajar en equipos con diversidad cultural y social.<\/li><li>&#8211; Utilizar la tecnolog\u00eda como soporte de sus procesos de aprendizaje.<\/li><li>&#8211; Demostrar inter\u00e9s por su autopreparaci\u00f3n y formaci\u00f3n profesional<\/li><\/ul><p style=\"text-align: justify\"><span style=\"text-decoration: underline\">Requisitos de ingreso:<\/span><\/p><ul style=\"text-align: justify\"><li>&#8211; Copia de c\u00e9dula de ciudadan\u00eda y certificado de votaci\u00f3n.<\/li><li>&#8211; Copia del acta de grado<\/li><li>&#8211; Copia del t\u00edtulo de bachiller<\/li><li>&#8211; Certificado del registro del t\u00edtulo de Bachiller<\/li><li>&#8211; Una (1) foto tama\u00f1o carn\u00e9 a color.<\/li><li>&#8211; Certificado de aceptaci\u00f3n del cupo DBDANU<\/li><li>&#8211; Certificado de aprobaci\u00f3n de la nivelaci\u00f3n universitaria<\/li><\/ul><p style=\"text-align: justify\"><span style=\"text-decoration: underline\">Requisito de graduaci\u00f3n:<\/span><\/p><ul style=\"text-align: justify\"><li>&#8211; Aprobar la malla curricular<\/li><li>&#8211; Certificaci\u00f3n de Nivel B1 de dominio de una lengua extranjera<\/li><li>&#8211; Aprobaci\u00f3n del trabajo de titulaci\u00f3n.<\/li><\/ul><p style=\"text-align: justify\"><span style=\"text-decoration: underline\">Modalidades de titulaci\u00f3n:<\/span><\/p><ul style=\"text-align: justify\"><li>&#8211; Proyecto de titulaci\u00f3n con componentes de investigaci\u00f3n aplicada y\/o de desarrollo.<\/li><li>&#8211; Integraci\u00f3n Curricular mediante Servicio Social Comunitario<\/li><\/ul><p style=\"text-align: justify\"><span style=\"text-decoration: underline\">Campo ocupacional<\/span><\/p><ol style=\"text-align: justify\"><li>Profesor de Educaci\u00f3n B\u00e1sica Superior y Bachillerato<\/li><li>Creador de proyectos educativos y de lectura<\/li><li>Editorialista<\/li><li>Corrector de estilo<\/li><li>Cr\u00edtico literario<\/li><li>Gestor cultural<\/li><li>Acompa\u00f1amiento y Asesor\u00edas t\u00e9cnicas \u2013 pedag\u00f3gicas en Plan lector<\/li><\/ol><p style=\"text-align: justify\"><span style=\"text-decoration: underline\">Perfil de egreso:<\/span><\/p><p style=\"text-align: justify\"><em>\u00bfQu\u00e9 resultados o logros de los aprendizajes posibilitar\u00e1n el desarrollo de las capacidades y actitudes de los futuros profesionales para consolidar sus valores referentes a la pertinencia, la bio-conciencia, la participaci\u00f3n responsable, la honestidad, y otros?<\/em><\/p><ul style=\"text-align: justify\"><li>&#8211; Atender problemas de aprendizaje y desarrollo del lenguaje a trav\u00e9s de adaptaciones del acto educativo y buenas pr\u00e1cticas inclusivas.<\/li><li>&#8211; Liderar procesos educativos mediante su implicaci\u00f3n con los problemas de los sujetos, sistemas, procesos y contextos de aprendizaje, objetos del conocimiento pedag\u00f3gico.<\/li><li>&#8211; Construir saberes mediante la aplicaci\u00f3n de procedimientos interpretativos y escriturales.<\/li><li>&#8211; Desarrollar valores, actitudes y cualidades para el Buen Vivir, que promuevan la \u00e9tica y la responsabilidad ciudadana en la trayectoria profesional.<\/li><li>&#8211; Trabajar en equipos interdisciplinares en busca de fomentar una pr\u00e1ctica docente que garantizan la participaci\u00f3n igualitaria y ejercicio de derechos.<\/li><\/ul><p style=\"text-align: justify\"><em>\u00bfQu\u00e9 resultados o logros de los aprendizajes relacionados con el dominio de teor\u00edas, sistemas conceptuales, m\u00e9todos y lenguajes de integraci\u00f3n del conocimiento, la profesi\u00f3n y la investigaci\u00f3n desarrollar\u00e1 el futuro profesional?<\/em><\/p><ul style=\"text-align: justify\"><li>&#8211; Diagnosticar, comprender e intervenir fen\u00f3menos, situaciones, procesos vinculados al aprendizaje en los sistemas socioeducativos.<\/li><li>&#8211; Comprender las estructuras del lenguaje castellano, sus usos y variaciones dialectales en el habla y el lenguaje escrito.<\/li><li>&#8211; Reconocer un corpus b\u00e1sico y sus fundamentos socioculturales en la tradici\u00f3n oral y literaria ecuatoriana, iberoamericana y extranjera.<\/li><li>&#8211; Interpretar las estructuras del lenguaje castellano sus usos y variaciones dialectales en el habla y el lenguaje escrito.<\/li><\/ul><p style=\"text-align: justify\"><em>\u00bfQu\u00e9 resultados o logros de los aprendizajes relativos a las capacidades cognitivas y competencias gen\u00e9ricas son necesarias para el futuro ejercicio profesional?<\/em><\/p><ul style=\"text-align: justify\"><li>&#8211; Utilizar recursos de comunicaci\u00f3n y TICs. para ampliar las fuentes de informaci\u00f3n e interacciones socio-educativas en la generaci\u00f3n de ambientes de aprendizaje abiertos, democr\u00e1ticos, interculturales e inclusivos.<\/li><li>&#8211; Dise\u00f1ar, planificar, ejecutar y evaluar programas \u2013 proyectos educativos contextualizados, flexibles y adaptados a las necesidades de aprendizaje de los sujetos educativos.<\/li><li>&#8211; Producir construcciones de lenguaje, desde estructuras elementales hasta acad\u00e9micas, reflejando capacidad cr\u00edtica y reflexiva.<\/li><\/ul><p style=\"text-align: justify\"><em>\u00bfQu\u00e9 resultados o logros de los aprendizajes que se relacionan con el manejo de modelos, protocolos, procesos y procedimientos profesionales e investigativos son necesarios para el desempe\u00f1o del futuro profesional?<\/em><\/p><ul><li style=\"text-align: justify\">&#8211; Analizar, con diversidad de herramientas, los elementos del discurso literario, reconociendo las funciones comunicativas del lenguaje<\/li><li style=\"text-align: justify\">&#8211; Identificar la funcionalidad de diversas corrientes de an\u00e1lisis literario.<\/li><li style=\"text-align: justify\">&#8211; Dise\u00f1ar y desarrollar el curr\u00edculo a trav\u00e9s de estrategias de formulaci\u00f3n efectivas, involucrando saberes culturales, ancestrales y del Buen Vivir, para dar respuesta al contexto y necesidades del sujeto que aprende.<\/li><li style=\"text-align: justify\">&#8211; Organizar, interpretar, construir y evaluar el conocimiento de forma cr\u00edtica, creativa e integrada, orientado a la pr\u00e1ctica y a la metacognici\u00f3n, aplicando estrategias de investigaci\u00f3n cuantitativa.<\/li><li style=\"text-align: justify\">&#8211; Organizar y gestionar comunidades de aprendizaje: inclusivas y colaborativas, pertinentes con su contexto, que generen oportunidades para la construcci\u00f3n de ambientes de aprendizaje intercultural.<\/li><\/ul><\/div>\n\t\t\t\t\t\t\t\t\t<div class=\"elementor-tab-title elementor-tab-mobile-title\" aria-selected=\"false\" data-tab=\"3\" role=\"tab\" tabindex=\"-1\" aria-controls=\"elementor-tab-content-1943\" aria-expanded=\"false\">Malla Curricular<\/div>\n\t\t\t\t\t<div id=\"elementor-tab-content-1943\" class=\"elementor-tab-content elementor-clearfix\" data-tab=\"3\" role=\"tabpanel\" aria-labelledby=\"elementor-tab-title-1943\" tabindex=\"0\" hidden=\"hidden\"><p><a href=\"https:\/\/carreras.uleam.edu.ec\/facultad-de-educacion-turismo-artes-y-humanidades\/wp-content\/uploads\/sites\/75\/2024\/07\/MALLA-AJUSTES-2024-LENGUA-Y-LIT.pdf\" target=\"_blank\" rel=\"noopener\"><img loading=\"lazy\" decoding=\"async\" class=\"aligncenter wp-image-1450 size-large\" src=\"https:\/\/carreras.uleam.edu.ec\/facultad-de-educacion-turismo-artes-y-humanidades\/wp-content\/uploads\/sites\/75\/2024\/07\/malla-lengua-24-1024x735.png\" alt=\"\" width=\"1024\" height=\"735\" srcset=\"https:\/\/carreras.uleam.edu.ec\/facultad-de-educacion-turismo-artes-y-humanidades\/wp-content\/uploads\/sites\/75\/2024\/07\/malla-lengua-24-1024x735.png 1024w, https:\/\/carreras.uleam.edu.ec\/facultad-de-educacion-turismo-artes-y-humanidades\/wp-content\/uploads\/sites\/75\/2024\/07\/malla-lengua-24-300x215.png 300w, https:\/\/carreras.uleam.edu.ec\/facultad-de-educacion-turismo-artes-y-humanidades\/wp-content\/uploads\/sites\/75\/2024\/07\/malla-lengua-24-768x552.png 768w, https:\/\/carreras.uleam.edu.ec\/facultad-de-educacion-turismo-artes-y-humanidades\/wp-content\/uploads\/sites\/75\/2024\/07\/malla-lengua-24-1536x1103.png 1536w, https:\/\/carreras.uleam.edu.ec\/facultad-de-educacion-turismo-artes-y-humanidades\/wp-content\/uploads\/sites\/75\/2024\/07\/malla-lengua-24-2048x1471.png 2048w\" sizes=\"auto, (max-width: 1024px) 100vw, 1024px\" \/><\/a><\/p><\/div>\n\t\t\t\t\t\t\t\t\t<div class=\"elementor-tab-title elementor-tab-mobile-title\" aria-selected=\"false\" data-tab=\"4\" role=\"tab\" tabindex=\"-1\" aria-controls=\"elementor-tab-content-1944\" aria-expanded=\"false\">Docentes<\/div>\n\t\t\t\t\t<div id=\"elementor-tab-content-1944\" class=\"elementor-tab-content elementor-clearfix\" data-tab=\"4\" role=\"tabpanel\" aria-labelledby=\"elementor-tab-title-1944\" tabindex=\"0\" hidden=\"hidden\"><ul><li>Mgtr. Alarc\u00f3n Ch\u00e1vez Rossy Jeanette<\/li><li>Mgtr. Castro Medranda C\u00e9sar Iv\u00e1n<\/li><li>Mgtr. Espinoza Palma M\u00f3nica Alexandra<\/li><li>Mgtr. L\u00f3pez Zambrano Yestar Marllory<\/li><li>Mgtr. Lucio Gar\u00f3falo Fanny, Mg.<\/li><li>Mgtr. Mera Zambrano Ana Cecilia<\/li><li>Mgtr. Pin Carvajal Jackeline del Roc\u00edo<\/li><li>Mgtr. Rivera Solorzano Ana Teresa<\/li><li>Mgtr. Ronquillo Trivi\u00f1o Luis Eduardo<\/li><li>Mgtr. Vargas P\u00e1rraga Luis Enrique<\/li><li>Mgtr. G\u00f3mez Anchundia Juanita Del Carmen<\/li><li>Mgtr. Zambrano Delgado Betty Carmina<\/li><\/ul><\/div>\n\t\t\t\t\t\t\t\t\t<div class=\"elementor-tab-title elementor-tab-mobile-title\" aria-selected=\"false\" data-tab=\"5\" role=\"tab\" tabindex=\"-1\" aria-controls=\"elementor-tab-content-1945\" aria-expanded=\"false\">Datos Generales<\/div>\n\t\t\t\t\t<div id=\"elementor-tab-content-1945\" class=\"elementor-tab-content elementor-clearfix\" data-tab=\"5\" role=\"tabpanel\" aria-labelledby=\"elementor-tab-title-1945\" tabindex=\"0\" hidden=\"hidden\"><ul><li style=\"text-align: center\">Mg. Lucio Garofalo Fanny Consuelo<\/li><li style=\"text-align: center\">DIRECTORA DE CARRERA<\/li><li style=\"text-align: center\"><a href=\"mailto:fanny.lucio@uleam.edu.ec\">fanny.lucio@uleam.edu.ec<\/a><\/li><\/ul><hr \/><ul><li style=\"text-align: center\">SECRETARIA<\/li><li style=\"text-align: center\">MAIL<\/li><\/ul><hr \/><ul><li style=\"text-align: center\">HORARIO DE ATENCI\u00d3N:<\/li><li style=\"text-align: center\">DE 08:00 A 17:00\u00a0<\/li><li style=\"text-align: center\">Lunes \u2013 Viernes<\/li><\/ul><\/div>\n\t\t\t\t\t\t\t\t\t<div class=\"elementor-tab-title elementor-tab-mobile-title\" aria-selected=\"false\" data-tab=\"6\" role=\"tab\" tabindex=\"-1\" aria-controls=\"elementor-tab-content-1946\" aria-expanded=\"false\">Gesti\u00f3n y Proceso Estudiantil<\/div>\n\t\t\t\t\t<div id=\"elementor-tab-content-1946\" class=\"elementor-tab-content elementor-clearfix\" data-tab=\"6\" role=\"tabpanel\" aria-labelledby=\"elementor-tab-title-1946\" tabindex=\"0\" hidden=\"hidden\"><ul><li>\u21d2\u00a0Pr\u00e1cticas Pre-profesionales<\/li><li>\u21d2<a href=\"https:\/\/carreras.uleam.edu.ec\/facultad-de-educacion-turismo-artes-y-humanidades\/wp-content\/uploads\/sites\/75\/2023\/05\/COMISIONES.pdf\" target=\"_blank\" rel=\"noopener\"> Comisiones\u00a0<\/a><\/li><li>\u21d2 <a href=\"https:\/\/departamentos.uleam.edu.ec\/gestion-aseguramiento-calidad\/2019\/04\/08\/matricula\/\">Matr\u00edcula<\/a><\/li><li>\u21d2 <a href=\"https:\/\/departamentos.uleam.edu.ec\/gestion-aseguramiento-calidad\/reingreso-de-estudiantes\/\">Reingreso de estudiantes<\/a><\/li><li>\u21d2 <a href=\"https:\/\/departamentos.uleam.edu.ec\/gestion-aseguramiento-calidad\/homologacion-de-estudios-por-analisis-comparativo-de-contenidos\/\">Homologaci\u00f3n de Estudios por An\u00e1lisis Comparativo de Contenidos<\/a><\/li><\/ul><\/div>\n\t\t\t\t\t\t\t<\/div>\n\t\t<\/div>\n\t\t\t\t<\/div>\n\t\t\t\t<\/div>\n\t\t\t\t\t<\/div>\n\t\t<\/div>\n\t\t\t\t\t\t\t<\/div>\n\t\t<\/section>\n\t\t\t\t\t\t<\/div>\n\t\t\t\t\t<\/div>\n\t\t","protected":false},"excerpt":{"rendered":"<p>Misi\u00f3n y Visi\u00f3n Descripci\u00f3n General de la Carrera Malla Curricular Docentes Datos Generales Gesti\u00f3n y Proceso Estudiantil Misi\u00f3n y Visi\u00f3n Misi\u00f3n: La carrera Pedagog\u00eda de la Lengua y la Literatura forma docentes para desempe\u00f1arse en el \u00e1rea de Lengua y [&hellip;]<\/p>\n","protected":false},"author":7,"featured_media":0,"parent":0,"menu_order":0,"comment_status":"closed","ping_status":"closed","template":"","meta":{"_acf_changed":false,"footnotes":""},"class_list":["post-8","page","type-page","status-publish","hentry"],"acf":[],"_links":{"self":[{"href":"https:\/\/carreras.uleam.edu.ec\/facultad-de-educacion-turismo-artes-y-humanidades\/wp-json\/wp\/v2\/pages\/8","targetHints":{"allow":["GET"]}}],"collection":[{"href":"https:\/\/carreras.uleam.edu.ec\/facultad-de-educacion-turismo-artes-y-humanidades\/wp-json\/wp\/v2\/pages"}],"about":[{"href":"https:\/\/carreras.uleam.edu.ec\/facultad-de-educacion-turismo-artes-y-humanidades\/wp-json\/wp\/v2\/types\/page"}],"author":[{"embeddable":true,"href":"https:\/\/carreras.uleam.edu.ec\/facultad-de-educacion-turismo-artes-y-humanidades\/wp-json\/wp\/v2\/users\/7"}],"replies":[{"embeddable":true,"href":"https:\/\/carreras.uleam.edu.ec\/facultad-de-educacion-turismo-artes-y-humanidades\/wp-json\/wp\/v2\/comments?post=8"}],"version-history":[{"count":69,"href":"https:\/\/carreras.uleam.edu.ec\/facultad-de-educacion-turismo-artes-y-humanidades\/wp-json\/wp\/v2\/pages\/8\/revisions"}],"predecessor-version":[{"id":1895,"href":"https:\/\/carreras.uleam.edu.ec\/facultad-de-educacion-turismo-artes-y-humanidades\/wp-json\/wp\/v2\/pages\/8\/revisions\/1895"}],"wp:attachment":[{"href":"https:\/\/carreras.uleam.edu.ec\/facultad-de-educacion-turismo-artes-y-humanidades\/wp-json\/wp\/v2\/media?parent=8"}],"curies":[{"name":"wp","href":"https:\/\/api.w.org\/{rel}","templated":true}]}}