{"id":9,"date":"2022-09-09T01:32:33","date_gmt":"2022-09-09T01:32:33","guid":{"rendered":"https:\/\/carreras.uleam.edu.ec\/facultad-de-educacion-turismo-artes-y-humanidades\/?page_id=9"},"modified":"2025-03-14T16:28:36","modified_gmt":"2025-03-14T21:28:36","slug":"carrera-de-pedagogia-de-los-idiomas-nacionales-y-extranjeros","status":"publish","type":"page","link":"https:\/\/carreras.uleam.edu.ec\/facultad-de-educacion-turismo-artes-y-humanidades\/carrera-de-pedagogia-de-los-idiomas-nacionales-y-extranjeros\/","title":{"rendered":"Carrera Pedagog\u00eda de los Idiomas Nacionales y Extranjeros"},"content":{"rendered":"\t\t<div data-elementor-type=\"wp-page\" data-elementor-id=\"9\" class=\"elementor elementor-9\" data-elementor-settings=\"[]\">\n\t\t\t\t\t\t\t<div class=\"elementor-section-wrap\">\n\t\t\t\t\t\t\t<section class=\"elementor-section elementor-top-section elementor-element elementor-element-6c75248 elementor-section-boxed elementor-section-height-default elementor-section-height-default\" data-id=\"6c75248\" data-element_type=\"section\">\n\t\t\t\t\t\t<div class=\"elementor-container elementor-column-gap-default\">\n\t\t\t\t\t<div class=\"elementor-column elementor-col-100 elementor-top-column elementor-element elementor-element-5d58ff4\" data-id=\"5d58ff4\" data-element_type=\"column\">\n\t\t\t<div class=\"elementor-widget-wrap elementor-element-populated\">\n\t\t\t\t\t\t\t\t<div class=\"elementor-element elementor-element-b917b11 elementor-tabs-view-horizontal elementor-widget elementor-widget-tabs\" data-id=\"b917b11\" data-element_type=\"widget\" data-widget_type=\"tabs.default\">\n\t\t\t\t<div class=\"elementor-widget-container\">\n\t\t\t\t\t<div class=\"elementor-tabs\">\n\t\t\t<div class=\"elementor-tabs-wrapper\" role=\"tablist\" >\n\t\t\t\t\t\t\t\t\t<div id=\"elementor-tab-title-1941\" class=\"elementor-tab-title elementor-tab-desktop-title\" aria-selected=\"true\" data-tab=\"1\" role=\"tab\" tabindex=\"0\" aria-controls=\"elementor-tab-content-1941\" aria-expanded=\"false\">Misi\u00f3n y Visi\u00f3n <\/div>\n\t\t\t\t\t\t\t\t\t<div id=\"elementor-tab-title-1942\" class=\"elementor-tab-title elementor-tab-desktop-title\" aria-selected=\"false\" data-tab=\"2\" role=\"tab\" tabindex=\"-1\" aria-controls=\"elementor-tab-content-1942\" aria-expanded=\"false\">Descripci\u00f3n General de la Carrera<\/div>\n\t\t\t\t\t\t\t\t\t<div id=\"elementor-tab-title-1943\" class=\"elementor-tab-title elementor-tab-desktop-title\" aria-selected=\"false\" data-tab=\"3\" role=\"tab\" tabindex=\"-1\" aria-controls=\"elementor-tab-content-1943\" aria-expanded=\"false\">Malla Curricular<\/div>\n\t\t\t\t\t\t\t\t\t<div id=\"elementor-tab-title-1944\" class=\"elementor-tab-title elementor-tab-desktop-title\" aria-selected=\"false\" data-tab=\"4\" role=\"tab\" tabindex=\"-1\" aria-controls=\"elementor-tab-content-1944\" aria-expanded=\"false\">Docentes<\/div>\n\t\t\t\t\t\t\t\t\t<div id=\"elementor-tab-title-1945\" class=\"elementor-tab-title elementor-tab-desktop-title\" aria-selected=\"false\" data-tab=\"5\" role=\"tab\" tabindex=\"-1\" aria-controls=\"elementor-tab-content-1945\" aria-expanded=\"false\">Datos Generales<\/div>\n\t\t\t\t\t\t\t\t\t<div id=\"elementor-tab-title-1946\" class=\"elementor-tab-title elementor-tab-desktop-title\" aria-selected=\"false\" data-tab=\"6\" role=\"tab\" tabindex=\"-1\" aria-controls=\"elementor-tab-content-1946\" aria-expanded=\"false\">Gesti\u00f3n y Proceso Estudiantil<\/div>\n\t\t\t\t\t\t\t<\/div>\n\t\t\t<div class=\"elementor-tabs-content-wrapper\" role=\"tablist\" aria-orientation=\"vertical\">\n\t\t\t\t\t\t\t\t\t<div class=\"elementor-tab-title elementor-tab-mobile-title\" aria-selected=\"true\" data-tab=\"1\" role=\"tab\" tabindex=\"0\" aria-controls=\"elementor-tab-content-1941\" aria-expanded=\"false\">Misi\u00f3n y Visi\u00f3n <\/div>\n\t\t\t\t\t<div id=\"elementor-tab-content-1941\" class=\"elementor-tab-content elementor-clearfix\" data-tab=\"1\" role=\"tabpanel\" aria-labelledby=\"elementor-tab-title-1941\" tabindex=\"0\" hidden=\"false\"><p style=\"text-align: justify\">MISI\u00d3N:<\/p><p style=\"text-align: justify\">Formar profesionales competentes en la ense\u00f1anza del ingl\u00e9s para hablantes de otras lenguas, con un alto sentido de autoaprendizaje, compromiso y liderazgo en el sistema educativo nacional a trav\u00e9s del desarrollo y fortalecimiento de competencias ling\u00fc\u00edstico-comunicativas, metodol\u00f3gicas, investigativas y actitudinales que les permita contribuir a la transformaci\u00f3n y mejoramiento de la educaci\u00f3n ecuatoriana.<\/p><p style=\"text-align: justify\">VISI\u00d3N:<\/p><p style=\"text-align: justify\">Ser l\u00edderes en la formaci\u00f3n de profesionales competentes, critico-reflexivos y propositivos en el campo de la ense\u00f1anza del ingl\u00e9s para hablantes de otras lenguas del sistema de educaci\u00f3n superior, con conciencia del Buen Vivir y comprometidos con el desarrollo socio-econ\u00f3mico de nuestro pa\u00eds.<\/p><\/div>\n\t\t\t\t\t\t\t\t\t<div class=\"elementor-tab-title elementor-tab-mobile-title\" aria-selected=\"false\" data-tab=\"2\" role=\"tab\" tabindex=\"-1\" aria-controls=\"elementor-tab-content-1942\" aria-expanded=\"false\">Descripci\u00f3n General de la Carrera<\/div>\n\t\t\t\t\t<div id=\"elementor-tab-content-1942\" class=\"elementor-tab-content elementor-clearfix\" data-tab=\"2\" role=\"tabpanel\" aria-labelledby=\"elementor-tab-title-1942\" tabindex=\"0\" hidden=\"hidden\"><div>Carrera:\u00a0 \u00a0 \u00a0 \u00a0 \u00a0 \u00a0 \u00a0 \u00a0 \u00a0 \u00a0 \u00a0 \u00a0 \u00a0 \u00a0 \u00a0 \u00a0 \u00a0 \u00a0 PEDAGOG\u00cdA DE LOS IDIOMAS NACIONALES Y EXTRANJEROS<br \/>T\u00edtulo que otorga:\u00a0 \u00a0 \u00a0 \u00a0 \u00a0 \u00a0 \u00a0 \u00a0 \u00a0 Licenciado\/a en Pedagog\u00eda del Idioma Ingl\u00e9s<br \/>Modalidad de aprendizaje:\u00a0 \u00a0Presencial<br \/>N\u00famero de per\u00edodos:\u00a0 \u00a0 \u00a0 \u00a0 \u00a0 \u00a0\u00a0 Ocho (8) per\u00edodos acad\u00e9micos<\/div><p><span style=\"text-decoration: underline\">Objetivo general:<\/span><\/p><p>Formar docentes a nivel de grado, desde el humanismo social que se desempen\u0303en en el a\u0301rea de ingl\u00e9s, en los niveles del sistema educativo formal y no formal, comprometidos con la investigacio\u0301n, vinculacio\u0301n, interculturalidad e inclusio\u0301n; coherentes con los principios del Buen Vivir<\/p><p><span style=\"text-decoration: underline\">Perfil de ingreso:<\/span><\/p><ol><li>Poseer t\u00edtulo de bachiller o su equivalente, de conformidad con la Ley.<\/li><li>Haber cumplido los requisitos normados por el Sistema de Nivelaci\u00f3n y Admisi\u00f3n, el mismo que observar\u00e1 los principios de igualdad de oportunidades, m\u00e9rito y capacidad.<strong> <br \/><\/strong><\/li><\/ol><p><span style=\"text-decoration: underline\">Requisitos de ingreso:<\/span><\/p><p>Los requisitos de ingreso ser\u00e1n los contemplados en el Art\u00edculo 13 del Reglamento de R\u00e9gimen Acad\u00e9mico, cuyo texto dice:<\/p><p style=\"padding-left: 40px\">\u00a0<em>Ingreso a tercer nivel.- Para el ingreso al tercer nivel, se requiere poseer t\u00edtulo de bachiller o su equivalente, de conformidad con la Ley\u2026 <\/em><\/p><p style=\"padding-left: 40px\"><em>En el caso de las IES p\u00fablicas, haber cumplido los requisitos normados por el Sistema de Nivelaci\u00f3n y Admisi\u00f3n que observar\u00e1 los principios de igualdad de oportunidades, libertad de elecci\u00f3n de carrera y de m\u00e9ritos.<\/em><\/p><p style=\"padding-left: 40px\"><em>Las IES aceptar\u00e1n los t\u00edtulos de bachiller obtenidos en el extranjero, reconocidos o equiparados por el Ministerio de Educaci\u00f3n. Para tal efecto, las IES podr\u00e1n implementar plazos especiales para la presentaci\u00f3n de la documentaci\u00f3n, que contemplen el tiempo que el Ministerio de Educaci\u00f3n requiere para el reconocimiento o equiparaci\u00f3n de estos estudios.<\/em><\/p><p>Los mismos que se encuentran en concordancia con el Art\u00edculo 82 de la LOES.<\/p><p><span style=\"text-decoration: underline\">Requisitos de graduaci\u00f3n:<\/span><\/p><ul><li>&#8211; Aprobar la malla curricular<\/li><li>&#8211; Aprobaci\u00f3n del trabajo de titulaci\u00f3n.<\/li><\/ul><p><span style=\"text-decoration: underline\">Modalidades de titulaci\u00f3n:<\/span><\/p><ul><li><strong>&#8211; <\/strong>Art\u00edculo cient\u00edfico.<\/li><li>&#8211; Sistematizaci\u00f3n de experiencias.<\/li><li>&#8211; TEFL application process.<\/li><li>&#8211; TEFL community service.<\/li><\/ul><p><span style=\"text-decoration: underline\">Campo Ocupacional:<\/span><\/p><p>La carrera Pedagogi\u0301a del Idioma Ingl\u00e9s de la Universidad Laica Eloy Alfaro de Manabi\u0301, como respuesta a las expectativas y necesidades de la sociedad, forma profesionales quienes estar\u00e1n comprometidos con el proceso de adquisici\u00f3n y aprendizaje del Idioma Ingl\u00e9s como lengua extranjera, a nivel de educaci\u00f3n b\u00e1sica, bachillerato en instituciones educativas p\u00fablicas y privadas al igual que en los institutos tecnol\u00f3gicos.<\/p><p><span style=\"text-decoration: underline\">Perfil de egreso:<\/span><\/p><ol><li><span style=\"text-decoration: underline\"><em>Conocimiento del Idioma.<\/em> <\/span>Demuestra conocimiento de las estructuras del idioma ingl\u00e9s, el uso del idioma ingl\u00e9s, la adquisici\u00f3n y el desarrollo de un segundo idioma y los procesos ling\u00fc\u00edsticos para ayudar a los estudiantes a adquirir el lenguaje acad\u00e9mico y las alfabetizaciones espec\u00edficas de varias \u00e1reas de contenido.<\/li><li><span style=\"text-decoration: underline\"><em>Contexto sociocultural<\/em><\/span>. Demuestra y aplica el conocimiento del impacto de los contextos acad\u00e9micos, personales, familiares, culturales, sociales y sociopol\u00edticos din\u00e1micos en la educaci\u00f3n y la adquisici\u00f3n del idioma ingl\u00e9s de los estudiantes, seg\u00fan lo respaldan la investigaci\u00f3n y las teor\u00edas. Investiga las caracter\u00edsticas acad\u00e9micas y personales de cada estudiante, as\u00ed como las circunstancias familiares y las pr\u00e1cticas de alfabetizaci\u00f3n, para desarrollar pr\u00e1cticas de evaluaci\u00f3n e instrucci\u00f3n efectivas e individualizadas para sus estudiantes. Reconoce c\u00f3mo la identidad, el rol, la cultura y los prejuicios del educador afectan la interpretaci\u00f3n de las fortalezas y necesidades de los estudiantes.<\/li><li><span style=\"text-decoration: underline\"><em>Planificaci\u00f3n y ejecuci\u00f3n de la ense\u00f1anza.<\/em><\/span> Planifica entornos de apoyo para estudiantes, dise\u00f1an e implementan instrucci\u00f3n basada en est\u00e1ndares utilizando enfoques interactivos basados en evidencia y centrados en los estudiantes. Toma decisiones de instrucci\u00f3n reflexionando sobre los resultados individuales de los estudiantes y ajustando la instrucci\u00f3n. Demuestra comprensi\u00f3n del papel de la colaboraci\u00f3n con colegas y la comunicaci\u00f3n con las familias para apoyar la adquisici\u00f3n del idioma ingl\u00e9s y la alfabetizaci\u00f3n de sus estudiantes en las \u00e1reas de contenido. Utiliza y adapta los recursos pertinentes, incluida la tecnolog\u00eda adecuada, para planificar, desarrollar, implementar y comunicar de manera efectiva la instrucci\u00f3n para los estudiantes.<\/li><li><span style=\"text-decoration: underline\"><em>Valoraci\u00f3n y Evaluaci\u00f3n.<\/em><\/span> Aplica los principios de evaluaci\u00f3n para analizar e interpretar evaluaciones m\u00faltiples y variadas para los estudiantes, incluidas evaluaciones basadas en el aula, estandarizadas y de dominio del idioma. Entiende c\u00f3mo analizar e interpretar datos para tomar decisiones informadas que promuevan el idioma ingl\u00e9s y el aprendizaje de contenido. Entiende la importancia de comunicar los resultados a otros educadores, estudiantes y familias de los estudiantes.<\/li><li><span style=\"text-decoration: underline\"><em>Profesionalismo y Liderazgo.<\/em> <\/span>Demuestra profesionalismo y liderazgo al colaborar con otros educadores, conocer las pol\u00edticas y la legislaci\u00f3n y los derechos de los estudiantes, abogar por los estudiantes y sus familias, participar en la autoevaluaci\u00f3n y la reflexi\u00f3n, buscar el desarrollo profesional continuo y perfeccionar su pr\u00e1ctica docente a trav\u00e9s de la ense\u00f1anza supervisada.<\/li><\/ol><\/div>\n\t\t\t\t\t\t\t\t\t<div class=\"elementor-tab-title elementor-tab-mobile-title\" aria-selected=\"false\" data-tab=\"3\" role=\"tab\" tabindex=\"-1\" aria-controls=\"elementor-tab-content-1943\" aria-expanded=\"false\">Malla Curricular<\/div>\n\t\t\t\t\t<div id=\"elementor-tab-content-1943\" class=\"elementor-tab-content elementor-clearfix\" data-tab=\"3\" role=\"tabpanel\" aria-labelledby=\"elementor-tab-title-1943\" tabindex=\"0\" hidden=\"hidden\"><p><a href=\"https:\/\/carreras.uleam.edu.ec\/facultad-de-educacion-turismo-artes-y-humanidades\/wp-content\/uploads\/sites\/75\/2024\/07\/Malla-Ajustada-PINE.pdf\" target=\"_blank\" rel=\"noopener\"><img loading=\"lazy\" decoding=\"async\" class=\"aligncenter wp-image-1474 size-large\" src=\"https:\/\/carreras.uleam.edu.ec\/facultad-de-educacion-turismo-artes-y-humanidades\/wp-content\/uploads\/sites\/75\/2024\/07\/malla-pine-1024x744.png\" alt=\"\" width=\"1024\" height=\"744\" srcset=\"https:\/\/carreras.uleam.edu.ec\/facultad-de-educacion-turismo-artes-y-humanidades\/wp-content\/uploads\/sites\/75\/2024\/07\/malla-pine-1024x744.png 1024w, https:\/\/carreras.uleam.edu.ec\/facultad-de-educacion-turismo-artes-y-humanidades\/wp-content\/uploads\/sites\/75\/2024\/07\/malla-pine-300x218.png 300w, https:\/\/carreras.uleam.edu.ec\/facultad-de-educacion-turismo-artes-y-humanidades\/wp-content\/uploads\/sites\/75\/2024\/07\/malla-pine-768x558.png 768w, https:\/\/carreras.uleam.edu.ec\/facultad-de-educacion-turismo-artes-y-humanidades\/wp-content\/uploads\/sites\/75\/2024\/07\/malla-pine-1536x1116.png 1536w, https:\/\/carreras.uleam.edu.ec\/facultad-de-educacion-turismo-artes-y-humanidades\/wp-content\/uploads\/sites\/75\/2024\/07\/malla-pine-2048x1488.png 2048w\" sizes=\"auto, (max-width: 1024px) 100vw, 1024px\" \/><\/a><\/p><\/div>\n\t\t\t\t\t\t\t\t\t<div class=\"elementor-tab-title elementor-tab-mobile-title\" aria-selected=\"false\" data-tab=\"4\" role=\"tab\" tabindex=\"-1\" aria-controls=\"elementor-tab-content-1944\" aria-expanded=\"false\">Docentes<\/div>\n\t\t\t\t\t<div id=\"elementor-tab-content-1944\" class=\"elementor-tab-content elementor-clearfix\" data-tab=\"4\" role=\"tabpanel\" aria-labelledby=\"elementor-tab-title-1944\" tabindex=\"0\" hidden=\"hidden\"><ul><li>Mgtr. Bazurto Alc\u00edvar Gabriel Jos\u00e9<\/li><li>Mgtr. Carrera Moreno Germ\u00e1n Wenceslao<\/li><li>Mgtr. Ch\u00e1vez Zambrano Ver\u00f3nica Vanessa<\/li><li>Mgtr. Corral Joniaux Jorge Antonio<\/li><li>Mgtr. Farf\u00e1n Corrales Ulbio Gonzalo<\/li><li>Mgtr. Intriago Palacios Eder Agust\u00edn<\/li><li>Mgtr. L\u00f3pez Farf\u00e1n R\u00f3mulo Silvino<\/li><li>Mgtr. Villafuerte Holgu\u00edn Jhonny Saulo Alberto<\/li><li>Mgtr. Zambrano Zambrano Cintya Maribel<\/li><li>Mgtr. Bello Piguave Johanna Elizabeth<\/li><li>Mgtr. Mena S\u00e1nchez Laura Mar\u00eda<\/li><li>Mgtr. Basantes Robalino Mar\u00eda Cristina<\/li><\/ul><\/div>\n\t\t\t\t\t\t\t\t\t<div class=\"elementor-tab-title elementor-tab-mobile-title\" aria-selected=\"false\" data-tab=\"5\" role=\"tab\" tabindex=\"-1\" aria-controls=\"elementor-tab-content-1945\" aria-expanded=\"false\">Datos Generales<\/div>\n\t\t\t\t\t<div id=\"elementor-tab-content-1945\" class=\"elementor-tab-content elementor-clearfix\" data-tab=\"5\" role=\"tabpanel\" aria-labelledby=\"elementor-tab-title-1945\" tabindex=\"0\" hidden=\"hidden\"><ul><li style=\"text-align: center\">Lic. Jorge Corral Joniaux, Mg.<\/li><li style=\"text-align: center\">DIRECTOR DE CARRERA<\/li><li style=\"text-align: center\"><p><a href=\"mailto:jorge.corral@uleam.edu.ec\">jorge.corral@uleam.edu.ec<\/a><\/p><\/li><\/ul><hr \/><ul style=\"text-align: center\"><li>Ing. Yasm\u00edn \u00a0Berm\u00fadez Velasco<\/li><li style=\"text-align: center\">SECRETARIA:<\/li><li style=\"text-align: center\"><p><a href=\"mailto:yasmin.bermudez@uleam.edu.ec\">yasmin.bermudez@uleam.edu.ec<\/a><\/p><\/li><\/ul><hr \/><ul><li style=\"text-align: center\">HORARIO DE ATENCI\u00d3N:<\/li><li style=\"text-align: center\">DE 08:00 A 17:00\u00a0<\/li><li style=\"text-align: center\">Lunes \u2013 Viernes<\/li><\/ul><\/div>\n\t\t\t\t\t\t\t\t\t<div class=\"elementor-tab-title elementor-tab-mobile-title\" aria-selected=\"false\" data-tab=\"6\" role=\"tab\" tabindex=\"-1\" aria-controls=\"elementor-tab-content-1946\" aria-expanded=\"false\">Gesti\u00f3n y Proceso Estudiantil<\/div>\n\t\t\t\t\t<div id=\"elementor-tab-content-1946\" class=\"elementor-tab-content elementor-clearfix\" data-tab=\"6\" role=\"tabpanel\" aria-labelledby=\"elementor-tab-title-1946\" tabindex=\"0\" hidden=\"hidden\"><ul><li>\u21d2\u00a0Pr\u00e1cticas Pre-profesionales<\/li><li>\u21d2 <a href=\"https:\/\/carreras.uleam.edu.ec\/facultad-de-educacion-turismo-artes-y-humanidades\/wp-content\/uploads\/sites\/75\/2023\/05\/COMISIONES.pdf\" target=\"_blank\" rel=\"noopener\">Comisiones\u00a0<\/a><\/li><li>\u21d2 <a href=\"https:\/\/departamentos.uleam.edu.ec\/gestion-aseguramiento-calidad\/2019\/04\/08\/matricula\/\">Matr\u00edcula<\/a><\/li><li>\u21d2 <a href=\"https:\/\/departamentos.uleam.edu.ec\/gestion-aseguramiento-calidad\/reingreso-de-estudiantes\/\">Reingreso de estudiantes<\/a><\/li><li>\u21d2 <a href=\"https:\/\/departamentos.uleam.edu.ec\/gestion-aseguramiento-calidad\/homologacion-de-estudios-por-analisis-comparativo-de-contenidos\/\">Homologaci\u00f3n de Estudios por An\u00e1lisis Comparativo de Contenidos<\/a><\/li><\/ul><\/div>\n\t\t\t\t\t\t\t<\/div>\n\t\t<\/div>\n\t\t\t\t<\/div>\n\t\t\t\t<\/div>\n\t\t\t\t\t<\/div>\n\t\t<\/div>\n\t\t\t\t\t\t\t<\/div>\n\t\t<\/section>\n\t\t\t\t\t\t<\/div>\n\t\t\t\t\t<\/div>\n\t\t","protected":false},"excerpt":{"rendered":"<p>Misi\u00f3n y Visi\u00f3n Descripci\u00f3n General de la Carrera Malla Curricular Docentes Datos Generales Gesti\u00f3n y Proceso Estudiantil Misi\u00f3n y Visi\u00f3n MISI\u00d3N: Formar profesionales competentes en la ense\u00f1anza del ingl\u00e9s para hablantes de otras lenguas, con un alto sentido de autoaprendizaje, [&hellip;]<\/p>\n","protected":false},"author":7,"featured_media":0,"parent":0,"menu_order":0,"comment_status":"closed","ping_status":"closed","template":"","meta":{"_acf_changed":false,"footnotes":""},"class_list":["post-9","page","type-page","status-publish","hentry"],"acf":[],"_links":{"self":[{"href":"https:\/\/carreras.uleam.edu.ec\/facultad-de-educacion-turismo-artes-y-humanidades\/wp-json\/wp\/v2\/pages\/9","targetHints":{"allow":["GET"]}}],"collection":[{"href":"https:\/\/carreras.uleam.edu.ec\/facultad-de-educacion-turismo-artes-y-humanidades\/wp-json\/wp\/v2\/pages"}],"about":[{"href":"https:\/\/carreras.uleam.edu.ec\/facultad-de-educacion-turismo-artes-y-humanidades\/wp-json\/wp\/v2\/types\/page"}],"author":[{"embeddable":true,"href":"https:\/\/carreras.uleam.edu.ec\/facultad-de-educacion-turismo-artes-y-humanidades\/wp-json\/wp\/v2\/users\/7"}],"replies":[{"embeddable":true,"href":"https:\/\/carreras.uleam.edu.ec\/facultad-de-educacion-turismo-artes-y-humanidades\/wp-json\/wp\/v2\/comments?post=9"}],"version-history":[{"count":68,"href":"https:\/\/carreras.uleam.edu.ec\/facultad-de-educacion-turismo-artes-y-humanidades\/wp-json\/wp\/v2\/pages\/9\/revisions"}],"predecessor-version":[{"id":1896,"href":"https:\/\/carreras.uleam.edu.ec\/facultad-de-educacion-turismo-artes-y-humanidades\/wp-json\/wp\/v2\/pages\/9\/revisions\/1896"}],"wp:attachment":[{"href":"https:\/\/carreras.uleam.edu.ec\/facultad-de-educacion-turismo-artes-y-humanidades\/wp-json\/wp\/v2\/media?parent=9"}],"curies":[{"name":"wp","href":"https:\/\/api.w.org\/{rel}","templated":true}]}}