{"id":12,"date":"2022-09-09T01:28:00","date_gmt":"2022-09-09T01:28:00","guid":{"rendered":"https:\/\/carreras.uleam.edu.ec\/facultad-ingenieria-industria-y-construccion\/?page_id=12"},"modified":"2025-03-14T21:07:03","modified_gmt":"2025-03-14T21:07:03","slug":"carrera-de-ingenieria-maritima","status":"publish","type":"page","link":"https:\/\/carreras.uleam.edu.ec\/facultad-ingenieria-industria-y-arquitectura\/carrera-de-ingenieria-maritima\/","title":{"rendered":"Carrera Ingenier\u00eda Mar\u00edtima"},"content":{"rendered":"\t\t<div data-elementor-type=\"wp-page\" data-elementor-id=\"12\" class=\"elementor elementor-12\" data-elementor-settings=\"[]\">\n\t\t\t\t\t\t\t<div class=\"elementor-section-wrap\">\n\t\t\t\t\t\t\t<section class=\"elementor-section elementor-top-section elementor-element elementor-element-f72de2b elementor-section-boxed elementor-section-height-default elementor-section-height-default\" data-id=\"f72de2b\" data-element_type=\"section\">\n\t\t\t\t\t\t<div class=\"elementor-container elementor-column-gap-default\">\n\t\t\t\t\t<div class=\"elementor-column elementor-col-100 elementor-top-column elementor-element elementor-element-c7d28f8\" data-id=\"c7d28f8\" data-element_type=\"column\">\n\t\t\t<div class=\"elementor-widget-wrap elementor-element-populated\">\n\t\t\t\t\t\t\t\t<div class=\"elementor-element elementor-element-a521132 elementor-tabs-view-horizontal elementor-widget elementor-widget-tabs\" data-id=\"a521132\" data-element_type=\"widget\" data-widget_type=\"tabs.default\">\n\t\t\t\t<div class=\"elementor-widget-container\">\n\t\t\t\t\t<div class=\"elementor-tabs\">\n\t\t\t<div class=\"elementor-tabs-wrapper\" role=\"tablist\" >\n\t\t\t\t\t\t\t\t\t<div id=\"elementor-tab-title-1731\" class=\"elementor-tab-title elementor-tab-desktop-title\" aria-selected=\"true\" data-tab=\"1\" role=\"tab\" tabindex=\"0\" aria-controls=\"elementor-tab-content-1731\" aria-expanded=\"false\">Bienvenidos<\/div>\n\t\t\t\t\t\t\t\t\t<div id=\"elementor-tab-title-1732\" class=\"elementor-tab-title elementor-tab-desktop-title\" aria-selected=\"false\" data-tab=\"2\" role=\"tab\" tabindex=\"-1\" aria-controls=\"elementor-tab-content-1732\" aria-expanded=\"false\">Misi\u00f3n y Visi\u00f3n<\/div>\n\t\t\t\t\t\t\t\t\t<div id=\"elementor-tab-title-1733\" class=\"elementor-tab-title elementor-tab-desktop-title\" aria-selected=\"false\" data-tab=\"3\" role=\"tab\" tabindex=\"-1\" aria-controls=\"elementor-tab-content-1733\" aria-expanded=\"false\">Descripci\u00f3n General de la Carrera<\/div>\n\t\t\t\t\t\t\t\t\t<div id=\"elementor-tab-title-1734\" class=\"elementor-tab-title elementor-tab-desktop-title\" aria-selected=\"false\" data-tab=\"4\" role=\"tab\" tabindex=\"-1\" aria-controls=\"elementor-tab-content-1734\" aria-expanded=\"false\">Malla Curricular<\/div>\n\t\t\t\t\t\t\t\t\t<div id=\"elementor-tab-title-1735\" class=\"elementor-tab-title elementor-tab-desktop-title\" aria-selected=\"false\" data-tab=\"5\" role=\"tab\" tabindex=\"-1\" aria-controls=\"elementor-tab-content-1735\" aria-expanded=\"false\">Docentes<\/div>\n\t\t\t\t\t\t\t\t\t<div id=\"elementor-tab-title-1736\" class=\"elementor-tab-title elementor-tab-desktop-title\" aria-selected=\"false\" data-tab=\"6\" role=\"tab\" tabindex=\"-1\" aria-controls=\"elementor-tab-content-1736\" aria-expanded=\"false\">Datos Generales<\/div>\n\t\t\t\t\t\t\t\t\t<div id=\"elementor-tab-title-1737\" class=\"elementor-tab-title elementor-tab-desktop-title\" aria-selected=\"false\" data-tab=\"7\" role=\"tab\" tabindex=\"-1\" aria-controls=\"elementor-tab-content-1737\" aria-expanded=\"false\">Gesti\u00f3n y Proceso Estudiantil<\/div>\n\t\t\t\t\t\t\t<\/div>\n\t\t\t<div class=\"elementor-tabs-content-wrapper\" role=\"tablist\" aria-orientation=\"vertical\">\n\t\t\t\t\t\t\t\t\t<div class=\"elementor-tab-title elementor-tab-mobile-title\" aria-selected=\"true\" data-tab=\"1\" role=\"tab\" tabindex=\"0\" aria-controls=\"elementor-tab-content-1731\" aria-expanded=\"false\">Bienvenidos<\/div>\n\t\t\t\t\t<div id=\"elementor-tab-content-1731\" class=\"elementor-tab-content elementor-clearfix\" data-tab=\"1\" role=\"tabpanel\" aria-labelledby=\"elementor-tab-title-1731\" tabindex=\"0\" hidden=\"false\"><p><iframe loading=\"lazy\" title=\"INGENIER\u00cdA MAR\u00cdTIMA\" width=\"500\" height=\"281\" src=\"https:\/\/www.youtube.com\/embed\/C3mpTybusRk?feature=oembed\" frameborder=\"0\" allow=\"accelerometer; autoplay; clipboard-write; encrypted-media; gyroscope; picture-in-picture; web-share\" referrerpolicy=\"strict-origin-when-cross-origin\" allowfullscreen><\/iframe><\/p><\/div>\n\t\t\t\t\t\t\t\t\t<div class=\"elementor-tab-title elementor-tab-mobile-title\" aria-selected=\"false\" data-tab=\"2\" role=\"tab\" tabindex=\"-1\" aria-controls=\"elementor-tab-content-1732\" aria-expanded=\"false\">Misi\u00f3n y Visi\u00f3n<\/div>\n\t\t\t\t\t<div id=\"elementor-tab-content-1732\" class=\"elementor-tab-content elementor-clearfix\" data-tab=\"2\" role=\"tabpanel\" aria-labelledby=\"elementor-tab-title-1732\" tabindex=\"0\" hidden=\"hidden\"><p style=\"text-align: justify\">MISI\u00d3N<\/p><div style=\"text-align: justify\">Formar ingenieros mar\u00edtimos en el mantenimiento, dise\u00f1o, construcci\u00f3n, operaci\u00f3n y gesti\u00f3n de embarcaciones y sistemas mar\u00edtimos, con un enfoque en seguridad, eficiencia, sostenibilidad y \u00e9tica profesional, contribuyendo al desarrollo del sector mar\u00edtimo e industrial.<\/div><p style=\"text-align: justify\">VISI\u00d3N<\/p><p style=\"text-align: justify\">Ser un programa acad\u00e9mico reconocido a nivel nacional e internacional en la formaci\u00f3n de profesionales altamente capacitados en los avances tecnol\u00f3gicos de la industria mar\u00edtima.<\/p><\/div>\n\t\t\t\t\t\t\t\t\t<div class=\"elementor-tab-title elementor-tab-mobile-title\" aria-selected=\"false\" data-tab=\"3\" role=\"tab\" tabindex=\"-1\" aria-controls=\"elementor-tab-content-1733\" aria-expanded=\"false\">Descripci\u00f3n General de la Carrera<\/div>\n\t\t\t\t\t<div id=\"elementor-tab-content-1733\" class=\"elementor-tab-content elementor-clearfix\" data-tab=\"3\" role=\"tabpanel\" aria-labelledby=\"elementor-tab-title-1733\" tabindex=\"0\" hidden=\"hidden\"><p style=\"text-align: justify\">NOMBRE DE LA CARRERA:\u00a0 \u00a0 \u00a0 \u00a0 \u00a0 \u00a0 \u00a0 \u00a0 \u00a0 \u00a0 \u00a0 \u00a0 INGENIER\u00cdA MAR\u00cdTIMA<\/p><p style=\"text-align: justify\">TITULO QUE OTORGA:\u00a0 \u00a0 \u00a0 \u00a0 \u00a0 \u00a0 \u00a0 \u00a0 \u00a0 \u00a0 \u00a0 \u00a0 \u00a0 \u00a0 \u00a0 \u00a0 \u00a0INGENIERO\/A MAR\u00cdTIMO\/A\u00a0<\/p><p style=\"text-align: justify\">MODALIDAD DE APRENDIZAJE:\u00a0 \u00a0 \u00a0\u00a0 \u00a0 \u00a0 \u00a0 \u00a0\u00a0 PRESENCIAL<\/p><p style=\"text-align: justify\">NUMERO DE PERIODOS ORDINARIOS:\u00a0 \u00a0\u00a0 9<\/p><p style=\"text-align: justify\">\u00c1REA DE CONOCIMIENTO\/FACULTAD:\u00a0 \u00a0 \u00a0INGENIER\u00cdA, INDUSTRIA Y CONSTRUCCI\u00d3N<\/p><p style=\"text-align: justify\">OBJETIVO GENERAL:<\/p><p style=\"text-align: justify\">FORMAR INGENIEROS\/AS MAR\u00cdTIMOS \/AS QUE RESPONDAN A LAS EXIGENCIAS DE LOS AVANCES TECNOL\u00d3GICOS, CONVIRTI\u00c9NDOLOS EN PROFESIONALES QUE: DISE\u00d1EN, DESARROLLEN, CONSTRUYAN,INSTALEN, INSPECCIONEN, GESTIONE, OPEREN Y SUPERVISEN LOS SISTEMAS DE PROPULSI\u00d3N, MOTORES,BOMBAS Y OTROS SISTEMAS Y\/O EQUIPOS A BORDO DE BUQUES MERCANTES, EMBARCACIONES Y PLATAFORMAS FLOTANTES; PUDIENDO DESEMPE\u00d1ARSE EN COMPA\u00d1\u00cdAS NAVIERAS, EMPRESAS DE ADMINISTRACI\u00d3N FLOTAS DE BUQUES, ASTILLEROS Y SOCIEDADES CLASIFICADORAS, TANTO NACIONALES COMO INTERNACIONALES, RESPONDIENDO A LOS CAMBIOS SOCIALES, REALIDAD ECON\u00d3MICA Y RESPETANDO AL MEDIO AMBIENTE, LOGRANDO INSERTARSE CON CAPACIDAD INNOVADORA EN EL SECTOR MAR\u00cdTIMO.<\/p><p style=\"text-align: justify\">PERFIL DE INGRESO:\u00a0<\/p><p style=\"text-align: justify\">EL ASPIRANTE A ESTA CARRERA DEBER\u00c1:<\/p><ul style=\"text-align: justify\"><li>COMUNICARSE EN LENGUA MATERNA, UTILIZANDO LOS DIFERENTES TIPOS DE LENGUAJE.<\/li><li>UTILIZAR DE MANERA EFICIENTE LAS DIFERENTES FORMAS DE PENSAMIENTO: ANAL\u00cdTICO, SIST\u00c9MICO, DEDUCTIVO, ARGUMENTATIVO, CRITICO Y CREATIVO EN LA SOLUCI\u00d3N DE PROBLEMAS.<\/li><li>TRABAJAR EN EQUIPO CON DIVERSIDAD CULTURAL Y SOCIAL.<\/li><li>UTILIZAR LA TECNOLOG\u00cdA COMO SOPORTE DE SUS PROCESOS DE APRENDIZAJE.<\/li><li>DEMOSTRAR INTER\u00c9S POR SU AUTO PREPARACI\u00d3N Y FORMACI\u00d3N PROFESIONAL.<\/li><li>DISPOSICI\u00d3N PARA EL DESARROLLO DE H\u00c1BITOS SALUDABLES Y DEPORTIVOS.<\/li><\/ul><p style=\"text-align: justify\">REQUISITOS DE INGRESO:<\/p><ul style=\"text-align: justify\"><li>POSEER TITULO DE BACHILLER O SU EQUIVALENTE DEBIDAMENTE RECONOCIDO POR EL MINISTERIO DE EDUCACI\u00d3N.<\/li><li>HABER CUMPLIDO CON LOS REQUISITOS NORMADOS POR EL SISTEMA DE NIVELACI\u00d3N Y ADMISI\u00d3N, EL MISMO QUE OBSERVARA LOS PRINCIPIOS DE IGUALDAD DE OPORTUNIDADES, MERITO Y CAPACIDAD.<\/li><li>CUMPLIR CON LA ENTREGA DE DOCUMENTACI\u00d3N PERSONAL Y HABILITANTE EN SECRETARIA DE CARRERA.<\/li><li>EN CASOS ESPECIALES, CERTIFICADOS DE RECONOCIMIENTO Y HOMOLOGACI\u00d3N DE ESTUDIOS DE OTRAS IES DE CONFORMIDAD CON LOS ART. 81, 82 Y 83 DEL REGLAMENTO DE R\u00c9GIMEN ACAD\u00c9MICO DEL CES.<\/li><\/ul><p style=\"text-align: justify\">REQUISITOS DE GRADUACI\u00d3N:<\/p><ul style=\"text-align: justify\"><li>HABER APROBADO LA MALLA CURRICULAR INCLUYENDO LAS PRACTICAS PREPROFESIONALES Y VINCULACI\u00d3N CON LA COLECTIVIDAD.<\/li><li>HABER APROBADO UNA MODALIDAD DE TITULACI\u00d3N DENTRO DE LO ESTABLECIDO EN LAS NORMAS INSTITUCIONALES.<\/li><li>ACREDITAR SUFICIENCIA EN LA COMPETENCIA COMUNICATIVA A NIVEL B1 -MCER DEL IDIOMA INGL\u00c9S.<\/li><\/ul><p style=\"text-align: justify\">MODALIDADES DE TITULACI\u00d3N:<\/p><ul style=\"text-align: justify\"><li>PROYECTOS DE INVESTIGACI\u00d3N<\/li><li>PROYECTOS T\u00c9CNICOS<\/li><\/ul><p style=\"text-align: justify\">CAMPO OCUPACIONAL:<\/p><p style=\"text-align: justify\">La carrera de Ingenier\u00eda Mar\u00edtima integra una serie de conocimientos espec\u00edficos a nivel superior universitario en el \u00e1mbito de las tecnolog\u00edas mar\u00edtimas, que, atendiendo a sus aplicaciones, se pueden clasificar en cuatro apartados:<\/p><ul style=\"text-align: justify\"><li>Los relativos a la optimizaci\u00f3n en la operaci\u00f3n, reparaci\u00f3n, mantenimiento y dise\u00f1o de instalaciones energ\u00e9ticas del buque.<\/li><li>Los relacionados con la gesti\u00f3n y organizaci\u00f3n del mantenimiento, recursos humanos y explotaci\u00f3n del buque.<\/li><li>Los implicados en los proyectos de reparaciones, inspecciones y construcci\u00f3n de todo tipo de buques y plataformas marinas.<\/li><li>Alternativamente, puede convertirse en un experto ingeniero de dise\u00f1o mar\u00edtimo, donde pasar\u00e1 la mayor parte del tiempo dise\u00f1ando maquinaria compleja utilizando el software de dise\u00f1o asistido por computadora (CAD).<\/li><\/ul><p style=\"text-align: justify\">Las funciones y roles de los escenarios laborales en los que actuar\u00e1n los futuros profesionales tanto en el SECTOR PRIVADO Y P\u00daBLICO ser\u00eda:<\/p><ul><li style=\"text-align: justify\">Asesor\u00eda a las empresas pesqueras, autoridad mar\u00edtima, armadores independientes y asociados, empresas de motores,<\/li><li style=\"text-align: justify\">Consultor\u00edas privadas que prestan servicios a empresas privadas y organismos de desarrollo.<\/li><li style=\"text-align: justify\">Labores Mec\u00e1nicas, el\u00e9ctricas, frigor\u00edficas y electr\u00f3nicas a bordo en la flota de buques y afines.<\/li><li style=\"text-align: justify\">Docencia en centros de capacitaci\u00f3n.<\/li><li style=\"text-align: justify\">Investigaci\u00f3n y desarrollo en empresas privadas y\/o p\u00fablicas.<\/li><li style=\"text-align: justify\">Formar empresas particulares de mantenimiento, reparaci\u00f3n, y producci\u00f3n Mec\u00e1nica, el\u00e9ctrica y refrigeraci\u00f3n para buques o sistemas flotantes y sumergibles.<\/li><\/ul><\/div>\n\t\t\t\t\t\t\t\t\t<div class=\"elementor-tab-title elementor-tab-mobile-title\" aria-selected=\"false\" data-tab=\"4\" role=\"tab\" tabindex=\"-1\" aria-controls=\"elementor-tab-content-1734\" aria-expanded=\"false\">Malla Curricular<\/div>\n\t\t\t\t\t<div id=\"elementor-tab-content-1734\" class=\"elementor-tab-content elementor-clearfix\" data-tab=\"4\" role=\"tabpanel\" aria-labelledby=\"elementor-tab-title-1734\" tabindex=\"0\" hidden=\"hidden\"><ul><li><h5><a href=\"https:\/\/carreras.uleam.edu.ec\/facultad-ingenieria-industria-y-construccion\/wp-content\/uploads\/sites\/74\/2023\/01\/MALLA-INGENIERIA-MARITIMA-2022-VIGENTE.pdf\">MALLA INGENIER\u00cdA MAR\u00cdTIMA 2022 VIGENTE<\/a><\/h5><\/li><li><h5><a href=\"https:\/\/carreras.uleam.edu.ec\/facultad-ingenieria-industria-y-arquitectura\/wp-content\/uploads\/sites\/74\/2024\/01\/MALLA-ING.-MARITIMA-2024-NS.pdf\">MALLA ING. MAR\u00cdTIMA 2024-NS<\/a><\/h5><\/li><\/ul><\/div>\n\t\t\t\t\t\t\t\t\t<div class=\"elementor-tab-title elementor-tab-mobile-title\" aria-selected=\"false\" data-tab=\"5\" role=\"tab\" tabindex=\"-1\" aria-controls=\"elementor-tab-content-1735\" aria-expanded=\"false\">Docentes<\/div>\n\t\t\t\t\t<div id=\"elementor-tab-content-1735\" class=\"elementor-tab-content elementor-clearfix\" data-tab=\"5\" role=\"tabpanel\" aria-labelledby=\"elementor-tab-title-1735\" tabindex=\"0\" hidden=\"hidden\"><ul><li>ACEBO ARCENTALES ALEPH SALVADOR, Mg<\/li><li>ALCIVAR VELEZ EFREY BEETHOVEN, Mg<\/li><li>ALEMAN GARCIA MERCEDES, Ph.D<\/li><li>DE LA ROSA YUSNIER ENRIQUE, Mg<\/li><li>DELGADO MENOSCAL CARLOS SEGUNDO, Mg<\/li><li>GARCIA MEJIA JONATHAN ISRAEL, Mg<\/li><li>GUILLEN GARCIA XAVIER ENRIQUE, Mg<\/li><li>HUALPA MU\u00d1OZ JOSE WASHINGTON, Mg<\/li><li>PAREDES MERA FRANCISCO JAVIER, Mg<\/li><li>PICO PILLASAGUA JUAN CARLOS, Mg<\/li><li>ZAMBRANO VERA FOLKE, Mg<\/li><\/ul><\/div>\n\t\t\t\t\t\t\t\t\t<div class=\"elementor-tab-title elementor-tab-mobile-title\" aria-selected=\"false\" data-tab=\"6\" role=\"tab\" tabindex=\"-1\" aria-controls=\"elementor-tab-content-1736\" aria-expanded=\"false\">Datos Generales<\/div>\n\t\t\t\t\t<div id=\"elementor-tab-content-1736\" class=\"elementor-tab-content elementor-clearfix\" data-tab=\"6\" role=\"tabpanel\" aria-labelledby=\"elementor-tab-title-1736\" tabindex=\"0\" hidden=\"hidden\"><ul><li style=\"text-align: center\">Ing. Edwin Ponce Minaya, Msc.<\/li><li style=\"text-align: center\">DIRECTOR DE CARRERA<\/li><li style=\"text-align: center\"><a href=\"mailto:bernardo.ponce@uleam.edu.ec\">bernardo.ponce@uleam.edu.ec<\/a><\/li><li style=\"text-align: center\">HORARIO DE ATENCI\u00d3N: 09:00 a 21:00<\/li><\/ul><hr \/><ul><li style=\"text-align: center\">SECRETARIO DE CARRERA<\/li><li style=\"text-align: center\">Abg. Dar\u00edo Palma<\/li><li style=\"text-align: center\"><a href=\"mailto:felipe.palma@uleam.edu.ec\">felipe.palma@uleam.edu.ec<\/a><\/li><li style=\"text-align: center\">\u00a0<\/li><li style=\"text-align: center\">HORARIO DE ATENCION<strong>: <\/strong>08:00 a 21:00<\/li><\/ul><\/div>\n\t\t\t\t\t\t\t\t\t<div class=\"elementor-tab-title elementor-tab-mobile-title\" aria-selected=\"false\" data-tab=\"7\" role=\"tab\" tabindex=\"-1\" aria-controls=\"elementor-tab-content-1737\" aria-expanded=\"false\">Gesti\u00f3n y Proceso Estudiantil<\/div>\n\t\t\t\t\t<div id=\"elementor-tab-content-1737\" class=\"elementor-tab-content elementor-clearfix\" data-tab=\"7\" role=\"tabpanel\" aria-labelledby=\"elementor-tab-title-1737\" tabindex=\"0\" hidden=\"hidden\"><ul><li><span style=\"color: #000000\">\u21d2 <a style=\"color: #000000\" href=\"https:\/\/carreras.uleam.edu.ec\/facultad-ingenieria-industria-y-construccion\/wp-content\/uploads\/sites\/74\/2023\/01\/COMISIONES-ELECTRICIDAD.pdf\" target=\"_blank\" rel=\"noopener\">Comisiones de Facultad<\/a><\/span><\/li><li><a href=\"https:\/\/carreras.uleam.edu.ec\/facultad-ingenieria-industria-y-arquitectura\/practicas-pre-profesionales\/\" target=\"_blank\" rel=\"noopener\"><span style=\"color: #000000\">\u21d2\u00a0Pr\u00e1cticas Pre-profesionales<\/span><\/a><span style=\"color: #000000\"><br \/><\/span>\u21d2\u00a0<a href=\"https:\/\/departamentos.uleam.edu.ec\/gestion-aseguramiento-calidad\/2019\/04\/08\/matricula\/\">Matr\u00edcula<\/a><\/li><li>\u21d2\u00a0<a href=\"https:\/\/departamentos.uleam.edu.ec\/gestion-aseguramiento-calidad\/reingreso-de-estudiantes\/\">Reingreso de estudiantes<\/a><\/li><li>\u21d2\u00a0<a href=\"https:\/\/departamentos.uleam.edu.ec\/gestion-aseguramiento-calidad\/homologacion-de-estudios-por-analisis-comparativo-de-contenidos\/\">Homologaci\u00f3n de Estudios por <\/a><strong><a href=\"https:\/\/departamentos.uleam.edu.ec\/gestion-aseguramiento-calidad\/homologacion-de-estudios-por-analisis-comparativo-de-contenidos\/\">An\u00e1lisis Comparativo de Contenidos<\/a><\/strong><\/li><li>\u00a0<\/li><\/ul><\/div>\n\t\t\t\t\t\t\t<\/div>\n\t\t<\/div>\n\t\t\t\t<\/div>\n\t\t\t\t<\/div>\n\t\t\t\t\t<\/div>\n\t\t<\/div>\n\t\t\t\t\t\t\t<\/div>\n\t\t<\/section>\n\t\t\t\t\t\t<\/div>\n\t\t\t\t\t<\/div>\n\t\t","protected":false},"excerpt":{"rendered":"<p>Bienvenidos Misi\u00f3n y Visi\u00f3n Descripci\u00f3n General de la Carrera Malla Curricular Docentes Datos Generales Gesti\u00f3n y Proceso Estudiantil Bienvenidos Misi\u00f3n y Visi\u00f3n MISI\u00d3N Formar ingenieros mar\u00edtimos en el mantenimiento, dise\u00f1o, construcci\u00f3n, operaci\u00f3n y gesti\u00f3n de embarcaciones y sistemas mar\u00edtimos, con [&hellip;]<\/p>\n","protected":false},"author":7,"featured_media":0,"parent":0,"menu_order":0,"comment_status":"closed","ping_status":"closed","template":"","meta":{"_acf_changed":false,"footnotes":""},"class_list":["post-12","page","type-page","status-publish","hentry"],"acf":[],"_links":{"self":[{"href":"https:\/\/carreras.uleam.edu.ec\/facultad-ingenieria-industria-y-arquitectura\/wp-json\/wp\/v2\/pages\/12","targetHints":{"allow":["GET"]}}],"collection":[{"href":"https:\/\/carreras.uleam.edu.ec\/facultad-ingenieria-industria-y-arquitectura\/wp-json\/wp\/v2\/pages"}],"about":[{"href":"https:\/\/carreras.uleam.edu.ec\/facultad-ingenieria-industria-y-arquitectura\/wp-json\/wp\/v2\/types\/page"}],"author":[{"embeddable":true,"href":"https:\/\/carreras.uleam.edu.ec\/facultad-ingenieria-industria-y-arquitectura\/wp-json\/wp\/v2\/users\/7"}],"replies":[{"embeddable":true,"href":"https:\/\/carreras.uleam.edu.ec\/facultad-ingenieria-industria-y-arquitectura\/wp-json\/wp\/v2\/comments?post=12"}],"version-history":[{"count":70,"href":"https:\/\/carreras.uleam.edu.ec\/facultad-ingenieria-industria-y-arquitectura\/wp-json\/wp\/v2\/pages\/12\/revisions"}],"predecessor-version":[{"id":786,"href":"https:\/\/carreras.uleam.edu.ec\/facultad-ingenieria-industria-y-arquitectura\/wp-json\/wp\/v2\/pages\/12\/revisions\/786"}],"wp:attachment":[{"href":"https:\/\/carreras.uleam.edu.ec\/facultad-ingenieria-industria-y-arquitectura\/wp-json\/wp\/v2\/media?parent=12"}],"curies":[{"name":"wp","href":"https:\/\/api.w.org\/{rel}","templated":true}]}}