{"id":20,"date":"2022-09-09T03:29:44","date_gmt":"2022-09-09T03:29:44","guid":{"rendered":"https:\/\/carreras.uleam.edu.ec\/facultad-ingenieria-industria-y-construccion\/?page_id=20"},"modified":"2025-04-03T21:17:04","modified_gmt":"2025-04-03T21:17:04","slug":"inicio","status":"publish","type":"page","link":"https:\/\/carreras.uleam.edu.ec\/facultad-ingenieria-industria-y-arquitectura\/","title":{"rendered":"Inicio"},"content":{"rendered":"\t\t<div data-elementor-type=\"wp-page\" data-elementor-id=\"20\" class=\"elementor elementor-20\" data-elementor-settings=\"[]\">\n\t\t\t\t\t\t\t<div class=\"elementor-section-wrap\">\n\t\t\t\t\t\t\t<section class=\"elementor-section elementor-top-section elementor-element elementor-element-1c82fa7 elementor-section-full_width elementor-section-height-default elementor-section-height-default\" data-id=\"1c82fa7\" data-element_type=\"section\">\n\t\t\t\t\t\t<div class=\"elementor-container elementor-column-gap-default\">\n\t\t\t\t\t<div class=\"elementor-column elementor-col-100 elementor-top-column elementor-element elementor-element-e6be9d6\" data-id=\"e6be9d6\" data-element_type=\"column\">\n\t\t\t<div class=\"elementor-widget-wrap elementor-element-populated\">\n\t\t\t\t\t\t\t\t<div class=\"elementor-element elementor-element-4425717 elementor-widget elementor-widget-image\" data-id=\"4425717\" data-element_type=\"widget\" data-widget_type=\"image.default\">\n\t\t\t\t<div class=\"elementor-widget-container\">\n\t\t\t\t\t\t\t\t\t\t\t\t\t\t\t<img loading=\"lazy\" decoding=\"async\" width=\"1600\" height=\"436\" src=\"https:\/\/carreras.uleam.edu.ec\/facultad-ingenieria-industria-y-arquitectura\/wp-content\/uploads\/sites\/74\/2023\/06\/banner-fac-ingenieria-industria-arquitectura.jpeg\" class=\"attachment-full size-full\" alt=\"\" srcset=\"https:\/\/carreras.uleam.edu.ec\/facultad-ingenieria-industria-y-arquitectura\/wp-content\/uploads\/sites\/74\/2023\/06\/banner-fac-ingenieria-industria-arquitectura.jpeg 1600w, https:\/\/carreras.uleam.edu.ec\/facultad-ingenieria-industria-y-arquitectura\/wp-content\/uploads\/sites\/74\/2023\/06\/banner-fac-ingenieria-industria-arquitectura-300x82.jpeg 300w, https:\/\/carreras.uleam.edu.ec\/facultad-ingenieria-industria-y-arquitectura\/wp-content\/uploads\/sites\/74\/2023\/06\/banner-fac-ingenieria-industria-arquitectura-1024x279.jpeg 1024w, https:\/\/carreras.uleam.edu.ec\/facultad-ingenieria-industria-y-arquitectura\/wp-content\/uploads\/sites\/74\/2023\/06\/banner-fac-ingenieria-industria-arquitectura-768x209.jpeg 768w, https:\/\/carreras.uleam.edu.ec\/facultad-ingenieria-industria-y-arquitectura\/wp-content\/uploads\/sites\/74\/2023\/06\/banner-fac-ingenieria-industria-arquitectura-1536x419.jpeg 1536w\" sizes=\"auto, (max-width: 1600px) 100vw, 1600px\" \/>\t\t\t\t\t\t\t\t\t\t\t\t\t\t\t<\/div>\n\t\t\t\t<\/div>\n\t\t\t\t\t<\/div>\n\t\t<\/div>\n\t\t\t\t\t\t\t<\/div>\n\t\t<\/section>\n\t\t\t\t<section class=\"elementor-section elementor-top-section elementor-element elementor-element-351bc49 elementor-section-boxed elementor-section-height-default elementor-section-height-default\" data-id=\"351bc49\" data-element_type=\"section\">\n\t\t\t\t\t\t<div class=\"elementor-container elementor-column-gap-default\">\n\t\t\t\t\t<div class=\"elementor-column elementor-col-100 elementor-top-column elementor-element elementor-element-78dca32\" data-id=\"78dca32\" data-element_type=\"column\">\n\t\t\t<div class=\"elementor-widget-wrap elementor-element-populated\">\n\t\t\t\t\t\t\t\t<div class=\"elementor-element elementor-element-e4c2075 elementor-tabs-view-horizontal elementor-widget elementor-widget-tabs\" data-id=\"e4c2075\" data-element_type=\"widget\" data-widget_type=\"tabs.default\">\n\t\t\t\t<div class=\"elementor-widget-container\">\n\t\t\t\t\t<div class=\"elementor-tabs\">\n\t\t\t<div class=\"elementor-tabs-wrapper\" role=\"tablist\" >\n\t\t\t\t\t\t\t\t\t<div id=\"elementor-tab-title-2391\" class=\"elementor-tab-title elementor-tab-desktop-title\" aria-selected=\"true\" data-tab=\"1\" role=\"tab\" tabindex=\"0\" aria-controls=\"elementor-tab-content-2391\" aria-expanded=\"false\">Promocional de la Facultad<\/div>\n\t\t\t\t\t\t\t\t\t<div id=\"elementor-tab-title-2392\" class=\"elementor-tab-title elementor-tab-desktop-title\" aria-selected=\"false\" data-tab=\"2\" role=\"tab\" tabindex=\"-1\" aria-controls=\"elementor-tab-content-2392\" aria-expanded=\"false\">Carreras<\/div>\n\t\t\t\t\t\t\t\t\t<div id=\"elementor-tab-title-2393\" class=\"elementor-tab-title elementor-tab-desktop-title\" aria-selected=\"false\" data-tab=\"3\" role=\"tab\" tabindex=\"-1\" aria-controls=\"elementor-tab-content-2393\" aria-expanded=\"false\">Autoridades<\/div>\n\t\t\t\t\t\t\t\t\t<div id=\"elementor-tab-title-2394\" class=\"elementor-tab-title elementor-tab-desktop-title\" aria-selected=\"false\" data-tab=\"4\" role=\"tab\" tabindex=\"-1\" aria-controls=\"elementor-tab-content-2394\" aria-expanded=\"false\">Misi\u00f3n y Visi\u00f3n<\/div>\n\t\t\t\t\t\t\t\t\t<div id=\"elementor-tab-title-2395\" class=\"elementor-tab-title elementor-tab-desktop-title\" aria-selected=\"false\" data-tab=\"5\" role=\"tab\" tabindex=\"-1\" aria-controls=\"elementor-tab-content-2395\" aria-expanded=\"false\">Organigrama<\/div>\n\t\t\t\t\t\t\t\t\t<div id=\"elementor-tab-title-2396\" class=\"elementor-tab-title elementor-tab-desktop-title\" aria-selected=\"false\" data-tab=\"6\" role=\"tab\" tabindex=\"-1\" aria-controls=\"elementor-tab-content-2396\" aria-expanded=\"false\">Convenios<\/div>\n\t\t\t\t\t\t\t<\/div>\n\t\t\t<div class=\"elementor-tabs-content-wrapper\" role=\"tablist\" aria-orientation=\"vertical\">\n\t\t\t\t\t\t\t\t\t<div class=\"elementor-tab-title elementor-tab-mobile-title\" aria-selected=\"true\" data-tab=\"1\" role=\"tab\" tabindex=\"0\" aria-controls=\"elementor-tab-content-2391\" aria-expanded=\"false\">Promocional de la Facultad<\/div>\n\t\t\t\t\t<div id=\"elementor-tab-content-2391\" class=\"elementor-tab-content elementor-clearfix\" data-tab=\"1\" role=\"tabpanel\" aria-labelledby=\"elementor-tab-title-2391\" tabindex=\"0\" hidden=\"false\"><p><iframe loading=\"lazy\" title=\"EXPO ULEAM 2024 FACULTAD DE FACULTAD DE INGENIERIA INDUSTRIA Y ARQUITECTURA. PROGRAMA NUMERO 5\" width=\"500\" height=\"281\" src=\"https:\/\/www.youtube.com\/embed\/t1d6CfriThM?feature=oembed\" frameborder=\"0\" allow=\"accelerometer; autoplay; clipboard-write; encrypted-media; gyroscope; picture-in-picture; web-share\" referrerpolicy=\"strict-origin-when-cross-origin\" allowfullscreen><\/iframe><\/p><\/div>\n\t\t\t\t\t\t\t\t\t<div class=\"elementor-tab-title elementor-tab-mobile-title\" aria-selected=\"false\" data-tab=\"2\" role=\"tab\" tabindex=\"-1\" aria-controls=\"elementor-tab-content-2392\" aria-expanded=\"false\">Carreras<\/div>\n\t\t\t\t\t<div id=\"elementor-tab-content-2392\" class=\"elementor-tab-content elementor-clearfix\" data-tab=\"2\" role=\"tabpanel\" aria-labelledby=\"elementor-tab-title-2392\" tabindex=\"0\" hidden=\"hidden\"><ul><li><span style=\"color: #333300;\"><a style=\"color: #333300;\" href=\"https:\/\/carreras.uleam.edu.ec\/facultad-ingenieria-industria-y-arquitectura\/carrera-de-ingenieria-civil\/\"><b>Ingenier\u00eda Civil<\/b><\/a><\/span><\/li><li><span style=\"color: #333300;\"><a style=\"color: #333300;\" href=\"https:\/\/carreras.uleam.edu.ec\/facultad-ingenieria-industria-y-arquitectura\/carrera-de-ingenieria-maritima\/\"><b>Ingenier\u00eda Mar\u00edtima<\/b><\/a><\/span><\/li><li><span style=\"color: #333300;\"><a style=\"color: #333300;\" href=\"https:\/\/carreras.uleam.edu.ec\/facultad-ingenieria-industria-y-arquitectura\/carrera-de-ingenieria-electrica\/\"><b>Electricidad<\/b><\/a><\/span><\/li><li><span style=\"color: #333300;\"><a style=\"color: #333300;\" href=\"https:\/\/carreras.uleam.edu.ec\/arquitectura-internacional\/\"><strong>Arquitectura<\/strong><\/a><\/span><\/li><li><span style=\"color: #333300;\"><a style=\"color: #333300;\" href=\"https:\/\/carreras.uleam.edu.ec\/facultad-ingenieria-industria-y-arquitectura\/carrera-de-ingenieria-industrial\/\"><b>Ingenier\u00eda Industrial<\/b><\/a><\/span><\/li><\/ul><\/div>\n\t\t\t\t\t\t\t\t\t<div class=\"elementor-tab-title elementor-tab-mobile-title\" aria-selected=\"false\" data-tab=\"3\" role=\"tab\" tabindex=\"-1\" aria-controls=\"elementor-tab-content-2393\" aria-expanded=\"false\">Autoridades<\/div>\n\t\t\t\t\t<div id=\"elementor-tab-content-2393\" class=\"elementor-tab-content elementor-clearfix\" data-tab=\"3\" role=\"tabpanel\" aria-labelledby=\"elementor-tab-title-2393\" tabindex=\"0\" hidden=\"hidden\"><p>\u00a0<\/p><p><img loading=\"lazy\" decoding=\"async\" class=\"alignnone wp-image-584 size-large\" src=\"https:\/\/carreras.uleam.edu.ec\/facultad-ingenieria-industria-y-arquitectura\/wp-content\/uploads\/sites\/74\/2024\/05\/FOTOS-PARA-DECANOS-1024x576.png\" alt=\"\" width=\"1024\" height=\"576\" srcset=\"https:\/\/carreras.uleam.edu.ec\/facultad-ingenieria-industria-y-arquitectura\/wp-content\/uploads\/sites\/74\/2024\/05\/FOTOS-PARA-DECANOS-1024x576.png 1024w, https:\/\/carreras.uleam.edu.ec\/facultad-ingenieria-industria-y-arquitectura\/wp-content\/uploads\/sites\/74\/2024\/05\/FOTOS-PARA-DECANOS-300x169.png 300w, https:\/\/carreras.uleam.edu.ec\/facultad-ingenieria-industria-y-arquitectura\/wp-content\/uploads\/sites\/74\/2024\/05\/FOTOS-PARA-DECANOS-768x432.png 768w, https:\/\/carreras.uleam.edu.ec\/facultad-ingenieria-industria-y-arquitectura\/wp-content\/uploads\/sites\/74\/2024\/05\/FOTOS-PARA-DECANOS-1536x864.png 1536w, https:\/\/carreras.uleam.edu.ec\/facultad-ingenieria-industria-y-arquitectura\/wp-content\/uploads\/sites\/74\/2024\/05\/FOTOS-PARA-DECANOS-2048x1152.png 2048w\" sizes=\"auto, (max-width: 1024px) 100vw, 1024px\" \/><\/p><hr \/><p style=\"text-align: center;\"><span style=\"color: #000000;\"><strong>Decano, <\/strong><a style=\"color: #000000;\" href=\"mailto:hector.cedeno@uleam.edu.ec\">hector.cedeno@uleam.edu.ec<\/a>\u00a0 \/\u00a0 <strong>Sub- Decano<\/strong>, <a style=\"color: #000000;\" href=\"mailto:geovanny.delgado@uleam.edu.ec\">geovanny.delgado@uleam.edu.ec<\/a><\/span><\/p><hr \/><p style=\"text-align: center;\">HORARIO DE ATENCI\u00d3N:<\/p><p style=\"text-align: center;\">DE 08:00 A 17:00\u00a0<\/p><p style=\"text-align: center;\">Lunes \u2013 Viernes<\/p><\/div>\n\t\t\t\t\t\t\t\t\t<div class=\"elementor-tab-title elementor-tab-mobile-title\" aria-selected=\"false\" data-tab=\"4\" role=\"tab\" tabindex=\"-1\" aria-controls=\"elementor-tab-content-2394\" aria-expanded=\"false\">Misi\u00f3n y Visi\u00f3n<\/div>\n\t\t\t\t\t<div id=\"elementor-tab-content-2394\" class=\"elementor-tab-content elementor-clearfix\" data-tab=\"4\" role=\"tabpanel\" aria-labelledby=\"elementor-tab-title-2394\" tabindex=\"0\" hidden=\"hidden\"><h4><strong>Misi\u00f3n<\/strong><\/h4><p>La Facultad de Ingenier\u00eda, Industria y Construcci\u00f3n, se centra en el compromiso con la sociedad de formar profesionales creativos, emprendedores y competentes, con s\u00f3lidos conocimientos, en arquitectura y urbanismo, que contribuyan significativamente al mejoramiento de las condiciones de vida de la comunidad, fortaleciendo la identidad cultural de la regi\u00f3n y el pa\u00eds.<\/p><p><strong>Visi\u00f3n<\/strong><\/p><div>Alcanzar en el a\u00f1o 2019 la excelencia acad\u00e9mica fundamentada en la investigaci\u00f3n, constituy\u00e9ndose en un referente anal\u00edtico, cr\u00edtico y reflexivo en el quehacer urbano-arquitect\u00f3nico, bajo un enfoque bioc\u00e9ntrico, human\u00edstico y pragm\u00e1tico de la regi\u00f3n y del pa\u00eds.<\/div><\/div>\n\t\t\t\t\t\t\t\t\t<div class=\"elementor-tab-title elementor-tab-mobile-title\" aria-selected=\"false\" data-tab=\"5\" role=\"tab\" tabindex=\"-1\" aria-controls=\"elementor-tab-content-2395\" aria-expanded=\"false\">Organigrama<\/div>\n\t\t\t\t\t<div id=\"elementor-tab-content-2395\" class=\"elementor-tab-content elementor-clearfix\" data-tab=\"5\" role=\"tabpanel\" aria-labelledby=\"elementor-tab-title-2395\" tabindex=\"0\" hidden=\"hidden\"><p><img loading=\"lazy\" decoding=\"async\" class=\"aligncenter wp-image-34 size-full\" src=\"https:\/\/carreras.uleam.edu.ec\/facultad-ingenieria-industria-y-construccion\/wp-content\/uploads\/sites\/74\/2022\/09\/Estructura-Organica-arquitectura.png\" alt=\"\" width=\"939\" height=\"636\" srcset=\"https:\/\/carreras.uleam.edu.ec\/facultad-ingenieria-industria-y-arquitectura\/wp-content\/uploads\/sites\/74\/2022\/09\/Estructura-Organica-arquitectura.png 939w, https:\/\/carreras.uleam.edu.ec\/facultad-ingenieria-industria-y-arquitectura\/wp-content\/uploads\/sites\/74\/2022\/09\/Estructura-Organica-arquitectura-300x203.png 300w, https:\/\/carreras.uleam.edu.ec\/facultad-ingenieria-industria-y-arquitectura\/wp-content\/uploads\/sites\/74\/2022\/09\/Estructura-Organica-arquitectura-768x520.png 768w\" sizes=\"auto, (max-width: 939px) 100vw, 939px\" \/><\/p><\/div>\n\t\t\t\t\t\t\t\t\t<div class=\"elementor-tab-title elementor-tab-mobile-title\" aria-selected=\"false\" data-tab=\"6\" role=\"tab\" tabindex=\"-1\" aria-controls=\"elementor-tab-content-2396\" aria-expanded=\"false\">Convenios<\/div>\n\t\t\t\t\t<div id=\"elementor-tab-content-2396\" class=\"elementor-tab-content elementor-clearfix\" data-tab=\"6\" role=\"tabpanel\" aria-labelledby=\"elementor-tab-title-2396\" tabindex=\"0\" hidden=\"hidden\"><p style=\"padding-left: 360px;\"><a href=\"https:\/\/departamentos.uleam.edu.ec\/procuraduria\/convenios\/\" target=\"_blank\" rel=\"noopener\"><img loading=\"lazy\" decoding=\"async\" class=\"size-medium wp-image-30 alignnone\" src=\"https:\/\/carreras.uleam.edu.ec\/facultad-ingenieria-industria-y-construccion\/wp-content\/uploads\/sites\/74\/2022\/09\/convenios-300x256.png\" alt=\"\" width=\"300\" height=\"256\" srcset=\"https:\/\/carreras.uleam.edu.ec\/facultad-ingenieria-industria-y-arquitectura\/wp-content\/uploads\/sites\/74\/2022\/09\/convenios-300x256.png 300w, https:\/\/carreras.uleam.edu.ec\/facultad-ingenieria-industria-y-arquitectura\/wp-content\/uploads\/sites\/74\/2022\/09\/convenios-768x656.png 768w, https:\/\/carreras.uleam.edu.ec\/facultad-ingenieria-industria-y-arquitectura\/wp-content\/uploads\/sites\/74\/2022\/09\/convenios.png 854w\" sizes=\"auto, (max-width: 300px) 100vw, 300px\" \/><\/a><\/p><\/div>\n\t\t\t\t\t\t\t<\/div>\n\t\t<\/div>\n\t\t\t\t<\/div>\n\t\t\t\t<\/div>\n\t\t\t\t\t<\/div>\n\t\t<\/div>\n\t\t\t\t\t\t\t<\/div>\n\t\t<\/section>\n\t\t\t\t\t\t<\/div>\n\t\t\t\t\t<\/div>\n\t\t","protected":false},"excerpt":{"rendered":"<p>Promocional de la Facultad Carreras Autoridades Misi\u00f3n y Visi\u00f3n Organigrama Convenios Promocional de la Facultad Carreras Ingenier\u00eda Civil Ingenier\u00eda Mar\u00edtima Electricidad Arquitectura Ingenier\u00eda Industrial Autoridades \u00a0 Decano, hector.cedeno@uleam.edu.ec\u00a0 \/\u00a0 Sub- Decano, geovanny.delgado@uleam.edu.ec HORARIO DE ATENCI\u00d3N: DE 08:00 A 17:00\u00a0 Lunes [&hellip;]<\/p>\n","protected":false},"author":7,"featured_media":0,"parent":0,"menu_order":0,"comment_status":"closed","ping_status":"closed","template":"elementor_canvas","meta":{"_acf_changed":false,"footnotes":""},"class_list":["post-20","page","type-page","status-publish","hentry"],"acf":[],"_links":{"self":[{"href":"https:\/\/carreras.uleam.edu.ec\/facultad-ingenieria-industria-y-arquitectura\/wp-json\/wp\/v2\/pages\/20","targetHints":{"allow":["GET"]}}],"collection":[{"href":"https:\/\/carreras.uleam.edu.ec\/facultad-ingenieria-industria-y-arquitectura\/wp-json\/wp\/v2\/pages"}],"about":[{"href":"https:\/\/carreras.uleam.edu.ec\/facultad-ingenieria-industria-y-arquitectura\/wp-json\/wp\/v2\/types\/page"}],"author":[{"embeddable":true,"href":"https:\/\/carreras.uleam.edu.ec\/facultad-ingenieria-industria-y-arquitectura\/wp-json\/wp\/v2\/users\/7"}],"replies":[{"embeddable":true,"href":"https:\/\/carreras.uleam.edu.ec\/facultad-ingenieria-industria-y-arquitectura\/wp-json\/wp\/v2\/comments?post=20"}],"version-history":[{"count":46,"href":"https:\/\/carreras.uleam.edu.ec\/facultad-ingenieria-industria-y-arquitectura\/wp-json\/wp\/v2\/pages\/20\/revisions"}],"predecessor-version":[{"id":788,"href":"https:\/\/carreras.uleam.edu.ec\/facultad-ingenieria-industria-y-arquitectura\/wp-json\/wp\/v2\/pages\/20\/revisions\/788"}],"wp:attachment":[{"href":"https:\/\/carreras.uleam.edu.ec\/facultad-ingenieria-industria-y-arquitectura\/wp-json\/wp\/v2\/media?parent=20"}],"curies":[{"name":"wp","href":"https:\/\/api.w.org\/{rel}","templated":true}]}}