{"id":7,"date":"2022-09-09T01:25:39","date_gmt":"2022-09-09T01:25:39","guid":{"rendered":"https:\/\/carreras.uleam.edu.ec\/facultad-ingenieria-industria-y-construccion\/?page_id=7"},"modified":"2025-03-14T20:55:07","modified_gmt":"2025-03-14T20:55:07","slug":"carrera-de-arquitectura","status":"publish","type":"page","link":"https:\/\/carreras.uleam.edu.ec\/facultad-ingenieria-industria-y-arquitectura\/carrera-de-arquitectura\/","title":{"rendered":"Carrera Arquitectura"},"content":{"rendered":"\t\t<div data-elementor-type=\"wp-page\" data-elementor-id=\"7\" class=\"elementor elementor-7\" data-elementor-settings=\"[]\">\n\t\t\t\t\t\t\t<div class=\"elementor-section-wrap\">\n\t\t\t\t\t\t\t<section class=\"elementor-section elementor-top-section elementor-element elementor-element-5a1a1de elementor-section-boxed elementor-section-height-default elementor-section-height-default\" data-id=\"5a1a1de\" data-element_type=\"section\">\n\t\t\t\t\t\t<div class=\"elementor-container elementor-column-gap-default\">\n\t\t\t\t\t<div class=\"elementor-column elementor-col-100 elementor-top-column elementor-element elementor-element-1e86e48\" data-id=\"1e86e48\" data-element_type=\"column\">\n\t\t\t<div class=\"elementor-widget-wrap elementor-element-populated\">\n\t\t\t\t\t\t\t\t<div class=\"elementor-element elementor-element-ad7033d elementor-tabs-view-horizontal elementor-widget elementor-widget-tabs\" data-id=\"ad7033d\" data-element_type=\"widget\" data-widget_type=\"tabs.default\">\n\t\t\t\t<div class=\"elementor-widget-container\">\n\t\t\t\t\t<div class=\"elementor-tabs\">\n\t\t\t<div class=\"elementor-tabs-wrapper\" role=\"tablist\" >\n\t\t\t\t\t\t\t\t\t<div id=\"elementor-tab-title-1811\" class=\"elementor-tab-title elementor-tab-desktop-title\" aria-selected=\"true\" data-tab=\"1\" role=\"tab\" tabindex=\"0\" aria-controls=\"elementor-tab-content-1811\" aria-expanded=\"false\">Bienvenidos<\/div>\n\t\t\t\t\t\t\t\t\t<div id=\"elementor-tab-title-1812\" class=\"elementor-tab-title elementor-tab-desktop-title\" aria-selected=\"false\" data-tab=\"2\" role=\"tab\" tabindex=\"-1\" aria-controls=\"elementor-tab-content-1812\" aria-expanded=\"false\">Descripci\u00f3n General de la Carrera<\/div>\n\t\t\t\t\t\t\t\t\t<div id=\"elementor-tab-title-1813\" class=\"elementor-tab-title elementor-tab-desktop-title\" aria-selected=\"false\" data-tab=\"3\" role=\"tab\" tabindex=\"-1\" aria-controls=\"elementor-tab-content-1813\" aria-expanded=\"false\">Malla Curricular<\/div>\n\t\t\t\t\t\t\t\t\t<div id=\"elementor-tab-title-1814\" class=\"elementor-tab-title elementor-tab-desktop-title\" aria-selected=\"false\" data-tab=\"4\" role=\"tab\" tabindex=\"-1\" aria-controls=\"elementor-tab-content-1814\" aria-expanded=\"false\">Docentes<\/div>\n\t\t\t\t\t\t\t\t\t<div id=\"elementor-tab-title-1815\" class=\"elementor-tab-title elementor-tab-desktop-title\" aria-selected=\"false\" data-tab=\"5\" role=\"tab\" tabindex=\"-1\" aria-controls=\"elementor-tab-content-1815\" aria-expanded=\"false\">Datos Generales<\/div>\n\t\t\t\t\t\t\t\t\t<div id=\"elementor-tab-title-1816\" class=\"elementor-tab-title elementor-tab-desktop-title\" aria-selected=\"false\" data-tab=\"6\" role=\"tab\" tabindex=\"-1\" aria-controls=\"elementor-tab-content-1816\" aria-expanded=\"false\">Gesti\u00f3n y Proceso Estudiantil<\/div>\n\t\t\t\t\t\t\t<\/div>\n\t\t\t<div class=\"elementor-tabs-content-wrapper\" role=\"tablist\" aria-orientation=\"vertical\">\n\t\t\t\t\t\t\t\t\t<div class=\"elementor-tab-title elementor-tab-mobile-title\" aria-selected=\"true\" data-tab=\"1\" role=\"tab\" tabindex=\"0\" aria-controls=\"elementor-tab-content-1811\" aria-expanded=\"false\">Bienvenidos<\/div>\n\t\t\t\t\t<div id=\"elementor-tab-content-1811\" class=\"elementor-tab-content elementor-clearfix\" data-tab=\"1\" role=\"tabpanel\" aria-labelledby=\"elementor-tab-title-1811\" tabindex=\"0\" hidden=\"false\"><p><iframe loading=\"lazy\" title=\"CARRERA ARQUITECTURA\" width=\"500\" height=\"281\" src=\"https:\/\/www.youtube.com\/embed\/vK2ukM7jKJA?feature=oembed\" frameborder=\"0\" allow=\"accelerometer; autoplay; clipboard-write; encrypted-media; gyroscope; picture-in-picture; web-share\" referrerpolicy=\"strict-origin-when-cross-origin\" allowfullscreen><\/iframe><\/p><\/div>\n\t\t\t\t\t\t\t\t\t<div class=\"elementor-tab-title elementor-tab-mobile-title\" aria-selected=\"false\" data-tab=\"2\" role=\"tab\" tabindex=\"-1\" aria-controls=\"elementor-tab-content-1812\" aria-expanded=\"false\">Descripci\u00f3n General de la Carrera<\/div>\n\t\t\t\t\t<div id=\"elementor-tab-content-1812\" class=\"elementor-tab-content elementor-clearfix\" data-tab=\"2\" role=\"tabpanel\" aria-labelledby=\"elementor-tab-title-1812\" tabindex=\"0\" hidden=\"hidden\"><p>Nombre de la Carrera: Arquitectura<\/p><p>Ti\u0301tulo que otorga: Arquitecto<\/p><p>Modalidad de aprendizaje: Presencial<\/p><p>Nu\u0301mero de peri\u0301odos ordinarios: 10<\/p><p>Objetivo general:<\/p><ul><li>La carrera de Arquitectura tiene por objetivo formar arquitectos\u00a0 creativos, emprendedores, competentes y humanistas, mediante el desarrollo de conocimientos, habilidades y destrezas en arquitectura y urbanismo, con valores \u00e9ticos, identificados con el desarrollo sostenible para resolver problemas y necesidades espaciales con \u00e9nfasis en h\u00e1bitat, innovaci\u00f3n, transferencia tecnol\u00f3gica, ambiente y patrimonio que contribuyan al fortaleciendo de la identidad cultural y mejoramiento de la calidad de vida de la poblaci\u00f3n presente y futura bajo un enfoque bioc\u00e9ntrico.<\/li><\/ul><p>Perfil de ingreso:<\/p><ul><li>El estudiante que ingresa a la carrera de arquitectura debe poseer el siguiente perfil que le permitir\u00e1 adaptarse de forma r\u00e1pida al proceso de aprendizaje de la misma:<\/li><li>&#8211; Capacidad de lectura comprensiva<\/li><li>&#8211; Capacidad de razonamiento l\u00f3gico<\/li><li>&#8211; Capacidad de expresi\u00f3n oral y escrita<\/li><li>&#8211; Capacidad de an\u00e1lisis y s\u00edntesis<\/li><li>&#8211; Capacidad para generar nuevas ideas<\/li><li>&#8211; Capacidad cr\u00edtica y autocr\u00edtica<\/li><li>&#8211; Vocaci\u00f3n art\u00edstica y aptitud de expresi\u00f3n conceptual y gr\u00e1fica<\/li><li>&#8211; Habilidades interpersonales y sensibilidad social<\/li><li>&#8211; Actitud de respeto y compromiso con los valores humanos, sociales, culturales, patrimoniales y urbanos.<\/li><li>&#8211; Apreciaci\u00f3n y respeto por la diversidad y la multiculturalidad<\/li><li>&#8211; Compromiso y respeto por el ambiente<\/li><li>&#8211; Habilidad en el manejo de las Tic\u2019s<\/li><li>&#8211; Capacidad de integrar y liderar grupos de trabajo interdisciplinarios<\/li><\/ul><p>Requisitos de ingreso:<\/p><ul><li>Puntaje acreditado del examen transformar del Senescyt.<\/li><\/ul><p>Requisitos de graduacio\u0301n:<\/p><ul><li>Haber aprobado las 7200 horas de la malla curricular vigente y obtener la suficiencia del idioma ingles del instituto de idiomas de la Uleam.<\/li><\/ul><p>Modalidades de titulacio\u0301n:<\/p><ul><li>&#8211; Examen complexivo,<\/li><li>&#8211; Proyecto de investigaci\u00f3n y<\/li><li>&#8211; Proyecto integrador.<\/li><\/ul><p>Campo Ocupacional:<\/p><ul><li>&#8211; Dise\u00f1o Urbano.<\/li><li>&#8211; Planificaci\u00f3n Territorial.<\/li><li>&#8211; Administraci\u00f3n de empresas constructoras.<\/li><li>&#8211; Investigaci\u00f3n arquitect\u00f3nica, urbana y regional.<\/li><\/ul><\/div>\n\t\t\t\t\t\t\t\t\t<div class=\"elementor-tab-title elementor-tab-mobile-title\" aria-selected=\"false\" data-tab=\"3\" role=\"tab\" tabindex=\"-1\" aria-controls=\"elementor-tab-content-1813\" aria-expanded=\"false\">Malla Curricular<\/div>\n\t\t\t\t\t<div id=\"elementor-tab-content-1813\" class=\"elementor-tab-content elementor-clearfix\" data-tab=\"3\" role=\"tabpanel\" aria-labelledby=\"elementor-tab-title-1813\" tabindex=\"0\" hidden=\"hidden\"><p><a href=\"https:\/\/carreras.uleam.edu.ec\/facultad-ingenieria-industria-y-arquitectura\/wp-content\/uploads\/sites\/74\/2024\/06\/MALLA-2024-NS-MICROSITIO.pdf\" target=\"_blank\" rel=\"noopener\"><img loading=\"lazy\" decoding=\"async\" class=\"alignnone wp-image-591 size-large\" src=\"https:\/\/carreras.uleam.edu.ec\/facultad-ingenieria-industria-y-arquitectura\/wp-content\/uploads\/sites\/74\/2024\/06\/MALLA-2024-NS-1024x751.png\" alt=\"\" width=\"1024\" height=\"751\" srcset=\"https:\/\/carreras.uleam.edu.ec\/facultad-ingenieria-industria-y-arquitectura\/wp-content\/uploads\/sites\/74\/2024\/06\/MALLA-2024-NS-1024x751.png 1024w, https:\/\/carreras.uleam.edu.ec\/facultad-ingenieria-industria-y-arquitectura\/wp-content\/uploads\/sites\/74\/2024\/06\/MALLA-2024-NS-300x220.png 300w, https:\/\/carreras.uleam.edu.ec\/facultad-ingenieria-industria-y-arquitectura\/wp-content\/uploads\/sites\/74\/2024\/06\/MALLA-2024-NS-768x563.png 768w, https:\/\/carreras.uleam.edu.ec\/facultad-ingenieria-industria-y-arquitectura\/wp-content\/uploads\/sites\/74\/2024\/06\/MALLA-2024-NS-1536x1126.png 1536w, https:\/\/carreras.uleam.edu.ec\/facultad-ingenieria-industria-y-arquitectura\/wp-content\/uploads\/sites\/74\/2024\/06\/MALLA-2024-NS-2048x1501.png 2048w\" sizes=\"auto, (max-width: 1024px) 100vw, 1024px\" \/><\/a><\/p><\/div>\n\t\t\t\t\t\t\t\t\t<div class=\"elementor-tab-title elementor-tab-mobile-title\" aria-selected=\"false\" data-tab=\"4\" role=\"tab\" tabindex=\"-1\" aria-controls=\"elementor-tab-content-1814\" aria-expanded=\"false\">Docentes<\/div>\n\t\t\t\t\t<div id=\"elementor-tab-content-1814\" class=\"elementor-tab-content elementor-clearfix\" data-tab=\"4\" role=\"tabpanel\" aria-labelledby=\"elementor-tab-title-1814\" tabindex=\"0\" hidden=\"hidden\"><ul><li><span style=\"color: #000000\"><a style=\"color: #000000\" href=\"https:\/\/carreras.uleam.edu.ec\/facultad-ingenieria-industria-y-construccion\/wp-content\/uploads\/sites\/74\/2022\/10\/MICROCURRICULO-RICARDO-AVILA.png\" target=\"_blank\" rel=\"noopener\">ARQ. AVILA AVILA RICARDO RAFAEL<\/a><\/span><\/li><li><span style=\"color: #000000\"><a style=\"color: #000000\" href=\"https:\/\/carreras.uleam.edu.ec\/facultad-ingenieria-industria-y-construccion\/wp-content\/uploads\/sites\/74\/2022\/10\/MICROCURRICULO-CEDENO-ZAMBRANO.png\" target=\"_blank\" rel=\"noopener\">ARQ. CEDE\u00d1O ZAMBRANO HECTOR GONZALO, PhD.<\/a><\/span><\/li><li><span style=\"color: #000000\"><a style=\"color: #000000\" href=\"https:\/\/carreras.uleam.edu.ec\/facultad-ingenieria-industria-y-construccion\/wp-content\/uploads\/sites\/74\/2022\/10\/MICROCURRICULO-ESPINOZA.png\" target=\"_blank\" rel=\"noopener\">ARQ. ESPINOZA MAC\u00cdAS JOS\u00c9 MARCELO, MG.<\/a><\/span><\/li><li><span style=\"color: #000000\"><a style=\"color: #000000\" href=\"https:\/\/carreras.uleam.edu.ec\/facultad-ingenieria-industria-y-construccion\/wp-content\/uploads\/sites\/74\/2022\/10\/MICROCURRICULO-QUIMIS.png\" target=\"_blank\" rel=\"noopener\">ARQ. QUIMIS CHILAN ABEL EMILIO, MG.<\/a><\/span><\/li><li><span style=\"color: #000000\"><a style=\"color: #000000\" href=\"https:\/\/carreras.uleam.edu.ec\/facultad-ingenieria-industria-y-construccion\/wp-content\/uploads\/sites\/74\/2022\/10\/MICROCURRICULO-REPREZA.png\" target=\"_blank\" rel=\"noopener\">DR. REPRESA PEREZ FERNANDO<\/a><\/span><\/li><li><a href=\"https:\/\/carreras.uleam.edu.ec\/facultad-ingenieria-industria-y-construccion\/wp-content\/uploads\/sites\/74\/2022\/10\/MICROCURRICULO-ZAMBRANO-1.png\" target=\"_blank\" rel=\"noopener\"><span style=\"color: #000000\">ARQ. ZAMBRANO LOOR ARMANDO RAMIRO, MG.<\/span><\/a><\/li><li><span style=\"color: #000000\"><a style=\"color: #000000\" href=\"https:\/\/carreras.uleam.edu.ec\/facultad-ingenieria-industria-y-construccion\/wp-content\/uploads\/sites\/74\/2022\/10\/MICROCURRICULO-BARBA.png\" target=\"_blank\" rel=\"noopener\">ARQ. BARBA ESPINEL GABRIEL EDUARDO, MG.<\/a><\/span><\/li><li><span style=\"color: #000000\"><a style=\"color: #000000\" href=\"https:\/\/carreras.uleam.edu.ec\/facultad-ingenieria-industria-y-construccion\/wp-content\/uploads\/sites\/74\/2022\/10\/MICROCURRICULO-CASTRO.png\" target=\"_blank\" rel=\"noopener\">ARQ. CASTRO MERO JOSE LUIS, MG.<\/a><\/span><\/li><li><a href=\"https:\/\/carreras.uleam.edu.ec\/facultad-ingenieria-industria-y-construccion\/wp-content\/uploads\/sites\/74\/2022\/10\/MICROCURRICULO-CEDENO-CANDELA..png\" target=\"_blank\" rel=\"noopener\"><span style=\"color: #000000\">ARQ. CEDE\u00d1O CANDELA JUAN RAM\u00d3N, MG.<\/span><\/a><\/li><li><span style=\"color: #000000\"><a style=\"color: #000000\" href=\"https:\/\/carreras.uleam.edu.ec\/facultad-ingenieria-industria-y-construccion\/wp-content\/uploads\/sites\/74\/2022\/10\/MICROCURRICULO-CEDENO-VILLAVICENCIO.png\" target=\"_blank\" rel=\"noopener\">ARQ. CEDE\u00d1O VILLAVICENCIO JANETH AUGUSTA, MG.<\/a><\/span><\/li><li><span style=\"color: #000000\"><a style=\"color: #000000\" href=\"https:\/\/carreras.uleam.edu.ec\/facultad-ingenieria-industria-y-construccion\/wp-content\/uploads\/sites\/74\/2022\/10\/MICROCURRICULO-GALLO.png\" target=\"_blank\" rel=\"noopener\">ARQ. GALLO ZAMBRANO MARCOS RIGOBERTO, MG.<\/a><\/span><\/li><li><span style=\"color: #000000\"><a style=\"color: #000000\" href=\"https:\/\/carreras.uleam.edu.ec\/facultad-ingenieria-industria-y-construccion\/wp-content\/uploads\/sites\/74\/2022\/10\/MICROCURRICULO-GARCIA.png\" target=\"_blank\" rel=\"noopener\">ARQ. GARCIA DELGADO PABLO HENRY, MG.<\/a><\/span><\/li><li><span style=\"color: #000000\"><a style=\"color: #000000\" href=\"https:\/\/carreras.uleam.edu.ec\/facultad-ingenieria-industria-y-construccion\/wp-content\/uploads\/sites\/74\/2022\/10\/MICROCURRICULO-JARAMILLO.png\" target=\"_blank\" rel=\"noopener\">ARQ. JARAMILLO BARCIA JAKELINE ESTELA, MG.<\/a><\/span><\/li><li><a href=\"https:\/\/carreras.uleam.edu.ec\/facultad-ingenieria-industria-y-construccion\/wp-content\/uploads\/sites\/74\/2022\/10\/MICROCURRICULO-TORRES-1.png\" target=\"_blank\" rel=\"noopener\"><span style=\"color: #000000\">ARQ. TORRES REYES NEMAR ACACIA, MG.<\/span><\/a><\/li><li><span style=\"color: #000000\"><a style=\"color: #000000\" href=\"https:\/\/carreras.uleam.edu.ec\/facultad-ingenieria-industria-y-construccion\/wp-content\/uploads\/sites\/74\/2022\/10\/MICROCURRICULO-CEDENO-BRAVO.png\" target=\"_blank\" rel=\"noopener\">ARQ. CEDE\u00d1O DELGADO TATIANA GABRIELA, MG.<\/a><\/span><\/li><li><span style=\"color: #000000\"><a style=\"color: #000000\" href=\"https:\/\/carreras.uleam.edu.ec\/facultad-ingenieria-industria-y-construccion\/wp-content\/uploads\/sites\/74\/2022\/10\/MICROCURRICULO-AVEIGA.png\" target=\"_blank\" rel=\"noopener\">ARQ. AVEIGA VILLACIS NADIA KATIUSKA, MG.<\/a><\/span><\/li><li><span style=\"color: #000000\"><a style=\"color: #000000\" href=\"https:\/\/carreras.uleam.edu.ec\/facultad-ingenieria-industria-y-construccion\/wp-content\/uploads\/sites\/74\/2022\/10\/MICROCURRICULO-MENDOZA.png\" target=\"_blank\" rel=\"noopener\">ARQ. MENDOZA CHAVEZ ALEJANDRO JAVIER, MG.<\/a><\/span><\/li><li><span style=\"color: #000000\"><a style=\"color: #000000\" href=\"https:\/\/carreras.uleam.edu.ec\/facultad-ingenieria-industria-y-construccion\/wp-content\/uploads\/sites\/74\/2022\/10\/MICROCURRICULO-MOREIRA.png\" target=\"_blank\" rel=\"noopener\">ARQ. MOREIRA ZAMBRANO VALERIA ALEJANDRA, MG<\/a>.<\/span><\/li><li><span style=\"color: #000000\"><a style=\"color: #000000\" href=\"https:\/\/carreras.uleam.edu.ec\/facultad-ingenieria-industria-y-construccion\/wp-content\/uploads\/sites\/74\/2022\/10\/MICROCURRICULO-MUENTES.png\" target=\"_blank\" rel=\"noopener\">ARQ. MUENTES RIVERA WINDERSON LORENZO, MG.<\/a><\/span><\/li><li><span style=\"color: #000000\"><a style=\"color: #000000\" href=\"https:\/\/carreras.uleam.edu.ec\/facultad-ingenieria-industria-y-construccion\/wp-content\/uploads\/sites\/74\/2022\/10\/MICROCURRICULO-SALVATIERRA.png\" target=\"_blank\" rel=\"noopener\">ING. SALVATIERRA TUMBACO GABRIEL GREGORIO, MG.<\/a><\/span><\/li><li><span style=\"color: #000000\"><a style=\"color: #000000\" href=\"https:\/\/carreras.uleam.edu.ec\/facultad-ingenieria-industria-y-construccion\/wp-content\/uploads\/sites\/74\/2022\/10\/MICROCURRICULO-ORMAZA.png\" target=\"_blank\" rel=\"noopener\">ARQ. ORMAZA GARCIA FABRICIO ALEXANDER, MG.<\/a><\/span><\/li><li><span style=\"color: #000000\"><a style=\"color: #000000\" href=\"https:\/\/carreras.uleam.edu.ec\/facultad-ingenieria-industria-y-construccion\/wp-content\/uploads\/sites\/74\/2022\/10\/MICROCURRICULO-INTRIAGO.png\" target=\"_blank\" rel=\"noopener\">ARQ. INTRIAGO LANDAZURI ANDREA VALERIA, MG.<\/a><\/span><\/li><li><span style=\"color: #000000\"><a style=\"color: #000000\" href=\"https:\/\/carreras.uleam.edu.ec\/facultad-ingenieria-industria-y-construccion\/wp-content\/uploads\/sites\/74\/2022\/10\/MICROCURRICULO-MELGAR.png\" target=\"_blank\" rel=\"noopener\">ARQ. CRISTHIAN MELGAR VELIZ, MG.<\/a><\/span><\/li><li><span style=\"color: #000000\"><a style=\"color: #000000\" href=\"https:\/\/carreras.uleam.edu.ec\/facultad-ingenieria-industria-y-construccion\/wp-content\/uploads\/sites\/74\/2022\/10\/MICROCURRICULO-MACHUCA.png\" target=\"_blank\" rel=\"noopener\">ARQ. JENNYFFER MACHUCA, MG.<\/a><\/span><\/li><li>ARQ. ALCIVAR CASTRO JAIME, MG.<\/li><li>ARQ. VEGA ROSADO ANAIKA, MG.<\/li><li>ARQ. FARFAN LOOR KARLA, MG.<\/li><li>ARQ. CEVALLOS LOPEZ CRISTHIAN, MG.<\/li><li>ING. DELGADO SANZ FRANCISCO, MG.<\/li><li>ING. ORLANDO RATTI JUAN, MG.<\/li><li>\u00a0<\/li><\/ul><\/div>\n\t\t\t\t\t\t\t\t\t<div class=\"elementor-tab-title elementor-tab-mobile-title\" aria-selected=\"false\" data-tab=\"5\" role=\"tab\" tabindex=\"-1\" aria-controls=\"elementor-tab-content-1815\" aria-expanded=\"false\">Datos Generales<\/div>\n\t\t\t\t\t<div id=\"elementor-tab-content-1815\" class=\"elementor-tab-content elementor-clearfix\" data-tab=\"5\" role=\"tabpanel\" aria-labelledby=\"elementor-tab-title-1815\" tabindex=\"0\" hidden=\"hidden\"><p style=\"text-align: center\">Arq. Tatiana Cede\u00f1o Delgado, Mg.<\/p><p style=\"text-align: center\">DIRECTORA DE CARRERA<\/p><p style=\"text-align: center\"><a href=\"mailto:tatiana.cedeno@uleam.edu.ec\">tatiana.cedeno@uleam.edu.ec<\/a><\/p><hr \/><p style=\"text-align: center\">Lic. Rocio Mero Alvarado<\/p><p style=\"text-align: center\">SECRETARIA DE LA CARRERA DE ARQUITECTURA<\/p><p style=\"text-align: center\"><a href=\"mailto:elena.mero@uleam.edu.ec\">elena.mero@uleam.edu.ec<\/a><\/p><hr \/><p style=\"text-align: center\">HORARIO DE ATENCI\u00d3N:<\/p><p style=\"text-align: center\">DE 08:00 A 16:30\u00a0<\/p><p style=\"text-align: center\">Lunes \u2013 Viernes<\/p><\/div>\n\t\t\t\t\t\t\t\t\t<div class=\"elementor-tab-title elementor-tab-mobile-title\" aria-selected=\"false\" data-tab=\"6\" role=\"tab\" tabindex=\"-1\" aria-controls=\"elementor-tab-content-1816\" aria-expanded=\"false\">Gesti\u00f3n y Proceso Estudiantil<\/div>\n\t\t\t\t\t<div id=\"elementor-tab-content-1816\" class=\"elementor-tab-content elementor-clearfix\" data-tab=\"6\" role=\"tabpanel\" aria-labelledby=\"elementor-tab-title-1816\" tabindex=\"0\" hidden=\"hidden\"><ul><li><a href=\"https:\/\/carreras.uleam.edu.ec\/facultad-ingenieria-industria-y-arquitectura\/wp-content\/uploads\/sites\/74\/2024\/06\/COMISIONES-FACULTAD-2024-1.pdf\" target=\"_blank\" rel=\"noopener\"><span style=\"color: #000000\">\u21d4 Comisiones de la Facultad<\/span><\/a><\/li><li><span style=\"color: #000000\">\u21d4 Pr\u00e1cticas Pre-profesionales<\/span><\/li><li><span style=\"color: #000000\">\u21d2 <a style=\"color: #000000\" href=\"https:\/\/departamentos.uleam.edu.ec\/gestion-aseguramiento-calidad\/2019\/04\/08\/matricula\/\">Matr\u00edcula<\/a><\/span><\/li><li><span style=\"color: #000000\">\u21d2 <a style=\"color: #000000\" href=\"https:\/\/departamentos.uleam.edu.ec\/gestion-aseguramiento-calidad\/reingreso-de-estudiantes\/\">Reingreso de estudiantes<\/a><\/span><\/li><li><span style=\"color: #000000\">\u21d2 <a style=\"color: #000000\" href=\"https:\/\/departamentos.uleam.edu.ec\/gestion-aseguramiento-calidad\/homologacion-de-estudios-por-analisis-comparativo-de-contenidos\/\">Homologaci\u00f3n de Estudios por An\u00e1lisis Comparativo de Contenidos<\/a><\/span><\/li><\/ul><\/div>\n\t\t\t\t\t\t\t<\/div>\n\t\t<\/div>\n\t\t\t\t<\/div>\n\t\t\t\t<\/div>\n\t\t\t\t\t<\/div>\n\t\t<\/div>\n\t\t\t\t\t\t\t<\/div>\n\t\t<\/section>\n\t\t\t\t\t\t<\/div>\n\t\t\t\t\t<\/div>\n\t\t","protected":false},"excerpt":{"rendered":"<p>Bienvenidos Descripci\u00f3n General de la Carrera Malla Curricular Docentes Datos Generales Gesti\u00f3n y Proceso Estudiantil Bienvenidos Descripci\u00f3n General de la Carrera Nombre de la Carrera: Arquitectura Ti\u0301tulo que otorga: Arquitecto Modalidad de aprendizaje: Presencial Nu\u0301mero de peri\u0301odos ordinarios: 10 Objetivo [&hellip;]<\/p>\n","protected":false},"author":7,"featured_media":0,"parent":0,"menu_order":0,"comment_status":"closed","ping_status":"closed","template":"","meta":{"_acf_changed":false,"footnotes":""},"class_list":["post-7","page","type-page","status-publish","hentry"],"acf":[],"_links":{"self":[{"href":"https:\/\/carreras.uleam.edu.ec\/facultad-ingenieria-industria-y-arquitectura\/wp-json\/wp\/v2\/pages\/7","targetHints":{"allow":["GET"]}}],"collection":[{"href":"https:\/\/carreras.uleam.edu.ec\/facultad-ingenieria-industria-y-arquitectura\/wp-json\/wp\/v2\/pages"}],"about":[{"href":"https:\/\/carreras.uleam.edu.ec\/facultad-ingenieria-industria-y-arquitectura\/wp-json\/wp\/v2\/types\/page"}],"author":[{"embeddable":true,"href":"https:\/\/carreras.uleam.edu.ec\/facultad-ingenieria-industria-y-arquitectura\/wp-json\/wp\/v2\/users\/7"}],"replies":[{"embeddable":true,"href":"https:\/\/carreras.uleam.edu.ec\/facultad-ingenieria-industria-y-arquitectura\/wp-json\/wp\/v2\/comments?post=7"}],"version-history":[{"count":177,"href":"https:\/\/carreras.uleam.edu.ec\/facultad-ingenieria-industria-y-arquitectura\/wp-json\/wp\/v2\/pages\/7\/revisions"}],"predecessor-version":[{"id":780,"href":"https:\/\/carreras.uleam.edu.ec\/facultad-ingenieria-industria-y-arquitectura\/wp-json\/wp\/v2\/pages\/7\/revisions\/780"}],"wp:attachment":[{"href":"https:\/\/carreras.uleam.edu.ec\/facultad-ingenieria-industria-y-arquitectura\/wp-json\/wp\/v2\/media?parent=7"}],"curies":[{"name":"wp","href":"https:\/\/api.w.org\/{rel}","templated":true}]}}