{"id":8,"date":"2022-09-09T01:26:08","date_gmt":"2022-09-09T01:26:08","guid":{"rendered":"https:\/\/carreras.uleam.edu.ec\/facultad-ingenieria-industria-y-construccion\/?page_id=8"},"modified":"2025-03-14T20:57:59","modified_gmt":"2025-03-14T20:57:59","slug":"carrera-de-ingenieria-civil","status":"publish","type":"page","link":"https:\/\/carreras.uleam.edu.ec\/facultad-ingenieria-industria-y-arquitectura\/carrera-de-ingenieria-civil\/","title":{"rendered":"Carrera Ingenier\u00eda Civil"},"content":{"rendered":"\t\t<div data-elementor-type=\"wp-page\" data-elementor-id=\"8\" class=\"elementor elementor-8\" data-elementor-settings=\"[]\">\n\t\t\t\t\t\t\t<div class=\"elementor-section-wrap\">\n\t\t\t\t\t\t\t<section class=\"elementor-section elementor-top-section elementor-element elementor-element-2c0400d elementor-section-boxed elementor-section-height-default elementor-section-height-default\" data-id=\"2c0400d\" data-element_type=\"section\">\n\t\t\t\t\t\t<div class=\"elementor-container elementor-column-gap-default\">\n\t\t\t\t\t<div class=\"elementor-column elementor-col-100 elementor-top-column elementor-element elementor-element-a4bf6a4\" data-id=\"a4bf6a4\" data-element_type=\"column\">\n\t\t\t<div class=\"elementor-widget-wrap elementor-element-populated\">\n\t\t\t\t\t\t\t\t<div class=\"elementor-element elementor-element-0fbacd0 elementor-tabs-view-horizontal elementor-widget elementor-widget-tabs\" data-id=\"0fbacd0\" data-element_type=\"widget\" data-widget_type=\"tabs.default\">\n\t\t\t\t<div class=\"elementor-widget-container\">\n\t\t\t\t\t<div class=\"elementor-tabs\">\n\t\t\t<div class=\"elementor-tabs-wrapper\" role=\"tablist\" >\n\t\t\t\t\t\t\t\t\t<div id=\"elementor-tab-title-1641\" class=\"elementor-tab-title elementor-tab-desktop-title\" aria-selected=\"true\" data-tab=\"1\" role=\"tab\" tabindex=\"0\" aria-controls=\"elementor-tab-content-1641\" aria-expanded=\"false\">Bienvenidos<\/div>\n\t\t\t\t\t\t\t\t\t<div id=\"elementor-tab-title-1642\" class=\"elementor-tab-title elementor-tab-desktop-title\" aria-selected=\"false\" data-tab=\"2\" role=\"tab\" tabindex=\"-1\" aria-controls=\"elementor-tab-content-1642\" aria-expanded=\"false\">Misi\u00f3n y Visi\u00f3n<\/div>\n\t\t\t\t\t\t\t\t\t<div id=\"elementor-tab-title-1643\" class=\"elementor-tab-title elementor-tab-desktop-title\" aria-selected=\"false\" data-tab=\"3\" role=\"tab\" tabindex=\"-1\" aria-controls=\"elementor-tab-content-1643\" aria-expanded=\"false\">Descripci\u00f3n General de la Carrera<\/div>\n\t\t\t\t\t\t\t\t\t<div id=\"elementor-tab-title-1644\" class=\"elementor-tab-title elementor-tab-desktop-title\" aria-selected=\"false\" data-tab=\"4\" role=\"tab\" tabindex=\"-1\" aria-controls=\"elementor-tab-content-1644\" aria-expanded=\"false\">Malla Curricular<\/div>\n\t\t\t\t\t\t\t\t\t<div id=\"elementor-tab-title-1645\" class=\"elementor-tab-title elementor-tab-desktop-title\" aria-selected=\"false\" data-tab=\"5\" role=\"tab\" tabindex=\"-1\" aria-controls=\"elementor-tab-content-1645\" aria-expanded=\"false\">Docentes<\/div>\n\t\t\t\t\t\t\t\t\t<div id=\"elementor-tab-title-1646\" class=\"elementor-tab-title elementor-tab-desktop-title\" aria-selected=\"false\" data-tab=\"6\" role=\"tab\" tabindex=\"-1\" aria-controls=\"elementor-tab-content-1646\" aria-expanded=\"false\">Datos Generales<\/div>\n\t\t\t\t\t\t\t\t\t<div id=\"elementor-tab-title-1647\" class=\"elementor-tab-title elementor-tab-desktop-title\" aria-selected=\"false\" data-tab=\"7\" role=\"tab\" tabindex=\"-1\" aria-controls=\"elementor-tab-content-1647\" aria-expanded=\"false\">Gesti\u00f3n y Proceso Estudiantil<\/div>\n\t\t\t\t\t\t\t<\/div>\n\t\t\t<div class=\"elementor-tabs-content-wrapper\" role=\"tablist\" aria-orientation=\"vertical\">\n\t\t\t\t\t\t\t\t\t<div class=\"elementor-tab-title elementor-tab-mobile-title\" aria-selected=\"true\" data-tab=\"1\" role=\"tab\" tabindex=\"0\" aria-controls=\"elementor-tab-content-1641\" aria-expanded=\"false\">Bienvenidos<\/div>\n\t\t\t\t\t<div id=\"elementor-tab-content-1641\" class=\"elementor-tab-content elementor-clearfix\" data-tab=\"1\" role=\"tabpanel\" aria-labelledby=\"elementor-tab-title-1641\" tabindex=\"0\" hidden=\"false\"><p><iframe loading=\"lazy\" title=\"CARRERA INGENIERIA CIV\u00cdL\" width=\"500\" height=\"375\" src=\"https:\/\/www.youtube.com\/embed\/0QTgFL6S2Z0?feature=oembed\" frameborder=\"0\" allow=\"accelerometer; autoplay; clipboard-write; encrypted-media; gyroscope; picture-in-picture; web-share\" referrerpolicy=\"strict-origin-when-cross-origin\" allowfullscreen><\/iframe><\/p><\/div>\n\t\t\t\t\t\t\t\t\t<div class=\"elementor-tab-title elementor-tab-mobile-title\" aria-selected=\"false\" data-tab=\"2\" role=\"tab\" tabindex=\"-1\" aria-controls=\"elementor-tab-content-1642\" aria-expanded=\"false\">Misi\u00f3n y Visi\u00f3n<\/div>\n\t\t\t\t\t<div id=\"elementor-tab-content-1642\" class=\"elementor-tab-content elementor-clearfix\" data-tab=\"2\" role=\"tabpanel\" aria-labelledby=\"elementor-tab-title-1642\" tabindex=\"0\" hidden=\"hidden\"><p style=\"text-align: justify\">VISI\u00d3N<\/p><p style=\"text-align: justify\">La Carrera de Ingenier\u00eda Civil tiene como visi\u00f3n ser l\u00edder en la gesti\u00f3n del conocimiento y la tecnolog\u00eda aplicados a las ramas de la construcci\u00f3n, con prestigio local y territorial que la conviertan en un referente de prestaci\u00f3n de servicios de construcci\u00f3n, consultor\u00eda y asistencia t\u00e9cnica; fortalecidos mediante alianzas estrat\u00e9gicas y cooperaci\u00f3n interinstitucional, incrementando la formaci\u00f3n posgraduada, actuando con \u00e9tica, responsabilidad social y probidad y comprometidos con el desarrollo sostenible de la regi\u00f3n, el pa\u00eds y el mundo.<\/p><p style=\"text-align: justify\">MISI\u00d3N<\/p><p style=\"text-align: justify\">La Carrera de Ingenier\u00eda Civil tiene la misi\u00f3n de formar profesionales competentes en la gesti\u00f3n de proyectos de construcci\u00f3n y conservaci\u00f3n de obras civiles, comprometidos con el desarrollo de la regi\u00f3n y del pa\u00eds, con capacidad para incursionar en la investigaci\u00f3n y la innovaci\u00f3n tecnol\u00f3gica en las \u00e1reas afines con el ejercicio de la profesi\u00f3n, actuando con sus saberes de manera \u00e9tica, humanista e inclusiva.<\/p><\/div>\n\t\t\t\t\t\t\t\t\t<div class=\"elementor-tab-title elementor-tab-mobile-title\" aria-selected=\"false\" data-tab=\"3\" role=\"tab\" tabindex=\"-1\" aria-controls=\"elementor-tab-content-1643\" aria-expanded=\"false\">Descripci\u00f3n General de la Carrera<\/div>\n\t\t\t\t\t<div id=\"elementor-tab-content-1643\" class=\"elementor-tab-content elementor-clearfix\" data-tab=\"3\" role=\"tabpanel\" aria-labelledby=\"elementor-tab-title-1643\" tabindex=\"0\" hidden=\"hidden\"><p>NOMBRE DE LA CARRERA:\u00a0 \u00a0 \u00a0 \u00a0 \u00a0 \u00a0 \u00a0 \u00a0 \u00a0 \u00a0 \u00a0 INGENIER\u00cdA CIVIL<\/p><p>TITULO QUE OTORGA:\u00a0 \u00a0 \u00a0 \u00a0 \u00a0 \u00a0 \u00a0 \u00a0 \u00a0 \u00a0 \u00a0 \u00a0 \u00a0 \u00a0 \u00a0 \u00a0INGENIERO\/A CIVIL<\/p><p>MODALIDAD DE APRENDIZAJE:\u00a0 \u00a0 \u00a0 \u00a0 \u00a0 \u00a0 \u00a0 \u00a0PRESENCIAL\u00a0\u00a0\u00a0\u00a0\u00a0\u00a0\u00a0\u00a0\u00a0\u00a0\u00a0\u00a0\u00a0\u00a0\u00a0<\/p><p>NUMERO DE PERIODOS ORDINARIOS:\u00a0 9<\/p><p>OBJETIVO GENERAL:<\/p><p>Formar profesionales con alto conocimiento en dise\u00f1o estructural y los procesos\u00a0constructivos de obras civiles para la integraci\u00f3n de las normas t\u00e9cnicas y ambientales\u00a0en todos estos procesos desde una visi\u00f3n paradigm\u00e1tica de la construcci\u00f3n con el fin\u00a0de aportar a la transformaci\u00f3n de la vivienda e infraestructura social, industrial y\u00a0productiva como derecho del ciudadano, con la aplicaci\u00f3n de las nuevas visiones del\u00a0dise\u00f1o, los materiales y las tecnolog\u00edas para la construcci\u00f3n.<\/p><p>PERFIL DE INGRESO:\u00a0<\/p><p>El aspirante a esta carrera deber\u00e1 caracterizarse por tener:<\/p><ul><li>Pensar rigurosamente<\/li><li>Razonar num\u00e9ricamente<\/li><li>Aprender por el resto de su vida<\/li><li>Utilizar herramientas tecnol\u00f3gicas reflexiva y pragm\u00e1ticamente<\/li><li>Comprender su realidad natural<\/li><li>Cuidar de su salud y bienestar personal<\/li><\/ul><p>Estas habilidades se eval\u00faan a trav\u00e9s del Sistema Nacional de Nivelaci\u00f3n y Admisi\u00f3n\u00a0en el examen integrado Ser Bachiller o el mecanismo que a futuro se considere para\u00a0el proceso.<\/p><p>REQUISITOS DE INGRESO:<\/p><ul><li>POSEER TITULO DE BACHILLER O SU EQUIVALENTE DEBIDAMENTE RECONOCIDO POR EL MINISTERIO DE EDUCACI\u00d3N.<\/li><li>HABER CUMPLIDO CON LOS REQUISITOS NORMADOS POR EL SISTEMA DE NIVELACION Y ADMISION, EL MISMO QUE OBSERVARA LOS PRINCIPIOS DE IGUALDAD DE OPORTUNIDADES, MERITO Y CAPACIDAD.<\/li><li>CUMPLIR CON LA ENTREGA DE DOCUMENTACION PERSONAL Y HABILITANTE EN SECRETARIA GENERAL.<\/li><li>EN CASOS ESPECIALES, CERTIFICADOS DE RECONOCIMIENTO Y HOMOLOGACI\u00d3N DE ESTUDIOS DE OTRAS IES DE CONFORMIDAD CON EL ART. 63 Y 64 DEL REGLAMENTO DE REGIMEN ACADEMICO.<\/li><\/ul><p>REQUISITOS DE GRADUACION:<\/p><ul><li>HABER APROBADO LA MALLA CURRICULAR INCLUYENDO LAS PRACTICAS PREPROFESIONALES Y VINCULACION CON LA COLECTIVIDAD.<\/li><li>HABER APROBADO UNA MODALIDAD DE TITULACION DENTRO DE LO ESTABLECIDO EN LAS NORMAS INSTITUCIONALES.<\/li><li>ACREDITAR SUFICIENCIA EN LA COMPETENCIA COMUNICATIVA A NIVEL B2 -MCER. (VER JUSTIFICATIVO DE CURSO DE INGLES EN LA ULEAM).<\/li><\/ul><p>MODALIDADES DE TITULACION:<\/p><ul><li>PROYECTOS DE INVESTIGACION<\/li><li>PROYECTOS T\u00c9CNICOS<\/li><\/ul><p>CAMPO OCUPACIONAL:<\/p><p>La Ingenier\u00eda Civil tiene importancia vital en el desarrollo social y econ\u00f3mico del Ecuador, pues se ha desarrollado con el esfuerzo de muchos profesionales a trav\u00e9s de varias d\u00e9cadas. De este modo ha logrado evolucionar a un pa\u00eds, desde un punto en el que las obras se realizaban con tecnolog\u00eda e ingenieros extranjeros, hacia un estado en el cual, pr\u00e1cticamente todas las obras de importancia y trascendencia nacional son el resultado del trabajo y esfuerzo de profesionales en ingenier\u00eda civil que han sido formados en el Ecuador.<\/p><p>El ingeniero civil puede laborar en:<\/p><ul><li>Empresas P\u00fablicas: Gobiernos Aut\u00f3nomos Descentralizados (GAD\u2019s) Municipales, Constructoras, Ministerio de Transporte y Obras P\u00fablicas, Universidades, Empresas de Ventas de materiales de obras civiles.<\/li><li>Empresas Privadas: Empresas constructoras en general, empresas consultoras, organismos no gubernamentales (ONG), universidades privadas, convenios internacionales, etc).<\/li><\/ul><\/div>\n\t\t\t\t\t\t\t\t\t<div class=\"elementor-tab-title elementor-tab-mobile-title\" aria-selected=\"false\" data-tab=\"4\" role=\"tab\" tabindex=\"-1\" aria-controls=\"elementor-tab-content-1644\" aria-expanded=\"false\">Malla Curricular<\/div>\n\t\t\t\t\t<div id=\"elementor-tab-content-1644\" class=\"elementor-tab-content elementor-clearfix\" data-tab=\"4\" role=\"tabpanel\" aria-labelledby=\"elementor-tab-title-1644\" tabindex=\"0\" hidden=\"hidden\"><p><a href=\"https:\/\/carreras.uleam.edu.ec\/facultad-ingenieria-industria-y-construccion\/wp-content\/uploads\/sites\/74\/2023\/01\/Malla-Nueve-periodos-Ingenieria-Civil-2021-ultima-version-con-codigos.pdf\" target=\"_blank\" rel=\"noopener\"><img loading=\"lazy\" decoding=\"async\" class=\"alignnone wp-image-292 size-large\" src=\"https:\/\/carreras.uleam.edu.ec\/facultad-ingenieria-industria-y-construccion\/wp-content\/uploads\/sites\/74\/2023\/01\/malla-ing.-civil-1024x681.png\" alt=\"\" width=\"1024\" height=\"681\" srcset=\"https:\/\/carreras.uleam.edu.ec\/facultad-ingenieria-industria-y-arquitectura\/wp-content\/uploads\/sites\/74\/2023\/01\/malla-ing.-civil-1024x681.png 1024w, https:\/\/carreras.uleam.edu.ec\/facultad-ingenieria-industria-y-arquitectura\/wp-content\/uploads\/sites\/74\/2023\/01\/malla-ing.-civil-300x200.png 300w, https:\/\/carreras.uleam.edu.ec\/facultad-ingenieria-industria-y-arquitectura\/wp-content\/uploads\/sites\/74\/2023\/01\/malla-ing.-civil-768x511.png 768w, https:\/\/carreras.uleam.edu.ec\/facultad-ingenieria-industria-y-arquitectura\/wp-content\/uploads\/sites\/74\/2023\/01\/malla-ing.-civil-1536x1022.png 1536w, https:\/\/carreras.uleam.edu.ec\/facultad-ingenieria-industria-y-arquitectura\/wp-content\/uploads\/sites\/74\/2023\/01\/malla-ing.-civil-2048x1362.png 2048w\" sizes=\"auto, (max-width: 1024px) 100vw, 1024px\" \/><\/a><\/p><\/div>\n\t\t\t\t\t\t\t\t\t<div class=\"elementor-tab-title elementor-tab-mobile-title\" aria-selected=\"false\" data-tab=\"5\" role=\"tab\" tabindex=\"-1\" aria-controls=\"elementor-tab-content-1645\" aria-expanded=\"false\">Docentes<\/div>\n\t\t\t\t\t<div id=\"elementor-tab-content-1645\" class=\"elementor-tab-content elementor-clearfix\" data-tab=\"5\" role=\"tabpanel\" aria-labelledby=\"elementor-tab-title-1645\" tabindex=\"0\" hidden=\"hidden\"><ul><li>&#8211; ALVANSAZYAZDI MOHAMMADFARID, ING.MG.<\/li><li>&#8211; \u00c1VILA AY\u00d3N VER\u00d3NICA, DRA.<\/li><li>&#8211; BAQUE SOL\u00cdS JAVIER ENRIQUE, ING.MG.<\/li><li>&#8211; BURGOS MENDOZA NIC FREDO, ING.<\/li><li>&#8211; CABRERA ESTUPI\u00d1\u00c1N ERIC, DR.<\/li><li>&#8211; CEDE\u00d1O MU\u00d1OZ HORACIO ANTONIO, ING. MG.<\/li><li>&#8211; DELGADO CASTRO CARLOS GEOVANNY, ING.MG.<\/li><li>&#8211; DELGADO TOALA DOLLY MONSERRATE, ING.MG.<\/li><li>&#8211; DOM\u00cdNGUEZ GUTI\u00c9RREZ JACQUELINE, DRA.<\/li><li>&#8211; ESPINOZA COTERA \u00c1NGEL MAURICIO, ING. MG.<\/li><li>&#8211; GARC\u00cdA ARGANDO\u00d1A JORGE EDUARDO, ING.MG.<\/li><li>&#8211; HUALPA MU\u00d1OZ JOS\u00c9 WASHINGTON, ING.<\/li><li>&#8211; JIM\u00c9NEZ MERCH\u00c1N CARMITA GUADALUPE, ING.MG.<\/li><li>&#8211; JUNQUI CEDE\u00d1O ALEX GEOVANNY, ING.MG.<\/li><li>&#8211; LOOR LOOR EFR\u00c9N SEGUNDO, ING.MG.<\/li><li>&#8211; MENDOZA BRANDS FREDDY HERN\u00c1N, ING.MG.<\/li><li>&#8211; MERO BAQUE GUSTAVO ANTONIO, ING.MG.<\/li><li>&#8211; MOR\u00c1N GUZM\u00c1N ALEXI \u00d3SCAR, ING.MG.<\/li><li>&#8211; MOREIRA CEVALLOS JAVIER ENRIQUE, MG.<\/li><li>&#8211; OLEAS ESCALANTE MARCELO FABIAN, ING. MG.<\/li><li>&#8211; P\u00c1EZ CORNEJO JULIO DAR\u00cdO, ING.MG.<\/li><li>&#8211; P\u00c9REZ LEIRA RAM\u00d3N, DR.<\/li><li>&#8211; PILOZO PIN MAR\u00cdA KARINA, ING.MG.<\/li><li>&#8211; RODR\u00cdGUEZ ANDRADE YURI MAURICIO, ING.<\/li><li>&#8211; V\u00c1SQUEZ ARAUZ ALDO BISMARCK, ING. MG.<\/li><li>&#8211; VILLACRESES VERA ADOLFO FERNANDO, ING.MG.<\/li><li>&#8211; ZAMBRANO MEJ\u00cdA \u00c1NGEL ABEL, ING. MG.<\/li><\/ul><\/div>\n\t\t\t\t\t\t\t\t\t<div class=\"elementor-tab-title elementor-tab-mobile-title\" aria-selected=\"false\" data-tab=\"6\" role=\"tab\" tabindex=\"-1\" aria-controls=\"elementor-tab-content-1646\" aria-expanded=\"false\">Datos Generales<\/div>\n\t\t\t\t\t<div id=\"elementor-tab-content-1646\" class=\"elementor-tab-content elementor-clearfix\" data-tab=\"6\" role=\"tabpanel\" aria-labelledby=\"elementor-tab-title-1646\" tabindex=\"0\" hidden=\"hidden\"><ul><li style=\"text-align: center\">Ing. Alex Junqui Cede\u00f1o, Msc.<\/li><li style=\"text-align: center\">DIRECTOR DE LA CARRERA<\/li><li style=\"text-align: center\"><a href=\"mailto:alex.junqui@uleam.edu.ec\">alex.junqui@uleam.edu.ec<\/a><\/li><\/ul><hr \/><ul><li style=\"text-align: center\">Lcda Nelly Cede\u00f1o Calero<\/li><li style=\"text-align: center\">SECRETARIA:<\/li><li style=\"text-align: center\"><a href=\"mailto:nelly.cedeno@uleam.edu.ec\">nelly.cedeno@uleam.edu.ec<\/a><\/li><\/ul><hr \/><ul><li style=\"text-align: center\">HORARIO DE ATENCI\u00d3N DE\u00a0LUNES A VIERNES:<\/li><li style=\"text-align: center\"><span style=\"font-size: 1rem;text-align: left\">08:00 a 17:00<\/span><\/li><\/ul><\/div>\n\t\t\t\t\t\t\t\t\t<div class=\"elementor-tab-title elementor-tab-mobile-title\" aria-selected=\"false\" data-tab=\"7\" role=\"tab\" tabindex=\"-1\" aria-controls=\"elementor-tab-content-1647\" aria-expanded=\"false\">Gesti\u00f3n y Proceso Estudiantil<\/div>\n\t\t\t\t\t<div id=\"elementor-tab-content-1647\" class=\"elementor-tab-content elementor-clearfix\" data-tab=\"7\" role=\"tabpanel\" aria-labelledby=\"elementor-tab-title-1647\" tabindex=\"0\" hidden=\"hidden\"><ul><li><span style=\"color: #000000\"><a style=\"color: #000000\" href=\"https:\/\/carreras.uleam.edu.ec\/facultad-ingenieria-industria-y-construccion\/wp-content\/uploads\/sites\/74\/2023\/01\/COMISIONES-ELECTRICIDAD.pdf\" target=\"_blank\" rel=\"noopener\">\u21d2 Comisiones de la Facultad<\/a><\/span><\/li><li><span style=\"color: #000000\">\u21d2\u00a0Pr\u00e1cticas Pre-profesionales<\/span><ul><li><a href=\"https:\/\/carreras.uleam.edu.ec\/facultad-ingenieria-industria-y-arquitectura\/wp-content\/uploads\/sites\/74\/2025\/02\/Diagrama-de-Flujo-Procedimiento-Practicas-Preprofesionales.pdf\">Diagrama de Flujo Procedimiento Practicas Preprofesionales<\/a><\/li><li><a href=\"https:\/\/carreras.uleam.edu.ec\/facultad-ingenieria-industria-y-arquitectura\/wp-content\/uploads\/sites\/74\/2025\/02\/PAP-01-Manual-Planificacion-Ejecucion-Supervision-y-Evaluacion-de-Practicas-Preprofesionales.pdf\">PAP 01 Manual Planificacion Ejecucion Supervision y Evaluacion de Practicas Preprofesionales<\/a><\/li><\/ul><\/li><li><span style=\"color: #000000\">\u21d2 <\/span><a href=\"https:\/\/departamentos.uleam.edu.ec\/gestion-aseguramiento-calidad\/2019\/04\/08\/matricula\/\">Matr\u00edcula<\/a><\/li><li>\u21d2\u00a0<a href=\"https:\/\/departamentos.uleam.edu.ec\/gestion-aseguramiento-calidad\/reingreso-de-estudiantes\/\">Reingreso de estudiantes<\/a><\/li><li>\u21d2\u00a0<a href=\"https:\/\/departamentos.uleam.edu.ec\/gestion-aseguramiento-calidad\/homologacion-de-estudios-por-analisis-comparativo-de-contenidos\/\">Homologaci\u00f3n de Estudios por An\u00e1lisis Comparativo de Contenidos<\/a><\/li><li>\u00a0<\/li><\/ul><\/div>\n\t\t\t\t\t\t\t<\/div>\n\t\t<\/div>\n\t\t\t\t<\/div>\n\t\t\t\t<\/div>\n\t\t\t\t\t<\/div>\n\t\t<\/div>\n\t\t\t\t\t\t\t<\/div>\n\t\t<\/section>\n\t\t\t\t\t\t<\/div>\n\t\t\t\t\t<\/div>\n\t\t","protected":false},"excerpt":{"rendered":"<p>Bienvenidos Misi\u00f3n y Visi\u00f3n Descripci\u00f3n General de la Carrera Malla Curricular Docentes Datos Generales Gesti\u00f3n y Proceso Estudiantil Bienvenidos Misi\u00f3n y Visi\u00f3n VISI\u00d3N La Carrera de Ingenier\u00eda Civil tiene como visi\u00f3n ser l\u00edder en la gesti\u00f3n del conocimiento y la [&hellip;]<\/p>\n","protected":false},"author":7,"featured_media":0,"parent":0,"menu_order":0,"comment_status":"closed","ping_status":"closed","template":"","meta":{"_acf_changed":false,"footnotes":""},"class_list":["post-8","page","type-page","status-publish","hentry"],"acf":[],"_links":{"self":[{"href":"https:\/\/carreras.uleam.edu.ec\/facultad-ingenieria-industria-y-arquitectura\/wp-json\/wp\/v2\/pages\/8","targetHints":{"allow":["GET"]}}],"collection":[{"href":"https:\/\/carreras.uleam.edu.ec\/facultad-ingenieria-industria-y-arquitectura\/wp-json\/wp\/v2\/pages"}],"about":[{"href":"https:\/\/carreras.uleam.edu.ec\/facultad-ingenieria-industria-y-arquitectura\/wp-json\/wp\/v2\/types\/page"}],"author":[{"embeddable":true,"href":"https:\/\/carreras.uleam.edu.ec\/facultad-ingenieria-industria-y-arquitectura\/wp-json\/wp\/v2\/users\/7"}],"replies":[{"embeddable":true,"href":"https:\/\/carreras.uleam.edu.ec\/facultad-ingenieria-industria-y-arquitectura\/wp-json\/wp\/v2\/comments?post=8"}],"version-history":[{"count":50,"href":"https:\/\/carreras.uleam.edu.ec\/facultad-ingenieria-industria-y-arquitectura\/wp-json\/wp\/v2\/pages\/8\/revisions"}],"predecessor-version":[{"id":782,"href":"https:\/\/carreras.uleam.edu.ec\/facultad-ingenieria-industria-y-arquitectura\/wp-json\/wp\/v2\/pages\/8\/revisions\/782"}],"wp:attachment":[{"href":"https:\/\/carreras.uleam.edu.ec\/facultad-ingenieria-industria-y-arquitectura\/wp-json\/wp\/v2\/media?parent=8"}],"curies":[{"name":"wp","href":"https:\/\/api.w.org\/{rel}","templated":true}]}}