{"id":23,"date":"2023-02-16T16:51:22","date_gmt":"2023-02-16T16:51:22","guid":{"rendered":"https:\/\/carreras.uleam.edu.ec\/flavio-alfaro\/?page_id=23"},"modified":"2025-03-14T21:43:45","modified_gmt":"2025-03-14T21:43:45","slug":"carrera-software","status":"publish","type":"page","link":"https:\/\/carreras.uleam.edu.ec\/flavio-alfaro\/carrera-software\/","title":{"rendered":"Carrera Software"},"content":{"rendered":"\t\t<div data-elementor-type=\"wp-page\" data-elementor-id=\"23\" class=\"elementor elementor-23\" data-elementor-settings=\"[]\">\n\t\t\t\t\t\t\t<div class=\"elementor-section-wrap\">\n\t\t\t\t\t\t\t<section class=\"elementor-section elementor-top-section elementor-element elementor-element-8ef9a8f elementor-section-boxed elementor-section-height-default elementor-section-height-default\" data-id=\"8ef9a8f\" data-element_type=\"section\">\n\t\t\t\t\t\t<div class=\"elementor-container elementor-column-gap-default\">\n\t\t\t\t\t<div class=\"elementor-column elementor-col-100 elementor-top-column elementor-element elementor-element-1cf431d\" data-id=\"1cf431d\" data-element_type=\"column\">\n\t\t\t<div class=\"elementor-widget-wrap elementor-element-populated\">\n\t\t\t\t\t\t\t\t<div class=\"elementor-element elementor-element-b19efdc elementor-tabs-view-horizontal elementor-widget elementor-widget-tabs\" data-id=\"b19efdc\" data-element_type=\"widget\" data-widget_type=\"tabs.default\">\n\t\t\t\t<div class=\"elementor-widget-container\">\n\t\t\t\t\t<div class=\"elementor-tabs\">\n\t\t\t<div class=\"elementor-tabs-wrapper\" role=\"tablist\" >\n\t\t\t\t\t\t\t\t\t<div id=\"elementor-tab-title-1861\" class=\"elementor-tab-title elementor-tab-desktop-title\" aria-selected=\"true\" data-tab=\"1\" role=\"tab\" tabindex=\"0\" aria-controls=\"elementor-tab-content-1861\" aria-expanded=\"false\">Descripci\u00f3n General de la Carrera<\/div>\n\t\t\t\t\t\t\t\t\t<div id=\"elementor-tab-title-1862\" class=\"elementor-tab-title elementor-tab-desktop-title\" aria-selected=\"false\" data-tab=\"2\" role=\"tab\" tabindex=\"-1\" aria-controls=\"elementor-tab-content-1862\" aria-expanded=\"false\">Malla Curricular<\/div>\n\t\t\t\t\t\t\t\t\t<div id=\"elementor-tab-title-1863\" class=\"elementor-tab-title elementor-tab-desktop-title\" aria-selected=\"false\" data-tab=\"3\" role=\"tab\" tabindex=\"-1\" aria-controls=\"elementor-tab-content-1863\" aria-expanded=\"false\">Docentes<\/div>\n\t\t\t\t\t\t\t\t\t<div id=\"elementor-tab-title-1864\" class=\"elementor-tab-title elementor-tab-desktop-title\" aria-selected=\"false\" data-tab=\"4\" role=\"tab\" tabindex=\"-1\" aria-controls=\"elementor-tab-content-1864\" aria-expanded=\"false\">Datos Generales<\/div>\n\t\t\t\t\t\t\t\t\t<div id=\"elementor-tab-title-1865\" class=\"elementor-tab-title elementor-tab-desktop-title\" aria-selected=\"false\" data-tab=\"5\" role=\"tab\" tabindex=\"-1\" aria-controls=\"elementor-tab-content-1865\" aria-expanded=\"false\">Gesti\u00f3n y Proceso Estudiantil<\/div>\n\t\t\t\t\t\t\t<\/div>\n\t\t\t<div class=\"elementor-tabs-content-wrapper\" role=\"tablist\" aria-orientation=\"vertical\">\n\t\t\t\t\t\t\t\t\t<div class=\"elementor-tab-title elementor-tab-mobile-title\" aria-selected=\"true\" data-tab=\"1\" role=\"tab\" tabindex=\"0\" aria-controls=\"elementor-tab-content-1861\" aria-expanded=\"false\">Descripci\u00f3n General de la Carrera<\/div>\n\t\t\t\t\t<div id=\"elementor-tab-content-1861\" class=\"elementor-tab-content elementor-clearfix\" data-tab=\"1\" role=\"tabpanel\" aria-labelledby=\"elementor-tab-title-1861\" tabindex=\"0\" hidden=\"false\"><p>Nombre de la Carrera:\u00a0 \u00a0 \u00a0 \u00a0 \u00a0 \u00a0 \u00a0 \u00a0 \u00a0 \u00a0 \u00a0 Software<\/p><p>T\u00edtulo que otorga:\u00a0 \u00a0 \u00a0 \u00a0 \u00a0 \u00a0 \u00a0 \u00a0 \u00a0 \u00a0 \u00a0 \u00a0 \u00a0 \u00a0 \u00a0 Ingeniero\/a de Software<\/p><p>Modalidad de Aprendizaje:\u00a0 \u00a0 \u00a0 \u00a0 \u00a0 \u00a0 \u00a0 Presencial<\/p><p>N\u00fameros de periodos ordinarios:\u00a0 \u00a08<\/p><p>Objetivo General:<\/p><p style=\"padding-left: 40px;text-align: justify\">Formar Ingenieros de software que a partir del desarrollo de software, datos, redes y gesti\u00f3n de proyectos que contribuyan al desarrollo de las TIC, a la generaci\u00f3n de la riqueza nacional, al incremento de las exportaciones de alta, media y baja intensidad tecnol\u00f3gica al mejoramiento continuo-sist\u00e9mico de las organizaciones con \u00e9tica y responsabilidad social.<\/p><p>Perfil de Ingreso:<\/p><ul><li>Inter\u00e9s general por el manejo y uso de la computadora, dispositivos m\u00f3viles y dem\u00e1s dispositivos inform\u00e1ticos, as\u00ed como de su software.<\/li><li>Capacidad de an\u00e1lisis, s\u00edntesis y abstracci\u00f3n.<\/li><li>Predisposici\u00f3n para trabajar en actividades cient\u00edficas y acad\u00e9micas.<\/li><li>Habilidad para trabajar en grupo de manera cort\u00e9s y comprometida.<\/li><li style=\"text-align: justify\">Actitud responsable con compromiso social para el mejoramiento de la calidad de vida de la poblaci\u00f3n. En general, el perfil de ingreso es determinado por las competencias y habilidades evaluadas a trav\u00e9s del Sistema Nacional de Nivelaci\u00f3n y Admisi\u00f3n en el Examen Integrado, Ser Bachiller, o el mecanismo que a futuro se considere para el proceso.<\/li><\/ul><p>Requisitos de Ingreso:<\/p><ul><li>Poseer t\u00edtulo de bachiller o su equivalente, de conformidad con la Ley.<\/li><li>Haber cumplido los requisitos normados por el Sistema de Nivelaci\u00f3n y Admisi\u00f3n.<\/li><li>Cumplir con la entrega de documentaci\u00f3n personal y habilitante en la secretar\u00eda general de la Universidad.<\/li><li>Para casos de movilidad interna o externa cumplir con los requisitos establecidos en el Art. 96 del Reglamento de R\u00e9gimen Acad\u00e9mico para cambios.<\/li><li>Requisitos de Graduaci\u00f3n:<\/li><li>Haber aprobado las asignaturas de las unidades b\u00e1sica y profesional del plan curricular de la Carrera.<\/li><li>Acreditar nivel de suficiencia B1 en un idioma extranjero por medio del certificado emitido u homologado por el Instituto de idiomas de la Universidad en sus diferentes modalidades: Cursos complementarios o Convenio con Institutos acreditados.<\/li><li>Aprobar el trabajo de integraci\u00f3n curricular de conformidad con lo establecido en el Reglamento Interno de R\u00e9gimen Acad\u00e9mico.<\/li><li>Acreditar el cumplimiento de los requisitos de titulaci\u00f3n establecidos en la LOES: pr\u00e1cticas laborales y de servicio comunitario seg\u00fan lo aprobado en el proyecto de carrera.<\/li><\/ul><p>Modalidades de Titulaci\u00f3n:<\/p><ul><li>Desarrollo de un trabajo de integraci\u00f3n curricular<\/li><\/ul><p>Campo Ocupacional:<\/p><ul><li style=\"text-align: justify\">El Ingeniero en Software es un profesional creativo y comunicativo que hace uso adecuado de las herramientas y materiales espec\u00edficos de su profesi\u00f3n y dirige, crea, asesora o innova con soluciones integradas de sistemas de software y de datos al servicio de personas y organizaciones de diversos campos de actuaci\u00f3n, sustentado en est\u00e1ndares, manifiestos, buenas pr\u00e1cticas, modelos, metodolog\u00edas de administraci\u00f3n del ciclo de vida de los productos software y sus tecnolog\u00edas de implementaci\u00f3n adecuadas.<\/li><\/ul><p>Horario de Clases:<\/p><p>13:00 a 18:00<\/p><\/div>\n\t\t\t\t\t\t\t\t\t<div class=\"elementor-tab-title elementor-tab-mobile-title\" aria-selected=\"false\" data-tab=\"2\" role=\"tab\" tabindex=\"-1\" aria-controls=\"elementor-tab-content-1862\" aria-expanded=\"false\">Malla Curricular<\/div>\n\t\t\t\t\t<div id=\"elementor-tab-content-1862\" class=\"elementor-tab-content elementor-clearfix\" data-tab=\"2\" role=\"tabpanel\" aria-labelledby=\"elementor-tab-title-1862\" tabindex=\"0\" hidden=\"hidden\"><p><a href=\"https:\/\/carreras.uleam.edu.ec\/flavio-alfaro\/wp-content\/uploads\/sites\/84\/2023\/02\/ANEXO-1.-Malla-Curricular-Ingenieria-de-Software-1.pdf\" target=\"_blank\" rel=\"noopener\"><img loading=\"lazy\" decoding=\"async\" class=\"alignnone wp-image-43 size-large\" src=\"https:\/\/carreras.uleam.edu.ec\/flavio-alfaro\/wp-content\/uploads\/sites\/84\/2023\/02\/malla-software-1018x1024.png\" alt=\"\" width=\"1018\" height=\"1024\" srcset=\"https:\/\/carreras.uleam.edu.ec\/flavio-alfaro\/wp-content\/uploads\/sites\/84\/2023\/02\/malla-software-1018x1024.png 1018w, https:\/\/carreras.uleam.edu.ec\/flavio-alfaro\/wp-content\/uploads\/sites\/84\/2023\/02\/malla-software-298x300.png 298w, https:\/\/carreras.uleam.edu.ec\/flavio-alfaro\/wp-content\/uploads\/sites\/84\/2023\/02\/malla-software-150x150.png 150w, https:\/\/carreras.uleam.edu.ec\/flavio-alfaro\/wp-content\/uploads\/sites\/84\/2023\/02\/malla-software-768x773.png 768w, https:\/\/carreras.uleam.edu.ec\/flavio-alfaro\/wp-content\/uploads\/sites\/84\/2023\/02\/malla-software-1527x1536.png 1527w, https:\/\/carreras.uleam.edu.ec\/flavio-alfaro\/wp-content\/uploads\/sites\/84\/2023\/02\/malla-software-2036x2048.png 2036w, https:\/\/carreras.uleam.edu.ec\/flavio-alfaro\/wp-content\/uploads\/sites\/84\/2023\/02\/malla-software-100x100.png 100w\" sizes=\"auto, (max-width: 1018px) 100vw, 1018px\" \/><\/a><\/p><\/div>\n\t\t\t\t\t\t\t\t\t<div class=\"elementor-tab-title elementor-tab-mobile-title\" aria-selected=\"false\" data-tab=\"3\" role=\"tab\" tabindex=\"-1\" aria-controls=\"elementor-tab-content-1863\" aria-expanded=\"false\">Docentes<\/div>\n\t\t\t\t\t<div id=\"elementor-tab-content-1863\" class=\"elementor-tab-content elementor-clearfix\" data-tab=\"3\" role=\"tabpanel\" aria-labelledby=\"elementor-tab-title-1863\" tabindex=\"0\" hidden=\"hidden\"><\/div>\n\t\t\t\t\t\t\t\t\t<div class=\"elementor-tab-title elementor-tab-mobile-title\" aria-selected=\"false\" data-tab=\"4\" role=\"tab\" tabindex=\"-1\" aria-controls=\"elementor-tab-content-1864\" aria-expanded=\"false\">Datos Generales<\/div>\n\t\t\t\t\t<div id=\"elementor-tab-content-1864\" class=\"elementor-tab-content elementor-clearfix\" data-tab=\"4\" role=\"tabpanel\" aria-labelledby=\"elementor-tab-title-1864\" tabindex=\"0\" hidden=\"hidden\"><ul><li style=\"text-align: center\">Lic. Dalila Alc\u00edvar Cede\u00f1o, Mg.<\/li><li style=\"text-align: center\">COORDINADORA<\/li><li style=\"text-align: center\"><a href=\"mailto:monserrate.alcivar@uleam.edu.ec\">monserrate.alcivar@uleam.edu.ec<\/a><\/li><\/ul><hr \/><p style=\"text-align: center\">SECRETARIA<\/p><p style=\"text-align: center\">EMAIL<\/p><hr \/><p style=\"text-align: center\">Horarios de atenci\u00f3n:<\/p><p style=\"text-align: center\">08:00 \u2013 17:00<\/p><\/div>\n\t\t\t\t\t\t\t\t\t<div class=\"elementor-tab-title elementor-tab-mobile-title\" aria-selected=\"false\" data-tab=\"5\" role=\"tab\" tabindex=\"-1\" aria-controls=\"elementor-tab-content-1865\" aria-expanded=\"false\">Gesti\u00f3n y Proceso Estudiantil<\/div>\n\t\t\t\t\t<div id=\"elementor-tab-content-1865\" class=\"elementor-tab-content elementor-clearfix\" data-tab=\"5\" role=\"tabpanel\" aria-labelledby=\"elementor-tab-title-1865\" tabindex=\"0\" hidden=\"hidden\"><ul><li style=\"text-align: left\">\u21d2\u00a0Pr\u00e1cticas Pre-profesionales<\/li><li style=\"text-align: left\">\u21d2<a href=\"https:\/\/carreras.uleam.edu.ec\/flavio-alfaro\/wp-content\/uploads\/sites\/84\/2023\/05\/Extension-Chone-Comisiones-scaled.jpg\" target=\"_blank\" rel=\"noopener\"> Comisiones<\/a><\/li><li style=\"text-align: left\">\u21d2 <a href=\"https:\/\/departamentos.uleam.edu.ec\/gestion-aseguramiento-calidad\/2019\/04\/08\/matricula\/\">Matr\u00edcula<\/a><\/li><li style=\"text-align: left\">\u21d2 <a href=\"https:\/\/departamentos.uleam.edu.ec\/gestion-aseguramiento-calidad\/reingreso-de-estudiantes\/\">Reingreso de estudiantes<\/a><\/li><li style=\"text-align: left\">\u21d2 <a href=\"https:\/\/departamentos.uleam.edu.ec\/gestion-aseguramiento-calidad\/homologacion-de-estudios-por-analisis-comparativo-de-contenidos\/\">Homologaci\u00f3n de Estudios por An\u00e1lisis \u00a0Comparativo de Contenidos<\/a><\/li><\/ul><\/div>\n\t\t\t\t\t\t\t<\/div>\n\t\t<\/div>\n\t\t\t\t<\/div>\n\t\t\t\t<\/div>\n\t\t\t\t\t<\/div>\n\t\t<\/div>\n\t\t\t\t\t\t\t<\/div>\n\t\t<\/section>\n\t\t\t\t\t\t<\/div>\n\t\t\t\t\t<\/div>\n\t\t","protected":false},"excerpt":{"rendered":"<p>Descripci\u00f3n General de la Carrera Malla Curricular Docentes Datos Generales Gesti\u00f3n y Proceso Estudiantil Descripci\u00f3n General de la Carrera Nombre de la Carrera:\u00a0 \u00a0 \u00a0 \u00a0 \u00a0 \u00a0 \u00a0 \u00a0 \u00a0 \u00a0 \u00a0 Software T\u00edtulo que otorga:\u00a0 \u00a0 \u00a0 \u00a0 [&hellip;]<\/p>\n","protected":false},"author":7,"featured_media":0,"parent":0,"menu_order":0,"comment_status":"closed","ping_status":"closed","template":"","meta":{"_acf_changed":false,"footnotes":""},"class_list":["post-23","page","type-page","status-publish","hentry"],"acf":[],"_links":{"self":[{"href":"https:\/\/carreras.uleam.edu.ec\/flavio-alfaro\/wp-json\/wp\/v2\/pages\/23","targetHints":{"allow":["GET"]}}],"collection":[{"href":"https:\/\/carreras.uleam.edu.ec\/flavio-alfaro\/wp-json\/wp\/v2\/pages"}],"about":[{"href":"https:\/\/carreras.uleam.edu.ec\/flavio-alfaro\/wp-json\/wp\/v2\/types\/page"}],"author":[{"embeddable":true,"href":"https:\/\/carreras.uleam.edu.ec\/flavio-alfaro\/wp-json\/wp\/v2\/users\/7"}],"replies":[{"embeddable":true,"href":"https:\/\/carreras.uleam.edu.ec\/flavio-alfaro\/wp-json\/wp\/v2\/comments?post=23"}],"version-history":[{"count":24,"href":"https:\/\/carreras.uleam.edu.ec\/flavio-alfaro\/wp-json\/wp\/v2\/pages\/23\/revisions"}],"predecessor-version":[{"id":140,"href":"https:\/\/carreras.uleam.edu.ec\/flavio-alfaro\/wp-json\/wp\/v2\/pages\/23\/revisions\/140"}],"wp:attachment":[{"href":"https:\/\/carreras.uleam.edu.ec\/flavio-alfaro\/wp-json\/wp\/v2\/media?parent=23"}],"curies":[{"name":"wp","href":"https:\/\/api.w.org\/{rel}","templated":true}]}}