{"id":30,"date":"2023-01-05T11:06:37","date_gmt":"2023-01-05T16:06:37","guid":{"rendered":"https:\/\/carreras.uleam.edu.ec\/santo-domingo\/?page_id=30"},"modified":"2025-03-14T16:41:00","modified_gmt":"2025-03-14T21:41:00","slug":"carrera-arquitectura-santo-domingo","status":"publish","type":"page","link":"https:\/\/carreras.uleam.edu.ec\/santo-domingo\/carrera-arquitectura-santo-domingo\/","title":{"rendered":"Carrera Arquitectura"},"content":{"rendered":"\t\t<div data-elementor-type=\"wp-page\" data-elementor-id=\"30\" class=\"elementor elementor-30\" data-elementor-settings=\"[]\">\n\t\t\t\t\t\t\t<div class=\"elementor-section-wrap\">\n\t\t\t\t\t\t\t<section class=\"elementor-section elementor-top-section elementor-element elementor-element-5d0b07a elementor-section-boxed elementor-section-height-default elementor-section-height-default\" data-id=\"5d0b07a\" data-element_type=\"section\">\n\t\t\t\t\t\t<div class=\"elementor-container elementor-column-gap-default\">\n\t\t\t\t\t<div class=\"elementor-column elementor-col-100 elementor-top-column elementor-element elementor-element-42b1c35\" data-id=\"42b1c35\" data-element_type=\"column\">\n\t\t\t<div class=\"elementor-widget-wrap elementor-element-populated\">\n\t\t\t\t\t\t\t\t<div class=\"elementor-element elementor-element-14b63c4 elementor-tabs-view-horizontal elementor-widget elementor-widget-tabs\" data-id=\"14b63c4\" data-element_type=\"widget\" data-widget_type=\"tabs.default\">\n\t\t\t\t<div class=\"elementor-widget-container\">\n\t\t\t\t\t<div class=\"elementor-tabs\">\n\t\t\t<div class=\"elementor-tabs-wrapper\" role=\"tablist\" >\n\t\t\t\t\t\t\t\t\t<div id=\"elementor-tab-title-2171\" class=\"elementor-tab-title elementor-tab-desktop-title\" aria-selected=\"true\" data-tab=\"1\" role=\"tab\" tabindex=\"0\" aria-controls=\"elementor-tab-content-2171\" aria-expanded=\"false\">Descripci\u00f3n General de la Carrera<\/div>\n\t\t\t\t\t\t\t\t\t<div id=\"elementor-tab-title-2172\" class=\"elementor-tab-title elementor-tab-desktop-title\" aria-selected=\"false\" data-tab=\"2\" role=\"tab\" tabindex=\"-1\" aria-controls=\"elementor-tab-content-2172\" aria-expanded=\"false\">Malla Curricular<\/div>\n\t\t\t\t\t\t\t\t\t<div id=\"elementor-tab-title-2173\" class=\"elementor-tab-title elementor-tab-desktop-title\" aria-selected=\"false\" data-tab=\"3\" role=\"tab\" tabindex=\"-1\" aria-controls=\"elementor-tab-content-2173\" aria-expanded=\"false\">Docentes<\/div>\n\t\t\t\t\t\t\t\t\t<div id=\"elementor-tab-title-2174\" class=\"elementor-tab-title elementor-tab-desktop-title\" aria-selected=\"false\" data-tab=\"4\" role=\"tab\" tabindex=\"-1\" aria-controls=\"elementor-tab-content-2174\" aria-expanded=\"false\">Datos Generales<\/div>\n\t\t\t\t\t\t\t\t\t<div id=\"elementor-tab-title-2175\" class=\"elementor-tab-title elementor-tab-desktop-title\" aria-selected=\"false\" data-tab=\"5\" role=\"tab\" tabindex=\"-1\" aria-controls=\"elementor-tab-content-2175\" aria-expanded=\"false\">Gesti\u00f3n y Proceso Estudiantil<\/div>\n\t\t\t\t\t\t\t<\/div>\n\t\t\t<div class=\"elementor-tabs-content-wrapper\" role=\"tablist\" aria-orientation=\"vertical\">\n\t\t\t\t\t\t\t\t\t<div class=\"elementor-tab-title elementor-tab-mobile-title\" aria-selected=\"true\" data-tab=\"1\" role=\"tab\" tabindex=\"0\" aria-controls=\"elementor-tab-content-2171\" aria-expanded=\"false\">Descripci\u00f3n General de la Carrera<\/div>\n\t\t\t\t\t<div id=\"elementor-tab-content-2171\" class=\"elementor-tab-content elementor-clearfix\" data-tab=\"1\" role=\"tabpanel\" aria-labelledby=\"elementor-tab-title-2171\" tabindex=\"0\" hidden=\"false\"><p>Nombre de la Carrera: Arquitectura<\/p><p>T\u00edtulo que otorga: Arquitecto\/a<\/p><p>Modalidad de aprendizaje: Presencial<\/p><p>N\u00famero de periodos ordinarios: 10<\/p><p>Objetivo general:<\/p><ul><li>La carrera de Arquitectura tiene por objetivo formar arquitectos\u00a0 creativos, emprendedores, competentes y humanistas, mediante el desarrollo de conocimientos, habilidades y destrezas en arquitectura y urbanismo, con valores \u00e9ticos, identificados con el desarrollo sostenible para resolver problemas y necesidades espaciales con \u00e9nfasis en h\u00e1bitat, innovaci\u00f3n, transferencia tecnol\u00f3gica, ambiente y patrimonio que contribuyan al fortaleciendo de la identidad cultural y mejoramiento de la calidad de vida de la poblaci\u00f3n presente y futura bajo un enfoque bioc\u00e9ntrico.<\/li><\/ul><p>Perfil de ingreso:<\/p><ul><li>El estudiante que ingresa a la carrera de arquitectura debe poseer el siguiente perfil que le permitir\u00e1 adaptarse de forma r\u00e1pida al proceso de aprendizaje de la misma:<\/li><li>\u2013 Capacidad de lectura comprensiva<\/li><li>\u2013 Capacidad de razonamiento l\u00f3gico<\/li><li>\u2013 Capacidad de expresi\u00f3n oral y escrita<\/li><li>\u2013 Capacidad de an\u00e1lisis y s\u00edntesis<\/li><li>\u2013 Capacidad para generar nuevas ideas<\/li><li>\u2013 Capacidad cr\u00edtica y autocr\u00edtica<\/li><li>\u2013 Vocaci\u00f3n art\u00edstica y aptitud de expresi\u00f3n conceptual y gr\u00e1fica<\/li><li>\u2013 Habilidades interpersonales y sensibilidad social<\/li><li>\u2013 Actitud de respeto y compromiso con los valores humanos, sociales, culturales, patrimoniales y urbanos.<\/li><li>\u2013 Apreciaci\u00f3n y respeto por la diversidad y la multiculturalidad<\/li><li>\u2013 Compromiso y respeto por el ambiente<\/li><li>\u2013 Habilidad en el manejo de las Tic\u2019s<\/li><li>\u2013 Capacidad de integrar y liderar grupos de trabajo interdisciplinarios<\/li><\/ul><p>Requisitos de ingreso:<\/p><ul><li>Puntaje acreditado del examen transformar del Senescyt.<\/li><\/ul><p>Requisitos de graduacio\u0301n:<\/p><ul><li>Haber aprobado las 7200 horas de la malla curricular vigente y obtener la suficiencia del idioma ingl\u00e9s del instituto de idiomas de la Uleam.<\/li><\/ul><p>Modalidades de titulacio\u0301n:<\/p><ul><li>\u2013 Examen complexivo,<\/li><li>\u2013 Proyecto de investigaci\u00f3n y<\/li><li>\u2013 Proyecto integrador.<\/li><\/ul><p>Campo Ocupacional:<\/p><ul><li>\u2013 Dise\u00f1o Urbano.<\/li><li>\u2013 Planificaci\u00f3n Territorial.<\/li><li>\u2013 Administraci\u00f3n de empresas constructoras.<\/li><li style=\"text-align: left\">\u2013 Investigaci\u00f3n arquitect\u00f3nica, urbana y regional.<\/li><\/ul><\/div>\n\t\t\t\t\t\t\t\t\t<div class=\"elementor-tab-title elementor-tab-mobile-title\" aria-selected=\"false\" data-tab=\"2\" role=\"tab\" tabindex=\"-1\" aria-controls=\"elementor-tab-content-2172\" aria-expanded=\"false\">Malla Curricular<\/div>\n\t\t\t\t\t<div id=\"elementor-tab-content-2172\" class=\"elementor-tab-content elementor-clearfix\" data-tab=\"2\" role=\"tabpanel\" aria-labelledby=\"elementor-tab-title-2172\" tabindex=\"0\" hidden=\"hidden\"><p><a href=\"https:\/\/carreras.uleam.edu.ec\/santo-domingo\/wp-content\/uploads\/sites\/83\/2024\/09\/Malla-Ajuste-Curricular-Definitivo-Arquitectura-2024.pdf\" target=\"_blank\" rel=\"noopener\"><img loading=\"lazy\" decoding=\"async\" class=\"alignnone wp-image-192 size-large\" src=\"https:\/\/carreras.uleam.edu.ec\/santo-domingo\/wp-content\/uploads\/sites\/83\/2024\/09\/MALLA-ARQUITECTURA-SANTO-DOMINGO-1024x555.png\" alt=\"\" width=\"1024\" height=\"555\" srcset=\"https:\/\/carreras.uleam.edu.ec\/santo-domingo\/wp-content\/uploads\/sites\/83\/2024\/09\/MALLA-ARQUITECTURA-SANTO-DOMINGO-1024x555.png 1024w, https:\/\/carreras.uleam.edu.ec\/santo-domingo\/wp-content\/uploads\/sites\/83\/2024\/09\/MALLA-ARQUITECTURA-SANTO-DOMINGO-300x163.png 300w, https:\/\/carreras.uleam.edu.ec\/santo-domingo\/wp-content\/uploads\/sites\/83\/2024\/09\/MALLA-ARQUITECTURA-SANTO-DOMINGO-768x417.png 768w, https:\/\/carreras.uleam.edu.ec\/santo-domingo\/wp-content\/uploads\/sites\/83\/2024\/09\/MALLA-ARQUITECTURA-SANTO-DOMINGO-1536x833.png 1536w, https:\/\/carreras.uleam.edu.ec\/santo-domingo\/wp-content\/uploads\/sites\/83\/2024\/09\/MALLA-ARQUITECTURA-SANTO-DOMINGO-2048x1111.png 2048w\" sizes=\"auto, (max-width: 1024px) 100vw, 1024px\" \/><\/a><\/p><\/div>\n\t\t\t\t\t\t\t\t\t<div class=\"elementor-tab-title elementor-tab-mobile-title\" aria-selected=\"false\" data-tab=\"3\" role=\"tab\" tabindex=\"-1\" aria-controls=\"elementor-tab-content-2173\" aria-expanded=\"false\">Docentes<\/div>\n\t\t\t\t\t<div id=\"elementor-tab-content-2173\" class=\"elementor-tab-content elementor-clearfix\" data-tab=\"3\" role=\"tabpanel\" aria-labelledby=\"elementor-tab-title-2173\" tabindex=\"0\" hidden=\"hidden\"><\/div>\n\t\t\t\t\t\t\t\t\t<div class=\"elementor-tab-title elementor-tab-mobile-title\" aria-selected=\"false\" data-tab=\"4\" role=\"tab\" tabindex=\"-1\" aria-controls=\"elementor-tab-content-2174\" aria-expanded=\"false\">Datos Generales<\/div>\n\t\t\t\t\t<div id=\"elementor-tab-content-2174\" class=\"elementor-tab-content elementor-clearfix\" data-tab=\"4\" role=\"tabpanel\" aria-labelledby=\"elementor-tab-title-2174\" tabindex=\"0\" hidden=\"hidden\"><ul><li style=\"text-align: center\">Ing. Gina Loor Moreira<\/li><li style=\"text-align: center\">DIRECTORA DE SEDE<\/li><li style=\"text-align: center\"><a href=\"mailto:gina.loor@uleam.edu.ec\">gina.loor@uleam.edu.ec<\/a><\/li><\/ul><hr \/><ul><li style=\"text-align: center\">HORARIO DE ATENCI\u00d3N<\/li><li style=\"text-align: center\">08:00 \u2013 17:00<\/li><\/ul><\/div>\n\t\t\t\t\t\t\t\t\t<div class=\"elementor-tab-title elementor-tab-mobile-title\" aria-selected=\"false\" data-tab=\"5\" role=\"tab\" tabindex=\"-1\" aria-controls=\"elementor-tab-content-2175\" aria-expanded=\"false\">Gesti\u00f3n y Proceso Estudiantil<\/div>\n\t\t\t\t\t<div id=\"elementor-tab-content-2175\" class=\"elementor-tab-content elementor-clearfix\" data-tab=\"5\" role=\"tabpanel\" aria-labelledby=\"elementor-tab-title-2175\" tabindex=\"0\" hidden=\"hidden\"><ul><li>\u21d2\u00a0Pr\u00e1cticas Pre-profesionales<\/li><li>\u21d2 <a href=\"https:\/\/departamentos.uleam.edu.ec\/gestion-aseguramiento-calidad\/2019\/04\/08\/matricula\/\">Matr\u00edcula<\/a><\/li><li>\u21d2 <a href=\"https:\/\/departamentos.uleam.edu.ec\/gestion-aseguramiento-calidad\/reingreso-de-estudiantes\/\">Reingreso de estudiantes<\/a><\/li><li>\u21d2 <a href=\"https:\/\/departamentos.uleam.edu.ec\/gestion-aseguramiento-calidad\/homologacion-de-estudios-por-analisis-comparativo-de-contenidos\/\">Homologaci\u00f3n de Estudios por An\u00e1lisis Comparativo de Contenidos<\/a><\/li><\/ul><\/div>\n\t\t\t\t\t\t\t<\/div>\n\t\t<\/div>\n\t\t\t\t<\/div>\n\t\t\t\t<\/div>\n\t\t\t\t\t<\/div>\n\t\t<\/div>\n\t\t\t\t\t\t\t<\/div>\n\t\t<\/section>\n\t\t\t\t\t\t<\/div>\n\t\t\t\t\t<\/div>\n\t\t","protected":false},"excerpt":{"rendered":"<p>Descripci\u00f3n General de la Carrera Malla Curricular Docentes Datos Generales Gesti\u00f3n y Proceso Estudiantil Descripci\u00f3n General de la Carrera Nombre de la Carrera: Arquitectura T\u00edtulo que otorga: Arquitecto\/a Modalidad de aprendizaje: Presencial N\u00famero de periodos ordinarios: 10 Objetivo general: La [&hellip;]<\/p>\n","protected":false},"author":7,"featured_media":0,"parent":0,"menu_order":0,"comment_status":"closed","ping_status":"closed","template":"","meta":{"_acf_changed":false,"footnotes":""},"class_list":["post-30","page","type-page","status-publish","hentry"],"acf":[],"_links":{"self":[{"href":"https:\/\/carreras.uleam.edu.ec\/santo-domingo\/wp-json\/wp\/v2\/pages\/30","targetHints":{"allow":["GET"]}}],"collection":[{"href":"https:\/\/carreras.uleam.edu.ec\/santo-domingo\/wp-json\/wp\/v2\/pages"}],"about":[{"href":"https:\/\/carreras.uleam.edu.ec\/santo-domingo\/wp-json\/wp\/v2\/types\/page"}],"author":[{"embeddable":true,"href":"https:\/\/carreras.uleam.edu.ec\/santo-domingo\/wp-json\/wp\/v2\/users\/7"}],"replies":[{"embeddable":true,"href":"https:\/\/carreras.uleam.edu.ec\/santo-domingo\/wp-json\/wp\/v2\/comments?post=30"}],"version-history":[{"count":26,"href":"https:\/\/carreras.uleam.edu.ec\/santo-domingo\/wp-json\/wp\/v2\/pages\/30\/revisions"}],"predecessor-version":[{"id":220,"href":"https:\/\/carreras.uleam.edu.ec\/santo-domingo\/wp-json\/wp\/v2\/pages\/30\/revisions\/220"}],"wp:attachment":[{"href":"https:\/\/carreras.uleam.edu.ec\/santo-domingo\/wp-json\/wp\/v2\/media?parent=30"}],"curies":[{"name":"wp","href":"https:\/\/api.w.org\/{rel}","templated":true}]}}