{"id":31,"date":"2023-01-05T11:07:01","date_gmt":"2023-01-05T16:07:01","guid":{"rendered":"https:\/\/carreras.uleam.edu.ec\/santo-domingo\/?page_id=31"},"modified":"2025-03-14T16:57:46","modified_gmt":"2025-03-14T21:57:46","slug":"carrera-ingenieria-civil-santo-domingo","status":"publish","type":"page","link":"https:\/\/carreras.uleam.edu.ec\/santo-domingo\/carrera-ingenieria-civil-santo-domingo\/","title":{"rendered":"Carrera Ingenier\u00eda civil"},"content":{"rendered":"\t\t<div data-elementor-type=\"wp-page\" data-elementor-id=\"31\" class=\"elementor elementor-31\" data-elementor-settings=\"[]\">\n\t\t\t\t\t\t\t<div class=\"elementor-section-wrap\">\n\t\t\t\t\t\t\t<section class=\"elementor-section elementor-top-section elementor-element elementor-element-517b78d elementor-section-boxed elementor-section-height-default elementor-section-height-default\" data-id=\"517b78d\" data-element_type=\"section\">\n\t\t\t\t\t\t<div class=\"elementor-container elementor-column-gap-default\">\n\t\t\t\t\t<div class=\"elementor-column elementor-col-100 elementor-top-column elementor-element elementor-element-6ef2c4e\" data-id=\"6ef2c4e\" data-element_type=\"column\">\n\t\t\t<div class=\"elementor-widget-wrap elementor-element-populated\">\n\t\t\t\t\t\t\t\t<div class=\"elementor-element elementor-element-535af83 elementor-tabs-view-horizontal elementor-widget elementor-widget-tabs\" data-id=\"535af83\" data-element_type=\"widget\" data-widget_type=\"tabs.default\">\n\t\t\t\t<div class=\"elementor-widget-container\">\n\t\t\t\t\t<div class=\"elementor-tabs\">\n\t\t\t<div class=\"elementor-tabs-wrapper\" role=\"tablist\" >\n\t\t\t\t\t\t\t\t\t<div id=\"elementor-tab-title-8741\" class=\"elementor-tab-title elementor-tab-desktop-title\" aria-selected=\"true\" data-tab=\"1\" role=\"tab\" tabindex=\"0\" aria-controls=\"elementor-tab-content-8741\" aria-expanded=\"false\">Descripci\u00f3n General de la Carrera<\/div>\n\t\t\t\t\t\t\t\t\t<div id=\"elementor-tab-title-8742\" class=\"elementor-tab-title elementor-tab-desktop-title\" aria-selected=\"false\" data-tab=\"2\" role=\"tab\" tabindex=\"-1\" aria-controls=\"elementor-tab-content-8742\" aria-expanded=\"false\">Malla Curricular<\/div>\n\t\t\t\t\t\t\t\t\t<div id=\"elementor-tab-title-8743\" class=\"elementor-tab-title elementor-tab-desktop-title\" aria-selected=\"false\" data-tab=\"3\" role=\"tab\" tabindex=\"-1\" aria-controls=\"elementor-tab-content-8743\" aria-expanded=\"false\">Docentes<\/div>\n\t\t\t\t\t\t\t\t\t<div id=\"elementor-tab-title-8744\" class=\"elementor-tab-title elementor-tab-desktop-title\" aria-selected=\"false\" data-tab=\"4\" role=\"tab\" tabindex=\"-1\" aria-controls=\"elementor-tab-content-8744\" aria-expanded=\"false\">Datos Generales<\/div>\n\t\t\t\t\t\t\t\t\t<div id=\"elementor-tab-title-8745\" class=\"elementor-tab-title elementor-tab-desktop-title\" aria-selected=\"false\" data-tab=\"5\" role=\"tab\" tabindex=\"-1\" aria-controls=\"elementor-tab-content-8745\" aria-expanded=\"false\">Gesti\u00f3n y Proceso Estudiantil<\/div>\n\t\t\t\t\t\t\t<\/div>\n\t\t\t<div class=\"elementor-tabs-content-wrapper\" role=\"tablist\" aria-orientation=\"vertical\">\n\t\t\t\t\t\t\t\t\t<div class=\"elementor-tab-title elementor-tab-mobile-title\" aria-selected=\"true\" data-tab=\"1\" role=\"tab\" tabindex=\"0\" aria-controls=\"elementor-tab-content-8741\" aria-expanded=\"false\">Descripci\u00f3n General de la Carrera<\/div>\n\t\t\t\t\t<div id=\"elementor-tab-content-8741\" class=\"elementor-tab-content elementor-clearfix\" data-tab=\"1\" role=\"tabpanel\" aria-labelledby=\"elementor-tab-title-8741\" tabindex=\"0\" hidden=\"false\"><p>NOMBRE DE LA CARRERA:\u00a0 \u00a0 \u00a0 \u00a0 \u00a0 \u00a0 \u00a0 \u00a0 \u00a0 \u00a0 \u00a0 \u00a0Ingenier\u00eda Civil<\/p><p>TITULO QUE OTORGA:\u00a0 \u00a0 \u00a0 \u00a0 \u00a0 \u00a0 \u00a0 \u00a0 \u00a0 \u00a0 \u00a0 \u00a0 \u00a0 \u00a0 \u00a0 \u00a0Ingeniero\/a Civil<\/p><p>MODALIDAD DE APRENDIZAJE:\u00a0 \u00a0 \u00a0 \u00a0\u00a0 \u00a0 \u00a0 \u00a0Presencial \u00a0\u00a0\u00a0\u00a0\u00a0\u00a0\u00a0\u00a0\u00a0\u00a0\u00a0\u00a0\u00a0<\/p><p>NUMERO DE PERIODOS ORDINARIOS:\u00a0 9<\/p><p>OBJETIVO GENERAL:<\/p><p style=\"padding-left: 40px\">Formar profesionales con alto conocimiento en dise\u00f1o estructural y los procesos\u00a0constructivos de obras civiles para la integraci\u00f3n de las normas t\u00e9cnicas y ambientales\u00a0en todos estos procesos desde una visi\u00f3n paradigm\u00e1tica de la construcci\u00f3n con el fin\u00a0de aportar a la transformaci\u00f3n de la vivienda e infraestructura social, industrial y\u00a0productiva como derecho del ciudadano, con la aplicaci\u00f3n de las nuevas visiones del\u00a0dise\u00f1o, los materiales y las tecnolog\u00edas para la construcci\u00f3n.<\/p><p>PERFIL DE INGRESO:\u00a0<\/p><p>El aspirante a esta carrera deber\u00e1 caracterizarse por tener:<\/p><ul><li>Pensar rigurosamente<\/li><li>Razonar num\u00e9ricamente<\/li><li>Aprender por el resto de su vida<\/li><li>Utilizar herramientas tecnol\u00f3gicas reflexiva y pragm\u00e1ticamente<\/li><li>Comprender su realidad natural<\/li><li>Cuidar de su salud y bienestar personal<\/li><\/ul><p>Estas habilidades se eval\u00faan a trav\u00e9s del Sistema Nacional de Nivelaci\u00f3n y Admisi\u00f3n\u00a0en el examen integrado Ser Bachiller o el mecanismo que a futuro se considere para\u00a0el proceso.<\/p><p>REQUISITOS DE INGRESO:<\/p><ul><li>POSEER TITULO DE BACHILLER O SU EQUIVALENTE DEBIDAMENTE RECONOCIDO POR EL MINISTERIO DE EDUCACI\u00d3N.<\/li><li>HABER CUMPLIDO CON LOS REQUISITOS NORMADOS POR EL SISTEMA DE NIVELACION Y ADMISION, EL MISMO QUE OBSERVARA LOS PRINCIPIOS DE IGUALDAD DE OPORTUNIDADES, MERITO Y CAPACIDAD.<\/li><li>CUMPLIR CON LA ENTREGA DE DOCUMENTACION PERSONAL Y HABILITANTE EN SECRETARIA GENERAL.<\/li><li>EN CASOS ESPECIALES, CERTIFICADOS DE RECONOCIMIENTO Y HOMOLOGACI\u00d3N DE ESTUDIOS DE OTRAS IES DE CONFORMIDAD CON EL ART. 63 Y 64 DEL REGLAMENTO DE REGIMEN ACADEMICO.<\/li><\/ul><p>REQUISITOS DE GRADUACION:<\/p><ul><li>HABER APROBADO LA MALLA CURRICULAR INCLUYENDO LAS PRACTICAS PREPROFESIONALES Y VINCULACION CON LA COLECTIVIDAD.<\/li><li>HABER APROBADO UNA MODALIDAD DE TITULACION DENTRO DE LO ESTABLECIDO EN LAS NORMAS INSTITUCIONALES.<\/li><li>ACREDITAR SUFICIENCIA EN LA COMPETENCIA COMUNICATIVA A NIVEL B2 -MCER. (VER JUSTIFICATIVO DE CURSO DE INGLES EN LA ULEAM).<\/li><\/ul><p>MODALIDADES DE TITULACION:<\/p><ul><li>PROYECTOS DE INVESTIGACION<\/li><li>PROYECTOS T\u00c9CNICOS<\/li><\/ul><p>CAMPO OCUPACIONAL:<\/p><p style=\"padding-left: 40px\">La Ingenier\u00eda Civil tiene importancia vital en el desarrollo social y econ\u00f3mico del Ecuador, pues se ha desarrollado con el esfuerzo de muchos profesionales a trav\u00e9s de varias d\u00e9cadas. De este modo ha logrado evolucionar a un pa\u00eds, desde un punto en el que las obras se realizaban con tecnolog\u00eda e ingenieros extranjeros, hacia un estado en el cual, pr\u00e1cticamente todas las obras de importancia y trascendencia nacional son el resultado del trabajo y esfuerzo de profesionales en ingenier\u00eda civil que han sido formados en el Ecuador.<\/p><p>El ingeniero civil puede laborar en:<\/p><ul><li>Empresas P\u00fablicas: Gobiernos Aut\u00f3nomos Descentralizados (GAD\u2019s) Municipales, Constructoras, Ministerio de Transporte y Obras P\u00fablicas, Universidades, Empresas de Ventas de materiales de obras civiles.<\/li><li>Empresas Privadas: Empresas constructoras en general, empresas consultoras, organismos no gubernamentales (ONG), universidades privadas, convenios internacionales, etc).<\/li><\/ul><\/div>\n\t\t\t\t\t\t\t\t\t<div class=\"elementor-tab-title elementor-tab-mobile-title\" aria-selected=\"false\" data-tab=\"2\" role=\"tab\" tabindex=\"-1\" aria-controls=\"elementor-tab-content-8742\" aria-expanded=\"false\">Malla Curricular<\/div>\n\t\t\t\t\t<div id=\"elementor-tab-content-8742\" class=\"elementor-tab-content elementor-clearfix\" data-tab=\"2\" role=\"tabpanel\" aria-labelledby=\"elementor-tab-title-8742\" tabindex=\"0\" hidden=\"hidden\"><p><a href=\"https:\/\/carreras.uleam.edu.ec\/santo-domingo\/wp-content\/uploads\/sites\/83\/2024\/09\/Malla-Nueve-periodos-Ingenieria-Civil-2024-1.pdf\" target=\"_blank\" rel=\"noopener\"><img loading=\"lazy\" decoding=\"async\" class=\"alignnone wp-image-193 size-large\" src=\"https:\/\/carreras.uleam.edu.ec\/santo-domingo\/wp-content\/uploads\/sites\/83\/2024\/09\/MALLA-CIVIL-SANTO-DOMINGO-1024x716.png\" alt=\"\" width=\"1024\" height=\"716\" srcset=\"https:\/\/carreras.uleam.edu.ec\/santo-domingo\/wp-content\/uploads\/sites\/83\/2024\/09\/MALLA-CIVIL-SANTO-DOMINGO-1024x716.png 1024w, https:\/\/carreras.uleam.edu.ec\/santo-domingo\/wp-content\/uploads\/sites\/83\/2024\/09\/MALLA-CIVIL-SANTO-DOMINGO-300x210.png 300w, https:\/\/carreras.uleam.edu.ec\/santo-domingo\/wp-content\/uploads\/sites\/83\/2024\/09\/MALLA-CIVIL-SANTO-DOMINGO-768x537.png 768w, https:\/\/carreras.uleam.edu.ec\/santo-domingo\/wp-content\/uploads\/sites\/83\/2024\/09\/MALLA-CIVIL-SANTO-DOMINGO-1536x1074.png 1536w, https:\/\/carreras.uleam.edu.ec\/santo-domingo\/wp-content\/uploads\/sites\/83\/2024\/09\/MALLA-CIVIL-SANTO-DOMINGO-2048x1432.png 2048w\" sizes=\"auto, (max-width: 1024px) 100vw, 1024px\" \/><\/a><\/p><\/div>\n\t\t\t\t\t\t\t\t\t<div class=\"elementor-tab-title elementor-tab-mobile-title\" aria-selected=\"false\" data-tab=\"3\" role=\"tab\" tabindex=\"-1\" aria-controls=\"elementor-tab-content-8743\" aria-expanded=\"false\">Docentes<\/div>\n\t\t\t\t\t<div id=\"elementor-tab-content-8743\" class=\"elementor-tab-content elementor-clearfix\" data-tab=\"3\" role=\"tabpanel\" aria-labelledby=\"elementor-tab-title-8743\" tabindex=\"0\" hidden=\"hidden\"><\/div>\n\t\t\t\t\t\t\t\t\t<div class=\"elementor-tab-title elementor-tab-mobile-title\" aria-selected=\"false\" data-tab=\"4\" role=\"tab\" tabindex=\"-1\" aria-controls=\"elementor-tab-content-8744\" aria-expanded=\"false\">Datos Generales<\/div>\n\t\t\t\t\t<div id=\"elementor-tab-content-8744\" class=\"elementor-tab-content elementor-clearfix\" data-tab=\"4\" role=\"tabpanel\" aria-labelledby=\"elementor-tab-title-8744\" tabindex=\"0\" hidden=\"hidden\"><ul style=\"text-align: center\"><li>Ing. Gina Loor Moreira<\/li><li>DIRECTORA DE SEDE<\/li><li><a href=\"mailto:gina.loor@uleam.edu.ec\">gina.loor@uleam.edu.ec<\/a><\/li><\/ul><hr \/><ul><li style=\"text-align: center\">HORARIO DE ATENCI\u00d3N<\/li><li style=\"text-align: center\">08:00 \u2013 17:00<\/li><\/ul><\/div>\n\t\t\t\t\t\t\t\t\t<div class=\"elementor-tab-title elementor-tab-mobile-title\" aria-selected=\"false\" data-tab=\"5\" role=\"tab\" tabindex=\"-1\" aria-controls=\"elementor-tab-content-8745\" aria-expanded=\"false\">Gesti\u00f3n y Proceso Estudiantil<\/div>\n\t\t\t\t\t<div id=\"elementor-tab-content-8745\" class=\"elementor-tab-content elementor-clearfix\" data-tab=\"5\" role=\"tabpanel\" aria-labelledby=\"elementor-tab-title-8745\" tabindex=\"0\" hidden=\"hidden\"><ul><li>\u21d2\u00a0Pr\u00e1cticas Pre-profesionales<\/li><li>\u21d2 <a href=\"https:\/\/departamentos.uleam.edu.ec\/gestion-aseguramiento-calidad\/2019\/04\/08\/matricula\/\">Matr\u00edcula<\/a><\/li><li>\u21d2 <a href=\"https:\/\/departamentos.uleam.edu.ec\/gestion-aseguramiento-calidad\/reingreso-de-estudiantes\/\">Reingreso de estudiantes<\/a><\/li><li>\u21d2 <a href=\"https:\/\/departamentos.uleam.edu.ec\/gestion-aseguramiento-calidad\/homologacion-de-estudios-por-analisis-comparativo-de-contenidos\/\">Homologaci\u00f3n de Estudios por An\u00e1lisis Comparativo de Contenidos<\/a><\/li><\/ul><\/div>\n\t\t\t\t\t\t\t<\/div>\n\t\t<\/div>\n\t\t\t\t<\/div>\n\t\t\t\t<\/div>\n\t\t\t\t\t<\/div>\n\t\t<\/div>\n\t\t\t\t\t\t\t<\/div>\n\t\t<\/section>\n\t\t\t\t\t\t<\/div>\n\t\t\t\t\t<\/div>\n\t\t","protected":false},"excerpt":{"rendered":"<p>Descripci\u00f3n General de la Carrera Malla Curricular Docentes Datos Generales Gesti\u00f3n y Proceso Estudiantil Descripci\u00f3n General de la Carrera NOMBRE DE LA CARRERA:\u00a0 \u00a0 \u00a0 \u00a0 \u00a0 \u00a0 \u00a0 \u00a0 \u00a0 \u00a0 \u00a0 \u00a0Ingenier\u00eda Civil TITULO QUE OTORGA:\u00a0 \u00a0 \u00a0 [&hellip;]<\/p>\n","protected":false},"author":7,"featured_media":0,"parent":0,"menu_order":0,"comment_status":"closed","ping_status":"closed","template":"","meta":{"_acf_changed":false,"footnotes":""},"class_list":["post-31","page","type-page","status-publish","hentry"],"acf":[],"_links":{"self":[{"href":"https:\/\/carreras.uleam.edu.ec\/santo-domingo\/wp-json\/wp\/v2\/pages\/31","targetHints":{"allow":["GET"]}}],"collection":[{"href":"https:\/\/carreras.uleam.edu.ec\/santo-domingo\/wp-json\/wp\/v2\/pages"}],"about":[{"href":"https:\/\/carreras.uleam.edu.ec\/santo-domingo\/wp-json\/wp\/v2\/types\/page"}],"author":[{"embeddable":true,"href":"https:\/\/carreras.uleam.edu.ec\/santo-domingo\/wp-json\/wp\/v2\/users\/7"}],"replies":[{"embeddable":true,"href":"https:\/\/carreras.uleam.edu.ec\/santo-domingo\/wp-json\/wp\/v2\/comments?post=31"}],"version-history":[{"count":35,"href":"https:\/\/carreras.uleam.edu.ec\/santo-domingo\/wp-json\/wp\/v2\/pages\/31\/revisions"}],"predecessor-version":[{"id":222,"href":"https:\/\/carreras.uleam.edu.ec\/santo-domingo\/wp-json\/wp\/v2\/pages\/31\/revisions\/222"}],"wp:attachment":[{"href":"https:\/\/carreras.uleam.edu.ec\/santo-domingo\/wp-json\/wp\/v2\/media?parent=31"}],"curies":[{"name":"wp","href":"https:\/\/api.w.org\/{rel}","templated":true}]}}